{"id":13653,"date":"2023-02-12T09:30:58","date_gmt":"2023-02-12T08:30:58","guid":{"rendered":"https:\/\/whysoseriousstore.com\/?page_id=13653"},"modified":"2026-04-07T21:21:56","modified_gmt":"2026-04-07T19:21:56","slug":"zwroty-i-reklamacje","status":"publish","type":"page","link":"https:\/\/whysoseriousstore.com\/eng\/zwroty-i-reklamacje\/","title":{"rendered":"Returns and complaints"},"content":{"rendered":"<div data-elementor-type=\"wp-page\" data-elementor-id=\"13653\" class=\"elementor elementor-13653\" data-elementor-post-type=\"page\">\n\t\t\t\t\t\t<section class=\"elementor-section elementor-top-section elementor-element elementor-element-970f9e0 elementor-section-boxed elementor-section-height-default elementor-section-height-default\" data-id=\"970f9e0\" data-element_type=\"section\">\n\t\t\t\t\t\t<div class=\"elementor-container elementor-column-gap-default\">\n\t\t\t\t\t<div class=\"elementor-column elementor-col-100 elementor-top-column elementor-element elementor-element-733b60e\" data-id=\"733b60e\" data-element_type=\"column\">\n\t\t\t<div class=\"elementor-widget-wrap elementor-element-populated\">\n\t\t\t\t\t\t<div class=\"elementor-element elementor-element-2df12f6 elementor-widget elementor-widget-text-editor\" data-id=\"2df12f6\" data-element_type=\"widget\" data-widget_type=\"text-editor.default\">\n\t\t\t\t<div class=\"elementor-widget-container\">\n\t\t\t\t\t\t\t\t\t<p><b>Do you want to make an exchange?\u00a0<\/b><\/p><p>Contact us: <a href=\"mailto:office@whysoseriousstore.com\">office@whysoseriousstore.com<\/a> . If the desired size\/colour is available in the online shop, there will be no problem with an exchange.<\/p><p style=\"text-align: justify;\"><b>Want to return an unwanted product?<\/b><\/p><p style=\"text-align: justify;\">No problem! As long as the item is in its original condition and you have proof of purchase, we will accept your return in accordance with the rules below.<br \/>For the fastest possible return, we encourage you to use the method below.<\/p><div id=\"ak_returns_banner_747a965a-05d0-4ae0-a9eb-6069f830d339\">\u00a0<\/div><p style=\"text-align: justify;\"><strong>TRADITIONAL METHOD OF RETURN<\/strong><br \/>Attach a return form to your return, which you will find on file below.<\/p><p style=\"text-align: justify;\"><span style=\"color: var(--rz-text-color); font-family: var(--rz-font-family-primary);\">Send your return to:<\/span><\/p><p style=\"text-align: justify;\"><span style=\"color: var(--rz-text-color); font-family: var(--rz-font-family-primary);\"><strong>WHYSOSERIOUS<\/strong> Makana<br \/><\/span><span style=\"color: var(--rz-text-color); font-family: var(--rz-font-family-primary);\">Zielniczki 5<br \/><\/span><span style=\"color: var(--rz-text-color); font-family: var(--rz-font-family-primary);\">63-000 \u015aroda Wielkopolska <br \/><\/span>+48 509 055 444<br \/><a style=\"font-family: var(--rz-font-family-primary);\" href=\"mailto:office@whysoseriousstore.com\">office@whysoseriousstore.com<\/a><\/p><p style=\"text-align: justify;\">If the product is returned within <b>14 days <\/b>of its delivery, you will receive a refund for the products<b> <\/b>via your original payment method or to the bank account provided.<\/p><p style=\"text-align: justify;\">Our aim is to return your funds within\u00a0<b>14 days<\/b>\u00a0from receipt of the returned product by our warehouse.<\/p><p style=\"text-align: justify;\"><b>Return of the product after 14 days of receipt<\/b><\/p><p style=\"text-align: justify;\">We do not accept returns of unwanted items after the period mentioned above. If you try to return an item it is possible that it will be sent back to you and we will ask you to pay the shipping costs.<\/p><p style=\"text-align: justify;\"><b>Original condition<\/b><\/p><p style=\"text-align: justify;\">Of course, it is a good idea to try the goods on as you would in a shop. However, we ask that you do not wear it and that you be careful of any dirt that may arise when trying it on. If the item sent back to us is damaged, soiled or has an odour, we will not be able to refund you and will have to send it back to you (and ask you to pay the delivery costs). All returned items are checked at our warehouse.<\/p><p style=\"text-align: justify;\">Returned goods must be in their original condition, including labels.<\/p><p style=\"text-align: justify;\"><b>Responsibility<\/b><\/p><p style=\"text-align: justify;\">As the responsibility for returned items rests with you until they are received in our warehouse, please ensure that they are properly packed and not damaged on the way.<\/p><p style=\"text-align: justify;\">Make sure you take your proof of postage with you in case you need to contact us about a return.<\/p><p style=\"text-align: justify;\"><b>Would you like to return a faulty product\/ make a claim?<\/b><\/p><p style=\"text-align: justify;\">We are sorry that the product you received turned out to be faulty.<\/p><p style=\"text-align: justify;\">Return it to us as soon as possible and we will take care of the rest. When advertising a product, follow the same procedure as for returns.<\/p><p style=\"text-align: justify;\">Is your favourite product just worn out? All returned products are carefully checked in our warehouse. If you send back a worn product to us that does not have a manufacturing defect, it may not be eligible for a full refund.<\/p>\t\t\t\t\t\t\t\t<\/div>\n\t\t\t\t<\/div>\n\t\t\t\t<div class=\"elementor-element elementor-element-f67ea56 elementor-align-center elementor-widget elementor-widget-button\" data-id=\"f67ea56\" data-element_type=\"widget\" data-widget_type=\"button.default\">\n\t\t\t\t<div class=\"elementor-widget-container\">\n\t\t\t\t\t\t\t\t\t<div class=\"elementor-button-wrapper\">\n\t\t\t\t\t<a class=\"elementor-button elementor-button-link elementor-size-sm\" href=\"https:\/\/whysoseriousstore.com\/wp-content\/uploads\/2023\/08\/formularz-zwrotu-wss.pdf\" target=\"_blank\" rel=\"nofollow\">\n\t\t\t\t\t\t<span class=\"elementor-button-content-wrapper\">\n\t\t\t\t\t\t\t\t\t<span class=\"elementor-button-text\">RETURN FORM<\/span>\n\t\t\t\t\t<\/span>\n\t\t\t\t\t<\/a>\n\t\t\t\t<\/div>\n\t\t\t\t\t\t\t\t<\/div>\n\t\t\t\t<\/div>\n\t\t\t\t\t<\/div>\n\t\t<\/div>\n\t\t\t\t\t<\/div>\n\t\t<\/section>\n\t\t\t\t<\/div>","protected":false},"excerpt":{"rendered":"<p>Czy chcesz dokona\u0107 wymiany?\u00a0 Skontaktuj si\u0119 z nami: office@whysoseriousstore.com . Je\u015bli po\u017c\u0105dany rozmiar\/kolor jest dost\u0119pny w sklepie online, nie b\u0119dzie problemu z wymian\u0105. Chcesz zwr\u00f3ci\u0107 niechciany produkt? Nie ma problemu! Dop\u00f3ki przedmiot jest w oryginalnym stanie oraz posiadasz dow\u00f3d zakupu, zaakceptujemy Tw\u00f3j zwrot zgodnie z poni\u017cszymi zasadami.Aby w jak najszybszy spos\u00f3b dokona\u0107 zwrotu zach\u0119camy do [&hellip;]<\/p>\n","protected":false},"author":1,"featured_media":0,"parent":0,"menu_order":0,"comment_status":"closed","ping_status":"closed","template":"","meta":{"footnotes":""},"class_list":["post-13653","page","type-page","status-publish","hentry"],"yoast_head":"<!-- This site is optimized with the Yoast SEO Premium plugin v20.0 (Yoast SEO v26.5) - https:\/\/yoast.com\/wordpress\/plugins\/seo\/ -->\n<title>Zwroty i reklamacje - WHYSOSERIOUS store<\/title>\n<meta name=\"robots\" content=\"index, follow, max-snippet:-1, max-image-preview:large, max-video-preview:-1\" \/>\n<link rel=\"canonical\" href=\"https:\/\/whysoseriousstore.com\/eng\/zwroty-i-reklamacje\/\" \/>\n<meta property=\"og:locale\" content=\"en_GB\" \/>\n<meta property=\"og:type\" content=\"article\" \/>\n<meta property=\"og:title\" content=\"Zwroty i reklamacje\" \/>\n<meta property=\"og:description\" content=\"Czy chcesz dokona\u0107 wymiany?\u00a0 Skontaktuj si\u0119 z nami: office@whysoseriousstore.com . Je\u015bli po\u017c\u0105dany rozmiar\/kolor jest dost\u0119pny w sklepie online, nie b\u0119dzie problemu z wymian\u0105. Chcesz zwr\u00f3ci\u0107 niechciany produkt? Nie ma problemu! Dop\u00f3ki przedmiot jest w oryginalnym stanie oraz posiadasz dow\u00f3d zakupu, zaakceptujemy Tw\u00f3j zwrot zgodnie z poni\u017cszymi zasadami.Aby w jak najszybszy spos\u00f3b dokona\u0107 zwrotu zach\u0119camy do [&hellip;]\" \/>\n<meta property=\"og:url\" content=\"https:\/\/whysoseriousstore.com\/eng\/zwroty-i-reklamacje\/\" \/>\n<meta property=\"og:site_name\" content=\"WHYSOSERIOUS store\" \/>\n<meta property=\"article:modified_time\" content=\"2026-04-07T19:21:56+00:00\" \/>\n<meta name=\"twitter:card\" content=\"summary_large_image\" \/>\n<meta name=\"twitter:label1\" content=\"Estimated reading time\" \/>\n\t<meta name=\"twitter:data1\" content=\"3 minutes\" \/>\n<script type=\"application\/ld+json\" class=\"yoast-schema-graph\">{\"@context\":\"https:\/\/schema.org\",\"@graph\":[{\"@type\":\"WebPage\",\"@id\":\"https:\/\/whysoseriousstore.com\/zwroty-i-reklamacje\/\",\"url\":\"https:\/\/whysoseriousstore.com\/zwroty-i-reklamacje\/\",\"name\":\"Zwroty i reklamacje - WHYSOSERIOUS store\",\"isPartOf\":{\"@id\":\"https:\/\/whysoseriousstore.com\/#website\"},\"datePublished\":\"2023-02-12T08:30:58+00:00\",\"dateModified\":\"2026-04-07T19:21:56+00:00\",\"breadcrumb\":{\"@id\":\"https:\/\/whysoseriousstore.com\/zwroty-i-reklamacje\/#breadcrumb\"},\"inLanguage\":\"en-GB\",\"potentialAction\":[{\"@type\":\"ReadAction\",\"target\":[\"https:\/\/whysoseriousstore.com\/zwroty-i-reklamacje\/\"]}]},{\"@type\":\"BreadcrumbList\",\"@id\":\"https:\/\/whysoseriousstore.com\/zwroty-i-reklamacje\/#breadcrumb\",\"itemListElement\":[{\"@type\":\"ListItem\",\"position\":1,\"name\":\"Strona g\u0142\u00f3wna\",\"item\":\"https:\/\/whysoseriousstore.com\/\"},{\"@type\":\"ListItem\",\"position\":2,\"name\":\"Zwroty i reklamacje\"}]},{\"@type\":\"WebSite\",\"@id\":\"https:\/\/whysoseriousstore.com\/#website\",\"url\":\"https:\/\/whysoseriousstore.com\/\",\"name\":\"WHYSOSERIOUS store\",\"description\":\"\",\"potentialAction\":[{\"@type\":\"SearchAction\",\"target\":{\"@type\":\"EntryPoint\",\"urlTemplate\":\"https:\/\/whysoseriousstore.com\/?s={search_term_string}\"},\"query-input\":{\"@type\":\"PropertyValueSpecification\",\"valueRequired\":true,\"valueName\":\"search_term_string\"}}],\"inLanguage\":\"en-GB\"}]}<\/script>\n<!-- \/ Yoast SEO Premium plugin. -->","yoast_head_json":{"title":"Zwroty i reklamacje - WHYSOSERIOUS store","robots":{"index":"index","follow":"follow","max-snippet":"max-snippet:-1","max-image-preview":"max-image-preview:large","max-video-preview":"max-video-preview:-1"},"canonical":"https:\/\/whysoseriousstore.com\/eng\/zwroty-i-reklamacje\/","og_locale":"en_GB","og_type":"article","og_title":"Zwroty i reklamacje","og_description":"Czy chcesz dokona\u0107 wymiany?\u00a0 Skontaktuj si\u0119 z nami: office@whysoseriousstore.com . Je\u015bli po\u017c\u0105dany rozmiar\/kolor jest dost\u0119pny w sklepie online, nie b\u0119dzie problemu z wymian\u0105. Chcesz zwr\u00f3ci\u0107 niechciany produkt? Nie ma problemu! Dop\u00f3ki przedmiot jest w oryginalnym stanie oraz posiadasz dow\u00f3d zakupu, zaakceptujemy Tw\u00f3j zwrot zgodnie z poni\u017cszymi zasadami.Aby w jak najszybszy spos\u00f3b dokona\u0107 zwrotu zach\u0119camy do [&hellip;]","og_url":"https:\/\/whysoseriousstore.com\/eng\/zwroty-i-reklamacje\/","og_site_name":"WHYSOSERIOUS store","article_modified_time":"2026-04-07T19:21:56+00:00","twitter_card":"summary_large_image","twitter_misc":{"Estimated reading time":"3 minutes"},"schema":{"@context":"https:\/\/schema.org","@graph":[{"@type":"WebPage","@id":"https:\/\/whysoseriousstore.com\/zwroty-i-reklamacje\/","url":"https:\/\/whysoseriousstore.com\/zwroty-i-reklamacje\/","name":"Zwroty i reklamacje - WHYSOSERIOUS store","isPartOf":{"@id":"https:\/\/whysoseriousstore.com\/#website"},"datePublished":"2023-02-12T08:30:58+00:00","dateModified":"2026-04-07T19:21:56+00:00","breadcrumb":{"@id":"https:\/\/whysoseriousstore.com\/zwroty-i-reklamacje\/#breadcrumb"},"inLanguage":"en-GB","potentialAction":[{"@type":"ReadAction","target":["https:\/\/whysoseriousstore.com\/zwroty-i-reklamacje\/"]}]},{"@type":"BreadcrumbList","@id":"https:\/\/whysoseriousstore.com\/zwroty-i-reklamacje\/#breadcrumb","itemListElement":[{"@type":"ListItem","position":1,"name":"Strona g\u0142\u00f3wna","item":"https:\/\/whysoseriousstore.com\/"},{"@type":"ListItem","position":2,"name":"Zwroty i reklamacje"}]},{"@type":"WebSite","@id":"https:\/\/whysoseriousstore.com\/#website","url":"https:\/\/whysoseriousstore.com\/","name":"WHYSOSERIOUS store","description":"","potentialAction":[{"@type":"SearchAction","target":{"@type":"EntryPoint","urlTemplate":"https:\/\/whysoseriousstore.com\/?s={search_term_string}"},"query-input":{"@type":"PropertyValueSpecification","valueRequired":true,"valueName":"search_term_string"}}],"inLanguage":"en-GB"}]}},"_links":{"self":[{"href":"https:\/\/whysoseriousstore.com\/eng\/wp-json\/wp\/v2\/pages\/13653","targetHints":{"allow":["GET"]}}],"collection":[{"href":"https:\/\/whysoseriousstore.com\/eng\/wp-json\/wp\/v2\/pages"}],"about":[{"href":"https:\/\/whysoseriousstore.com\/eng\/wp-json\/wp\/v2\/types\/page"}],"author":[{"embeddable":true,"href":"https:\/\/whysoseriousstore.com\/eng\/wp-json\/wp\/v2\/users\/1"}],"replies":[{"embeddable":true,"href":"https:\/\/whysoseriousstore.com\/eng\/wp-json\/wp\/v2\/comments?post=13653"}],"version-history":[{"count":0,"href":"https:\/\/whysoseriousstore.com\/eng\/wp-json\/wp\/v2\/pages\/13653\/revisions"}],"wp:attachment":[{"href":"https:\/\/whysoseriousstore.com\/eng\/wp-json\/wp\/v2\/media?parent=13653"}],"curies":[{"name":"wp","href":"https:\/\/api.w.org\/{rel}","templated":true}]}}