{"id":12923,"date":"2023-01-17T03:15:24","date_gmt":"2023-01-17T02:15:24","guid":{"rendered":"https:\/\/wasss.pl\/?post_type=product&#038;p=12923"},"modified":"2026-04-24T09:20:39","modified_gmt":"2026-04-24T07:20:39","slug":"czapka-nostalgia","status":"publish","type":"product","link":"https:\/\/whysoseriousstore.com\/eng\/czapka-nostalgia\/","title":{"rendered":"Nostalgia cap"},"content":{"rendered":"<p>The navy blue low profile baseball cap with Nostalgia embroidery is a reliable choice for anyone looking for a stylish and versatile accessory. This accessory combines both functionality and atmospheric design while maintaining the unmistakable character of the WHYSOSERIOUS brand.<\/p>\n<p>The navy blue colour of the cap provides the perfect backdrop for the ecru Nostalgia embroidery on the front. The 6-panel Nostalgia cap is our absolute bestseller, which has become an indispensable part of every style. The navy blue unisex baseball cap is also the perfect choice for those who appreciate comfort or simply have a bad hair day.<\/p>\n<p>Thanks to its unisex design, this beanie is perfect for both men's and women's outfits. It pairs perfectly with a variety of clothing - the navy blue colour is perfect for 90s style and autumn looks, adding a little flair to even the simplest outfit. Invest in a fashion accent that reflects your unique style and let the navy blue Nostalgia cap express your passion for fashion and autumn nostalgia. Not only will it protect you from the sun, but it will also make you stand out from the crowd, highlighting your individuality.<\/p>\n<p>ONESIZE.<\/p>\n<p>Adjustable strap with buckle.<\/p>\n<p>Manufactured in the EU<\/p>","protected":false},"excerpt":{"rendered":"<p>Granatowa czapka z daszkiem typu low profile z haftem Nostalgia to niezawodny wyb\u00f3r dla wszystkich poszukuj\u0105cych stylowego i uniwersalnego dodatku. To akcesorium \u0142\u0105czy w sobie zar\u00f3wno funkcjonalno\u015b\u0107, jak i klimatyczny design, zachowuj\u0105c przy tym niepowtarzalny charakter marki WHYSOSERIOUS. Granatowy kolor czapki stanowi doskona\u0142e t\u0142o dla haftu ecru Nostalgia umieszczonego na przedniej cz\u0119\u015bci. 6-panelowa czapka Nostalgia [&hellip;]<\/p>\n","protected":false},"featured_media":13845,"template":"","meta":[],"product_brand":[],"product_cat":[169,141,128,107,127],"product_tag":[],"class_list":{"0":"post-12923","1":"product","2":"type-product","3":"status-publish","4":"has-post-thumbnail","6":"product_cat-gift-guide","7":"product_cat-men","8":"product_cat-dodatki","9":"product_cat-bestsellers","10":"product_cat-wszystko","12":"first","13":"outofstock","14":"taxable","15":"shipping-taxable","16":"purchasable","17":"product-type-simple"},"bundled_by":[],"bundle_stock_status":"outofstock","bundle_stock_quantity":0,"bundle_virtual":false,"bundle_layout":"","bundle_add_to_cart_form_location":"","bundle_editable_in_cart":false,"bundle_sold_individually_context":"","bundle_item_grouping":"","bundle_min_size":"","bundle_max_size":"","bundle_price":[],"bundled_items":[],"bundle_sell_ids":[],"yoast_head":"<!-- This site is optimized with the Yoast SEO Premium plugin v20.0 (Yoast SEO v26.5) - https:\/\/yoast.com\/wordpress\/plugins\/seo\/ -->\n<title>Czapka Nostalgia - WHYSOSERIOUS store<\/title>\n<meta name=\"description\" content=\"Granatowa czapka z daszkiem typu low profile z haftem Nostalgia. Absolutny bestseller Whysoserious, idealny na ka\u017c\u0105 por\u0119 roku.\" \/>\n<meta name=\"robots\" content=\"index, follow, max-snippet:-1, max-image-preview:large, max-video-preview:-1\" \/>\n<link rel=\"canonical\" href=\"https:\/\/whysoseriousstore.com\/eng\/czapka-nostalgia\/\" \/>\n<meta property=\"og:locale\" content=\"en_GB\" \/>\n<meta property=\"og:type\" content=\"article\" \/>\n<meta property=\"og:title\" content=\"Czapka Nostalgia\" \/>\n<meta property=\"og:description\" content=\"Granatowa czapka z daszkiem typu low profile z haftem Nostalgia. Absolutny bestseller Whysoserious, idealny na ka\u017c\u0105 por\u0119 roku.\" \/>\n<meta property=\"og:url\" content=\"https:\/\/whysoseriousstore.com\/eng\/czapka-nostalgia\/\" \/>\n<meta property=\"og:site_name\" content=\"WHYSOSERIOUS store\" \/>\n<meta property=\"article:modified_time\" content=\"2026-04-24T07:20:39+00:00\" \/>\n<meta property=\"og:image\" content=\"https:\/\/whysoseriousstore.com\/wp-content\/uploads\/2023\/01\/Czapka-z-daszkiem-damska.jpg\" \/>\n\t<meta property=\"og:image:width\" content=\"1000\" \/>\n\t<meta property=\"og:image:height\" content=\"1500\" \/>\n\t<meta property=\"og:image:type\" content=\"image\/jpeg\" \/>\n<meta name=\"twitter:card\" content=\"summary_large_image\" \/>\n<meta name=\"twitter:label1\" content=\"Estimated reading time\" \/>\n\t<meta name=\"twitter:data1\" content=\"2 minutes\" \/>\n<script type=\"application\/ld+json\" class=\"yoast-schema-graph\">{\"@context\":\"https:\/\/schema.org\",\"@graph\":[{\"@type\":\"WebPage\",\"@id\":\"https:\/\/whysoseriousstore.com\/czapka-nostalgia\/\",\"url\":\"https:\/\/whysoseriousstore.com\/czapka-nostalgia\/\",\"name\":\"Czapka Nostalgia - WHYSOSERIOUS store\",\"isPartOf\":{\"@id\":\"https:\/\/whysoseriousstore.com\/#website\"},\"primaryImageOfPage\":{\"@id\":\"https:\/\/whysoseriousstore.com\/czapka-nostalgia\/#primaryimage\"},\"image\":{\"@id\":\"https:\/\/whysoseriousstore.com\/czapka-nostalgia\/#primaryimage\"},\"thumbnailUrl\":\"https:\/\/whysoseriousstore.com\/wp-content\/uploads\/2023\/01\/Czapka-z-daszkiem-damska.jpg\",\"datePublished\":\"2023-01-17T02:15:24+00:00\",\"dateModified\":\"2026-04-24T07:20:39+00:00\",\"description\":\"Granatowa czapka z daszkiem typu low profile z haftem Nostalgia. Absolutny bestseller Whysoserious, idealny na ka\u017c\u0105 por\u0119 roku.\",\"breadcrumb\":{\"@id\":\"https:\/\/whysoseriousstore.com\/czapka-nostalgia\/#breadcrumb\"},\"inLanguage\":\"en-GB\",\"potentialAction\":[{\"@type\":\"ReadAction\",\"target\":[\"https:\/\/whysoseriousstore.com\/czapka-nostalgia\/\"]}]},{\"@type\":\"ImageObject\",\"inLanguage\":\"en-GB\",\"@id\":\"https:\/\/whysoseriousstore.com\/czapka-nostalgia\/#primaryimage\",\"url\":\"https:\/\/whysoseriousstore.com\/wp-content\/uploads\/2023\/01\/Czapka-z-daszkiem-damska.jpg\",\"contentUrl\":\"https:\/\/whysoseriousstore.com\/wp-content\/uploads\/2023\/01\/Czapka-z-daszkiem-damska.jpg\",\"width\":1000,\"height\":1500},{\"@type\":\"BreadcrumbList\",\"@id\":\"https:\/\/whysoseriousstore.com\/czapka-nostalgia\/#breadcrumb\",\"itemListElement\":[{\"@type\":\"ListItem\",\"position\":1,\"name\":\"Strona g\u0142\u00f3wna\",\"item\":\"https:\/\/whysoseriousstore.com\/\"},{\"@type\":\"ListItem\",\"position\":2,\"name\":\"Sklep\",\"item\":\"https:\/\/whysoseriousstore.com\/sklep\/\"},{\"@type\":\"ListItem\",\"position\":3,\"name\":\"Czapka Nostalgia\"}]},{\"@type\":\"WebSite\",\"@id\":\"https:\/\/whysoseriousstore.com\/#website\",\"url\":\"https:\/\/whysoseriousstore.com\/\",\"name\":\"WHYSOSERIOUS store\",\"description\":\"\",\"potentialAction\":[{\"@type\":\"SearchAction\",\"target\":{\"@type\":\"EntryPoint\",\"urlTemplate\":\"https:\/\/whysoseriousstore.com\/?s={search_term_string}\"},\"query-input\":{\"@type\":\"PropertyValueSpecification\",\"valueRequired\":true,\"valueName\":\"search_term_string\"}}],\"inLanguage\":\"en-GB\"}]}<\/script>\n<!-- \/ Yoast SEO Premium plugin. -->","yoast_head_json":{"title":"Czapka Nostalgia - WHYSOSERIOUS store","description":"Granatowa czapka z daszkiem typu low profile z haftem Nostalgia. Absolutny bestseller Whysoserious, idealny na ka\u017c\u0105 por\u0119 roku.","robots":{"index":"index","follow":"follow","max-snippet":"max-snippet:-1","max-image-preview":"max-image-preview:large","max-video-preview":"max-video-preview:-1"},"canonical":"https:\/\/whysoseriousstore.com\/eng\/czapka-nostalgia\/","og_locale":"en_GB","og_type":"article","og_title":"Czapka Nostalgia","og_description":"Granatowa czapka z daszkiem typu low profile z haftem Nostalgia. Absolutny bestseller Whysoserious, idealny na ka\u017c\u0105 por\u0119 roku.","og_url":"https:\/\/whysoseriousstore.com\/eng\/czapka-nostalgia\/","og_site_name":"WHYSOSERIOUS store","article_modified_time":"2026-04-24T07:20:39+00:00","og_image":[{"width":1000,"height":1500,"url":"https:\/\/whysoseriousstore.com\/wp-content\/uploads\/2023\/01\/Czapka-z-daszkiem-damska.jpg","type":"image\/jpeg"}],"twitter_card":"summary_large_image","twitter_misc":{"Estimated reading time":"2 minutes"},"schema":{"@context":"https:\/\/schema.org","@graph":[{"@type":"WebPage","@id":"https:\/\/whysoseriousstore.com\/czapka-nostalgia\/","url":"https:\/\/whysoseriousstore.com\/czapka-nostalgia\/","name":"Czapka Nostalgia - WHYSOSERIOUS store","isPartOf":{"@id":"https:\/\/whysoseriousstore.com\/#website"},"primaryImageOfPage":{"@id":"https:\/\/whysoseriousstore.com\/czapka-nostalgia\/#primaryimage"},"image":{"@id":"https:\/\/whysoseriousstore.com\/czapka-nostalgia\/#primaryimage"},"thumbnailUrl":"https:\/\/whysoseriousstore.com\/wp-content\/uploads\/2023\/01\/Czapka-z-daszkiem-damska.jpg","datePublished":"2023-01-17T02:15:24+00:00","dateModified":"2026-04-24T07:20:39+00:00","description":"Granatowa czapka z daszkiem typu low profile z haftem Nostalgia. Absolutny bestseller Whysoserious, idealny na ka\u017c\u0105 por\u0119 roku.","breadcrumb":{"@id":"https:\/\/whysoseriousstore.com\/czapka-nostalgia\/#breadcrumb"},"inLanguage":"en-GB","potentialAction":[{"@type":"ReadAction","target":["https:\/\/whysoseriousstore.com\/czapka-nostalgia\/"]}]},{"@type":"ImageObject","inLanguage":"en-GB","@id":"https:\/\/whysoseriousstore.com\/czapka-nostalgia\/#primaryimage","url":"https:\/\/whysoseriousstore.com\/wp-content\/uploads\/2023\/01\/Czapka-z-daszkiem-damska.jpg","contentUrl":"https:\/\/whysoseriousstore.com\/wp-content\/uploads\/2023\/01\/Czapka-z-daszkiem-damska.jpg","width":1000,"height":1500},{"@type":"BreadcrumbList","@id":"https:\/\/whysoseriousstore.com\/czapka-nostalgia\/#breadcrumb","itemListElement":[{"@type":"ListItem","position":1,"name":"Strona g\u0142\u00f3wna","item":"https:\/\/whysoseriousstore.com\/"},{"@type":"ListItem","position":2,"name":"Sklep","item":"https:\/\/whysoseriousstore.com\/sklep\/"},{"@type":"ListItem","position":3,"name":"Czapka Nostalgia"}]},{"@type":"WebSite","@id":"https:\/\/whysoseriousstore.com\/#website","url":"https:\/\/whysoseriousstore.com\/","name":"WHYSOSERIOUS store","description":"","potentialAction":[{"@type":"SearchAction","target":{"@type":"EntryPoint","urlTemplate":"https:\/\/whysoseriousstore.com\/?s={search_term_string}"},"query-input":{"@type":"PropertyValueSpecification","valueRequired":true,"valueName":"search_term_string"}}],"inLanguage":"en-GB"}]}},"_links":{"self":[{"href":"https:\/\/whysoseriousstore.com\/eng\/wp-json\/wp\/v2\/product\/12923","targetHints":{"allow":["GET"]}}],"collection":[{"href":"https:\/\/whysoseriousstore.com\/eng\/wp-json\/wp\/v2\/product"}],"about":[{"href":"https:\/\/whysoseriousstore.com\/eng\/wp-json\/wp\/v2\/types\/product"}],"wp:featuredmedia":[{"embeddable":true,"href":"https:\/\/whysoseriousstore.com\/eng\/wp-json\/wp\/v2\/media\/13845"}],"wp:attachment":[{"href":"https:\/\/whysoseriousstore.com\/eng\/wp-json\/wp\/v2\/media?parent=12923"}],"wp:term":[{"taxonomy":"product_brand","embeddable":true,"href":"https:\/\/whysoseriousstore.com\/eng\/wp-json\/wp\/v2\/product_brand?post=12923"},{"taxonomy":"product_cat","embeddable":true,"href":"https:\/\/whysoseriousstore.com\/eng\/wp-json\/wp\/v2\/product_cat?post=12923"},{"taxonomy":"product_tag","embeddable":true,"href":"https:\/\/whysoseriousstore.com\/eng\/wp-json\/wp\/v2\/product_tag?post=12923"}],"curies":[{"name":"wp","href":"https:\/\/api.w.org\/{rel}","templated":true}]}}