{"id":16096,"date":"2023-12-05T11:14:04","date_gmt":"2023-12-05T10:14:04","guid":{"rendered":"https:\/\/whysoseriousstore.com\/?post_type=product&#038;p=16096"},"modified":"2026-04-16T22:47:02","modified_gmt":"2026-04-16T20:47:02","slug":"zielona-bluza-unisex-veggie","status":"publish","type":"product","link":"https:\/\/whysoseriousstore.com\/eng\/zielona-bluza-unisex-veggie\/","title":{"rendered":"Green Unisex Veggie Sweatshirt"},"content":{"rendered":"<p><strong>Green unisex Veggie sweatshirt<\/strong> is the perfect combination of comfort and style, designed for all those who like it laid-back, casual and - like us - are totally addicted to visiting local markets! You'll put a smile on more than one person's face when you visit the market! <strong>Make Your Local Veggie Dealer smile &lt;3<\/strong><\/p>\n<p>This unisex sweatshirt is a must-have in your wardrobe. Its green colour is an absolute classic that never goes out of fashion. The deep shade of green and the unique print \"<strong>Support Your Local Veggie Dealer<\/strong>\" pair perfectly with a variety of styles, adding character and expressing your style. Whether you're planning a lazy day at home, a meeting with friends or a stroll around town, this green unisex sweatshirt will always make you look special and feel comfortable.<\/p>\n<p>The unisex cotton sweatshirt is made from the highest quality materials to ensure durability and wearing comfort for years to come. We don't like to part with our favourite sweatshirts either - we know how to create products that will stay with you for a long time. Sustainable design and attention to detail make this not only a fashionable piece of clothing, but also an expression of your commitment to responsible fashion. <strong>Thanks for helping us produce quality stuff!\u00a0<\/strong><\/p>\n<p>The loose fit of the sweatshirt adds a casual touch, and the pleasant lightweight fabric will make the <strong>Your skin will love it &lt;3<\/strong> Whatever the season, the green unisex Veggie sweatshirt will be a great base for a variety of looks. Its versatile colour and comfortable fit will quickly make it your favourite wardrobe piece. Pair it with grey joggers, jeans, your favourite leggings or a summer dress. Perfect for everyday wear, weekend getaways and above all... shopping at your local market - this sweatshirt is the perfect choice for anyone who loves both a casual and distinctive look.<\/p>\n<h6><strong>WSS TEAM always ready to rock the local market!<\/strong><\/h6>\n<p>The model in the photo wears size M and is 174 cm tall.<\/p>\n<p><strong>THE HIGHEST QUALITY, MADE IN POLAND.\u00a0<\/strong><\/p>\n<p><a href=\"https:\/\/whysoseriousstore.com\/eng\/tshirty-damskie\/\">See also our t-shirts!<\/a><br \/>\nVisit us at <a href=\"https:\/\/www.instagram.com\/wss.whysoserious\/\">instagram<\/a> i <a href=\"https:\/\/www.facebook.com\/WSS.whysoserious\">facebook<\/a>.<\/p>","protected":false},"excerpt":{"rendered":"<p>Zielona bluza unisex Veggie to idealne po\u0142\u0105czenie wygody i stylu, zaprojektowana z my\u015bl\u0105 o wszystkich, kt\u00f3rzy ceni\u0105 sobie luz, swobod\u0119 i tak jak my &#8211; s\u0105 totalnie uzale\u017cnieni od wizyt na lokalnych ryneczkach! Podczas wizyty na markecie wywo\u0142asz u\u015bmiech na twarzy niejednej osoby! Make Your Local Veggie Dealer smile &lt;3 Ta bluza unisex to must-have [&hellip;]<\/p>\n","protected":false},"featured_media":16112,"template":"","meta":[],"product_brand":[],"product_cat":[169,141,176,111,107,127],"product_tag":[],"class_list":{"0":"post-16096","1":"product","2":"type-product","3":"status-publish","4":"has-post-thumbnail","6":"product_cat-gift-guide","7":"product_cat-men","8":"product_cat-womens-day","9":"product_cat-bluzy-unisex","10":"product_cat-bestsellers","11":"product_cat-wszystko","13":"first","14":"instock","15":"taxable","16":"shipping-taxable","17":"purchasable","18":"product-type-variable","19":"has-default-attributes"},"bundled_by":[],"bundle_stock_status":"instock","bundle_stock_quantity":null,"bundle_virtual":false,"bundle_layout":"","bundle_add_to_cart_form_location":"","bundle_editable_in_cart":false,"bundle_sold_individually_context":"","bundle_item_grouping":"","bundle_min_size":"","bundle_max_size":"","bundle_price":[],"bundled_items":[],"bundle_sell_ids":[],"yoast_head":"<!-- This site is optimized with the Yoast SEO Premium plugin v20.0 (Yoast SEO v26.5) - https:\/\/yoast.com\/wordpress\/plugins\/seo\/ -->\n<title>Zielona bluza unisex Veggie - WHYSOSERIOUS store<\/title>\n<meta name=\"description\" content=\"Zielona bluza unisex Veggie \u0142\u0105czy wysok\u0105 jako\u015b\u0107 wykonania i lu\u017any styl. Oversize&#039;owy kr\u00f3j, kt\u00f3ry nada klimatu ka\u017cdej stylizacji.\" \/>\n<meta name=\"robots\" content=\"index, follow, max-snippet:-1, max-image-preview:large, max-video-preview:-1\" \/>\n<link rel=\"canonical\" href=\"https:\/\/whysoseriousstore.com\/eng\/zielona-bluza-unisex-veggie\/\" \/>\n<meta property=\"og:locale\" content=\"en_GB\" \/>\n<meta property=\"og:type\" content=\"article\" \/>\n<meta property=\"og:title\" content=\"Zielona Bluza Unisex Veggie\" \/>\n<meta property=\"og:description\" content=\"Zielona bluza unisex Veggie \u0142\u0105czy wysok\u0105 jako\u015b\u0107 wykonania i lu\u017any styl. Oversize&#039;owy kr\u00f3j, kt\u00f3ry nada klimatu ka\u017cdej stylizacji.\" \/>\n<meta property=\"og:url\" content=\"https:\/\/whysoseriousstore.com\/eng\/zielona-bluza-unisex-veggie\/\" \/>\n<meta property=\"og:site_name\" content=\"WHYSOSERIOUS store\" \/>\n<meta property=\"article:modified_time\" content=\"2026-04-16T20:47:02+00:00\" \/>\n<meta property=\"og:image\" content=\"https:\/\/whysoseriousstore.com\/wp-content\/uploads\/2023\/12\/Whysoserious-bluza-oversize-damska-meska-bawelna.jpg\" \/>\n\t<meta property=\"og:image:width\" content=\"1000\" \/>\n\t<meta property=\"og:image:height\" content=\"1501\" \/>\n\t<meta property=\"og:image:type\" content=\"image\/jpeg\" \/>\n<meta name=\"twitter:card\" content=\"summary_large_image\" \/>\n<meta name=\"twitter:label1\" content=\"Estimated reading time\" \/>\n\t<meta name=\"twitter:data1\" content=\"3 minutes\" \/>\n<script type=\"application\/ld+json\" class=\"yoast-schema-graph\">{\"@context\":\"https:\/\/schema.org\",\"@graph\":[{\"@type\":\"WebPage\",\"@id\":\"https:\/\/whysoseriousstore.com\/zielona-bluza-unisex-veggie\/\",\"url\":\"https:\/\/whysoseriousstore.com\/zielona-bluza-unisex-veggie\/\",\"name\":\"Zielona bluza unisex Veggie - WHYSOSERIOUS store\",\"isPartOf\":{\"@id\":\"https:\/\/whysoseriousstore.com\/#website\"},\"primaryImageOfPage\":{\"@id\":\"https:\/\/whysoseriousstore.com\/zielona-bluza-unisex-veggie\/#primaryimage\"},\"image\":{\"@id\":\"https:\/\/whysoseriousstore.com\/zielona-bluza-unisex-veggie\/#primaryimage\"},\"thumbnailUrl\":\"https:\/\/whysoseriousstore.com\/wp-content\/uploads\/2023\/12\/Whysoserious-bluza-oversize-damska-meska-bawelna.jpg\",\"datePublished\":\"2023-12-05T10:14:04+00:00\",\"dateModified\":\"2026-04-16T20:47:02+00:00\",\"description\":\"Zielona bluza unisex Veggie \u0142\u0105czy wysok\u0105 jako\u015b\u0107 wykonania i lu\u017any styl. Oversize'owy kr\u00f3j, kt\u00f3ry nada klimatu ka\u017cdej stylizacji.\",\"breadcrumb\":{\"@id\":\"https:\/\/whysoseriousstore.com\/zielona-bluza-unisex-veggie\/#breadcrumb\"},\"inLanguage\":\"en-GB\",\"potentialAction\":[{\"@type\":\"ReadAction\",\"target\":[\"https:\/\/whysoseriousstore.com\/zielona-bluza-unisex-veggie\/\"]}]},{\"@type\":\"ImageObject\",\"inLanguage\":\"en-GB\",\"@id\":\"https:\/\/whysoseriousstore.com\/zielona-bluza-unisex-veggie\/#primaryimage\",\"url\":\"https:\/\/whysoseriousstore.com\/wp-content\/uploads\/2023\/12\/Whysoserious-bluza-oversize-damska-meska-bawelna.jpg\",\"contentUrl\":\"https:\/\/whysoseriousstore.com\/wp-content\/uploads\/2023\/12\/Whysoserious-bluza-oversize-damska-meska-bawelna.jpg\",\"width\":1000,\"height\":1501},{\"@type\":\"BreadcrumbList\",\"@id\":\"https:\/\/whysoseriousstore.com\/zielona-bluza-unisex-veggie\/#breadcrumb\",\"itemListElement\":[{\"@type\":\"ListItem\",\"position\":1,\"name\":\"Strona g\u0142\u00f3wna\",\"item\":\"https:\/\/whysoseriousstore.com\/\"},{\"@type\":\"ListItem\",\"position\":2,\"name\":\"Sklep\",\"item\":\"https:\/\/whysoseriousstore.com\/sklep\/\"},{\"@type\":\"ListItem\",\"position\":3,\"name\":\"Zielona Bluza Unisex Veggie\"}]},{\"@type\":\"WebSite\",\"@id\":\"https:\/\/whysoseriousstore.com\/#website\",\"url\":\"https:\/\/whysoseriousstore.com\/\",\"name\":\"WHYSOSERIOUS store\",\"description\":\"\",\"potentialAction\":[{\"@type\":\"SearchAction\",\"target\":{\"@type\":\"EntryPoint\",\"urlTemplate\":\"https:\/\/whysoseriousstore.com\/?s={search_term_string}\"},\"query-input\":{\"@type\":\"PropertyValueSpecification\",\"valueRequired\":true,\"valueName\":\"search_term_string\"}}],\"inLanguage\":\"en-GB\"}]}<\/script>\n<!-- \/ Yoast SEO Premium plugin. -->","yoast_head_json":{"title":"Green unisex Veggie sweatshirt - WHYSOSERIOUS store","description":"The green unisex Veggie sweatshirt combines high quality workmanship and relaxed style. Oversize cut that will add atmosphere to any styling.","robots":{"index":"index","follow":"follow","max-snippet":"max-snippet:-1","max-image-preview":"max-image-preview:large","max-video-preview":"max-video-preview:-1"},"canonical":"https:\/\/whysoseriousstore.com\/eng\/zielona-bluza-unisex-veggie\/","og_locale":"en_GB","og_type":"article","og_title":"Zielona Bluza Unisex Veggie","og_description":"Zielona bluza unisex Veggie \u0142\u0105czy wysok\u0105 jako\u015b\u0107 wykonania i lu\u017any styl. Oversize'owy kr\u00f3j, kt\u00f3ry nada klimatu ka\u017cdej stylizacji.","og_url":"https:\/\/whysoseriousstore.com\/eng\/zielona-bluza-unisex-veggie\/","og_site_name":"WHYSOSERIOUS store","article_modified_time":"2026-04-16T20:47:02+00:00","og_image":[{"width":1000,"height":1501,"url":"https:\/\/whysoseriousstore.com\/wp-content\/uploads\/2023\/12\/Whysoserious-bluza-oversize-damska-meska-bawelna.jpg","type":"image\/jpeg"}],"twitter_card":"summary_large_image","twitter_misc":{"Estimated reading time":"3 minutes"},"schema":{"@context":"https:\/\/schema.org","@graph":[{"@type":"WebPage","@id":"https:\/\/whysoseriousstore.com\/zielona-bluza-unisex-veggie\/","url":"https:\/\/whysoseriousstore.com\/zielona-bluza-unisex-veggie\/","name":"Green unisex Veggie sweatshirt - WHYSOSERIOUS store","isPartOf":{"@id":"https:\/\/whysoseriousstore.com\/#website"},"primaryImageOfPage":{"@id":"https:\/\/whysoseriousstore.com\/zielona-bluza-unisex-veggie\/#primaryimage"},"image":{"@id":"https:\/\/whysoseriousstore.com\/zielona-bluza-unisex-veggie\/#primaryimage"},"thumbnailUrl":"https:\/\/whysoseriousstore.com\/wp-content\/uploads\/2023\/12\/Whysoserious-bluza-oversize-damska-meska-bawelna.jpg","datePublished":"2023-12-05T10:14:04+00:00","dateModified":"2026-04-16T20:47:02+00:00","description":"The green unisex Veggie sweatshirt combines high quality workmanship and relaxed style. Oversize cut that will add atmosphere to any styling.","breadcrumb":{"@id":"https:\/\/whysoseriousstore.com\/zielona-bluza-unisex-veggie\/#breadcrumb"},"inLanguage":"en-GB","potentialAction":[{"@type":"ReadAction","target":["https:\/\/whysoseriousstore.com\/zielona-bluza-unisex-veggie\/"]}]},{"@type":"ImageObject","inLanguage":"en-GB","@id":"https:\/\/whysoseriousstore.com\/zielona-bluza-unisex-veggie\/#primaryimage","url":"https:\/\/whysoseriousstore.com\/wp-content\/uploads\/2023\/12\/Whysoserious-bluza-oversize-damska-meska-bawelna.jpg","contentUrl":"https:\/\/whysoseriousstore.com\/wp-content\/uploads\/2023\/12\/Whysoserious-bluza-oversize-damska-meska-bawelna.jpg","width":1000,"height":1501},{"@type":"BreadcrumbList","@id":"https:\/\/whysoseriousstore.com\/zielona-bluza-unisex-veggie\/#breadcrumb","itemListElement":[{"@type":"ListItem","position":1,"name":"Strona g\u0142\u00f3wna","item":"https:\/\/whysoseriousstore.com\/"},{"@type":"ListItem","position":2,"name":"Sklep","item":"https:\/\/whysoseriousstore.com\/sklep\/"},{"@type":"ListItem","position":3,"name":"Zielona Bluza Unisex Veggie"}]},{"@type":"WebSite","@id":"https:\/\/whysoseriousstore.com\/#website","url":"https:\/\/whysoseriousstore.com\/","name":"WHYSOSERIOUS store","description":"","potentialAction":[{"@type":"SearchAction","target":{"@type":"EntryPoint","urlTemplate":"https:\/\/whysoseriousstore.com\/?s={search_term_string}"},"query-input":{"@type":"PropertyValueSpecification","valueRequired":true,"valueName":"search_term_string"}}],"inLanguage":"en-GB"}]}},"_links":{"self":[{"href":"https:\/\/whysoseriousstore.com\/eng\/wp-json\/wp\/v2\/product\/16096","targetHints":{"allow":["GET"]}}],"collection":[{"href":"https:\/\/whysoseriousstore.com\/eng\/wp-json\/wp\/v2\/product"}],"about":[{"href":"https:\/\/whysoseriousstore.com\/eng\/wp-json\/wp\/v2\/types\/product"}],"wp:featuredmedia":[{"embeddable":true,"href":"https:\/\/whysoseriousstore.com\/eng\/wp-json\/wp\/v2\/media\/16112"}],"wp:attachment":[{"href":"https:\/\/whysoseriousstore.com\/eng\/wp-json\/wp\/v2\/media?parent=16096"}],"wp:term":[{"taxonomy":"product_brand","embeddable":true,"href":"https:\/\/whysoseriousstore.com\/eng\/wp-json\/wp\/v2\/product_brand?post=16096"},{"taxonomy":"product_cat","embeddable":true,"href":"https:\/\/whysoseriousstore.com\/eng\/wp-json\/wp\/v2\/product_cat?post=16096"},{"taxonomy":"product_tag","embeddable":true,"href":"https:\/\/whysoseriousstore.com\/eng\/wp-json\/wp\/v2\/product_tag?post=16096"}],"curies":[{"name":"wp","href":"https:\/\/api.w.org\/{rel}","templated":true}]}}