{"id":16531,"date":"2024-02-18T19:30:23","date_gmt":"2024-02-18T18:30:23","guid":{"rendered":"https:\/\/whysoseriousstore.com\/?post_type=product&#038;p=16531"},"modified":"2026-05-02T12:58:17","modified_gmt":"2026-05-02T10:58:17","slug":"czerwona-koszulka-good-life","status":"publish","type":"product","link":"https:\/\/whysoseriousstore.com\/eng\/czerwona-koszulka-good-life\/","title":{"rendered":"Red Good Life T-Shirt"},"content":{"rendered":"<p>The red oversize t-shirt with 'The Good Life' motif is a unisex T-shirt with a cut that looks great on both men and women. The vibrant red colour and white print give the T-shirt a unique character and atmosphere to any look.<\/p>\n<p>The red T-shirt is made of high-quality cotton, which guarantees its durability and resistance to wear. The material is very pleasant to the touch and at the same time resistant to fuzzing and electrification. As a result, you will be able to enjoy its use for a long time.<\/p>\n<p>Screen printed on the front and back of the T-shirt, it is durable and will not wash off. This T-shirt is part of our series The Good Life and is dedicated to all those who know what is most important in life.<\/p>\n<p>This red cherry print T-shirt is the perfect choice for those who appreciate comfort and style. It is perfect for everyday wear, with jeans, workout trousers, as well as with a skirt or shorts. Undoubtedly an indispensable accessory for any trip, but also a t-shirt that you will be able to enjoy all year round.<\/p>\n<p>We invite you to take a look at our offer <a href=\"https:\/\/whysoseriousstore.com\/eng\/tshirty-damskie\/\">women's streetwear t-shirts<\/a> and discover more proposals that will fit in with your style and taste. If you are looking for something to emphasise your individual style, then this T-shirt is for you!<\/p>\n<p>WHYSOSERIOUS label inside<\/p>\n<p>The model is 170 cm tall and a size L.<\/p>\n<p><strong>THE HIGHEST QUALITY, MADE IN POLAND<\/strong><\/p>\n<p>Follow us on <a href=\"https:\/\/www.instagram.com\/wss.whysoserious\/\">instagram<\/a> !<\/p>","protected":false},"excerpt":{"rendered":"<p>Czerwony t-shirt oversize z motywem &#8222;The Good Life&#8221; to unisexowa koszulka o kroju, kt\u00f3ry \u015bwietnie prezentuje si\u0119 zar\u00f3wno na kobietach, jak i na m\u0119\u017cczyznach. \u017bywy czerwony kolor i bia\u0142y nadruk nadaj\u0105 koszulce wyj\u0105tkowego charakteru i nadaj\u0105 klimatu ka\u017cdej stylizacji. Czerwona koszulka wykonana jest z wysokogatunkowej bawe\u0142ny, co gwarantuje jej trwa\u0142o\u015b\u0107 i wytrzyma\u0142o\u015b\u0107 na u\u017cytkowanie. Materia\u0142 [&hellip;]<\/p>\n","protected":false},"featured_media":16984,"template":"","meta":[],"product_brand":[],"product_cat":[141,180,176,110,127],"product_tag":[],"class_list":{"0":"post-16531","1":"product","2":"type-product","3":"status-publish","4":"has-post-thumbnail","6":"product_cat-men","7":"product_cat-spring-sale","8":"product_cat-womens-day","9":"product_cat-tshirty-unisex","10":"product_cat-wszystko","12":"first","13":"instock","14":"sale","15":"taxable","16":"shipping-taxable","17":"purchasable","18":"product-type-variable","19":"has-default-attributes"},"bundled_by":[],"bundle_stock_status":"instock","bundle_stock_quantity":null,"bundle_virtual":false,"bundle_layout":"","bundle_add_to_cart_form_location":"","bundle_editable_in_cart":false,"bundle_sold_individually_context":"","bundle_item_grouping":"","bundle_min_size":"","bundle_max_size":"","bundle_price":[],"bundled_items":[],"bundle_sell_ids":[],"yoast_head":"<!-- This site is optimized with the Yoast SEO Premium plugin v20.0 (Yoast SEO v26.5) - https:\/\/yoast.com\/wordpress\/plugins\/seo\/ -->\n<title>Czerwona Koszulka Good Life - WHYSOSERIOUS store<\/title>\n<meta name=\"robots\" content=\"index, follow, max-snippet:-1, max-image-preview:large, max-video-preview:-1\" \/>\n<link rel=\"canonical\" href=\"https:\/\/whysoseriousstore.com\/eng\/czerwona-koszulka-good-life\/\" \/>\n<meta property=\"og:locale\" content=\"en_GB\" \/>\n<meta property=\"og:type\" content=\"article\" \/>\n<meta property=\"og:title\" content=\"Czerwona Koszulka Good Life\" \/>\n<meta property=\"og:description\" content=\"Czerwony t-shirt oversize z motywem &#8222;The Good Life&#8221; to unisexowa koszulka o kroju, kt\u00f3ry \u015bwietnie prezentuje si\u0119 zar\u00f3wno na kobietach, jak i na m\u0119\u017cczyznach. \u017bywy czerwony kolor i bia\u0142y nadruk nadaj\u0105 koszulce wyj\u0105tkowego charakteru i nadaj\u0105 klimatu ka\u017cdej stylizacji. Czerwona koszulka wykonana jest z wysokogatunkowej bawe\u0142ny, co gwarantuje jej trwa\u0142o\u015b\u0107 i wytrzyma\u0142o\u015b\u0107 na u\u017cytkowanie. Materia\u0142 [&hellip;]\" \/>\n<meta property=\"og:url\" content=\"https:\/\/whysoseriousstore.com\/eng\/czerwona-koszulka-good-life\/\" \/>\n<meta property=\"og:site_name\" content=\"WHYSOSERIOUS store\" \/>\n<meta property=\"article:modified_time\" content=\"2026-05-02T10:58:17+00:00\" \/>\n<meta property=\"og:image\" content=\"https:\/\/whysoseriousstore.com\/wp-content\/uploads\/2024\/04\/Tshirt-damski-meski-czerwony-oversize-whysoserious.jpg\" \/>\n\t<meta property=\"og:image:width\" content=\"1000\" \/>\n\t<meta property=\"og:image:height\" content=\"1501\" \/>\n\t<meta property=\"og:image:type\" content=\"image\/jpeg\" \/>\n<meta name=\"twitter:card\" content=\"summary_large_image\" \/>\n<meta name=\"twitter:label1\" content=\"Estimated reading time\" \/>\n\t<meta name=\"twitter:data1\" content=\"2 minutes\" \/>\n<script type=\"application\/ld+json\" class=\"yoast-schema-graph\">{\"@context\":\"https:\/\/schema.org\",\"@graph\":[{\"@type\":\"WebPage\",\"@id\":\"https:\/\/whysoseriousstore.com\/czerwona-koszulka-good-life\/\",\"url\":\"https:\/\/whysoseriousstore.com\/czerwona-koszulka-good-life\/\",\"name\":\"Czerwona Koszulka Good Life - WHYSOSERIOUS store\",\"isPartOf\":{\"@id\":\"https:\/\/whysoseriousstore.com\/#website\"},\"primaryImageOfPage\":{\"@id\":\"https:\/\/whysoseriousstore.com\/czerwona-koszulka-good-life\/#primaryimage\"},\"image\":{\"@id\":\"https:\/\/whysoseriousstore.com\/czerwona-koszulka-good-life\/#primaryimage\"},\"thumbnailUrl\":\"https:\/\/whysoseriousstore.com\/wp-content\/uploads\/2024\/04\/Tshirt-damski-meski-czerwony-oversize-whysoserious.jpg\",\"datePublished\":\"2024-02-18T18:30:23+00:00\",\"dateModified\":\"2026-05-02T10:58:17+00:00\",\"breadcrumb\":{\"@id\":\"https:\/\/whysoseriousstore.com\/czerwona-koszulka-good-life\/#breadcrumb\"},\"inLanguage\":\"en-GB\",\"potentialAction\":[{\"@type\":\"ReadAction\",\"target\":[\"https:\/\/whysoseriousstore.com\/czerwona-koszulka-good-life\/\"]}]},{\"@type\":\"ImageObject\",\"inLanguage\":\"en-GB\",\"@id\":\"https:\/\/whysoseriousstore.com\/czerwona-koszulka-good-life\/#primaryimage\",\"url\":\"https:\/\/whysoseriousstore.com\/wp-content\/uploads\/2024\/04\/Tshirt-damski-meski-czerwony-oversize-whysoserious.jpg\",\"contentUrl\":\"https:\/\/whysoseriousstore.com\/wp-content\/uploads\/2024\/04\/Tshirt-damski-meski-czerwony-oversize-whysoserious.jpg\",\"width\":1000,\"height\":1501},{\"@type\":\"BreadcrumbList\",\"@id\":\"https:\/\/whysoseriousstore.com\/czerwona-koszulka-good-life\/#breadcrumb\",\"itemListElement\":[{\"@type\":\"ListItem\",\"position\":1,\"name\":\"Strona g\u0142\u00f3wna\",\"item\":\"https:\/\/whysoseriousstore.com\/\"},{\"@type\":\"ListItem\",\"position\":2,\"name\":\"Sklep\",\"item\":\"https:\/\/whysoseriousstore.com\/sklep\/\"},{\"@type\":\"ListItem\",\"position\":3,\"name\":\"Czerwona Koszulka Good Life\"}]},{\"@type\":\"WebSite\",\"@id\":\"https:\/\/whysoseriousstore.com\/#website\",\"url\":\"https:\/\/whysoseriousstore.com\/\",\"name\":\"WHYSOSERIOUS store\",\"description\":\"\",\"potentialAction\":[{\"@type\":\"SearchAction\",\"target\":{\"@type\":\"EntryPoint\",\"urlTemplate\":\"https:\/\/whysoseriousstore.com\/?s={search_term_string}\"},\"query-input\":{\"@type\":\"PropertyValueSpecification\",\"valueRequired\":true,\"valueName\":\"search_term_string\"}}],\"inLanguage\":\"en-GB\"}]}<\/script>\n<!-- \/ Yoast SEO Premium plugin. -->","yoast_head_json":{"title":"Czerwona Koszulka Good Life - WHYSOSERIOUS store","robots":{"index":"index","follow":"follow","max-snippet":"max-snippet:-1","max-image-preview":"max-image-preview:large","max-video-preview":"max-video-preview:-1"},"canonical":"https:\/\/whysoseriousstore.com\/eng\/czerwona-koszulka-good-life\/","og_locale":"en_GB","og_type":"article","og_title":"Czerwona Koszulka Good Life","og_description":"Czerwony t-shirt oversize z motywem &#8222;The Good Life&#8221; to unisexowa koszulka o kroju, kt\u00f3ry \u015bwietnie prezentuje si\u0119 zar\u00f3wno na kobietach, jak i na m\u0119\u017cczyznach. \u017bywy czerwony kolor i bia\u0142y nadruk nadaj\u0105 koszulce wyj\u0105tkowego charakteru i nadaj\u0105 klimatu ka\u017cdej stylizacji. Czerwona koszulka wykonana jest z wysokogatunkowej bawe\u0142ny, co gwarantuje jej trwa\u0142o\u015b\u0107 i wytrzyma\u0142o\u015b\u0107 na u\u017cytkowanie. Materia\u0142 [&hellip;]","og_url":"https:\/\/whysoseriousstore.com\/eng\/czerwona-koszulka-good-life\/","og_site_name":"WHYSOSERIOUS store","article_modified_time":"2026-05-02T10:58:17+00:00","og_image":[{"width":1000,"height":1501,"url":"https:\/\/whysoseriousstore.com\/wp-content\/uploads\/2024\/04\/Tshirt-damski-meski-czerwony-oversize-whysoserious.jpg","type":"image\/jpeg"}],"twitter_card":"summary_large_image","twitter_misc":{"Estimated reading time":"2 minutes"},"schema":{"@context":"https:\/\/schema.org","@graph":[{"@type":"WebPage","@id":"https:\/\/whysoseriousstore.com\/czerwona-koszulka-good-life\/","url":"https:\/\/whysoseriousstore.com\/czerwona-koszulka-good-life\/","name":"Czerwona Koszulka Good Life - WHYSOSERIOUS store","isPartOf":{"@id":"https:\/\/whysoseriousstore.com\/#website"},"primaryImageOfPage":{"@id":"https:\/\/whysoseriousstore.com\/czerwona-koszulka-good-life\/#primaryimage"},"image":{"@id":"https:\/\/whysoseriousstore.com\/czerwona-koszulka-good-life\/#primaryimage"},"thumbnailUrl":"https:\/\/whysoseriousstore.com\/wp-content\/uploads\/2024\/04\/Tshirt-damski-meski-czerwony-oversize-whysoserious.jpg","datePublished":"2024-02-18T18:30:23+00:00","dateModified":"2026-05-02T10:58:17+00:00","breadcrumb":{"@id":"https:\/\/whysoseriousstore.com\/czerwona-koszulka-good-life\/#breadcrumb"},"inLanguage":"en-GB","potentialAction":[{"@type":"ReadAction","target":["https:\/\/whysoseriousstore.com\/czerwona-koszulka-good-life\/"]}]},{"@type":"ImageObject","inLanguage":"en-GB","@id":"https:\/\/whysoseriousstore.com\/czerwona-koszulka-good-life\/#primaryimage","url":"https:\/\/whysoseriousstore.com\/wp-content\/uploads\/2024\/04\/Tshirt-damski-meski-czerwony-oversize-whysoserious.jpg","contentUrl":"https:\/\/whysoseriousstore.com\/wp-content\/uploads\/2024\/04\/Tshirt-damski-meski-czerwony-oversize-whysoserious.jpg","width":1000,"height":1501},{"@type":"BreadcrumbList","@id":"https:\/\/whysoseriousstore.com\/czerwona-koszulka-good-life\/#breadcrumb","itemListElement":[{"@type":"ListItem","position":1,"name":"Strona g\u0142\u00f3wna","item":"https:\/\/whysoseriousstore.com\/"},{"@type":"ListItem","position":2,"name":"Sklep","item":"https:\/\/whysoseriousstore.com\/sklep\/"},{"@type":"ListItem","position":3,"name":"Czerwona Koszulka Good Life"}]},{"@type":"WebSite","@id":"https:\/\/whysoseriousstore.com\/#website","url":"https:\/\/whysoseriousstore.com\/","name":"WHYSOSERIOUS store","description":"","potentialAction":[{"@type":"SearchAction","target":{"@type":"EntryPoint","urlTemplate":"https:\/\/whysoseriousstore.com\/?s={search_term_string}"},"query-input":{"@type":"PropertyValueSpecification","valueRequired":true,"valueName":"search_term_string"}}],"inLanguage":"en-GB"}]}},"_links":{"self":[{"href":"https:\/\/whysoseriousstore.com\/eng\/wp-json\/wp\/v2\/product\/16531","targetHints":{"allow":["GET"]}}],"collection":[{"href":"https:\/\/whysoseriousstore.com\/eng\/wp-json\/wp\/v2\/product"}],"about":[{"href":"https:\/\/whysoseriousstore.com\/eng\/wp-json\/wp\/v2\/types\/product"}],"wp:featuredmedia":[{"embeddable":true,"href":"https:\/\/whysoseriousstore.com\/eng\/wp-json\/wp\/v2\/media\/16984"}],"wp:attachment":[{"href":"https:\/\/whysoseriousstore.com\/eng\/wp-json\/wp\/v2\/media?parent=16531"}],"wp:term":[{"taxonomy":"product_brand","embeddable":true,"href":"https:\/\/whysoseriousstore.com\/eng\/wp-json\/wp\/v2\/product_brand?post=16531"},{"taxonomy":"product_cat","embeddable":true,"href":"https:\/\/whysoseriousstore.com\/eng\/wp-json\/wp\/v2\/product_cat?post=16531"},{"taxonomy":"product_tag","embeddable":true,"href":"https:\/\/whysoseriousstore.com\/eng\/wp-json\/wp\/v2\/product_tag?post=16531"}],"curies":[{"name":"wp","href":"https:\/\/api.w.org\/{rel}","templated":true}]}}