{"id":16939,"date":"2024-04-21T15:28:53","date_gmt":"2024-04-21T13:28:53","guid":{"rendered":"https:\/\/whysoseriousstore.com\/?post_type=product&#038;p=16939"},"modified":"2026-05-01T23:28:52","modified_gmt":"2026-05-01T21:28:52","slug":"niebieska-koszulka-tan-lines","status":"publish","type":"product","link":"https:\/\/whysoseriousstore.com\/eng\/niebieska-koszulka-tan-lines\/","title":{"rendered":"Blue Tan Lines T-Shirt"},"content":{"rendered":"<p>Our blue 'Good Times &amp; Tan Lines' oversize t-shirt is the essence of summer casualness, designed for those who love beach life and appreciate unique moments full of smiles and joy. The comfortable, relaxed fit of this t-shirt will make you feel at ease and comfortable, whether you're spending time at the beach, at summer festivals or out with friends in the evening.<\/p>\n<p>The colour blue is a tribute to the blue of the sky and the sea, which we are so eager to indulge in during summer days.Our loose blue unisex t-shirt is made from cotton produced in Poland. We take pride in the fact that our product is made locally, so we can guarantee the highest quality materials and precision workmanship. Whether you wear it every day or occasionally, our t-shirt will last you for many seasons.<\/p>\n<p>The Tan Lines T-shirt is the perfect base for your clothing collection this season. The classic oversize cut makes it the perfect choice for everyone. Feel the cool vibe and find the perfect companion for your summer adventures. Pair it with light jeans or even just a bikini and be ready for a day at the beach or a surf lesson.<\/p>\n<p>WHYSOSERIOUS label inside<\/p>\n<p>The model is 168 cm tall and a size L.<\/p>\n<p><strong>THE HIGHEST QUALITY, MADE IN POLAND.<\/strong><\/p>\n<p><a href=\"https:\/\/whysoseriousstore.com\/eng\/tshirty-damskie\/?v=9b7d173b068d\">See also our sweatshirts!<\/a><br \/>\nVisit us at\u00a0<a href=\"https:\/\/www.instagram.com\/wss.whysoserious\/\">instagram<\/a>\u00a0i\u00a0<a href=\"https:\/\/www.facebook.com\/WSS.whysoserious\">facebook<\/a>.<\/p>","protected":false},"excerpt":{"rendered":"<p>Nasz niebieski t-shirt oversize &#8222;Good Times &amp; Tan Lines&#8221; to esencja letniego luzu, zaprojektowany dla tych, kt\u00f3rzy kochaj\u0105 \u017cycie na pla\u017cy i ceni\u0105 sobie niepowtarzalne chwile pe\u0142ne u\u015bmiechu i rado\u015bci. Wygodny, lu\u017any kr\u00f3j tego t-shirtu pozwoli Ci poczu\u0107 si\u0119 swobodnie i komfortowo, niezale\u017cnie od tego, czy sp\u0119dzasz czas na pla\u017cy, podczas letnich festiwali czy wieczornych [&hellip;]<\/p>\n","protected":false},"featured_media":16982,"template":"","meta":[],"product_brand":[],"product_cat":[180,110,127],"product_tag":[],"class_list":{"0":"post-16939","1":"product","2":"type-product","3":"status-publish","4":"has-post-thumbnail","6":"product_cat-spring-sale","7":"product_cat-tshirty-unisex","8":"product_cat-wszystko","10":"first","11":"instock","12":"sale","13":"taxable","14":"shipping-taxable","15":"purchasable","16":"product-type-variable","17":"has-default-attributes"},"bundled_by":[],"bundle_stock_status":"instock","bundle_stock_quantity":null,"bundle_virtual":false,"bundle_layout":"","bundle_add_to_cart_form_location":"","bundle_editable_in_cart":false,"bundle_sold_individually_context":"","bundle_item_grouping":"","bundle_min_size":"","bundle_max_size":"","bundle_price":[],"bundled_items":[],"bundle_sell_ids":[],"yoast_head":"<!-- This site is optimized with the Yoast SEO Premium plugin v20.0 (Yoast SEO v26.5) - https:\/\/yoast.com\/wordpress\/plugins\/seo\/ -->\n<title>Niebieski t-shirt z nadrukiem - Niebieska Koszulka Tan Lines WHYSOSERIOUS store<\/title>\n<meta name=\"description\" content=\"Lu\u017any kr\u00f3j tego niebieskiego t-shirtu pozwoli Ci swobodnie oddycha\u0107 w upalne dni, ruszy\u0107 na ulubion\u0105 pla\u017c\u0119 czy sp\u0119dzi\u0107 dzie\u0144 surfuj\u0105c w oceanie.\" \/>\n<meta name=\"robots\" content=\"index, follow, max-snippet:-1, max-image-preview:large, max-video-preview:-1\" \/>\n<link rel=\"canonical\" href=\"https:\/\/whysoseriousstore.com\/eng\/niebieska-koszulka-tan-lines\/\" \/>\n<meta property=\"og:locale\" content=\"en_GB\" \/>\n<meta property=\"og:type\" content=\"article\" \/>\n<meta property=\"og:title\" content=\"Niebieska Koszulka Tan Lines\" \/>\n<meta property=\"og:description\" content=\"Lu\u017any kr\u00f3j tego niebieskiego t-shirtu pozwoli Ci swobodnie oddycha\u0107 w upalne dni, ruszy\u0107 na ulubion\u0105 pla\u017c\u0119 czy sp\u0119dzi\u0107 dzie\u0144 surfuj\u0105c w oceanie.\" \/>\n<meta property=\"og:url\" content=\"https:\/\/whysoseriousstore.com\/eng\/niebieska-koszulka-tan-lines\/\" \/>\n<meta property=\"og:site_name\" content=\"WHYSOSERIOUS store\" \/>\n<meta property=\"article:modified_time\" content=\"2026-05-01T21:28:52+00:00\" \/>\n<meta property=\"og:image\" content=\"https:\/\/whysoseriousstore.com\/wp-content\/uploads\/2024\/04\/Whysoserious-tan-lines-tshirt-niebieski.jpg\" \/>\n\t<meta property=\"og:image:width\" content=\"1000\" \/>\n\t<meta property=\"og:image:height\" content=\"1501\" \/>\n\t<meta property=\"og:image:type\" content=\"image\/jpeg\" \/>\n<meta name=\"twitter:card\" content=\"summary_large_image\" \/>\n<meta name=\"twitter:label1\" content=\"Estimated reading time\" \/>\n\t<meta name=\"twitter:data1\" content=\"2 minutes\" \/>\n<script type=\"application\/ld+json\" class=\"yoast-schema-graph\">{\"@context\":\"https:\/\/schema.org\",\"@graph\":[{\"@type\":\"WebPage\",\"@id\":\"https:\/\/whysoseriousstore.com\/niebieska-koszulka-tan-lines\/\",\"url\":\"https:\/\/whysoseriousstore.com\/niebieska-koszulka-tan-lines\/\",\"name\":\"Niebieski t-shirt z nadrukiem - Niebieska Koszulka Tan Lines WHYSOSERIOUS store\",\"isPartOf\":{\"@id\":\"https:\/\/whysoseriousstore.com\/#website\"},\"primaryImageOfPage\":{\"@id\":\"https:\/\/whysoseriousstore.com\/niebieska-koszulka-tan-lines\/#primaryimage\"},\"image\":{\"@id\":\"https:\/\/whysoseriousstore.com\/niebieska-koszulka-tan-lines\/#primaryimage\"},\"thumbnailUrl\":\"https:\/\/whysoseriousstore.com\/wp-content\/uploads\/2024\/04\/Whysoserious-tan-lines-tshirt-niebieski.jpg\",\"datePublished\":\"2024-04-21T13:28:53+00:00\",\"dateModified\":\"2026-05-01T21:28:52+00:00\",\"description\":\"Lu\u017any kr\u00f3j tego niebieskiego t-shirtu pozwoli Ci swobodnie oddycha\u0107 w upalne dni, ruszy\u0107 na ulubion\u0105 pla\u017c\u0119 czy sp\u0119dzi\u0107 dzie\u0144 surfuj\u0105c w oceanie.\",\"breadcrumb\":{\"@id\":\"https:\/\/whysoseriousstore.com\/niebieska-koszulka-tan-lines\/#breadcrumb\"},\"inLanguage\":\"en-GB\",\"potentialAction\":[{\"@type\":\"ReadAction\",\"target\":[\"https:\/\/whysoseriousstore.com\/niebieska-koszulka-tan-lines\/\"]}]},{\"@type\":\"ImageObject\",\"inLanguage\":\"en-GB\",\"@id\":\"https:\/\/whysoseriousstore.com\/niebieska-koszulka-tan-lines\/#primaryimage\",\"url\":\"https:\/\/whysoseriousstore.com\/wp-content\/uploads\/2024\/04\/Whysoserious-tan-lines-tshirt-niebieski.jpg\",\"contentUrl\":\"https:\/\/whysoseriousstore.com\/wp-content\/uploads\/2024\/04\/Whysoserious-tan-lines-tshirt-niebieski.jpg\",\"width\":1000,\"height\":1501},{\"@type\":\"BreadcrumbList\",\"@id\":\"https:\/\/whysoseriousstore.com\/niebieska-koszulka-tan-lines\/#breadcrumb\",\"itemListElement\":[{\"@type\":\"ListItem\",\"position\":1,\"name\":\"Strona g\u0142\u00f3wna\",\"item\":\"https:\/\/whysoseriousstore.com\/\"},{\"@type\":\"ListItem\",\"position\":2,\"name\":\"Sklep\",\"item\":\"https:\/\/whysoseriousstore.com\/sklep\/\"},{\"@type\":\"ListItem\",\"position\":3,\"name\":\"Niebieska Koszulka Tan Lines\"}]},{\"@type\":\"WebSite\",\"@id\":\"https:\/\/whysoseriousstore.com\/#website\",\"url\":\"https:\/\/whysoseriousstore.com\/\",\"name\":\"WHYSOSERIOUS store\",\"description\":\"\",\"potentialAction\":[{\"@type\":\"SearchAction\",\"target\":{\"@type\":\"EntryPoint\",\"urlTemplate\":\"https:\/\/whysoseriousstore.com\/?s={search_term_string}\"},\"query-input\":{\"@type\":\"PropertyValueSpecification\",\"valueRequired\":true,\"valueName\":\"search_term_string\"}}],\"inLanguage\":\"en-GB\"}]}<\/script>\n<!-- \/ Yoast SEO Premium plugin. -->","yoast_head_json":{"title":"Niebieski t-shirt z nadrukiem - Niebieska Koszulka Tan Lines WHYSOSERIOUS store","description":"Lu\u017any kr\u00f3j tego niebieskiego t-shirtu pozwoli Ci swobodnie oddycha\u0107 w upalne dni, ruszy\u0107 na ulubion\u0105 pla\u017c\u0119 czy sp\u0119dzi\u0107 dzie\u0144 surfuj\u0105c w oceanie.","robots":{"index":"index","follow":"follow","max-snippet":"max-snippet:-1","max-image-preview":"max-image-preview:large","max-video-preview":"max-video-preview:-1"},"canonical":"https:\/\/whysoseriousstore.com\/eng\/niebieska-koszulka-tan-lines\/","og_locale":"en_GB","og_type":"article","og_title":"Niebieska Koszulka Tan Lines","og_description":"Lu\u017any kr\u00f3j tego niebieskiego t-shirtu pozwoli Ci swobodnie oddycha\u0107 w upalne dni, ruszy\u0107 na ulubion\u0105 pla\u017c\u0119 czy sp\u0119dzi\u0107 dzie\u0144 surfuj\u0105c w oceanie.","og_url":"https:\/\/whysoseriousstore.com\/eng\/niebieska-koszulka-tan-lines\/","og_site_name":"WHYSOSERIOUS store","article_modified_time":"2026-05-01T21:28:52+00:00","og_image":[{"width":1000,"height":1501,"url":"https:\/\/whysoseriousstore.com\/wp-content\/uploads\/2024\/04\/Whysoserious-tan-lines-tshirt-niebieski.jpg","type":"image\/jpeg"}],"twitter_card":"summary_large_image","twitter_misc":{"Estimated reading time":"2 minutes"},"schema":{"@context":"https:\/\/schema.org","@graph":[{"@type":"WebPage","@id":"https:\/\/whysoseriousstore.com\/niebieska-koszulka-tan-lines\/","url":"https:\/\/whysoseriousstore.com\/niebieska-koszulka-tan-lines\/","name":"Niebieski t-shirt z nadrukiem - Niebieska Koszulka Tan Lines WHYSOSERIOUS store","isPartOf":{"@id":"https:\/\/whysoseriousstore.com\/#website"},"primaryImageOfPage":{"@id":"https:\/\/whysoseriousstore.com\/niebieska-koszulka-tan-lines\/#primaryimage"},"image":{"@id":"https:\/\/whysoseriousstore.com\/niebieska-koszulka-tan-lines\/#primaryimage"},"thumbnailUrl":"https:\/\/whysoseriousstore.com\/wp-content\/uploads\/2024\/04\/Whysoserious-tan-lines-tshirt-niebieski.jpg","datePublished":"2024-04-21T13:28:53+00:00","dateModified":"2026-05-01T21:28:52+00:00","description":"Lu\u017any kr\u00f3j tego niebieskiego t-shirtu pozwoli Ci swobodnie oddycha\u0107 w upalne dni, ruszy\u0107 na ulubion\u0105 pla\u017c\u0119 czy sp\u0119dzi\u0107 dzie\u0144 surfuj\u0105c w oceanie.","breadcrumb":{"@id":"https:\/\/whysoseriousstore.com\/niebieska-koszulka-tan-lines\/#breadcrumb"},"inLanguage":"en-GB","potentialAction":[{"@type":"ReadAction","target":["https:\/\/whysoseriousstore.com\/niebieska-koszulka-tan-lines\/"]}]},{"@type":"ImageObject","inLanguage":"en-GB","@id":"https:\/\/whysoseriousstore.com\/niebieska-koszulka-tan-lines\/#primaryimage","url":"https:\/\/whysoseriousstore.com\/wp-content\/uploads\/2024\/04\/Whysoserious-tan-lines-tshirt-niebieski.jpg","contentUrl":"https:\/\/whysoseriousstore.com\/wp-content\/uploads\/2024\/04\/Whysoserious-tan-lines-tshirt-niebieski.jpg","width":1000,"height":1501},{"@type":"BreadcrumbList","@id":"https:\/\/whysoseriousstore.com\/niebieska-koszulka-tan-lines\/#breadcrumb","itemListElement":[{"@type":"ListItem","position":1,"name":"Strona g\u0142\u00f3wna","item":"https:\/\/whysoseriousstore.com\/"},{"@type":"ListItem","position":2,"name":"Sklep","item":"https:\/\/whysoseriousstore.com\/sklep\/"},{"@type":"ListItem","position":3,"name":"Niebieska Koszulka Tan Lines"}]},{"@type":"WebSite","@id":"https:\/\/whysoseriousstore.com\/#website","url":"https:\/\/whysoseriousstore.com\/","name":"WHYSOSERIOUS store","description":"","potentialAction":[{"@type":"SearchAction","target":{"@type":"EntryPoint","urlTemplate":"https:\/\/whysoseriousstore.com\/?s={search_term_string}"},"query-input":{"@type":"PropertyValueSpecification","valueRequired":true,"valueName":"search_term_string"}}],"inLanguage":"en-GB"}]}},"_links":{"self":[{"href":"https:\/\/whysoseriousstore.com\/eng\/wp-json\/wp\/v2\/product\/16939","targetHints":{"allow":["GET"]}}],"collection":[{"href":"https:\/\/whysoseriousstore.com\/eng\/wp-json\/wp\/v2\/product"}],"about":[{"href":"https:\/\/whysoseriousstore.com\/eng\/wp-json\/wp\/v2\/types\/product"}],"wp:featuredmedia":[{"embeddable":true,"href":"https:\/\/whysoseriousstore.com\/eng\/wp-json\/wp\/v2\/media\/16982"}],"wp:attachment":[{"href":"https:\/\/whysoseriousstore.com\/eng\/wp-json\/wp\/v2\/media?parent=16939"}],"wp:term":[{"taxonomy":"product_brand","embeddable":true,"href":"https:\/\/whysoseriousstore.com\/eng\/wp-json\/wp\/v2\/product_brand?post=16939"},{"taxonomy":"product_cat","embeddable":true,"href":"https:\/\/whysoseriousstore.com\/eng\/wp-json\/wp\/v2\/product_cat?post=16939"},{"taxonomy":"product_tag","embeddable":true,"href":"https:\/\/whysoseriousstore.com\/eng\/wp-json\/wp\/v2\/product_tag?post=16939"}],"curies":[{"name":"wp","href":"https:\/\/api.w.org\/{rel}","templated":true}]}}