{"id":16944,"date":"2024-04-21T15:37:04","date_gmt":"2024-04-21T13:37:04","guid":{"rendered":"https:\/\/whysoseriousstore.com\/?post_type=product&#038;p=16944"},"modified":"2026-04-30T09:00:20","modified_gmt":"2026-04-30T07:00:20","slug":"zielona-koszulka-breakfast-club","status":"publish","type":"product","link":"https:\/\/whysoseriousstore.com\/eng\/zielona-koszulka-breakfast-club\/","title":{"rendered":"Green Breakfast Club T-Shirt"},"content":{"rendered":"<p>The sage green Late Breakfast Club T-shirt is the essence of a laid-back style that perfectly reflects the spirit of urban freedom and casualness. Welcome to the Late Breakfast Club - a place where breakfast is celebrated endlessly and the laid-back vibe of the city can be felt in the aroma of your morning coffee.<\/p>\n<p>The unique shade of green combined with the loose oversize cut of this t-shirt will create a unique look that will make you stand out on the streets of any city. It's more than just a garment - it's a manifesto of your individualism and your love of late breakfasts and celebrating a delicious coffee with friends.<\/p>\n<p>In addition to unrivalled style, our oversize t-shirt also offers maximum wearing comfort. Made from high-quality materials for softness, this t-shirt is a guarantee of all-day comfort. Whether you're hanging out on the city streets or relaxing in a caf\u00e9 with friends, our Late Breakfast Club t-shirt will inspire you to express yourself in the best way possible.<\/p>\n<p>This casual unisex t-shirt is made from cotton produced in Poland. We take pride in the fact that our product is made locally, so we can guarantee the highest quality materials and precision workmanship. Whether you wear it every day or occasionally, our t-shirt will last you for many seasons.<\/p>\n<p>The Late Breakfast Club T-shirt is the perfect base for your clothing collection this season. The classic oversize cut makes it the perfect choice for everyone. The original print on the front and back has been designed by WSSTEAM to please the eyes and attract the attention of other late breakfast lovers. Pair it with your favourite jeans and head out for a delicious breakfast with friends!<\/p>\n<p>WHYSOSERIOUS label inside<\/p>\n<p>The model is 168 cm tall and a size L.<\/p>\n<p><strong>THE HIGHEST QUALITY, MADE IN POLAND.<\/strong><\/p>\n<p><a href=\"https:\/\/whysoseriousstore.com\/eng\/tshirty-damskie\/?v=9b7d173b068d\">See also our sweatshirts!<\/a><br \/>\nVisit us at\u00a0<a href=\"https:\/\/www.instagram.com\/wss.whysoserious\/\">instagram<\/a>\u00a0i\u00a0<a href=\"https:\/\/www.facebook.com\/WSS.whysoserious\">facebook<\/a>.<\/p>","protected":false},"excerpt":{"rendered":"<p>Zielony T-shirt Late Breakfast Club w odcieniu sza\u0142wiowym to esencja lu\u017anego stylu, kt\u00f3ry idealnie odzwierciedla ducha miejskiej swobody i luzu. Witaj w Late Breakfast Club \u2013 miejscu, gdzie \u015bniadanie celebruje si\u0119 bez ko\u0144ca, a lu\u017any klimat miasta odczuwa si\u0119 w aromacie porannej kawy. Wyj\u0105tkowy odcie\u0144 zieleni w po\u0142\u0105czeniu z lu\u017anym krojem oversize tego t-shirtu stworzy [&hellip;]<\/p>\n","protected":false},"featured_media":16987,"template":"","meta":[],"product_brand":[],"product_cat":[180,176,110,107,127],"product_tag":[],"class_list":{"0":"post-16944","1":"product","2":"type-product","3":"status-publish","4":"has-post-thumbnail","6":"product_cat-spring-sale","7":"product_cat-womens-day","8":"product_cat-tshirty-unisex","9":"product_cat-bestsellers","10":"product_cat-wszystko","12":"first","13":"instock","14":"sale","15":"taxable","16":"shipping-taxable","17":"purchasable","18":"product-type-variable","19":"has-default-attributes"},"bundled_by":[],"bundle_stock_status":"instock","bundle_stock_quantity":null,"bundle_virtual":false,"bundle_layout":"","bundle_add_to_cart_form_location":"","bundle_editable_in_cart":false,"bundle_sold_individually_context":"","bundle_item_grouping":"","bundle_min_size":"","bundle_max_size":"","bundle_price":[],"bundled_items":[],"bundle_sell_ids":[],"yoast_head":"<!-- This site is optimized with the Yoast SEO Premium plugin v20.0 (Yoast SEO v26.5) - https:\/\/yoast.com\/wordpress\/plugins\/seo\/ -->\n<title>Zielony t-shirt z nadrukiem - Zielona Koszulka Breakfast Club WHYSOSERIOUS store<\/title>\n<meta name=\"description\" content=\"Lu\u017any kr\u00f3j tego zielonego t-shirtu sprawia, \u017ce jest on idealny zar\u00f3wno dla kobiet, jak i dla m\u0119\u017cczyzn. Do\u0142\u0105cz do Late Breakfast Club.\" \/>\n<meta name=\"robots\" content=\"index, follow, max-snippet:-1, max-image-preview:large, max-video-preview:-1\" \/>\n<link rel=\"canonical\" href=\"https:\/\/whysoseriousstore.com\/eng\/zielona-koszulka-breakfast-club\/\" \/>\n<meta property=\"og:locale\" content=\"en_GB\" \/>\n<meta property=\"og:type\" content=\"article\" \/>\n<meta property=\"og:title\" content=\"Zielona Koszulka Breakfast Club\" \/>\n<meta property=\"og:description\" content=\"Lu\u017any kr\u00f3j tego zielonego t-shirtu sprawia, \u017ce jest on idealny zar\u00f3wno dla kobiet, jak i dla m\u0119\u017cczyzn. Do\u0142\u0105cz do Late Breakfast Club.\" \/>\n<meta property=\"og:url\" content=\"https:\/\/whysoseriousstore.com\/eng\/zielona-koszulka-breakfast-club\/\" \/>\n<meta property=\"og:site_name\" content=\"WHYSOSERIOUS store\" \/>\n<meta property=\"article:modified_time\" content=\"2026-04-30T07:00:20+00:00\" \/>\n<meta property=\"og:image\" content=\"https:\/\/whysoseriousstore.com\/wp-content\/uploads\/2024\/04\/Tshirt-whysoserious-zielony-unisex.jpg\" \/>\n\t<meta property=\"og:image:width\" content=\"1000\" \/>\n\t<meta property=\"og:image:height\" content=\"1501\" \/>\n\t<meta property=\"og:image:type\" content=\"image\/jpeg\" \/>\n<meta name=\"twitter:card\" content=\"summary_large_image\" \/>\n<meta name=\"twitter:label1\" content=\"Estimated reading time\" \/>\n\t<meta name=\"twitter:data1\" content=\"2 minutes\" \/>\n<script type=\"application\/ld+json\" class=\"yoast-schema-graph\">{\"@context\":\"https:\/\/schema.org\",\"@graph\":[{\"@type\":\"WebPage\",\"@id\":\"https:\/\/whysoseriousstore.com\/zielona-koszulka-breakfast-club\/\",\"url\":\"https:\/\/whysoseriousstore.com\/zielona-koszulka-breakfast-club\/\",\"name\":\"Zielony t-shirt z nadrukiem - Zielona Koszulka Breakfast Club WHYSOSERIOUS store\",\"isPartOf\":{\"@id\":\"https:\/\/whysoseriousstore.com\/#website\"},\"primaryImageOfPage\":{\"@id\":\"https:\/\/whysoseriousstore.com\/zielona-koszulka-breakfast-club\/#primaryimage\"},\"image\":{\"@id\":\"https:\/\/whysoseriousstore.com\/zielona-koszulka-breakfast-club\/#primaryimage\"},\"thumbnailUrl\":\"https:\/\/whysoseriousstore.com\/wp-content\/uploads\/2024\/04\/Tshirt-whysoserious-zielony-unisex.jpg\",\"datePublished\":\"2024-04-21T13:37:04+00:00\",\"dateModified\":\"2026-04-30T07:00:20+00:00\",\"description\":\"Lu\u017any kr\u00f3j tego zielonego t-shirtu sprawia, \u017ce jest on idealny zar\u00f3wno dla kobiet, jak i dla m\u0119\u017cczyzn. Do\u0142\u0105cz do Late Breakfast Club.\",\"breadcrumb\":{\"@id\":\"https:\/\/whysoseriousstore.com\/zielona-koszulka-breakfast-club\/#breadcrumb\"},\"inLanguage\":\"en-GB\",\"potentialAction\":[{\"@type\":\"ReadAction\",\"target\":[\"https:\/\/whysoseriousstore.com\/zielona-koszulka-breakfast-club\/\"]}]},{\"@type\":\"ImageObject\",\"inLanguage\":\"en-GB\",\"@id\":\"https:\/\/whysoseriousstore.com\/zielona-koszulka-breakfast-club\/#primaryimage\",\"url\":\"https:\/\/whysoseriousstore.com\/wp-content\/uploads\/2024\/04\/Tshirt-whysoserious-zielony-unisex.jpg\",\"contentUrl\":\"https:\/\/whysoseriousstore.com\/wp-content\/uploads\/2024\/04\/Tshirt-whysoserious-zielony-unisex.jpg\",\"width\":1000,\"height\":1501},{\"@type\":\"BreadcrumbList\",\"@id\":\"https:\/\/whysoseriousstore.com\/zielona-koszulka-breakfast-club\/#breadcrumb\",\"itemListElement\":[{\"@type\":\"ListItem\",\"position\":1,\"name\":\"Strona g\u0142\u00f3wna\",\"item\":\"https:\/\/whysoseriousstore.com\/\"},{\"@type\":\"ListItem\",\"position\":2,\"name\":\"Sklep\",\"item\":\"https:\/\/whysoseriousstore.com\/sklep\/\"},{\"@type\":\"ListItem\",\"position\":3,\"name\":\"Zielona Koszulka Breakfast Club\"}]},{\"@type\":\"WebSite\",\"@id\":\"https:\/\/whysoseriousstore.com\/#website\",\"url\":\"https:\/\/whysoseriousstore.com\/\",\"name\":\"WHYSOSERIOUS store\",\"description\":\"\",\"potentialAction\":[{\"@type\":\"SearchAction\",\"target\":{\"@type\":\"EntryPoint\",\"urlTemplate\":\"https:\/\/whysoseriousstore.com\/?s={search_term_string}\"},\"query-input\":{\"@type\":\"PropertyValueSpecification\",\"valueRequired\":true,\"valueName\":\"search_term_string\"}}],\"inLanguage\":\"en-GB\"}]}<\/script>\n<!-- \/ Yoast SEO Premium plugin. -->","yoast_head_json":{"title":"Zielony t-shirt z nadrukiem - Zielona Koszulka Breakfast Club WHYSOSERIOUS store","description":"Lu\u017any kr\u00f3j tego zielonego t-shirtu sprawia, \u017ce jest on idealny zar\u00f3wno dla kobiet, jak i dla m\u0119\u017cczyzn. Do\u0142\u0105cz do Late Breakfast Club.","robots":{"index":"index","follow":"follow","max-snippet":"max-snippet:-1","max-image-preview":"max-image-preview:large","max-video-preview":"max-video-preview:-1"},"canonical":"https:\/\/whysoseriousstore.com\/eng\/zielona-koszulka-breakfast-club\/","og_locale":"en_GB","og_type":"article","og_title":"Zielona Koszulka Breakfast Club","og_description":"Lu\u017any kr\u00f3j tego zielonego t-shirtu sprawia, \u017ce jest on idealny zar\u00f3wno dla kobiet, jak i dla m\u0119\u017cczyzn. Do\u0142\u0105cz do Late Breakfast Club.","og_url":"https:\/\/whysoseriousstore.com\/eng\/zielona-koszulka-breakfast-club\/","og_site_name":"WHYSOSERIOUS store","article_modified_time":"2026-04-30T07:00:20+00:00","og_image":[{"width":1000,"height":1501,"url":"https:\/\/whysoseriousstore.com\/wp-content\/uploads\/2024\/04\/Tshirt-whysoserious-zielony-unisex.jpg","type":"image\/jpeg"}],"twitter_card":"summary_large_image","twitter_misc":{"Estimated reading time":"2 minutes"},"schema":{"@context":"https:\/\/schema.org","@graph":[{"@type":"WebPage","@id":"https:\/\/whysoseriousstore.com\/zielona-koszulka-breakfast-club\/","url":"https:\/\/whysoseriousstore.com\/zielona-koszulka-breakfast-club\/","name":"Zielony t-shirt z nadrukiem - Zielona Koszulka Breakfast Club WHYSOSERIOUS store","isPartOf":{"@id":"https:\/\/whysoseriousstore.com\/#website"},"primaryImageOfPage":{"@id":"https:\/\/whysoseriousstore.com\/zielona-koszulka-breakfast-club\/#primaryimage"},"image":{"@id":"https:\/\/whysoseriousstore.com\/zielona-koszulka-breakfast-club\/#primaryimage"},"thumbnailUrl":"https:\/\/whysoseriousstore.com\/wp-content\/uploads\/2024\/04\/Tshirt-whysoserious-zielony-unisex.jpg","datePublished":"2024-04-21T13:37:04+00:00","dateModified":"2026-04-30T07:00:20+00:00","description":"Lu\u017any kr\u00f3j tego zielonego t-shirtu sprawia, \u017ce jest on idealny zar\u00f3wno dla kobiet, jak i dla m\u0119\u017cczyzn. Do\u0142\u0105cz do Late Breakfast Club.","breadcrumb":{"@id":"https:\/\/whysoseriousstore.com\/zielona-koszulka-breakfast-club\/#breadcrumb"},"inLanguage":"en-GB","potentialAction":[{"@type":"ReadAction","target":["https:\/\/whysoseriousstore.com\/zielona-koszulka-breakfast-club\/"]}]},{"@type":"ImageObject","inLanguage":"en-GB","@id":"https:\/\/whysoseriousstore.com\/zielona-koszulka-breakfast-club\/#primaryimage","url":"https:\/\/whysoseriousstore.com\/wp-content\/uploads\/2024\/04\/Tshirt-whysoserious-zielony-unisex.jpg","contentUrl":"https:\/\/whysoseriousstore.com\/wp-content\/uploads\/2024\/04\/Tshirt-whysoserious-zielony-unisex.jpg","width":1000,"height":1501},{"@type":"BreadcrumbList","@id":"https:\/\/whysoseriousstore.com\/zielona-koszulka-breakfast-club\/#breadcrumb","itemListElement":[{"@type":"ListItem","position":1,"name":"Strona g\u0142\u00f3wna","item":"https:\/\/whysoseriousstore.com\/"},{"@type":"ListItem","position":2,"name":"Sklep","item":"https:\/\/whysoseriousstore.com\/sklep\/"},{"@type":"ListItem","position":3,"name":"Zielona Koszulka Breakfast Club"}]},{"@type":"WebSite","@id":"https:\/\/whysoseriousstore.com\/#website","url":"https:\/\/whysoseriousstore.com\/","name":"WHYSOSERIOUS store","description":"","potentialAction":[{"@type":"SearchAction","target":{"@type":"EntryPoint","urlTemplate":"https:\/\/whysoseriousstore.com\/?s={search_term_string}"},"query-input":{"@type":"PropertyValueSpecification","valueRequired":true,"valueName":"search_term_string"}}],"inLanguage":"en-GB"}]}},"_links":{"self":[{"href":"https:\/\/whysoseriousstore.com\/eng\/wp-json\/wp\/v2\/product\/16944","targetHints":{"allow":["GET"]}}],"collection":[{"href":"https:\/\/whysoseriousstore.com\/eng\/wp-json\/wp\/v2\/product"}],"about":[{"href":"https:\/\/whysoseriousstore.com\/eng\/wp-json\/wp\/v2\/types\/product"}],"wp:featuredmedia":[{"embeddable":true,"href":"https:\/\/whysoseriousstore.com\/eng\/wp-json\/wp\/v2\/media\/16987"}],"wp:attachment":[{"href":"https:\/\/whysoseriousstore.com\/eng\/wp-json\/wp\/v2\/media?parent=16944"}],"wp:term":[{"taxonomy":"product_brand","embeddable":true,"href":"https:\/\/whysoseriousstore.com\/eng\/wp-json\/wp\/v2\/product_brand?post=16944"},{"taxonomy":"product_cat","embeddable":true,"href":"https:\/\/whysoseriousstore.com\/eng\/wp-json\/wp\/v2\/product_cat?post=16944"},{"taxonomy":"product_tag","embeddable":true,"href":"https:\/\/whysoseriousstore.com\/eng\/wp-json\/wp\/v2\/product_tag?post=16944"}],"curies":[{"name":"wp","href":"https:\/\/api.w.org\/{rel}","templated":true}]}}