{"id":17242,"date":"2024-05-22T20:01:01","date_gmt":"2024-05-22T18:01:01","guid":{"rendered":"https:\/\/whysoseriousstore.com\/?post_type=product&#038;p=17242"},"modified":"2026-03-09T00:07:24","modified_gmt":"2026-03-08T23:07:24","slug":"sunkissed-brazowy-t-shirt-oversize","status":"publish","type":"product","link":"https:\/\/whysoseriousstore.com\/eng\/sunkissed-brazowy-t-shirt-oversize\/","title":{"rendered":"Sunkissed Brown Oversize T-shirt"},"content":{"rendered":"<p>Br\u0105zowy t-shirt oversize &#8222;sunkissed&#8221; to esencja letniego luzu, zaprojektowany dla tych, kt\u00f3rzy kochaj\u0105 \u017cycie na pla\u017cy i ceni\u0105 sobie niepowtarzalne chwile pe\u0142ne u\u015bmiechu i rado\u015bci. Wygodny, lu\u017any kr\u00f3j tego t-shirtu pozwoli Ci poczu\u0107 si\u0119 swobodnie i komfortowo, niezale\u017cnie od tego, czy sp\u0119dzasz czas na pla\u017cy, podczas letnich festiwali czy wieczornych spotka\u0144 z przyjaci\u00f3\u0142mi. G\u0142\u0119boki odcie\u0144 br\u0105zu dodaje surferskiego klimatu, a jednocze\u015bnie jest na tyle uniwersalny, \u017ce \u015bwietnie komponuje si\u0119 z r\u00f3\u017cnymi ubraniami. Dzi\u0119ki temu nadaje ka\u017cdej stylizacji lu\u017anego klimatu.<\/p>\n<div class=\"flex flex-grow flex-col max-w-full\">\n<div class=\"min-h-[20px] text-message flex flex-col items-start whitespace-pre-wrap break-words [.text-message+&amp;]:mt-5 juice:w-full juice:items-end overflow-x-auto gap-2\" dir=\"auto\" data-message-author-role=\"assistant\" data-message-id=\"59aed514-dcce-4977-8a8e-00dde126f5b6\">\n<div class=\"flex w-full flex-col gap-1 juice:empty:hidden juice:first:pt-[3px]\">\n<div class=\"markdown prose w-full break-words dark:prose-invert light\">\n<p>W WHYSOSERIOUS stawiamy na najwy\u017csz\u0105 jako\u015b\u0107 i unikalny design, a br\u0105zowy t-shirt damski Sunkissed jest tego najlepszym dowodem.\u00a0 T-shirt jest wykonany ze 100% bawe\u0142ny, o grubszej gramaturze, dzi\u0119ki czemu jest trwa\u0142y i \u0142atwy w piel\u0119gnacji, co sprawia, \u017ce b\u0119dzie Ci s\u0142u\u017cy\u0107 przez wiele sezon\u00f3w. Wybieraj\u0105c ten model, inwestujesz w jako\u015b\u0107 na lata. Ten br\u0105zowy t-shirt damski Sunkissed to idealny towarzysz na letnie dni, w kt\u00f3rych s\u0142o\u0144ce \u015bwieci wysoko, a Ty masz czas cieszy\u0107 si\u0119 pla\u017c\u0105, znajomymi i pi\u0119knymi widokami. Good times only!<\/p>\n<\/div>\n<\/div>\n<\/div>\n<\/div>\n<p>Koszulka Sunkissed to idealna baza Twojej kolekcji ubra\u0144 w tym sezonie. Klasyczny kr\u00f3j oversize sprawia, \u017ce jest to idealny wyb\u00f3r dla ka\u017cdego. Poczuj cool klimat i znajd\u017a idealnego towarzysza letnich przyg\u00f3d. Po\u0142\u0105cz go z bia\u0142ymi jeansami lub nawet z samym bikini i b\u0105d\u017a gotowa dzie\u0144 pla\u017cy lub lekcj\u0119 surfingu.<\/p>\n<p>W \u015brodku wszywka WHYSOSERIOUS<\/p>\n<p>Modelka ma 172 cm wzrostu i rozmiar L.<\/p>\n<p><strong>THE HIGHEST QUALITY, MADE IN POLAND.<\/strong><\/p>\n<p><a href=\"https:\/\/whysoseriousstore.com\/tshirty-damskie\/?v=9b7d173b068d\">Zobacz tak\u017ce nasze bluzy!<\/a><br \/>\nOdwied\u017a nas na\u00a0<a href=\"https:\/\/www.instagram.com\/wss.whysoserious\/\">instagramie<\/a>\u00a0i\u00a0<a href=\"https:\/\/www.facebook.com\/WSS.whysoserious\">facebooku<\/a>.<\/p>\n","protected":false},"excerpt":{"rendered":"<p>Br\u0105zowy t-shirt oversize &#8222;sunkissed&#8221; to esencja letniego luzu, zaprojektowany dla tych, kt\u00f3rzy kochaj\u0105 \u017cycie na pla\u017cy i ceni\u0105 sobie niepowtarzalne chwile pe\u0142ne u\u015bmiechu i rado\u015bci. Wygodny, lu\u017any kr\u00f3j tego t-shirtu pozwoli Ci poczu\u0107 si\u0119 swobodnie i komfortowo, niezale\u017cnie od tego, czy sp\u0119dzasz czas na pla\u017cy, podczas letnich festiwali czy wieczornych spotka\u0144 z przyjaci\u00f3\u0142mi. G\u0142\u0119boki odcie\u0144 [&hellip;]<\/p>\n","protected":false},"featured_media":17335,"template":"","meta":[],"product_brand":[],"product_cat":[176,110,127],"product_tag":[],"class_list":{"0":"post-17242","1":"product","2":"type-product","3":"status-publish","4":"has-post-thumbnail","6":"product_cat-womens-day","7":"product_cat-tshirty-unisex","8":"product_cat-wszystko","10":"first","11":"outofstock","12":"taxable","13":"shipping-taxable","14":"purchasable","15":"product-type-variable","16":"has-default-attributes"},"bundled_by":[],"bundle_stock_status":"outofstock","bundle_stock_quantity":null,"bundle_virtual":false,"bundle_layout":"","bundle_add_to_cart_form_location":"","bundle_editable_in_cart":false,"bundle_sold_individually_context":"","bundle_item_grouping":"","bundle_min_size":"","bundle_max_size":"","bundle_price":[],"bundled_items":[],"bundle_sell_ids":[],"yoast_head":"<!-- This site is optimized with the Yoast SEO Premium plugin v20.0 (Yoast SEO v26.5) - https:\/\/yoast.com\/wordpress\/plugins\/seo\/ -->\n<title>Br\u0105zowy t-shirt oversized - Sunkissed Br\u0105zowy T-shirt Oversize WHYSOSERIOUS store<\/title>\n<meta name=\"description\" content=\"Br\u0105zowy t-shirt damski Sunkissed to esencja letniego luzu, zaprojektowany dla tych, kt\u00f3rzy kochaj\u0105 lato i ceni\u0105 sobie niepowtarzalne chwile pe\u0142ne s\u0142o\u0144ca.\" \/>\n<meta name=\"robots\" content=\"index, follow, max-snippet:-1, max-image-preview:large, max-video-preview:-1\" \/>\n<link rel=\"canonical\" href=\"https:\/\/whysoseriousstore.com\/eng\/sunkissed-brazowy-t-shirt-oversize\/\" \/>\n<meta property=\"og:locale\" content=\"en_GB\" \/>\n<meta property=\"og:type\" content=\"article\" \/>\n<meta property=\"og:title\" content=\"Sunkissed Br\u0105zowy T-shirt Oversize\" \/>\n<meta property=\"og:description\" content=\"Br\u0105zowy t-shirt damski Sunkissed to esencja letniego luzu, zaprojektowany dla tych, kt\u00f3rzy kochaj\u0105 lato i ceni\u0105 sobie niepowtarzalne chwile pe\u0142ne s\u0142o\u0144ca.\" \/>\n<meta property=\"og:url\" content=\"https:\/\/whysoseriousstore.com\/eng\/sunkissed-brazowy-t-shirt-oversize\/\" \/>\n<meta property=\"og:site_name\" content=\"WHYSOSERIOUS store\" \/>\n<meta property=\"article:modified_time\" content=\"2026-03-08T23:07:24+00:00\" \/>\n<meta property=\"og:image\" content=\"https:\/\/whysoseriousstore.com\/wp-content\/uploads\/2024\/05\/Tshirt-damski-sunkissed-brazowy-koszulka-whysoserious.jpg\" \/>\n\t<meta property=\"og:image:width\" content=\"1000\" \/>\n\t<meta property=\"og:image:height\" content=\"1500\" \/>\n\t<meta property=\"og:image:type\" content=\"image\/jpeg\" \/>\n<meta name=\"twitter:card\" content=\"summary_large_image\" \/>\n<meta name=\"twitter:label1\" content=\"Estimated reading time\" \/>\n\t<meta name=\"twitter:data1\" content=\"2 minutes\" \/>\n<script type=\"application\/ld+json\" class=\"yoast-schema-graph\">{\"@context\":\"https:\/\/schema.org\",\"@graph\":[{\"@type\":\"WebPage\",\"@id\":\"https:\/\/whysoseriousstore.com\/sunkissed-brazowy-t-shirt-oversize\/\",\"url\":\"https:\/\/whysoseriousstore.com\/sunkissed-brazowy-t-shirt-oversize\/\",\"name\":\"Br\u0105zowy t-shirt oversized - Sunkissed Br\u0105zowy T-shirt Oversize WHYSOSERIOUS store\",\"isPartOf\":{\"@id\":\"https:\/\/whysoseriousstore.com\/#website\"},\"primaryImageOfPage\":{\"@id\":\"https:\/\/whysoseriousstore.com\/sunkissed-brazowy-t-shirt-oversize\/#primaryimage\"},\"image\":{\"@id\":\"https:\/\/whysoseriousstore.com\/sunkissed-brazowy-t-shirt-oversize\/#primaryimage\"},\"thumbnailUrl\":\"https:\/\/whysoseriousstore.com\/wp-content\/uploads\/2024\/05\/Tshirt-damski-sunkissed-brazowy-koszulka-whysoserious.jpg\",\"datePublished\":\"2024-05-22T18:01:01+00:00\",\"dateModified\":\"2026-03-08T23:07:24+00:00\",\"description\":\"Br\u0105zowy t-shirt damski Sunkissed to esencja letniego luzu, zaprojektowany dla tych, kt\u00f3rzy kochaj\u0105 lato i ceni\u0105 sobie niepowtarzalne chwile pe\u0142ne s\u0142o\u0144ca.\",\"breadcrumb\":{\"@id\":\"https:\/\/whysoseriousstore.com\/sunkissed-brazowy-t-shirt-oversize\/#breadcrumb\"},\"inLanguage\":\"en-GB\",\"potentialAction\":[{\"@type\":\"ReadAction\",\"target\":[\"https:\/\/whysoseriousstore.com\/sunkissed-brazowy-t-shirt-oversize\/\"]}]},{\"@type\":\"ImageObject\",\"inLanguage\":\"en-GB\",\"@id\":\"https:\/\/whysoseriousstore.com\/sunkissed-brazowy-t-shirt-oversize\/#primaryimage\",\"url\":\"https:\/\/whysoseriousstore.com\/wp-content\/uploads\/2024\/05\/Tshirt-damski-sunkissed-brazowy-koszulka-whysoserious.jpg\",\"contentUrl\":\"https:\/\/whysoseriousstore.com\/wp-content\/uploads\/2024\/05\/Tshirt-damski-sunkissed-brazowy-koszulka-whysoserious.jpg\",\"width\":1000,\"height\":1500},{\"@type\":\"BreadcrumbList\",\"@id\":\"https:\/\/whysoseriousstore.com\/sunkissed-brazowy-t-shirt-oversize\/#breadcrumb\",\"itemListElement\":[{\"@type\":\"ListItem\",\"position\":1,\"name\":\"Strona g\u0142\u00f3wna\",\"item\":\"https:\/\/whysoseriousstore.com\/\"},{\"@type\":\"ListItem\",\"position\":2,\"name\":\"Sklep\",\"item\":\"https:\/\/whysoseriousstore.com\/sklep\/\"},{\"@type\":\"ListItem\",\"position\":3,\"name\":\"Sunkissed Br\u0105zowy T-shirt Oversize\"}]},{\"@type\":\"WebSite\",\"@id\":\"https:\/\/whysoseriousstore.com\/#website\",\"url\":\"https:\/\/whysoseriousstore.com\/\",\"name\":\"WHYSOSERIOUS store\",\"description\":\"\",\"potentialAction\":[{\"@type\":\"SearchAction\",\"target\":{\"@type\":\"EntryPoint\",\"urlTemplate\":\"https:\/\/whysoseriousstore.com\/?s={search_term_string}\"},\"query-input\":{\"@type\":\"PropertyValueSpecification\",\"valueRequired\":true,\"valueName\":\"search_term_string\"}}],\"inLanguage\":\"en-GB\"}]}<\/script>\n<!-- \/ Yoast SEO Premium plugin. -->","yoast_head_json":{"title":"Br\u0105zowy t-shirt oversized - Sunkissed Br\u0105zowy T-shirt Oversize WHYSOSERIOUS store","description":"Br\u0105zowy t-shirt damski Sunkissed to esencja letniego luzu, zaprojektowany dla tych, kt\u00f3rzy kochaj\u0105 lato i ceni\u0105 sobie niepowtarzalne chwile pe\u0142ne s\u0142o\u0144ca.","robots":{"index":"index","follow":"follow","max-snippet":"max-snippet:-1","max-image-preview":"max-image-preview:large","max-video-preview":"max-video-preview:-1"},"canonical":"https:\/\/whysoseriousstore.com\/eng\/sunkissed-brazowy-t-shirt-oversize\/","og_locale":"en_GB","og_type":"article","og_title":"Sunkissed Br\u0105zowy T-shirt Oversize","og_description":"Br\u0105zowy t-shirt damski Sunkissed to esencja letniego luzu, zaprojektowany dla tych, kt\u00f3rzy kochaj\u0105 lato i ceni\u0105 sobie niepowtarzalne chwile pe\u0142ne s\u0142o\u0144ca.","og_url":"https:\/\/whysoseriousstore.com\/eng\/sunkissed-brazowy-t-shirt-oversize\/","og_site_name":"WHYSOSERIOUS store","article_modified_time":"2026-03-08T23:07:24+00:00","og_image":[{"width":1000,"height":1500,"url":"https:\/\/whysoseriousstore.com\/wp-content\/uploads\/2024\/05\/Tshirt-damski-sunkissed-brazowy-koszulka-whysoserious.jpg","type":"image\/jpeg"}],"twitter_card":"summary_large_image","twitter_misc":{"Estimated reading time":"2 minutes"},"schema":{"@context":"https:\/\/schema.org","@graph":[{"@type":"WebPage","@id":"https:\/\/whysoseriousstore.com\/sunkissed-brazowy-t-shirt-oversize\/","url":"https:\/\/whysoseriousstore.com\/sunkissed-brazowy-t-shirt-oversize\/","name":"Br\u0105zowy t-shirt oversized - Sunkissed Br\u0105zowy T-shirt Oversize WHYSOSERIOUS store","isPartOf":{"@id":"https:\/\/whysoseriousstore.com\/#website"},"primaryImageOfPage":{"@id":"https:\/\/whysoseriousstore.com\/sunkissed-brazowy-t-shirt-oversize\/#primaryimage"},"image":{"@id":"https:\/\/whysoseriousstore.com\/sunkissed-brazowy-t-shirt-oversize\/#primaryimage"},"thumbnailUrl":"https:\/\/whysoseriousstore.com\/wp-content\/uploads\/2024\/05\/Tshirt-damski-sunkissed-brazowy-koszulka-whysoserious.jpg","datePublished":"2024-05-22T18:01:01+00:00","dateModified":"2026-03-08T23:07:24+00:00","description":"Br\u0105zowy t-shirt damski Sunkissed to esencja letniego luzu, zaprojektowany dla tych, kt\u00f3rzy kochaj\u0105 lato i ceni\u0105 sobie niepowtarzalne chwile pe\u0142ne s\u0142o\u0144ca.","breadcrumb":{"@id":"https:\/\/whysoseriousstore.com\/sunkissed-brazowy-t-shirt-oversize\/#breadcrumb"},"inLanguage":"en-GB","potentialAction":[{"@type":"ReadAction","target":["https:\/\/whysoseriousstore.com\/sunkissed-brazowy-t-shirt-oversize\/"]}]},{"@type":"ImageObject","inLanguage":"en-GB","@id":"https:\/\/whysoseriousstore.com\/sunkissed-brazowy-t-shirt-oversize\/#primaryimage","url":"https:\/\/whysoseriousstore.com\/wp-content\/uploads\/2024\/05\/Tshirt-damski-sunkissed-brazowy-koszulka-whysoserious.jpg","contentUrl":"https:\/\/whysoseriousstore.com\/wp-content\/uploads\/2024\/05\/Tshirt-damski-sunkissed-brazowy-koszulka-whysoserious.jpg","width":1000,"height":1500},{"@type":"BreadcrumbList","@id":"https:\/\/whysoseriousstore.com\/sunkissed-brazowy-t-shirt-oversize\/#breadcrumb","itemListElement":[{"@type":"ListItem","position":1,"name":"Strona g\u0142\u00f3wna","item":"https:\/\/whysoseriousstore.com\/"},{"@type":"ListItem","position":2,"name":"Sklep","item":"https:\/\/whysoseriousstore.com\/sklep\/"},{"@type":"ListItem","position":3,"name":"Sunkissed Br\u0105zowy T-shirt Oversize"}]},{"@type":"WebSite","@id":"https:\/\/whysoseriousstore.com\/#website","url":"https:\/\/whysoseriousstore.com\/","name":"WHYSOSERIOUS store","description":"","potentialAction":[{"@type":"SearchAction","target":{"@type":"EntryPoint","urlTemplate":"https:\/\/whysoseriousstore.com\/?s={search_term_string}"},"query-input":{"@type":"PropertyValueSpecification","valueRequired":true,"valueName":"search_term_string"}}],"inLanguage":"en-GB"}]}},"_links":{"self":[{"href":"https:\/\/whysoseriousstore.com\/eng\/wp-json\/wp\/v2\/product\/17242","targetHints":{"allow":["GET"]}}],"collection":[{"href":"https:\/\/whysoseriousstore.com\/eng\/wp-json\/wp\/v2\/product"}],"about":[{"href":"https:\/\/whysoseriousstore.com\/eng\/wp-json\/wp\/v2\/types\/product"}],"wp:featuredmedia":[{"embeddable":true,"href":"https:\/\/whysoseriousstore.com\/eng\/wp-json\/wp\/v2\/media\/17335"}],"wp:attachment":[{"href":"https:\/\/whysoseriousstore.com\/eng\/wp-json\/wp\/v2\/media?parent=17242"}],"wp:term":[{"taxonomy":"product_brand","embeddable":true,"href":"https:\/\/whysoseriousstore.com\/eng\/wp-json\/wp\/v2\/product_brand?post=17242"},{"taxonomy":"product_cat","embeddable":true,"href":"https:\/\/whysoseriousstore.com\/eng\/wp-json\/wp\/v2\/product_cat?post=17242"},{"taxonomy":"product_tag","embeddable":true,"href":"https:\/\/whysoseriousstore.com\/eng\/wp-json\/wp\/v2\/product_tag?post=17242"}],"curies":[{"name":"wp","href":"https:\/\/api.w.org\/{rel}","templated":true}]}}