{"id":19621,"date":"2024-12-08T15:32:34","date_gmt":"2024-12-08T14:32:34","guid":{"rendered":"https:\/\/whysoseriousstore.com\/?post_type=product&#038;p=19621"},"modified":"2026-03-31T18:35:47","modified_gmt":"2026-03-31T16:35:47","slug":"karta-podarunkowa","status":"publish","type":"product","link":"https:\/\/whysoseriousstore.com\/eng\/karta-podarunkowa\/","title":{"rendered":"Gift card"},"content":{"rendered":"<p>The gift card is an electronic card, delivered by e-mail. Give someone the gift of their dreams, the Gift Card to the WHYSOSERIOUS shop. The card can only be used in our online shop. The card may be used by the customer without limitation until the amount on the card has been used up, but no later than the expiry date of the card.<\/p>\n<div class=\"chat-line__bubble\">\n<div class=\"u-hide-on-template chat-line__boosts\">\n<div class=\"boosts metadata avatar-group--x-small push--bottom boosts--empty\" data-controller=\"boosts\" data-boosts-has-boosts-selector-value=\".boost:not(.boost-form)\" data-boosts-adding-selector-value=\".boost-form.expanded\" data-boosts-empty-class=\"boosts--empty\" data-boosts-adding-class=\"boosts--adding\" data-boosts-deleting-class=\"boost--deleting\">\n<div class=\"boost-form__link-container\">\n<div class=\"chat-line__body formatted_content\" data-chat--line-formatter-target=\"body\">\n<div>\n<ul>\n<li>The validity of the online card is 12 months.<\/li>\n<li>If the value of purchases exceeds the amount assigned to the gift card, the difference can be paid with another form of payment.<\/li>\n<li>Please note that no invoice will be issued for the purchase of a gift card.<\/li>\n<\/ul>\n<\/div>\n<\/div>\n<\/div>\n<\/div>\n<\/div>\n<\/div>","protected":false},"excerpt":{"rendered":"<p>Karta podarunkowa jest kart\u0105 elektroniczn\u0105, dostarczan\u0105 drog\u0105 e-mail. Spraw komu\u015b wymarzony prezent, czyli Gift Card do sklepu WHYSOSERIOUS. Kart\u0119 mo\u017cna j\u0105 wykorzysta\u0107 jedynie w naszym sklepie online. Karta mo\u017ce by\u0107 u\u017cywana przez Klienta bez ogranicze\u0144, do czasu wyczerpania znajduj\u0105cej si\u0119 na niej kwoty, nie p\u00f3\u017aniej jednak ni\u017c do czasu up\u0142ywu okresu wa\u017cno\u015bci Karty. Wa\u017cno\u015b\u0107 karty [&hellip;]<\/p>\n","protected":false},"featured_media":19958,"template":"","meta":[],"product_brand":[],"product_cat":[145,127],"product_tag":[],"class_list":{"0":"post-19621","1":"product","2":"type-product","3":"status-publish","4":"has-post-thumbnail","6":"product_cat-giftcard","7":"product_cat-wszystko","9":"first","10":"instock","11":"taxable","12":"shipping-taxable","13":"purchasable","14":"product-type-variable","15":"has-default-attributes"},"bundled_by":[],"bundle_stock_status":"instock","bundle_stock_quantity":null,"bundle_virtual":false,"bundle_layout":"","bundle_add_to_cart_form_location":"","bundle_editable_in_cart":false,"bundle_sold_individually_context":"","bundle_item_grouping":"","bundle_min_size":"","bundle_max_size":"","bundle_price":[],"bundled_items":[],"bundle_sell_ids":[],"yoast_head":"<!-- This site is optimized with the Yoast SEO Premium plugin v20.0 (Yoast SEO v26.5) - https:\/\/yoast.com\/wordpress\/plugins\/seo\/ -->\n<title>Karta Podarunkowa - WHYSOSERIOUS store<\/title>\n<meta name=\"robots\" content=\"index, follow, max-snippet:-1, max-image-preview:large, max-video-preview:-1\" \/>\n<link rel=\"canonical\" href=\"https:\/\/whysoseriousstore.com\/eng\/karta-podarunkowa\/\" \/>\n<meta property=\"og:locale\" content=\"en_GB\" \/>\n<meta property=\"og:type\" content=\"article\" \/>\n<meta property=\"og:title\" content=\"Karta Podarunkowa\" \/>\n<meta property=\"og:description\" content=\"Karta podarunkowa jest kart\u0105 elektroniczn\u0105, dostarczan\u0105 drog\u0105 e-mail. Spraw komu\u015b wymarzony prezent, czyli Gift Card do sklepu WHYSOSERIOUS. Kart\u0119 mo\u017cna j\u0105 wykorzysta\u0107 jedynie w naszym sklepie online. Karta mo\u017ce by\u0107 u\u017cywana przez Klienta bez ogranicze\u0144, do czasu wyczerpania znajduj\u0105cej si\u0119 na niej kwoty, nie p\u00f3\u017aniej jednak ni\u017c do czasu up\u0142ywu okresu wa\u017cno\u015bci Karty. Wa\u017cno\u015b\u0107 karty [&hellip;]\" \/>\n<meta property=\"og:url\" content=\"https:\/\/whysoseriousstore.com\/eng\/karta-podarunkowa\/\" \/>\n<meta property=\"og:site_name\" content=\"WHYSOSERIOUS store\" \/>\n<meta property=\"article:modified_time\" content=\"2026-03-31T16:35:47+00:00\" \/>\n<meta property=\"og:image\" content=\"https:\/\/whysoseriousstore.com\/wp-content\/uploads\/2024\/11\/Gift-Card-Whysoserious.jpg\" \/>\n\t<meta property=\"og:image:width\" content=\"1000\" \/>\n\t<meta property=\"og:image:height\" content=\"1500\" \/>\n\t<meta property=\"og:image:type\" content=\"image\/jpeg\" \/>\n<meta name=\"twitter:card\" content=\"summary_large_image\" \/>\n<meta name=\"twitter:label1\" content=\"Estimated reading time\" \/>\n\t<meta name=\"twitter:data1\" content=\"1 minute\" \/>\n<script type=\"application\/ld+json\" class=\"yoast-schema-graph\">{\"@context\":\"https:\/\/schema.org\",\"@graph\":[{\"@type\":\"WebPage\",\"@id\":\"https:\/\/whysoseriousstore.com\/karta-podarunkowa\/\",\"url\":\"https:\/\/whysoseriousstore.com\/karta-podarunkowa\/\",\"name\":\"Karta Podarunkowa - WHYSOSERIOUS store\",\"isPartOf\":{\"@id\":\"https:\/\/whysoseriousstore.com\/#website\"},\"primaryImageOfPage\":{\"@id\":\"https:\/\/whysoseriousstore.com\/karta-podarunkowa\/#primaryimage\"},\"image\":{\"@id\":\"https:\/\/whysoseriousstore.com\/karta-podarunkowa\/#primaryimage\"},\"thumbnailUrl\":\"https:\/\/whysoseriousstore.com\/wp-content\/uploads\/2024\/11\/Gift-Card-Whysoserious.jpg\",\"datePublished\":\"2024-12-08T14:32:34+00:00\",\"dateModified\":\"2026-03-31T16:35:47+00:00\",\"breadcrumb\":{\"@id\":\"https:\/\/whysoseriousstore.com\/karta-podarunkowa\/#breadcrumb\"},\"inLanguage\":\"en-GB\",\"potentialAction\":[{\"@type\":\"ReadAction\",\"target\":[\"https:\/\/whysoseriousstore.com\/karta-podarunkowa\/\"]}]},{\"@type\":\"ImageObject\",\"inLanguage\":\"en-GB\",\"@id\":\"https:\/\/whysoseriousstore.com\/karta-podarunkowa\/#primaryimage\",\"url\":\"https:\/\/whysoseriousstore.com\/wp-content\/uploads\/2024\/11\/Gift-Card-Whysoserious.jpg\",\"contentUrl\":\"https:\/\/whysoseriousstore.com\/wp-content\/uploads\/2024\/11\/Gift-Card-Whysoserious.jpg\",\"width\":1000,\"height\":1500},{\"@type\":\"BreadcrumbList\",\"@id\":\"https:\/\/whysoseriousstore.com\/karta-podarunkowa\/#breadcrumb\",\"itemListElement\":[{\"@type\":\"ListItem\",\"position\":1,\"name\":\"Strona g\u0142\u00f3wna\",\"item\":\"https:\/\/whysoseriousstore.com\/\"},{\"@type\":\"ListItem\",\"position\":2,\"name\":\"Sklep\",\"item\":\"https:\/\/whysoseriousstore.com\/sklep\/\"},{\"@type\":\"ListItem\",\"position\":3,\"name\":\"Karta Podarunkowa\"}]},{\"@type\":\"WebSite\",\"@id\":\"https:\/\/whysoseriousstore.com\/#website\",\"url\":\"https:\/\/whysoseriousstore.com\/\",\"name\":\"WHYSOSERIOUS store\",\"description\":\"\",\"potentialAction\":[{\"@type\":\"SearchAction\",\"target\":{\"@type\":\"EntryPoint\",\"urlTemplate\":\"https:\/\/whysoseriousstore.com\/?s={search_term_string}\"},\"query-input\":{\"@type\":\"PropertyValueSpecification\",\"valueRequired\":true,\"valueName\":\"search_term_string\"}}],\"inLanguage\":\"en-GB\"}]}<\/script>\n<!-- \/ Yoast SEO Premium plugin. -->","yoast_head_json":{"title":"Karta Podarunkowa - WHYSOSERIOUS store","robots":{"index":"index","follow":"follow","max-snippet":"max-snippet:-1","max-image-preview":"max-image-preview:large","max-video-preview":"max-video-preview:-1"},"canonical":"https:\/\/whysoseriousstore.com\/eng\/karta-podarunkowa\/","og_locale":"en_GB","og_type":"article","og_title":"Karta Podarunkowa","og_description":"Karta podarunkowa jest kart\u0105 elektroniczn\u0105, dostarczan\u0105 drog\u0105 e-mail. Spraw komu\u015b wymarzony prezent, czyli Gift Card do sklepu WHYSOSERIOUS. Kart\u0119 mo\u017cna j\u0105 wykorzysta\u0107 jedynie w naszym sklepie online. Karta mo\u017ce by\u0107 u\u017cywana przez Klienta bez ogranicze\u0144, do czasu wyczerpania znajduj\u0105cej si\u0119 na niej kwoty, nie p\u00f3\u017aniej jednak ni\u017c do czasu up\u0142ywu okresu wa\u017cno\u015bci Karty. Wa\u017cno\u015b\u0107 karty [&hellip;]","og_url":"https:\/\/whysoseriousstore.com\/eng\/karta-podarunkowa\/","og_site_name":"WHYSOSERIOUS store","article_modified_time":"2026-03-31T16:35:47+00:00","og_image":[{"width":1000,"height":1500,"url":"https:\/\/whysoseriousstore.com\/wp-content\/uploads\/2024\/11\/Gift-Card-Whysoserious.jpg","type":"image\/jpeg"}],"twitter_card":"summary_large_image","twitter_misc":{"Estimated reading time":"1 minute"},"schema":{"@context":"https:\/\/schema.org","@graph":[{"@type":"WebPage","@id":"https:\/\/whysoseriousstore.com\/karta-podarunkowa\/","url":"https:\/\/whysoseriousstore.com\/karta-podarunkowa\/","name":"Karta Podarunkowa - WHYSOSERIOUS store","isPartOf":{"@id":"https:\/\/whysoseriousstore.com\/#website"},"primaryImageOfPage":{"@id":"https:\/\/whysoseriousstore.com\/karta-podarunkowa\/#primaryimage"},"image":{"@id":"https:\/\/whysoseriousstore.com\/karta-podarunkowa\/#primaryimage"},"thumbnailUrl":"https:\/\/whysoseriousstore.com\/wp-content\/uploads\/2024\/11\/Gift-Card-Whysoserious.jpg","datePublished":"2024-12-08T14:32:34+00:00","dateModified":"2026-03-31T16:35:47+00:00","breadcrumb":{"@id":"https:\/\/whysoseriousstore.com\/karta-podarunkowa\/#breadcrumb"},"inLanguage":"en-GB","potentialAction":[{"@type":"ReadAction","target":["https:\/\/whysoseriousstore.com\/karta-podarunkowa\/"]}]},{"@type":"ImageObject","inLanguage":"en-GB","@id":"https:\/\/whysoseriousstore.com\/karta-podarunkowa\/#primaryimage","url":"https:\/\/whysoseriousstore.com\/wp-content\/uploads\/2024\/11\/Gift-Card-Whysoserious.jpg","contentUrl":"https:\/\/whysoseriousstore.com\/wp-content\/uploads\/2024\/11\/Gift-Card-Whysoserious.jpg","width":1000,"height":1500},{"@type":"BreadcrumbList","@id":"https:\/\/whysoseriousstore.com\/karta-podarunkowa\/#breadcrumb","itemListElement":[{"@type":"ListItem","position":1,"name":"Strona g\u0142\u00f3wna","item":"https:\/\/whysoseriousstore.com\/"},{"@type":"ListItem","position":2,"name":"Sklep","item":"https:\/\/whysoseriousstore.com\/sklep\/"},{"@type":"ListItem","position":3,"name":"Karta Podarunkowa"}]},{"@type":"WebSite","@id":"https:\/\/whysoseriousstore.com\/#website","url":"https:\/\/whysoseriousstore.com\/","name":"WHYSOSERIOUS store","description":"","potentialAction":[{"@type":"SearchAction","target":{"@type":"EntryPoint","urlTemplate":"https:\/\/whysoseriousstore.com\/?s={search_term_string}"},"query-input":{"@type":"PropertyValueSpecification","valueRequired":true,"valueName":"search_term_string"}}],"inLanguage":"en-GB"}]}},"_links":{"self":[{"href":"https:\/\/whysoseriousstore.com\/eng\/wp-json\/wp\/v2\/product\/19621","targetHints":{"allow":["GET"]}}],"collection":[{"href":"https:\/\/whysoseriousstore.com\/eng\/wp-json\/wp\/v2\/product"}],"about":[{"href":"https:\/\/whysoseriousstore.com\/eng\/wp-json\/wp\/v2\/types\/product"}],"wp:featuredmedia":[{"embeddable":true,"href":"https:\/\/whysoseriousstore.com\/eng\/wp-json\/wp\/v2\/media\/19958"}],"wp:attachment":[{"href":"https:\/\/whysoseriousstore.com\/eng\/wp-json\/wp\/v2\/media?parent=19621"}],"wp:term":[{"taxonomy":"product_brand","embeddable":true,"href":"https:\/\/whysoseriousstore.com\/eng\/wp-json\/wp\/v2\/product_brand?post=19621"},{"taxonomy":"product_cat","embeddable":true,"href":"https:\/\/whysoseriousstore.com\/eng\/wp-json\/wp\/v2\/product_cat?post=19621"},{"taxonomy":"product_tag","embeddable":true,"href":"https:\/\/whysoseriousstore.com\/eng\/wp-json\/wp\/v2\/product_tag?post=19621"}],"curies":[{"name":"wp","href":"https:\/\/api.w.org\/{rel}","templated":true}]}}