{"id":19888,"date":"2024-11-30T17:14:22","date_gmt":"2024-11-30T16:14:22","guid":{"rendered":"https:\/\/whysoseriousstore.com\/?post_type=product&#038;p=19888"},"modified":"2026-03-16T01:28:53","modified_gmt":"2026-03-16T00:28:53","slug":"kubek-ceramiczny-matcha-lovers","status":"publish","type":"product","link":"https:\/\/whysoseriousstore.com\/eng\/kubek-ceramiczny-matcha-lovers\/","title":{"rendered":"Matcha Lovers Ceramic Mug"},"content":{"rendered":"<p>Oryginalny bia\u0142y kubek ceramiczny z napisem &#8222;Matcha Mornings Club&#8221; to nie tylko naczynie do picia ulubionej matchy, herbaty czy\u00a0 kawy, lecz tak\u017ce element, kt\u00f3ry dodaje charakteru Twojemu codziennemu rytua\u0142owi. Wykonany w Polsce z wysokiej jako\u015bci ceramiki, ten kubek zachwyca nie tylko designem, ale tak\u017ce trwa\u0142o\u015bci\u0105 i komfortem u\u017cytkowania.<\/p>\n<div class=\"flex-1 overflow-hidden\">\n<div class=\"react-scroll-to-bottom--css-pywlr-79elbk h-full\">\n<div class=\"react-scroll-to-bottom--css-pywlr-1n7m0yu\">\n<div class=\"flex flex-col text-sm gizmo:pb-9 dark:bg-gray-800 gizmo:dark:bg-transparent\">\n<div class=\"group w-full text-token-text-primary border-b border-black\/10 gizmo:border-0 dark:border-gray-900\/50 gizmo:dark:border-0 bg-gray-50 gizmo:bg-transparent dark:bg-[#444654] gizmo:dark:bg-transparent\" data-testid=\"conversation-turn-3\">\n<div class=\"p-4 gizmo:py-2 justify-center text-base md:gap-6 md:py-6 m-auto\">\n<div class=\"flex flex-1 gap-4 text-base mx-auto md:gap-6 gizmo:gap-3 gizmo:md:px-5 gizmo:lg:px-1 gizmo:xl:px-5 md:max-w-2xl lg:max-w-[38rem] gizmo:md:max-w-3xl gizmo:lg:max-w-[40rem] gizmo:xl:max-w-[48rem] xl:max-w-3xl }\">\n<div class=\"relative flex w-[calc(100%-50px)] flex-col gizmo:w-full lg:w-[calc(100%-115px)] agent-turn\">\n<div class=\"flex-col gap-1 md:gap-3\">\n<div class=\"flex flex-grow flex-col gap-3 max-w-full\">\n<div class=\"min-h-[20px] flex flex-col items-start gap-3 whitespace-pre-wrap break-words overflow-x-auto\" data-message-author-role=\"assistant\" data-message-id=\"7dfe8b6f-ea1a-4b09-831e-26c18a932bfb\">\n<div class=\"markdown prose w-full break-words dark:prose-invert light\">\n<p>Wykonany z wysokiej jako\u015bci ceramiki, bia\u0142y kubek ceramiczny jest nie tylko estetyczny, ale r\u00f3wnie\u017c praktyczny. Materia\u0142, z kt\u00f3rego zosta\u0142 wykonany, gwarantuje trwa\u0142o\u015b\u0107 i umo\u017cliwia mycie go w zmywarce. Kubek w klimacie retro bez problemu utrzymuje ciep\u0142o napoju i umila sam rytua\u0142 picia kawy czy herbaty.<\/p>\n<p>Kubek ceramiczny\u00a0 Matcha Mornings to nie tylko element Twojej kolekcji, ale tak\u017ce doskona\u0142y pomys\u0142 na prezent dla bliskiej osoby. Jego unikalny design sprawia, \u017ce wyr\u00f3\u017cnia si\u0119 spo\u015br\u00f3d innych, tworz\u0105c niepowtarzalny element wyposa\u017cenia kuchni czy biurka. Niezale\u017cnie od okazji \u2013 czy to prezent \u015bwi\u0105teczny, urodzinowy \u2013 ten kubek z pewno\u015bci\u0105 wywo\u0142a u\u015bmiech na twarzy obdarowanego za ka\u017cdym razem, gdy b\u0119dzie w nim pi\u0142 match\u0119.<\/p>\n<p>Zam\u00f3w ju\u017c teraz oryginalny kubek ceramiczny &#8222;Matcha Mornings&#8221; i uzupe\u0142nij sw\u00f3j codzienny rytua\u0142 ulubionym naczyniem, kt\u00f3re nie tylko sprawi przyjemno\u015b\u0107, ale tak\u017ce doda uroku Twojemu otoczeniu.<\/p>\n<\/div>\n<\/div>\n<\/div>\n<\/div>\n<\/div>\n<\/div>\n<\/div>\n<\/div>\n<\/div>\n<\/div>\n<\/div>\n<\/div>\n<p>&#8211; pojemno\u015b\u0107: 360 ml<br \/>\n&#8211; wymiary: wys. 105 mm, \u015br. 85 mm<br \/>\n&#8211; mo\u017cna myc w zmywarce<br \/>\n&#8211; logo WHYSOSERIOUS z drugiej strony kubka<\/p>\n<div id=\"simple-translate\" class=\"simple-translate-system-theme\">\n<div>\n<div class=\"simple-translate-button isShow\" style=\"background-image: url('moz-extension:\/\/812c5248-7662-4c4d-b5fe-8ccc8bc73781\/icons\/512.png'); height: 22px; width: 22px; top: 459px; left: 402px;\"><\/div>\n<div class=\"simple-translate-panel \" style=\"width: 300px; height: 200px; top: 0px; left: 0px; font-size: 13px;\">\n<div class=\"simple-translate-result-wrapper\" style=\"overflow: hidden;\">\n<div class=\"simple-translate-move\" draggable=\"true\"><\/div>\n<div class=\"simple-translate-result-contents\">\n<p class=\"simple-translate-candidate\" dir=\"auto\">\n<\/div>\n<\/div>\n<\/div>\n<\/div>\n<\/div>\n","protected":false},"excerpt":{"rendered":"<p>Oryginalny bia\u0142y kubek ceramiczny z napisem &#8222;Matcha Mornings Club&#8221; to nie tylko naczynie do picia ulubionej matchy, herbaty czy\u00a0 kawy, lecz tak\u017ce element, kt\u00f3ry dodaje charakteru Twojemu codziennemu rytua\u0142owi. Wykonany w Polsce z wysokiej jako\u015bci ceramiki, ten kubek zachwyca nie tylko designem, ale tak\u017ce trwa\u0142o\u015bci\u0105 i komfortem u\u017cytkowania. Wykonany z wysokiej jako\u015bci ceramiki, bia\u0142y kubek [&hellip;]<\/p>\n","protected":false},"featured_media":19989,"template":"","meta":[],"product_brand":[],"product_cat":[169,128,127],"product_tag":[],"class_list":{"0":"post-19888","1":"product","2":"type-product","3":"status-publish","4":"has-post-thumbnail","6":"product_cat-gift-guide","7":"product_cat-dodatki","8":"product_cat-wszystko","10":"first","11":"instock","12":"taxable","13":"shipping-taxable","14":"purchasable","15":"product-type-simple"},"bundled_by":[],"bundle_stock_status":"instock","bundle_stock_quantity":7,"bundle_virtual":false,"bundle_layout":"","bundle_add_to_cart_form_location":"","bundle_editable_in_cart":false,"bundle_sold_individually_context":"","bundle_item_grouping":"","bundle_min_size":"","bundle_max_size":"","bundle_price":[],"bundled_items":[],"bundle_sell_ids":[],"yoast_head":"<!-- This site is optimized with the Yoast SEO Premium plugin v20.0 (Yoast SEO v26.5) - https:\/\/yoast.com\/wordpress\/plugins\/seo\/ -->\n<title>Kubek Ceramiczny Matcha Lovers - WHYSOSERIOUS store<\/title>\n<meta name=\"robots\" content=\"index, follow, max-snippet:-1, max-image-preview:large, max-video-preview:-1\" \/>\n<link rel=\"canonical\" href=\"https:\/\/whysoseriousstore.com\/eng\/kubek-ceramiczny-matcha-lovers\/\" \/>\n<meta property=\"og:locale\" content=\"en_GB\" \/>\n<meta property=\"og:type\" content=\"article\" \/>\n<meta property=\"og:title\" content=\"Kubek Ceramiczny Matcha Lovers\" \/>\n<meta property=\"og:description\" content=\"Oryginalny bia\u0142y kubek ceramiczny z napisem &#8222;Matcha Mornings Club&#8221; to nie tylko naczynie do picia ulubionej matchy, herbaty czy\u00a0 kawy, lecz tak\u017ce element, kt\u00f3ry dodaje charakteru Twojemu codziennemu rytua\u0142owi. Wykonany w Polsce z wysokiej jako\u015bci ceramiki, ten kubek zachwyca nie tylko designem, ale tak\u017ce trwa\u0142o\u015bci\u0105 i komfortem u\u017cytkowania. Wykonany z wysokiej jako\u015bci ceramiki, bia\u0142y kubek [&hellip;]\" \/>\n<meta property=\"og:url\" content=\"https:\/\/whysoseriousstore.com\/eng\/kubek-ceramiczny-matcha-lovers\/\" \/>\n<meta property=\"og:site_name\" content=\"WHYSOSERIOUS store\" \/>\n<meta property=\"article:modified_time\" content=\"2026-03-16T00:28:53+00:00\" \/>\n<meta property=\"og:image\" content=\"https:\/\/whysoseriousstore.com\/wp-content\/uploads\/2024\/11\/WSS-Newsletter-Twoja-relacja.zip-4.jpeg\" \/>\n\t<meta property=\"og:image:width\" content=\"1080\" \/>\n\t<meta property=\"og:image:height\" content=\"1620\" \/>\n\t<meta property=\"og:image:type\" content=\"image\/jpeg\" \/>\n<meta name=\"twitter:card\" content=\"summary_large_image\" \/>\n<meta name=\"twitter:label1\" content=\"Estimated reading time\" \/>\n\t<meta name=\"twitter:data1\" content=\"2 minutes\" \/>\n<script type=\"application\/ld+json\" class=\"yoast-schema-graph\">{\"@context\":\"https:\/\/schema.org\",\"@graph\":[{\"@type\":\"WebPage\",\"@id\":\"https:\/\/whysoseriousstore.com\/kubek-ceramiczny-matcha-lovers\/\",\"url\":\"https:\/\/whysoseriousstore.com\/kubek-ceramiczny-matcha-lovers\/\",\"name\":\"Kubek Ceramiczny Matcha Lovers - WHYSOSERIOUS store\",\"isPartOf\":{\"@id\":\"https:\/\/whysoseriousstore.com\/#website\"},\"primaryImageOfPage\":{\"@id\":\"https:\/\/whysoseriousstore.com\/kubek-ceramiczny-matcha-lovers\/#primaryimage\"},\"image\":{\"@id\":\"https:\/\/whysoseriousstore.com\/kubek-ceramiczny-matcha-lovers\/#primaryimage\"},\"thumbnailUrl\":\"https:\/\/whysoseriousstore.com\/wp-content\/uploads\/2024\/11\/WSS-Newsletter-Twoja-relacja.zip-4.jpeg\",\"datePublished\":\"2024-11-30T16:14:22+00:00\",\"dateModified\":\"2026-03-16T00:28:53+00:00\",\"breadcrumb\":{\"@id\":\"https:\/\/whysoseriousstore.com\/kubek-ceramiczny-matcha-lovers\/#breadcrumb\"},\"inLanguage\":\"en-GB\",\"potentialAction\":[{\"@type\":\"ReadAction\",\"target\":[\"https:\/\/whysoseriousstore.com\/kubek-ceramiczny-matcha-lovers\/\"]}]},{\"@type\":\"ImageObject\",\"inLanguage\":\"en-GB\",\"@id\":\"https:\/\/whysoseriousstore.com\/kubek-ceramiczny-matcha-lovers\/#primaryimage\",\"url\":\"https:\/\/whysoseriousstore.com\/wp-content\/uploads\/2024\/11\/WSS-Newsletter-Twoja-relacja.zip-4.jpeg\",\"contentUrl\":\"https:\/\/whysoseriousstore.com\/wp-content\/uploads\/2024\/11\/WSS-Newsletter-Twoja-relacja.zip-4.jpeg\",\"width\":1080,\"height\":1620},{\"@type\":\"BreadcrumbList\",\"@id\":\"https:\/\/whysoseriousstore.com\/kubek-ceramiczny-matcha-lovers\/#breadcrumb\",\"itemListElement\":[{\"@type\":\"ListItem\",\"position\":1,\"name\":\"Strona g\u0142\u00f3wna\",\"item\":\"https:\/\/whysoseriousstore.com\/\"},{\"@type\":\"ListItem\",\"position\":2,\"name\":\"Sklep\",\"item\":\"https:\/\/whysoseriousstore.com\/sklep\/\"},{\"@type\":\"ListItem\",\"position\":3,\"name\":\"Kubek Ceramiczny Matcha Lovers\"}]},{\"@type\":\"WebSite\",\"@id\":\"https:\/\/whysoseriousstore.com\/#website\",\"url\":\"https:\/\/whysoseriousstore.com\/\",\"name\":\"WHYSOSERIOUS store\",\"description\":\"\",\"potentialAction\":[{\"@type\":\"SearchAction\",\"target\":{\"@type\":\"EntryPoint\",\"urlTemplate\":\"https:\/\/whysoseriousstore.com\/?s={search_term_string}\"},\"query-input\":{\"@type\":\"PropertyValueSpecification\",\"valueRequired\":true,\"valueName\":\"search_term_string\"}}],\"inLanguage\":\"en-GB\"}]}<\/script>\n<!-- \/ Yoast SEO Premium plugin. -->","yoast_head_json":{"title":"Kubek Ceramiczny Matcha Lovers - WHYSOSERIOUS store","robots":{"index":"index","follow":"follow","max-snippet":"max-snippet:-1","max-image-preview":"max-image-preview:large","max-video-preview":"max-video-preview:-1"},"canonical":"https:\/\/whysoseriousstore.com\/eng\/kubek-ceramiczny-matcha-lovers\/","og_locale":"en_GB","og_type":"article","og_title":"Kubek Ceramiczny Matcha Lovers","og_description":"Oryginalny bia\u0142y kubek ceramiczny z napisem &#8222;Matcha Mornings Club&#8221; to nie tylko naczynie do picia ulubionej matchy, herbaty czy\u00a0 kawy, lecz tak\u017ce element, kt\u00f3ry dodaje charakteru Twojemu codziennemu rytua\u0142owi. Wykonany w Polsce z wysokiej jako\u015bci ceramiki, ten kubek zachwyca nie tylko designem, ale tak\u017ce trwa\u0142o\u015bci\u0105 i komfortem u\u017cytkowania. Wykonany z wysokiej jako\u015bci ceramiki, bia\u0142y kubek [&hellip;]","og_url":"https:\/\/whysoseriousstore.com\/eng\/kubek-ceramiczny-matcha-lovers\/","og_site_name":"WHYSOSERIOUS store","article_modified_time":"2026-03-16T00:28:53+00:00","og_image":[{"width":1080,"height":1620,"url":"https:\/\/whysoseriousstore.com\/wp-content\/uploads\/2024\/11\/WSS-Newsletter-Twoja-relacja.zip-4.jpeg","type":"image\/jpeg"}],"twitter_card":"summary_large_image","twitter_misc":{"Estimated reading time":"2 minutes"},"schema":{"@context":"https:\/\/schema.org","@graph":[{"@type":"WebPage","@id":"https:\/\/whysoseriousstore.com\/kubek-ceramiczny-matcha-lovers\/","url":"https:\/\/whysoseriousstore.com\/kubek-ceramiczny-matcha-lovers\/","name":"Kubek Ceramiczny Matcha Lovers - WHYSOSERIOUS store","isPartOf":{"@id":"https:\/\/whysoseriousstore.com\/#website"},"primaryImageOfPage":{"@id":"https:\/\/whysoseriousstore.com\/kubek-ceramiczny-matcha-lovers\/#primaryimage"},"image":{"@id":"https:\/\/whysoseriousstore.com\/kubek-ceramiczny-matcha-lovers\/#primaryimage"},"thumbnailUrl":"https:\/\/whysoseriousstore.com\/wp-content\/uploads\/2024\/11\/WSS-Newsletter-Twoja-relacja.zip-4.jpeg","datePublished":"2024-11-30T16:14:22+00:00","dateModified":"2026-03-16T00:28:53+00:00","breadcrumb":{"@id":"https:\/\/whysoseriousstore.com\/kubek-ceramiczny-matcha-lovers\/#breadcrumb"},"inLanguage":"en-GB","potentialAction":[{"@type":"ReadAction","target":["https:\/\/whysoseriousstore.com\/kubek-ceramiczny-matcha-lovers\/"]}]},{"@type":"ImageObject","inLanguage":"en-GB","@id":"https:\/\/whysoseriousstore.com\/kubek-ceramiczny-matcha-lovers\/#primaryimage","url":"https:\/\/whysoseriousstore.com\/wp-content\/uploads\/2024\/11\/WSS-Newsletter-Twoja-relacja.zip-4.jpeg","contentUrl":"https:\/\/whysoseriousstore.com\/wp-content\/uploads\/2024\/11\/WSS-Newsletter-Twoja-relacja.zip-4.jpeg","width":1080,"height":1620},{"@type":"BreadcrumbList","@id":"https:\/\/whysoseriousstore.com\/kubek-ceramiczny-matcha-lovers\/#breadcrumb","itemListElement":[{"@type":"ListItem","position":1,"name":"Strona g\u0142\u00f3wna","item":"https:\/\/whysoseriousstore.com\/"},{"@type":"ListItem","position":2,"name":"Sklep","item":"https:\/\/whysoseriousstore.com\/sklep\/"},{"@type":"ListItem","position":3,"name":"Kubek Ceramiczny Matcha Lovers"}]},{"@type":"WebSite","@id":"https:\/\/whysoseriousstore.com\/#website","url":"https:\/\/whysoseriousstore.com\/","name":"WHYSOSERIOUS store","description":"","potentialAction":[{"@type":"SearchAction","target":{"@type":"EntryPoint","urlTemplate":"https:\/\/whysoseriousstore.com\/?s={search_term_string}"},"query-input":{"@type":"PropertyValueSpecification","valueRequired":true,"valueName":"search_term_string"}}],"inLanguage":"en-GB"}]}},"_links":{"self":[{"href":"https:\/\/whysoseriousstore.com\/eng\/wp-json\/wp\/v2\/product\/19888","targetHints":{"allow":["GET"]}}],"collection":[{"href":"https:\/\/whysoseriousstore.com\/eng\/wp-json\/wp\/v2\/product"}],"about":[{"href":"https:\/\/whysoseriousstore.com\/eng\/wp-json\/wp\/v2\/types\/product"}],"wp:featuredmedia":[{"embeddable":true,"href":"https:\/\/whysoseriousstore.com\/eng\/wp-json\/wp\/v2\/media\/19989"}],"wp:attachment":[{"href":"https:\/\/whysoseriousstore.com\/eng\/wp-json\/wp\/v2\/media?parent=19888"}],"wp:term":[{"taxonomy":"product_brand","embeddable":true,"href":"https:\/\/whysoseriousstore.com\/eng\/wp-json\/wp\/v2\/product_brand?post=19888"},{"taxonomy":"product_cat","embeddable":true,"href":"https:\/\/whysoseriousstore.com\/eng\/wp-json\/wp\/v2\/product_cat?post=19888"},{"taxonomy":"product_tag","embeddable":true,"href":"https:\/\/whysoseriousstore.com\/eng\/wp-json\/wp\/v2\/product_tag?post=19888"}],"curies":[{"name":"wp","href":"https:\/\/api.w.org\/{rel}","templated":true}]}}