{"id":20465,"date":"2025-02-11T16:11:37","date_gmt":"2025-02-11T15:11:37","guid":{"rendered":"https:\/\/whysoseriousstore.com\/?post_type=product&#038;p=20465"},"modified":"2026-03-31T15:58:38","modified_gmt":"2026-03-31T13:58:38","slug":"mocha-bluza-z-kapturem-wss","status":"publish","type":"product","link":"https:\/\/whysoseriousstore.com\/eng\/mocha-bluza-z-kapturem-wss\/","title":{"rendered":"Mocha Hooded Sweatshirt WSS"},"content":{"rendered":"<p>The oversize hoodie in mocha is the perfect choice for those looking for style and comfort. As part of our Classics collection, it is a quality classic that never goes out of fashion, goes with everything and above all makes a <strong>you feel fantastic without any unnecessary effort<\/strong>.<\/p>\n<p>The sweatshirt is made of draped cotton, soft inside and provides exceptional wearing comfort. Its loose fit allows for complete freedom, and our unique bestselling cut will give any of your styling a flair. Great for everyday styling, the perfect choice for summer and winter outings.<\/p>\n<p>The WHYSOSERIOUS sweatshirt in a caramel shade is a new take on our bestselling WSS Hoodie. The print on the back of the hoodie is the brand's classic print along with the statement 'Taking your pleasures seriously since 2018'. The neutral, classic colour scheme makes it easy to match with a variety of wardrobe pieces, creating endless styling possibilities, adding nonchalance to any outfit. The sweatshirt is also a great choice for layering on colder days, when you can pair it with a bomber jacket or long coat.<\/p>\n<p>We're all about quality and style, and the oversize hoodie is proof that you can combine both in one product. The sweatshirt is not only comfortable, but also durable, making it<strong> will serve you for many seasons.<\/strong> Details such as neatly finished seams and delicate, shortened welts emphasise the high quality of the workmanship.<br \/>\nJoin the WHYSOSERIOUS team and choose our timeless classics.<\/p>\n<p>The model in the photo wears size XS\/S and is 174 cm tall.<br \/>\n<strong>THE HIGHEST QUALITY, MADE IN POLAND.\u00a0<\/strong><\/p>\n<p><a href=\"https:\/\/whysoseriousstore.com\/eng\/tshirty-damskie\/\">See also our t-shirts!<\/a><br \/>\nVisit us at <a href=\"https:\/\/www.instagram.com\/wss.whysoserious\/\">instagram<\/a> i <a href=\"https:\/\/www.facebook.com\/WSS.whysoserious\">facebook<\/a>.<\/p>","protected":false},"excerpt":{"rendered":"<p>Bluza typu oversize z kapturem w kolorze mocha to idealny wyb\u00f3r dla poszukuj\u0105cych stylu i wygody. Jako cze\u015b\u0107 naszej kolekcji Classics, jest to jako\u015bciowy klasyk, kt\u00f3ry nigdy nie wychodzi z mody, pasuje do wszystkiego i przede wszystkim sprawia, \u017ce czujesz si\u0119 fantastycznie bez zb\u0119dnego wysi\u0142ku. Bluza jest wykonana z bawe\u0142ny drapanej, mi\u0119kkiej w \u015brodku i [&hellip;]<\/p>\n","protected":false},"featured_media":21100,"template":"","meta":[],"product_brand":[],"product_cat":[176,111,127],"product_tag":[],"class_list":{"0":"post-20465","1":"product","2":"type-product","3":"status-publish","4":"has-post-thumbnail","6":"product_cat-womens-day","7":"product_cat-bluzy-unisex","8":"product_cat-wszystko","10":"first","11":"instock","12":"taxable","13":"shipping-taxable","14":"purchasable","15":"product-type-variable","16":"has-default-attributes"},"bundled_by":[],"bundle_stock_status":"instock","bundle_stock_quantity":null,"bundle_virtual":false,"bundle_layout":"","bundle_add_to_cart_form_location":"","bundle_editable_in_cart":false,"bundle_sold_individually_context":"","bundle_item_grouping":"","bundle_min_size":"","bundle_max_size":"","bundle_price":[],"bundled_items":[],"bundle_sell_ids":[],"yoast_head":"<!-- This site is optimized with the Yoast SEO Premium plugin v20.0 (Yoast SEO v26.5) - https:\/\/yoast.com\/wordpress\/plugins\/seo\/ -->\n<title>Br\u0105zowa bluza z kapturem oversize - WHYSOSERIOUS store B<\/title>\n<meta name=\"description\" content=\"Br\u0105zowa bluza unisex z kapturem typu oversize z obni\u017con\u0105 lini\u0105 ramion. Idealny klasyk o wysokiej jako\u015bci, uszyty z mi\u0119sistej, mi\u0119kkiej bawe\u0142ny.\" \/>\n<meta name=\"robots\" content=\"index, follow, max-snippet:-1, max-image-preview:large, max-video-preview:-1\" \/>\n<link rel=\"canonical\" href=\"https:\/\/whysoseriousstore.com\/eng\/mocha-bluza-z-kapturem-wss\/\" \/>\n<meta property=\"og:locale\" content=\"en_GB\" \/>\n<meta property=\"og:type\" content=\"article\" \/>\n<meta property=\"og:title\" content=\"Mocha Bluza z kapturem WSS\" \/>\n<meta property=\"og:description\" content=\"Br\u0105zowa bluza unisex z kapturem typu oversize z obni\u017con\u0105 lini\u0105 ramion. Idealny klasyk o wysokiej jako\u015bci, uszyty z mi\u0119sistej, mi\u0119kkiej bawe\u0142ny.\" \/>\n<meta property=\"og:url\" content=\"https:\/\/whysoseriousstore.com\/eng\/mocha-bluza-z-kapturem-wss\/\" \/>\n<meta property=\"og:site_name\" content=\"WHYSOSERIOUS store\" \/>\n<meta property=\"article:modified_time\" content=\"2026-03-31T13:58:38+00:00\" \/>\n<meta name=\"twitter:card\" content=\"summary_large_image\" \/>\n<meta name=\"twitter:label1\" content=\"Estimated reading time\" \/>\n\t<meta name=\"twitter:data1\" content=\"2 minutes\" \/>\n<script type=\"application\/ld+json\" class=\"yoast-schema-graph\">{\"@context\":\"https:\/\/schema.org\",\"@graph\":[{\"@type\":\"WebPage\",\"@id\":\"https:\/\/whysoseriousstore.com\/mocha-bluza-z-kapturem-wss\/\",\"url\":\"https:\/\/whysoseriousstore.com\/mocha-bluza-z-kapturem-wss\/\",\"name\":\"Br\u0105zowa bluza z kapturem oversize - WHYSOSERIOUS store B\",\"isPartOf\":{\"@id\":\"https:\/\/whysoseriousstore.com\/#website\"},\"primaryImageOfPage\":{\"@id\":\"https:\/\/whysoseriousstore.com\/mocha-bluza-z-kapturem-wss\/#primaryimage\"},\"image\":{\"@id\":\"https:\/\/whysoseriousstore.com\/mocha-bluza-z-kapturem-wss\/#primaryimage\"},\"thumbnailUrl\":\"https:\/\/whysoseriousstore.com\/wp-content\/uploads\/2025\/02\/IMG_97661-scaled.jpg\",\"datePublished\":\"2025-02-11T15:11:37+00:00\",\"dateModified\":\"2026-03-31T13:58:38+00:00\",\"description\":\"Br\u0105zowa bluza unisex z kapturem typu oversize z obni\u017con\u0105 lini\u0105 ramion. Idealny klasyk o wysokiej jako\u015bci, uszyty z mi\u0119sistej, mi\u0119kkiej bawe\u0142ny.\",\"breadcrumb\":{\"@id\":\"https:\/\/whysoseriousstore.com\/mocha-bluza-z-kapturem-wss\/#breadcrumb\"},\"inLanguage\":\"en-GB\",\"potentialAction\":[{\"@type\":\"ReadAction\",\"target\":[\"https:\/\/whysoseriousstore.com\/mocha-bluza-z-kapturem-wss\/\"]}]},{\"@type\":\"ImageObject\",\"inLanguage\":\"en-GB\",\"@id\":\"https:\/\/whysoseriousstore.com\/mocha-bluza-z-kapturem-wss\/#primaryimage\",\"url\":\"https:\/\/whysoseriousstore.com\/wp-content\/uploads\/2025\/02\/IMG_97661-scaled.jpg\",\"contentUrl\":\"https:\/\/whysoseriousstore.com\/wp-content\/uploads\/2025\/02\/IMG_97661-scaled.jpg\",\"width\":1707,\"height\":2560},{\"@type\":\"BreadcrumbList\",\"@id\":\"https:\/\/whysoseriousstore.com\/mocha-bluza-z-kapturem-wss\/#breadcrumb\",\"itemListElement\":[{\"@type\":\"ListItem\",\"position\":1,\"name\":\"Strona g\u0142\u00f3wna\",\"item\":\"https:\/\/whysoseriousstore.com\/\"},{\"@type\":\"ListItem\",\"position\":2,\"name\":\"Sklep\",\"item\":\"https:\/\/whysoseriousstore.com\/sklep\/\"},{\"@type\":\"ListItem\",\"position\":3,\"name\":\"Mocha Bluza z kapturem WSS\"}]},{\"@type\":\"WebSite\",\"@id\":\"https:\/\/whysoseriousstore.com\/#website\",\"url\":\"https:\/\/whysoseriousstore.com\/\",\"name\":\"WHYSOSERIOUS store\",\"description\":\"\",\"potentialAction\":[{\"@type\":\"SearchAction\",\"target\":{\"@type\":\"EntryPoint\",\"urlTemplate\":\"https:\/\/whysoseriousstore.com\/?s={search_term_string}\"},\"query-input\":{\"@type\":\"PropertyValueSpecification\",\"valueRequired\":true,\"valueName\":\"search_term_string\"}}],\"inLanguage\":\"en-GB\"}]}<\/script>\n<!-- \/ Yoast SEO Premium plugin. -->","yoast_head_json":{"title":"Br\u0105zowa bluza z kapturem oversize - WHYSOSERIOUS store B","description":"Br\u0105zowa bluza unisex z kapturem typu oversize z obni\u017con\u0105 lini\u0105 ramion. Idealny klasyk o wysokiej jako\u015bci, uszyty z mi\u0119sistej, mi\u0119kkiej bawe\u0142ny.","robots":{"index":"index","follow":"follow","max-snippet":"max-snippet:-1","max-image-preview":"max-image-preview:large","max-video-preview":"max-video-preview:-1"},"canonical":"https:\/\/whysoseriousstore.com\/eng\/mocha-bluza-z-kapturem-wss\/","og_locale":"en_GB","og_type":"article","og_title":"Mocha Bluza z kapturem WSS","og_description":"Br\u0105zowa bluza unisex z kapturem typu oversize z obni\u017con\u0105 lini\u0105 ramion. Idealny klasyk o wysokiej jako\u015bci, uszyty z mi\u0119sistej, mi\u0119kkiej bawe\u0142ny.","og_url":"https:\/\/whysoseriousstore.com\/eng\/mocha-bluza-z-kapturem-wss\/","og_site_name":"WHYSOSERIOUS store","article_modified_time":"2026-03-31T13:58:38+00:00","twitter_card":"summary_large_image","twitter_misc":{"Estimated reading time":"2 minutes"},"schema":{"@context":"https:\/\/schema.org","@graph":[{"@type":"WebPage","@id":"https:\/\/whysoseriousstore.com\/mocha-bluza-z-kapturem-wss\/","url":"https:\/\/whysoseriousstore.com\/mocha-bluza-z-kapturem-wss\/","name":"Br\u0105zowa bluza z kapturem oversize - WHYSOSERIOUS store B","isPartOf":{"@id":"https:\/\/whysoseriousstore.com\/#website"},"primaryImageOfPage":{"@id":"https:\/\/whysoseriousstore.com\/mocha-bluza-z-kapturem-wss\/#primaryimage"},"image":{"@id":"https:\/\/whysoseriousstore.com\/mocha-bluza-z-kapturem-wss\/#primaryimage"},"thumbnailUrl":"https:\/\/whysoseriousstore.com\/wp-content\/uploads\/2025\/02\/IMG_97661-scaled.jpg","datePublished":"2025-02-11T15:11:37+00:00","dateModified":"2026-03-31T13:58:38+00:00","description":"Br\u0105zowa bluza unisex z kapturem typu oversize z obni\u017con\u0105 lini\u0105 ramion. Idealny klasyk o wysokiej jako\u015bci, uszyty z mi\u0119sistej, mi\u0119kkiej bawe\u0142ny.","breadcrumb":{"@id":"https:\/\/whysoseriousstore.com\/mocha-bluza-z-kapturem-wss\/#breadcrumb"},"inLanguage":"en-GB","potentialAction":[{"@type":"ReadAction","target":["https:\/\/whysoseriousstore.com\/mocha-bluza-z-kapturem-wss\/"]}]},{"@type":"ImageObject","inLanguage":"en-GB","@id":"https:\/\/whysoseriousstore.com\/mocha-bluza-z-kapturem-wss\/#primaryimage","url":"https:\/\/whysoseriousstore.com\/wp-content\/uploads\/2025\/02\/IMG_97661-scaled.jpg","contentUrl":"https:\/\/whysoseriousstore.com\/wp-content\/uploads\/2025\/02\/IMG_97661-scaled.jpg","width":1707,"height":2560},{"@type":"BreadcrumbList","@id":"https:\/\/whysoseriousstore.com\/mocha-bluza-z-kapturem-wss\/#breadcrumb","itemListElement":[{"@type":"ListItem","position":1,"name":"Strona g\u0142\u00f3wna","item":"https:\/\/whysoseriousstore.com\/"},{"@type":"ListItem","position":2,"name":"Sklep","item":"https:\/\/whysoseriousstore.com\/sklep\/"},{"@type":"ListItem","position":3,"name":"Mocha Bluza z kapturem WSS"}]},{"@type":"WebSite","@id":"https:\/\/whysoseriousstore.com\/#website","url":"https:\/\/whysoseriousstore.com\/","name":"WHYSOSERIOUS store","description":"","potentialAction":[{"@type":"SearchAction","target":{"@type":"EntryPoint","urlTemplate":"https:\/\/whysoseriousstore.com\/?s={search_term_string}"},"query-input":{"@type":"PropertyValueSpecification","valueRequired":true,"valueName":"search_term_string"}}],"inLanguage":"en-GB"}]}},"_links":{"self":[{"href":"https:\/\/whysoseriousstore.com\/eng\/wp-json\/wp\/v2\/product\/20465","targetHints":{"allow":["GET"]}}],"collection":[{"href":"https:\/\/whysoseriousstore.com\/eng\/wp-json\/wp\/v2\/product"}],"about":[{"href":"https:\/\/whysoseriousstore.com\/eng\/wp-json\/wp\/v2\/types\/product"}],"wp:featuredmedia":[{"embeddable":true,"href":"https:\/\/whysoseriousstore.com\/eng\/wp-json\/wp\/v2\/media\/21100"}],"wp:attachment":[{"href":"https:\/\/whysoseriousstore.com\/eng\/wp-json\/wp\/v2\/media?parent=20465"}],"wp:term":[{"taxonomy":"product_brand","embeddable":true,"href":"https:\/\/whysoseriousstore.com\/eng\/wp-json\/wp\/v2\/product_brand?post=20465"},{"taxonomy":"product_cat","embeddable":true,"href":"https:\/\/whysoseriousstore.com\/eng\/wp-json\/wp\/v2\/product_cat?post=20465"},{"taxonomy":"product_tag","embeddable":true,"href":"https:\/\/whysoseriousstore.com\/eng\/wp-json\/wp\/v2\/product_tag?post=20465"}],"curies":[{"name":"wp","href":"https:\/\/api.w.org\/{rel}","templated":true}]}}