{"id":21143,"date":"2025-04-17T10:16:11","date_gmt":"2025-04-17T08:16:11","guid":{"rendered":"https:\/\/whysoseriousstore.com\/?post_type=product&#038;p=21143"},"modified":"2026-04-25T12:02:54","modified_gmt":"2026-04-25T10:02:54","slug":"biala-koszulka-no-worries","status":"publish","type":"product","link":"https:\/\/whysoseriousstore.com\/eng\/biala-koszulka-no-worries\/","title":{"rendered":"No Worries T-shirt Ecru Oversize"},"content":{"rendered":"<p class=\"\" data-start=\"132\" data-end=\"585\">The No Worries T-shirt in Ecru is the perfect choice for those who appreciate laid-back, comfortable and urban style.  Welcome to the 'No Worries' club - a place where worries recede into the background. The unique ecru shade combined with the loose oversize cut of this t-shirt will create a unique look that will make you stand out on the streets of any city. It's more than just a piece of clothing - it's a manifesto of your individualism and love for not worrying and appreciating moments with friends.<\/p>\n<p>In addition to unrivalled style, our oversize t-shirt also offers maximum wearing comfort. Made from high-quality materials for softness, this t-shirt is a guarantee of all-day comfort. Whether you're hanging out on the city streets or relaxing in a caf\u00e9 with friends, our No Worries t-shirt will inspire you to express yourself in the best way possible.<\/p>\n<p>This casual unisex t-shirt is made from cotton produced in Poland. We take pride in the fact that our product is made locally, so we can guarantee the highest quality materials and precision workmanship. Whether you wear it every day or occasionally, our t-shirt will last you for many seasons.<\/p>\n<p>The No Worries T-shirt is the perfect base for your clothing collection this season. The classic oversize cut makes it the perfect choice for everyone. The original print on the front and back has been designed by WSSTEAM to please the eyes and draw the attention of other lovers of worry-free living. Pair it with your favourite jeans and head out to meet your friends!<\/p>\n<p>WHYSOSERIOUS label inside<\/p>\n<p>The model is 171 cm tall and a size M.<\/p>\n<p><strong>THE HIGHEST QUALITY, MADE IN POLAND.<\/strong><\/p>\n<p><a href=\"https:\/\/whysoseriousstore.com\/eng\/tshirty-damskie\/?v=9b7d173b068d\">See also our sweatshirts!<\/a><br \/>\nVisit us at\u00a0<a href=\"https:\/\/www.instagram.com\/wss.whysoserious\/\">instagram<\/a>\u00a0i\u00a0<a href=\"https:\/\/www.facebook.com\/WSS.whysoserious\">facebook<\/a>.<\/p>","protected":false},"excerpt":{"rendered":"<p>T-shirt No Worries w kolorze Ecru to idealny wyb\u00f3r dla tych, kt\u00f3rzy ceni\u0105 sobie luz, wygod\u0119 i miejski styl.\u00a0 Witaj w klubie &#8222;No Worries&#8221; &#8211; miejscu, gdzie zmartwienia schodz\u0105 na drugi plan. Wyj\u0105tkowy odcie\u0144 ecru w po\u0142\u0105czeniu z lu\u017anym krojem oversize tego t-shirtu stworzy niepowtarzalny look, kt\u00f3ry wyr\u00f3\u017cni Ci\u0119 na ulicach ka\u017cdego miasta. To wi\u0119cej [&hellip;]<\/p>\n","protected":false},"featured_media":21179,"template":"","meta":[],"product_brand":[],"product_cat":[110,127],"product_tag":[],"class_list":{"0":"post-21143","1":"product","2":"type-product","3":"status-publish","4":"has-post-thumbnail","6":"product_cat-tshirty-unisex","7":"product_cat-wszystko","9":"first","10":"instock","11":"taxable","12":"shipping-taxable","13":"purchasable","14":"product-type-variable","15":"has-default-attributes"},"bundled_by":[],"bundle_stock_status":"instock","bundle_stock_quantity":null,"bundle_virtual":false,"bundle_layout":"","bundle_add_to_cart_form_location":"","bundle_editable_in_cart":false,"bundle_sold_individually_context":"","bundle_item_grouping":"","bundle_min_size":"","bundle_max_size":"","bundle_price":[],"bundled_items":[],"bundle_sell_ids":[],"yoast_head":"<!-- This site is optimized with the Yoast SEO Premium plugin v20.0 (Yoast SEO v26.5) - https:\/\/yoast.com\/wordpress\/plugins\/seo\/ -->\n<title>Bia\u0142y t-shirt z nadrukiem - No Worries T-shirt Ecru Oversize WHYSOSERIOUS store<\/title>\n<meta name=\"description\" content=\"Lu\u017any kr\u00f3j tego bia\u0142ego t-shirtu sprawia, \u017ce jest on idealny zar\u00f3wno dla kobiet, jak i dla m\u0119\u017cczyzn. Do\u0142\u0105cz do No Worries Club.\" \/>\n<meta name=\"robots\" content=\"index, follow, max-snippet:-1, max-image-preview:large, max-video-preview:-1\" \/>\n<link rel=\"canonical\" href=\"https:\/\/whysoseriousstore.com\/eng\/biala-koszulka-no-worries\/\" \/>\n<meta property=\"og:locale\" content=\"en_GB\" \/>\n<meta property=\"og:type\" content=\"article\" \/>\n<meta property=\"og:title\" content=\"No Worries T-shirt Ecru Oversize\" \/>\n<meta property=\"og:description\" content=\"Lu\u017any kr\u00f3j tego bia\u0142ego t-shirtu sprawia, \u017ce jest on idealny zar\u00f3wno dla kobiet, jak i dla m\u0119\u017cczyzn. Do\u0142\u0105cz do No Worries Club.\" \/>\n<meta property=\"og:url\" content=\"https:\/\/whysoseriousstore.com\/eng\/biala-koszulka-no-worries\/\" \/>\n<meta property=\"og:site_name\" content=\"WHYSOSERIOUS store\" \/>\n<meta property=\"article:modified_time\" content=\"2026-04-25T10:02:54+00:00\" \/>\n<meta property=\"og:image\" content=\"https:\/\/whysoseriousstore.com\/wp-content\/uploads\/2025\/04\/IMG_5533.jpg\" \/>\n\t<meta property=\"og:image:width\" content=\"1291\" \/>\n\t<meta property=\"og:image:height\" content=\"1937\" \/>\n\t<meta property=\"og:image:type\" content=\"image\/jpeg\" \/>\n<meta name=\"twitter:card\" content=\"summary_large_image\" \/>\n<meta name=\"twitter:label1\" content=\"Estimated reading time\" \/>\n\t<meta name=\"twitter:data1\" content=\"2 minutes\" \/>\n<script type=\"application\/ld+json\" class=\"yoast-schema-graph\">{\"@context\":\"https:\/\/schema.org\",\"@graph\":[{\"@type\":\"WebPage\",\"@id\":\"https:\/\/whysoseriousstore.com\/biala-koszulka-no-worries\/\",\"url\":\"https:\/\/whysoseriousstore.com\/biala-koszulka-no-worries\/\",\"name\":\"Bia\u0142y t-shirt z nadrukiem - No Worries T-shirt Ecru Oversize WHYSOSERIOUS store\",\"isPartOf\":{\"@id\":\"https:\/\/whysoseriousstore.com\/#website\"},\"primaryImageOfPage\":{\"@id\":\"https:\/\/whysoseriousstore.com\/biala-koszulka-no-worries\/#primaryimage\"},\"image\":{\"@id\":\"https:\/\/whysoseriousstore.com\/biala-koszulka-no-worries\/#primaryimage\"},\"thumbnailUrl\":\"https:\/\/whysoseriousstore.com\/wp-content\/uploads\/2025\/04\/IMG_5533.jpg\",\"datePublished\":\"2025-04-17T08:16:11+00:00\",\"dateModified\":\"2026-04-25T10:02:54+00:00\",\"description\":\"Lu\u017any kr\u00f3j tego bia\u0142ego t-shirtu sprawia, \u017ce jest on idealny zar\u00f3wno dla kobiet, jak i dla m\u0119\u017cczyzn. Do\u0142\u0105cz do No Worries Club.\",\"breadcrumb\":{\"@id\":\"https:\/\/whysoseriousstore.com\/biala-koszulka-no-worries\/#breadcrumb\"},\"inLanguage\":\"en-GB\",\"potentialAction\":[{\"@type\":\"ReadAction\",\"target\":[\"https:\/\/whysoseriousstore.com\/biala-koszulka-no-worries\/\"]}]},{\"@type\":\"ImageObject\",\"inLanguage\":\"en-GB\",\"@id\":\"https:\/\/whysoseriousstore.com\/biala-koszulka-no-worries\/#primaryimage\",\"url\":\"https:\/\/whysoseriousstore.com\/wp-content\/uploads\/2025\/04\/IMG_5533.jpg\",\"contentUrl\":\"https:\/\/whysoseriousstore.com\/wp-content\/uploads\/2025\/04\/IMG_5533.jpg\",\"width\":1291,\"height\":1937},{\"@type\":\"BreadcrumbList\",\"@id\":\"https:\/\/whysoseriousstore.com\/biala-koszulka-no-worries\/#breadcrumb\",\"itemListElement\":[{\"@type\":\"ListItem\",\"position\":1,\"name\":\"Strona g\u0142\u00f3wna\",\"item\":\"https:\/\/whysoseriousstore.com\/\"},{\"@type\":\"ListItem\",\"position\":2,\"name\":\"Sklep\",\"item\":\"https:\/\/whysoseriousstore.com\/sklep\/\"},{\"@type\":\"ListItem\",\"position\":3,\"name\":\"No Worries T-shirt Ecru Oversize\"}]},{\"@type\":\"WebSite\",\"@id\":\"https:\/\/whysoseriousstore.com\/#website\",\"url\":\"https:\/\/whysoseriousstore.com\/\",\"name\":\"WHYSOSERIOUS store\",\"description\":\"\",\"potentialAction\":[{\"@type\":\"SearchAction\",\"target\":{\"@type\":\"EntryPoint\",\"urlTemplate\":\"https:\/\/whysoseriousstore.com\/?s={search_term_string}\"},\"query-input\":{\"@type\":\"PropertyValueSpecification\",\"valueRequired\":true,\"valueName\":\"search_term_string\"}}],\"inLanguage\":\"en-GB\"}]}<\/script>\n<!-- \/ Yoast SEO Premium plugin. -->","yoast_head_json":{"title":"Bia\u0142y t-shirt z nadrukiem - No Worries T-shirt Ecru Oversize WHYSOSERIOUS store","description":"Lu\u017any kr\u00f3j tego bia\u0142ego t-shirtu sprawia, \u017ce jest on idealny zar\u00f3wno dla kobiet, jak i dla m\u0119\u017cczyzn. Do\u0142\u0105cz do No Worries Club.","robots":{"index":"index","follow":"follow","max-snippet":"max-snippet:-1","max-image-preview":"max-image-preview:large","max-video-preview":"max-video-preview:-1"},"canonical":"https:\/\/whysoseriousstore.com\/eng\/biala-koszulka-no-worries\/","og_locale":"en_GB","og_type":"article","og_title":"No Worries T-shirt Ecru Oversize","og_description":"Lu\u017any kr\u00f3j tego bia\u0142ego t-shirtu sprawia, \u017ce jest on idealny zar\u00f3wno dla kobiet, jak i dla m\u0119\u017cczyzn. Do\u0142\u0105cz do No Worries Club.","og_url":"https:\/\/whysoseriousstore.com\/eng\/biala-koszulka-no-worries\/","og_site_name":"WHYSOSERIOUS store","article_modified_time":"2026-04-25T10:02:54+00:00","og_image":[{"width":1291,"height":1937,"url":"https:\/\/whysoseriousstore.com\/wp-content\/uploads\/2025\/04\/IMG_5533.jpg","type":"image\/jpeg"}],"twitter_card":"summary_large_image","twitter_misc":{"Estimated reading time":"2 minutes"},"schema":{"@context":"https:\/\/schema.org","@graph":[{"@type":"WebPage","@id":"https:\/\/whysoseriousstore.com\/biala-koszulka-no-worries\/","url":"https:\/\/whysoseriousstore.com\/biala-koszulka-no-worries\/","name":"Bia\u0142y t-shirt z nadrukiem - No Worries T-shirt Ecru Oversize WHYSOSERIOUS store","isPartOf":{"@id":"https:\/\/whysoseriousstore.com\/#website"},"primaryImageOfPage":{"@id":"https:\/\/whysoseriousstore.com\/biala-koszulka-no-worries\/#primaryimage"},"image":{"@id":"https:\/\/whysoseriousstore.com\/biala-koszulka-no-worries\/#primaryimage"},"thumbnailUrl":"https:\/\/whysoseriousstore.com\/wp-content\/uploads\/2025\/04\/IMG_5533.jpg","datePublished":"2025-04-17T08:16:11+00:00","dateModified":"2026-04-25T10:02:54+00:00","description":"Lu\u017any kr\u00f3j tego bia\u0142ego t-shirtu sprawia, \u017ce jest on idealny zar\u00f3wno dla kobiet, jak i dla m\u0119\u017cczyzn. Do\u0142\u0105cz do No Worries Club.","breadcrumb":{"@id":"https:\/\/whysoseriousstore.com\/biala-koszulka-no-worries\/#breadcrumb"},"inLanguage":"en-GB","potentialAction":[{"@type":"ReadAction","target":["https:\/\/whysoseriousstore.com\/biala-koszulka-no-worries\/"]}]},{"@type":"ImageObject","inLanguage":"en-GB","@id":"https:\/\/whysoseriousstore.com\/biala-koszulka-no-worries\/#primaryimage","url":"https:\/\/whysoseriousstore.com\/wp-content\/uploads\/2025\/04\/IMG_5533.jpg","contentUrl":"https:\/\/whysoseriousstore.com\/wp-content\/uploads\/2025\/04\/IMG_5533.jpg","width":1291,"height":1937},{"@type":"BreadcrumbList","@id":"https:\/\/whysoseriousstore.com\/biala-koszulka-no-worries\/#breadcrumb","itemListElement":[{"@type":"ListItem","position":1,"name":"Strona g\u0142\u00f3wna","item":"https:\/\/whysoseriousstore.com\/"},{"@type":"ListItem","position":2,"name":"Sklep","item":"https:\/\/whysoseriousstore.com\/sklep\/"},{"@type":"ListItem","position":3,"name":"No Worries T-shirt Ecru Oversize"}]},{"@type":"WebSite","@id":"https:\/\/whysoseriousstore.com\/#website","url":"https:\/\/whysoseriousstore.com\/","name":"WHYSOSERIOUS store","description":"","potentialAction":[{"@type":"SearchAction","target":{"@type":"EntryPoint","urlTemplate":"https:\/\/whysoseriousstore.com\/?s={search_term_string}"},"query-input":{"@type":"PropertyValueSpecification","valueRequired":true,"valueName":"search_term_string"}}],"inLanguage":"en-GB"}]}},"_links":{"self":[{"href":"https:\/\/whysoseriousstore.com\/eng\/wp-json\/wp\/v2\/product\/21143","targetHints":{"allow":["GET"]}}],"collection":[{"href":"https:\/\/whysoseriousstore.com\/eng\/wp-json\/wp\/v2\/product"}],"about":[{"href":"https:\/\/whysoseriousstore.com\/eng\/wp-json\/wp\/v2\/types\/product"}],"wp:featuredmedia":[{"embeddable":true,"href":"https:\/\/whysoseriousstore.com\/eng\/wp-json\/wp\/v2\/media\/21179"}],"wp:attachment":[{"href":"https:\/\/whysoseriousstore.com\/eng\/wp-json\/wp\/v2\/media?parent=21143"}],"wp:term":[{"taxonomy":"product_brand","embeddable":true,"href":"https:\/\/whysoseriousstore.com\/eng\/wp-json\/wp\/v2\/product_brand?post=21143"},{"taxonomy":"product_cat","embeddable":true,"href":"https:\/\/whysoseriousstore.com\/eng\/wp-json\/wp\/v2\/product_cat?post=21143"},{"taxonomy":"product_tag","embeddable":true,"href":"https:\/\/whysoseriousstore.com\/eng\/wp-json\/wp\/v2\/product_tag?post=21143"}],"curies":[{"name":"wp","href":"https:\/\/api.w.org\/{rel}","templated":true}]}}