{"id":21723,"date":"2025-05-21T17:58:03","date_gmt":"2025-05-21T15:58:03","guid":{"rendered":"https:\/\/whysoseriousstore.com\/?post_type=product&#038;p=21723"},"modified":"2026-03-11T18:36:53","modified_gmt":"2026-03-11T17:36:53","slug":"spicy-bialy-t-shirt-oversize","status":"publish","type":"product","link":"https:\/\/whysoseriousstore.com\/eng\/spicy-bialy-t-shirt-oversize\/","title":{"rendered":"Spicy White Oversize T-shirt"},"content":{"rendered":"<p class=\"\" data-start=\"0\" data-end=\"332\">White T-shirt <em data-start=\"14\" data-end=\"37\">Doing it for the plot<\/em> made from thick cotton, is a combination of classic style with character. The simple cut, the snowy white shade of the T-shirt and the subversive chilli pepper print create a set that catches the eye and forms the centrepiece of any styling. This is a T-shirt for those who like everyday life to have its own scenario - preferably with an unobvious twist.<\/p>\n<p class=\"\" data-start=\"334\" data-end=\"599\">The loose, oversize cut provides maximum comfort and freedom, while keeping in step with current urban trends. This grey oversize t-shirt works well with your favourite jeans or under a blazer - if you like to break up the classics with a bit of casualness.<\/p>\n<p class=\"\" data-start=\"601\" data-end=\"813\">Made from high-quality cotton produced in Poland, it is soft, durable and pleasant to wear all day long. The WHYSOSERIOUS insert inside is a subtle detail that highlights the quality and character of the brand.<\/p>\n<p class=\"\" data-start=\"815\" data-end=\"1000\">T-shirt <em data-start=\"823\" data-end=\"846\">Doing it for the plot<\/em> is more than a piece of clothing - it's an attitude to life. For those who do things their own way, even if you don't always know where it will lead.<\/p>\n<p>The model is 160 cm tall and a size S.<\/p>\n<p><strong>THE HIGHEST QUALITY, MADE IN POLAND.<\/strong><\/p>\n<p><a href=\"https:\/\/whysoseriousstore.com\/eng\/tshirty-damskie\/?v=9b7d173b068d\">See also our sweatshirts!<\/a><br \/>\nVisit us at\u00a0<a href=\"https:\/\/www.instagram.com\/wss.whysoserious\/\">instagram<\/a>\u00a0i\u00a0<a href=\"https:\/\/www.facebook.com\/WSS.whysoserious\">facebook<\/a>.<\/p>","protected":false},"excerpt":{"rendered":"<p>Bia\u0142y T-shirt Doing it for the plot z grubej bawe\u0142ny, to po\u0142\u0105czenie klasycznego stylu z charakterem. Prosty fason, \u015bnie\u017cno bia\u0142y odcie\u0144 koszulki i przewrotny nadruk z papryczkami chilli tworz\u0105 zestaw, kt\u00f3ry przyci\u0105ga uwag\u0119 i tworzy centrum ka\u017cdej stylizacji. To koszulka dla tych, kt\u00f3rzy lubi\u0105, gdy codzienno\u015b\u0107 ma sw\u00f3j w\u0142asny scenariusz \u2013 najlepiej z nieoczywistym zwrotem [&hellip;]<\/p>\n","protected":false},"featured_media":21681,"template":"","meta":[],"product_brand":[],"product_cat":[176,110,127],"product_tag":[],"class_list":{"0":"post-21723","1":"product","2":"type-product","3":"status-publish","4":"has-post-thumbnail","6":"product_cat-womens-day","7":"product_cat-tshirty-unisex","8":"product_cat-wszystko","10":"first","11":"instock","12":"taxable","13":"shipping-taxable","14":"purchasable","15":"product-type-variable","16":"has-default-attributes"},"bundled_by":[],"bundle_stock_status":"instock","bundle_stock_quantity":null,"bundle_virtual":false,"bundle_layout":"","bundle_add_to_cart_form_location":"","bundle_editable_in_cart":false,"bundle_sold_individually_context":"","bundle_item_grouping":"","bundle_min_size":"","bundle_max_size":"","bundle_price":[],"bundled_items":[],"bundle_sell_ids":[],"yoast_head":"<!-- This site is optimized with the Yoast SEO Premium plugin v20.0 (Yoast SEO v26.5) - https:\/\/yoast.com\/wordpress\/plugins\/seo\/ -->\n<title>Spicy Bia\u0142y T-shirt Oversize WHYSOSERIOUS store<\/title>\n<meta name=\"description\" content=\"Bia\u0142y t-shirt Doing it for the plot - z nadrukiem spicy papryczki. Kr\u00f3j oversize, gruba bia\u0142a bawe\u0142na.\" \/>\n<meta name=\"robots\" content=\"index, follow, max-snippet:-1, max-image-preview:large, max-video-preview:-1\" \/>\n<link rel=\"canonical\" href=\"https:\/\/whysoseriousstore.com\/eng\/spicy-bialy-t-shirt-oversize\/\" \/>\n<meta property=\"og:locale\" content=\"en_GB\" \/>\n<meta property=\"og:type\" content=\"article\" \/>\n<meta property=\"og:title\" content=\"Spicy Bia\u0142y T-shirt Oversize\" \/>\n<meta property=\"og:description\" content=\"Bia\u0142y t-shirt Doing it for the plot - z nadrukiem spicy papryczki. Kr\u00f3j oversize, gruba bia\u0142a bawe\u0142na.\" \/>\n<meta property=\"og:url\" content=\"https:\/\/whysoseriousstore.com\/eng\/spicy-bialy-t-shirt-oversize\/\" \/>\n<meta property=\"og:site_name\" content=\"WHYSOSERIOUS store\" \/>\n<meta property=\"article:modified_time\" content=\"2026-03-11T17:36:53+00:00\" \/>\n<meta property=\"og:image\" content=\"https:\/\/whysoseriousstore.com\/wp-content\/uploads\/2025\/05\/t-shirt-bialy-z-nadrukiem-damska-streetwear-20.jpg\" \/>\n\t<meta property=\"og:image:width\" content=\"1001\" \/>\n\t<meta property=\"og:image:height\" content=\"1500\" \/>\n\t<meta property=\"og:image:type\" content=\"image\/jpeg\" \/>\n<meta name=\"twitter:card\" content=\"summary_large_image\" \/>\n<meta name=\"twitter:label1\" content=\"Estimated reading time\" \/>\n\t<meta name=\"twitter:data1\" content=\"2 minutes\" \/>\n<script type=\"application\/ld+json\" class=\"yoast-schema-graph\">{\"@context\":\"https:\/\/schema.org\",\"@graph\":[{\"@type\":\"WebPage\",\"@id\":\"https:\/\/whysoseriousstore.com\/spicy-bialy-t-shirt-oversize\/\",\"url\":\"https:\/\/whysoseriousstore.com\/spicy-bialy-t-shirt-oversize\/\",\"name\":\"Spicy Bia\u0142y T-shirt Oversize WHYSOSERIOUS store\",\"isPartOf\":{\"@id\":\"https:\/\/whysoseriousstore.com\/#website\"},\"primaryImageOfPage\":{\"@id\":\"https:\/\/whysoseriousstore.com\/spicy-bialy-t-shirt-oversize\/#primaryimage\"},\"image\":{\"@id\":\"https:\/\/whysoseriousstore.com\/spicy-bialy-t-shirt-oversize\/#primaryimage\"},\"thumbnailUrl\":\"https:\/\/whysoseriousstore.com\/wp-content\/uploads\/2025\/05\/t-shirt-bialy-z-nadrukiem-damska-streetwear-20.jpg\",\"datePublished\":\"2025-05-21T15:58:03+00:00\",\"dateModified\":\"2026-03-11T17:36:53+00:00\",\"description\":\"Bia\u0142y t-shirt Doing it for the plot - z nadrukiem spicy papryczki. Kr\u00f3j oversize, gruba bia\u0142a bawe\u0142na.\",\"breadcrumb\":{\"@id\":\"https:\/\/whysoseriousstore.com\/spicy-bialy-t-shirt-oversize\/#breadcrumb\"},\"inLanguage\":\"en-GB\",\"potentialAction\":[{\"@type\":\"ReadAction\",\"target\":[\"https:\/\/whysoseriousstore.com\/spicy-bialy-t-shirt-oversize\/\"]}]},{\"@type\":\"ImageObject\",\"inLanguage\":\"en-GB\",\"@id\":\"https:\/\/whysoseriousstore.com\/spicy-bialy-t-shirt-oversize\/#primaryimage\",\"url\":\"https:\/\/whysoseriousstore.com\/wp-content\/uploads\/2025\/05\/t-shirt-bialy-z-nadrukiem-damska-streetwear-20.jpg\",\"contentUrl\":\"https:\/\/whysoseriousstore.com\/wp-content\/uploads\/2025\/05\/t-shirt-bialy-z-nadrukiem-damska-streetwear-20.jpg\",\"width\":1001,\"height\":1500},{\"@type\":\"BreadcrumbList\",\"@id\":\"https:\/\/whysoseriousstore.com\/spicy-bialy-t-shirt-oversize\/#breadcrumb\",\"itemListElement\":[{\"@type\":\"ListItem\",\"position\":1,\"name\":\"Strona g\u0142\u00f3wna\",\"item\":\"https:\/\/whysoseriousstore.com\/\"},{\"@type\":\"ListItem\",\"position\":2,\"name\":\"Sklep\",\"item\":\"https:\/\/whysoseriousstore.com\/sklep\/\"},{\"@type\":\"ListItem\",\"position\":3,\"name\":\"Spicy Bia\u0142y T-shirt Oversize\"}]},{\"@type\":\"WebSite\",\"@id\":\"https:\/\/whysoseriousstore.com\/#website\",\"url\":\"https:\/\/whysoseriousstore.com\/\",\"name\":\"WHYSOSERIOUS store\",\"description\":\"\",\"potentialAction\":[{\"@type\":\"SearchAction\",\"target\":{\"@type\":\"EntryPoint\",\"urlTemplate\":\"https:\/\/whysoseriousstore.com\/?s={search_term_string}\"},\"query-input\":{\"@type\":\"PropertyValueSpecification\",\"valueRequired\":true,\"valueName\":\"search_term_string\"}}],\"inLanguage\":\"en-GB\"}]}<\/script>\n<!-- \/ Yoast SEO Premium plugin. -->","yoast_head_json":{"title":"Spicy Bia\u0142y T-shirt Oversize WHYSOSERIOUS store","description":"Bia\u0142y t-shirt Doing it for the plot - z nadrukiem spicy papryczki. Kr\u00f3j oversize, gruba bia\u0142a bawe\u0142na.","robots":{"index":"index","follow":"follow","max-snippet":"max-snippet:-1","max-image-preview":"max-image-preview:large","max-video-preview":"max-video-preview:-1"},"canonical":"https:\/\/whysoseriousstore.com\/eng\/spicy-bialy-t-shirt-oversize\/","og_locale":"en_GB","og_type":"article","og_title":"Spicy Bia\u0142y T-shirt Oversize","og_description":"Bia\u0142y t-shirt Doing it for the plot - z nadrukiem spicy papryczki. Kr\u00f3j oversize, gruba bia\u0142a bawe\u0142na.","og_url":"https:\/\/whysoseriousstore.com\/eng\/spicy-bialy-t-shirt-oversize\/","og_site_name":"WHYSOSERIOUS store","article_modified_time":"2026-03-11T17:36:53+00:00","og_image":[{"width":1001,"height":1500,"url":"https:\/\/whysoseriousstore.com\/wp-content\/uploads\/2025\/05\/t-shirt-bialy-z-nadrukiem-damska-streetwear-20.jpg","type":"image\/jpeg"}],"twitter_card":"summary_large_image","twitter_misc":{"Estimated reading time":"2 minutes"},"schema":{"@context":"https:\/\/schema.org","@graph":[{"@type":"WebPage","@id":"https:\/\/whysoseriousstore.com\/spicy-bialy-t-shirt-oversize\/","url":"https:\/\/whysoseriousstore.com\/spicy-bialy-t-shirt-oversize\/","name":"Spicy Bia\u0142y T-shirt Oversize WHYSOSERIOUS store","isPartOf":{"@id":"https:\/\/whysoseriousstore.com\/#website"},"primaryImageOfPage":{"@id":"https:\/\/whysoseriousstore.com\/spicy-bialy-t-shirt-oversize\/#primaryimage"},"image":{"@id":"https:\/\/whysoseriousstore.com\/spicy-bialy-t-shirt-oversize\/#primaryimage"},"thumbnailUrl":"https:\/\/whysoseriousstore.com\/wp-content\/uploads\/2025\/05\/t-shirt-bialy-z-nadrukiem-damska-streetwear-20.jpg","datePublished":"2025-05-21T15:58:03+00:00","dateModified":"2026-03-11T17:36:53+00:00","description":"Bia\u0142y t-shirt Doing it for the plot - z nadrukiem spicy papryczki. Kr\u00f3j oversize, gruba bia\u0142a bawe\u0142na.","breadcrumb":{"@id":"https:\/\/whysoseriousstore.com\/spicy-bialy-t-shirt-oversize\/#breadcrumb"},"inLanguage":"en-GB","potentialAction":[{"@type":"ReadAction","target":["https:\/\/whysoseriousstore.com\/spicy-bialy-t-shirt-oversize\/"]}]},{"@type":"ImageObject","inLanguage":"en-GB","@id":"https:\/\/whysoseriousstore.com\/spicy-bialy-t-shirt-oversize\/#primaryimage","url":"https:\/\/whysoseriousstore.com\/wp-content\/uploads\/2025\/05\/t-shirt-bialy-z-nadrukiem-damska-streetwear-20.jpg","contentUrl":"https:\/\/whysoseriousstore.com\/wp-content\/uploads\/2025\/05\/t-shirt-bialy-z-nadrukiem-damska-streetwear-20.jpg","width":1001,"height":1500},{"@type":"BreadcrumbList","@id":"https:\/\/whysoseriousstore.com\/spicy-bialy-t-shirt-oversize\/#breadcrumb","itemListElement":[{"@type":"ListItem","position":1,"name":"Strona g\u0142\u00f3wna","item":"https:\/\/whysoseriousstore.com\/"},{"@type":"ListItem","position":2,"name":"Sklep","item":"https:\/\/whysoseriousstore.com\/sklep\/"},{"@type":"ListItem","position":3,"name":"Spicy Bia\u0142y T-shirt Oversize"}]},{"@type":"WebSite","@id":"https:\/\/whysoseriousstore.com\/#website","url":"https:\/\/whysoseriousstore.com\/","name":"WHYSOSERIOUS store","description":"","potentialAction":[{"@type":"SearchAction","target":{"@type":"EntryPoint","urlTemplate":"https:\/\/whysoseriousstore.com\/?s={search_term_string}"},"query-input":{"@type":"PropertyValueSpecification","valueRequired":true,"valueName":"search_term_string"}}],"inLanguage":"en-GB"}]}},"_links":{"self":[{"href":"https:\/\/whysoseriousstore.com\/eng\/wp-json\/wp\/v2\/product\/21723","targetHints":{"allow":["GET"]}}],"collection":[{"href":"https:\/\/whysoseriousstore.com\/eng\/wp-json\/wp\/v2\/product"}],"about":[{"href":"https:\/\/whysoseriousstore.com\/eng\/wp-json\/wp\/v2\/types\/product"}],"wp:featuredmedia":[{"embeddable":true,"href":"https:\/\/whysoseriousstore.com\/eng\/wp-json\/wp\/v2\/media\/21681"}],"wp:attachment":[{"href":"https:\/\/whysoseriousstore.com\/eng\/wp-json\/wp\/v2\/media?parent=21723"}],"wp:term":[{"taxonomy":"product_brand","embeddable":true,"href":"https:\/\/whysoseriousstore.com\/eng\/wp-json\/wp\/v2\/product_brand?post=21723"},{"taxonomy":"product_cat","embeddable":true,"href":"https:\/\/whysoseriousstore.com\/eng\/wp-json\/wp\/v2\/product_cat?post=21723"},{"taxonomy":"product_tag","embeddable":true,"href":"https:\/\/whysoseriousstore.com\/eng\/wp-json\/wp\/v2\/product_tag?post=21723"}],"curies":[{"name":"wp","href":"https:\/\/api.w.org\/{rel}","templated":true}]}}