{"id":22230,"date":"2025-06-21T23:44:42","date_gmt":"2025-06-21T21:44:42","guid":{"rendered":"https:\/\/whysoseriousstore.com\/?post_type=product&#038;p=22230"},"modified":"2026-04-30T11:59:20","modified_gmt":"2026-04-30T09:59:20","slug":"no-bad-waves-szary-t-shirt-oversize","status":"publish","type":"product","link":"https:\/\/whysoseriousstore.com\/eng\/no-bad-waves-szary-t-shirt-oversize\/","title":{"rendered":"No Bad Waves Grey Oversize T-shirt"},"content":{"rendered":"<p><strong>No Bad Waves Grey Oversize T-shirt<\/strong> is the perfect base for creating a variety of looks that emphasise your individual character. Whether you're planning a day at the beach, a casual meeting with friends or a quick coffee out on the town, it will provide you with comfort and a totally cool look. Made from the highest quality cotton, it ensures that you can wear it comfortably all day long, whatever the occasion. T<strong>about this favourite tees<\/strong>that you will wear around the clock.<\/p>\n<p>The loose fit makes it a perfect fit for any silhouette, guaranteeing maximum comfort. This grey oversize T-shirt is the quintessence of casual and style in one. Thanks to its versatile design, the grey oversize T-shirt pairs easily with other pieces in your wardrobe - from jeans to your beloved shorts to sporty leggings. Let your creativity run wild and create ensembles that reflect your personality.<\/p>\n<p>The grey No Bad Waves oversize T-shirt features an original lilac print that adds a surfer vibe. Whether you're heading to a summer party or spending a lazy day at home, this T-shirt will make you feel <strong>stylish and comfortable<\/strong>. When you choose the No Bad Waves Grey Oversize T-shirt, you are investing in quality that will stay with you for a long time. Perfect for any occasion, the T-shirt is a key piece of any wardrobe that will never go out of fashion.<\/p>\n<p>One more thing! <strong>No Bad Waves,<\/strong> <strong>Guys - Sometimes you just have to ride the wave you're given \ud83d\ude09<\/strong><\/p>\n<p>WHYSOSERIOUS label inside<\/p>\n<p>The model is 173 cm tall and a size M.<\/p>\n<p><strong>THE HIGHEST QUALITY, MADE IN POLAND.<\/strong><\/p>\n<p><a href=\"https:\/\/whysoseriousstore.com\/eng\/bluzy-unisex\/?v=9b7d173b068d\">See also our sweatshirts!<\/a><br \/>\nVisit us at\u00a0<a href=\"https:\/\/www.instagram.com\/wss.whysoserious\/\">instagram<\/a>\u00a0i\u00a0<a href=\"https:\/\/www.facebook.com\/WSS.whysoserious\">facebook<\/a>.<\/p>","protected":false},"excerpt":{"rendered":"<p>No Bad Waves Szary T-shirt Oversize to doskona\u0142a baza do tworzenia r\u00f3\u017cnorodnych stylizacji, kt\u00f3re podkre\u015bl\u0105 Tw\u00f3j indywidualny charakter. Niezale\u017cnie od tego, czy planujesz dzie\u0144 na pla\u017cy, lu\u017ane spotkanie z przyjaci\u00f3\u0142mi, czy szybk\u0105 kaw\u0119 na mie\u015bcie, zapewni Ci wygod\u0119 i totalnie cool look. Wykonany z najwy\u017cszej jako\u015bci bawe\u0142ny, zapewnia komfort noszenia przez ca\u0142y dzie\u0144, niezale\u017cnie od [&hellip;]<\/p>\n","protected":false},"featured_media":22373,"template":"","meta":[],"product_brand":[],"product_cat":[180,110,127],"product_tag":[],"class_list":{"0":"post-22230","1":"product","2":"type-product","3":"status-publish","4":"has-post-thumbnail","6":"product_cat-spring-sale","7":"product_cat-tshirty-unisex","8":"product_cat-wszystko","10":"first","11":"instock","12":"sale","13":"taxable","14":"shipping-taxable","15":"purchasable","16":"product-type-variable","17":"has-default-attributes"},"bundled_by":[],"bundle_stock_status":"instock","bundle_stock_quantity":null,"bundle_virtual":false,"bundle_layout":"","bundle_add_to_cart_form_location":"","bundle_editable_in_cart":false,"bundle_sold_individually_context":"","bundle_item_grouping":"","bundle_min_size":"","bundle_max_size":"","bundle_price":[],"bundled_items":[],"bundle_sell_ids":[],"yoast_head":"<!-- This site is optimized with the Yoast SEO Premium plugin v20.0 (Yoast SEO v26.5) - https:\/\/yoast.com\/wordpress\/plugins\/seo\/ -->\n<title>No Bad Waves Szary T-shirt Oversize WHYSOSERIOUS store<\/title>\n<meta name=\"description\" content=\"Szary t-shirt No Bad Waves- z nadrukiem. Kr\u00f3j oversize, bawe\u0142na w kolorze melan\u017cu. Idealny do ka\u017cdego outfitu. Podkre\u015bli Tw\u00f3j unikalny styl.\" \/>\n<meta name=\"robots\" content=\"index, follow, max-snippet:-1, max-image-preview:large, max-video-preview:-1\" \/>\n<link rel=\"canonical\" href=\"https:\/\/whysoseriousstore.com\/eng\/no-bad-waves-szary-t-shirt-oversize\/\" \/>\n<meta property=\"og:locale\" content=\"en_GB\" \/>\n<meta property=\"og:type\" content=\"article\" \/>\n<meta property=\"og:title\" content=\"No Bad Waves Szary T-shirt Oversize\" \/>\n<meta property=\"og:description\" content=\"Szary t-shirt No Bad Waves- z nadrukiem. Kr\u00f3j oversize, bawe\u0142na w kolorze melan\u017cu. Idealny do ka\u017cdego outfitu. Podkre\u015bli Tw\u00f3j unikalny styl.\" \/>\n<meta property=\"og:url\" content=\"https:\/\/whysoseriousstore.com\/eng\/no-bad-waves-szary-t-shirt-oversize\/\" \/>\n<meta property=\"og:site_name\" content=\"WHYSOSERIOUS store\" \/>\n<meta property=\"article:modified_time\" content=\"2026-04-30T09:59:20+00:00\" \/>\n<meta property=\"og:image\" content=\"https:\/\/whysoseriousstore.com\/wp-content\/uploads\/2025\/06\/Koszulka-Surf-Szara-z-nadrukiem-Whysoserious-1.webp\" \/>\n\t<meta property=\"og:image:width\" content=\"1333\" \/>\n\t<meta property=\"og:image:height\" content=\"2000\" \/>\n\t<meta property=\"og:image:type\" content=\"image\/webp\" \/>\n<meta name=\"twitter:card\" content=\"summary_large_image\" \/>\n<meta name=\"twitter:label1\" content=\"Estimated reading time\" \/>\n\t<meta name=\"twitter:data1\" content=\"2 minutes\" \/>\n<script type=\"application\/ld+json\" class=\"yoast-schema-graph\">{\"@context\":\"https:\/\/schema.org\",\"@graph\":[{\"@type\":\"WebPage\",\"@id\":\"https:\/\/whysoseriousstore.com\/no-bad-waves-szary-t-shirt-oversize\/\",\"url\":\"https:\/\/whysoseriousstore.com\/no-bad-waves-szary-t-shirt-oversize\/\",\"name\":\"No Bad Waves Szary T-shirt Oversize WHYSOSERIOUS store\",\"isPartOf\":{\"@id\":\"https:\/\/whysoseriousstore.com\/#website\"},\"primaryImageOfPage\":{\"@id\":\"https:\/\/whysoseriousstore.com\/no-bad-waves-szary-t-shirt-oversize\/#primaryimage\"},\"image\":{\"@id\":\"https:\/\/whysoseriousstore.com\/no-bad-waves-szary-t-shirt-oversize\/#primaryimage\"},\"thumbnailUrl\":\"https:\/\/whysoseriousstore.com\/wp-content\/uploads\/2025\/06\/Koszulka-Surf-Szara-z-nadrukiem-Whysoserious-1.webp\",\"datePublished\":\"2025-06-21T21:44:42+00:00\",\"dateModified\":\"2026-04-30T09:59:20+00:00\",\"description\":\"Szary t-shirt No Bad Waves- z nadrukiem. Kr\u00f3j oversize, bawe\u0142na w kolorze melan\u017cu. Idealny do ka\u017cdego outfitu. Podkre\u015bli Tw\u00f3j unikalny styl.\",\"breadcrumb\":{\"@id\":\"https:\/\/whysoseriousstore.com\/no-bad-waves-szary-t-shirt-oversize\/#breadcrumb\"},\"inLanguage\":\"en-GB\",\"potentialAction\":[{\"@type\":\"ReadAction\",\"target\":[\"https:\/\/whysoseriousstore.com\/no-bad-waves-szary-t-shirt-oversize\/\"]}]},{\"@type\":\"ImageObject\",\"inLanguage\":\"en-GB\",\"@id\":\"https:\/\/whysoseriousstore.com\/no-bad-waves-szary-t-shirt-oversize\/#primaryimage\",\"url\":\"https:\/\/whysoseriousstore.com\/wp-content\/uploads\/2025\/06\/Koszulka-Surf-Szara-z-nadrukiem-Whysoserious-1.webp\",\"contentUrl\":\"https:\/\/whysoseriousstore.com\/wp-content\/uploads\/2025\/06\/Koszulka-Surf-Szara-z-nadrukiem-Whysoserious-1.webp\",\"width\":1333,\"height\":2000},{\"@type\":\"BreadcrumbList\",\"@id\":\"https:\/\/whysoseriousstore.com\/no-bad-waves-szary-t-shirt-oversize\/#breadcrumb\",\"itemListElement\":[{\"@type\":\"ListItem\",\"position\":1,\"name\":\"Strona g\u0142\u00f3wna\",\"item\":\"https:\/\/whysoseriousstore.com\/\"},{\"@type\":\"ListItem\",\"position\":2,\"name\":\"Sklep\",\"item\":\"https:\/\/whysoseriousstore.com\/sklep\/\"},{\"@type\":\"ListItem\",\"position\":3,\"name\":\"No Bad Waves Szary T-shirt Oversize\"}]},{\"@type\":\"WebSite\",\"@id\":\"https:\/\/whysoseriousstore.com\/#website\",\"url\":\"https:\/\/whysoseriousstore.com\/\",\"name\":\"WHYSOSERIOUS store\",\"description\":\"\",\"potentialAction\":[{\"@type\":\"SearchAction\",\"target\":{\"@type\":\"EntryPoint\",\"urlTemplate\":\"https:\/\/whysoseriousstore.com\/?s={search_term_string}\"},\"query-input\":{\"@type\":\"PropertyValueSpecification\",\"valueRequired\":true,\"valueName\":\"search_term_string\"}}],\"inLanguage\":\"en-GB\"}]}<\/script>\n<!-- \/ Yoast SEO Premium plugin. -->","yoast_head_json":{"title":"No Bad Waves Szary T-shirt Oversize WHYSOSERIOUS store","description":"Szary t-shirt No Bad Waves- z nadrukiem. Kr\u00f3j oversize, bawe\u0142na w kolorze melan\u017cu. Idealny do ka\u017cdego outfitu. Podkre\u015bli Tw\u00f3j unikalny styl.","robots":{"index":"index","follow":"follow","max-snippet":"max-snippet:-1","max-image-preview":"max-image-preview:large","max-video-preview":"max-video-preview:-1"},"canonical":"https:\/\/whysoseriousstore.com\/eng\/no-bad-waves-szary-t-shirt-oversize\/","og_locale":"en_GB","og_type":"article","og_title":"No Bad Waves Szary T-shirt Oversize","og_description":"Szary t-shirt No Bad Waves- z nadrukiem. Kr\u00f3j oversize, bawe\u0142na w kolorze melan\u017cu. Idealny do ka\u017cdego outfitu. Podkre\u015bli Tw\u00f3j unikalny styl.","og_url":"https:\/\/whysoseriousstore.com\/eng\/no-bad-waves-szary-t-shirt-oversize\/","og_site_name":"WHYSOSERIOUS store","article_modified_time":"2026-04-30T09:59:20+00:00","og_image":[{"width":1333,"height":2000,"url":"https:\/\/whysoseriousstore.com\/wp-content\/uploads\/2025\/06\/Koszulka-Surf-Szara-z-nadrukiem-Whysoserious-1.webp","type":"image\/webp"}],"twitter_card":"summary_large_image","twitter_misc":{"Estimated reading time":"2 minutes"},"schema":{"@context":"https:\/\/schema.org","@graph":[{"@type":"WebPage","@id":"https:\/\/whysoseriousstore.com\/no-bad-waves-szary-t-shirt-oversize\/","url":"https:\/\/whysoseriousstore.com\/no-bad-waves-szary-t-shirt-oversize\/","name":"No Bad Waves Szary T-shirt Oversize WHYSOSERIOUS store","isPartOf":{"@id":"https:\/\/whysoseriousstore.com\/#website"},"primaryImageOfPage":{"@id":"https:\/\/whysoseriousstore.com\/no-bad-waves-szary-t-shirt-oversize\/#primaryimage"},"image":{"@id":"https:\/\/whysoseriousstore.com\/no-bad-waves-szary-t-shirt-oversize\/#primaryimage"},"thumbnailUrl":"https:\/\/whysoseriousstore.com\/wp-content\/uploads\/2025\/06\/Koszulka-Surf-Szara-z-nadrukiem-Whysoserious-1.webp","datePublished":"2025-06-21T21:44:42+00:00","dateModified":"2026-04-30T09:59:20+00:00","description":"Szary t-shirt No Bad Waves- z nadrukiem. Kr\u00f3j oversize, bawe\u0142na w kolorze melan\u017cu. Idealny do ka\u017cdego outfitu. Podkre\u015bli Tw\u00f3j unikalny styl.","breadcrumb":{"@id":"https:\/\/whysoseriousstore.com\/no-bad-waves-szary-t-shirt-oversize\/#breadcrumb"},"inLanguage":"en-GB","potentialAction":[{"@type":"ReadAction","target":["https:\/\/whysoseriousstore.com\/no-bad-waves-szary-t-shirt-oversize\/"]}]},{"@type":"ImageObject","inLanguage":"en-GB","@id":"https:\/\/whysoseriousstore.com\/no-bad-waves-szary-t-shirt-oversize\/#primaryimage","url":"https:\/\/whysoseriousstore.com\/wp-content\/uploads\/2025\/06\/Koszulka-Surf-Szara-z-nadrukiem-Whysoserious-1.webp","contentUrl":"https:\/\/whysoseriousstore.com\/wp-content\/uploads\/2025\/06\/Koszulka-Surf-Szara-z-nadrukiem-Whysoserious-1.webp","width":1333,"height":2000},{"@type":"BreadcrumbList","@id":"https:\/\/whysoseriousstore.com\/no-bad-waves-szary-t-shirt-oversize\/#breadcrumb","itemListElement":[{"@type":"ListItem","position":1,"name":"Strona g\u0142\u00f3wna","item":"https:\/\/whysoseriousstore.com\/"},{"@type":"ListItem","position":2,"name":"Sklep","item":"https:\/\/whysoseriousstore.com\/sklep\/"},{"@type":"ListItem","position":3,"name":"No Bad Waves Szary T-shirt Oversize"}]},{"@type":"WebSite","@id":"https:\/\/whysoseriousstore.com\/#website","url":"https:\/\/whysoseriousstore.com\/","name":"WHYSOSERIOUS store","description":"","potentialAction":[{"@type":"SearchAction","target":{"@type":"EntryPoint","urlTemplate":"https:\/\/whysoseriousstore.com\/?s={search_term_string}"},"query-input":{"@type":"PropertyValueSpecification","valueRequired":true,"valueName":"search_term_string"}}],"inLanguage":"en-GB"}]}},"_links":{"self":[{"href":"https:\/\/whysoseriousstore.com\/eng\/wp-json\/wp\/v2\/product\/22230","targetHints":{"allow":["GET"]}}],"collection":[{"href":"https:\/\/whysoseriousstore.com\/eng\/wp-json\/wp\/v2\/product"}],"about":[{"href":"https:\/\/whysoseriousstore.com\/eng\/wp-json\/wp\/v2\/types\/product"}],"wp:featuredmedia":[{"embeddable":true,"href":"https:\/\/whysoseriousstore.com\/eng\/wp-json\/wp\/v2\/media\/22373"}],"wp:attachment":[{"href":"https:\/\/whysoseriousstore.com\/eng\/wp-json\/wp\/v2\/media?parent=22230"}],"wp:term":[{"taxonomy":"product_brand","embeddable":true,"href":"https:\/\/whysoseriousstore.com\/eng\/wp-json\/wp\/v2\/product_brand?post=22230"},{"taxonomy":"product_cat","embeddable":true,"href":"https:\/\/whysoseriousstore.com\/eng\/wp-json\/wp\/v2\/product_cat?post=22230"},{"taxonomy":"product_tag","embeddable":true,"href":"https:\/\/whysoseriousstore.com\/eng\/wp-json\/wp\/v2\/product_tag?post=22230"}],"curies":[{"name":"wp","href":"https:\/\/api.w.org\/{rel}","templated":true}]}}