{"id":22253,"date":"2025-06-22T00:38:47","date_gmt":"2025-06-21T22:38:47","guid":{"rendered":"https:\/\/whysoseriousstore.com\/?post_type=product&#038;p=22253"},"modified":"2026-03-30T15:34:25","modified_gmt":"2026-03-30T13:34:25","slug":"summer-soul-longsleeve","status":"publish","type":"product","link":"https:\/\/whysoseriousstore.com\/eng\/summer-soul-longsleeve\/","title":{"rendered":"Summer Soul Grey Longsleeve"},"content":{"rendered":"<p data-start=\"101\" data-end=\"385\">Grey printed longsleeve <strong data-start=\"29\" data-end=\"44\">Summer Soul<\/strong> is a longing for the ocean, the sun and the beach. It's that item in your wardrobe that says SUMMER and gives any look a laid-back, surfer-climate.<\/p>\n<p data-start=\"101\" data-end=\"385\">Contrasting print on front and back with <strong>pink sunshine Summer S<\/strong><strong data-start=\"205\" data-end=\"213\">oul<\/strong> - is a subtle reminder that summer is not just a season, but a vibe you can take with you everywhere. The straight cut and elongated sleeve make it suitable for both everyday and more stylish combinations.<\/p>\n<p data-start=\"283\" data-end=\"587\">Colour - A versatile, cool grey that goes with everything and makes this longsleeve fit into any outfit - from city looks to outfits for any outing.<\/p>\n<p data-start=\"589\" data-end=\"808\">Material - Soft, breathable cotton in a medium weight that makes the longsleeve suitable all year round - solo, under a wool waistcoat, jacket or sweatshirt. Nice to the touch, durable and friendly even to sensitive skin.<\/p>\n<p data-start=\"810\" data-end=\"1067\">Cut - A minimalist regular cut, with a gently lowered shoulder line - so that you_feel_comfortable and look_good without any unnecessary combinations. The straight cut and extended sleeves make it suitable for both everyday and more stylish combinations.This is the option you wear for a walk, bike, city break or a surf day at the beach.<\/p>\n<p data-start=\"387\" data-end=\"718\">The material is pleasant to the touch, breathable, resistant to fuzzing and electrification - it retains its shape even after many washings. The slightly faded grey colour has been carefully chosen to match most wardrobes and combine well with other colours.<\/p>\n<p data-start=\"837\" data-end=\"932\">The model is 171 cm tall and wears a size L.<\/p>\n<p data-start=\"934\" data-end=\"974\"><strong data-start=\"934\" data-end=\"974\">THE HIGHEST QUALITY, MADE IN POLAND.<\/strong><\/p>","protected":false},"excerpt":{"rendered":"<p>Szary longsleeve z nadrukiem Summer Soul to t\u0119sknota za oceanem, s\u0142o\u0144cem i pla\u017c\u0105. To ta rzecz w Twojej szafie, kt\u00f3ra m\u00f3wi LATO i nadaje ka\u017cdej stylizacji lu\u017anego, surferskiegoklimatu. Z przodu i z ty\u0142u kontrastowy nadruk z r\u00f3\u017cowym s\u0142o\u0144cem Summer Soul \u2014 to subtelne przypomnienie, \u017ce lato to nie tylko pora roku, ale vibe, kt\u00f3ry mo\u017cesz [&hellip;]<\/p>\n","protected":false},"featured_media":24878,"template":"","meta":[],"product_brand":[],"product_cat":[164,110,127],"product_tag":[],"class_list":{"0":"post-22253","1":"product","2":"type-product","3":"status-publish","4":"has-post-thumbnail","6":"product_cat-longsleeve","7":"product_cat-tshirty-unisex","8":"product_cat-wszystko","10":"first","11":"outofstock","12":"taxable","13":"shipping-taxable","14":"purchasable","15":"product-type-variable","16":"has-default-attributes"},"bundled_by":[],"bundle_stock_status":"outofstock","bundle_stock_quantity":null,"bundle_virtual":false,"bundle_layout":"","bundle_add_to_cart_form_location":"","bundle_editable_in_cart":false,"bundle_sold_individually_context":"","bundle_item_grouping":"","bundle_min_size":"","bundle_max_size":"","bundle_price":[],"bundled_items":[],"bundle_sell_ids":[],"yoast_head":"<!-- This site is optimized with the Yoast SEO Premium plugin v20.0 (Yoast SEO v26.5) - https:\/\/yoast.com\/wordpress\/plugins\/seo\/ -->\n<title>Summer Soul Szary Longsleeve - WHYSOSERIOUS store<\/title>\n<meta name=\"description\" content=\"Szary longsleeve Summer Soul to idealny dodatek do Twojej garderoby. Pasuje do wielu stylizacji i stanowi jej dope\u0142nienie.\" \/>\n<meta name=\"robots\" content=\"index, follow, max-snippet:-1, max-image-preview:large, max-video-preview:-1\" \/>\n<link rel=\"canonical\" href=\"https:\/\/whysoseriousstore.com\/eng\/summer-soul-longsleeve\/\" \/>\n<meta property=\"og:locale\" content=\"en_GB\" \/>\n<meta property=\"og:type\" content=\"article\" \/>\n<meta property=\"og:title\" content=\"Summer Soul Szary Longsleeve\" \/>\n<meta property=\"og:description\" content=\"Szary longsleeve Summer Soul to idealny dodatek do Twojej garderoby. Pasuje do wielu stylizacji i stanowi jej dope\u0142nienie.\" \/>\n<meta property=\"og:url\" content=\"https:\/\/whysoseriousstore.com\/eng\/summer-soul-longsleeve\/\" \/>\n<meta property=\"og:site_name\" content=\"WHYSOSERIOUS store\" \/>\n<meta property=\"article:modified_time\" content=\"2026-03-30T13:34:25+00:00\" \/>\n<meta property=\"og:image\" content=\"https:\/\/whysoseriousstore.com\/wp-content\/uploads\/2025\/06\/Zrzut-ekranu-2025-11-22-121310.png\" \/>\n\t<meta property=\"og:image:width\" content=\"640\" \/>\n\t<meta property=\"og:image:height\" content=\"902\" \/>\n\t<meta property=\"og:image:type\" content=\"image\/png\" \/>\n<meta name=\"twitter:card\" content=\"summary_large_image\" \/>\n<meta name=\"twitter:label1\" content=\"Estimated reading time\" \/>\n\t<meta name=\"twitter:data1\" content=\"2 minutes\" \/>\n<script type=\"application\/ld+json\" class=\"yoast-schema-graph\">{\"@context\":\"https:\/\/schema.org\",\"@graph\":[{\"@type\":\"WebPage\",\"@id\":\"https:\/\/whysoseriousstore.com\/summer-soul-longsleeve\/\",\"url\":\"https:\/\/whysoseriousstore.com\/summer-soul-longsleeve\/\",\"name\":\"Summer Soul Szary Longsleeve - WHYSOSERIOUS store\",\"isPartOf\":{\"@id\":\"https:\/\/whysoseriousstore.com\/#website\"},\"primaryImageOfPage\":{\"@id\":\"https:\/\/whysoseriousstore.com\/summer-soul-longsleeve\/#primaryimage\"},\"image\":{\"@id\":\"https:\/\/whysoseriousstore.com\/summer-soul-longsleeve\/#primaryimage\"},\"thumbnailUrl\":\"https:\/\/whysoseriousstore.com\/wp-content\/uploads\/2025\/06\/Zrzut-ekranu-2025-11-22-121310.png\",\"datePublished\":\"2025-06-21T22:38:47+00:00\",\"dateModified\":\"2026-03-30T13:34:25+00:00\",\"description\":\"Szary longsleeve Summer Soul to idealny dodatek do Twojej garderoby. Pasuje do wielu stylizacji i stanowi jej dope\u0142nienie.\",\"breadcrumb\":{\"@id\":\"https:\/\/whysoseriousstore.com\/summer-soul-longsleeve\/#breadcrumb\"},\"inLanguage\":\"en-GB\",\"potentialAction\":[{\"@type\":\"ReadAction\",\"target\":[\"https:\/\/whysoseriousstore.com\/summer-soul-longsleeve\/\"]}]},{\"@type\":\"ImageObject\",\"inLanguage\":\"en-GB\",\"@id\":\"https:\/\/whysoseriousstore.com\/summer-soul-longsleeve\/#primaryimage\",\"url\":\"https:\/\/whysoseriousstore.com\/wp-content\/uploads\/2025\/06\/Zrzut-ekranu-2025-11-22-121310.png\",\"contentUrl\":\"https:\/\/whysoseriousstore.com\/wp-content\/uploads\/2025\/06\/Zrzut-ekranu-2025-11-22-121310.png\",\"width\":1051,\"height\":1482},{\"@type\":\"BreadcrumbList\",\"@id\":\"https:\/\/whysoseriousstore.com\/summer-soul-longsleeve\/#breadcrumb\",\"itemListElement\":[{\"@type\":\"ListItem\",\"position\":1,\"name\":\"Strona g\u0142\u00f3wna\",\"item\":\"https:\/\/whysoseriousstore.com\/\"},{\"@type\":\"ListItem\",\"position\":2,\"name\":\"Sklep\",\"item\":\"https:\/\/whysoseriousstore.com\/sklep\/\"},{\"@type\":\"ListItem\",\"position\":3,\"name\":\"Summer Soul Szary Longsleeve\"}]},{\"@type\":\"WebSite\",\"@id\":\"https:\/\/whysoseriousstore.com\/#website\",\"url\":\"https:\/\/whysoseriousstore.com\/\",\"name\":\"WHYSOSERIOUS store\",\"description\":\"\",\"potentialAction\":[{\"@type\":\"SearchAction\",\"target\":{\"@type\":\"EntryPoint\",\"urlTemplate\":\"https:\/\/whysoseriousstore.com\/?s={search_term_string}\"},\"query-input\":{\"@type\":\"PropertyValueSpecification\",\"valueRequired\":true,\"valueName\":\"search_term_string\"}}],\"inLanguage\":\"en-GB\"}]}<\/script>\n<!-- \/ Yoast SEO Premium plugin. -->","yoast_head_json":{"title":"Summer Soul Szary Longsleeve - WHYSOSERIOUS store","description":"Szary longsleeve Summer Soul to idealny dodatek do Twojej garderoby. Pasuje do wielu stylizacji i stanowi jej dope\u0142nienie.","robots":{"index":"index","follow":"follow","max-snippet":"max-snippet:-1","max-image-preview":"max-image-preview:large","max-video-preview":"max-video-preview:-1"},"canonical":"https:\/\/whysoseriousstore.com\/eng\/summer-soul-longsleeve\/","og_locale":"en_GB","og_type":"article","og_title":"Summer Soul Szary Longsleeve","og_description":"Szary longsleeve Summer Soul to idealny dodatek do Twojej garderoby. Pasuje do wielu stylizacji i stanowi jej dope\u0142nienie.","og_url":"https:\/\/whysoseriousstore.com\/eng\/summer-soul-longsleeve\/","og_site_name":"WHYSOSERIOUS store","article_modified_time":"2026-03-30T13:34:25+00:00","og_image":[{"url":"https:\/\/whysoseriousstore.com\/wp-content\/uploads\/2025\/06\/Zrzut-ekranu-2025-11-22-121310.png","width":640,"height":902,"type":"image\/png"}],"twitter_card":"summary_large_image","twitter_misc":{"Estimated reading time":"2 minutes"},"schema":{"@context":"https:\/\/schema.org","@graph":[{"@type":"WebPage","@id":"https:\/\/whysoseriousstore.com\/summer-soul-longsleeve\/","url":"https:\/\/whysoseriousstore.com\/summer-soul-longsleeve\/","name":"Summer Soul Szary Longsleeve - WHYSOSERIOUS store","isPartOf":{"@id":"https:\/\/whysoseriousstore.com\/#website"},"primaryImageOfPage":{"@id":"https:\/\/whysoseriousstore.com\/summer-soul-longsleeve\/#primaryimage"},"image":{"@id":"https:\/\/whysoseriousstore.com\/summer-soul-longsleeve\/#primaryimage"},"thumbnailUrl":"https:\/\/whysoseriousstore.com\/wp-content\/uploads\/2025\/06\/Zrzut-ekranu-2025-11-22-121310.png","datePublished":"2025-06-21T22:38:47+00:00","dateModified":"2026-03-30T13:34:25+00:00","description":"Szary longsleeve Summer Soul to idealny dodatek do Twojej garderoby. Pasuje do wielu stylizacji i stanowi jej dope\u0142nienie.","breadcrumb":{"@id":"https:\/\/whysoseriousstore.com\/summer-soul-longsleeve\/#breadcrumb"},"inLanguage":"en-GB","potentialAction":[{"@type":"ReadAction","target":["https:\/\/whysoseriousstore.com\/summer-soul-longsleeve\/"]}]},{"@type":"ImageObject","inLanguage":"en-GB","@id":"https:\/\/whysoseriousstore.com\/summer-soul-longsleeve\/#primaryimage","url":"https:\/\/whysoseriousstore.com\/wp-content\/uploads\/2025\/06\/Zrzut-ekranu-2025-11-22-121310.png","contentUrl":"https:\/\/whysoseriousstore.com\/wp-content\/uploads\/2025\/06\/Zrzut-ekranu-2025-11-22-121310.png","width":1051,"height":1482},{"@type":"BreadcrumbList","@id":"https:\/\/whysoseriousstore.com\/summer-soul-longsleeve\/#breadcrumb","itemListElement":[{"@type":"ListItem","position":1,"name":"Strona g\u0142\u00f3wna","item":"https:\/\/whysoseriousstore.com\/"},{"@type":"ListItem","position":2,"name":"Sklep","item":"https:\/\/whysoseriousstore.com\/sklep\/"},{"@type":"ListItem","position":3,"name":"Summer Soul Szary Longsleeve"}]},{"@type":"WebSite","@id":"https:\/\/whysoseriousstore.com\/#website","url":"https:\/\/whysoseriousstore.com\/","name":"WHYSOSERIOUS store","description":"","potentialAction":[{"@type":"SearchAction","target":{"@type":"EntryPoint","urlTemplate":"https:\/\/whysoseriousstore.com\/?s={search_term_string}"},"query-input":{"@type":"PropertyValueSpecification","valueRequired":true,"valueName":"search_term_string"}}],"inLanguage":"en-GB"}]}},"_links":{"self":[{"href":"https:\/\/whysoseriousstore.com\/eng\/wp-json\/wp\/v2\/product\/22253","targetHints":{"allow":["GET"]}}],"collection":[{"href":"https:\/\/whysoseriousstore.com\/eng\/wp-json\/wp\/v2\/product"}],"about":[{"href":"https:\/\/whysoseriousstore.com\/eng\/wp-json\/wp\/v2\/types\/product"}],"wp:featuredmedia":[{"embeddable":true,"href":"https:\/\/whysoseriousstore.com\/eng\/wp-json\/wp\/v2\/media\/24878"}],"wp:attachment":[{"href":"https:\/\/whysoseriousstore.com\/eng\/wp-json\/wp\/v2\/media?parent=22253"}],"wp:term":[{"taxonomy":"product_brand","embeddable":true,"href":"https:\/\/whysoseriousstore.com\/eng\/wp-json\/wp\/v2\/product_brand?post=22253"},{"taxonomy":"product_cat","embeddable":true,"href":"https:\/\/whysoseriousstore.com\/eng\/wp-json\/wp\/v2\/product_cat?post=22253"},{"taxonomy":"product_tag","embeddable":true,"href":"https:\/\/whysoseriousstore.com\/eng\/wp-json\/wp\/v2\/product_tag?post=22253"}],"curies":[{"name":"wp","href":"https:\/\/api.w.org\/{rel}","templated":true}]}}