{"id":22389,"date":"2025-06-28T15:14:19","date_gmt":"2025-06-28T13:14:19","guid":{"rendered":"https:\/\/whysoseriousstore.com\/?post_type=product&#038;p=22389"},"modified":"2026-03-23T19:59:25","modified_gmt":"2026-03-23T18:59:25","slug":"spodnica-lagoa-navy","status":"publish","type":"product","link":"https:\/\/whysoseriousstore.com\/eng\/spodnica-lagoa-navy\/","title":{"rendered":"Skirt Lagoa Navy"},"content":{"rendered":"<p data-start=\"0\" data-end=\"286\"><strong>Navy blue Lagoa skirt<\/strong> in viscose is a combination of timeless classics and urban casualness - just the way we like it in the <strong>WHYSOSERIOUS<\/strong>. With its slightly flared cut, leg slit and deep navy blue hue, this is the piece that will find its way into your wardrobe for the long term and in any situation.<\/p>\n<p data-start=\"288\" data-end=\"648\"><strong>Colour<\/strong> - A classic navy blue that gives you complete styling freedom - pair it with a white T-shirt, top, oversize sweatshirt or fitted longsleeve and it always looks good.<\/p>\n<p data-start=\"288\" data-end=\"648\"><strong>Material<\/strong> - Viscose - natural, airy, with a slight matte sheen. Ideal for warm days, but also when you want to opt for comfort without sacrificing a feminine look.<\/p>\n<p data-start=\"650\" data-end=\"957\"><strong>Cut<\/strong> - Minimalist, but with character. The material flows beautifully with movement, gently holding the silhouette. It's a model that looks very flattering and doesn't restrict movement - perfect for every day, a trip, an evening stroll or a spontaneous meeting in the city.<\/p>\n<p>The model is 171 cm tall and a size S.<\/p>\n<p><strong>THE HIGHEST QUALITY, MADE IN POLAND.<\/strong><\/p>\n<p><a href=\"https:\/\/whysoseriousstore.com\/eng\/bluzy-unisex\/?v=9b7d173b068d\">See also our sweatshirts!<\/a><br \/>\nVisit us at\u00a0<a href=\"https:\/\/www.instagram.com\/wss.whysoserious\/\">instagram<\/a>\u00a0i\u00a0<a href=\"https:\/\/www.facebook.com\/WSS.whysoserious\">facebook<\/a>.<\/p>","protected":false},"excerpt":{"rendered":"<p>Granatowa sp\u00f3dnica Lagoa z wiskozy to po\u0142\u0105czenie ponadczasowej klasyki z miejskim luzem \u2014 dok\u0142adnie tak, jak lubimy w WHYSOSERIOUS. Lekko rozszerzany fason, rozci\u0119cie na nodze i g\u0142\u0119boki odcie\u0144 navy blue sprawiaj\u0105, \u017ce to ta cz\u0119\u015b\u0107 garderoby, kt\u00f3ra odnajdzie si\u0119 w Twojej szafie na d\u0142u\u017cej i w ka\u017cdej sytuacji. Kolor &#8211; Klasyczny granat, kt\u00f3ry daje Ci [&hellip;]<\/p>\n","protected":false},"featured_media":22408,"template":"","meta":[],"product_brand":[],"product_cat":[137,176,127],"product_tag":[],"class_list":{"0":"post-22389","1":"product","2":"type-product","3":"status-publish","4":"has-post-thumbnail","6":"product_cat-sukienki","7":"product_cat-womens-day","8":"product_cat-wszystko","10":"first","11":"instock","12":"taxable","13":"shipping-taxable","14":"purchasable","15":"product-type-variable","16":"has-default-attributes"},"bundled_by":[],"bundle_stock_status":"instock","bundle_stock_quantity":null,"bundle_virtual":false,"bundle_layout":"","bundle_add_to_cart_form_location":"","bundle_editable_in_cart":false,"bundle_sold_individually_context":"","bundle_item_grouping":"","bundle_min_size":"","bundle_max_size":"","bundle_price":[],"bundled_items":[],"bundle_sell_ids":[],"yoast_head":"<!-- This site is optimized with the Yoast SEO Premium plugin v20.0 (Yoast SEO v26.5) - https:\/\/yoast.com\/wordpress\/plugins\/seo\/ -->\n<title>Sp\u00f3dnica Lagoa Navy - WHYSOSERIOUS store<\/title>\n<meta name=\"description\" content=\"Nasz niebieski t-shirt boxy w paski to idealny klasyk na ka\u017cd\u0105 okazj\u0119. Zostanie w twojej szafie na d\u0142ugo i dope\u0142ni ka\u017cdy Tw\u00f3j look.\" \/>\n<meta name=\"robots\" content=\"index, follow, max-snippet:-1, max-image-preview:large, max-video-preview:-1\" \/>\n<link rel=\"canonical\" href=\"https:\/\/whysoseriousstore.com\/eng\/spodnica-lagoa-navy\/\" \/>\n<meta property=\"og:locale\" content=\"en_GB\" \/>\n<meta property=\"og:type\" content=\"article\" \/>\n<meta property=\"og:title\" content=\"Sp\u00f3dnica Lagoa Navy\" \/>\n<meta property=\"og:description\" content=\"Nasz niebieski t-shirt boxy w paski to idealny klasyk na ka\u017cd\u0105 okazj\u0119. Zostanie w twojej szafie na d\u0142ugo i dope\u0142ni ka\u017cdy Tw\u00f3j look.\" \/>\n<meta property=\"og:url\" content=\"https:\/\/whysoseriousstore.com\/eng\/spodnica-lagoa-navy\/\" \/>\n<meta property=\"og:site_name\" content=\"WHYSOSERIOUS store\" \/>\n<meta property=\"article:modified_time\" content=\"2026-03-23T18:59:25+00:00\" \/>\n<meta property=\"og:image\" content=\"https:\/\/whysoseriousstore.com\/wp-content\/uploads\/2025\/06\/Spodnica-granatowa-mini-whysoserious.webp\" \/>\n\t<meta property=\"og:image:width\" content=\"1333\" \/>\n\t<meta property=\"og:image:height\" content=\"2000\" \/>\n\t<meta property=\"og:image:type\" content=\"image\/webp\" \/>\n<meta name=\"twitter:card\" content=\"summary_large_image\" \/>\n<meta name=\"twitter:label1\" content=\"Estimated reading time\" \/>\n\t<meta name=\"twitter:data1\" content=\"2 minutes\" \/>\n<script type=\"application\/ld+json\" class=\"yoast-schema-graph\">{\"@context\":\"https:\/\/schema.org\",\"@graph\":[{\"@type\":\"WebPage\",\"@id\":\"https:\/\/whysoseriousstore.com\/spodnica-lagoa-navy\/\",\"url\":\"https:\/\/whysoseriousstore.com\/spodnica-lagoa-navy\/\",\"name\":\"Sp\u00f3dnica Lagoa Navy - WHYSOSERIOUS store\",\"isPartOf\":{\"@id\":\"https:\/\/whysoseriousstore.com\/#website\"},\"primaryImageOfPage\":{\"@id\":\"https:\/\/whysoseriousstore.com\/spodnica-lagoa-navy\/#primaryimage\"},\"image\":{\"@id\":\"https:\/\/whysoseriousstore.com\/spodnica-lagoa-navy\/#primaryimage\"},\"thumbnailUrl\":\"https:\/\/whysoseriousstore.com\/wp-content\/uploads\/2025\/06\/Spodnica-granatowa-mini-whysoserious.webp\",\"datePublished\":\"2025-06-28T13:14:19+00:00\",\"dateModified\":\"2026-03-23T18:59:25+00:00\",\"description\":\"Nasz niebieski t-shirt boxy w paski to idealny klasyk na ka\u017cd\u0105 okazj\u0119. Zostanie w twojej szafie na d\u0142ugo i dope\u0142ni ka\u017cdy Tw\u00f3j look.\",\"breadcrumb\":{\"@id\":\"https:\/\/whysoseriousstore.com\/spodnica-lagoa-navy\/#breadcrumb\"},\"inLanguage\":\"en-GB\",\"potentialAction\":[{\"@type\":\"ReadAction\",\"target\":[\"https:\/\/whysoseriousstore.com\/spodnica-lagoa-navy\/\"]}]},{\"@type\":\"ImageObject\",\"inLanguage\":\"en-GB\",\"@id\":\"https:\/\/whysoseriousstore.com\/spodnica-lagoa-navy\/#primaryimage\",\"url\":\"https:\/\/whysoseriousstore.com\/wp-content\/uploads\/2025\/06\/Spodnica-granatowa-mini-whysoserious.webp\",\"contentUrl\":\"https:\/\/whysoseriousstore.com\/wp-content\/uploads\/2025\/06\/Spodnica-granatowa-mini-whysoserious.webp\",\"width\":1333,\"height\":2000},{\"@type\":\"BreadcrumbList\",\"@id\":\"https:\/\/whysoseriousstore.com\/spodnica-lagoa-navy\/#breadcrumb\",\"itemListElement\":[{\"@type\":\"ListItem\",\"position\":1,\"name\":\"Strona g\u0142\u00f3wna\",\"item\":\"https:\/\/whysoseriousstore.com\/\"},{\"@type\":\"ListItem\",\"position\":2,\"name\":\"Sklep\",\"item\":\"https:\/\/whysoseriousstore.com\/sklep\/\"},{\"@type\":\"ListItem\",\"position\":3,\"name\":\"Sp\u00f3dnica Lagoa Navy\"}]},{\"@type\":\"WebSite\",\"@id\":\"https:\/\/whysoseriousstore.com\/#website\",\"url\":\"https:\/\/whysoseriousstore.com\/\",\"name\":\"WHYSOSERIOUS store\",\"description\":\"\",\"potentialAction\":[{\"@type\":\"SearchAction\",\"target\":{\"@type\":\"EntryPoint\",\"urlTemplate\":\"https:\/\/whysoseriousstore.com\/?s={search_term_string}\"},\"query-input\":{\"@type\":\"PropertyValueSpecification\",\"valueRequired\":true,\"valueName\":\"search_term_string\"}}],\"inLanguage\":\"en-GB\"}]}<\/script>\n<!-- \/ Yoast SEO Premium plugin. -->","yoast_head_json":{"title":"Sp\u00f3dnica Lagoa Navy - WHYSOSERIOUS store","description":"Nasz niebieski t-shirt boxy w paski to idealny klasyk na ka\u017cd\u0105 okazj\u0119. Zostanie w twojej szafie na d\u0142ugo i dope\u0142ni ka\u017cdy Tw\u00f3j look.","robots":{"index":"index","follow":"follow","max-snippet":"max-snippet:-1","max-image-preview":"max-image-preview:large","max-video-preview":"max-video-preview:-1"},"canonical":"https:\/\/whysoseriousstore.com\/eng\/spodnica-lagoa-navy\/","og_locale":"en_GB","og_type":"article","og_title":"Sp\u00f3dnica Lagoa Navy","og_description":"Nasz niebieski t-shirt boxy w paski to idealny klasyk na ka\u017cd\u0105 okazj\u0119. Zostanie w twojej szafie na d\u0142ugo i dope\u0142ni ka\u017cdy Tw\u00f3j look.","og_url":"https:\/\/whysoseriousstore.com\/eng\/spodnica-lagoa-navy\/","og_site_name":"WHYSOSERIOUS store","article_modified_time":"2026-03-23T18:59:25+00:00","og_image":[{"width":1333,"height":2000,"url":"https:\/\/whysoseriousstore.com\/wp-content\/uploads\/2025\/06\/Spodnica-granatowa-mini-whysoserious.webp","type":"image\/webp"}],"twitter_card":"summary_large_image","twitter_misc":{"Estimated reading time":"2 minutes"},"schema":{"@context":"https:\/\/schema.org","@graph":[{"@type":"WebPage","@id":"https:\/\/whysoseriousstore.com\/spodnica-lagoa-navy\/","url":"https:\/\/whysoseriousstore.com\/spodnica-lagoa-navy\/","name":"Sp\u00f3dnica Lagoa Navy - WHYSOSERIOUS store","isPartOf":{"@id":"https:\/\/whysoseriousstore.com\/#website"},"primaryImageOfPage":{"@id":"https:\/\/whysoseriousstore.com\/spodnica-lagoa-navy\/#primaryimage"},"image":{"@id":"https:\/\/whysoseriousstore.com\/spodnica-lagoa-navy\/#primaryimage"},"thumbnailUrl":"https:\/\/whysoseriousstore.com\/wp-content\/uploads\/2025\/06\/Spodnica-granatowa-mini-whysoserious.webp","datePublished":"2025-06-28T13:14:19+00:00","dateModified":"2026-03-23T18:59:25+00:00","description":"Nasz niebieski t-shirt boxy w paski to idealny klasyk na ka\u017cd\u0105 okazj\u0119. Zostanie w twojej szafie na d\u0142ugo i dope\u0142ni ka\u017cdy Tw\u00f3j look.","breadcrumb":{"@id":"https:\/\/whysoseriousstore.com\/spodnica-lagoa-navy\/#breadcrumb"},"inLanguage":"en-GB","potentialAction":[{"@type":"ReadAction","target":["https:\/\/whysoseriousstore.com\/spodnica-lagoa-navy\/"]}]},{"@type":"ImageObject","inLanguage":"en-GB","@id":"https:\/\/whysoseriousstore.com\/spodnica-lagoa-navy\/#primaryimage","url":"https:\/\/whysoseriousstore.com\/wp-content\/uploads\/2025\/06\/Spodnica-granatowa-mini-whysoserious.webp","contentUrl":"https:\/\/whysoseriousstore.com\/wp-content\/uploads\/2025\/06\/Spodnica-granatowa-mini-whysoserious.webp","width":1333,"height":2000},{"@type":"BreadcrumbList","@id":"https:\/\/whysoseriousstore.com\/spodnica-lagoa-navy\/#breadcrumb","itemListElement":[{"@type":"ListItem","position":1,"name":"Strona g\u0142\u00f3wna","item":"https:\/\/whysoseriousstore.com\/"},{"@type":"ListItem","position":2,"name":"Sklep","item":"https:\/\/whysoseriousstore.com\/sklep\/"},{"@type":"ListItem","position":3,"name":"Sp\u00f3dnica Lagoa Navy"}]},{"@type":"WebSite","@id":"https:\/\/whysoseriousstore.com\/#website","url":"https:\/\/whysoseriousstore.com\/","name":"WHYSOSERIOUS store","description":"","potentialAction":[{"@type":"SearchAction","target":{"@type":"EntryPoint","urlTemplate":"https:\/\/whysoseriousstore.com\/?s={search_term_string}"},"query-input":{"@type":"PropertyValueSpecification","valueRequired":true,"valueName":"search_term_string"}}],"inLanguage":"en-GB"}]}},"_links":{"self":[{"href":"https:\/\/whysoseriousstore.com\/eng\/wp-json\/wp\/v2\/product\/22389","targetHints":{"allow":["GET"]}}],"collection":[{"href":"https:\/\/whysoseriousstore.com\/eng\/wp-json\/wp\/v2\/product"}],"about":[{"href":"https:\/\/whysoseriousstore.com\/eng\/wp-json\/wp\/v2\/types\/product"}],"wp:featuredmedia":[{"embeddable":true,"href":"https:\/\/whysoseriousstore.com\/eng\/wp-json\/wp\/v2\/media\/22408"}],"wp:attachment":[{"href":"https:\/\/whysoseriousstore.com\/eng\/wp-json\/wp\/v2\/media?parent=22389"}],"wp:term":[{"taxonomy":"product_brand","embeddable":true,"href":"https:\/\/whysoseriousstore.com\/eng\/wp-json\/wp\/v2\/product_brand?post=22389"},{"taxonomy":"product_cat","embeddable":true,"href":"https:\/\/whysoseriousstore.com\/eng\/wp-json\/wp\/v2\/product_cat?post=22389"},{"taxonomy":"product_tag","embeddable":true,"href":"https:\/\/whysoseriousstore.com\/eng\/wp-json\/wp\/v2\/product_tag?post=22389"}],"curies":[{"name":"wp","href":"https:\/\/api.w.org\/{rel}","templated":true}]}}