{"id":22394,"date":"2025-06-28T15:16:19","date_gmt":"2025-06-28T13:16:19","guid":{"rendered":"https:\/\/whysoseriousstore.com\/?post_type=product&#038;p=22394"},"modified":"2026-04-30T09:00:20","modified_gmt":"2026-04-30T07:00:20","slug":"szorty-deia-yellow-stripes","status":"publish","type":"product","link":"https:\/\/whysoseriousstore.com\/eng\/szorty-deia-yellow-stripes\/","title":{"rendered":"Dei\u00e0 Yellow Stripes shorts"},"content":{"rendered":"<p data-start=\"72\" data-end=\"383\">The yellow striped shorts are for those who refuse to compromise between comfort and style. Inspired by summer in the city, where every moment can turn into a spontaneous trip to the water, a picnic with friends or a bicycle trip. This model is the essence of casualness, freedom and good design.<\/p>\n<p data-start=\"385\" data-end=\"758\">The classic cut with a slightly looser leg and elastic waistband means that the shorts fit you - not the other way around. And as for the colour? Sunny yellow combined with delicate stripes is a mix that automatically adds +10 to your summer mood.<\/p>\n<p data-start=\"760\" data-end=\"947\">The material? A light, airy cotton blend - pleasant on the skin even on hot days. The shorts are designed for people who appreciate functionality, but also like their look to say something more. Wear them every day, on a trip, to the beach or when you just want to feel good and look even better.<\/p>\n<p data-start=\"1189\" data-end=\"1323\" data-is-last-node=\"\" data-is-only-node=\"\">We produce locally, we design responsibly, we create with you in mind - thanks for being part of this WHYSOSERIOUS story. &lt;3<\/p>\n<p>WHYSOSERIOUS logo label on front.<\/p>\n<p>The model is 171 cm tall and a size M.<\/p>\n<p><strong>THE HIGHEST QUALITY, MADE IN POLAND.<\/strong><\/p>\n<p><a href=\"https:\/\/whysoseriousstore.com\/eng\/bluzy-unisex\/?v=9b7d173b068d\">See also our sweatshirts!<\/a><br \/>\nVisit us at\u00a0<a href=\"https:\/\/www.instagram.com\/wss.whysoserious\/\">instagram<\/a>\u00a0i\u00a0<a href=\"https:\/\/www.facebook.com\/WSS.whysoserious\">facebook<\/a>.<\/p>","protected":false},"excerpt":{"rendered":"<p>\u017b\u00f3\u0142te szorty w paski to propozycja dla tych, kt\u00f3rzy nie uznaj\u0105 kompromis\u00f3w mi\u0119dzy wygod\u0105 a stylem. Inspirowane latem w mie\u015bcie, gdzie ka\u017cda chwila mo\u017ce zamieni\u0107 si\u0119 w spontaniczny wypad nad wod\u0119, piknik z przyjaci\u00f3\u0142mi albo rowerowy trip. Ten model to esencja luzu, swobody i dobrego designu. Klasyczny kr\u00f3j z lekko lu\u017aniejsz\u0105 nogawk\u0105 i elastycznym pasem [&hellip;]<\/p>\n","protected":false},"featured_media":22336,"template":"","meta":[],"product_brand":[],"product_cat":[180,137,176,112,127],"product_tag":[],"class_list":{"0":"post-22394","1":"product","2":"type-product","3":"status-publish","4":"has-post-thumbnail","6":"product_cat-spring-sale","7":"product_cat-sukienki","8":"product_cat-womens-day","9":"product_cat-spodnie","10":"product_cat-wszystko","12":"first","13":"instock","14":"sale","15":"taxable","16":"shipping-taxable","17":"purchasable","18":"product-type-variable","19":"has-default-attributes"},"bundled_by":[],"bundle_stock_status":"instock","bundle_stock_quantity":null,"bundle_virtual":false,"bundle_layout":"","bundle_add_to_cart_form_location":"","bundle_editable_in_cart":false,"bundle_sold_individually_context":"","bundle_item_grouping":"","bundle_min_size":"","bundle_max_size":"","bundle_price":[],"bundled_items":[],"bundle_sell_ids":[],"yoast_head":"<!-- This site is optimized with the Yoast SEO Premium plugin v20.0 (Yoast SEO v26.5) - https:\/\/yoast.com\/wordpress\/plugins\/seo\/ -->\n<title>Szorty Dei\u00e0 Yellow Stripes - WHYSOSERIOUS store<\/title>\n<meta name=\"description\" content=\"\u017b\u00f3\u0142te szorty w paski to kwintesencja letniego luzu. Lekkie, przewiewne i wygodne, z metka z logo WHYSOSERIOUS z przodu.\" \/>\n<meta name=\"robots\" content=\"index, follow, max-snippet:-1, max-image-preview:large, max-video-preview:-1\" \/>\n<link rel=\"canonical\" href=\"https:\/\/whysoseriousstore.com\/eng\/szorty-deia-yellow-stripes\/\" \/>\n<meta property=\"og:locale\" content=\"en_GB\" \/>\n<meta property=\"og:type\" content=\"article\" \/>\n<meta property=\"og:title\" content=\"Szorty Dei\u00e0 Yellow Stripes\" \/>\n<meta property=\"og:description\" content=\"\u017b\u00f3\u0142te szorty w paski to kwintesencja letniego luzu. Lekkie, przewiewne i wygodne, z metka z logo WHYSOSERIOUS z przodu.\" \/>\n<meta property=\"og:url\" content=\"https:\/\/whysoseriousstore.com\/eng\/szorty-deia-yellow-stripes\/\" \/>\n<meta property=\"og:site_name\" content=\"WHYSOSERIOUS store\" \/>\n<meta property=\"article:modified_time\" content=\"2026-04-30T07:00:20+00:00\" \/>\n<meta property=\"og:image\" content=\"https:\/\/whysoseriousstore.com\/wp-content\/uploads\/2025\/06\/Butter-Yellow-Shorts-damskie-w-paski-whysoserious.webp\" \/>\n\t<meta property=\"og:image:width\" content=\"1333\" \/>\n\t<meta property=\"og:image:height\" content=\"2000\" \/>\n\t<meta property=\"og:image:type\" content=\"image\/webp\" \/>\n<meta name=\"twitter:card\" content=\"summary_large_image\" \/>\n<meta name=\"twitter:label1\" content=\"Estimated reading time\" \/>\n\t<meta name=\"twitter:data1\" content=\"2 minutes\" \/>\n<script type=\"application\/ld+json\" class=\"yoast-schema-graph\">{\"@context\":\"https:\/\/schema.org\",\"@graph\":[{\"@type\":\"WebPage\",\"@id\":\"https:\/\/whysoseriousstore.com\/szorty-deia-yellow-stripes\/\",\"url\":\"https:\/\/whysoseriousstore.com\/szorty-deia-yellow-stripes\/\",\"name\":\"Szorty Dei\u00e0 Yellow Stripes - WHYSOSERIOUS store\",\"isPartOf\":{\"@id\":\"https:\/\/whysoseriousstore.com\/#website\"},\"primaryImageOfPage\":{\"@id\":\"https:\/\/whysoseriousstore.com\/szorty-deia-yellow-stripes\/#primaryimage\"},\"image\":{\"@id\":\"https:\/\/whysoseriousstore.com\/szorty-deia-yellow-stripes\/#primaryimage\"},\"thumbnailUrl\":\"https:\/\/whysoseriousstore.com\/wp-content\/uploads\/2025\/06\/Butter-Yellow-Shorts-damskie-w-paski-whysoserious.webp\",\"datePublished\":\"2025-06-28T13:16:19+00:00\",\"dateModified\":\"2026-04-30T07:00:20+00:00\",\"description\":\"\u017b\u00f3\u0142te szorty w paski to kwintesencja letniego luzu. Lekkie, przewiewne i wygodne, z metka z logo WHYSOSERIOUS z przodu.\",\"breadcrumb\":{\"@id\":\"https:\/\/whysoseriousstore.com\/szorty-deia-yellow-stripes\/#breadcrumb\"},\"inLanguage\":\"en-GB\",\"potentialAction\":[{\"@type\":\"ReadAction\",\"target\":[\"https:\/\/whysoseriousstore.com\/szorty-deia-yellow-stripes\/\"]}]},{\"@type\":\"ImageObject\",\"inLanguage\":\"en-GB\",\"@id\":\"https:\/\/whysoseriousstore.com\/szorty-deia-yellow-stripes\/#primaryimage\",\"url\":\"https:\/\/whysoseriousstore.com\/wp-content\/uploads\/2025\/06\/Butter-Yellow-Shorts-damskie-w-paski-whysoserious.webp\",\"contentUrl\":\"https:\/\/whysoseriousstore.com\/wp-content\/uploads\/2025\/06\/Butter-Yellow-Shorts-damskie-w-paski-whysoserious.webp\",\"width\":1333,\"height\":2000},{\"@type\":\"BreadcrumbList\",\"@id\":\"https:\/\/whysoseriousstore.com\/szorty-deia-yellow-stripes\/#breadcrumb\",\"itemListElement\":[{\"@type\":\"ListItem\",\"position\":1,\"name\":\"Strona g\u0142\u00f3wna\",\"item\":\"https:\/\/whysoseriousstore.com\/\"},{\"@type\":\"ListItem\",\"position\":2,\"name\":\"Sklep\",\"item\":\"https:\/\/whysoseriousstore.com\/sklep\/\"},{\"@type\":\"ListItem\",\"position\":3,\"name\":\"Szorty Dei\u00e0 Yellow Stripes\"}]},{\"@type\":\"WebSite\",\"@id\":\"https:\/\/whysoseriousstore.com\/#website\",\"url\":\"https:\/\/whysoseriousstore.com\/\",\"name\":\"WHYSOSERIOUS store\",\"description\":\"\",\"potentialAction\":[{\"@type\":\"SearchAction\",\"target\":{\"@type\":\"EntryPoint\",\"urlTemplate\":\"https:\/\/whysoseriousstore.com\/?s={search_term_string}\"},\"query-input\":{\"@type\":\"PropertyValueSpecification\",\"valueRequired\":true,\"valueName\":\"search_term_string\"}}],\"inLanguage\":\"en-GB\"}]}<\/script>\n<!-- \/ Yoast SEO Premium plugin. -->","yoast_head_json":{"title":"Szorty Dei\u00e0 Yellow Stripes - WHYSOSERIOUS store","description":"\u017b\u00f3\u0142te szorty w paski to kwintesencja letniego luzu. Lekkie, przewiewne i wygodne, z metka z logo WHYSOSERIOUS z przodu.","robots":{"index":"index","follow":"follow","max-snippet":"max-snippet:-1","max-image-preview":"max-image-preview:large","max-video-preview":"max-video-preview:-1"},"canonical":"https:\/\/whysoseriousstore.com\/eng\/szorty-deia-yellow-stripes\/","og_locale":"en_GB","og_type":"article","og_title":"Szorty Dei\u00e0 Yellow Stripes","og_description":"\u017b\u00f3\u0142te szorty w paski to kwintesencja letniego luzu. Lekkie, przewiewne i wygodne, z metka z logo WHYSOSERIOUS z przodu.","og_url":"https:\/\/whysoseriousstore.com\/eng\/szorty-deia-yellow-stripes\/","og_site_name":"WHYSOSERIOUS store","article_modified_time":"2026-04-30T07:00:20+00:00","og_image":[{"width":1333,"height":2000,"url":"https:\/\/whysoseriousstore.com\/wp-content\/uploads\/2025\/06\/Butter-Yellow-Shorts-damskie-w-paski-whysoserious.webp","type":"image\/webp"}],"twitter_card":"summary_large_image","twitter_misc":{"Estimated reading time":"2 minutes"},"schema":{"@context":"https:\/\/schema.org","@graph":[{"@type":"WebPage","@id":"https:\/\/whysoseriousstore.com\/szorty-deia-yellow-stripes\/","url":"https:\/\/whysoseriousstore.com\/szorty-deia-yellow-stripes\/","name":"Szorty Dei\u00e0 Yellow Stripes - WHYSOSERIOUS store","isPartOf":{"@id":"https:\/\/whysoseriousstore.com\/#website"},"primaryImageOfPage":{"@id":"https:\/\/whysoseriousstore.com\/szorty-deia-yellow-stripes\/#primaryimage"},"image":{"@id":"https:\/\/whysoseriousstore.com\/szorty-deia-yellow-stripes\/#primaryimage"},"thumbnailUrl":"https:\/\/whysoseriousstore.com\/wp-content\/uploads\/2025\/06\/Butter-Yellow-Shorts-damskie-w-paski-whysoserious.webp","datePublished":"2025-06-28T13:16:19+00:00","dateModified":"2026-04-30T07:00:20+00:00","description":"\u017b\u00f3\u0142te szorty w paski to kwintesencja letniego luzu. Lekkie, przewiewne i wygodne, z metka z logo WHYSOSERIOUS z przodu.","breadcrumb":{"@id":"https:\/\/whysoseriousstore.com\/szorty-deia-yellow-stripes\/#breadcrumb"},"inLanguage":"en-GB","potentialAction":[{"@type":"ReadAction","target":["https:\/\/whysoseriousstore.com\/szorty-deia-yellow-stripes\/"]}]},{"@type":"ImageObject","inLanguage":"en-GB","@id":"https:\/\/whysoseriousstore.com\/szorty-deia-yellow-stripes\/#primaryimage","url":"https:\/\/whysoseriousstore.com\/wp-content\/uploads\/2025\/06\/Butter-Yellow-Shorts-damskie-w-paski-whysoserious.webp","contentUrl":"https:\/\/whysoseriousstore.com\/wp-content\/uploads\/2025\/06\/Butter-Yellow-Shorts-damskie-w-paski-whysoserious.webp","width":1333,"height":2000},{"@type":"BreadcrumbList","@id":"https:\/\/whysoseriousstore.com\/szorty-deia-yellow-stripes\/#breadcrumb","itemListElement":[{"@type":"ListItem","position":1,"name":"Strona g\u0142\u00f3wna","item":"https:\/\/whysoseriousstore.com\/"},{"@type":"ListItem","position":2,"name":"Sklep","item":"https:\/\/whysoseriousstore.com\/sklep\/"},{"@type":"ListItem","position":3,"name":"Szorty Dei\u00e0 Yellow Stripes"}]},{"@type":"WebSite","@id":"https:\/\/whysoseriousstore.com\/#website","url":"https:\/\/whysoseriousstore.com\/","name":"WHYSOSERIOUS store","description":"","potentialAction":[{"@type":"SearchAction","target":{"@type":"EntryPoint","urlTemplate":"https:\/\/whysoseriousstore.com\/?s={search_term_string}"},"query-input":{"@type":"PropertyValueSpecification","valueRequired":true,"valueName":"search_term_string"}}],"inLanguage":"en-GB"}]}},"_links":{"self":[{"href":"https:\/\/whysoseriousstore.com\/eng\/wp-json\/wp\/v2\/product\/22394","targetHints":{"allow":["GET"]}}],"collection":[{"href":"https:\/\/whysoseriousstore.com\/eng\/wp-json\/wp\/v2\/product"}],"about":[{"href":"https:\/\/whysoseriousstore.com\/eng\/wp-json\/wp\/v2\/types\/product"}],"wp:featuredmedia":[{"embeddable":true,"href":"https:\/\/whysoseriousstore.com\/eng\/wp-json\/wp\/v2\/media\/22336"}],"wp:attachment":[{"href":"https:\/\/whysoseriousstore.com\/eng\/wp-json\/wp\/v2\/media?parent=22394"}],"wp:term":[{"taxonomy":"product_brand","embeddable":true,"href":"https:\/\/whysoseriousstore.com\/eng\/wp-json\/wp\/v2\/product_brand?post=22394"},{"taxonomy":"product_cat","embeddable":true,"href":"https:\/\/whysoseriousstore.com\/eng\/wp-json\/wp\/v2\/product_cat?post=22394"},{"taxonomy":"product_tag","embeddable":true,"href":"https:\/\/whysoseriousstore.com\/eng\/wp-json\/wp\/v2\/product_tag?post=22394"}],"curies":[{"name":"wp","href":"https:\/\/api.w.org\/{rel}","templated":true}]}}