{"id":22523,"date":"2025-07-08T11:10:52","date_gmt":"2025-07-08T09:10:52","guid":{"rendered":"https:\/\/whysoseriousstore.com\/?post_type=product&#038;p=22523"},"modified":"2026-04-28T22:23:45","modified_gmt":"2026-04-28T20:23:45","slug":"koszula-tulum-cotton-flowers","status":"publish","type":"product","link":"https:\/\/whysoseriousstore.com\/eng\/koszula-tulum-cotton-flowers\/","title":{"rendered":"Tulum Cotton Flowers shirt"},"content":{"rendered":"<p data-start=\"99\" data-end=\"410\"><strong data-start=\"99\" data-end=\"131\">Tulum Cotton Flowers shirt<\/strong> is more than just a classic shirt - it's a nod to casual, lightweight and summer slow fashion. Designed for those moments when you want to look good effortlessly - whether it's a morning coffee at your favourite caf\u00e9, a walk on the beach or an evening out with friends.<\/p>\n<p data-start=\"412\" data-end=\"625\">The loose, boxy fit and perfect light beige colour gives you all the comfort and space to feel yourself in any situation. The light beige cotton wraps around your skin and the delicate floral pattern adds a subtle, feminine touch.<\/p>\n<p data-start=\"627\" data-end=\"880\">It's a shirt that can be worn in many ways - unbuttoned over a top, classically buttoned up with your favourite shorts or jeans or as a set with shorts. <strong><a class=\"row-title\" href=\"http:\/\/whysoseriousstore.com\/eng\/szorty-deia-cotton-flowers\/\">Dei\u00e0 Cotton Flowers Shorts<\/a><\/strong>. Its natural, holiday-inspired laid-back vibe suits any look you want to add some sunny lightness to.<\/p>\n<p data-start=\"882\" data-end=\"1058\">Made locally, with attention to detail and with you in mind. Because fashion can be beautiful, comfortable and responsible at the same time. Thanks for being part of this WHYSOSERIOUS story. &lt;3<\/p>\n<p data-start=\"934\" data-end=\"974\"><strong data-start=\"934\" data-end=\"974\">THE HIGHEST QUALITY, MADE IN POLAND.<\/strong><\/p>","protected":false},"excerpt":{"rendered":"<p>Koszula Tulum Cotton Flowers to wi\u0119cej ni\u017c klasyczna koszula \u2014 to uk\u0142on w stron\u0119 swobody, lekko\u015bci i letniego slow moodu. Zaprojektowana z my\u015bl\u0105 o chwilach, kiedy chcesz wygl\u0105da\u0107 dobrze bez wysi\u0142ku \u2014 czy to na porannej kawie w ulubionej kawiarni, spacerze po pla\u017cy czy wieczornym spotkaniu z przyjaci\u00f3\u0142mi. Lu\u017any, pude\u0142kowy kr\u00f3j i idealny jasnobe\u017cowy kolor [&hellip;]<\/p>\n","protected":false},"featured_media":22572,"template":"","meta":[],"product_brand":[],"product_cat":[163,110,108,127],"product_tag":[],"class_list":{"0":"post-22523","1":"product","2":"type-product","3":"status-publish","4":"has-post-thumbnail","6":"product_cat-koszule","7":"product_cat-tshirty-unisex","8":"product_cat-new","9":"product_cat-wszystko","11":"first","12":"instock","13":"taxable","14":"shipping-taxable","15":"purchasable","16":"product-type-variable","17":"has-default-attributes"},"bundled_by":[],"bundle_stock_status":"instock","bundle_stock_quantity":null,"bundle_virtual":false,"bundle_layout":"","bundle_add_to_cart_form_location":"","bundle_editable_in_cart":false,"bundle_sold_individually_context":"","bundle_item_grouping":"","bundle_min_size":"","bundle_max_size":"","bundle_price":[],"bundled_items":[],"bundle_sell_ids":[],"yoast_head":"<!-- This site is optimized with the Yoast SEO Premium plugin v20.0 (Yoast SEO v26.5) - https:\/\/yoast.com\/wordpress\/plugins\/seo\/ -->\n<title>Koszula Tulum Cotton Flowers - WHYSOSERIOUS store<\/title>\n<meta name=\"description\" content=\"Koszula Tulum Cotton Flowers to idealny dodatek do Twojej garderoby. Pasuje do wielu stylizacji i stanowi jej dope\u0142nienie.\" \/>\n<meta name=\"robots\" content=\"index, follow, max-snippet:-1, max-image-preview:large, max-video-preview:-1\" \/>\n<link rel=\"canonical\" href=\"https:\/\/whysoseriousstore.com\/eng\/koszula-tulum-cotton-flowers\/\" \/>\n<meta property=\"og:locale\" content=\"en_GB\" \/>\n<meta property=\"og:type\" content=\"article\" \/>\n<meta property=\"og:title\" content=\"Koszula Tulum Cotton Flowers\" \/>\n<meta property=\"og:description\" content=\"Koszula Tulum Cotton Flowers to idealny dodatek do Twojej garderoby. Pasuje do wielu stylizacji i stanowi jej dope\u0142nienie.\" \/>\n<meta property=\"og:url\" content=\"https:\/\/whysoseriousstore.com\/eng\/koszula-tulum-cotton-flowers\/\" \/>\n<meta property=\"og:site_name\" content=\"WHYSOSERIOUS store\" \/>\n<meta property=\"article:modified_time\" content=\"2026-04-28T20:23:45+00:00\" \/>\n<meta property=\"og:image\" content=\"https:\/\/whysoseriousstore.com\/wp-content\/uploads\/2025\/07\/Whysoserious-Szorty-Damskie-w-kwiatki-Bawelniane-6.webp\" \/>\n\t<meta property=\"og:image:width\" content=\"1000\" \/>\n\t<meta property=\"og:image:height\" content=\"1500\" \/>\n\t<meta property=\"og:image:type\" content=\"image\/webp\" \/>\n<meta name=\"twitter:card\" content=\"summary_large_image\" \/>\n<meta name=\"twitter:label1\" content=\"Estimated reading time\" \/>\n\t<meta name=\"twitter:data1\" content=\"2 minutes\" \/>\n<script type=\"application\/ld+json\" class=\"yoast-schema-graph\">{\"@context\":\"https:\/\/schema.org\",\"@graph\":[{\"@type\":\"WebPage\",\"@id\":\"https:\/\/whysoseriousstore.com\/koszula-tulum-cotton-flowers\/\",\"url\":\"https:\/\/whysoseriousstore.com\/koszula-tulum-cotton-flowers\/\",\"name\":\"Koszula Tulum Cotton Flowers - WHYSOSERIOUS store\",\"isPartOf\":{\"@id\":\"https:\/\/whysoseriousstore.com\/#website\"},\"primaryImageOfPage\":{\"@id\":\"https:\/\/whysoseriousstore.com\/koszula-tulum-cotton-flowers\/#primaryimage\"},\"image\":{\"@id\":\"https:\/\/whysoseriousstore.com\/koszula-tulum-cotton-flowers\/#primaryimage\"},\"thumbnailUrl\":\"https:\/\/whysoseriousstore.com\/wp-content\/uploads\/2025\/07\/Whysoserious-Szorty-Damskie-w-kwiatki-Bawelniane-6.webp\",\"datePublished\":\"2025-07-08T09:10:52+00:00\",\"dateModified\":\"2026-04-28T20:23:45+00:00\",\"description\":\"Koszula Tulum Cotton Flowers to idealny dodatek do Twojej garderoby. Pasuje do wielu stylizacji i stanowi jej dope\u0142nienie.\",\"breadcrumb\":{\"@id\":\"https:\/\/whysoseriousstore.com\/koszula-tulum-cotton-flowers\/#breadcrumb\"},\"inLanguage\":\"en-GB\",\"potentialAction\":[{\"@type\":\"ReadAction\",\"target\":[\"https:\/\/whysoseriousstore.com\/koszula-tulum-cotton-flowers\/\"]}]},{\"@type\":\"ImageObject\",\"inLanguage\":\"en-GB\",\"@id\":\"https:\/\/whysoseriousstore.com\/koszula-tulum-cotton-flowers\/#primaryimage\",\"url\":\"https:\/\/whysoseriousstore.com\/wp-content\/uploads\/2025\/07\/Whysoserious-Szorty-Damskie-w-kwiatki-Bawelniane-6.webp\",\"contentUrl\":\"https:\/\/whysoseriousstore.com\/wp-content\/uploads\/2025\/07\/Whysoserious-Szorty-Damskie-w-kwiatki-Bawelniane-6.webp\",\"width\":1000,\"height\":1500},{\"@type\":\"BreadcrumbList\",\"@id\":\"https:\/\/whysoseriousstore.com\/koszula-tulum-cotton-flowers\/#breadcrumb\",\"itemListElement\":[{\"@type\":\"ListItem\",\"position\":1,\"name\":\"Strona g\u0142\u00f3wna\",\"item\":\"https:\/\/whysoseriousstore.com\/\"},{\"@type\":\"ListItem\",\"position\":2,\"name\":\"Sklep\",\"item\":\"https:\/\/whysoseriousstore.com\/sklep\/\"},{\"@type\":\"ListItem\",\"position\":3,\"name\":\"Koszula Tulum Cotton Flowers\"}]},{\"@type\":\"WebSite\",\"@id\":\"https:\/\/whysoseriousstore.com\/#website\",\"url\":\"https:\/\/whysoseriousstore.com\/\",\"name\":\"WHYSOSERIOUS store\",\"description\":\"\",\"potentialAction\":[{\"@type\":\"SearchAction\",\"target\":{\"@type\":\"EntryPoint\",\"urlTemplate\":\"https:\/\/whysoseriousstore.com\/?s={search_term_string}\"},\"query-input\":{\"@type\":\"PropertyValueSpecification\",\"valueRequired\":true,\"valueName\":\"search_term_string\"}}],\"inLanguage\":\"en-GB\"}]}<\/script>\n<!-- \/ Yoast SEO Premium plugin. -->","yoast_head_json":{"title":"Koszula Tulum Cotton Flowers - WHYSOSERIOUS store","description":"Koszula Tulum Cotton Flowers to idealny dodatek do Twojej garderoby. Pasuje do wielu stylizacji i stanowi jej dope\u0142nienie.","robots":{"index":"index","follow":"follow","max-snippet":"max-snippet:-1","max-image-preview":"max-image-preview:large","max-video-preview":"max-video-preview:-1"},"canonical":"https:\/\/whysoseriousstore.com\/eng\/koszula-tulum-cotton-flowers\/","og_locale":"en_GB","og_type":"article","og_title":"Koszula Tulum Cotton Flowers","og_description":"Koszula Tulum Cotton Flowers to idealny dodatek do Twojej garderoby. Pasuje do wielu stylizacji i stanowi jej dope\u0142nienie.","og_url":"https:\/\/whysoseriousstore.com\/eng\/koszula-tulum-cotton-flowers\/","og_site_name":"WHYSOSERIOUS store","article_modified_time":"2026-04-28T20:23:45+00:00","og_image":[{"width":1000,"height":1500,"url":"https:\/\/whysoseriousstore.com\/wp-content\/uploads\/2025\/07\/Whysoserious-Szorty-Damskie-w-kwiatki-Bawelniane-6.webp","type":"image\/webp"}],"twitter_card":"summary_large_image","twitter_misc":{"Estimated reading time":"2 minutes"},"schema":{"@context":"https:\/\/schema.org","@graph":[{"@type":"WebPage","@id":"https:\/\/whysoseriousstore.com\/koszula-tulum-cotton-flowers\/","url":"https:\/\/whysoseriousstore.com\/koszula-tulum-cotton-flowers\/","name":"Koszula Tulum Cotton Flowers - WHYSOSERIOUS store","isPartOf":{"@id":"https:\/\/whysoseriousstore.com\/#website"},"primaryImageOfPage":{"@id":"https:\/\/whysoseriousstore.com\/koszula-tulum-cotton-flowers\/#primaryimage"},"image":{"@id":"https:\/\/whysoseriousstore.com\/koszula-tulum-cotton-flowers\/#primaryimage"},"thumbnailUrl":"https:\/\/whysoseriousstore.com\/wp-content\/uploads\/2025\/07\/Whysoserious-Szorty-Damskie-w-kwiatki-Bawelniane-6.webp","datePublished":"2025-07-08T09:10:52+00:00","dateModified":"2026-04-28T20:23:45+00:00","description":"Koszula Tulum Cotton Flowers to idealny dodatek do Twojej garderoby. Pasuje do wielu stylizacji i stanowi jej dope\u0142nienie.","breadcrumb":{"@id":"https:\/\/whysoseriousstore.com\/koszula-tulum-cotton-flowers\/#breadcrumb"},"inLanguage":"en-GB","potentialAction":[{"@type":"ReadAction","target":["https:\/\/whysoseriousstore.com\/koszula-tulum-cotton-flowers\/"]}]},{"@type":"ImageObject","inLanguage":"en-GB","@id":"https:\/\/whysoseriousstore.com\/koszula-tulum-cotton-flowers\/#primaryimage","url":"https:\/\/whysoseriousstore.com\/wp-content\/uploads\/2025\/07\/Whysoserious-Szorty-Damskie-w-kwiatki-Bawelniane-6.webp","contentUrl":"https:\/\/whysoseriousstore.com\/wp-content\/uploads\/2025\/07\/Whysoserious-Szorty-Damskie-w-kwiatki-Bawelniane-6.webp","width":1000,"height":1500},{"@type":"BreadcrumbList","@id":"https:\/\/whysoseriousstore.com\/koszula-tulum-cotton-flowers\/#breadcrumb","itemListElement":[{"@type":"ListItem","position":1,"name":"Strona g\u0142\u00f3wna","item":"https:\/\/whysoseriousstore.com\/"},{"@type":"ListItem","position":2,"name":"Sklep","item":"https:\/\/whysoseriousstore.com\/sklep\/"},{"@type":"ListItem","position":3,"name":"Koszula Tulum Cotton Flowers"}]},{"@type":"WebSite","@id":"https:\/\/whysoseriousstore.com\/#website","url":"https:\/\/whysoseriousstore.com\/","name":"WHYSOSERIOUS store","description":"","potentialAction":[{"@type":"SearchAction","target":{"@type":"EntryPoint","urlTemplate":"https:\/\/whysoseriousstore.com\/?s={search_term_string}"},"query-input":{"@type":"PropertyValueSpecification","valueRequired":true,"valueName":"search_term_string"}}],"inLanguage":"en-GB"}]}},"_links":{"self":[{"href":"https:\/\/whysoseriousstore.com\/eng\/wp-json\/wp\/v2\/product\/22523","targetHints":{"allow":["GET"]}}],"collection":[{"href":"https:\/\/whysoseriousstore.com\/eng\/wp-json\/wp\/v2\/product"}],"about":[{"href":"https:\/\/whysoseriousstore.com\/eng\/wp-json\/wp\/v2\/types\/product"}],"wp:featuredmedia":[{"embeddable":true,"href":"https:\/\/whysoseriousstore.com\/eng\/wp-json\/wp\/v2\/media\/22572"}],"wp:attachment":[{"href":"https:\/\/whysoseriousstore.com\/eng\/wp-json\/wp\/v2\/media?parent=22523"}],"wp:term":[{"taxonomy":"product_brand","embeddable":true,"href":"https:\/\/whysoseriousstore.com\/eng\/wp-json\/wp\/v2\/product_brand?post=22523"},{"taxonomy":"product_cat","embeddable":true,"href":"https:\/\/whysoseriousstore.com\/eng\/wp-json\/wp\/v2\/product_cat?post=22523"},{"taxonomy":"product_tag","embeddable":true,"href":"https:\/\/whysoseriousstore.com\/eng\/wp-json\/wp\/v2\/product_tag?post=22523"}],"curies":[{"name":"wp","href":"https:\/\/api.w.org\/{rel}","templated":true}]}}