{"id":22609,"date":"2025-07-13T18:09:39","date_gmt":"2025-07-13T16:09:39","guid":{"rendered":"https:\/\/whysoseriousstore.com\/?post_type=product&#038;p=22609"},"modified":"2026-04-28T22:22:51","modified_gmt":"2026-04-28T20:22:51","slug":"czapka-apres-surf-orange","status":"publish","type":"product","link":"https:\/\/whysoseriousstore.com\/eng\/czapka-apres-surf-orange\/","title":{"rendered":"Cap Apr\u00e8s Surf Orange"},"content":{"rendered":"<p>Orange unisex baseball cap with a washed effect. Surfer embroidery on the front of the cap. <strong>Apr<em>\u00e8<\/em>s Surf <\/strong>in burgundy. This unisex orange baseball cap is an indispensable part of any outing and summer outfit. The washed orange colour of this cap is a reliable choice that harmonises with a variety of styles and is perfect for holidays. Our 6-panel construction ensures a 90's look and all-day comfort. Add your personal touch to your street style and stand out in the crowd by wearing this baseball cap from Whysoserious. Don't miss this opportunity and check out our collection now!<\/p>\n<p>Unisex model<br \/>\nONESIZE.<br \/>\nThe cap has an adjustable strap with buckle.<\/p>\n<p><strong>Manufactured in the EU<\/strong><\/p>\n<p>Also check out our <a href=\"https:\/\/whysoseriousstore.com\/eng\/bestsellers\/\">bestsellers<\/a>!<br \/>\nVisit us at <a href=\"https:\/\/www.instagram.com\/wss.whysoserious\/\">instagram<\/a>!<\/p>","protected":false},"excerpt":{"rendered":"<p>Pomara\u0144czowa czapka z daszkiem unisex z efektem sprania. Z przodu czapki surferski haft Apr\u00e8s Surf w kolorze bordowym. Ta pomara\u0144czowa czapka z daszkiem unisex to nieod\u0142\u0105czny element ka\u017cdego wyjazdu i letniego outfitu. Sprany pomara\u0144czowy kolor tej czapki to niezawodny wyb\u00f3r, kt\u00f3ry harmonizuje z r\u00f3\u017cnymi stylizacjami i jest idealny na wakacje. Nasza 6-panelowa konstrukcja zapewnia 90&#8217;s [&hellip;]<\/p>\n","protected":false},"featured_media":22608,"template":"","meta":[],"product_brand":[],"product_cat":[141,128,127],"product_tag":[],"class_list":{"0":"post-22609","1":"product","2":"type-product","3":"status-publish","4":"has-post-thumbnail","6":"product_cat-men","7":"product_cat-dodatki","8":"product_cat-wszystko","10":"first","11":"instock","12":"taxable","13":"shipping-taxable","14":"purchasable","15":"product-type-simple"},"bundled_by":[],"bundle_stock_status":"instock","bundle_stock_quantity":2,"bundle_virtual":false,"bundle_layout":"","bundle_add_to_cart_form_location":"","bundle_editable_in_cart":false,"bundle_sold_individually_context":"","bundle_item_grouping":"","bundle_min_size":"","bundle_max_size":"","bundle_price":[],"bundled_items":[],"bundle_sell_ids":[],"yoast_head":"<!-- This site is optimized with the Yoast SEO Premium plugin v20.0 (Yoast SEO v26.5) - https:\/\/yoast.com\/wordpress\/plugins\/seo\/ -->\n<title>Czapka Apr\u00e8s Surf Orange - WHYSOSERIOUS store<\/title>\n<meta name=\"description\" content=\"Czapka pomara\u0144czowa z daszkiem z surferskim haftem Apres Surf z przodu. Model o kroju unisex. Poznaj czapki i inne ubrania w stylu streatwear od Whysoserious.\" \/>\n<meta name=\"robots\" content=\"index, follow, max-snippet:-1, max-image-preview:large, max-video-preview:-1\" \/>\n<link rel=\"canonical\" href=\"https:\/\/whysoseriousstore.com\/eng\/czapka-apres-surf-orange\/\" \/>\n<meta property=\"og:locale\" content=\"en_GB\" \/>\n<meta property=\"og:type\" content=\"article\" \/>\n<meta property=\"og:title\" content=\"Czapka Apr\u00e8s Surf Orange\" \/>\n<meta property=\"og:description\" content=\"Czapka pomara\u0144czowa z daszkiem z surferskim haftem Apres Surf z przodu. Model o kroju unisex. Poznaj czapki i inne ubrania w stylu streatwear od Whysoserious.\" \/>\n<meta property=\"og:url\" content=\"https:\/\/whysoseriousstore.com\/eng\/czapka-apres-surf-orange\/\" \/>\n<meta property=\"og:site_name\" content=\"WHYSOSERIOUS store\" \/>\n<meta property=\"article:modified_time\" content=\"2026-04-28T20:22:51+00:00\" \/>\n<meta property=\"og:image\" content=\"https:\/\/whysoseriousstore.com\/wp-content\/uploads\/2025\/07\/Czapka-z-Daszkiem-Apres-Surf-pomaranczowa.jpg\" \/>\n\t<meta property=\"og:image:width\" content=\"1000\" \/>\n\t<meta property=\"og:image:height\" content=\"1500\" \/>\n\t<meta property=\"og:image:type\" content=\"image\/jpeg\" \/>\n<meta name=\"twitter:card\" content=\"summary_large_image\" \/>\n<meta name=\"twitter:label1\" content=\"Estimated reading time\" \/>\n\t<meta name=\"twitter:data1\" content=\"1 minute\" \/>\n<script type=\"application\/ld+json\" class=\"yoast-schema-graph\">{\"@context\":\"https:\/\/schema.org\",\"@graph\":[{\"@type\":\"WebPage\",\"@id\":\"https:\/\/whysoseriousstore.com\/czapka-apres-surf-orange\/\",\"url\":\"https:\/\/whysoseriousstore.com\/czapka-apres-surf-orange\/\",\"name\":\"Czapka Apr\u00e8s Surf Orange - WHYSOSERIOUS store\",\"isPartOf\":{\"@id\":\"https:\/\/whysoseriousstore.com\/#website\"},\"primaryImageOfPage\":{\"@id\":\"https:\/\/whysoseriousstore.com\/czapka-apres-surf-orange\/#primaryimage\"},\"image\":{\"@id\":\"https:\/\/whysoseriousstore.com\/czapka-apres-surf-orange\/#primaryimage\"},\"thumbnailUrl\":\"https:\/\/whysoseriousstore.com\/wp-content\/uploads\/2025\/07\/Czapka-z-Daszkiem-Apres-Surf-pomaranczowa.jpg\",\"datePublished\":\"2025-07-13T16:09:39+00:00\",\"dateModified\":\"2026-04-28T20:22:51+00:00\",\"description\":\"Czapka pomara\u0144czowa z daszkiem z surferskim haftem Apres Surf z przodu. Model o kroju unisex. Poznaj czapki i inne ubrania w stylu streatwear od Whysoserious.\",\"breadcrumb\":{\"@id\":\"https:\/\/whysoseriousstore.com\/czapka-apres-surf-orange\/#breadcrumb\"},\"inLanguage\":\"en-GB\",\"potentialAction\":[{\"@type\":\"ReadAction\",\"target\":[\"https:\/\/whysoseriousstore.com\/czapka-apres-surf-orange\/\"]}]},{\"@type\":\"ImageObject\",\"inLanguage\":\"en-GB\",\"@id\":\"https:\/\/whysoseriousstore.com\/czapka-apres-surf-orange\/#primaryimage\",\"url\":\"https:\/\/whysoseriousstore.com\/wp-content\/uploads\/2025\/07\/Czapka-z-Daszkiem-Apres-Surf-pomaranczowa.jpg\",\"contentUrl\":\"https:\/\/whysoseriousstore.com\/wp-content\/uploads\/2025\/07\/Czapka-z-Daszkiem-Apres-Surf-pomaranczowa.jpg\",\"width\":1000,\"height\":1500},{\"@type\":\"BreadcrumbList\",\"@id\":\"https:\/\/whysoseriousstore.com\/czapka-apres-surf-orange\/#breadcrumb\",\"itemListElement\":[{\"@type\":\"ListItem\",\"position\":1,\"name\":\"Strona g\u0142\u00f3wna\",\"item\":\"https:\/\/whysoseriousstore.com\/\"},{\"@type\":\"ListItem\",\"position\":2,\"name\":\"Sklep\",\"item\":\"https:\/\/whysoseriousstore.com\/sklep\/\"},{\"@type\":\"ListItem\",\"position\":3,\"name\":\"Czapka Apr\u00e8s Surf Orange\"}]},{\"@type\":\"WebSite\",\"@id\":\"https:\/\/whysoseriousstore.com\/#website\",\"url\":\"https:\/\/whysoseriousstore.com\/\",\"name\":\"WHYSOSERIOUS store\",\"description\":\"\",\"potentialAction\":[{\"@type\":\"SearchAction\",\"target\":{\"@type\":\"EntryPoint\",\"urlTemplate\":\"https:\/\/whysoseriousstore.com\/?s={search_term_string}\"},\"query-input\":{\"@type\":\"PropertyValueSpecification\",\"valueRequired\":true,\"valueName\":\"search_term_string\"}}],\"inLanguage\":\"en-GB\"}]}<\/script>\n<!-- \/ Yoast SEO Premium plugin. -->","yoast_head_json":{"title":"Czapka Apr\u00e8s Surf Orange - WHYSOSERIOUS store","description":"Czapka pomara\u0144czowa z daszkiem z surferskim haftem Apres Surf z przodu. Model o kroju unisex. Poznaj czapki i inne ubrania w stylu streatwear od Whysoserious.","robots":{"index":"index","follow":"follow","max-snippet":"max-snippet:-1","max-image-preview":"max-image-preview:large","max-video-preview":"max-video-preview:-1"},"canonical":"https:\/\/whysoseriousstore.com\/eng\/czapka-apres-surf-orange\/","og_locale":"en_GB","og_type":"article","og_title":"Czapka Apr\u00e8s Surf Orange","og_description":"Czapka pomara\u0144czowa z daszkiem z surferskim haftem Apres Surf z przodu. Model o kroju unisex. Poznaj czapki i inne ubrania w stylu streatwear od Whysoserious.","og_url":"https:\/\/whysoseriousstore.com\/eng\/czapka-apres-surf-orange\/","og_site_name":"WHYSOSERIOUS store","article_modified_time":"2026-04-28T20:22:51+00:00","og_image":[{"width":1000,"height":1500,"url":"https:\/\/whysoseriousstore.com\/wp-content\/uploads\/2025\/07\/Czapka-z-Daszkiem-Apres-Surf-pomaranczowa.jpg","type":"image\/jpeg"}],"twitter_card":"summary_large_image","twitter_misc":{"Estimated reading time":"1 minute"},"schema":{"@context":"https:\/\/schema.org","@graph":[{"@type":"WebPage","@id":"https:\/\/whysoseriousstore.com\/czapka-apres-surf-orange\/","url":"https:\/\/whysoseriousstore.com\/czapka-apres-surf-orange\/","name":"Czapka Apr\u00e8s Surf Orange - WHYSOSERIOUS store","isPartOf":{"@id":"https:\/\/whysoseriousstore.com\/#website"},"primaryImageOfPage":{"@id":"https:\/\/whysoseriousstore.com\/czapka-apres-surf-orange\/#primaryimage"},"image":{"@id":"https:\/\/whysoseriousstore.com\/czapka-apres-surf-orange\/#primaryimage"},"thumbnailUrl":"https:\/\/whysoseriousstore.com\/wp-content\/uploads\/2025\/07\/Czapka-z-Daszkiem-Apres-Surf-pomaranczowa.jpg","datePublished":"2025-07-13T16:09:39+00:00","dateModified":"2026-04-28T20:22:51+00:00","description":"Czapka pomara\u0144czowa z daszkiem z surferskim haftem Apres Surf z przodu. Model o kroju unisex. Poznaj czapki i inne ubrania w stylu streatwear od Whysoserious.","breadcrumb":{"@id":"https:\/\/whysoseriousstore.com\/czapka-apres-surf-orange\/#breadcrumb"},"inLanguage":"en-GB","potentialAction":[{"@type":"ReadAction","target":["https:\/\/whysoseriousstore.com\/czapka-apres-surf-orange\/"]}]},{"@type":"ImageObject","inLanguage":"en-GB","@id":"https:\/\/whysoseriousstore.com\/czapka-apres-surf-orange\/#primaryimage","url":"https:\/\/whysoseriousstore.com\/wp-content\/uploads\/2025\/07\/Czapka-z-Daszkiem-Apres-Surf-pomaranczowa.jpg","contentUrl":"https:\/\/whysoseriousstore.com\/wp-content\/uploads\/2025\/07\/Czapka-z-Daszkiem-Apres-Surf-pomaranczowa.jpg","width":1000,"height":1500},{"@type":"BreadcrumbList","@id":"https:\/\/whysoseriousstore.com\/czapka-apres-surf-orange\/#breadcrumb","itemListElement":[{"@type":"ListItem","position":1,"name":"Strona g\u0142\u00f3wna","item":"https:\/\/whysoseriousstore.com\/"},{"@type":"ListItem","position":2,"name":"Sklep","item":"https:\/\/whysoseriousstore.com\/sklep\/"},{"@type":"ListItem","position":3,"name":"Czapka Apr\u00e8s Surf Orange"}]},{"@type":"WebSite","@id":"https:\/\/whysoseriousstore.com\/#website","url":"https:\/\/whysoseriousstore.com\/","name":"WHYSOSERIOUS store","description":"","potentialAction":[{"@type":"SearchAction","target":{"@type":"EntryPoint","urlTemplate":"https:\/\/whysoseriousstore.com\/?s={search_term_string}"},"query-input":{"@type":"PropertyValueSpecification","valueRequired":true,"valueName":"search_term_string"}}],"inLanguage":"en-GB"}]}},"_links":{"self":[{"href":"https:\/\/whysoseriousstore.com\/eng\/wp-json\/wp\/v2\/product\/22609","targetHints":{"allow":["GET"]}}],"collection":[{"href":"https:\/\/whysoseriousstore.com\/eng\/wp-json\/wp\/v2\/product"}],"about":[{"href":"https:\/\/whysoseriousstore.com\/eng\/wp-json\/wp\/v2\/types\/product"}],"wp:featuredmedia":[{"embeddable":true,"href":"https:\/\/whysoseriousstore.com\/eng\/wp-json\/wp\/v2\/media\/22608"}],"wp:attachment":[{"href":"https:\/\/whysoseriousstore.com\/eng\/wp-json\/wp\/v2\/media?parent=22609"}],"wp:term":[{"taxonomy":"product_brand","embeddable":true,"href":"https:\/\/whysoseriousstore.com\/eng\/wp-json\/wp\/v2\/product_brand?post=22609"},{"taxonomy":"product_cat","embeddable":true,"href":"https:\/\/whysoseriousstore.com\/eng\/wp-json\/wp\/v2\/product_cat?post=22609"},{"taxonomy":"product_tag","embeddable":true,"href":"https:\/\/whysoseriousstore.com\/eng\/wp-json\/wp\/v2\/product_tag?post=22609"}],"curies":[{"name":"wp","href":"https:\/\/api.w.org\/{rel}","templated":true}]}}