{"id":22670,"date":"2025-07-19T14:21:01","date_gmt":"2025-07-19T12:21:01","guid":{"rendered":"https:\/\/whysoseriousstore.com\/?post_type=product&#038;p=22670"},"modified":"2026-04-07T21:50:06","modified_gmt":"2026-04-07T19:50:06","slug":"czapka-apres-surf-pink","status":"publish","type":"product","link":"https:\/\/whysoseriousstore.com\/eng\/czapka-apres-surf-pink\/","title":{"rendered":"Cap Apr\u00e8s Surf Pink"},"content":{"rendered":"<p>Pink unisex baseball cap with a washed effect. Surfer embroidery on the front of the cap. <strong>Apr<em>\u00e8<\/em>s Surf <\/strong>in burgundy. This pink unisex baseball cap is an indispensable part of any outing and summer outfit. The washed pink pastel colour of this cap is a reliable choice that harmonises with a variety of styles and is perfect for holidays. Our 6-panel construction gives the cap an old-school, surfer look.<\/p>\n<p><strong>Let's celebrate Apr\u00e8s Surf time properly!<\/strong><\/p>\n<p>Unisex model<br \/>\nONESIZE.<br \/>\nThe cap has an adjustable strap with buckle.<\/p>\n<p><strong>Manufactured in the EU<\/strong><\/p>\n<p>Also check out our <a href=\"https:\/\/whysoseriousstore.com\/eng\/bestsellers\/\">bestsellers<\/a>!<br \/>\nVisit us at <a href=\"https:\/\/www.instagram.com\/wss.whysoserious\/\">instagram<\/a>!<\/p>","protected":false},"excerpt":{"rendered":"<p>R\u00f3\u017cowa czapka z daszkiem unisex z efektem sprania. Z przodu czapki surferski haft Apr\u00e8s Surf w kolorze bordowym. Ta r\u00f3\u017cowa czapka z daszkiem unisex to nieod\u0142\u0105czny element ka\u017cdego wyjazdu i letniego outfitu. Sprany r\u00f3\u017cowy pastelowy kolor tej czapki to niezawodny wyb\u00f3r, kt\u00f3ry harmonizuje z r\u00f3\u017cnymi stylizacjami i jest idealny na wakacje. Nasza 6-panelowa konstrukcja nadaje [&hellip;]<\/p>\n","protected":false},"featured_media":22687,"template":"","meta":[],"product_brand":[],"product_cat":[141,128,127],"product_tag":[],"class_list":{"0":"post-22670","1":"product","2":"type-product","3":"status-publish","4":"has-post-thumbnail","6":"product_cat-men","7":"product_cat-dodatki","8":"product_cat-wszystko","10":"first","11":"instock","12":"taxable","13":"shipping-taxable","14":"purchasable","15":"product-type-simple"},"bundled_by":[],"bundle_stock_status":"instock","bundle_stock_quantity":8,"bundle_virtual":false,"bundle_layout":"","bundle_add_to_cart_form_location":"","bundle_editable_in_cart":false,"bundle_sold_individually_context":"","bundle_item_grouping":"","bundle_min_size":"","bundle_max_size":"","bundle_price":[],"bundled_items":[],"bundle_sell_ids":[],"yoast_head":"<!-- This site is optimized with the Yoast SEO Premium plugin v20.0 (Yoast SEO v26.5) - https:\/\/yoast.com\/wordpress\/plugins\/seo\/ -->\n<title>Czapka Apr\u00e8s Surf Pink - WHYSOSERIOUS store<\/title>\n<meta name=\"description\" content=\"Czapka r\u00f3\u017cowa z daszkiem z surferskim haftem Apres Surf z przodu. Model o kroju unisex. Poznaj czapki i inne ubrania w stylu streatwear od Whysoserious.\" \/>\n<meta name=\"robots\" content=\"index, follow, max-snippet:-1, max-image-preview:large, max-video-preview:-1\" \/>\n<link rel=\"canonical\" href=\"https:\/\/whysoseriousstore.com\/eng\/czapka-apres-surf-pink\/\" \/>\n<meta property=\"og:locale\" content=\"en_GB\" \/>\n<meta property=\"og:type\" content=\"article\" \/>\n<meta property=\"og:title\" content=\"Czapka Apr\u00e8s Surf Pink\" \/>\n<meta property=\"og:description\" content=\"Czapka r\u00f3\u017cowa z daszkiem z surferskim haftem Apres Surf z przodu. Model o kroju unisex. Poznaj czapki i inne ubrania w stylu streatwear od Whysoserious.\" \/>\n<meta property=\"og:url\" content=\"https:\/\/whysoseriousstore.com\/eng\/czapka-apres-surf-pink\/\" \/>\n<meta property=\"og:site_name\" content=\"WHYSOSERIOUS store\" \/>\n<meta property=\"article:modified_time\" content=\"2026-04-07T19:50:06+00:00\" \/>\n<meta property=\"og:image\" content=\"https:\/\/whysoseriousstore.com\/wp-content\/uploads\/2025\/07\/Czapka-z-daszkiem-apres-surf-pink-Why-So-Serious.jpg\" \/>\n\t<meta property=\"og:image:width\" content=\"1000\" \/>\n\t<meta property=\"og:image:height\" content=\"1500\" \/>\n\t<meta property=\"og:image:type\" content=\"image\/jpeg\" \/>\n<meta name=\"twitter:card\" content=\"summary_large_image\" \/>\n<meta name=\"twitter:label1\" content=\"Estimated reading time\" \/>\n\t<meta name=\"twitter:data1\" content=\"1 minute\" \/>\n<script type=\"application\/ld+json\" class=\"yoast-schema-graph\">{\"@context\":\"https:\/\/schema.org\",\"@graph\":[{\"@type\":\"WebPage\",\"@id\":\"https:\/\/whysoseriousstore.com\/czapka-apres-surf-pink\/\",\"url\":\"https:\/\/whysoseriousstore.com\/czapka-apres-surf-pink\/\",\"name\":\"Czapka Apr\u00e8s Surf Pink - WHYSOSERIOUS store\",\"isPartOf\":{\"@id\":\"https:\/\/whysoseriousstore.com\/#website\"},\"primaryImageOfPage\":{\"@id\":\"https:\/\/whysoseriousstore.com\/czapka-apres-surf-pink\/#primaryimage\"},\"image\":{\"@id\":\"https:\/\/whysoseriousstore.com\/czapka-apres-surf-pink\/#primaryimage\"},\"thumbnailUrl\":\"https:\/\/whysoseriousstore.com\/wp-content\/uploads\/2025\/07\/Czapka-z-daszkiem-apres-surf-pink-Why-So-Serious.jpg\",\"datePublished\":\"2025-07-19T12:21:01+00:00\",\"dateModified\":\"2026-04-07T19:50:06+00:00\",\"description\":\"Czapka r\u00f3\u017cowa z daszkiem z surferskim haftem Apres Surf z przodu. Model o kroju unisex. Poznaj czapki i inne ubrania w stylu streatwear od Whysoserious.\",\"breadcrumb\":{\"@id\":\"https:\/\/whysoseriousstore.com\/czapka-apres-surf-pink\/#breadcrumb\"},\"inLanguage\":\"en-GB\",\"potentialAction\":[{\"@type\":\"ReadAction\",\"target\":[\"https:\/\/whysoseriousstore.com\/czapka-apres-surf-pink\/\"]}]},{\"@type\":\"ImageObject\",\"inLanguage\":\"en-GB\",\"@id\":\"https:\/\/whysoseriousstore.com\/czapka-apres-surf-pink\/#primaryimage\",\"url\":\"https:\/\/whysoseriousstore.com\/wp-content\/uploads\/2025\/07\/Czapka-z-daszkiem-apres-surf-pink-Why-So-Serious.jpg\",\"contentUrl\":\"https:\/\/whysoseriousstore.com\/wp-content\/uploads\/2025\/07\/Czapka-z-daszkiem-apres-surf-pink-Why-So-Serious.jpg\",\"width\":1000,\"height\":1500},{\"@type\":\"BreadcrumbList\",\"@id\":\"https:\/\/whysoseriousstore.com\/czapka-apres-surf-pink\/#breadcrumb\",\"itemListElement\":[{\"@type\":\"ListItem\",\"position\":1,\"name\":\"Strona g\u0142\u00f3wna\",\"item\":\"https:\/\/whysoseriousstore.com\/\"},{\"@type\":\"ListItem\",\"position\":2,\"name\":\"Sklep\",\"item\":\"https:\/\/whysoseriousstore.com\/sklep\/\"},{\"@type\":\"ListItem\",\"position\":3,\"name\":\"Czapka Apr\u00e8s Surf Pink\"}]},{\"@type\":\"WebSite\",\"@id\":\"https:\/\/whysoseriousstore.com\/#website\",\"url\":\"https:\/\/whysoseriousstore.com\/\",\"name\":\"WHYSOSERIOUS store\",\"description\":\"\",\"potentialAction\":[{\"@type\":\"SearchAction\",\"target\":{\"@type\":\"EntryPoint\",\"urlTemplate\":\"https:\/\/whysoseriousstore.com\/?s={search_term_string}\"},\"query-input\":{\"@type\":\"PropertyValueSpecification\",\"valueRequired\":true,\"valueName\":\"search_term_string\"}}],\"inLanguage\":\"en-GB\"}]}<\/script>\n<!-- \/ Yoast SEO Premium plugin. -->","yoast_head_json":{"title":"Czapka Apr\u00e8s Surf Pink - WHYSOSERIOUS store","description":"Czapka r\u00f3\u017cowa z daszkiem z surferskim haftem Apres Surf z przodu. Model o kroju unisex. Poznaj czapki i inne ubrania w stylu streatwear od Whysoserious.","robots":{"index":"index","follow":"follow","max-snippet":"max-snippet:-1","max-image-preview":"max-image-preview:large","max-video-preview":"max-video-preview:-1"},"canonical":"https:\/\/whysoseriousstore.com\/eng\/czapka-apres-surf-pink\/","og_locale":"en_GB","og_type":"article","og_title":"Czapka Apr\u00e8s Surf Pink","og_description":"Czapka r\u00f3\u017cowa z daszkiem z surferskim haftem Apres Surf z przodu. Model o kroju unisex. Poznaj czapki i inne ubrania w stylu streatwear od Whysoserious.","og_url":"https:\/\/whysoseriousstore.com\/eng\/czapka-apres-surf-pink\/","og_site_name":"WHYSOSERIOUS store","article_modified_time":"2026-04-07T19:50:06+00:00","og_image":[{"width":1000,"height":1500,"url":"https:\/\/whysoseriousstore.com\/wp-content\/uploads\/2025\/07\/Czapka-z-daszkiem-apres-surf-pink-Why-So-Serious.jpg","type":"image\/jpeg"}],"twitter_card":"summary_large_image","twitter_misc":{"Estimated reading time":"1 minute"},"schema":{"@context":"https:\/\/schema.org","@graph":[{"@type":"WebPage","@id":"https:\/\/whysoseriousstore.com\/czapka-apres-surf-pink\/","url":"https:\/\/whysoseriousstore.com\/czapka-apres-surf-pink\/","name":"Czapka Apr\u00e8s Surf Pink - WHYSOSERIOUS store","isPartOf":{"@id":"https:\/\/whysoseriousstore.com\/#website"},"primaryImageOfPage":{"@id":"https:\/\/whysoseriousstore.com\/czapka-apres-surf-pink\/#primaryimage"},"image":{"@id":"https:\/\/whysoseriousstore.com\/czapka-apres-surf-pink\/#primaryimage"},"thumbnailUrl":"https:\/\/whysoseriousstore.com\/wp-content\/uploads\/2025\/07\/Czapka-z-daszkiem-apres-surf-pink-Why-So-Serious.jpg","datePublished":"2025-07-19T12:21:01+00:00","dateModified":"2026-04-07T19:50:06+00:00","description":"Czapka r\u00f3\u017cowa z daszkiem z surferskim haftem Apres Surf z przodu. Model o kroju unisex. Poznaj czapki i inne ubrania w stylu streatwear od Whysoserious.","breadcrumb":{"@id":"https:\/\/whysoseriousstore.com\/czapka-apres-surf-pink\/#breadcrumb"},"inLanguage":"en-GB","potentialAction":[{"@type":"ReadAction","target":["https:\/\/whysoseriousstore.com\/czapka-apres-surf-pink\/"]}]},{"@type":"ImageObject","inLanguage":"en-GB","@id":"https:\/\/whysoseriousstore.com\/czapka-apres-surf-pink\/#primaryimage","url":"https:\/\/whysoseriousstore.com\/wp-content\/uploads\/2025\/07\/Czapka-z-daszkiem-apres-surf-pink-Why-So-Serious.jpg","contentUrl":"https:\/\/whysoseriousstore.com\/wp-content\/uploads\/2025\/07\/Czapka-z-daszkiem-apres-surf-pink-Why-So-Serious.jpg","width":1000,"height":1500},{"@type":"BreadcrumbList","@id":"https:\/\/whysoseriousstore.com\/czapka-apres-surf-pink\/#breadcrumb","itemListElement":[{"@type":"ListItem","position":1,"name":"Strona g\u0142\u00f3wna","item":"https:\/\/whysoseriousstore.com\/"},{"@type":"ListItem","position":2,"name":"Sklep","item":"https:\/\/whysoseriousstore.com\/sklep\/"},{"@type":"ListItem","position":3,"name":"Czapka Apr\u00e8s Surf Pink"}]},{"@type":"WebSite","@id":"https:\/\/whysoseriousstore.com\/#website","url":"https:\/\/whysoseriousstore.com\/","name":"WHYSOSERIOUS store","description":"","potentialAction":[{"@type":"SearchAction","target":{"@type":"EntryPoint","urlTemplate":"https:\/\/whysoseriousstore.com\/?s={search_term_string}"},"query-input":{"@type":"PropertyValueSpecification","valueRequired":true,"valueName":"search_term_string"}}],"inLanguage":"en-GB"}]}},"_links":{"self":[{"href":"https:\/\/whysoseriousstore.com\/eng\/wp-json\/wp\/v2\/product\/22670","targetHints":{"allow":["GET"]}}],"collection":[{"href":"https:\/\/whysoseriousstore.com\/eng\/wp-json\/wp\/v2\/product"}],"about":[{"href":"https:\/\/whysoseriousstore.com\/eng\/wp-json\/wp\/v2\/types\/product"}],"wp:featuredmedia":[{"embeddable":true,"href":"https:\/\/whysoseriousstore.com\/eng\/wp-json\/wp\/v2\/media\/22687"}],"wp:attachment":[{"href":"https:\/\/whysoseriousstore.com\/eng\/wp-json\/wp\/v2\/media?parent=22670"}],"wp:term":[{"taxonomy":"product_brand","embeddable":true,"href":"https:\/\/whysoseriousstore.com\/eng\/wp-json\/wp\/v2\/product_brand?post=22670"},{"taxonomy":"product_cat","embeddable":true,"href":"https:\/\/whysoseriousstore.com\/eng\/wp-json\/wp\/v2\/product_cat?post=22670"},{"taxonomy":"product_tag","embeddable":true,"href":"https:\/\/whysoseriousstore.com\/eng\/wp-json\/wp\/v2\/product_tag?post=22670"}],"curies":[{"name":"wp","href":"https:\/\/api.w.org\/{rel}","templated":true}]}}