{"id":22811,"date":"2025-07-30T19:53:28","date_gmt":"2025-07-30T17:53:28","guid":{"rendered":"https:\/\/whysoseriousstore.com\/?post_type=product&#038;p=22811"},"modified":"2026-04-28T22:39:20","modified_gmt":"2026-04-28T20:39:20","slug":"coffe-white-longsleeve","status":"publish","type":"product","link":"https:\/\/whysoseriousstore.com\/eng\/coffe-white-longsleeve\/","title":{"rendered":"Coffee White Longsleeve"},"content":{"rendered":"<p data-start=\"163\" data-end=\"440\">The white Coffee printed longsleeve is more than just a garment - it is a manifesto of love for mornings, the ritual of drinking coffee and living life on your own terms. The minimalist cut and white colour create the perfect backdrop for a graphic accent that says it all.<\/p>\n<p data-start=\"442\" data-end=\"665\">The loose, oversize fit provides casual and comfortable everyday wear, while still fitting in well with urban style. Wear it with jeans, shorts or throw it on under a blazer if you like to combine classics with a little something cool.<\/p>\n<p data-start=\"667\" data-end=\"871\">Made from thick, high-quality cotton made in Poland - soft, durable and comfortable all day long. In addition, the WHYSOSERIOUS label inside is a subtle sign of quality and attention to detail.<\/p>\n<p data-start=\"1008\" data-end=\"1051\">The model is 171 cm tall and wears a size L.<\/p>\n<p data-start=\"1053\" data-end=\"1093\"><strong data-start=\"1053\" data-end=\"1093\">THE HIGHEST QUALITY, MADE IN POLAND.<\/strong><\/p>\n<p><a href=\"https:\/\/whysoseriousstore.com\/eng\/tshirty-damskie\/?v=9b7d173b068d\">See also our sweatshirts!<\/a><br \/>\nVisit us at\u00a0<a href=\"https:\/\/www.instagram.com\/wss.whysoserious\/\">instagram<\/a>\u00a0i\u00a0<a href=\"https:\/\/www.facebook.com\/WSS.whysoserious\">facebook<\/a>.<\/p>","protected":false},"excerpt":{"rendered":"<p>Bia\u0142y longsleeve Coffee z nadrukiem to co\u015b wi\u0119cej ni\u017c tylko ubranie \u2013 to manifest mi\u0142o\u015bci do porank\u00f3w, rytua\u0142u picia kawy i \u017cycia na w\u0142asnych zasadach. Minimalistyczny fason i bia\u0142y kolor tworz\u0105 idealne t\u0142o dla graficznego akcentu, kt\u00f3ry m\u00f3wi wszystko. Lu\u017any, oversize\u2019owy kr\u00f3j zapewnia swobod\u0119 i wygod\u0119 na co dzie\u0144, a jednocze\u015bnie \u015bwietnie wpisuje si\u0119 w [&hellip;]<\/p>\n","protected":false},"featured_media":22883,"template":"","meta":[],"product_brand":[],"product_cat":[169,164,110,127],"product_tag":[],"class_list":{"0":"post-22811","1":"product","2":"type-product","3":"status-publish","4":"has-post-thumbnail","6":"product_cat-gift-guide","7":"product_cat-longsleeve","8":"product_cat-tshirty-unisex","9":"product_cat-wszystko","11":"first","12":"instock","13":"taxable","14":"shipping-taxable","15":"purchasable","16":"product-type-variable","17":"has-default-attributes"},"bundled_by":[],"bundle_stock_status":"instock","bundle_stock_quantity":null,"bundle_virtual":false,"bundle_layout":"","bundle_add_to_cart_form_location":"","bundle_editable_in_cart":false,"bundle_sold_individually_context":"","bundle_item_grouping":"","bundle_min_size":"","bundle_max_size":"","bundle_price":[],"bundled_items":[],"bundle_sell_ids":[],"yoast_head":"<!-- This site is optimized with the Yoast SEO Premium plugin v20.0 (Yoast SEO v26.5) - https:\/\/yoast.com\/wordpress\/plugins\/seo\/ -->\n<title>Coffee Bia\u0142y Longsleeve - WHYSOSERIOUS store<\/title>\n<meta name=\"description\" content=\"Bia\u0142y bawe\u0142niany longsleeve Coffee to idealny dodatek do Twojej garderoby. Pasuje do wielu stylizacji i stanowi jej dope\u0142nienie.\" \/>\n<meta name=\"robots\" content=\"index, follow, max-snippet:-1, max-image-preview:large, max-video-preview:-1\" \/>\n<link rel=\"canonical\" href=\"https:\/\/whysoseriousstore.com\/eng\/coffe-white-longsleeve\/\" \/>\n<meta property=\"og:locale\" content=\"en_GB\" \/>\n<meta property=\"og:type\" content=\"article\" \/>\n<meta property=\"og:title\" content=\"Coffee Bia\u0142y Longsleeve\" \/>\n<meta property=\"og:description\" content=\"Bia\u0142y bawe\u0142niany longsleeve Coffee to idealny dodatek do Twojej garderoby. Pasuje do wielu stylizacji i stanowi jej dope\u0142nienie.\" \/>\n<meta property=\"og:url\" content=\"https:\/\/whysoseriousstore.com\/eng\/coffe-white-longsleeve\/\" \/>\n<meta property=\"og:site_name\" content=\"WHYSOSERIOUS store\" \/>\n<meta property=\"article:modified_time\" content=\"2026-04-28T20:39:20+00:00\" \/>\n<meta property=\"og:image\" content=\"https:\/\/whysoseriousstore.com\/wp-content\/uploads\/2025\/07\/IMG_2165.jpg\" \/>\n\t<meta property=\"og:image:width\" content=\"1000\" \/>\n\t<meta property=\"og:image:height\" content=\"1500\" \/>\n\t<meta property=\"og:image:type\" content=\"image\/jpeg\" \/>\n<meta name=\"twitter:card\" content=\"summary_large_image\" \/>\n<meta name=\"twitter:label1\" content=\"Estimated reading time\" \/>\n\t<meta name=\"twitter:data1\" content=\"1 minute\" \/>\n<script type=\"application\/ld+json\" class=\"yoast-schema-graph\">{\"@context\":\"https:\/\/schema.org\",\"@graph\":[{\"@type\":\"WebPage\",\"@id\":\"https:\/\/whysoseriousstore.com\/coffe-white-longsleeve\/\",\"url\":\"https:\/\/whysoseriousstore.com\/coffe-white-longsleeve\/\",\"name\":\"Coffee Bia\u0142y Longsleeve - WHYSOSERIOUS store\",\"isPartOf\":{\"@id\":\"https:\/\/whysoseriousstore.com\/#website\"},\"primaryImageOfPage\":{\"@id\":\"https:\/\/whysoseriousstore.com\/coffe-white-longsleeve\/#primaryimage\"},\"image\":{\"@id\":\"https:\/\/whysoseriousstore.com\/coffe-white-longsleeve\/#primaryimage\"},\"thumbnailUrl\":\"https:\/\/whysoseriousstore.com\/wp-content\/uploads\/2025\/07\/IMG_2165.jpg\",\"datePublished\":\"2025-07-30T17:53:28+00:00\",\"dateModified\":\"2026-04-28T20:39:20+00:00\",\"description\":\"Bia\u0142y bawe\u0142niany longsleeve Coffee to idealny dodatek do Twojej garderoby. Pasuje do wielu stylizacji i stanowi jej dope\u0142nienie.\",\"breadcrumb\":{\"@id\":\"https:\/\/whysoseriousstore.com\/coffe-white-longsleeve\/#breadcrumb\"},\"inLanguage\":\"en-GB\",\"potentialAction\":[{\"@type\":\"ReadAction\",\"target\":[\"https:\/\/whysoseriousstore.com\/coffe-white-longsleeve\/\"]}]},{\"@type\":\"ImageObject\",\"inLanguage\":\"en-GB\",\"@id\":\"https:\/\/whysoseriousstore.com\/coffe-white-longsleeve\/#primaryimage\",\"url\":\"https:\/\/whysoseriousstore.com\/wp-content\/uploads\/2025\/07\/IMG_2165.jpg\",\"contentUrl\":\"https:\/\/whysoseriousstore.com\/wp-content\/uploads\/2025\/07\/IMG_2165.jpg\",\"width\":1000,\"height\":1500},{\"@type\":\"BreadcrumbList\",\"@id\":\"https:\/\/whysoseriousstore.com\/coffe-white-longsleeve\/#breadcrumb\",\"itemListElement\":[{\"@type\":\"ListItem\",\"position\":1,\"name\":\"Strona g\u0142\u00f3wna\",\"item\":\"https:\/\/whysoseriousstore.com\/\"},{\"@type\":\"ListItem\",\"position\":2,\"name\":\"Sklep\",\"item\":\"https:\/\/whysoseriousstore.com\/sklep\/\"},{\"@type\":\"ListItem\",\"position\":3,\"name\":\"Coffee Bia\u0142y Longsleeve\"}]},{\"@type\":\"WebSite\",\"@id\":\"https:\/\/whysoseriousstore.com\/#website\",\"url\":\"https:\/\/whysoseriousstore.com\/\",\"name\":\"WHYSOSERIOUS store\",\"description\":\"\",\"potentialAction\":[{\"@type\":\"SearchAction\",\"target\":{\"@type\":\"EntryPoint\",\"urlTemplate\":\"https:\/\/whysoseriousstore.com\/?s={search_term_string}\"},\"query-input\":{\"@type\":\"PropertyValueSpecification\",\"valueRequired\":true,\"valueName\":\"search_term_string\"}}],\"inLanguage\":\"en-GB\"}]}<\/script>\n<!-- \/ Yoast SEO Premium plugin. -->","yoast_head_json":{"title":"Coffee Bia\u0142y Longsleeve - WHYSOSERIOUS store","description":"Bia\u0142y bawe\u0142niany longsleeve Coffee to idealny dodatek do Twojej garderoby. Pasuje do wielu stylizacji i stanowi jej dope\u0142nienie.","robots":{"index":"index","follow":"follow","max-snippet":"max-snippet:-1","max-image-preview":"max-image-preview:large","max-video-preview":"max-video-preview:-1"},"canonical":"https:\/\/whysoseriousstore.com\/eng\/coffe-white-longsleeve\/","og_locale":"en_GB","og_type":"article","og_title":"Coffee Bia\u0142y Longsleeve","og_description":"Bia\u0142y bawe\u0142niany longsleeve Coffee to idealny dodatek do Twojej garderoby. Pasuje do wielu stylizacji i stanowi jej dope\u0142nienie.","og_url":"https:\/\/whysoseriousstore.com\/eng\/coffe-white-longsleeve\/","og_site_name":"WHYSOSERIOUS store","article_modified_time":"2026-04-28T20:39:20+00:00","og_image":[{"width":1000,"height":1500,"url":"https:\/\/whysoseriousstore.com\/wp-content\/uploads\/2025\/07\/IMG_2165.jpg","type":"image\/jpeg"}],"twitter_card":"summary_large_image","twitter_misc":{"Estimated reading time":"1 minute"},"schema":{"@context":"https:\/\/schema.org","@graph":[{"@type":"WebPage","@id":"https:\/\/whysoseriousstore.com\/coffe-white-longsleeve\/","url":"https:\/\/whysoseriousstore.com\/coffe-white-longsleeve\/","name":"Coffee Bia\u0142y Longsleeve - WHYSOSERIOUS store","isPartOf":{"@id":"https:\/\/whysoseriousstore.com\/#website"},"primaryImageOfPage":{"@id":"https:\/\/whysoseriousstore.com\/coffe-white-longsleeve\/#primaryimage"},"image":{"@id":"https:\/\/whysoseriousstore.com\/coffe-white-longsleeve\/#primaryimage"},"thumbnailUrl":"https:\/\/whysoseriousstore.com\/wp-content\/uploads\/2025\/07\/IMG_2165.jpg","datePublished":"2025-07-30T17:53:28+00:00","dateModified":"2026-04-28T20:39:20+00:00","description":"Bia\u0142y bawe\u0142niany longsleeve Coffee to idealny dodatek do Twojej garderoby. Pasuje do wielu stylizacji i stanowi jej dope\u0142nienie.","breadcrumb":{"@id":"https:\/\/whysoseriousstore.com\/coffe-white-longsleeve\/#breadcrumb"},"inLanguage":"en-GB","potentialAction":[{"@type":"ReadAction","target":["https:\/\/whysoseriousstore.com\/coffe-white-longsleeve\/"]}]},{"@type":"ImageObject","inLanguage":"en-GB","@id":"https:\/\/whysoseriousstore.com\/coffe-white-longsleeve\/#primaryimage","url":"https:\/\/whysoseriousstore.com\/wp-content\/uploads\/2025\/07\/IMG_2165.jpg","contentUrl":"https:\/\/whysoseriousstore.com\/wp-content\/uploads\/2025\/07\/IMG_2165.jpg","width":1000,"height":1500},{"@type":"BreadcrumbList","@id":"https:\/\/whysoseriousstore.com\/coffe-white-longsleeve\/#breadcrumb","itemListElement":[{"@type":"ListItem","position":1,"name":"Strona g\u0142\u00f3wna","item":"https:\/\/whysoseriousstore.com\/"},{"@type":"ListItem","position":2,"name":"Sklep","item":"https:\/\/whysoseriousstore.com\/sklep\/"},{"@type":"ListItem","position":3,"name":"Coffee Bia\u0142y Longsleeve"}]},{"@type":"WebSite","@id":"https:\/\/whysoseriousstore.com\/#website","url":"https:\/\/whysoseriousstore.com\/","name":"WHYSOSERIOUS store","description":"","potentialAction":[{"@type":"SearchAction","target":{"@type":"EntryPoint","urlTemplate":"https:\/\/whysoseriousstore.com\/?s={search_term_string}"},"query-input":{"@type":"PropertyValueSpecification","valueRequired":true,"valueName":"search_term_string"}}],"inLanguage":"en-GB"}]}},"_links":{"self":[{"href":"https:\/\/whysoseriousstore.com\/eng\/wp-json\/wp\/v2\/product\/22811","targetHints":{"allow":["GET"]}}],"collection":[{"href":"https:\/\/whysoseriousstore.com\/eng\/wp-json\/wp\/v2\/product"}],"about":[{"href":"https:\/\/whysoseriousstore.com\/eng\/wp-json\/wp\/v2\/types\/product"}],"wp:featuredmedia":[{"embeddable":true,"href":"https:\/\/whysoseriousstore.com\/eng\/wp-json\/wp\/v2\/media\/22883"}],"wp:attachment":[{"href":"https:\/\/whysoseriousstore.com\/eng\/wp-json\/wp\/v2\/media?parent=22811"}],"wp:term":[{"taxonomy":"product_brand","embeddable":true,"href":"https:\/\/whysoseriousstore.com\/eng\/wp-json\/wp\/v2\/product_brand?post=22811"},{"taxonomy":"product_cat","embeddable":true,"href":"https:\/\/whysoseriousstore.com\/eng\/wp-json\/wp\/v2\/product_cat?post=22811"},{"taxonomy":"product_tag","embeddable":true,"href":"https:\/\/whysoseriousstore.com\/eng\/wp-json\/wp\/v2\/product_tag?post=22811"}],"curies":[{"name":"wp","href":"https:\/\/api.w.org\/{rel}","templated":true}]}}