{"id":22829,"date":"2025-07-30T22:59:33","date_gmt":"2025-07-30T20:59:33","guid":{"rendered":"https:\/\/whysoseriousstore.com\/?post_type=product&#038;p=22829"},"modified":"2026-05-01T19:44:27","modified_gmt":"2026-05-01T17:44:27","slug":"stripes-brown-longsleeve","status":"publish","type":"product","link":"https:\/\/whysoseriousstore.com\/eng\/stripes-brown-longsleeve\/","title":{"rendered":"Longsleeve Stripes Brown Premium"},"content":{"rendered":"<div class=\"flex basis-auto flex-col -mb-(--composer-overlap-px) [--composer-overlap-px:55px] grow overflow-hidden\">\n<div class=\"relative h-full\">\n<div class=\"flex h-full flex-col overflow-y-auto [scrollbar-gutter:stable_both-edges] @[84rem]\/thread:pt-(--header-height)\">\n<div class=\"@thread-xl\/thread:pt-header-height flex flex-col text-sm pb-25\">\n<article class=\"text-token-text-primary w-full focus:outline-none scroll-mt-[calc(var(--header-height)+min(200px,max(70px,20svh)))]\" dir=\"auto\" tabindex=\"-1\" data-testid=\"conversation-turn-2\" data-scroll-anchor=\"true\" data-turn=\"assistant\">\n<div class=\"text-base my-auto mx-auto pb-10 [--thread-content-margin:--spacing(4)] @[37rem]:[--thread-content-margin:--spacing(6)] @[72rem]:[--thread-content-margin:--spacing(16)] px-(--thread-content-margin)\">\n<div class=\"[--thread-content-max-width:32rem] @[34rem]:[--thread-content-max-width:40rem] @[64rem]:[--thread-content-max-width:48rem] mx-auto max-w-(--thread-content-max-width) flex-1 group\/turn-messages focus-visible:outline-hidden relative flex w-full min-w-0 flex-col agent-turn\" tabindex=\"-1\">\n<div class=\"flex max-w-full flex-col grow\">\n<div class=\"min-h-8 text-message relative flex w-full flex-col items-end gap-2 text-start break-words whitespace-normal [.text-message+&amp;]:mt-5\" dir=\"auto\" data-message-author-role=\"assistant\" data-message-id=\"d31ba12a-889a-44cd-b789-be22a613198c\" data-message-model-slug=\"gpt-4o\">\n<div class=\"flex w-full flex-col gap-1 empty:hidden first:pt-[3px]\">\n<div class=\"markdown prose dark:prose-invert w-full break-words light\">\n<p data-start=\"109\" data-end=\"396\"><strong data-start=\"109\" data-end=\"137\">Longsleeve Stripes Brown<\/strong> to klasyka z twistem, kt\u00f3ra wnosi styl i odrobin\u0119 luzu do ka\u017cdej stylizacji. Poziome paski w odcieniach br\u0105zu i ecru przywo\u0142uj\u0105 klimat spokojnych, s\u0142onecznych dni i miejskiej nonszalancji. To idealna rzecz, gdy chcesz wygl\u0105da\u0107 na luzie, ale z stylowo.<\/p>\n<p data-start=\"638\" data-end=\"862\">Stonowane pasy w odcieniu br\u0105zu to uk\u0142on w stron\u0119 natury i ziemistych barw. Dzi\u0119ki temu longsleeve idealnie \u0142\u0105czy si\u0119 z be\u017cami, khaki, jeansem i czerni\u0105 \u2013 od miejskich look\u00f3w po wyjazdowe klimaty.<\/p>\n<p data-start=\"864\" data-end=\"1117\">Wysokiej jako\u015bci bawe\u0142na o wysokiej gramaturze \u2013 mi\u0119kka, trzymaj\u0105ca form\u0119 i trwa\u0142a. Przyjemna w dotyku, odporna na mechacenie i zachowuj\u0105ca form\u0119 nawet po wielu praniach. Idealna na ka\u017cd\u0105 por\u0119 roku \u2013 solo lub jako warstwa pod kurtk\u0119 czy bluz\u0119.<\/p>\n<p data-start=\"864\" data-end=\"1117\">Oversize fit z poszerzanym r\u0119kawem i delikatnie obni\u017con\u0105 lini\u0105 ramion \u2013 zapewnia komfort i swobod\u0119 noszenia bez wzgl\u0119du na okazj\u0119. To ten typ ubrania, kt\u00f3ry za\u0142o\u017cysz na spacer, uczelni\u0119, do pracy albo na weekendowy wypad za miasto.<\/p>\n<p data-start=\"1362\" data-end=\"1470\" data-is-last-node=\"\" data-is-only-node=\"\">Longsleeve Stripes Brown to prosty spos\u00f3b na stylowy look \u2013 bez wysi\u0142ku, bez kombinowania, zawsze na czasie.<\/p>\n<\/div>\n<\/div>\n<\/div>\n<\/div>\n<\/div>\n<\/div>\n<\/article>\n<\/div>\n<\/div>\n<\/div>\n<\/div>\n<p data-start=\"837\" data-end=\"932\">Modelka ma 171 cm wzrostu i nosi rozmiar M.<\/p>\n<p data-start=\"934\" data-end=\"974\"><strong data-start=\"934\" data-end=\"974\">THE HIGHEST QUALITY, MADE IN POLAND.<\/strong><\/p>\n","protected":false},"excerpt":{"rendered":"<p>Longsleeve Stripes Brown to klasyka z twistem, kt\u00f3ra wnosi styl i odrobin\u0119 luzu do ka\u017cdej stylizacji. Poziome paski w odcieniach br\u0105zu i ecru przywo\u0142uj\u0105 klimat spokojnych, s\u0142onecznych dni i miejskiej nonszalancji. To idealna rzecz, gdy chcesz wygl\u0105da\u0107 na luzie, ale z stylowo. Stonowane pasy w odcieniu br\u0105zu to uk\u0142on w stron\u0119 natury i ziemistych barw. [&hellip;]<\/p>\n","protected":false},"featured_media":23605,"template":"","meta":[],"product_brand":[],"product_cat":[164,110,108,107,127],"product_tag":[],"class_list":{"0":"post-22829","1":"product","2":"type-product","3":"status-publish","4":"has-post-thumbnail","6":"product_cat-longsleeve","7":"product_cat-tshirty-unisex","8":"product_cat-new","9":"product_cat-bestsellers","10":"product_cat-wszystko","12":"first","13":"instock","14":"taxable","15":"shipping-taxable","16":"purchasable","17":"product-type-variable","18":"has-default-attributes"},"bundled_by":["25239","25503","25775"],"bundle_stock_status":"instock","bundle_stock_quantity":null,"bundle_virtual":false,"bundle_layout":"","bundle_add_to_cart_form_location":"","bundle_editable_in_cart":false,"bundle_sold_individually_context":"","bundle_item_grouping":"","bundle_min_size":"","bundle_max_size":"","bundle_price":[],"bundled_items":[],"bundle_sell_ids":[],"yoast_head":"<!-- This site is optimized with the Yoast SEO Premium plugin v20.0 (Yoast SEO v26.5) - https:\/\/yoast.com\/wordpress\/plugins\/seo\/ -->\n<title>Longsleeve Stripes Brown Premium - WHYSOSERIOUS store<\/title>\n<meta name=\"description\" content=\"Longsleeve Stripes Brown to idealny dodatek do Twojej garderoby. Pasuje do wielu stylizacji i stanowi jej cudowne dope\u0142nienie.\" \/>\n<meta name=\"robots\" content=\"index, follow, max-snippet:-1, max-image-preview:large, max-video-preview:-1\" \/>\n<link rel=\"canonical\" href=\"https:\/\/whysoseriousstore.com\/eng\/stripes-brown-longsleeve\/\" \/>\n<meta property=\"og:locale\" content=\"en_GB\" \/>\n<meta property=\"og:type\" content=\"article\" \/>\n<meta property=\"og:title\" content=\"Longsleeve Stripes Brown Premium\" \/>\n<meta property=\"og:description\" content=\"Longsleeve Stripes Brown to idealny dodatek do Twojej garderoby. Pasuje do wielu stylizacji i stanowi jej cudowne dope\u0142nienie.\" \/>\n<meta property=\"og:url\" content=\"https:\/\/whysoseriousstore.com\/eng\/stripes-brown-longsleeve\/\" \/>\n<meta property=\"og:site_name\" content=\"WHYSOSERIOUS store\" \/>\n<meta property=\"article:modified_time\" content=\"2026-05-01T17:44:27+00:00\" \/>\n<meta property=\"og:image\" content=\"https:\/\/whysoseriousstore.com\/wp-content\/uploads\/2025\/07\/Longsleeve-damski-w-paski-Whysoserious-4.jpg\" \/>\n\t<meta property=\"og:image:width\" content=\"1000\" \/>\n\t<meta property=\"og:image:height\" content=\"1500\" \/>\n\t<meta property=\"og:image:type\" content=\"image\/jpeg\" \/>\n<meta name=\"twitter:card\" content=\"summary_large_image\" \/>\n<meta name=\"twitter:label1\" content=\"Estimated reading time\" \/>\n\t<meta name=\"twitter:data1\" content=\"2 minutes\" \/>\n<script type=\"application\/ld+json\" class=\"yoast-schema-graph\">{\"@context\":\"https:\/\/schema.org\",\"@graph\":[{\"@type\":\"WebPage\",\"@id\":\"https:\/\/whysoseriousstore.com\/stripes-brown-longsleeve\/\",\"url\":\"https:\/\/whysoseriousstore.com\/stripes-brown-longsleeve\/\",\"name\":\"Longsleeve Stripes Brown Premium - WHYSOSERIOUS store\",\"isPartOf\":{\"@id\":\"https:\/\/whysoseriousstore.com\/#website\"},\"primaryImageOfPage\":{\"@id\":\"https:\/\/whysoseriousstore.com\/stripes-brown-longsleeve\/#primaryimage\"},\"image\":{\"@id\":\"https:\/\/whysoseriousstore.com\/stripes-brown-longsleeve\/#primaryimage\"},\"thumbnailUrl\":\"https:\/\/whysoseriousstore.com\/wp-content\/uploads\/2025\/07\/Longsleeve-damski-w-paski-Whysoserious-4.jpg\",\"datePublished\":\"2025-07-30T20:59:33+00:00\",\"dateModified\":\"2026-05-01T17:44:27+00:00\",\"description\":\"Longsleeve Stripes Brown to idealny dodatek do Twojej garderoby. Pasuje do wielu stylizacji i stanowi jej cudowne dope\u0142nienie.\",\"breadcrumb\":{\"@id\":\"https:\/\/whysoseriousstore.com\/stripes-brown-longsleeve\/#breadcrumb\"},\"inLanguage\":\"en-GB\",\"potentialAction\":[{\"@type\":\"ReadAction\",\"target\":[\"https:\/\/whysoseriousstore.com\/stripes-brown-longsleeve\/\"]}]},{\"@type\":\"ImageObject\",\"inLanguage\":\"en-GB\",\"@id\":\"https:\/\/whysoseriousstore.com\/stripes-brown-longsleeve\/#primaryimage\",\"url\":\"https:\/\/whysoseriousstore.com\/wp-content\/uploads\/2025\/07\/Longsleeve-damski-w-paski-Whysoserious-4.jpg\",\"contentUrl\":\"https:\/\/whysoseriousstore.com\/wp-content\/uploads\/2025\/07\/Longsleeve-damski-w-paski-Whysoserious-4.jpg\",\"width\":1000,\"height\":1500},{\"@type\":\"BreadcrumbList\",\"@id\":\"https:\/\/whysoseriousstore.com\/stripes-brown-longsleeve\/#breadcrumb\",\"itemListElement\":[{\"@type\":\"ListItem\",\"position\":1,\"name\":\"Strona g\u0142\u00f3wna\",\"item\":\"https:\/\/whysoseriousstore.com\/\"},{\"@type\":\"ListItem\",\"position\":2,\"name\":\"Sklep\",\"item\":\"https:\/\/whysoseriousstore.com\/sklep\/\"},{\"@type\":\"ListItem\",\"position\":3,\"name\":\"Longsleeve Stripes Brown Premium\"}]},{\"@type\":\"WebSite\",\"@id\":\"https:\/\/whysoseriousstore.com\/#website\",\"url\":\"https:\/\/whysoseriousstore.com\/\",\"name\":\"WHYSOSERIOUS store\",\"description\":\"\",\"potentialAction\":[{\"@type\":\"SearchAction\",\"target\":{\"@type\":\"EntryPoint\",\"urlTemplate\":\"https:\/\/whysoseriousstore.com\/?s={search_term_string}\"},\"query-input\":{\"@type\":\"PropertyValueSpecification\",\"valueRequired\":true,\"valueName\":\"search_term_string\"}}],\"inLanguage\":\"en-GB\"}]}<\/script>\n<!-- \/ Yoast SEO Premium plugin. -->","yoast_head_json":{"title":"Longsleeve Stripes Brown Premium - WHYSOSERIOUS store","description":"Longsleeve Stripes Brown to idealny dodatek do Twojej garderoby. Pasuje do wielu stylizacji i stanowi jej cudowne dope\u0142nienie.","robots":{"index":"index","follow":"follow","max-snippet":"max-snippet:-1","max-image-preview":"max-image-preview:large","max-video-preview":"max-video-preview:-1"},"canonical":"https:\/\/whysoseriousstore.com\/eng\/stripes-brown-longsleeve\/","og_locale":"en_GB","og_type":"article","og_title":"Longsleeve Stripes Brown Premium","og_description":"Longsleeve Stripes Brown to idealny dodatek do Twojej garderoby. Pasuje do wielu stylizacji i stanowi jej cudowne dope\u0142nienie.","og_url":"https:\/\/whysoseriousstore.com\/eng\/stripes-brown-longsleeve\/","og_site_name":"WHYSOSERIOUS store","article_modified_time":"2026-05-01T17:44:27+00:00","og_image":[{"width":1000,"height":1500,"url":"https:\/\/whysoseriousstore.com\/wp-content\/uploads\/2025\/07\/Longsleeve-damski-w-paski-Whysoserious-4.jpg","type":"image\/jpeg"}],"twitter_card":"summary_large_image","twitter_misc":{"Estimated reading time":"2 minutes"},"schema":{"@context":"https:\/\/schema.org","@graph":[{"@type":"WebPage","@id":"https:\/\/whysoseriousstore.com\/stripes-brown-longsleeve\/","url":"https:\/\/whysoseriousstore.com\/stripes-brown-longsleeve\/","name":"Longsleeve Stripes Brown Premium - WHYSOSERIOUS store","isPartOf":{"@id":"https:\/\/whysoseriousstore.com\/#website"},"primaryImageOfPage":{"@id":"https:\/\/whysoseriousstore.com\/stripes-brown-longsleeve\/#primaryimage"},"image":{"@id":"https:\/\/whysoseriousstore.com\/stripes-brown-longsleeve\/#primaryimage"},"thumbnailUrl":"https:\/\/whysoseriousstore.com\/wp-content\/uploads\/2025\/07\/Longsleeve-damski-w-paski-Whysoserious-4.jpg","datePublished":"2025-07-30T20:59:33+00:00","dateModified":"2026-05-01T17:44:27+00:00","description":"Longsleeve Stripes Brown to idealny dodatek do Twojej garderoby. Pasuje do wielu stylizacji i stanowi jej cudowne dope\u0142nienie.","breadcrumb":{"@id":"https:\/\/whysoseriousstore.com\/stripes-brown-longsleeve\/#breadcrumb"},"inLanguage":"en-GB","potentialAction":[{"@type":"ReadAction","target":["https:\/\/whysoseriousstore.com\/stripes-brown-longsleeve\/"]}]},{"@type":"ImageObject","inLanguage":"en-GB","@id":"https:\/\/whysoseriousstore.com\/stripes-brown-longsleeve\/#primaryimage","url":"https:\/\/whysoseriousstore.com\/wp-content\/uploads\/2025\/07\/Longsleeve-damski-w-paski-Whysoserious-4.jpg","contentUrl":"https:\/\/whysoseriousstore.com\/wp-content\/uploads\/2025\/07\/Longsleeve-damski-w-paski-Whysoserious-4.jpg","width":1000,"height":1500},{"@type":"BreadcrumbList","@id":"https:\/\/whysoseriousstore.com\/stripes-brown-longsleeve\/#breadcrumb","itemListElement":[{"@type":"ListItem","position":1,"name":"Strona g\u0142\u00f3wna","item":"https:\/\/whysoseriousstore.com\/"},{"@type":"ListItem","position":2,"name":"Sklep","item":"https:\/\/whysoseriousstore.com\/sklep\/"},{"@type":"ListItem","position":3,"name":"Longsleeve Stripes Brown Premium"}]},{"@type":"WebSite","@id":"https:\/\/whysoseriousstore.com\/#website","url":"https:\/\/whysoseriousstore.com\/","name":"WHYSOSERIOUS store","description":"","potentialAction":[{"@type":"SearchAction","target":{"@type":"EntryPoint","urlTemplate":"https:\/\/whysoseriousstore.com\/?s={search_term_string}"},"query-input":{"@type":"PropertyValueSpecification","valueRequired":true,"valueName":"search_term_string"}}],"inLanguage":"en-GB"}]}},"_links":{"self":[{"href":"https:\/\/whysoseriousstore.com\/eng\/wp-json\/wp\/v2\/product\/22829","targetHints":{"allow":["GET"]}}],"collection":[{"href":"https:\/\/whysoseriousstore.com\/eng\/wp-json\/wp\/v2\/product"}],"about":[{"href":"https:\/\/whysoseriousstore.com\/eng\/wp-json\/wp\/v2\/types\/product"}],"wp:featuredmedia":[{"embeddable":true,"href":"https:\/\/whysoseriousstore.com\/eng\/wp-json\/wp\/v2\/media\/23605"}],"wp:attachment":[{"href":"https:\/\/whysoseriousstore.com\/eng\/wp-json\/wp\/v2\/media?parent=22829"}],"wp:term":[{"taxonomy":"product_brand","embeddable":true,"href":"https:\/\/whysoseriousstore.com\/eng\/wp-json\/wp\/v2\/product_brand?post=22829"},{"taxonomy":"product_cat","embeddable":true,"href":"https:\/\/whysoseriousstore.com\/eng\/wp-json\/wp\/v2\/product_cat?post=22829"},{"taxonomy":"product_tag","embeddable":true,"href":"https:\/\/whysoseriousstore.com\/eng\/wp-json\/wp\/v2\/product_tag?post=22829"}],"curies":[{"name":"wp","href":"https:\/\/api.w.org\/{rel}","templated":true}]}}