{"id":23515,"date":"2025-09-03T22:38:59","date_gmt":"2025-09-03T20:38:59","guid":{"rendered":"https:\/\/whysoseriousstore.com\/?post_type=product&#038;p=23515"},"modified":"2026-04-29T09:19:34","modified_gmt":"2026-04-29T07:19:34","slug":"running-club-bialy-t-shirt","status":"publish","type":"product","link":"https:\/\/whysoseriousstore.com\/eng\/running-club-bialy-t-shirt\/","title":{"rendered":"Running Club T-Shirt White"},"content":{"rendered":"<p data-start=\"92\" data-end=\"432\">Running Club's white T-shirt in premium cotton combines minimalist design with urban style. The white shade of the T-shirt and the striking burgundy print give it character, making it more than just a classic basic. Running Late Club - for those who savour every moment and happen to be short on time &lt;3<\/p>\n<p data-start=\"434\" data-end=\"743\">The oversized, relaxed fit provides complete comfort and lightness, fitting perfectly into your daytime routine. This white T-shirt will go well with casual styling with jeans or with leggings.<\/p>\n<p data-start=\"745\" data-end=\"986\">Made in Poland from thick, soft cotton, it guarantees durability and comfort that will not be missed even on the busiest of days. The delicate WHYSOSERIOUS label inside is a detail that underlines the quality and authenticity of the design.<\/p>\n<p data-start=\"988\" data-end=\"1190\"><strong>The only running club we attend - Running Late Club<\/strong><\/p>\n<p>The model is 171 cm tall and a size L.<\/p>\n<p><strong>THE HIGHEST QUALITY, MADE IN POLAND.<\/strong><\/p>\n<p><a href=\"https:\/\/whysoseriousstore.com\/eng\/tshirty-damskie\/?v=9b7d173b068d\">See also our sweatshirts!<\/a><br \/>\nVisit us at\u00a0<a href=\"https:\/\/www.instagram.com\/wss.whysoserious\/\">instagram<\/a>\u00a0i\u00a0<a href=\"https:\/\/www.facebook.com\/WSS.whysoserious\">facebook<\/a>.<\/p>","protected":false},"excerpt":{"rendered":"<p>Bia\u0142y T-shirt Running Club z wysokogatunkowej bawe\u0142ny to po\u0142\u0105czenie minimalistycznego designu z miejskim stylem. Bia\u0142y odcie\u0144 koszulki i wyrazisty bordowy nadruk nadaj\u0105 jej charakteru, sprawiaj\u0105c, \u017ce staje si\u0119 czym\u015b wi\u0119cej ni\u017c tylko klasycznym basicem. Running Late Club &#8211; dla tych kt\u00f3rzy delektuj\u0105 si\u0119 ka\u017cd\u0105 chwil\u0105 i zdarza im si\u0119 by\u0107 w niedoczasie &lt;3 Oversize\u2019owy, swobodny [&hellip;]<\/p>\n","protected":false},"featured_media":23565,"template":"","meta":[],"product_brand":[],"product_cat":[110,108,127],"product_tag":[],"class_list":{"0":"post-23515","1":"product","2":"type-product","3":"status-publish","4":"has-post-thumbnail","6":"product_cat-tshirty-unisex","7":"product_cat-new","8":"product_cat-wszystko","10":"first","11":"instock","12":"taxable","13":"shipping-taxable","14":"purchasable","15":"product-type-variable","16":"has-default-attributes"},"bundled_by":[],"bundle_stock_status":"instock","bundle_stock_quantity":null,"bundle_virtual":false,"bundle_layout":"","bundle_add_to_cart_form_location":"","bundle_editable_in_cart":false,"bundle_sold_individually_context":"","bundle_item_grouping":"","bundle_min_size":"","bundle_max_size":"","bundle_price":[],"bundled_items":[],"bundle_sell_ids":[],"yoast_head":"<!-- This site is optimized with the Yoast SEO Premium plugin v20.0 (Yoast SEO v26.5) - https:\/\/yoast.com\/wordpress\/plugins\/seo\/ -->\n<title>Running Club T-Shirt Bia\u0142y WHYSOSERIOUS store<\/title>\n<meta name=\"description\" content=\"Bia\u0142y t-shirt Running Club- z nadrukiem. Kr\u00f3j oversize, gruba bia\u0142a bawe\u0142na. Idealne dope\u0142nienie do ka\u017cdej stylizacji i na poranne bieganie!\" \/>\n<meta name=\"robots\" content=\"index, follow, max-snippet:-1, max-image-preview:large, max-video-preview:-1\" \/>\n<link rel=\"canonical\" href=\"https:\/\/whysoseriousstore.com\/eng\/running-club-bialy-t-shirt\/\" \/>\n<meta property=\"og:locale\" content=\"en_GB\" \/>\n<meta property=\"og:type\" content=\"article\" \/>\n<meta property=\"og:title\" content=\"Running Club T-Shirt Bia\u0142y\" \/>\n<meta property=\"og:description\" content=\"Bia\u0142y t-shirt Running Club- z nadrukiem. Kr\u00f3j oversize, gruba bia\u0142a bawe\u0142na. Idealne dope\u0142nienie do ka\u017cdej stylizacji i na poranne bieganie!\" \/>\n<meta property=\"og:url\" content=\"https:\/\/whysoseriousstore.com\/eng\/running-club-bialy-t-shirt\/\" \/>\n<meta property=\"og:site_name\" content=\"WHYSOSERIOUS store\" \/>\n<meta property=\"article:modified_time\" content=\"2026-04-29T07:19:34+00:00\" \/>\n<meta property=\"og:image\" content=\"https:\/\/whysoseriousstore.com\/wp-content\/uploads\/2025\/09\/Koszulka-damska-Running-Club-Whysoserious.jpg\" \/>\n\t<meta property=\"og:image:width\" content=\"1000\" \/>\n\t<meta property=\"og:image:height\" content=\"1500\" \/>\n\t<meta property=\"og:image:type\" content=\"image\/jpeg\" \/>\n<meta name=\"twitter:card\" content=\"summary_large_image\" \/>\n<meta name=\"twitter:label1\" content=\"Estimated reading time\" \/>\n\t<meta name=\"twitter:data1\" content=\"2 minutes\" \/>\n<script type=\"application\/ld+json\" class=\"yoast-schema-graph\">{\"@context\":\"https:\/\/schema.org\",\"@graph\":[{\"@type\":\"WebPage\",\"@id\":\"https:\/\/whysoseriousstore.com\/running-club-bialy-t-shirt\/\",\"url\":\"https:\/\/whysoseriousstore.com\/running-club-bialy-t-shirt\/\",\"name\":\"Running Club T-Shirt Bia\u0142y WHYSOSERIOUS store\",\"isPartOf\":{\"@id\":\"https:\/\/whysoseriousstore.com\/#website\"},\"primaryImageOfPage\":{\"@id\":\"https:\/\/whysoseriousstore.com\/running-club-bialy-t-shirt\/#primaryimage\"},\"image\":{\"@id\":\"https:\/\/whysoseriousstore.com\/running-club-bialy-t-shirt\/#primaryimage\"},\"thumbnailUrl\":\"https:\/\/whysoseriousstore.com\/wp-content\/uploads\/2025\/09\/Koszulka-damska-Running-Club-Whysoserious.jpg\",\"datePublished\":\"2025-09-03T20:38:59+00:00\",\"dateModified\":\"2026-04-29T07:19:34+00:00\",\"description\":\"Bia\u0142y t-shirt Running Club- z nadrukiem. Kr\u00f3j oversize, gruba bia\u0142a bawe\u0142na. Idealne dope\u0142nienie do ka\u017cdej stylizacji i na poranne bieganie!\",\"breadcrumb\":{\"@id\":\"https:\/\/whysoseriousstore.com\/running-club-bialy-t-shirt\/#breadcrumb\"},\"inLanguage\":\"en-GB\",\"potentialAction\":[{\"@type\":\"ReadAction\",\"target\":[\"https:\/\/whysoseriousstore.com\/running-club-bialy-t-shirt\/\"]}]},{\"@type\":\"ImageObject\",\"inLanguage\":\"en-GB\",\"@id\":\"https:\/\/whysoseriousstore.com\/running-club-bialy-t-shirt\/#primaryimage\",\"url\":\"https:\/\/whysoseriousstore.com\/wp-content\/uploads\/2025\/09\/Koszulka-damska-Running-Club-Whysoserious.jpg\",\"contentUrl\":\"https:\/\/whysoseriousstore.com\/wp-content\/uploads\/2025\/09\/Koszulka-damska-Running-Club-Whysoserious.jpg\",\"width\":1000,\"height\":1500},{\"@type\":\"BreadcrumbList\",\"@id\":\"https:\/\/whysoseriousstore.com\/running-club-bialy-t-shirt\/#breadcrumb\",\"itemListElement\":[{\"@type\":\"ListItem\",\"position\":1,\"name\":\"Strona g\u0142\u00f3wna\",\"item\":\"https:\/\/whysoseriousstore.com\/\"},{\"@type\":\"ListItem\",\"position\":2,\"name\":\"Sklep\",\"item\":\"https:\/\/whysoseriousstore.com\/sklep\/\"},{\"@type\":\"ListItem\",\"position\":3,\"name\":\"Running Club T-Shirt Bia\u0142y\"}]},{\"@type\":\"WebSite\",\"@id\":\"https:\/\/whysoseriousstore.com\/#website\",\"url\":\"https:\/\/whysoseriousstore.com\/\",\"name\":\"WHYSOSERIOUS store\",\"description\":\"\",\"potentialAction\":[{\"@type\":\"SearchAction\",\"target\":{\"@type\":\"EntryPoint\",\"urlTemplate\":\"https:\/\/whysoseriousstore.com\/?s={search_term_string}\"},\"query-input\":{\"@type\":\"PropertyValueSpecification\",\"valueRequired\":true,\"valueName\":\"search_term_string\"}}],\"inLanguage\":\"en-GB\"}]}<\/script>\n<!-- \/ Yoast SEO Premium plugin. -->","yoast_head_json":{"title":"Running Club T-Shirt Bia\u0142y WHYSOSERIOUS store","description":"Bia\u0142y t-shirt Running Club- z nadrukiem. Kr\u00f3j oversize, gruba bia\u0142a bawe\u0142na. Idealne dope\u0142nienie do ka\u017cdej stylizacji i na poranne bieganie!","robots":{"index":"index","follow":"follow","max-snippet":"max-snippet:-1","max-image-preview":"max-image-preview:large","max-video-preview":"max-video-preview:-1"},"canonical":"https:\/\/whysoseriousstore.com\/eng\/running-club-bialy-t-shirt\/","og_locale":"en_GB","og_type":"article","og_title":"Running Club T-Shirt Bia\u0142y","og_description":"Bia\u0142y t-shirt Running Club- z nadrukiem. Kr\u00f3j oversize, gruba bia\u0142a bawe\u0142na. Idealne dope\u0142nienie do ka\u017cdej stylizacji i na poranne bieganie!","og_url":"https:\/\/whysoseriousstore.com\/eng\/running-club-bialy-t-shirt\/","og_site_name":"WHYSOSERIOUS store","article_modified_time":"2026-04-29T07:19:34+00:00","og_image":[{"width":1000,"height":1500,"url":"https:\/\/whysoseriousstore.com\/wp-content\/uploads\/2025\/09\/Koszulka-damska-Running-Club-Whysoserious.jpg","type":"image\/jpeg"}],"twitter_card":"summary_large_image","twitter_misc":{"Estimated reading time":"2 minutes"},"schema":{"@context":"https:\/\/schema.org","@graph":[{"@type":"WebPage","@id":"https:\/\/whysoseriousstore.com\/running-club-bialy-t-shirt\/","url":"https:\/\/whysoseriousstore.com\/running-club-bialy-t-shirt\/","name":"Running Club T-Shirt Bia\u0142y WHYSOSERIOUS store","isPartOf":{"@id":"https:\/\/whysoseriousstore.com\/#website"},"primaryImageOfPage":{"@id":"https:\/\/whysoseriousstore.com\/running-club-bialy-t-shirt\/#primaryimage"},"image":{"@id":"https:\/\/whysoseriousstore.com\/running-club-bialy-t-shirt\/#primaryimage"},"thumbnailUrl":"https:\/\/whysoseriousstore.com\/wp-content\/uploads\/2025\/09\/Koszulka-damska-Running-Club-Whysoserious.jpg","datePublished":"2025-09-03T20:38:59+00:00","dateModified":"2026-04-29T07:19:34+00:00","description":"Bia\u0142y t-shirt Running Club- z nadrukiem. Kr\u00f3j oversize, gruba bia\u0142a bawe\u0142na. Idealne dope\u0142nienie do ka\u017cdej stylizacji i na poranne bieganie!","breadcrumb":{"@id":"https:\/\/whysoseriousstore.com\/running-club-bialy-t-shirt\/#breadcrumb"},"inLanguage":"en-GB","potentialAction":[{"@type":"ReadAction","target":["https:\/\/whysoseriousstore.com\/running-club-bialy-t-shirt\/"]}]},{"@type":"ImageObject","inLanguage":"en-GB","@id":"https:\/\/whysoseriousstore.com\/running-club-bialy-t-shirt\/#primaryimage","url":"https:\/\/whysoseriousstore.com\/wp-content\/uploads\/2025\/09\/Koszulka-damska-Running-Club-Whysoserious.jpg","contentUrl":"https:\/\/whysoseriousstore.com\/wp-content\/uploads\/2025\/09\/Koszulka-damska-Running-Club-Whysoserious.jpg","width":1000,"height":1500},{"@type":"BreadcrumbList","@id":"https:\/\/whysoseriousstore.com\/running-club-bialy-t-shirt\/#breadcrumb","itemListElement":[{"@type":"ListItem","position":1,"name":"Strona g\u0142\u00f3wna","item":"https:\/\/whysoseriousstore.com\/"},{"@type":"ListItem","position":2,"name":"Sklep","item":"https:\/\/whysoseriousstore.com\/sklep\/"},{"@type":"ListItem","position":3,"name":"Running Club T-Shirt Bia\u0142y"}]},{"@type":"WebSite","@id":"https:\/\/whysoseriousstore.com\/#website","url":"https:\/\/whysoseriousstore.com\/","name":"WHYSOSERIOUS store","description":"","potentialAction":[{"@type":"SearchAction","target":{"@type":"EntryPoint","urlTemplate":"https:\/\/whysoseriousstore.com\/?s={search_term_string}"},"query-input":{"@type":"PropertyValueSpecification","valueRequired":true,"valueName":"search_term_string"}}],"inLanguage":"en-GB"}]}},"_links":{"self":[{"href":"https:\/\/whysoseriousstore.com\/eng\/wp-json\/wp\/v2\/product\/23515","targetHints":{"allow":["GET"]}}],"collection":[{"href":"https:\/\/whysoseriousstore.com\/eng\/wp-json\/wp\/v2\/product"}],"about":[{"href":"https:\/\/whysoseriousstore.com\/eng\/wp-json\/wp\/v2\/types\/product"}],"wp:featuredmedia":[{"embeddable":true,"href":"https:\/\/whysoseriousstore.com\/eng\/wp-json\/wp\/v2\/media\/23565"}],"wp:attachment":[{"href":"https:\/\/whysoseriousstore.com\/eng\/wp-json\/wp\/v2\/media?parent=23515"}],"wp:term":[{"taxonomy":"product_brand","embeddable":true,"href":"https:\/\/whysoseriousstore.com\/eng\/wp-json\/wp\/v2\/product_brand?post=23515"},{"taxonomy":"product_cat","embeddable":true,"href":"https:\/\/whysoseriousstore.com\/eng\/wp-json\/wp\/v2\/product_cat?post=23515"},{"taxonomy":"product_tag","embeddable":true,"href":"https:\/\/whysoseriousstore.com\/eng\/wp-json\/wp\/v2\/product_tag?post=23515"}],"curies":[{"name":"wp","href":"https:\/\/api.w.org\/{rel}","templated":true}]}}