{"id":23854,"date":"2025-09-21T17:26:12","date_gmt":"2025-09-21T15:26:12","guid":{"rendered":"https:\/\/whysoseriousstore.com\/?post_type=product&#038;p=23854"},"modified":"2026-04-29T14:51:43","modified_gmt":"2026-04-29T12:51:43","slug":"longsleeve-heavy-stripes-burgundy","status":"publish","type":"product","link":"https:\/\/whysoseriousstore.com\/eng\/longsleeve-heavy-stripes-burgundy\/","title":{"rendered":"Longsleeve Heavy Stripes Burgundy"},"content":{"rendered":"<div class=\"flex basis-auto flex-col -mb-(--composer-overlap-px) [--composer-overlap-px:55px] grow overflow-hidden\">\n<div class=\"relative h-full\">\n<div class=\"flex h-full flex-col overflow-y-auto [scrollbar-gutter:stable_both-edges] @[84rem]\/thread:pt-(--header-height)\">\n<div class=\"@thread-xl\/thread:pt-header-height flex flex-col text-sm pb-25\">\n<article class=\"text-token-text-primary w-full focus:outline-none scroll-mt-[calc(var(--header-height)+min(200px,max(70px,20svh)))]\" dir=\"auto\" tabindex=\"-1\" data-testid=\"conversation-turn-2\" data-scroll-anchor=\"true\" data-turn=\"assistant\">\n<div class=\"text-base my-auto mx-auto pb-10 [--thread-content-margin:--spacing(4)] @[37rem]:[--thread-content-margin:--spacing(6)] @[72rem]:[--thread-content-margin:--spacing(16)] px-(--thread-content-margin)\">\n<div class=\"[--thread-content-max-width:32rem] @[34rem]:[--thread-content-max-width:40rem] @[64rem]:[--thread-content-max-width:48rem] mx-auto max-w-(--thread-content-max-width) flex-1 group\/turn-messages focus-visible:outline-hidden relative flex w-full min-w-0 flex-col agent-turn\" tabindex=\"-1\">\n<div class=\"flex max-w-full flex-col grow\">\n<div class=\"min-h-8 text-message relative flex w-full flex-col items-end gap-2 text-start break-words whitespace-normal [.text-message+&amp;]:mt-5\" dir=\"auto\" data-message-author-role=\"assistant\" data-message-id=\"d31ba12a-889a-44cd-b789-be22a613198c\" data-message-model-slug=\"gpt-4o\">\n<div class=\"flex w-full flex-col gap-1 empty:hidden first:pt-[3px]\">\n<div class=\"markdown prose dark:prose-invert w-full break-words light\">\n<p data-start=\"109\" data-end=\"396\"><strong>Longsleeve Heavy Stripes Burgundy\u00a0<\/strong>to klasyka, kt\u00f3ra wnosi styl i odrobin\u0119 luzu do ka\u017cdej stylizacji. Poziome paski w odcieniach bordo i ecru przywo\u0142uj\u0105 klimat spokojnych, jesiennych dni i miejskiej nonszalancji. To idealna rzecz, gdy chcesz wygl\u0105da\u0107 na luzie, ale z stylowo.<\/p>\n<p data-start=\"864\" data-end=\"1117\">Wysokiej jako\u015bci bawe\u0142na o bardzo wysokiej gramaturze \u2013 mi\u0119kka, trzymaj\u0105ca form\u0119 i trwa\u0142a. Odporna na mechacenie i zachowuj\u0105ca form\u0119 nawet po wielu praniach. Idealna na ka\u017cd\u0105 por\u0119 roku \u2013 solo lub jako warstwa pod kurtk\u0119.<\/p>\n<p data-start=\"864\" data-end=\"1117\">Oversize fit z poszerzanym r\u0119kawem i delikatnie obni\u017con\u0105 lini\u0105 ramion \u2013 zapewnia komfort i swobod\u0119 noszenia bez wzgl\u0119du na okazj\u0119. To ten typ ubrania, kt\u00f3ry za\u0142o\u017cysz na spacer, uczelni\u0119, do pracy albo na weekendowy wypad za miasto.<\/p>\n<p data-start=\"1362\" data-end=\"1470\" data-is-last-node=\"\" data-is-only-node=\"\"><span data-sheets-root=\"1\">Longsleeve Heavy Stripes Burgundy<\/span>\u00a0to prosty spos\u00f3b na stylowy look \u2013 bez wysi\u0142ku, bez kombinowania, zawsze na czasie.<\/p>\n<\/div>\n<\/div>\n<\/div>\n<\/div>\n<\/div>\n<\/div>\n<\/article>\n<\/div>\n<\/div>\n<\/div>\n<\/div>\n<p data-start=\"837\" data-end=\"932\">Modelka ma 171 cm wzrostu i nosi rozmiar M.<\/p>\n<p data-start=\"934\" data-end=\"974\"><strong data-start=\"934\" data-end=\"974\">THE HIGHEST QUALITY, MADE IN POLAND.<\/strong><\/p>\n","protected":false},"excerpt":{"rendered":"<p>Longsleeve Heavy Stripes Burgundy\u00a0to klasyka, kt\u00f3ra wnosi styl i odrobin\u0119 luzu do ka\u017cdej stylizacji. Poziome paski w odcieniach bordo i ecru przywo\u0142uj\u0105 klimat spokojnych, jesiennych dni i miejskiej nonszalancji. To idealna rzecz, gdy chcesz wygl\u0105da\u0107 na luzie, ale z stylowo. Wysokiej jako\u015bci bawe\u0142na o bardzo wysokiej gramaturze \u2013 mi\u0119kka, trzymaj\u0105ca form\u0119 i trwa\u0142a. Odporna na [&hellip;]<\/p>\n","protected":false},"featured_media":23864,"template":"","meta":[],"product_brand":[],"product_cat":[164,127],"product_tag":[],"class_list":{"0":"post-23854","1":"product","2":"type-product","3":"status-publish","4":"has-post-thumbnail","6":"product_cat-longsleeve","7":"product_cat-wszystko","9":"first","10":"outofstock","11":"taxable","12":"shipping-taxable","13":"purchasable","14":"product-type-variable","15":"has-default-attributes"},"bundled_by":[],"bundle_stock_status":"outofstock","bundle_stock_quantity":null,"bundle_virtual":false,"bundle_layout":"","bundle_add_to_cart_form_location":"","bundle_editable_in_cart":false,"bundle_sold_individually_context":"","bundle_item_grouping":"","bundle_min_size":"","bundle_max_size":"","bundle_price":[],"bundled_items":[],"bundle_sell_ids":[],"yoast_head":"<!-- This site is optimized with the Yoast SEO Premium plugin v20.0 (Yoast SEO v26.5) - https:\/\/yoast.com\/wordpress\/plugins\/seo\/ -->\n<title>Longsleeve Heavy Stripes Burgundy - WHYSOSERIOUS store<\/title>\n<meta name=\"description\" content=\"Longsleeve w bordowe pasy to idealna baza Twojej garderoby. Gruby, mi\u0119sisty materia\u0142 sprawia, \u017ce Longsleeve pos\u0142u\u017cy Ci na d\u0142ugo.\" \/>\n<meta name=\"robots\" content=\"index, follow, max-snippet:-1, max-image-preview:large, max-video-preview:-1\" \/>\n<link rel=\"canonical\" href=\"https:\/\/whysoseriousstore.com\/eng\/longsleeve-heavy-stripes-burgundy\/\" \/>\n<meta property=\"og:locale\" content=\"en_GB\" \/>\n<meta property=\"og:type\" content=\"article\" \/>\n<meta property=\"og:title\" content=\"Longsleeve Heavy Stripes Burgundy\" \/>\n<meta property=\"og:description\" content=\"Longsleeve w bordowe pasy to idealna baza Twojej garderoby. Gruby, mi\u0119sisty materia\u0142 sprawia, \u017ce Longsleeve pos\u0142u\u017cy Ci na d\u0142ugo.\" \/>\n<meta property=\"og:url\" content=\"https:\/\/whysoseriousstore.com\/eng\/longsleeve-heavy-stripes-burgundy\/\" \/>\n<meta property=\"og:site_name\" content=\"WHYSOSERIOUS store\" \/>\n<meta property=\"article:modified_time\" content=\"2026-04-29T12:51:43+00:00\" \/>\n<meta property=\"og:image\" content=\"https:\/\/whysoseriousstore.com\/wp-content\/uploads\/2025\/09\/Longsleeve-w-Paski-bordowe-Whysoserious-6.jpg\" \/>\n\t<meta property=\"og:image:width\" content=\"1000\" \/>\n\t<meta property=\"og:image:height\" content=\"1500\" \/>\n\t<meta property=\"og:image:type\" content=\"image\/jpeg\" \/>\n<meta name=\"twitter:card\" content=\"summary_large_image\" \/>\n<meta name=\"twitter:label1\" content=\"Estimated reading time\" \/>\n\t<meta name=\"twitter:data1\" content=\"2 minutes\" \/>\n<script type=\"application\/ld+json\" class=\"yoast-schema-graph\">{\"@context\":\"https:\/\/schema.org\",\"@graph\":[{\"@type\":\"WebPage\",\"@id\":\"https:\/\/whysoseriousstore.com\/longsleeve-heavy-stripes-burgundy\/\",\"url\":\"https:\/\/whysoseriousstore.com\/longsleeve-heavy-stripes-burgundy\/\",\"name\":\"Longsleeve Heavy Stripes Burgundy - WHYSOSERIOUS store\",\"isPartOf\":{\"@id\":\"https:\/\/whysoseriousstore.com\/#website\"},\"primaryImageOfPage\":{\"@id\":\"https:\/\/whysoseriousstore.com\/longsleeve-heavy-stripes-burgundy\/#primaryimage\"},\"image\":{\"@id\":\"https:\/\/whysoseriousstore.com\/longsleeve-heavy-stripes-burgundy\/#primaryimage\"},\"thumbnailUrl\":\"https:\/\/whysoseriousstore.com\/wp-content\/uploads\/2025\/09\/Longsleeve-w-Paski-bordowe-Whysoserious-6.jpg\",\"datePublished\":\"2025-09-21T15:26:12+00:00\",\"dateModified\":\"2026-04-29T12:51:43+00:00\",\"description\":\"Longsleeve w bordowe pasy to idealna baza Twojej garderoby. Gruby, mi\u0119sisty materia\u0142 sprawia, \u017ce Longsleeve pos\u0142u\u017cy Ci na d\u0142ugo.\",\"breadcrumb\":{\"@id\":\"https:\/\/whysoseriousstore.com\/longsleeve-heavy-stripes-burgundy\/#breadcrumb\"},\"inLanguage\":\"en-GB\",\"potentialAction\":[{\"@type\":\"ReadAction\",\"target\":[\"https:\/\/whysoseriousstore.com\/longsleeve-heavy-stripes-burgundy\/\"]}]},{\"@type\":\"ImageObject\",\"inLanguage\":\"en-GB\",\"@id\":\"https:\/\/whysoseriousstore.com\/longsleeve-heavy-stripes-burgundy\/#primaryimage\",\"url\":\"https:\/\/whysoseriousstore.com\/wp-content\/uploads\/2025\/09\/Longsleeve-w-Paski-bordowe-Whysoserious-6.jpg\",\"contentUrl\":\"https:\/\/whysoseriousstore.com\/wp-content\/uploads\/2025\/09\/Longsleeve-w-Paski-bordowe-Whysoserious-6.jpg\",\"width\":1000,\"height\":1500},{\"@type\":\"BreadcrumbList\",\"@id\":\"https:\/\/whysoseriousstore.com\/longsleeve-heavy-stripes-burgundy\/#breadcrumb\",\"itemListElement\":[{\"@type\":\"ListItem\",\"position\":1,\"name\":\"Strona g\u0142\u00f3wna\",\"item\":\"https:\/\/whysoseriousstore.com\/\"},{\"@type\":\"ListItem\",\"position\":2,\"name\":\"Sklep\",\"item\":\"https:\/\/whysoseriousstore.com\/sklep\/\"},{\"@type\":\"ListItem\",\"position\":3,\"name\":\"Longsleeve Heavy Stripes Burgundy\"}]},{\"@type\":\"WebSite\",\"@id\":\"https:\/\/whysoseriousstore.com\/#website\",\"url\":\"https:\/\/whysoseriousstore.com\/\",\"name\":\"WHYSOSERIOUS store\",\"description\":\"\",\"potentialAction\":[{\"@type\":\"SearchAction\",\"target\":{\"@type\":\"EntryPoint\",\"urlTemplate\":\"https:\/\/whysoseriousstore.com\/?s={search_term_string}\"},\"query-input\":{\"@type\":\"PropertyValueSpecification\",\"valueRequired\":true,\"valueName\":\"search_term_string\"}}],\"inLanguage\":\"en-GB\"}]}<\/script>\n<!-- \/ Yoast SEO Premium plugin. -->","yoast_head_json":{"title":"Longsleeve Heavy Stripes Burgundy - WHYSOSERIOUS store","description":"Longsleeve w bordowe pasy to idealna baza Twojej garderoby. Gruby, mi\u0119sisty materia\u0142 sprawia, \u017ce Longsleeve pos\u0142u\u017cy Ci na d\u0142ugo.","robots":{"index":"index","follow":"follow","max-snippet":"max-snippet:-1","max-image-preview":"max-image-preview:large","max-video-preview":"max-video-preview:-1"},"canonical":"https:\/\/whysoseriousstore.com\/eng\/longsleeve-heavy-stripes-burgundy\/","og_locale":"en_GB","og_type":"article","og_title":"Longsleeve Heavy Stripes Burgundy","og_description":"Longsleeve w bordowe pasy to idealna baza Twojej garderoby. Gruby, mi\u0119sisty materia\u0142 sprawia, \u017ce Longsleeve pos\u0142u\u017cy Ci na d\u0142ugo.","og_url":"https:\/\/whysoseriousstore.com\/eng\/longsleeve-heavy-stripes-burgundy\/","og_site_name":"WHYSOSERIOUS store","article_modified_time":"2026-04-29T12:51:43+00:00","og_image":[{"width":1000,"height":1500,"url":"https:\/\/whysoseriousstore.com\/wp-content\/uploads\/2025\/09\/Longsleeve-w-Paski-bordowe-Whysoserious-6.jpg","type":"image\/jpeg"}],"twitter_card":"summary_large_image","twitter_misc":{"Estimated reading time":"2 minutes"},"schema":{"@context":"https:\/\/schema.org","@graph":[{"@type":"WebPage","@id":"https:\/\/whysoseriousstore.com\/longsleeve-heavy-stripes-burgundy\/","url":"https:\/\/whysoseriousstore.com\/longsleeve-heavy-stripes-burgundy\/","name":"Longsleeve Heavy Stripes Burgundy - WHYSOSERIOUS store","isPartOf":{"@id":"https:\/\/whysoseriousstore.com\/#website"},"primaryImageOfPage":{"@id":"https:\/\/whysoseriousstore.com\/longsleeve-heavy-stripes-burgundy\/#primaryimage"},"image":{"@id":"https:\/\/whysoseriousstore.com\/longsleeve-heavy-stripes-burgundy\/#primaryimage"},"thumbnailUrl":"https:\/\/whysoseriousstore.com\/wp-content\/uploads\/2025\/09\/Longsleeve-w-Paski-bordowe-Whysoserious-6.jpg","datePublished":"2025-09-21T15:26:12+00:00","dateModified":"2026-04-29T12:51:43+00:00","description":"Longsleeve w bordowe pasy to idealna baza Twojej garderoby. Gruby, mi\u0119sisty materia\u0142 sprawia, \u017ce Longsleeve pos\u0142u\u017cy Ci na d\u0142ugo.","breadcrumb":{"@id":"https:\/\/whysoseriousstore.com\/longsleeve-heavy-stripes-burgundy\/#breadcrumb"},"inLanguage":"en-GB","potentialAction":[{"@type":"ReadAction","target":["https:\/\/whysoseriousstore.com\/longsleeve-heavy-stripes-burgundy\/"]}]},{"@type":"ImageObject","inLanguage":"en-GB","@id":"https:\/\/whysoseriousstore.com\/longsleeve-heavy-stripes-burgundy\/#primaryimage","url":"https:\/\/whysoseriousstore.com\/wp-content\/uploads\/2025\/09\/Longsleeve-w-Paski-bordowe-Whysoserious-6.jpg","contentUrl":"https:\/\/whysoseriousstore.com\/wp-content\/uploads\/2025\/09\/Longsleeve-w-Paski-bordowe-Whysoserious-6.jpg","width":1000,"height":1500},{"@type":"BreadcrumbList","@id":"https:\/\/whysoseriousstore.com\/longsleeve-heavy-stripes-burgundy\/#breadcrumb","itemListElement":[{"@type":"ListItem","position":1,"name":"Strona g\u0142\u00f3wna","item":"https:\/\/whysoseriousstore.com\/"},{"@type":"ListItem","position":2,"name":"Sklep","item":"https:\/\/whysoseriousstore.com\/sklep\/"},{"@type":"ListItem","position":3,"name":"Longsleeve Heavy Stripes Burgundy"}]},{"@type":"WebSite","@id":"https:\/\/whysoseriousstore.com\/#website","url":"https:\/\/whysoseriousstore.com\/","name":"WHYSOSERIOUS store","description":"","potentialAction":[{"@type":"SearchAction","target":{"@type":"EntryPoint","urlTemplate":"https:\/\/whysoseriousstore.com\/?s={search_term_string}"},"query-input":{"@type":"PropertyValueSpecification","valueRequired":true,"valueName":"search_term_string"}}],"inLanguage":"en-GB"}]}},"_links":{"self":[{"href":"https:\/\/whysoseriousstore.com\/eng\/wp-json\/wp\/v2\/product\/23854","targetHints":{"allow":["GET"]}}],"collection":[{"href":"https:\/\/whysoseriousstore.com\/eng\/wp-json\/wp\/v2\/product"}],"about":[{"href":"https:\/\/whysoseriousstore.com\/eng\/wp-json\/wp\/v2\/types\/product"}],"wp:featuredmedia":[{"embeddable":true,"href":"https:\/\/whysoseriousstore.com\/eng\/wp-json\/wp\/v2\/media\/23864"}],"wp:attachment":[{"href":"https:\/\/whysoseriousstore.com\/eng\/wp-json\/wp\/v2\/media?parent=23854"}],"wp:term":[{"taxonomy":"product_brand","embeddable":true,"href":"https:\/\/whysoseriousstore.com\/eng\/wp-json\/wp\/v2\/product_brand?post=23854"},{"taxonomy":"product_cat","embeddable":true,"href":"https:\/\/whysoseriousstore.com\/eng\/wp-json\/wp\/v2\/product_cat?post=23854"},{"taxonomy":"product_tag","embeddable":true,"href":"https:\/\/whysoseriousstore.com\/eng\/wp-json\/wp\/v2\/product_tag?post=23854"}],"curies":[{"name":"wp","href":"https:\/\/api.w.org\/{rel}","templated":true}]}}