{"id":23983,"date":"2025-10-01T11:24:24","date_gmt":"2025-10-01T09:24:24","guid":{"rendered":"https:\/\/whysoseriousstore.com\/?post_type=product&#038;p=23983"},"modified":"2026-04-30T11:59:19","modified_gmt":"2026-04-30T09:59:19","slug":"czapka-czarna-z-daszkiem-running-club","status":"publish","type":"product","link":"https:\/\/whysoseriousstore.com\/eng\/czapka-czarna-z-daszkiem-running-club\/","title":{"rendered":"Running Club baseball cap"},"content":{"rendered":"<p>Unisex baseball cap in vintage black with a washed effect. Embroidery on the front of the cap. <strong>Running Late Club <\/strong>in ecru. This dark grey baseball cap with perfectly contrasting embroidery is an indispensable part of any outing, casual outfit or morning run. The washed black colour of this cap is a reliable choice that harmonises with a variety of styles and is a great choice for any occasion.  Perfect for coffee with a friend, even if a little late. Our 6-panel design gives the cap an old-school look.<\/p>\n<p><strong>Let's celebrate Running Late Club properly!<\/strong><\/p>\n<p>Unisex model<br \/>\nONESIZE.<br \/>\nThe cap has an adjustable strap with buckle.<\/p>\n<p><strong>Manufactured in the EU<\/strong><\/p>\n<p>Also check out our <a href=\"https:\/\/whysoseriousstore.com\/eng\/bestsellers\/\">bestsellers<\/a>!<br \/>\nVisit us at <a href=\"https:\/\/www.instagram.com\/wss.whysoserious\/\">instagram<\/a>!<\/p>","protected":false},"excerpt":{"rendered":"<p>Czapka z daszkiem unisex w kolorze vintage black z efektem sprania. Z przodu czapki haft Running Late Club w kolorze ecru. Ta ciemno szara czapka z daszkiem z idealnie kontrastuj\u0105cym haftem to nieod\u0142\u0105czny element ka\u017cdego wyjazdu, lu\u017anego outfitu i porannego biegania. Sprany czarny kolor tej czapki to niezawodny wyb\u00f3r, kt\u00f3ry harmonizuje z r\u00f3\u017cnymi stylizacjami i [&hellip;]<\/p>\n","protected":false},"featured_media":26853,"template":"","meta":[],"product_brand":[],"product_cat":[169,141,128,108,127],"product_tag":[],"class_list":{"0":"post-23983","1":"product","2":"type-product","3":"status-publish","4":"has-post-thumbnail","6":"product_cat-gift-guide","7":"product_cat-men","8":"product_cat-dodatki","9":"product_cat-new","10":"product_cat-wszystko","12":"first","13":"instock","14":"taxable","15":"shipping-taxable","16":"purchasable","17":"product-type-simple"},"bundled_by":[],"bundle_stock_status":"instock","bundle_stock_quantity":15,"bundle_virtual":false,"bundle_layout":"","bundle_add_to_cart_form_location":"","bundle_editable_in_cart":false,"bundle_sold_individually_context":"","bundle_item_grouping":"","bundle_min_size":"","bundle_max_size":"","bundle_price":[],"bundled_items":[],"bundle_sell_ids":[],"yoast_head":"<!-- This site is optimized with the Yoast SEO Premium plugin v20.0 (Yoast SEO v26.5) - https:\/\/yoast.com\/wordpress\/plugins\/seo\/ -->\n<title>Czapka z daszkiem Running Club - WHYSOSERIOUS store<\/title>\n<meta name=\"description\" content=\"Czapka czarna z daszkiem z haftem Running Club z przodu. Model o kroju unisex. Poznaj czapki i inne ubrania w stylu streatwear od Whysoserious.\" \/>\n<meta name=\"robots\" content=\"index, follow, max-snippet:-1, max-image-preview:large, max-video-preview:-1\" \/>\n<link rel=\"canonical\" href=\"https:\/\/whysoseriousstore.com\/eng\/czapka-czarna-z-daszkiem-running-club\/\" \/>\n<meta property=\"og:locale\" content=\"en_GB\" \/>\n<meta property=\"og:type\" content=\"article\" \/>\n<meta property=\"og:title\" content=\"Czapka z daszkiem Running Club\" \/>\n<meta property=\"og:description\" content=\"Czapka czarna z daszkiem z haftem Running Club z przodu. Model o kroju unisex. Poznaj czapki i inne ubrania w stylu streatwear od Whysoserious.\" \/>\n<meta property=\"og:url\" content=\"https:\/\/whysoseriousstore.com\/eng\/czapka-czarna-z-daszkiem-running-club\/\" \/>\n<meta property=\"og:site_name\" content=\"WHYSOSERIOUS store\" \/>\n<meta property=\"article:modified_time\" content=\"2026-04-30T09:59:19+00:00\" \/>\n<meta property=\"og:image\" content=\"https:\/\/whysoseriousstore.com\/wp-content\/uploads\/2026\/02\/Czapka-z-daszkiem-szara-Running-Whysoserious.jpg\" \/>\n\t<meta property=\"og:image:width\" content=\"1000\" \/>\n\t<meta property=\"og:image:height\" content=\"1500\" \/>\n\t<meta property=\"og:image:type\" content=\"image\/jpeg\" \/>\n<meta name=\"twitter:card\" content=\"summary_large_image\" \/>\n<meta name=\"twitter:label1\" content=\"Estimated reading time\" \/>\n\t<meta name=\"twitter:data1\" content=\"1 minute\" \/>\n<script type=\"application\/ld+json\" class=\"yoast-schema-graph\">{\"@context\":\"https:\/\/schema.org\",\"@graph\":[{\"@type\":\"WebPage\",\"@id\":\"https:\/\/whysoseriousstore.com\/czapka-czarna-z-daszkiem-running-club\/\",\"url\":\"https:\/\/whysoseriousstore.com\/czapka-czarna-z-daszkiem-running-club\/\",\"name\":\"Czapka z daszkiem Running Club - WHYSOSERIOUS store\",\"isPartOf\":{\"@id\":\"https:\/\/whysoseriousstore.com\/#website\"},\"primaryImageOfPage\":{\"@id\":\"https:\/\/whysoseriousstore.com\/czapka-czarna-z-daszkiem-running-club\/#primaryimage\"},\"image\":{\"@id\":\"https:\/\/whysoseriousstore.com\/czapka-czarna-z-daszkiem-running-club\/#primaryimage\"},\"thumbnailUrl\":\"https:\/\/whysoseriousstore.com\/wp-content\/uploads\/2026\/02\/Czapka-z-daszkiem-szara-Running-Whysoserious.jpg\",\"datePublished\":\"2025-10-01T09:24:24+00:00\",\"dateModified\":\"2026-04-30T09:59:19+00:00\",\"description\":\"Czapka czarna z daszkiem z haftem Running Club z przodu. Model o kroju unisex. Poznaj czapki i inne ubrania w stylu streatwear od Whysoserious.\",\"breadcrumb\":{\"@id\":\"https:\/\/whysoseriousstore.com\/czapka-czarna-z-daszkiem-running-club\/#breadcrumb\"},\"inLanguage\":\"en-GB\",\"potentialAction\":[{\"@type\":\"ReadAction\",\"target\":[\"https:\/\/whysoseriousstore.com\/czapka-czarna-z-daszkiem-running-club\/\"]}]},{\"@type\":\"ImageObject\",\"inLanguage\":\"en-GB\",\"@id\":\"https:\/\/whysoseriousstore.com\/czapka-czarna-z-daszkiem-running-club\/#primaryimage\",\"url\":\"https:\/\/whysoseriousstore.com\/wp-content\/uploads\/2026\/02\/Czapka-z-daszkiem-szara-Running-Whysoserious.jpg\",\"contentUrl\":\"https:\/\/whysoseriousstore.com\/wp-content\/uploads\/2026\/02\/Czapka-z-daszkiem-szara-Running-Whysoserious.jpg\",\"width\":1000,\"height\":1500},{\"@type\":\"BreadcrumbList\",\"@id\":\"https:\/\/whysoseriousstore.com\/czapka-czarna-z-daszkiem-running-club\/#breadcrumb\",\"itemListElement\":[{\"@type\":\"ListItem\",\"position\":1,\"name\":\"Strona g\u0142\u00f3wna\",\"item\":\"https:\/\/whysoseriousstore.com\/\"},{\"@type\":\"ListItem\",\"position\":2,\"name\":\"Sklep\",\"item\":\"https:\/\/whysoseriousstore.com\/sklep\/\"},{\"@type\":\"ListItem\",\"position\":3,\"name\":\"Czapka z daszkiem Running Club\"}]},{\"@type\":\"WebSite\",\"@id\":\"https:\/\/whysoseriousstore.com\/#website\",\"url\":\"https:\/\/whysoseriousstore.com\/\",\"name\":\"WHYSOSERIOUS store\",\"description\":\"\",\"potentialAction\":[{\"@type\":\"SearchAction\",\"target\":{\"@type\":\"EntryPoint\",\"urlTemplate\":\"https:\/\/whysoseriousstore.com\/?s={search_term_string}\"},\"query-input\":{\"@type\":\"PropertyValueSpecification\",\"valueRequired\":true,\"valueName\":\"search_term_string\"}}],\"inLanguage\":\"en-GB\"}]}<\/script>\n<!-- \/ Yoast SEO Premium plugin. -->","yoast_head_json":{"title":"Czapka z daszkiem Running Club - WHYSOSERIOUS store","description":"Czapka czarna z daszkiem z haftem Running Club z przodu. Model o kroju unisex. Poznaj czapki i inne ubrania w stylu streatwear od Whysoserious.","robots":{"index":"index","follow":"follow","max-snippet":"max-snippet:-1","max-image-preview":"max-image-preview:large","max-video-preview":"max-video-preview:-1"},"canonical":"https:\/\/whysoseriousstore.com\/eng\/czapka-czarna-z-daszkiem-running-club\/","og_locale":"en_GB","og_type":"article","og_title":"Czapka z daszkiem Running Club","og_description":"Czapka czarna z daszkiem z haftem Running Club z przodu. Model o kroju unisex. Poznaj czapki i inne ubrania w stylu streatwear od Whysoserious.","og_url":"https:\/\/whysoseriousstore.com\/eng\/czapka-czarna-z-daszkiem-running-club\/","og_site_name":"WHYSOSERIOUS store","article_modified_time":"2026-04-30T09:59:19+00:00","og_image":[{"width":1000,"height":1500,"url":"https:\/\/whysoseriousstore.com\/wp-content\/uploads\/2026\/02\/Czapka-z-daszkiem-szara-Running-Whysoserious.jpg","type":"image\/jpeg"}],"twitter_card":"summary_large_image","twitter_misc":{"Estimated reading time":"1 minute"},"schema":{"@context":"https:\/\/schema.org","@graph":[{"@type":"WebPage","@id":"https:\/\/whysoseriousstore.com\/czapka-czarna-z-daszkiem-running-club\/","url":"https:\/\/whysoseriousstore.com\/czapka-czarna-z-daszkiem-running-club\/","name":"Czapka z daszkiem Running Club - WHYSOSERIOUS store","isPartOf":{"@id":"https:\/\/whysoseriousstore.com\/#website"},"primaryImageOfPage":{"@id":"https:\/\/whysoseriousstore.com\/czapka-czarna-z-daszkiem-running-club\/#primaryimage"},"image":{"@id":"https:\/\/whysoseriousstore.com\/czapka-czarna-z-daszkiem-running-club\/#primaryimage"},"thumbnailUrl":"https:\/\/whysoseriousstore.com\/wp-content\/uploads\/2026\/02\/Czapka-z-daszkiem-szara-Running-Whysoserious.jpg","datePublished":"2025-10-01T09:24:24+00:00","dateModified":"2026-04-30T09:59:19+00:00","description":"Czapka czarna z daszkiem z haftem Running Club z przodu. Model o kroju unisex. Poznaj czapki i inne ubrania w stylu streatwear od Whysoserious.","breadcrumb":{"@id":"https:\/\/whysoseriousstore.com\/czapka-czarna-z-daszkiem-running-club\/#breadcrumb"},"inLanguage":"en-GB","potentialAction":[{"@type":"ReadAction","target":["https:\/\/whysoseriousstore.com\/czapka-czarna-z-daszkiem-running-club\/"]}]},{"@type":"ImageObject","inLanguage":"en-GB","@id":"https:\/\/whysoseriousstore.com\/czapka-czarna-z-daszkiem-running-club\/#primaryimage","url":"https:\/\/whysoseriousstore.com\/wp-content\/uploads\/2026\/02\/Czapka-z-daszkiem-szara-Running-Whysoserious.jpg","contentUrl":"https:\/\/whysoseriousstore.com\/wp-content\/uploads\/2026\/02\/Czapka-z-daszkiem-szara-Running-Whysoserious.jpg","width":1000,"height":1500},{"@type":"BreadcrumbList","@id":"https:\/\/whysoseriousstore.com\/czapka-czarna-z-daszkiem-running-club\/#breadcrumb","itemListElement":[{"@type":"ListItem","position":1,"name":"Strona g\u0142\u00f3wna","item":"https:\/\/whysoseriousstore.com\/"},{"@type":"ListItem","position":2,"name":"Sklep","item":"https:\/\/whysoseriousstore.com\/sklep\/"},{"@type":"ListItem","position":3,"name":"Czapka z daszkiem Running Club"}]},{"@type":"WebSite","@id":"https:\/\/whysoseriousstore.com\/#website","url":"https:\/\/whysoseriousstore.com\/","name":"WHYSOSERIOUS store","description":"","potentialAction":[{"@type":"SearchAction","target":{"@type":"EntryPoint","urlTemplate":"https:\/\/whysoseriousstore.com\/?s={search_term_string}"},"query-input":{"@type":"PropertyValueSpecification","valueRequired":true,"valueName":"search_term_string"}}],"inLanguage":"en-GB"}]}},"_links":{"self":[{"href":"https:\/\/whysoseriousstore.com\/eng\/wp-json\/wp\/v2\/product\/23983","targetHints":{"allow":["GET"]}}],"collection":[{"href":"https:\/\/whysoseriousstore.com\/eng\/wp-json\/wp\/v2\/product"}],"about":[{"href":"https:\/\/whysoseriousstore.com\/eng\/wp-json\/wp\/v2\/types\/product"}],"wp:featuredmedia":[{"embeddable":true,"href":"https:\/\/whysoseriousstore.com\/eng\/wp-json\/wp\/v2\/media\/26853"}],"wp:attachment":[{"href":"https:\/\/whysoseriousstore.com\/eng\/wp-json\/wp\/v2\/media?parent=23983"}],"wp:term":[{"taxonomy":"product_brand","embeddable":true,"href":"https:\/\/whysoseriousstore.com\/eng\/wp-json\/wp\/v2\/product_brand?post=23983"},{"taxonomy":"product_cat","embeddable":true,"href":"https:\/\/whysoseriousstore.com\/eng\/wp-json\/wp\/v2\/product_cat?post=23983"},{"taxonomy":"product_tag","embeddable":true,"href":"https:\/\/whysoseriousstore.com\/eng\/wp-json\/wp\/v2\/product_tag?post=23983"}],"curies":[{"name":"wp","href":"https:\/\/api.w.org\/{rel}","templated":true}]}}