{"id":24247,"date":"2025-10-16T15:21:59","date_gmt":"2025-10-16T13:21:59","guid":{"rendered":"https:\/\/whysoseriousstore.com\/?post_type=product&#038;p=24247"},"modified":"2026-04-28T16:21:39","modified_gmt":"2026-04-28T14:21:39","slug":"koszula-flanelowa-w-krate-malmo","status":"publish","type":"product","link":"https:\/\/whysoseriousstore.com\/eng\/koszula-flanelowa-w-krate-malmo\/","title":{"rendered":"Checked flannel shirt Malmo Onesize"},"content":{"rendered":"<p data-start=\"0\" data-end=\"396\">Checked flannel shirt <strong data-start=\"18\" data-end=\"27\">Malmo<\/strong> is the essence of urban style and timeless classics. Made in 100% from premium cotton, it features a lightweight, soft-to-touch flannel for all-day comfort. The distinctive check pattern in shades of navy and off white adds character, while making it suitable for practically everything from jeans, to shorts and autumn hunters.<\/p>\n<p data-start=\"398\" data-end=\"666\">The loose, oversize fit allows you to play with the form - you can wear it classically buttoned up, layered over a T-shirt or tied at the waist for a more urban look. It's the perfect choice for both casual days and weekend getaways, when comfort and effortless style count.<\/p>\n<p data-start=\"668\" data-end=\"868\">The shirt has been sewn in Poland, in a local tailor's shop, with attention to detail and quality workmanship. This is one of those items of clothing that not only looks good, but also lasts a long time.<\/p>\n<p data-start=\"870\" data-end=\"988\" data-is-last-node=\"\" data-is-only-node=\"\"><strong data-start=\"870\" data-end=\"897\">Malmo flannel shirt<\/strong> is a unique model with a limited slope.<\/p>\n<p><strong>ONESIZE size<br \/>\n<\/strong><strong>100% cotton<\/strong><\/p>\n<p><strong>THE HIGHEST QUALITY, MADE IN POLAND.\u00a0<\/strong><\/p>\n<p><a href=\"https:\/\/whysoseriousstore.com\/eng\/tshirty-damskie\/\">See also our t-shirts!<\/a><br \/>\nVisit us at <a href=\"https:\/\/www.instagram.com\/wss.whysoserious\/\">instagram<\/a> i <a href=\"https:\/\/www.facebook.com\/WSS.whysoserious\">facebook<\/a>.<\/p>","protected":false},"excerpt":{"rendered":"<p>Koszula flanelowa w krat\u0119 Malmo to esencja miejskiego stylu i ponadczasowej klasyki. Uszyta w 100% z wysokogatunkowej bawe\u0142ny, wyr\u00f3\u017cnia si\u0119 lekk\u0105, mi\u0119kk\u0105 w dotyku flanel\u0105, kt\u00f3ra zapewnia komfort noszenia przez ca\u0142y dzie\u0144. Wyrazisty wz\u00f3r w krat\u0119 w odcieniach granatu i off white dodaje jej charakteru, jednocze\u015bnie sprawiaj\u0105c, \u017ce pasuje praktycznie do wszystkiego \u2014 od jeans\u00f3w, [&hellip;]<\/p>\n","protected":false},"featured_media":24261,"template":"","meta":[],"product_brand":[],"product_cat":[166,163,108,127],"product_tag":[],"class_list":{"0":"post-24247","1":"product","2":"type-product","3":"status-publish","4":"has-post-thumbnail","6":"product_cat-kamizelki-i-kurtki","7":"product_cat-koszule","8":"product_cat-new","9":"product_cat-wszystko","11":"first","12":"outofstock","13":"taxable","14":"shipping-taxable","15":"purchasable","16":"product-type-simple"},"bundled_by":[],"bundle_stock_status":"outofstock","bundle_stock_quantity":0,"bundle_virtual":false,"bundle_layout":"","bundle_add_to_cart_form_location":"","bundle_editable_in_cart":false,"bundle_sold_individually_context":"","bundle_item_grouping":"","bundle_min_size":"","bundle_max_size":"","bundle_price":[],"bundled_items":[],"bundle_sell_ids":[],"yoast_head":"<!-- This site is optimized with the Yoast SEO Premium plugin v20.0 (Yoast SEO v26.5) - https:\/\/yoast.com\/wordpress\/plugins\/seo\/ -->\n<title>Koszula flanelowa w krat\u0119 - WHYSOSERIOUS store<\/title>\n<meta name=\"description\" content=\"Koszula flanelowa w krat\u0119 Malmo to esencja miejskiego stylu i ponadczasowej klasyki. Uszyta w 100% z wysokogatunkowej bawe\u0142ny, wyr\u00f3\u017cnia si\u0119 lekk\u0105, mi\u0119kk\u0105 w dotyku flanel\u0105.\" \/>\n<meta name=\"robots\" content=\"index, follow, max-snippet:-1, max-image-preview:large, max-video-preview:-1\" \/>\n<link rel=\"canonical\" href=\"https:\/\/whysoseriousstore.com\/eng\/koszula-flanelowa-w-krate-malmo\/\" \/>\n<meta property=\"og:locale\" content=\"en_GB\" \/>\n<meta property=\"og:type\" content=\"article\" \/>\n<meta property=\"og:title\" content=\"Koszula flanelowa w krat\u0119 Malmo Onesize\" \/>\n<meta property=\"og:description\" content=\"Koszula flanelowa w krat\u0119 Malmo to esencja miejskiego stylu i ponadczasowej klasyki. Uszyta w 100% z wysokogatunkowej bawe\u0142ny, wyr\u00f3\u017cnia si\u0119 lekk\u0105, mi\u0119kk\u0105 w dotyku flanel\u0105.\" \/>\n<meta property=\"og:url\" content=\"https:\/\/whysoseriousstore.com\/eng\/koszula-flanelowa-w-krate-malmo\/\" \/>\n<meta property=\"og:site_name\" content=\"WHYSOSERIOUS store\" \/>\n<meta property=\"article:modified_time\" content=\"2026-04-28T14:21:39+00:00\" \/>\n<meta property=\"og:image\" content=\"https:\/\/whysoseriousstore.com\/wp-content\/uploads\/2025\/10\/Koszula-w-krate-flanelowa-Damska-Whysoserious-4.jpg\" \/>\n\t<meta property=\"og:image:width\" content=\"1000\" \/>\n\t<meta property=\"og:image:height\" content=\"1500\" \/>\n\t<meta property=\"og:image:type\" content=\"image\/jpeg\" \/>\n<meta name=\"twitter:card\" content=\"summary_large_image\" \/>\n<meta name=\"twitter:label1\" content=\"Estimated reading time\" \/>\n\t<meta name=\"twitter:data1\" content=\"2 minutes\" \/>\n<script type=\"application\/ld+json\" class=\"yoast-schema-graph\">{\"@context\":\"https:\/\/schema.org\",\"@graph\":[{\"@type\":\"WebPage\",\"@id\":\"https:\/\/whysoseriousstore.com\/koszula-flanelowa-w-krate-malmo\/\",\"url\":\"https:\/\/whysoseriousstore.com\/koszula-flanelowa-w-krate-malmo\/\",\"name\":\"Koszula flanelowa w krat\u0119 - WHYSOSERIOUS store\",\"isPartOf\":{\"@id\":\"https:\/\/whysoseriousstore.com\/#website\"},\"primaryImageOfPage\":{\"@id\":\"https:\/\/whysoseriousstore.com\/koszula-flanelowa-w-krate-malmo\/#primaryimage\"},\"image\":{\"@id\":\"https:\/\/whysoseriousstore.com\/koszula-flanelowa-w-krate-malmo\/#primaryimage\"},\"thumbnailUrl\":\"https:\/\/whysoseriousstore.com\/wp-content\/uploads\/2025\/10\/Koszula-w-krate-flanelowa-Damska-Whysoserious-4.jpg\",\"datePublished\":\"2025-10-16T13:21:59+00:00\",\"dateModified\":\"2026-04-28T14:21:39+00:00\",\"description\":\"Koszula flanelowa w krat\u0119 Malmo to esencja miejskiego stylu i ponadczasowej klasyki. Uszyta w 100% z wysokogatunkowej bawe\u0142ny, wyr\u00f3\u017cnia si\u0119 lekk\u0105, mi\u0119kk\u0105 w dotyku flanel\u0105.\",\"breadcrumb\":{\"@id\":\"https:\/\/whysoseriousstore.com\/koszula-flanelowa-w-krate-malmo\/#breadcrumb\"},\"inLanguage\":\"en-GB\",\"potentialAction\":[{\"@type\":\"ReadAction\",\"target\":[\"https:\/\/whysoseriousstore.com\/koszula-flanelowa-w-krate-malmo\/\"]}]},{\"@type\":\"ImageObject\",\"inLanguage\":\"en-GB\",\"@id\":\"https:\/\/whysoseriousstore.com\/koszula-flanelowa-w-krate-malmo\/#primaryimage\",\"url\":\"https:\/\/whysoseriousstore.com\/wp-content\/uploads\/2025\/10\/Koszula-w-krate-flanelowa-Damska-Whysoserious-4.jpg\",\"contentUrl\":\"https:\/\/whysoseriousstore.com\/wp-content\/uploads\/2025\/10\/Koszula-w-krate-flanelowa-Damska-Whysoserious-4.jpg\",\"width\":1000,\"height\":1500},{\"@type\":\"BreadcrumbList\",\"@id\":\"https:\/\/whysoseriousstore.com\/koszula-flanelowa-w-krate-malmo\/#breadcrumb\",\"itemListElement\":[{\"@type\":\"ListItem\",\"position\":1,\"name\":\"Strona g\u0142\u00f3wna\",\"item\":\"https:\/\/whysoseriousstore.com\/\"},{\"@type\":\"ListItem\",\"position\":2,\"name\":\"Sklep\",\"item\":\"https:\/\/whysoseriousstore.com\/sklep\/\"},{\"@type\":\"ListItem\",\"position\":3,\"name\":\"Koszula flanelowa w krat\u0119 Malmo Onesize\"}]},{\"@type\":\"WebSite\",\"@id\":\"https:\/\/whysoseriousstore.com\/#website\",\"url\":\"https:\/\/whysoseriousstore.com\/\",\"name\":\"WHYSOSERIOUS store\",\"description\":\"\",\"potentialAction\":[{\"@type\":\"SearchAction\",\"target\":{\"@type\":\"EntryPoint\",\"urlTemplate\":\"https:\/\/whysoseriousstore.com\/?s={search_term_string}\"},\"query-input\":{\"@type\":\"PropertyValueSpecification\",\"valueRequired\":true,\"valueName\":\"search_term_string\"}}],\"inLanguage\":\"en-GB\"}]}<\/script>\n<!-- \/ Yoast SEO Premium plugin. -->","yoast_head_json":{"title":"Koszula flanelowa w krat\u0119 - WHYSOSERIOUS store","description":"Koszula flanelowa w krat\u0119 Malmo to esencja miejskiego stylu i ponadczasowej klasyki. Uszyta w 100% z wysokogatunkowej bawe\u0142ny, wyr\u00f3\u017cnia si\u0119 lekk\u0105, mi\u0119kk\u0105 w dotyku flanel\u0105.","robots":{"index":"index","follow":"follow","max-snippet":"max-snippet:-1","max-image-preview":"max-image-preview:large","max-video-preview":"max-video-preview:-1"},"canonical":"https:\/\/whysoseriousstore.com\/eng\/koszula-flanelowa-w-krate-malmo\/","og_locale":"en_GB","og_type":"article","og_title":"Koszula flanelowa w krat\u0119 Malmo Onesize","og_description":"Koszula flanelowa w krat\u0119 Malmo to esencja miejskiego stylu i ponadczasowej klasyki. Uszyta w 100% z wysokogatunkowej bawe\u0142ny, wyr\u00f3\u017cnia si\u0119 lekk\u0105, mi\u0119kk\u0105 w dotyku flanel\u0105.","og_url":"https:\/\/whysoseriousstore.com\/eng\/koszula-flanelowa-w-krate-malmo\/","og_site_name":"WHYSOSERIOUS store","article_modified_time":"2026-04-28T14:21:39+00:00","og_image":[{"width":1000,"height":1500,"url":"https:\/\/whysoseriousstore.com\/wp-content\/uploads\/2025\/10\/Koszula-w-krate-flanelowa-Damska-Whysoserious-4.jpg","type":"image\/jpeg"}],"twitter_card":"summary_large_image","twitter_misc":{"Estimated reading time":"2 minutes"},"schema":{"@context":"https:\/\/schema.org","@graph":[{"@type":"WebPage","@id":"https:\/\/whysoseriousstore.com\/koszula-flanelowa-w-krate-malmo\/","url":"https:\/\/whysoseriousstore.com\/koszula-flanelowa-w-krate-malmo\/","name":"Koszula flanelowa w krat\u0119 - WHYSOSERIOUS store","isPartOf":{"@id":"https:\/\/whysoseriousstore.com\/#website"},"primaryImageOfPage":{"@id":"https:\/\/whysoseriousstore.com\/koszula-flanelowa-w-krate-malmo\/#primaryimage"},"image":{"@id":"https:\/\/whysoseriousstore.com\/koszula-flanelowa-w-krate-malmo\/#primaryimage"},"thumbnailUrl":"https:\/\/whysoseriousstore.com\/wp-content\/uploads\/2025\/10\/Koszula-w-krate-flanelowa-Damska-Whysoserious-4.jpg","datePublished":"2025-10-16T13:21:59+00:00","dateModified":"2026-04-28T14:21:39+00:00","description":"Koszula flanelowa w krat\u0119 Malmo to esencja miejskiego stylu i ponadczasowej klasyki. Uszyta w 100% z wysokogatunkowej bawe\u0142ny, wyr\u00f3\u017cnia si\u0119 lekk\u0105, mi\u0119kk\u0105 w dotyku flanel\u0105.","breadcrumb":{"@id":"https:\/\/whysoseriousstore.com\/koszula-flanelowa-w-krate-malmo\/#breadcrumb"},"inLanguage":"en-GB","potentialAction":[{"@type":"ReadAction","target":["https:\/\/whysoseriousstore.com\/koszula-flanelowa-w-krate-malmo\/"]}]},{"@type":"ImageObject","inLanguage":"en-GB","@id":"https:\/\/whysoseriousstore.com\/koszula-flanelowa-w-krate-malmo\/#primaryimage","url":"https:\/\/whysoseriousstore.com\/wp-content\/uploads\/2025\/10\/Koszula-w-krate-flanelowa-Damska-Whysoserious-4.jpg","contentUrl":"https:\/\/whysoseriousstore.com\/wp-content\/uploads\/2025\/10\/Koszula-w-krate-flanelowa-Damska-Whysoserious-4.jpg","width":1000,"height":1500},{"@type":"BreadcrumbList","@id":"https:\/\/whysoseriousstore.com\/koszula-flanelowa-w-krate-malmo\/#breadcrumb","itemListElement":[{"@type":"ListItem","position":1,"name":"Strona g\u0142\u00f3wna","item":"https:\/\/whysoseriousstore.com\/"},{"@type":"ListItem","position":2,"name":"Sklep","item":"https:\/\/whysoseriousstore.com\/sklep\/"},{"@type":"ListItem","position":3,"name":"Koszula flanelowa w krat\u0119 Malmo Onesize"}]},{"@type":"WebSite","@id":"https:\/\/whysoseriousstore.com\/#website","url":"https:\/\/whysoseriousstore.com\/","name":"WHYSOSERIOUS store","description":"","potentialAction":[{"@type":"SearchAction","target":{"@type":"EntryPoint","urlTemplate":"https:\/\/whysoseriousstore.com\/?s={search_term_string}"},"query-input":{"@type":"PropertyValueSpecification","valueRequired":true,"valueName":"search_term_string"}}],"inLanguage":"en-GB"}]}},"_links":{"self":[{"href":"https:\/\/whysoseriousstore.com\/eng\/wp-json\/wp\/v2\/product\/24247","targetHints":{"allow":["GET"]}}],"collection":[{"href":"https:\/\/whysoseriousstore.com\/eng\/wp-json\/wp\/v2\/product"}],"about":[{"href":"https:\/\/whysoseriousstore.com\/eng\/wp-json\/wp\/v2\/types\/product"}],"wp:featuredmedia":[{"embeddable":true,"href":"https:\/\/whysoseriousstore.com\/eng\/wp-json\/wp\/v2\/media\/24261"}],"wp:attachment":[{"href":"https:\/\/whysoseriousstore.com\/eng\/wp-json\/wp\/v2\/media?parent=24247"}],"wp:term":[{"taxonomy":"product_brand","embeddable":true,"href":"https:\/\/whysoseriousstore.com\/eng\/wp-json\/wp\/v2\/product_brand?post=24247"},{"taxonomy":"product_cat","embeddable":true,"href":"https:\/\/whysoseriousstore.com\/eng\/wp-json\/wp\/v2\/product_cat?post=24247"},{"taxonomy":"product_tag","embeddable":true,"href":"https:\/\/whysoseriousstore.com\/eng\/wp-json\/wp\/v2\/product_tag?post=24247"}],"curies":[{"name":"wp","href":"https:\/\/api.w.org\/{rel}","templated":true}]}}