{"id":24373,"date":"2025-10-21T20:34:33","date_gmt":"2025-10-21T18:34:33","guid":{"rendered":"https:\/\/whysoseriousstore.com\/?post_type=product&#038;p=24373"},"modified":"2026-04-28T22:47:47","modified_gmt":"2026-04-28T20:47:47","slug":"no-e-mails-t-shirt-burgundy","status":"publish","type":"product","link":"https:\/\/whysoseriousstore.com\/eng\/no-e-mails-t-shirt-burgundy\/","title":{"rendered":"No E-mails T-shirt Burgundy"},"content":{"rendered":"<p data-start=\"174\" data-end=\"484\">Maroon T-shirt <strong data-start=\"190\" data-end=\"204\">No E-mails<\/strong> is a manifesto of ease and balance - perfect for those who know that sometimes the email inbox should go unanswered. The deep burgundy hue adds character and fits perfectly with the autumn climate, while the minimalist print reminds us that relaxation is also productivity.<\/p>\n<p data-start=\"486\" data-end=\"791\">The loose, oversize cut provides complete comfort and freedom of movement, making the T-shirt perfect for both lazing around the house with a coffee in hand and for city walks. Pair it with your favourite jeans, jacket or waistcoat - and you'll create a look that says more than a thousand emails.<\/p>\n<p data-start=\"793\" data-end=\"1031\">Made in Poland from high-quality, soft cotton T-shirt <strong data-start=\"854\" data-end=\"868\">No E-mails<\/strong> is durable, pleasant to the touch and ready for everyday challenges. Subtle stitching <strong data-start=\"950\" data-end=\"966\">WHYSOSERIOUS<\/strong> inside emphasises the attention to detail and unique character of the brand.<\/p>\n<p>The model is 171 cm tall and a size L.<\/p>\n<p><strong>THE HIGHEST QUALITY, MADE IN POLAND.<\/strong><\/p>\n<p><a href=\"https:\/\/whysoseriousstore.com\/eng\/tshirty-damskie\/?v=9b7d173b068d\">See also our sweatshirts!<\/a><br \/>\nVisit us at\u00a0<a href=\"https:\/\/www.instagram.com\/wss.whysoserious\/\">instagram<\/a>\u00a0i\u00a0<a href=\"https:\/\/www.facebook.com\/WSS.whysoserious\">facebook<\/a>.<\/p>","protected":false},"excerpt":{"rendered":"<p>Bordowy T-shirt No E-mails to manifest luzu i r\u00f3wnowagi \u2013 idealny dla tych, kt\u00f3rzy wiedz\u0105, \u017ce czasem skrzynka mailowa powinna pozosta\u0107 bez odpowiedzi. G\u0142\u0119boki, burgundowy odcie\u0144 dodaje charakteru i \u015bwietnie wpisuje si\u0119 w jesienny klimat, a minimalistyczny nadruk przypomina, \u017ce odpoczynek to te\u017c produktywno\u015b\u0107. Lu\u017any, oversize\u2019owy fason zapewnia pe\u0142en komfort i swobod\u0119 ruch\u00f3w, dzi\u0119ki czemu [&hellip;]<\/p>\n","protected":false},"featured_media":24454,"template":"","meta":[],"product_brand":[],"product_cat":[110,127],"product_tag":[],"class_list":{"0":"post-24373","1":"product","2":"type-product","3":"status-publish","4":"has-post-thumbnail","6":"product_cat-tshirty-unisex","7":"product_cat-wszystko","9":"first","10":"instock","11":"taxable","12":"shipping-taxable","13":"purchasable","14":"product-type-variable","15":"has-default-attributes"},"bundled_by":[],"bundle_stock_status":"instock","bundle_stock_quantity":null,"bundle_virtual":false,"bundle_layout":"","bundle_add_to_cart_form_location":"","bundle_editable_in_cart":false,"bundle_sold_individually_context":"","bundle_item_grouping":"","bundle_min_size":"","bundle_max_size":"","bundle_price":[],"bundled_items":[],"bundle_sell_ids":[],"yoast_head":"<!-- This site is optimized with the Yoast SEO Premium plugin v20.0 (Yoast SEO v26.5) - https:\/\/yoast.com\/wordpress\/plugins\/seo\/ -->\n<title>No E-mails T-shirt Burgundy WHYSOSERIOUS store<\/title>\n<meta name=\"description\" content=\"Br\u0105zowy t-shirt No Emails z nadrukiem. Kr\u00f3j oversize, gruba br\u0105zowa bawe\u0142na. Idealne dope\u0142nienie do ka\u017cdej Twojej stylizacji.\" \/>\n<meta name=\"robots\" content=\"index, follow, max-snippet:-1, max-image-preview:large, max-video-preview:-1\" \/>\n<link rel=\"canonical\" href=\"https:\/\/whysoseriousstore.com\/eng\/no-e-mails-t-shirt-burgundy\/\" \/>\n<meta property=\"og:locale\" content=\"en_GB\" \/>\n<meta property=\"og:type\" content=\"article\" \/>\n<meta property=\"og:title\" content=\"No E-mails T-shirt Burgundy\" \/>\n<meta property=\"og:description\" content=\"Br\u0105zowy t-shirt No Emails z nadrukiem. Kr\u00f3j oversize, gruba br\u0105zowa bawe\u0142na. Idealne dope\u0142nienie do ka\u017cdej Twojej stylizacji.\" \/>\n<meta property=\"og:url\" content=\"https:\/\/whysoseriousstore.com\/eng\/no-e-mails-t-shirt-burgundy\/\" \/>\n<meta property=\"og:site_name\" content=\"WHYSOSERIOUS store\" \/>\n<meta property=\"article:modified_time\" content=\"2026-04-28T20:47:47+00:00\" \/>\n<meta property=\"og:image\" content=\"https:\/\/whysoseriousstore.com\/wp-content\/uploads\/2025\/10\/IMG_7312.jpg\" \/>\n\t<meta property=\"og:image:width\" content=\"1000\" \/>\n\t<meta property=\"og:image:height\" content=\"1500\" \/>\n\t<meta property=\"og:image:type\" content=\"image\/jpeg\" \/>\n<meta name=\"twitter:card\" content=\"summary_large_image\" \/>\n<meta name=\"twitter:label1\" content=\"Estimated reading time\" \/>\n\t<meta name=\"twitter:data1\" content=\"2 minutes\" \/>\n<script type=\"application\/ld+json\" class=\"yoast-schema-graph\">{\"@context\":\"https:\/\/schema.org\",\"@graph\":[{\"@type\":\"WebPage\",\"@id\":\"https:\/\/whysoseriousstore.com\/no-e-mails-t-shirt-burgundy\/\",\"url\":\"https:\/\/whysoseriousstore.com\/no-e-mails-t-shirt-burgundy\/\",\"name\":\"No E-mails T-shirt Burgundy WHYSOSERIOUS store\",\"isPartOf\":{\"@id\":\"https:\/\/whysoseriousstore.com\/#website\"},\"primaryImageOfPage\":{\"@id\":\"https:\/\/whysoseriousstore.com\/no-e-mails-t-shirt-burgundy\/#primaryimage\"},\"image\":{\"@id\":\"https:\/\/whysoseriousstore.com\/no-e-mails-t-shirt-burgundy\/#primaryimage\"},\"thumbnailUrl\":\"https:\/\/whysoseriousstore.com\/wp-content\/uploads\/2025\/10\/IMG_7312.jpg\",\"datePublished\":\"2025-10-21T18:34:33+00:00\",\"dateModified\":\"2026-04-28T20:47:47+00:00\",\"description\":\"Br\u0105zowy t-shirt No Emails z nadrukiem. Kr\u00f3j oversize, gruba br\u0105zowa bawe\u0142na. Idealne dope\u0142nienie do ka\u017cdej Twojej stylizacji.\",\"breadcrumb\":{\"@id\":\"https:\/\/whysoseriousstore.com\/no-e-mails-t-shirt-burgundy\/#breadcrumb\"},\"inLanguage\":\"en-GB\",\"potentialAction\":[{\"@type\":\"ReadAction\",\"target\":[\"https:\/\/whysoseriousstore.com\/no-e-mails-t-shirt-burgundy\/\"]}]},{\"@type\":\"ImageObject\",\"inLanguage\":\"en-GB\",\"@id\":\"https:\/\/whysoseriousstore.com\/no-e-mails-t-shirt-burgundy\/#primaryimage\",\"url\":\"https:\/\/whysoseriousstore.com\/wp-content\/uploads\/2025\/10\/IMG_7312.jpg\",\"contentUrl\":\"https:\/\/whysoseriousstore.com\/wp-content\/uploads\/2025\/10\/IMG_7312.jpg\",\"width\":1000,\"height\":1500},{\"@type\":\"BreadcrumbList\",\"@id\":\"https:\/\/whysoseriousstore.com\/no-e-mails-t-shirt-burgundy\/#breadcrumb\",\"itemListElement\":[{\"@type\":\"ListItem\",\"position\":1,\"name\":\"Strona g\u0142\u00f3wna\",\"item\":\"https:\/\/whysoseriousstore.com\/\"},{\"@type\":\"ListItem\",\"position\":2,\"name\":\"Sklep\",\"item\":\"https:\/\/whysoseriousstore.com\/sklep\/\"},{\"@type\":\"ListItem\",\"position\":3,\"name\":\"No E-mails T-shirt Burgundy\"}]},{\"@type\":\"WebSite\",\"@id\":\"https:\/\/whysoseriousstore.com\/#website\",\"url\":\"https:\/\/whysoseriousstore.com\/\",\"name\":\"WHYSOSERIOUS store\",\"description\":\"\",\"potentialAction\":[{\"@type\":\"SearchAction\",\"target\":{\"@type\":\"EntryPoint\",\"urlTemplate\":\"https:\/\/whysoseriousstore.com\/?s={search_term_string}\"},\"query-input\":{\"@type\":\"PropertyValueSpecification\",\"valueRequired\":true,\"valueName\":\"search_term_string\"}}],\"inLanguage\":\"en-GB\"}]}<\/script>\n<!-- \/ Yoast SEO Premium plugin. -->","yoast_head_json":{"title":"No E-mails T-shirt Burgundy WHYSOSERIOUS store","description":"Br\u0105zowy t-shirt No Emails z nadrukiem. Kr\u00f3j oversize, gruba br\u0105zowa bawe\u0142na. Idealne dope\u0142nienie do ka\u017cdej Twojej stylizacji.","robots":{"index":"index","follow":"follow","max-snippet":"max-snippet:-1","max-image-preview":"max-image-preview:large","max-video-preview":"max-video-preview:-1"},"canonical":"https:\/\/whysoseriousstore.com\/eng\/no-e-mails-t-shirt-burgundy\/","og_locale":"en_GB","og_type":"article","og_title":"No E-mails T-shirt Burgundy","og_description":"Br\u0105zowy t-shirt No Emails z nadrukiem. Kr\u00f3j oversize, gruba br\u0105zowa bawe\u0142na. Idealne dope\u0142nienie do ka\u017cdej Twojej stylizacji.","og_url":"https:\/\/whysoseriousstore.com\/eng\/no-e-mails-t-shirt-burgundy\/","og_site_name":"WHYSOSERIOUS store","article_modified_time":"2026-04-28T20:47:47+00:00","og_image":[{"width":1000,"height":1500,"url":"https:\/\/whysoseriousstore.com\/wp-content\/uploads\/2025\/10\/IMG_7312.jpg","type":"image\/jpeg"}],"twitter_card":"summary_large_image","twitter_misc":{"Estimated reading time":"2 minutes"},"schema":{"@context":"https:\/\/schema.org","@graph":[{"@type":"WebPage","@id":"https:\/\/whysoseriousstore.com\/no-e-mails-t-shirt-burgundy\/","url":"https:\/\/whysoseriousstore.com\/no-e-mails-t-shirt-burgundy\/","name":"No E-mails T-shirt Burgundy WHYSOSERIOUS store","isPartOf":{"@id":"https:\/\/whysoseriousstore.com\/#website"},"primaryImageOfPage":{"@id":"https:\/\/whysoseriousstore.com\/no-e-mails-t-shirt-burgundy\/#primaryimage"},"image":{"@id":"https:\/\/whysoseriousstore.com\/no-e-mails-t-shirt-burgundy\/#primaryimage"},"thumbnailUrl":"https:\/\/whysoseriousstore.com\/wp-content\/uploads\/2025\/10\/IMG_7312.jpg","datePublished":"2025-10-21T18:34:33+00:00","dateModified":"2026-04-28T20:47:47+00:00","description":"Br\u0105zowy t-shirt No Emails z nadrukiem. Kr\u00f3j oversize, gruba br\u0105zowa bawe\u0142na. Idealne dope\u0142nienie do ka\u017cdej Twojej stylizacji.","breadcrumb":{"@id":"https:\/\/whysoseriousstore.com\/no-e-mails-t-shirt-burgundy\/#breadcrumb"},"inLanguage":"en-GB","potentialAction":[{"@type":"ReadAction","target":["https:\/\/whysoseriousstore.com\/no-e-mails-t-shirt-burgundy\/"]}]},{"@type":"ImageObject","inLanguage":"en-GB","@id":"https:\/\/whysoseriousstore.com\/no-e-mails-t-shirt-burgundy\/#primaryimage","url":"https:\/\/whysoseriousstore.com\/wp-content\/uploads\/2025\/10\/IMG_7312.jpg","contentUrl":"https:\/\/whysoseriousstore.com\/wp-content\/uploads\/2025\/10\/IMG_7312.jpg","width":1000,"height":1500},{"@type":"BreadcrumbList","@id":"https:\/\/whysoseriousstore.com\/no-e-mails-t-shirt-burgundy\/#breadcrumb","itemListElement":[{"@type":"ListItem","position":1,"name":"Strona g\u0142\u00f3wna","item":"https:\/\/whysoseriousstore.com\/"},{"@type":"ListItem","position":2,"name":"Sklep","item":"https:\/\/whysoseriousstore.com\/sklep\/"},{"@type":"ListItem","position":3,"name":"No E-mails T-shirt Burgundy"}]},{"@type":"WebSite","@id":"https:\/\/whysoseriousstore.com\/#website","url":"https:\/\/whysoseriousstore.com\/","name":"WHYSOSERIOUS store","description":"","potentialAction":[{"@type":"SearchAction","target":{"@type":"EntryPoint","urlTemplate":"https:\/\/whysoseriousstore.com\/?s={search_term_string}"},"query-input":{"@type":"PropertyValueSpecification","valueRequired":true,"valueName":"search_term_string"}}],"inLanguage":"en-GB"}]}},"_links":{"self":[{"href":"https:\/\/whysoseriousstore.com\/eng\/wp-json\/wp\/v2\/product\/24373","targetHints":{"allow":["GET"]}}],"collection":[{"href":"https:\/\/whysoseriousstore.com\/eng\/wp-json\/wp\/v2\/product"}],"about":[{"href":"https:\/\/whysoseriousstore.com\/eng\/wp-json\/wp\/v2\/types\/product"}],"wp:featuredmedia":[{"embeddable":true,"href":"https:\/\/whysoseriousstore.com\/eng\/wp-json\/wp\/v2\/media\/24454"}],"wp:attachment":[{"href":"https:\/\/whysoseriousstore.com\/eng\/wp-json\/wp\/v2\/media?parent=24373"}],"wp:term":[{"taxonomy":"product_brand","embeddable":true,"href":"https:\/\/whysoseriousstore.com\/eng\/wp-json\/wp\/v2\/product_brand?post=24373"},{"taxonomy":"product_cat","embeddable":true,"href":"https:\/\/whysoseriousstore.com\/eng\/wp-json\/wp\/v2\/product_cat?post=24373"},{"taxonomy":"product_tag","embeddable":true,"href":"https:\/\/whysoseriousstore.com\/eng\/wp-json\/wp\/v2\/product_tag?post=24373"}],"curies":[{"name":"wp","href":"https:\/\/api.w.org\/{rel}","templated":true}]}}