{"id":24388,"date":"2025-10-21T21:00:21","date_gmt":"2025-10-21T19:00:21","guid":{"rendered":"https:\/\/whysoseriousstore.com\/?post_type=product&#038;p=24388"},"modified":"2026-04-30T10:55:37","modified_gmt":"2026-04-30T08:55:37","slug":"mountain-grafitowy-longsleeve","status":"publish","type":"product","link":"https:\/\/whysoseriousstore.com\/eng\/mountain-grafitowy-longsleeve\/","title":{"rendered":"Mountain Graphite Longsleeve"},"content":{"rendered":"<p data-start=\"159\" data-end=\"428\">Graphite longsleeve <strong data-start=\"180\" data-end=\"192\">Mountain<\/strong> is a nod to endless climbing and watching beautiful sunsets in the mountains. The muted, dark grey hue evokes cool mornings in the mountains and the smell of fresh air, while the minimalist print in off white Find me in the Mountains completes the whole look.<\/p>\n<p data-start=\"430\" data-end=\"737\">With its wider fit and soft, high-quality cotton, this longsleeve is perfect for any situation - from weekend getaways to casual days out on the town. Simply pair it with your favourite jeans or a wool waistcoat to create a look with character and a touch of adventure.<\/p>\n<p data-start=\"739\" data-end=\"963\">Made in Poland with attention to every detail, <strong data-start=\"782\" data-end=\"805\">Mountain Longsleeve<\/strong> is pleasant to the touch, durable and ready for everyday challenges. Subtle stitching <strong data-start=\"887\" data-end=\"903\">WHYSOSERIOUS<\/strong> inside completes the whole and emphasises the unique style of the brand.<\/p>\n<p data-start=\"965\" data-end=\"1048\">It's not just a longsleeve - it's an invitation to catch your breath and move ahead.<\/p>\n<p data-start=\"1008\" data-end=\"1051\">The model is 171 cm tall and wears a size M.<\/p>\n<p data-start=\"1053\" data-end=\"1093\"><strong data-start=\"1053\" data-end=\"1093\">THE HIGHEST QUALITY, MADE IN POLAND.<\/strong><\/p>\n<p><a href=\"https:\/\/whysoseriousstore.com\/eng\/tshirty-damskie\/?v=9b7d173b068d\">See also our sweatshirts!<\/a><br \/>\nVisit us at\u00a0<a href=\"https:\/\/www.instagram.com\/wss.whysoserious\/\">instagram<\/a>\u00a0i\u00a0<a href=\"https:\/\/www.facebook.com\/WSS.whysoserious\">facebook<\/a>.<\/p>","protected":false},"excerpt":{"rendered":"<p>Grafitowy longsleeve Mountain to uk\u0142on w stron\u0119 nieko\u0144cz\u0105cych si\u0119 wspinaczek i obserwowania pi\u0119knych zachod\u00f3w s\u0142o\u0144ca w g\u00f3rach. Stonowany, ciemnoszary odcie\u0144 przywo\u0142uje ch\u0142odne poranki w g\u00f3rach i zapach \u015bwie\u017cego powietrza, a minimalistyczny nadruk w kolorze off white Find me in the Mountains uzupe\u0142nia ca\u0142y look. Szerszy kr\u00f3j i mi\u0119kka, wysokogatunkowa bawe\u0142na sprawiaj\u0105, \u017ce ten longsleeve idealnie [&hellip;]<\/p>\n","protected":false},"featured_media":24480,"template":"","meta":[],"product_brand":[],"product_cat":[164,180,110,127],"product_tag":[],"class_list":{"0":"post-24388","1":"product","2":"type-product","3":"status-publish","4":"has-post-thumbnail","6":"product_cat-longsleeve","7":"product_cat-spring-sale","8":"product_cat-tshirty-unisex","9":"product_cat-wszystko","11":"first","12":"instock","13":"sale","14":"taxable","15":"shipping-taxable","16":"purchasable","17":"product-type-variable","18":"has-default-attributes"},"bundled_by":[],"bundle_stock_status":"instock","bundle_stock_quantity":null,"bundle_virtual":false,"bundle_layout":"","bundle_add_to_cart_form_location":"","bundle_editable_in_cart":false,"bundle_sold_individually_context":"","bundle_item_grouping":"","bundle_min_size":"","bundle_max_size":"","bundle_price":[],"bundled_items":[],"bundle_sell_ids":[],"yoast_head":"<!-- This site is optimized with the Yoast SEO Premium plugin v20.0 (Yoast SEO v26.5) - https:\/\/yoast.com\/wordpress\/plugins\/seo\/ -->\n<title>Mountain Grafitowy Longsleeve - WHYSOSERIOUS store<\/title>\n<meta name=\"description\" content=\"Grafitowy bawe\u0142niany longsleeve Mountain to idealny dodatek do Twojej garderoby. Pasuje do wielu stylizacji i stanowi jej dope\u0142nienie.\" \/>\n<meta name=\"robots\" content=\"index, follow, max-snippet:-1, max-image-preview:large, max-video-preview:-1\" \/>\n<link rel=\"canonical\" href=\"https:\/\/whysoseriousstore.com\/eng\/mountain-grafitowy-longsleeve\/\" \/>\n<meta property=\"og:locale\" content=\"en_GB\" \/>\n<meta property=\"og:type\" content=\"article\" \/>\n<meta property=\"og:title\" content=\"Mountain Grafitowy Longsleeve\" \/>\n<meta property=\"og:description\" content=\"Grafitowy bawe\u0142niany longsleeve Mountain to idealny dodatek do Twojej garderoby. Pasuje do wielu stylizacji i stanowi jej dope\u0142nienie.\" \/>\n<meta property=\"og:url\" content=\"https:\/\/whysoseriousstore.com\/eng\/mountain-grafitowy-longsleeve\/\" \/>\n<meta property=\"og:site_name\" content=\"WHYSOSERIOUS store\" \/>\n<meta property=\"article:modified_time\" content=\"2026-04-30T08:55:37+00:00\" \/>\n<meta property=\"og:image\" content=\"https:\/\/whysoseriousstore.com\/wp-content\/uploads\/2025\/10\/Longsleeve-Damski-Mountains-Niebieski-Whysoserious-3.jpg\" \/>\n\t<meta property=\"og:image:width\" content=\"1000\" \/>\n\t<meta property=\"og:image:height\" content=\"1500\" \/>\n\t<meta property=\"og:image:type\" content=\"image\/jpeg\" \/>\n<meta name=\"twitter:card\" content=\"summary_large_image\" \/>\n<meta name=\"twitter:label1\" content=\"Estimated reading time\" \/>\n\t<meta name=\"twitter:data1\" content=\"2 minutes\" \/>\n<script type=\"application\/ld+json\" class=\"yoast-schema-graph\">{\"@context\":\"https:\/\/schema.org\",\"@graph\":[{\"@type\":\"WebPage\",\"@id\":\"https:\/\/whysoseriousstore.com\/mountain-grafitowy-longsleeve\/\",\"url\":\"https:\/\/whysoseriousstore.com\/mountain-grafitowy-longsleeve\/\",\"name\":\"Mountain Grafitowy Longsleeve - WHYSOSERIOUS store\",\"isPartOf\":{\"@id\":\"https:\/\/whysoseriousstore.com\/#website\"},\"primaryImageOfPage\":{\"@id\":\"https:\/\/whysoseriousstore.com\/mountain-grafitowy-longsleeve\/#primaryimage\"},\"image\":{\"@id\":\"https:\/\/whysoseriousstore.com\/mountain-grafitowy-longsleeve\/#primaryimage\"},\"thumbnailUrl\":\"https:\/\/whysoseriousstore.com\/wp-content\/uploads\/2025\/10\/Longsleeve-Damski-Mountains-Niebieski-Whysoserious-3.jpg\",\"datePublished\":\"2025-10-21T19:00:21+00:00\",\"dateModified\":\"2026-04-30T08:55:37+00:00\",\"description\":\"Grafitowy bawe\u0142niany longsleeve Mountain to idealny dodatek do Twojej garderoby. Pasuje do wielu stylizacji i stanowi jej dope\u0142nienie.\",\"breadcrumb\":{\"@id\":\"https:\/\/whysoseriousstore.com\/mountain-grafitowy-longsleeve\/#breadcrumb\"},\"inLanguage\":\"en-GB\",\"potentialAction\":[{\"@type\":\"ReadAction\",\"target\":[\"https:\/\/whysoseriousstore.com\/mountain-grafitowy-longsleeve\/\"]}]},{\"@type\":\"ImageObject\",\"inLanguage\":\"en-GB\",\"@id\":\"https:\/\/whysoseriousstore.com\/mountain-grafitowy-longsleeve\/#primaryimage\",\"url\":\"https:\/\/whysoseriousstore.com\/wp-content\/uploads\/2025\/10\/Longsleeve-Damski-Mountains-Niebieski-Whysoserious-3.jpg\",\"contentUrl\":\"https:\/\/whysoseriousstore.com\/wp-content\/uploads\/2025\/10\/Longsleeve-Damski-Mountains-Niebieski-Whysoserious-3.jpg\",\"width\":1000,\"height\":1500},{\"@type\":\"BreadcrumbList\",\"@id\":\"https:\/\/whysoseriousstore.com\/mountain-grafitowy-longsleeve\/#breadcrumb\",\"itemListElement\":[{\"@type\":\"ListItem\",\"position\":1,\"name\":\"Strona g\u0142\u00f3wna\",\"item\":\"https:\/\/whysoseriousstore.com\/\"},{\"@type\":\"ListItem\",\"position\":2,\"name\":\"Sklep\",\"item\":\"https:\/\/whysoseriousstore.com\/sklep\/\"},{\"@type\":\"ListItem\",\"position\":3,\"name\":\"Mountain Grafitowy Longsleeve\"}]},{\"@type\":\"WebSite\",\"@id\":\"https:\/\/whysoseriousstore.com\/#website\",\"url\":\"https:\/\/whysoseriousstore.com\/\",\"name\":\"WHYSOSERIOUS store\",\"description\":\"\",\"potentialAction\":[{\"@type\":\"SearchAction\",\"target\":{\"@type\":\"EntryPoint\",\"urlTemplate\":\"https:\/\/whysoseriousstore.com\/?s={search_term_string}\"},\"query-input\":{\"@type\":\"PropertyValueSpecification\",\"valueRequired\":true,\"valueName\":\"search_term_string\"}}],\"inLanguage\":\"en-GB\"}]}<\/script>\n<!-- \/ Yoast SEO Premium plugin. -->","yoast_head_json":{"title":"Mountain Grafitowy Longsleeve - WHYSOSERIOUS store","description":"Grafitowy bawe\u0142niany longsleeve Mountain to idealny dodatek do Twojej garderoby. Pasuje do wielu stylizacji i stanowi jej dope\u0142nienie.","robots":{"index":"index","follow":"follow","max-snippet":"max-snippet:-1","max-image-preview":"max-image-preview:large","max-video-preview":"max-video-preview:-1"},"canonical":"https:\/\/whysoseriousstore.com\/eng\/mountain-grafitowy-longsleeve\/","og_locale":"en_GB","og_type":"article","og_title":"Mountain Grafitowy Longsleeve","og_description":"Grafitowy bawe\u0142niany longsleeve Mountain to idealny dodatek do Twojej garderoby. Pasuje do wielu stylizacji i stanowi jej dope\u0142nienie.","og_url":"https:\/\/whysoseriousstore.com\/eng\/mountain-grafitowy-longsleeve\/","og_site_name":"WHYSOSERIOUS store","article_modified_time":"2026-04-30T08:55:37+00:00","og_image":[{"width":1000,"height":1500,"url":"https:\/\/whysoseriousstore.com\/wp-content\/uploads\/2025\/10\/Longsleeve-Damski-Mountains-Niebieski-Whysoserious-3.jpg","type":"image\/jpeg"}],"twitter_card":"summary_large_image","twitter_misc":{"Estimated reading time":"2 minutes"},"schema":{"@context":"https:\/\/schema.org","@graph":[{"@type":"WebPage","@id":"https:\/\/whysoseriousstore.com\/mountain-grafitowy-longsleeve\/","url":"https:\/\/whysoseriousstore.com\/mountain-grafitowy-longsleeve\/","name":"Mountain Grafitowy Longsleeve - WHYSOSERIOUS store","isPartOf":{"@id":"https:\/\/whysoseriousstore.com\/#website"},"primaryImageOfPage":{"@id":"https:\/\/whysoseriousstore.com\/mountain-grafitowy-longsleeve\/#primaryimage"},"image":{"@id":"https:\/\/whysoseriousstore.com\/mountain-grafitowy-longsleeve\/#primaryimage"},"thumbnailUrl":"https:\/\/whysoseriousstore.com\/wp-content\/uploads\/2025\/10\/Longsleeve-Damski-Mountains-Niebieski-Whysoserious-3.jpg","datePublished":"2025-10-21T19:00:21+00:00","dateModified":"2026-04-30T08:55:37+00:00","description":"Grafitowy bawe\u0142niany longsleeve Mountain to idealny dodatek do Twojej garderoby. Pasuje do wielu stylizacji i stanowi jej dope\u0142nienie.","breadcrumb":{"@id":"https:\/\/whysoseriousstore.com\/mountain-grafitowy-longsleeve\/#breadcrumb"},"inLanguage":"en-GB","potentialAction":[{"@type":"ReadAction","target":["https:\/\/whysoseriousstore.com\/mountain-grafitowy-longsleeve\/"]}]},{"@type":"ImageObject","inLanguage":"en-GB","@id":"https:\/\/whysoseriousstore.com\/mountain-grafitowy-longsleeve\/#primaryimage","url":"https:\/\/whysoseriousstore.com\/wp-content\/uploads\/2025\/10\/Longsleeve-Damski-Mountains-Niebieski-Whysoserious-3.jpg","contentUrl":"https:\/\/whysoseriousstore.com\/wp-content\/uploads\/2025\/10\/Longsleeve-Damski-Mountains-Niebieski-Whysoserious-3.jpg","width":1000,"height":1500},{"@type":"BreadcrumbList","@id":"https:\/\/whysoseriousstore.com\/mountain-grafitowy-longsleeve\/#breadcrumb","itemListElement":[{"@type":"ListItem","position":1,"name":"Strona g\u0142\u00f3wna","item":"https:\/\/whysoseriousstore.com\/"},{"@type":"ListItem","position":2,"name":"Sklep","item":"https:\/\/whysoseriousstore.com\/sklep\/"},{"@type":"ListItem","position":3,"name":"Mountain Grafitowy Longsleeve"}]},{"@type":"WebSite","@id":"https:\/\/whysoseriousstore.com\/#website","url":"https:\/\/whysoseriousstore.com\/","name":"WHYSOSERIOUS store","description":"","potentialAction":[{"@type":"SearchAction","target":{"@type":"EntryPoint","urlTemplate":"https:\/\/whysoseriousstore.com\/?s={search_term_string}"},"query-input":{"@type":"PropertyValueSpecification","valueRequired":true,"valueName":"search_term_string"}}],"inLanguage":"en-GB"}]}},"_links":{"self":[{"href":"https:\/\/whysoseriousstore.com\/eng\/wp-json\/wp\/v2\/product\/24388","targetHints":{"allow":["GET"]}}],"collection":[{"href":"https:\/\/whysoseriousstore.com\/eng\/wp-json\/wp\/v2\/product"}],"about":[{"href":"https:\/\/whysoseriousstore.com\/eng\/wp-json\/wp\/v2\/types\/product"}],"wp:featuredmedia":[{"embeddable":true,"href":"https:\/\/whysoseriousstore.com\/eng\/wp-json\/wp\/v2\/media\/24480"}],"wp:attachment":[{"href":"https:\/\/whysoseriousstore.com\/eng\/wp-json\/wp\/v2\/media?parent=24388"}],"wp:term":[{"taxonomy":"product_brand","embeddable":true,"href":"https:\/\/whysoseriousstore.com\/eng\/wp-json\/wp\/v2\/product_brand?post=24388"},{"taxonomy":"product_cat","embeddable":true,"href":"https:\/\/whysoseriousstore.com\/eng\/wp-json\/wp\/v2\/product_cat?post=24388"},{"taxonomy":"product_tag","embeddable":true,"href":"https:\/\/whysoseriousstore.com\/eng\/wp-json\/wp\/v2\/product_tag?post=24388"}],"curies":[{"name":"wp","href":"https:\/\/api.w.org\/{rel}","templated":true}]}}