{"id":24644,"date":"2025-11-13T13:00:21","date_gmt":"2025-11-13T12:00:21","guid":{"rendered":"https:\/\/whysoseriousstore.com\/?post_type=product&#038;p=24644"},"modified":"2026-04-28T22:43:24","modified_gmt":"2026-04-28T20:43:24","slug":"kurtka-merino-wool-anorak-ecru","status":"publish","type":"product","link":"https:\/\/whysoseriousstore.com\/eng\/kurtka-merino-wool-anorak-ecru\/","title":{"rendered":"Merino Wool Anorak Ecru Jacket"},"content":{"rendered":"<p data-start=\"199\" data-end=\"561\"><strong>Merino Wool Anorak Jacket<\/strong> in ecru is a combination of functionality and urban casualness. Created for those who appreciate classics at their best, high quality materials and timeless design. Refined to the smallest detail, it is trimmed with 100% cotton inside.<\/p>\n<p data-start=\"199\" data-end=\"561\">Ecru is a shade that illuminates styling and brings subtlety - it goes with everything and makes any look classy.<\/p>\n<p data-start=\"199\" data-end=\"561\">The ribbed hem and sleeves accentuate the silhouette and give the sweatshirt an oversized, fluffy shape.<\/p>\n<p data-start=\"199\" data-end=\"561\">Contrasting,<strong> navy blue piping<\/strong> at the zip and pockets adds a colourful accent that complements the high quality of the <strong>zipper with ribbon in dusty pink<\/strong>.<\/p>\n<p data-start=\"563\" data-end=\"915\">This anorak isn't just a jacket - it's a well-thought-out wardrobe piece that will work in the city, on the road and in nature. The loose, slightly oversized cut allows for comfortable layering, and the minimalist cut makes the whole look extremely modern. You can wear it over a sweatshirt, turtleneck, t-shirt or longsleeve - it always looks good and natural.<\/p>\n<p data-start=\"917\" data-end=\"1088\">Functionality? Of course. <strong>Practical pockets<\/strong> on the front will hold your essentials and the soft woollen trim on the inside will add comfort on colder days.<\/p>\n<p data-start=\"1090\" data-end=\"1402\">The material is of the highest quality <strong data-start=\"1121\" data-end=\"1142\">100% merino wool<\/strong> - Warm, breathable, durable and friendly to the skin, even sensitive skin. Merino has antibacterial and self-cleaning properties, so the jacket stays fresh for a long time. On the inside it is soft and pleasant to the touch - zero scratching, just natural comfort.<\/p>\n<p data-start=\"1404\" data-end=\"1699\">This is a jacket - a sweatshirt for people who like a combination of style, comfort and awareness. The versatile cut and muted colour mean it will be your favourite choice for many seasons to come - whether you're heading out for a stroll in the city, a weekend out of town or a morning coffee at your favourite coffee shop.<\/p>\n<p data-start=\"1701\" data-end=\"1871\">Sustainable design, local production and quality that stays with you for a long time - that's how we create at <strong data-start=\"1806\" data-end=\"1822\">WHYSOSERIOUS<\/strong>. Thank you for being part of this story. \u2665<\/p>\n<p><strong>THE HIGHEST QUALITY, MADE IN POLAND.\u00a0<\/strong><\/p>\n<p><a href=\"https:\/\/whysoseriousstore.com\/eng\/tshirty-damskie\/\">See also our t-shirts!<\/a><br \/>\nVisit us at <a href=\"https:\/\/www.instagram.com\/wss.whysoserious\/\">instagram<\/a> i <a href=\"https:\/\/www.facebook.com\/WSS.whysoserious\">facebook<\/a>.<\/p>","protected":false},"excerpt":{"rendered":"<p>Kurtka Merino Wool Anorak w kolorze Ecru to po\u0142\u0105czenie\u00a0 funkcjonalno\u015bci i miejskiego luzu. Stworzona dla tych, kt\u00f3rzy ceni\u0105 sobie klasyk\u0119 w najlepszym wydaniu, wysok\u0105 jako\u015b\u0107 materia\u0142\u00f3w i ponadczasowy design. Dopracowana w najmniejszym szczeg\u00f3le, w \u015brodku wyko\u0144czona lam\u00f3wk\u0105 ze 100% bawe\u0142ny. Ecru to odcie\u0144, kt\u00f3ry roz\u015bwietla stylizacj\u0119 i wprowadza subtelno\u015b\u0107 \u2013 pasuje do wszystkiego i sprawia, [&hellip;]<\/p>\n","protected":false},"featured_media":24738,"template":"","meta":[],"product_brand":[],"product_cat":[166,111,108,107,127],"product_tag":[],"class_list":{"0":"post-24644","1":"product","2":"type-product","3":"status-publish","4":"has-post-thumbnail","6":"product_cat-kamizelki-i-kurtki","7":"product_cat-bluzy-unisex","8":"product_cat-new","9":"product_cat-bestsellers","10":"product_cat-wszystko","12":"first","13":"instock","14":"taxable","15":"shipping-taxable","16":"purchasable","17":"product-type-variable","18":"has-default-attributes"},"bundled_by":[],"bundle_stock_status":"instock","bundle_stock_quantity":null,"bundle_virtual":false,"bundle_layout":"","bundle_add_to_cart_form_location":"","bundle_editable_in_cart":false,"bundle_sold_individually_context":"","bundle_item_grouping":"","bundle_min_size":"","bundle_max_size":"","bundle_price":[],"bundled_items":[],"bundle_sell_ids":[],"yoast_head":"<!-- This site is optimized with the Yoast SEO Premium plugin v20.0 (Yoast SEO v26.5) - https:\/\/yoast.com\/wordpress\/plugins\/seo\/ -->\n<title>Kurtka Merino Wool Anorak Ecru - WHYSOSERIOUS store<\/title>\n<meta name=\"description\" content=\"Kurtka Merino Wool Anorak Ecru wykonana ze 100% we\u0142ny merino z mi\u0119kkim wyko\u0144czeniem od spodu. Idealne dope\u0142nienie ka\u017cdej stylizacji.\" \/>\n<meta name=\"robots\" content=\"index, follow, max-snippet:-1, max-image-preview:large, max-video-preview:-1\" \/>\n<link rel=\"canonical\" href=\"https:\/\/whysoseriousstore.com\/eng\/kurtka-merino-wool-anorak-ecru\/\" \/>\n<meta property=\"og:locale\" content=\"en_GB\" \/>\n<meta property=\"og:type\" content=\"article\" \/>\n<meta property=\"og:title\" content=\"Kurtka Merino Wool Anorak Ecru\" \/>\n<meta property=\"og:description\" content=\"Kurtka Merino Wool Anorak Ecru wykonana ze 100% we\u0142ny merino z mi\u0119kkim wyko\u0144czeniem od spodu. Idealne dope\u0142nienie ka\u017cdej stylizacji.\" \/>\n<meta property=\"og:url\" content=\"https:\/\/whysoseriousstore.com\/eng\/kurtka-merino-wool-anorak-ecru\/\" \/>\n<meta property=\"og:site_name\" content=\"WHYSOSERIOUS store\" \/>\n<meta property=\"article:modified_time\" content=\"2026-04-28T20:43:24+00:00\" \/>\n<meta property=\"og:image\" content=\"https:\/\/whysoseriousstore.com\/wp-content\/uploads\/2025\/11\/IMG_63392.jpg\" \/>\n\t<meta property=\"og:image:width\" content=\"1000\" \/>\n\t<meta property=\"og:image:height\" content=\"1500\" \/>\n\t<meta property=\"og:image:type\" content=\"image\/jpeg\" \/>\n<meta name=\"twitter:card\" content=\"summary_large_image\" \/>\n<meta name=\"twitter:label1\" content=\"Estimated reading time\" \/>\n\t<meta name=\"twitter:data1\" content=\"2 minutes\" \/>\n<script type=\"application\/ld+json\" class=\"yoast-schema-graph\">{\"@context\":\"https:\/\/schema.org\",\"@graph\":[{\"@type\":\"WebPage\",\"@id\":\"https:\/\/whysoseriousstore.com\/kurtka-merino-wool-anorak-ecru\/\",\"url\":\"https:\/\/whysoseriousstore.com\/kurtka-merino-wool-anorak-ecru\/\",\"name\":\"Kurtka Merino Wool Anorak Ecru - WHYSOSERIOUS store\",\"isPartOf\":{\"@id\":\"https:\/\/whysoseriousstore.com\/#website\"},\"primaryImageOfPage\":{\"@id\":\"https:\/\/whysoseriousstore.com\/kurtka-merino-wool-anorak-ecru\/#primaryimage\"},\"image\":{\"@id\":\"https:\/\/whysoseriousstore.com\/kurtka-merino-wool-anorak-ecru\/#primaryimage\"},\"thumbnailUrl\":\"https:\/\/whysoseriousstore.com\/wp-content\/uploads\/2025\/11\/IMG_63392.jpg\",\"datePublished\":\"2025-11-13T12:00:21+00:00\",\"dateModified\":\"2026-04-28T20:43:24+00:00\",\"description\":\"Kurtka Merino Wool Anorak Ecru wykonana ze 100% we\u0142ny merino z mi\u0119kkim wyko\u0144czeniem od spodu. Idealne dope\u0142nienie ka\u017cdej stylizacji.\",\"breadcrumb\":{\"@id\":\"https:\/\/whysoseriousstore.com\/kurtka-merino-wool-anorak-ecru\/#breadcrumb\"},\"inLanguage\":\"en-GB\",\"potentialAction\":[{\"@type\":\"ReadAction\",\"target\":[\"https:\/\/whysoseriousstore.com\/kurtka-merino-wool-anorak-ecru\/\"]}]},{\"@type\":\"ImageObject\",\"inLanguage\":\"en-GB\",\"@id\":\"https:\/\/whysoseriousstore.com\/kurtka-merino-wool-anorak-ecru\/#primaryimage\",\"url\":\"https:\/\/whysoseriousstore.com\/wp-content\/uploads\/2025\/11\/IMG_63392.jpg\",\"contentUrl\":\"https:\/\/whysoseriousstore.com\/wp-content\/uploads\/2025\/11\/IMG_63392.jpg\",\"width\":1000,\"height\":1500},{\"@type\":\"BreadcrumbList\",\"@id\":\"https:\/\/whysoseriousstore.com\/kurtka-merino-wool-anorak-ecru\/#breadcrumb\",\"itemListElement\":[{\"@type\":\"ListItem\",\"position\":1,\"name\":\"Strona g\u0142\u00f3wna\",\"item\":\"https:\/\/whysoseriousstore.com\/\"},{\"@type\":\"ListItem\",\"position\":2,\"name\":\"Sklep\",\"item\":\"https:\/\/whysoseriousstore.com\/sklep\/\"},{\"@type\":\"ListItem\",\"position\":3,\"name\":\"Kurtka Merino Wool Anorak Ecru\"}]},{\"@type\":\"WebSite\",\"@id\":\"https:\/\/whysoseriousstore.com\/#website\",\"url\":\"https:\/\/whysoseriousstore.com\/\",\"name\":\"WHYSOSERIOUS store\",\"description\":\"\",\"potentialAction\":[{\"@type\":\"SearchAction\",\"target\":{\"@type\":\"EntryPoint\",\"urlTemplate\":\"https:\/\/whysoseriousstore.com\/?s={search_term_string}\"},\"query-input\":{\"@type\":\"PropertyValueSpecification\",\"valueRequired\":true,\"valueName\":\"search_term_string\"}}],\"inLanguage\":\"en-GB\"}]}<\/script>\n<!-- \/ Yoast SEO Premium plugin. -->","yoast_head_json":{"title":"Kurtka Merino Wool Anorak Ecru - WHYSOSERIOUS store","description":"Kurtka Merino Wool Anorak Ecru wykonana ze 100% we\u0142ny merino z mi\u0119kkim wyko\u0144czeniem od spodu. Idealne dope\u0142nienie ka\u017cdej stylizacji.","robots":{"index":"index","follow":"follow","max-snippet":"max-snippet:-1","max-image-preview":"max-image-preview:large","max-video-preview":"max-video-preview:-1"},"canonical":"https:\/\/whysoseriousstore.com\/eng\/kurtka-merino-wool-anorak-ecru\/","og_locale":"en_GB","og_type":"article","og_title":"Kurtka Merino Wool Anorak Ecru","og_description":"Kurtka Merino Wool Anorak Ecru wykonana ze 100% we\u0142ny merino z mi\u0119kkim wyko\u0144czeniem od spodu. Idealne dope\u0142nienie ka\u017cdej stylizacji.","og_url":"https:\/\/whysoseriousstore.com\/eng\/kurtka-merino-wool-anorak-ecru\/","og_site_name":"WHYSOSERIOUS store","article_modified_time":"2026-04-28T20:43:24+00:00","og_image":[{"width":1000,"height":1500,"url":"https:\/\/whysoseriousstore.com\/wp-content\/uploads\/2025\/11\/IMG_63392.jpg","type":"image\/jpeg"}],"twitter_card":"summary_large_image","twitter_misc":{"Estimated reading time":"2 minutes"},"schema":{"@context":"https:\/\/schema.org","@graph":[{"@type":"WebPage","@id":"https:\/\/whysoseriousstore.com\/kurtka-merino-wool-anorak-ecru\/","url":"https:\/\/whysoseriousstore.com\/kurtka-merino-wool-anorak-ecru\/","name":"Kurtka Merino Wool Anorak Ecru - WHYSOSERIOUS store","isPartOf":{"@id":"https:\/\/whysoseriousstore.com\/#website"},"primaryImageOfPage":{"@id":"https:\/\/whysoseriousstore.com\/kurtka-merino-wool-anorak-ecru\/#primaryimage"},"image":{"@id":"https:\/\/whysoseriousstore.com\/kurtka-merino-wool-anorak-ecru\/#primaryimage"},"thumbnailUrl":"https:\/\/whysoseriousstore.com\/wp-content\/uploads\/2025\/11\/IMG_63392.jpg","datePublished":"2025-11-13T12:00:21+00:00","dateModified":"2026-04-28T20:43:24+00:00","description":"Kurtka Merino Wool Anorak Ecru wykonana ze 100% we\u0142ny merino z mi\u0119kkim wyko\u0144czeniem od spodu. Idealne dope\u0142nienie ka\u017cdej stylizacji.","breadcrumb":{"@id":"https:\/\/whysoseriousstore.com\/kurtka-merino-wool-anorak-ecru\/#breadcrumb"},"inLanguage":"en-GB","potentialAction":[{"@type":"ReadAction","target":["https:\/\/whysoseriousstore.com\/kurtka-merino-wool-anorak-ecru\/"]}]},{"@type":"ImageObject","inLanguage":"en-GB","@id":"https:\/\/whysoseriousstore.com\/kurtka-merino-wool-anorak-ecru\/#primaryimage","url":"https:\/\/whysoseriousstore.com\/wp-content\/uploads\/2025\/11\/IMG_63392.jpg","contentUrl":"https:\/\/whysoseriousstore.com\/wp-content\/uploads\/2025\/11\/IMG_63392.jpg","width":1000,"height":1500},{"@type":"BreadcrumbList","@id":"https:\/\/whysoseriousstore.com\/kurtka-merino-wool-anorak-ecru\/#breadcrumb","itemListElement":[{"@type":"ListItem","position":1,"name":"Strona g\u0142\u00f3wna","item":"https:\/\/whysoseriousstore.com\/"},{"@type":"ListItem","position":2,"name":"Sklep","item":"https:\/\/whysoseriousstore.com\/sklep\/"},{"@type":"ListItem","position":3,"name":"Kurtka Merino Wool Anorak Ecru"}]},{"@type":"WebSite","@id":"https:\/\/whysoseriousstore.com\/#website","url":"https:\/\/whysoseriousstore.com\/","name":"WHYSOSERIOUS store","description":"","potentialAction":[{"@type":"SearchAction","target":{"@type":"EntryPoint","urlTemplate":"https:\/\/whysoseriousstore.com\/?s={search_term_string}"},"query-input":{"@type":"PropertyValueSpecification","valueRequired":true,"valueName":"search_term_string"}}],"inLanguage":"en-GB"}]}},"_links":{"self":[{"href":"https:\/\/whysoseriousstore.com\/eng\/wp-json\/wp\/v2\/product\/24644","targetHints":{"allow":["GET"]}}],"collection":[{"href":"https:\/\/whysoseriousstore.com\/eng\/wp-json\/wp\/v2\/product"}],"about":[{"href":"https:\/\/whysoseriousstore.com\/eng\/wp-json\/wp\/v2\/types\/product"}],"wp:featuredmedia":[{"embeddable":true,"href":"https:\/\/whysoseriousstore.com\/eng\/wp-json\/wp\/v2\/media\/24738"}],"wp:attachment":[{"href":"https:\/\/whysoseriousstore.com\/eng\/wp-json\/wp\/v2\/media?parent=24644"}],"wp:term":[{"taxonomy":"product_brand","embeddable":true,"href":"https:\/\/whysoseriousstore.com\/eng\/wp-json\/wp\/v2\/product_brand?post=24644"},{"taxonomy":"product_cat","embeddable":true,"href":"https:\/\/whysoseriousstore.com\/eng\/wp-json\/wp\/v2\/product_cat?post=24644"},{"taxonomy":"product_tag","embeddable":true,"href":"https:\/\/whysoseriousstore.com\/eng\/wp-json\/wp\/v2\/product_tag?post=24644"}],"curies":[{"name":"wp","href":"https:\/\/api.w.org\/{rel}","templated":true}]}}