{"id":24666,"date":"2025-11-13T20:29:17","date_gmt":"2025-11-13T19:29:17","guid":{"rendered":"https:\/\/whysoseriousstore.com\/?post_type=product&#038;p=24666"},"modified":"2026-04-28T22:38:22","modified_gmt":"2026-04-28T20:38:22","slug":"boxy-zip-hoodie-wss-stone","status":"publish","type":"product","link":"https:\/\/whysoseriousstore.com\/eng\/boxy-zip-hoodie-wss-stone\/","title":{"rendered":"Boxy Zip Hoodie WSS Stone"},"content":{"rendered":"<p data-start=\"193\" data-end=\"483\">Sweatshirt <strong data-start=\"199\" data-end=\"228\">Boxy Zip Hoodie WSS Stone<\/strong> is the perfect combination of casual, quality and timeless design. Made from soft on the inside, scratchy cotton, it ensures you'll be comfortable all day long - whether you're out for a walk in the city, working from the caf\u00e9 or relaxing at home.<\/p>\n<p data-start=\"485\" data-end=\"810\">Model <strong data-start=\"491\" data-end=\"510\">boxy zip hoodie<\/strong> is a modern interpretation of the classic hoodie - it has our beloved boxy cut, which sits perfectly on the figure and adds character to the styling. The full-length zip allows for an easy fit - you can wear it unbuttoned over a tee or buttoned up.<\/p>\n<p data-start=\"812\" data-end=\"1049\">Colour <strong data-start=\"818\" data-end=\"827\">stone<\/strong> is a natural, subtle shade inspired by nature - minimalist yet distinctive. It goes with literally everything, from jeans to wide-leg sweatpants, creating a base for WHYSOSERIOUS looks.<\/p>\n<p data-start=\"1051\" data-end=\"1263\">Every detail matters - from the neatly finished seams, to the large comfortable hood, to the functional pockets that add convenience. This is a sweatshirt that retains its shape and softness for many seasons.<\/p>\n<p data-start=\"1265\" data-end=\"1461\"><strong data-start=\"1265\" data-end=\"1294\">Boxy Zip Hoodie WSS Stone<\/strong> is a classic that combines simplicity, quality and a modern cut.<br data-start=\"1361\" data-end=\"1364\" \/>Join <strong data-start=\"1374\" data-end=\"1396\">team WHYSOSERIOUS<\/strong> and discover how good everyday minimalism can feel.<\/p>\n<p>The model in the photo wears size M and is 171 cm tall.<br \/>\n<strong>THE HIGHEST QUALITY, MADE IN POLAND.\u00a0<\/strong><\/p>\n<p><a href=\"https:\/\/whysoseriousstore.com\/eng\/tshirty-damskie\/\">See also our t-shirts!<\/a><br \/>\nVisit us at <a href=\"https:\/\/www.instagram.com\/wss.whysoserious\/\">instagram<\/a> i <a href=\"https:\/\/www.facebook.com\/WSS.whysoserious\">facebook<\/a>.<\/p>","protected":false},"excerpt":{"rendered":"<p>Bluza Boxy Zip Hoodie WSS Stone to idealne po\u0142\u0105czenie luzu, jako\u015bci i ponadczasowego designu. Wykonana z mi\u0119kkiej od \u015brodka, drapanej bawe\u0142ny, zapewnia komfort noszenia przez ca\u0142y dzie\u0144 \u2013 niezale\u017cnie od tego, czy wybierasz si\u0119 na spacer po mie\u015bcie, pracujesz z kawiarni, czy odpoczywasz w domu. Model boxy zip hoodie to nowoczesna interpretacja klasycznej bluzy z [&hellip;]<\/p>\n","protected":false},"featured_media":24740,"template":"","meta":[],"product_brand":[],"product_cat":[176,111,127],"product_tag":[],"class_list":{"0":"post-24666","1":"product","2":"type-product","3":"status-publish","4":"has-post-thumbnail","6":"product_cat-womens-day","7":"product_cat-bluzy-unisex","8":"product_cat-wszystko","10":"first","11":"instock","12":"taxable","13":"shipping-taxable","14":"purchasable","15":"product-type-variable","16":"has-default-attributes"},"bundled_by":[],"bundle_stock_status":"instock","bundle_stock_quantity":null,"bundle_virtual":false,"bundle_layout":"","bundle_add_to_cart_form_location":"","bundle_editable_in_cart":false,"bundle_sold_individually_context":"","bundle_item_grouping":"","bundle_min_size":"","bundle_max_size":"","bundle_price":[],"bundled_items":[],"bundle_sell_ids":[],"yoast_head":"<!-- This site is optimized with the Yoast SEO Premium plugin v20.0 (Yoast SEO v26.5) - https:\/\/yoast.com\/wordpress\/plugins\/seo\/ -->\n<title>Boxy Zip Hoodie WSS Stone- WHYSOSERIOUS store<\/title>\n<meta name=\"description\" content=\"Boxy Zip Hoodie WSS Stone to nasza nowa ulubiona bluza. Idealny klasyk o wysokiej jako\u015bci, uszyty z mi\u0119sistej, mi\u0119kkiej bawe\u0142ny.\" \/>\n<meta name=\"robots\" content=\"index, follow, max-snippet:-1, max-image-preview:large, max-video-preview:-1\" \/>\n<link rel=\"canonical\" href=\"https:\/\/whysoseriousstore.com\/eng\/boxy-zip-hoodie-wss-stone\/\" \/>\n<meta property=\"og:locale\" content=\"en_GB\" \/>\n<meta property=\"og:type\" content=\"article\" \/>\n<meta property=\"og:title\" content=\"Boxy Zip Hoodie WSS Stone\" \/>\n<meta property=\"og:description\" content=\"Boxy Zip Hoodie WSS Stone to nasza nowa ulubiona bluza. Idealny klasyk o wysokiej jako\u015bci, uszyty z mi\u0119sistej, mi\u0119kkiej bawe\u0142ny.\" \/>\n<meta property=\"og:url\" content=\"https:\/\/whysoseriousstore.com\/eng\/boxy-zip-hoodie-wss-stone\/\" \/>\n<meta property=\"og:site_name\" content=\"WHYSOSERIOUS store\" \/>\n<meta property=\"article:modified_time\" content=\"2026-04-28T20:38:22+00:00\" \/>\n<meta property=\"og:image\" content=\"https:\/\/whysoseriousstore.com\/wp-content\/uploads\/2025\/11\/Bluza-z-suwakiem-Damska-Boxy-Why-So-Serious-2.jpg\" \/>\n\t<meta property=\"og:image:width\" content=\"1000\" \/>\n\t<meta property=\"og:image:height\" content=\"1500\" \/>\n\t<meta property=\"og:image:type\" content=\"image\/jpeg\" \/>\n<meta name=\"twitter:card\" content=\"summary_large_image\" \/>\n<meta name=\"twitter:label1\" content=\"Estimated reading time\" \/>\n\t<meta name=\"twitter:data1\" content=\"2 minutes\" \/>\n<script type=\"application\/ld+json\" class=\"yoast-schema-graph\">{\"@context\":\"https:\/\/schema.org\",\"@graph\":[{\"@type\":\"WebPage\",\"@id\":\"https:\/\/whysoseriousstore.com\/boxy-zip-hoodie-wss-stone\/\",\"url\":\"https:\/\/whysoseriousstore.com\/boxy-zip-hoodie-wss-stone\/\",\"name\":\"Boxy Zip Hoodie WSS Stone- WHYSOSERIOUS store\",\"isPartOf\":{\"@id\":\"https:\/\/whysoseriousstore.com\/#website\"},\"primaryImageOfPage\":{\"@id\":\"https:\/\/whysoseriousstore.com\/boxy-zip-hoodie-wss-stone\/#primaryimage\"},\"image\":{\"@id\":\"https:\/\/whysoseriousstore.com\/boxy-zip-hoodie-wss-stone\/#primaryimage\"},\"thumbnailUrl\":\"https:\/\/whysoseriousstore.com\/wp-content\/uploads\/2025\/11\/Bluza-z-suwakiem-Damska-Boxy-Why-So-Serious-2.jpg\",\"datePublished\":\"2025-11-13T19:29:17+00:00\",\"dateModified\":\"2026-04-28T20:38:22+00:00\",\"description\":\"Boxy Zip Hoodie WSS Stone to nasza nowa ulubiona bluza. Idealny klasyk o wysokiej jako\u015bci, uszyty z mi\u0119sistej, mi\u0119kkiej bawe\u0142ny.\",\"breadcrumb\":{\"@id\":\"https:\/\/whysoseriousstore.com\/boxy-zip-hoodie-wss-stone\/#breadcrumb\"},\"inLanguage\":\"en-GB\",\"potentialAction\":[{\"@type\":\"ReadAction\",\"target\":[\"https:\/\/whysoseriousstore.com\/boxy-zip-hoodie-wss-stone\/\"]}]},{\"@type\":\"ImageObject\",\"inLanguage\":\"en-GB\",\"@id\":\"https:\/\/whysoseriousstore.com\/boxy-zip-hoodie-wss-stone\/#primaryimage\",\"url\":\"https:\/\/whysoseriousstore.com\/wp-content\/uploads\/2025\/11\/Bluza-z-suwakiem-Damska-Boxy-Why-So-Serious-2.jpg\",\"contentUrl\":\"https:\/\/whysoseriousstore.com\/wp-content\/uploads\/2025\/11\/Bluza-z-suwakiem-Damska-Boxy-Why-So-Serious-2.jpg\",\"width\":1000,\"height\":1500},{\"@type\":\"BreadcrumbList\",\"@id\":\"https:\/\/whysoseriousstore.com\/boxy-zip-hoodie-wss-stone\/#breadcrumb\",\"itemListElement\":[{\"@type\":\"ListItem\",\"position\":1,\"name\":\"Strona g\u0142\u00f3wna\",\"item\":\"https:\/\/whysoseriousstore.com\/\"},{\"@type\":\"ListItem\",\"position\":2,\"name\":\"Sklep\",\"item\":\"https:\/\/whysoseriousstore.com\/sklep\/\"},{\"@type\":\"ListItem\",\"position\":3,\"name\":\"Boxy Zip Hoodie WSS Stone\"}]},{\"@type\":\"WebSite\",\"@id\":\"https:\/\/whysoseriousstore.com\/#website\",\"url\":\"https:\/\/whysoseriousstore.com\/\",\"name\":\"WHYSOSERIOUS store\",\"description\":\"\",\"potentialAction\":[{\"@type\":\"SearchAction\",\"target\":{\"@type\":\"EntryPoint\",\"urlTemplate\":\"https:\/\/whysoseriousstore.com\/?s={search_term_string}\"},\"query-input\":{\"@type\":\"PropertyValueSpecification\",\"valueRequired\":true,\"valueName\":\"search_term_string\"}}],\"inLanguage\":\"en-GB\"}]}<\/script>\n<!-- \/ Yoast SEO Premium plugin. -->","yoast_head_json":{"title":"Boxy Zip Hoodie WSS Stone- WHYSOSERIOUS store","description":"Boxy Zip Hoodie WSS Stone to nasza nowa ulubiona bluza. Idealny klasyk o wysokiej jako\u015bci, uszyty z mi\u0119sistej, mi\u0119kkiej bawe\u0142ny.","robots":{"index":"index","follow":"follow","max-snippet":"max-snippet:-1","max-image-preview":"max-image-preview:large","max-video-preview":"max-video-preview:-1"},"canonical":"https:\/\/whysoseriousstore.com\/eng\/boxy-zip-hoodie-wss-stone\/","og_locale":"en_GB","og_type":"article","og_title":"Boxy Zip Hoodie WSS Stone","og_description":"Boxy Zip Hoodie WSS Stone to nasza nowa ulubiona bluza. Idealny klasyk o wysokiej jako\u015bci, uszyty z mi\u0119sistej, mi\u0119kkiej bawe\u0142ny.","og_url":"https:\/\/whysoseriousstore.com\/eng\/boxy-zip-hoodie-wss-stone\/","og_site_name":"WHYSOSERIOUS store","article_modified_time":"2026-04-28T20:38:22+00:00","og_image":[{"width":1000,"height":1500,"url":"https:\/\/whysoseriousstore.com\/wp-content\/uploads\/2025\/11\/Bluza-z-suwakiem-Damska-Boxy-Why-So-Serious-2.jpg","type":"image\/jpeg"}],"twitter_card":"summary_large_image","twitter_misc":{"Estimated reading time":"2 minutes"},"schema":{"@context":"https:\/\/schema.org","@graph":[{"@type":"WebPage","@id":"https:\/\/whysoseriousstore.com\/boxy-zip-hoodie-wss-stone\/","url":"https:\/\/whysoseriousstore.com\/boxy-zip-hoodie-wss-stone\/","name":"Boxy Zip Hoodie WSS Stone- WHYSOSERIOUS store","isPartOf":{"@id":"https:\/\/whysoseriousstore.com\/#website"},"primaryImageOfPage":{"@id":"https:\/\/whysoseriousstore.com\/boxy-zip-hoodie-wss-stone\/#primaryimage"},"image":{"@id":"https:\/\/whysoseriousstore.com\/boxy-zip-hoodie-wss-stone\/#primaryimage"},"thumbnailUrl":"https:\/\/whysoseriousstore.com\/wp-content\/uploads\/2025\/11\/Bluza-z-suwakiem-Damska-Boxy-Why-So-Serious-2.jpg","datePublished":"2025-11-13T19:29:17+00:00","dateModified":"2026-04-28T20:38:22+00:00","description":"Boxy Zip Hoodie WSS Stone to nasza nowa ulubiona bluza. Idealny klasyk o wysokiej jako\u015bci, uszyty z mi\u0119sistej, mi\u0119kkiej bawe\u0142ny.","breadcrumb":{"@id":"https:\/\/whysoseriousstore.com\/boxy-zip-hoodie-wss-stone\/#breadcrumb"},"inLanguage":"en-GB","potentialAction":[{"@type":"ReadAction","target":["https:\/\/whysoseriousstore.com\/boxy-zip-hoodie-wss-stone\/"]}]},{"@type":"ImageObject","inLanguage":"en-GB","@id":"https:\/\/whysoseriousstore.com\/boxy-zip-hoodie-wss-stone\/#primaryimage","url":"https:\/\/whysoseriousstore.com\/wp-content\/uploads\/2025\/11\/Bluza-z-suwakiem-Damska-Boxy-Why-So-Serious-2.jpg","contentUrl":"https:\/\/whysoseriousstore.com\/wp-content\/uploads\/2025\/11\/Bluza-z-suwakiem-Damska-Boxy-Why-So-Serious-2.jpg","width":1000,"height":1500},{"@type":"BreadcrumbList","@id":"https:\/\/whysoseriousstore.com\/boxy-zip-hoodie-wss-stone\/#breadcrumb","itemListElement":[{"@type":"ListItem","position":1,"name":"Strona g\u0142\u00f3wna","item":"https:\/\/whysoseriousstore.com\/"},{"@type":"ListItem","position":2,"name":"Sklep","item":"https:\/\/whysoseriousstore.com\/sklep\/"},{"@type":"ListItem","position":3,"name":"Boxy Zip Hoodie WSS Stone"}]},{"@type":"WebSite","@id":"https:\/\/whysoseriousstore.com\/#website","url":"https:\/\/whysoseriousstore.com\/","name":"WHYSOSERIOUS store","description":"","potentialAction":[{"@type":"SearchAction","target":{"@type":"EntryPoint","urlTemplate":"https:\/\/whysoseriousstore.com\/?s={search_term_string}"},"query-input":{"@type":"PropertyValueSpecification","valueRequired":true,"valueName":"search_term_string"}}],"inLanguage":"en-GB"}]}},"_links":{"self":[{"href":"https:\/\/whysoseriousstore.com\/eng\/wp-json\/wp\/v2\/product\/24666","targetHints":{"allow":["GET"]}}],"collection":[{"href":"https:\/\/whysoseriousstore.com\/eng\/wp-json\/wp\/v2\/product"}],"about":[{"href":"https:\/\/whysoseriousstore.com\/eng\/wp-json\/wp\/v2\/types\/product"}],"wp:featuredmedia":[{"embeddable":true,"href":"https:\/\/whysoseriousstore.com\/eng\/wp-json\/wp\/v2\/media\/24740"}],"wp:attachment":[{"href":"https:\/\/whysoseriousstore.com\/eng\/wp-json\/wp\/v2\/media?parent=24666"}],"wp:term":[{"taxonomy":"product_brand","embeddable":true,"href":"https:\/\/whysoseriousstore.com\/eng\/wp-json\/wp\/v2\/product_brand?post=24666"},{"taxonomy":"product_cat","embeddable":true,"href":"https:\/\/whysoseriousstore.com\/eng\/wp-json\/wp\/v2\/product_cat?post=24666"},{"taxonomy":"product_tag","embeddable":true,"href":"https:\/\/whysoseriousstore.com\/eng\/wp-json\/wp\/v2\/product_tag?post=24666"}],"curies":[{"name":"wp","href":"https:\/\/api.w.org\/{rel}","templated":true}]}}