{"id":25438,"date":"2025-12-03T01:12:26","date_gmt":"2025-12-03T00:12:26","guid":{"rendered":"https:\/\/whysoseriousstore.com\/?post_type=product&#038;p=25438"},"modified":"2026-05-01T11:56:43","modified_gmt":"2026-05-01T09:56:43","slug":"spodnie-stripes-brown-premium","status":"publish","type":"product","link":"https:\/\/whysoseriousstore.com\/eng\/spodnie-stripes-brown-premium\/","title":{"rendered":"Trousers Stripes Brown"},"content":{"rendered":"<div class=\"flex basis-auto flex-col -mb-(--composer-overlap-px) [--composer-overlap-px:55px] grow overflow-hidden\">\n<div class=\"relative h-full\">\n<div class=\"flex h-full flex-col overflow-y-auto [scrollbar-gutter:stable_both-edges] @[84rem]\/thread:pt-(--header-height)\">\n<div class=\"@thread-xl\/thread:pt-header-height flex flex-col text-sm pb-25\">\n<article class=\"text-token-text-primary w-full focus:outline-none scroll-mt-[calc(var(--header-height)+min(200px,max(70px,20svh)))]\" dir=\"auto\" tabindex=\"-1\" data-testid=\"conversation-turn-2\" data-scroll-anchor=\"true\" data-turn=\"assistant\">\n<div class=\"text-base my-auto mx-auto pb-10 [--thread-content-margin:--spacing(4)] @[37rem]:[--thread-content-margin:--spacing(6)] @[72rem]:[--thread-content-margin:--spacing(16)] px-(--thread-content-margin)\">\n<div class=\"[--thread-content-max-width:32rem] @[34rem]:[--thread-content-max-width:40rem] @[64rem]:[--thread-content-max-width:48rem] mx-auto max-w-(--thread-content-max-width) flex-1 group\/turn-messages focus-visible:outline-hidden relative flex w-full min-w-0 flex-col agent-turn\" tabindex=\"-1\">\n<div class=\"flex max-w-full flex-col grow\">\n<div class=\"min-h-8 text-message relative flex w-full flex-col items-end gap-2 text-start break-words whitespace-normal [.text-message+&amp;]:mt-5\" dir=\"auto\" data-message-author-role=\"assistant\" data-message-id=\"d31ba12a-889a-44cd-b789-be22a613198c\" data-message-model-slug=\"gpt-4o\">\n<div class=\"flex w-full flex-col gap-1 empty:hidden first:pt-[3px]\">\n<div class=\"markdown prose dark:prose-invert w-full break-words light\">\n<p data-start=\"0\" data-end=\"305\"><strong data-start=\"0\" data-end=\"25\">Spodnie Stripes Brown<\/strong> to po\u0142\u0105czenie luzu, klasyki i naturalnych odcieni, kt\u00f3re dodaj\u0105 stylu ka\u017cdej codziennej stylizacji. Charakterystyczne paski w br\u0105zach i ecru przywo\u0142uj\u0105 klimat spokojnych, s\u0142onecznych dni oraz miejskiej swobody \u2013 idealne, je\u015bli chcesz wygl\u0105da\u0107 modnie, ale bez przesadnego wysi\u0142ku.<\/p>\n<p data-start=\"485\" data-end=\"729\">Uszyte z wysokiej jako\u015bci, grubszej bawe\u0142ny \u2013 mi\u0119kkiej, trwa\u0142ej i przyjemnej w dotyku. Materia\u0142 \u015bwietnie trzyma form\u0119, jest odporny na mechacenie i zachowuje sw\u00f3j wygl\u0105d nawet po wielu praniach, dzi\u0119ki czemu spodnie pos\u0142u\u017c\u0105 Ci przez d\u0142ugi czas.<\/p>\n<p data-start=\"731\" data-end=\"914\">Lu\u017aniejszy, komfortowy kr\u00f3j typu Wide Leg zapewnia swobod\u0119 ruch\u00f3w i idealnie dopasowuje si\u0119 do codziennego rytmu. To spodnie, kt\u00f3re za\u0142o\u017cysz na uczelni\u0119, do pracy, na spacer czy weekendowy wypad.<\/p>\n<p data-start=\"916\" data-end=\"1032\" data-is-last-node=\"\" data-is-only-node=\"\"><strong data-start=\"916\" data-end=\"941\">Spodnie Stripes Brown<\/strong> to prosty spos\u00f3b na styl, wygod\u0119 i ponadczasowy look \u2013 w mi\u0119kkich materia\u0142ach i cool kolorach.<\/p>\n<\/div>\n<\/div>\n<\/div>\n<\/div>\n<\/div>\n<\/div>\n<\/article>\n<\/div>\n<\/div>\n<\/div>\n<\/div>\n<p data-start=\"837\" data-end=\"932\">Modelka ma 171 cm wzrostu i nosi rozmiar S.<\/p>\n<p data-start=\"934\" data-end=\"974\"><strong data-start=\"934\" data-end=\"974\">THE HIGHEST QUALITY, MADE IN POLAND.<\/strong><\/p>\n","protected":false},"excerpt":{"rendered":"<p>Spodnie Stripes Brown to po\u0142\u0105czenie luzu, klasyki i naturalnych odcieni, kt\u00f3re dodaj\u0105 stylu ka\u017cdej codziennej stylizacji. Charakterystyczne paski w br\u0105zach i ecru przywo\u0142uj\u0105 klimat spokojnych, s\u0142onecznych dni oraz miejskiej swobody \u2013 idealne, je\u015bli chcesz wygl\u0105da\u0107 modnie, ale bez przesadnego wysi\u0142ku. Uszyte z wysokiej jako\u015bci, grubszej bawe\u0142ny \u2013 mi\u0119kkiej, trwa\u0142ej i przyjemnej w dotyku. Materia\u0142 \u015bwietnie [&hellip;]<\/p>\n","protected":false},"featured_media":25774,"template":"","meta":[],"product_brand":[],"product_cat":[112,127],"product_tag":[],"class_list":{"0":"post-25438","1":"product","2":"type-product","3":"status-publish","4":"has-post-thumbnail","6":"product_cat-spodnie","7":"product_cat-wszystko","9":"first","10":"instock","11":"taxable","12":"shipping-taxable","13":"purchasable","14":"product-type-variable","15":"has-default-attributes"},"bundled_by":["25775"],"bundle_stock_status":"instock","bundle_stock_quantity":null,"bundle_virtual":false,"bundle_layout":"","bundle_add_to_cart_form_location":"","bundle_editable_in_cart":false,"bundle_sold_individually_context":"","bundle_item_grouping":"","bundle_min_size":"","bundle_max_size":"","bundle_price":[],"bundled_items":[],"bundle_sell_ids":[],"yoast_head":"<!-- This site is optimized with the Yoast SEO Premium plugin v20.0 (Yoast SEO v26.5) - https:\/\/yoast.com\/wordpress\/plugins\/seo\/ -->\n<title>Spodnie Stripes Brown - WHYSOSERIOUS store<\/title>\n<meta name=\"description\" content=\"Spodnie Stripes Brown to idealny dodatek do Twojej garderoby. Pasuje do wielu stylizacji i stanowi jej cudowne dope\u0142nienie.\" \/>\n<meta name=\"robots\" content=\"index, follow, max-snippet:-1, max-image-preview:large, max-video-preview:-1\" \/>\n<link rel=\"canonical\" href=\"https:\/\/whysoseriousstore.com\/eng\/spodnie-stripes-brown-premium\/\" \/>\n<meta property=\"og:locale\" content=\"en_GB\" \/>\n<meta property=\"og:type\" content=\"article\" \/>\n<meta property=\"og:title\" content=\"Spodnie Stripes Brown\" \/>\n<meta property=\"og:description\" content=\"Spodnie Stripes Brown to idealny dodatek do Twojej garderoby. Pasuje do wielu stylizacji i stanowi jej cudowne dope\u0142nienie.\" \/>\n<meta property=\"og:url\" content=\"https:\/\/whysoseriousstore.com\/eng\/spodnie-stripes-brown-premium\/\" \/>\n<meta property=\"og:site_name\" content=\"WHYSOSERIOUS store\" \/>\n<meta property=\"article:modified_time\" content=\"2026-05-01T09:56:43+00:00\" \/>\n<meta property=\"og:image\" content=\"https:\/\/whysoseriousstore.com\/wp-content\/uploads\/2025\/12\/Spodnie-Bawelniane-w-paski-wide-Leg-Whysoserious-1.jpg\" \/>\n\t<meta property=\"og:image:width\" content=\"1000\" \/>\n\t<meta property=\"og:image:height\" content=\"1500\" \/>\n\t<meta property=\"og:image:type\" content=\"image\/jpeg\" \/>\n<meta name=\"twitter:card\" content=\"summary_large_image\" \/>\n<meta name=\"twitter:label1\" content=\"Estimated reading time\" \/>\n\t<meta name=\"twitter:data1\" content=\"2 minutes\" \/>\n<script type=\"application\/ld+json\" class=\"yoast-schema-graph\">{\"@context\":\"https:\/\/schema.org\",\"@graph\":[{\"@type\":\"WebPage\",\"@id\":\"https:\/\/whysoseriousstore.com\/spodnie-stripes-brown-premium\/\",\"url\":\"https:\/\/whysoseriousstore.com\/spodnie-stripes-brown-premium\/\",\"name\":\"Spodnie Stripes Brown - WHYSOSERIOUS store\",\"isPartOf\":{\"@id\":\"https:\/\/whysoseriousstore.com\/#website\"},\"primaryImageOfPage\":{\"@id\":\"https:\/\/whysoseriousstore.com\/spodnie-stripes-brown-premium\/#primaryimage\"},\"image\":{\"@id\":\"https:\/\/whysoseriousstore.com\/spodnie-stripes-brown-premium\/#primaryimage\"},\"thumbnailUrl\":\"https:\/\/whysoseriousstore.com\/wp-content\/uploads\/2025\/12\/Spodnie-Bawelniane-w-paski-wide-Leg-Whysoserious-1.jpg\",\"datePublished\":\"2025-12-03T00:12:26+00:00\",\"dateModified\":\"2026-05-01T09:56:43+00:00\",\"description\":\"Spodnie Stripes Brown to idealny dodatek do Twojej garderoby. Pasuje do wielu stylizacji i stanowi jej cudowne dope\u0142nienie.\",\"breadcrumb\":{\"@id\":\"https:\/\/whysoseriousstore.com\/spodnie-stripes-brown-premium\/#breadcrumb\"},\"inLanguage\":\"en-GB\",\"potentialAction\":[{\"@type\":\"ReadAction\",\"target\":[\"https:\/\/whysoseriousstore.com\/spodnie-stripes-brown-premium\/\"]}]},{\"@type\":\"ImageObject\",\"inLanguage\":\"en-GB\",\"@id\":\"https:\/\/whysoseriousstore.com\/spodnie-stripes-brown-premium\/#primaryimage\",\"url\":\"https:\/\/whysoseriousstore.com\/wp-content\/uploads\/2025\/12\/Spodnie-Bawelniane-w-paski-wide-Leg-Whysoserious-1.jpg\",\"contentUrl\":\"https:\/\/whysoseriousstore.com\/wp-content\/uploads\/2025\/12\/Spodnie-Bawelniane-w-paski-wide-Leg-Whysoserious-1.jpg\",\"width\":1000,\"height\":1500},{\"@type\":\"BreadcrumbList\",\"@id\":\"https:\/\/whysoseriousstore.com\/spodnie-stripes-brown-premium\/#breadcrumb\",\"itemListElement\":[{\"@type\":\"ListItem\",\"position\":1,\"name\":\"Strona g\u0142\u00f3wna\",\"item\":\"https:\/\/whysoseriousstore.com\/\"},{\"@type\":\"ListItem\",\"position\":2,\"name\":\"Sklep\",\"item\":\"https:\/\/whysoseriousstore.com\/sklep\/\"},{\"@type\":\"ListItem\",\"position\":3,\"name\":\"Spodnie Stripes Brown\"}]},{\"@type\":\"WebSite\",\"@id\":\"https:\/\/whysoseriousstore.com\/#website\",\"url\":\"https:\/\/whysoseriousstore.com\/\",\"name\":\"WHYSOSERIOUS store\",\"description\":\"\",\"potentialAction\":[{\"@type\":\"SearchAction\",\"target\":{\"@type\":\"EntryPoint\",\"urlTemplate\":\"https:\/\/whysoseriousstore.com\/?s={search_term_string}\"},\"query-input\":{\"@type\":\"PropertyValueSpecification\",\"valueRequired\":true,\"valueName\":\"search_term_string\"}}],\"inLanguage\":\"en-GB\"}]}<\/script>\n<!-- \/ Yoast SEO Premium plugin. -->","yoast_head_json":{"title":"Spodnie Stripes Brown - WHYSOSERIOUS store","description":"Spodnie Stripes Brown to idealny dodatek do Twojej garderoby. Pasuje do wielu stylizacji i stanowi jej cudowne dope\u0142nienie.","robots":{"index":"index","follow":"follow","max-snippet":"max-snippet:-1","max-image-preview":"max-image-preview:large","max-video-preview":"max-video-preview:-1"},"canonical":"https:\/\/whysoseriousstore.com\/eng\/spodnie-stripes-brown-premium\/","og_locale":"en_GB","og_type":"article","og_title":"Spodnie Stripes Brown","og_description":"Spodnie Stripes Brown to idealny dodatek do Twojej garderoby. Pasuje do wielu stylizacji i stanowi jej cudowne dope\u0142nienie.","og_url":"https:\/\/whysoseriousstore.com\/eng\/spodnie-stripes-brown-premium\/","og_site_name":"WHYSOSERIOUS store","article_modified_time":"2026-05-01T09:56:43+00:00","og_image":[{"width":1000,"height":1500,"url":"https:\/\/whysoseriousstore.com\/wp-content\/uploads\/2025\/12\/Spodnie-Bawelniane-w-paski-wide-Leg-Whysoserious-1.jpg","type":"image\/jpeg"}],"twitter_card":"summary_large_image","twitter_misc":{"Estimated reading time":"2 minutes"},"schema":{"@context":"https:\/\/schema.org","@graph":[{"@type":"WebPage","@id":"https:\/\/whysoseriousstore.com\/spodnie-stripes-brown-premium\/","url":"https:\/\/whysoseriousstore.com\/spodnie-stripes-brown-premium\/","name":"Spodnie Stripes Brown - WHYSOSERIOUS store","isPartOf":{"@id":"https:\/\/whysoseriousstore.com\/#website"},"primaryImageOfPage":{"@id":"https:\/\/whysoseriousstore.com\/spodnie-stripes-brown-premium\/#primaryimage"},"image":{"@id":"https:\/\/whysoseriousstore.com\/spodnie-stripes-brown-premium\/#primaryimage"},"thumbnailUrl":"https:\/\/whysoseriousstore.com\/wp-content\/uploads\/2025\/12\/Spodnie-Bawelniane-w-paski-wide-Leg-Whysoserious-1.jpg","datePublished":"2025-12-03T00:12:26+00:00","dateModified":"2026-05-01T09:56:43+00:00","description":"Spodnie Stripes Brown to idealny dodatek do Twojej garderoby. Pasuje do wielu stylizacji i stanowi jej cudowne dope\u0142nienie.","breadcrumb":{"@id":"https:\/\/whysoseriousstore.com\/spodnie-stripes-brown-premium\/#breadcrumb"},"inLanguage":"en-GB","potentialAction":[{"@type":"ReadAction","target":["https:\/\/whysoseriousstore.com\/spodnie-stripes-brown-premium\/"]}]},{"@type":"ImageObject","inLanguage":"en-GB","@id":"https:\/\/whysoseriousstore.com\/spodnie-stripes-brown-premium\/#primaryimage","url":"https:\/\/whysoseriousstore.com\/wp-content\/uploads\/2025\/12\/Spodnie-Bawelniane-w-paski-wide-Leg-Whysoserious-1.jpg","contentUrl":"https:\/\/whysoseriousstore.com\/wp-content\/uploads\/2025\/12\/Spodnie-Bawelniane-w-paski-wide-Leg-Whysoserious-1.jpg","width":1000,"height":1500},{"@type":"BreadcrumbList","@id":"https:\/\/whysoseriousstore.com\/spodnie-stripes-brown-premium\/#breadcrumb","itemListElement":[{"@type":"ListItem","position":1,"name":"Strona g\u0142\u00f3wna","item":"https:\/\/whysoseriousstore.com\/"},{"@type":"ListItem","position":2,"name":"Sklep","item":"https:\/\/whysoseriousstore.com\/sklep\/"},{"@type":"ListItem","position":3,"name":"Spodnie Stripes Brown"}]},{"@type":"WebSite","@id":"https:\/\/whysoseriousstore.com\/#website","url":"https:\/\/whysoseriousstore.com\/","name":"WHYSOSERIOUS store","description":"","potentialAction":[{"@type":"SearchAction","target":{"@type":"EntryPoint","urlTemplate":"https:\/\/whysoseriousstore.com\/?s={search_term_string}"},"query-input":{"@type":"PropertyValueSpecification","valueRequired":true,"valueName":"search_term_string"}}],"inLanguage":"en-GB"}]}},"_links":{"self":[{"href":"https:\/\/whysoseriousstore.com\/eng\/wp-json\/wp\/v2\/product\/25438","targetHints":{"allow":["GET"]}}],"collection":[{"href":"https:\/\/whysoseriousstore.com\/eng\/wp-json\/wp\/v2\/product"}],"about":[{"href":"https:\/\/whysoseriousstore.com\/eng\/wp-json\/wp\/v2\/types\/product"}],"wp:featuredmedia":[{"embeddable":true,"href":"https:\/\/whysoseriousstore.com\/eng\/wp-json\/wp\/v2\/media\/25774"}],"wp:attachment":[{"href":"https:\/\/whysoseriousstore.com\/eng\/wp-json\/wp\/v2\/media?parent=25438"}],"wp:term":[{"taxonomy":"product_brand","embeddable":true,"href":"https:\/\/whysoseriousstore.com\/eng\/wp-json\/wp\/v2\/product_brand?post=25438"},{"taxonomy":"product_cat","embeddable":true,"href":"https:\/\/whysoseriousstore.com\/eng\/wp-json\/wp\/v2\/product_cat?post=25438"},{"taxonomy":"product_tag","embeddable":true,"href":"https:\/\/whysoseriousstore.com\/eng\/wp-json\/wp\/v2\/product_tag?post=25438"}],"curies":[{"name":"wp","href":"https:\/\/api.w.org\/{rel}","templated":true}]}}