{"id":25472,"date":"2025-12-04T00:19:25","date_gmt":"2025-12-03T23:19:25","guid":{"rendered":"https:\/\/whysoseriousstore.com\/?post_type=product&#038;p=25472"},"modified":"2026-05-01T19:16:03","modified_gmt":"2026-05-01T17:16:03","slug":"asap-khaki-longsleeve","status":"publish","type":"product","link":"https:\/\/whysoseriousstore.com\/eng\/asap-khaki-longsleeve\/","title":{"rendered":"Longsleeve ASAP Khaki"},"content":{"rendered":"<p data-start=\"170\" data-end=\"208\"><strong data-start=\"170\" data-end=\"208\">AS SLOW AS POSSIBLE - limited drop<\/strong><\/p>\n<p data-start=\"210\" data-end=\"402\">Longsleeve designed in collaboration with <strong data-start=\"252\" data-end=\"278\">Paula in Scotland Yoga<\/strong>.<br data-start=\"279\" data-end=\"282\" \/>In a deep, soothing shade <strong data-start=\"311\" data-end=\"320\">khaki<\/strong>, which envelops you like a warm light in the morning and says - slow down, you're doing fine.<\/p>\n<p data-start=\"404\" data-end=\"647\">A soft, 100% cotton longsleeve. Fitted to your figure, made to move, to slow down, to do things your way, especially in the frantic pre-Christmas time.<br data-start=\"513\" data-end=\"516\" \/>Printed <strong data-start=\"545\" data-end=\"568\">As Slow As Possible - our version ASAP<\/strong>, and a snail made by Paulina Gopal.<\/p>\n<p data-start=\"649\" data-end=\"792\"><strong data-start=\"649\" data-end=\"671\">Limited edition.<\/strong><\/p>\n<p data-start=\"649\" data-end=\"792\">Each order comes with a card with a code for a 15-minute yoga nidra.<\/p>\n<p data-start=\"1008\" data-end=\"1051\">Paula is 158 cm tall and wears a size S.<\/p>\n<p data-start=\"1053\" data-end=\"1093\"><strong data-start=\"1053\" data-end=\"1093\">THE HIGHEST QUALITY, MADE IN POLAND.<\/strong><\/p>\n<p><a href=\"https:\/\/whysoseriousstore.com\/eng\/tshirty-damskie\/?v=9b7d173b068d\">See also our sweatshirts!<\/a><br \/>\nVisit us at\u00a0<a href=\"https:\/\/www.instagram.com\/wss.whysoserious\/\">instagram<\/a>\u00a0i\u00a0<a href=\"https:\/\/www.facebook.com\/WSS.whysoserious\">facebook<\/a>.<\/p>","protected":false},"excerpt":{"rendered":"<p>AS SLOW AS POSSIBLE \u2014 limited drop Longsleeve zaprojektowany we wsp\u00f3\u0142pracy z Paula in Scotland Yoga.W g\u0142\u0119bokim, koj\u0105cym odcieniu khaki, kt\u00f3ry otula jak ciep\u0142e \u015bwiat\u0142o o poranku i m\u00f3wi &#8211; slow down, you&#8217;re doing fine. Mi\u0119kki, wykonany ze 100% bawe\u0142ny longsleeve. Dopasowuj\u0105cy si\u0119 do sylwetki, stworzony do ruchu, do zwolnienia tempa, do robienia rzeczy po [&hellip;]<\/p>\n","protected":false},"featured_media":25699,"template":"","meta":[],"product_brand":[],"product_cat":[169,164,180,176,110,127],"product_tag":[],"class_list":{"0":"post-25472","1":"product","2":"type-product","3":"status-publish","4":"has-post-thumbnail","6":"product_cat-gift-guide","7":"product_cat-longsleeve","8":"product_cat-spring-sale","9":"product_cat-womens-day","10":"product_cat-tshirty-unisex","11":"product_cat-wszystko","13":"first","14":"instock","15":"sale","16":"taxable","17":"shipping-taxable","18":"purchasable","19":"product-type-variable","20":"has-default-attributes"},"bundled_by":[],"bundle_stock_status":"instock","bundle_stock_quantity":null,"bundle_virtual":false,"bundle_layout":"","bundle_add_to_cart_form_location":"","bundle_editable_in_cart":false,"bundle_sold_individually_context":"","bundle_item_grouping":"","bundle_min_size":"","bundle_max_size":"","bundle_price":[],"bundled_items":[],"bundle_sell_ids":[],"yoast_head":"<!-- This site is optimized with the Yoast SEO Premium plugin v20.0 (Yoast SEO v26.5) - https:\/\/yoast.com\/wordpress\/plugins\/seo\/ -->\n<title>Longsleeve ASAP Khaki - WHYSOSERIOUS store<\/title>\n<meta name=\"description\" content=\"Bawe\u0142niany longsleeve ASAP Khaki jest to idealny dodatek do Twojej garderoby. Pasuje do wielu stylizacji i stanowi jej dope\u0142nienie.\" \/>\n<meta name=\"robots\" content=\"index, follow, max-snippet:-1, max-image-preview:large, max-video-preview:-1\" \/>\n<link rel=\"canonical\" href=\"https:\/\/whysoseriousstore.com\/eng\/asap-khaki-longsleeve\/\" \/>\n<meta property=\"og:locale\" content=\"en_GB\" \/>\n<meta property=\"og:type\" content=\"article\" \/>\n<meta property=\"og:title\" content=\"Longsleeve ASAP Khaki\" \/>\n<meta property=\"og:description\" content=\"Bawe\u0142niany longsleeve ASAP Khaki jest to idealny dodatek do Twojej garderoby. Pasuje do wielu stylizacji i stanowi jej dope\u0142nienie.\" \/>\n<meta property=\"og:url\" content=\"https:\/\/whysoseriousstore.com\/eng\/asap-khaki-longsleeve\/\" \/>\n<meta property=\"og:site_name\" content=\"WHYSOSERIOUS store\" \/>\n<meta property=\"article:modified_time\" content=\"2026-05-01T17:16:03+00:00\" \/>\n<meta property=\"og:image\" content=\"https:\/\/whysoseriousstore.com\/wp-content\/uploads\/2025\/12\/Longlseeve-Khaki-slow-down-Why-so-serious.jpg\" \/>\n\t<meta property=\"og:image:width\" content=\"1000\" \/>\n\t<meta property=\"og:image:height\" content=\"1500\" \/>\n\t<meta property=\"og:image:type\" content=\"image\/jpeg\" \/>\n<meta name=\"twitter:card\" content=\"summary_large_image\" \/>\n<meta name=\"twitter:label1\" content=\"Estimated reading time\" \/>\n\t<meta name=\"twitter:data1\" content=\"1 minute\" \/>\n<script type=\"application\/ld+json\" class=\"yoast-schema-graph\">{\"@context\":\"https:\/\/schema.org\",\"@graph\":[{\"@type\":\"WebPage\",\"@id\":\"https:\/\/whysoseriousstore.com\/asap-khaki-longsleeve\/\",\"url\":\"https:\/\/whysoseriousstore.com\/asap-khaki-longsleeve\/\",\"name\":\"Longsleeve ASAP Khaki - WHYSOSERIOUS store\",\"isPartOf\":{\"@id\":\"https:\/\/whysoseriousstore.com\/#website\"},\"primaryImageOfPage\":{\"@id\":\"https:\/\/whysoseriousstore.com\/asap-khaki-longsleeve\/#primaryimage\"},\"image\":{\"@id\":\"https:\/\/whysoseriousstore.com\/asap-khaki-longsleeve\/#primaryimage\"},\"thumbnailUrl\":\"https:\/\/whysoseriousstore.com\/wp-content\/uploads\/2025\/12\/Longlseeve-Khaki-slow-down-Why-so-serious.jpg\",\"datePublished\":\"2025-12-03T23:19:25+00:00\",\"dateModified\":\"2026-05-01T17:16:03+00:00\",\"description\":\"Bawe\u0142niany longsleeve ASAP Khaki jest to idealny dodatek do Twojej garderoby. Pasuje do wielu stylizacji i stanowi jej dope\u0142nienie.\",\"breadcrumb\":{\"@id\":\"https:\/\/whysoseriousstore.com\/asap-khaki-longsleeve\/#breadcrumb\"},\"inLanguage\":\"en-GB\",\"potentialAction\":[{\"@type\":\"ReadAction\",\"target\":[\"https:\/\/whysoseriousstore.com\/asap-khaki-longsleeve\/\"]}]},{\"@type\":\"ImageObject\",\"inLanguage\":\"en-GB\",\"@id\":\"https:\/\/whysoseriousstore.com\/asap-khaki-longsleeve\/#primaryimage\",\"url\":\"https:\/\/whysoseriousstore.com\/wp-content\/uploads\/2025\/12\/Longlseeve-Khaki-slow-down-Why-so-serious.jpg\",\"contentUrl\":\"https:\/\/whysoseriousstore.com\/wp-content\/uploads\/2025\/12\/Longlseeve-Khaki-slow-down-Why-so-serious.jpg\",\"width\":1000,\"height\":1500},{\"@type\":\"BreadcrumbList\",\"@id\":\"https:\/\/whysoseriousstore.com\/asap-khaki-longsleeve\/#breadcrumb\",\"itemListElement\":[{\"@type\":\"ListItem\",\"position\":1,\"name\":\"Strona g\u0142\u00f3wna\",\"item\":\"https:\/\/whysoseriousstore.com\/\"},{\"@type\":\"ListItem\",\"position\":2,\"name\":\"Sklep\",\"item\":\"https:\/\/whysoseriousstore.com\/sklep\/\"},{\"@type\":\"ListItem\",\"position\":3,\"name\":\"Longsleeve ASAP Khaki\"}]},{\"@type\":\"WebSite\",\"@id\":\"https:\/\/whysoseriousstore.com\/#website\",\"url\":\"https:\/\/whysoseriousstore.com\/\",\"name\":\"WHYSOSERIOUS store\",\"description\":\"\",\"potentialAction\":[{\"@type\":\"SearchAction\",\"target\":{\"@type\":\"EntryPoint\",\"urlTemplate\":\"https:\/\/whysoseriousstore.com\/?s={search_term_string}\"},\"query-input\":{\"@type\":\"PropertyValueSpecification\",\"valueRequired\":true,\"valueName\":\"search_term_string\"}}],\"inLanguage\":\"en-GB\"}]}<\/script>\n<!-- \/ Yoast SEO Premium plugin. -->","yoast_head_json":{"title":"Longsleeve ASAP Khaki - WHYSOSERIOUS store","description":"Bawe\u0142niany longsleeve ASAP Khaki jest to idealny dodatek do Twojej garderoby. Pasuje do wielu stylizacji i stanowi jej dope\u0142nienie.","robots":{"index":"index","follow":"follow","max-snippet":"max-snippet:-1","max-image-preview":"max-image-preview:large","max-video-preview":"max-video-preview:-1"},"canonical":"https:\/\/whysoseriousstore.com\/eng\/asap-khaki-longsleeve\/","og_locale":"en_GB","og_type":"article","og_title":"Longsleeve ASAP Khaki","og_description":"Bawe\u0142niany longsleeve ASAP Khaki jest to idealny dodatek do Twojej garderoby. Pasuje do wielu stylizacji i stanowi jej dope\u0142nienie.","og_url":"https:\/\/whysoseriousstore.com\/eng\/asap-khaki-longsleeve\/","og_site_name":"WHYSOSERIOUS store","article_modified_time":"2026-05-01T17:16:03+00:00","og_image":[{"width":1000,"height":1500,"url":"https:\/\/whysoseriousstore.com\/wp-content\/uploads\/2025\/12\/Longlseeve-Khaki-slow-down-Why-so-serious.jpg","type":"image\/jpeg"}],"twitter_card":"summary_large_image","twitter_misc":{"Estimated reading time":"1 minute"},"schema":{"@context":"https:\/\/schema.org","@graph":[{"@type":"WebPage","@id":"https:\/\/whysoseriousstore.com\/asap-khaki-longsleeve\/","url":"https:\/\/whysoseriousstore.com\/asap-khaki-longsleeve\/","name":"Longsleeve ASAP Khaki - WHYSOSERIOUS store","isPartOf":{"@id":"https:\/\/whysoseriousstore.com\/#website"},"primaryImageOfPage":{"@id":"https:\/\/whysoseriousstore.com\/asap-khaki-longsleeve\/#primaryimage"},"image":{"@id":"https:\/\/whysoseriousstore.com\/asap-khaki-longsleeve\/#primaryimage"},"thumbnailUrl":"https:\/\/whysoseriousstore.com\/wp-content\/uploads\/2025\/12\/Longlseeve-Khaki-slow-down-Why-so-serious.jpg","datePublished":"2025-12-03T23:19:25+00:00","dateModified":"2026-05-01T17:16:03+00:00","description":"Bawe\u0142niany longsleeve ASAP Khaki jest to idealny dodatek do Twojej garderoby. Pasuje do wielu stylizacji i stanowi jej dope\u0142nienie.","breadcrumb":{"@id":"https:\/\/whysoseriousstore.com\/asap-khaki-longsleeve\/#breadcrumb"},"inLanguage":"en-GB","potentialAction":[{"@type":"ReadAction","target":["https:\/\/whysoseriousstore.com\/asap-khaki-longsleeve\/"]}]},{"@type":"ImageObject","inLanguage":"en-GB","@id":"https:\/\/whysoseriousstore.com\/asap-khaki-longsleeve\/#primaryimage","url":"https:\/\/whysoseriousstore.com\/wp-content\/uploads\/2025\/12\/Longlseeve-Khaki-slow-down-Why-so-serious.jpg","contentUrl":"https:\/\/whysoseriousstore.com\/wp-content\/uploads\/2025\/12\/Longlseeve-Khaki-slow-down-Why-so-serious.jpg","width":1000,"height":1500},{"@type":"BreadcrumbList","@id":"https:\/\/whysoseriousstore.com\/asap-khaki-longsleeve\/#breadcrumb","itemListElement":[{"@type":"ListItem","position":1,"name":"Strona g\u0142\u00f3wna","item":"https:\/\/whysoseriousstore.com\/"},{"@type":"ListItem","position":2,"name":"Sklep","item":"https:\/\/whysoseriousstore.com\/sklep\/"},{"@type":"ListItem","position":3,"name":"Longsleeve ASAP Khaki"}]},{"@type":"WebSite","@id":"https:\/\/whysoseriousstore.com\/#website","url":"https:\/\/whysoseriousstore.com\/","name":"WHYSOSERIOUS store","description":"","potentialAction":[{"@type":"SearchAction","target":{"@type":"EntryPoint","urlTemplate":"https:\/\/whysoseriousstore.com\/?s={search_term_string}"},"query-input":{"@type":"PropertyValueSpecification","valueRequired":true,"valueName":"search_term_string"}}],"inLanguage":"en-GB"}]}},"_links":{"self":[{"href":"https:\/\/whysoseriousstore.com\/eng\/wp-json\/wp\/v2\/product\/25472","targetHints":{"allow":["GET"]}}],"collection":[{"href":"https:\/\/whysoseriousstore.com\/eng\/wp-json\/wp\/v2\/product"}],"about":[{"href":"https:\/\/whysoseriousstore.com\/eng\/wp-json\/wp\/v2\/types\/product"}],"wp:featuredmedia":[{"embeddable":true,"href":"https:\/\/whysoseriousstore.com\/eng\/wp-json\/wp\/v2\/media\/25699"}],"wp:attachment":[{"href":"https:\/\/whysoseriousstore.com\/eng\/wp-json\/wp\/v2\/media?parent=25472"}],"wp:term":[{"taxonomy":"product_brand","embeddable":true,"href":"https:\/\/whysoseriousstore.com\/eng\/wp-json\/wp\/v2\/product_brand?post=25472"},{"taxonomy":"product_cat","embeddable":true,"href":"https:\/\/whysoseriousstore.com\/eng\/wp-json\/wp\/v2\/product_cat?post=25472"},{"taxonomy":"product_tag","embeddable":true,"href":"https:\/\/whysoseriousstore.com\/eng\/wp-json\/wp\/v2\/product_tag?post=25472"}],"curies":[{"name":"wp","href":"https:\/\/api.w.org\/{rel}","templated":true}]}}