{"id":25503,"date":"2025-12-04T15:05:14","date_gmt":"2025-12-04T14:05:14","guid":{"rendered":"https:\/\/whysoseriousstore.com\/?post_type=product&#038;p=25503"},"modified":"2025-12-12T12:18:18","modified_gmt":"2025-12-12T11:18:18","slug":"stripes-longsleeve-box-of-2","status":"publish","type":"product","link":"https:\/\/whysoseriousstore.com\/eng\/stripes-longsleeve-box-of-2\/","title":{"rendered":"Stripes Longsleeve BOX OF 2"},"content":{"rendered":"<div class=\"flex basis-auto flex-col -mb-(--composer-overlap-px) [--composer-overlap-px:55px] grow overflow-hidden\">\n<div class=\"relative h-full\">\n<div class=\"flex h-full flex-col overflow-y-auto [scrollbar-gutter:stable_both-edges] @[84rem]\/thread:pt-(--header-height)\">\n<div class=\"@thread-xl\/thread:pt-header-height flex flex-col text-sm pb-25\">\n<article class=\"text-token-text-primary w-full focus:outline-none scroll-mt-[calc(var(--header-height)+min(200px,max(70px,20svh)))]\" dir=\"auto\" tabindex=\"-1\" data-testid=\"conversation-turn-2\" data-scroll-anchor=\"true\" data-turn=\"assistant\">\n<div class=\"text-base my-auto mx-auto pb-10 [--thread-content-margin:--spacing(4)] @[37rem]:[--thread-content-margin:--spacing(6)] @[72rem]:[--thread-content-margin:--spacing(16)] px-(--thread-content-margin)\">\n<div class=\"[--thread-content-max-width:32rem] @[34rem]:[--thread-content-max-width:40rem] @[64rem]:[--thread-content-max-width:48rem] mx-auto max-w-(--thread-content-max-width) flex-1 group\/turn-messages focus-visible:outline-hidden relative flex w-full min-w-0 flex-col agent-turn\" tabindex=\"-1\">\n<div class=\"flex max-w-full flex-col grow\">\n<div class=\"min-h-8 text-message relative flex w-full flex-col items-end gap-2 text-start break-words whitespace-normal [.text-message+&amp;]:mt-5\" dir=\"auto\" data-message-author-role=\"assistant\" data-message-id=\"d31ba12a-889a-44cd-b789-be22a613198c\" data-message-model-slug=\"gpt-4o\">\n<div class=\"flex w-full flex-col gap-1 empty:hidden first:pt-[3px]\">\n<div class=\"markdown prose dark:prose-invert w-full break-words light\">\n<p data-start=\"109\" data-end=\"396\"><strong data-start=\"109\" data-end=\"137\">Longsleeve w paski <\/strong>to nasz bestseller, kt\u00f3ry wnosi luz, styl i jako\u015b\u0107 do ka\u017cdej stylizacji.<\/p>\n<p data-start=\"109\" data-end=\"396\">Teraz w idealnym secie prezentowym &lt;3<\/p>\n<p data-start=\"109\" data-end=\"396\">Ka\u017cdy zestaw zawiera 2 wybrane przez Ciebie longsleeve&#8217;y. To ten basic, kt\u00f3ry chcesz nosi\u0107 ka\u017cdego dnia.<\/p>\n<\/div>\n<div class=\"markdown prose dark:prose-invert w-full break-words light\">\n<p data-start=\"864\" data-end=\"1117\">Wysokiej jako\u015bci bawe\u0142na premium o wysokiej gramaturze \u2013 wyj\u0105tkowo mi\u0119kka i trwa\u0142a. Przyjemna w dotyku, odporna na mechacenie i zachowuj\u0105ca form\u0119 nawet po wielu praniach. Idealna na ka\u017cd\u0105 por\u0119 roku \u2013 solo lub jako warstwa pod kurtk\u0119 czy bluz\u0119.<\/p>\n<p data-start=\"864\" data-end=\"1117\">Lu\u017cny kr\u00f3j boxy z szerokim r\u0119kawem i delikatnie obni\u017con\u0105 lini\u0105 ramion \u2013 zapewnia komfort i swobod\u0119 noszenia bez wzgl\u0119du na okazj\u0119. To ten typ ubrania, kt\u00f3ry za\u0142o\u017cysz na spacer, kaw\u0119, do pracy albo na weekendowy wypad za miasto.<\/p>\n<\/div>\n<\/div>\n<\/div>\n<\/div>\n<\/div>\n<\/div>\n<\/article>\n<\/div>\n<\/div>\n<\/div>\n<\/div>\n<p data-start=\"934\" data-end=\"974\"><strong data-start=\"934\" data-end=\"974\">THE HIGHEST QUALITY, MADE IN POLAND.<\/strong><\/p>\n<p><a href=\"https:\/\/whysoseriousstore.com\/tshirty-damskie\/\">Zobacz tak\u017ce nasze t-shirty!<\/a><br \/>\nOdwied\u017a nas na <a href=\"https:\/\/www.instagram.com\/wss.whysoserious\/\">instagramie<\/a> i <a href=\"https:\/\/www.facebook.com\/WSS.whysoserious\">facebooku<\/a>.<\/p>\n","protected":false},"excerpt":{"rendered":"<p>Longsleeve w paski to nasz bestseller, kt\u00f3ry wnosi luz, styl i jako\u015b\u0107 do ka\u017cdej stylizacji. Teraz w idealnym secie prezentowym &lt;3 Ka\u017cdy zestaw zawiera 2 wybrane przez Ciebie longsleeve&#8217;y. To ten basic, kt\u00f3ry chcesz nosi\u0107 ka\u017cdego dnia. Wysokiej jako\u015bci bawe\u0142na premium o wysokiej gramaturze \u2013 wyj\u0105tkowo mi\u0119kka i trwa\u0142a. Przyjemna w dotyku, odporna na mechacenie [&hellip;]<\/p>\n","protected":false},"featured_media":25596,"template":"","meta":[],"product_brand":[],"product_cat":[164,127],"product_tag":[],"class_list":{"0":"post-25503","1":"product","2":"type-product","3":"status-publish","4":"has-post-thumbnail","6":"product_cat-longsleeve","7":"product_cat-wszystko","9":"first","10":"instock","11":"sale","12":"virtual","13":"taxable","14":"purchasable","15":"product-type-bundle"},"bundled_by":[],"bundle_stock_status":"instock","bundle_stock_quantity":18,"bundle_virtual":false,"bundle_layout":"default","bundle_add_to_cart_form_location":"default","bundle_editable_in_cart":false,"bundle_sold_individually_context":"product","bundle_item_grouping":"parent","bundle_min_size":2,"bundle_max_size":2,"bundle_price":{"price":{"min":{"incl_tax":"529","excl_tax":"430.081301"},"max":{"incl_tax":"529","excl_tax":"430.081301"}},"regular_price":{"min":{"incl_tax":"598","excl_tax":"486.178862"},"max":{"incl_tax":"598","excl_tax":"486.178862"}}},"bundled_items":[{"bundled_item_id":8,"product_id":22829,"menu_order":0,"quantity_min":1,"quantity_max":1,"quantity_default":1,"priced_individually":false,"shipped_individually":false,"override_title":false,"title":"Longsleeve Stripes Brown Premium","override_description":false,"description":"","optional":true,"hide_thumbnail":false,"discount":"","override_variations":false,"allowed_variations":[],"override_default_variation_attributes":false,"default_variation_attributes":[],"single_product_visibility":"visible","cart_visibility":"visible","order_visibility":"visible","single_product_price_visibility":"visible","cart_price_visibility":"visible","order_price_visibility":"visible","stock_status":"in_stock"},{"bundled_item_id":9,"product_id":22900,"menu_order":1,"quantity_min":1,"quantity_max":1,"quantity_default":1,"priced_individually":false,"shipped_individually":false,"override_title":false,"title":"Longsleeve Stripes Black Premium","override_description":false,"description":"","optional":true,"hide_thumbnail":false,"discount":"","override_variations":false,"allowed_variations":[],"override_default_variation_attributes":false,"default_variation_attributes":[],"single_product_visibility":"visible","cart_visibility":"visible","order_visibility":"visible","single_product_price_visibility":"visible","cart_price_visibility":"visible","order_price_visibility":"visible","stock_status":"in_stock"},{"bundled_item_id":10,"product_id":23989,"menu_order":2,"quantity_min":1,"quantity_max":1,"quantity_default":1,"priced_individually":false,"shipped_individually":false,"override_title":false,"title":"Longsleeve Stripes Green Premium","override_description":false,"description":"","optional":true,"hide_thumbnail":false,"discount":"","override_variations":false,"allowed_variations":[],"override_default_variation_attributes":false,"default_variation_attributes":[],"single_product_visibility":"visible","cart_visibility":"visible","order_visibility":"visible","single_product_price_visibility":"visible","cart_price_visibility":"visible","order_price_visibility":"visible","stock_status":"in_stock"},{"bundled_item_id":11,"product_id":25467,"menu_order":3,"quantity_min":1,"quantity_max":1,"quantity_default":1,"priced_individually":false,"shipped_individually":false,"override_title":false,"title":"Longsleeve Stripes Grey","override_description":false,"description":"","optional":true,"hide_thumbnail":false,"discount":"","override_variations":false,"allowed_variations":[],"override_default_variation_attributes":false,"default_variation_attributes":[],"single_product_visibility":"visible","cart_visibility":"visible","order_visibility":"visible","single_product_price_visibility":"visible","cart_price_visibility":"visible","order_price_visibility":"visible","stock_status":"out_of_stock"}],"bundle_sell_ids":[],"yoast_head":"<!-- This site is optimized with the Yoast SEO Premium plugin v20.0 (Yoast SEO v26.5) - https:\/\/yoast.com\/wordpress\/plugins\/seo\/ -->\n<title>Stripes Longsleeve BOX OF 2 - WHYSOSERIOUS store<\/title>\n<meta name=\"description\" content=\"Zestaw longsleeve w paski, idealny na prezent. Wysokiej jako\u015bci longsleeve&#039;y damskie w paski wykonane z mi\u0119kkiej bawe\u0142ny.\" \/>\n<meta name=\"robots\" content=\"index, follow, max-snippet:-1, max-image-preview:large, max-video-preview:-1\" \/>\n<link rel=\"canonical\" href=\"https:\/\/whysoseriousstore.com\/eng\/stripes-longsleeve-box-of-2\/\" \/>\n<meta property=\"og:locale\" content=\"en_GB\" \/>\n<meta property=\"og:type\" content=\"article\" \/>\n<meta property=\"og:title\" content=\"Stripes Longsleeve BOX OF 2\" \/>\n<meta property=\"og:description\" content=\"Zestaw longsleeve w paski, idealny na prezent. Wysokiej jako\u015bci longsleeve&#039;y damskie w paski wykonane z mi\u0119kkiej bawe\u0142ny.\" \/>\n<meta property=\"og:url\" content=\"https:\/\/whysoseriousstore.com\/eng\/stripes-longsleeve-box-of-2\/\" \/>\n<meta property=\"og:site_name\" content=\"WHYSOSERIOUS store\" \/>\n<meta property=\"article:modified_time\" content=\"2025-12-12T11:18:18+00:00\" \/>\n<meta property=\"og:image\" content=\"https:\/\/whysoseriousstore.com\/wp-content\/uploads\/2025\/12\/IMG_0581.jpg\" \/>\n\t<meta property=\"og:image:width\" content=\"1000\" \/>\n\t<meta property=\"og:image:height\" content=\"1500\" \/>\n\t<meta property=\"og:image:type\" content=\"image\/jpeg\" \/>\n<meta name=\"twitter:card\" content=\"summary_large_image\" \/>\n<meta name=\"twitter:label1\" content=\"Estimated reading time\" \/>\n\t<meta name=\"twitter:data1\" content=\"1 minute\" \/>\n<script type=\"application\/ld+json\" class=\"yoast-schema-graph\">{\"@context\":\"https:\/\/schema.org\",\"@graph\":[{\"@type\":\"WebPage\",\"@id\":\"https:\/\/whysoseriousstore.com\/stripes-longsleeve-box-of-2\/\",\"url\":\"https:\/\/whysoseriousstore.com\/stripes-longsleeve-box-of-2\/\",\"name\":\"Stripes Longsleeve BOX OF 2 - WHYSOSERIOUS store\",\"isPartOf\":{\"@id\":\"https:\/\/whysoseriousstore.com\/#website\"},\"primaryImageOfPage\":{\"@id\":\"https:\/\/whysoseriousstore.com\/stripes-longsleeve-box-of-2\/#primaryimage\"},\"image\":{\"@id\":\"https:\/\/whysoseriousstore.com\/stripes-longsleeve-box-of-2\/#primaryimage\"},\"thumbnailUrl\":\"https:\/\/whysoseriousstore.com\/wp-content\/uploads\/2025\/12\/IMG_0581.jpg\",\"datePublished\":\"2025-12-04T14:05:14+00:00\",\"dateModified\":\"2025-12-12T11:18:18+00:00\",\"description\":\"Zestaw longsleeve w paski, idealny na prezent. Wysokiej jako\u015bci longsleeve'y damskie w paski wykonane z mi\u0119kkiej bawe\u0142ny.\",\"breadcrumb\":{\"@id\":\"https:\/\/whysoseriousstore.com\/stripes-longsleeve-box-of-2\/#breadcrumb\"},\"inLanguage\":\"en-GB\",\"potentialAction\":[{\"@type\":\"ReadAction\",\"target\":[\"https:\/\/whysoseriousstore.com\/stripes-longsleeve-box-of-2\/\"]}]},{\"@type\":\"ImageObject\",\"inLanguage\":\"en-GB\",\"@id\":\"https:\/\/whysoseriousstore.com\/stripes-longsleeve-box-of-2\/#primaryimage\",\"url\":\"https:\/\/whysoseriousstore.com\/wp-content\/uploads\/2025\/12\/IMG_0581.jpg\",\"contentUrl\":\"https:\/\/whysoseriousstore.com\/wp-content\/uploads\/2025\/12\/IMG_0581.jpg\",\"width\":1000,\"height\":1500},{\"@type\":\"BreadcrumbList\",\"@id\":\"https:\/\/whysoseriousstore.com\/stripes-longsleeve-box-of-2\/#breadcrumb\",\"itemListElement\":[{\"@type\":\"ListItem\",\"position\":1,\"name\":\"Strona g\u0142\u00f3wna\",\"item\":\"https:\/\/whysoseriousstore.com\/\"},{\"@type\":\"ListItem\",\"position\":2,\"name\":\"Sklep\",\"item\":\"https:\/\/whysoseriousstore.com\/sklep\/\"},{\"@type\":\"ListItem\",\"position\":3,\"name\":\"Stripes Longsleeve BOX OF 2\"}]},{\"@type\":\"WebSite\",\"@id\":\"https:\/\/whysoseriousstore.com\/#website\",\"url\":\"https:\/\/whysoseriousstore.com\/\",\"name\":\"WHYSOSERIOUS store\",\"description\":\"\",\"potentialAction\":[{\"@type\":\"SearchAction\",\"target\":{\"@type\":\"EntryPoint\",\"urlTemplate\":\"https:\/\/whysoseriousstore.com\/?s={search_term_string}\"},\"query-input\":{\"@type\":\"PropertyValueSpecification\",\"valueRequired\":true,\"valueName\":\"search_term_string\"}}],\"inLanguage\":\"en-GB\"}]}<\/script>\n<!-- \/ Yoast SEO Premium plugin. -->","yoast_head_json":{"title":"Stripes Longsleeve BOX OF 2 - WHYSOSERIOUS store","description":"Zestaw longsleeve w paski, idealny na prezent. Wysokiej jako\u015bci longsleeve'y damskie w paski wykonane z mi\u0119kkiej bawe\u0142ny.","robots":{"index":"index","follow":"follow","max-snippet":"max-snippet:-1","max-image-preview":"max-image-preview:large","max-video-preview":"max-video-preview:-1"},"canonical":"https:\/\/whysoseriousstore.com\/eng\/stripes-longsleeve-box-of-2\/","og_locale":"en_GB","og_type":"article","og_title":"Stripes Longsleeve BOX OF 2","og_description":"Zestaw longsleeve w paski, idealny na prezent. Wysokiej jako\u015bci longsleeve'y damskie w paski wykonane z mi\u0119kkiej bawe\u0142ny.","og_url":"https:\/\/whysoseriousstore.com\/eng\/stripes-longsleeve-box-of-2\/","og_site_name":"WHYSOSERIOUS store","article_modified_time":"2025-12-12T11:18:18+00:00","og_image":[{"width":1000,"height":1500,"url":"https:\/\/whysoseriousstore.com\/wp-content\/uploads\/2025\/12\/IMG_0581.jpg","type":"image\/jpeg"}],"twitter_card":"summary_large_image","twitter_misc":{"Estimated reading time":"1 minute"},"schema":{"@context":"https:\/\/schema.org","@graph":[{"@type":"WebPage","@id":"https:\/\/whysoseriousstore.com\/stripes-longsleeve-box-of-2\/","url":"https:\/\/whysoseriousstore.com\/stripes-longsleeve-box-of-2\/","name":"Stripes Longsleeve BOX OF 2 - WHYSOSERIOUS store","isPartOf":{"@id":"https:\/\/whysoseriousstore.com\/#website"},"primaryImageOfPage":{"@id":"https:\/\/whysoseriousstore.com\/stripes-longsleeve-box-of-2\/#primaryimage"},"image":{"@id":"https:\/\/whysoseriousstore.com\/stripes-longsleeve-box-of-2\/#primaryimage"},"thumbnailUrl":"https:\/\/whysoseriousstore.com\/wp-content\/uploads\/2025\/12\/IMG_0581.jpg","datePublished":"2025-12-04T14:05:14+00:00","dateModified":"2025-12-12T11:18:18+00:00","description":"Zestaw longsleeve w paski, idealny na prezent. Wysokiej jako\u015bci longsleeve'y damskie w paski wykonane z mi\u0119kkiej bawe\u0142ny.","breadcrumb":{"@id":"https:\/\/whysoseriousstore.com\/stripes-longsleeve-box-of-2\/#breadcrumb"},"inLanguage":"en-GB","potentialAction":[{"@type":"ReadAction","target":["https:\/\/whysoseriousstore.com\/stripes-longsleeve-box-of-2\/"]}]},{"@type":"ImageObject","inLanguage":"en-GB","@id":"https:\/\/whysoseriousstore.com\/stripes-longsleeve-box-of-2\/#primaryimage","url":"https:\/\/whysoseriousstore.com\/wp-content\/uploads\/2025\/12\/IMG_0581.jpg","contentUrl":"https:\/\/whysoseriousstore.com\/wp-content\/uploads\/2025\/12\/IMG_0581.jpg","width":1000,"height":1500},{"@type":"BreadcrumbList","@id":"https:\/\/whysoseriousstore.com\/stripes-longsleeve-box-of-2\/#breadcrumb","itemListElement":[{"@type":"ListItem","position":1,"name":"Strona g\u0142\u00f3wna","item":"https:\/\/whysoseriousstore.com\/"},{"@type":"ListItem","position":2,"name":"Sklep","item":"https:\/\/whysoseriousstore.com\/sklep\/"},{"@type":"ListItem","position":3,"name":"Stripes Longsleeve BOX OF 2"}]},{"@type":"WebSite","@id":"https:\/\/whysoseriousstore.com\/#website","url":"https:\/\/whysoseriousstore.com\/","name":"WHYSOSERIOUS store","description":"","potentialAction":[{"@type":"SearchAction","target":{"@type":"EntryPoint","urlTemplate":"https:\/\/whysoseriousstore.com\/?s={search_term_string}"},"query-input":{"@type":"PropertyValueSpecification","valueRequired":true,"valueName":"search_term_string"}}],"inLanguage":"en-GB"}]}},"_links":{"self":[{"href":"https:\/\/whysoseriousstore.com\/eng\/wp-json\/wp\/v2\/product\/25503","targetHints":{"allow":["GET"]}}],"collection":[{"href":"https:\/\/whysoseriousstore.com\/eng\/wp-json\/wp\/v2\/product"}],"about":[{"href":"https:\/\/whysoseriousstore.com\/eng\/wp-json\/wp\/v2\/types\/product"}],"wp:featuredmedia":[{"embeddable":true,"href":"https:\/\/whysoseriousstore.com\/eng\/wp-json\/wp\/v2\/media\/25596"}],"wp:attachment":[{"href":"https:\/\/whysoseriousstore.com\/eng\/wp-json\/wp\/v2\/media?parent=25503"}],"wp:term":[{"taxonomy":"product_brand","embeddable":true,"href":"https:\/\/whysoseriousstore.com\/eng\/wp-json\/wp\/v2\/product_brand?post=25503"},{"taxonomy":"product_cat","embeddable":true,"href":"https:\/\/whysoseriousstore.com\/eng\/wp-json\/wp\/v2\/product_cat?post=25503"},{"taxonomy":"product_tag","embeddable":true,"href":"https:\/\/whysoseriousstore.com\/eng\/wp-json\/wp\/v2\/product_tag?post=25503"}],"curies":[{"name":"wp","href":"https:\/\/api.w.org\/{rel}","templated":true}]}}