{"id":25715,"date":"2025-12-11T17:23:52","date_gmt":"2025-12-11T16:23:52","guid":{"rendered":"https:\/\/whysoseriousstore.com\/?post_type=product&#038;p=25715"},"modified":"2026-04-29T21:27:15","modified_gmt":"2026-04-29T19:27:15","slug":"frotka-bawelniana-heavy-stripes","status":"publish","type":"product","link":"https:\/\/whysoseriousstore.com\/eng\/frotka-bawelniana-heavy-stripes\/","title":{"rendered":"Heavy Stripes Cotton Turtleneck"},"content":{"rendered":"<p data-start=\"0\" data-end=\"286\"><strong data-start=\"0\" data-end=\"31\">Heavy Stripes cotton terry.<\/strong><\/p>\n<p data-start=\"288\" data-end=\"573\">What better way to complement any styling? The new terry - black combined with subtle light ecru stripes creates a timeless palette that plays well with all colours.<\/p>\n<p data-start=\"575\" data-end=\"848\">Made of thick, high-quality cotton, it guarantees durability and softness.<\/p>\n<p data-start=\"850\" data-end=\"1031\">Composition: 97% cotton 3% elastane<br \/>\nWeight: 380 g<\/p>\n<p><strong>THE HIGHEST QUALITY, MADE IN POLAND.\u00a0<\/strong><\/p>\n<p><a href=\"https:\/\/whysoseriousstore.com\/eng\/tshirty-damskie\/\">See also our t-shirts!<\/a><br \/>\nVisit us at <a href=\"https:\/\/www.instagram.com\/wss.whysoserious\/\">instagram<\/a> i <a href=\"https:\/\/www.facebook.com\/WSS.whysoserious\">facebook<\/a>.<\/p>","protected":false},"excerpt":{"rendered":"<p>Bawe\u0142niana frotka w paski Heavy Stripes. Co lepiej dope\u0142ni ka\u017cd\u0105 stylizacj\u0119? Nowa frotka &#8211; czer\u0144 w po\u0142\u0105czeniu z subtelnymi, jasnymi paskami ecru tworzy ponadczasow\u0105 palet\u0119, kt\u00f3ra \u015bwietnie gra z wszystkimi kolorami. Wykonana z grubej, wysokogatunkowej bawe\u0142ny, gwarantuje trwa\u0142o\u015b\u0107 i mi\u0119kko\u015b\u0107. Sk\u0142ad: 97% bawe\u0142na 3% elastan Gramatura: 380 g THE HIGHEST QUALITY, MADE IN POLAND.\u00a0 Zobacz [&hellip;]<\/p>\n","protected":false},"featured_media":25696,"template":"","meta":[],"product_brand":[],"product_cat":[180,128,127],"product_tag":[],"class_list":{"0":"post-25715","1":"product","2":"type-product","3":"status-publish","4":"has-post-thumbnail","6":"product_cat-spring-sale","7":"product_cat-dodatki","8":"product_cat-wszystko","10":"first","11":"instock","12":"sale","13":"taxable","14":"shipping-taxable","15":"purchasable","16":"product-type-simple"},"bundled_by":[],"bundle_stock_status":"instock","bundle_stock_quantity":30,"bundle_virtual":false,"bundle_layout":"","bundle_add_to_cart_form_location":"","bundle_editable_in_cart":false,"bundle_sold_individually_context":"","bundle_item_grouping":"","bundle_min_size":"","bundle_max_size":"","bundle_price":[],"bundled_items":[],"bundle_sell_ids":[],"yoast_head":"<!-- This site is optimized with the Yoast SEO Premium plugin v20.0 (Yoast SEO v26.5) - https:\/\/yoast.com\/wordpress\/plugins\/seo\/ -->\n<title>Frotka Bawe\u0142niana Heavy Stripes - WHYSOSERIOUS store<\/title>\n<meta name=\"description\" content=\"Bawe\u0142niana frotka dope\u0142niaj\u0105ca ka\u017cd\u0105 stylizacj\u0119. Pi\u0119kny czarno bia\u0142y kolor i przyjemny w dotyku materia\u0142. Otocz si\u0119 dodatkami z klimatem.\" \/>\n<meta name=\"robots\" content=\"index, follow, max-snippet:-1, max-image-preview:large, max-video-preview:-1\" \/>\n<link rel=\"canonical\" href=\"https:\/\/whysoseriousstore.com\/eng\/frotka-bawelniana-heavy-stripes\/\" \/>\n<meta property=\"og:locale\" content=\"en_GB\" \/>\n<meta property=\"og:type\" content=\"article\" \/>\n<meta property=\"og:title\" content=\"Frotka Bawe\u0142niana Heavy Stripes\" \/>\n<meta property=\"og:description\" content=\"Bawe\u0142niana frotka dope\u0142niaj\u0105ca ka\u017cd\u0105 stylizacj\u0119. Pi\u0119kny czarno bia\u0142y kolor i przyjemny w dotyku materia\u0142. Otocz si\u0119 dodatkami z klimatem.\" \/>\n<meta property=\"og:url\" content=\"https:\/\/whysoseriousstore.com\/eng\/frotka-bawelniana-heavy-stripes\/\" \/>\n<meta property=\"og:site_name\" content=\"WHYSOSERIOUS store\" \/>\n<meta property=\"article:modified_time\" content=\"2026-04-29T19:27:15+00:00\" \/>\n<meta property=\"og:image\" content=\"https:\/\/whysoseriousstore.com\/wp-content\/uploads\/2025\/12\/Frotka-bawelniana-w-paski.jpg\" \/>\n\t<meta property=\"og:image:width\" content=\"1000\" \/>\n\t<meta property=\"og:image:height\" content=\"1500\" \/>\n\t<meta property=\"og:image:type\" content=\"image\/jpeg\" \/>\n<meta name=\"twitter:card\" content=\"summary_large_image\" \/>\n<meta name=\"twitter:label1\" content=\"Estimated reading time\" \/>\n\t<meta name=\"twitter:data1\" content=\"1 minute\" \/>\n<script type=\"application\/ld+json\" class=\"yoast-schema-graph\">{\"@context\":\"https:\/\/schema.org\",\"@graph\":[{\"@type\":\"WebPage\",\"@id\":\"https:\/\/whysoseriousstore.com\/frotka-bawelniana-heavy-stripes\/\",\"url\":\"https:\/\/whysoseriousstore.com\/frotka-bawelniana-heavy-stripes\/\",\"name\":\"Frotka Bawe\u0142niana Heavy Stripes - WHYSOSERIOUS store\",\"isPartOf\":{\"@id\":\"https:\/\/whysoseriousstore.com\/#website\"},\"primaryImageOfPage\":{\"@id\":\"https:\/\/whysoseriousstore.com\/frotka-bawelniana-heavy-stripes\/#primaryimage\"},\"image\":{\"@id\":\"https:\/\/whysoseriousstore.com\/frotka-bawelniana-heavy-stripes\/#primaryimage\"},\"thumbnailUrl\":\"https:\/\/whysoseriousstore.com\/wp-content\/uploads\/2025\/12\/Frotka-bawelniana-w-paski.jpg\",\"datePublished\":\"2025-12-11T16:23:52+00:00\",\"dateModified\":\"2026-04-29T19:27:15+00:00\",\"description\":\"Bawe\u0142niana frotka dope\u0142niaj\u0105ca ka\u017cd\u0105 stylizacj\u0119. Pi\u0119kny czarno bia\u0142y kolor i przyjemny w dotyku materia\u0142. Otocz si\u0119 dodatkami z klimatem.\",\"breadcrumb\":{\"@id\":\"https:\/\/whysoseriousstore.com\/frotka-bawelniana-heavy-stripes\/#breadcrumb\"},\"inLanguage\":\"en-GB\",\"potentialAction\":[{\"@type\":\"ReadAction\",\"target\":[\"https:\/\/whysoseriousstore.com\/frotka-bawelniana-heavy-stripes\/\"]}]},{\"@type\":\"ImageObject\",\"inLanguage\":\"en-GB\",\"@id\":\"https:\/\/whysoseriousstore.com\/frotka-bawelniana-heavy-stripes\/#primaryimage\",\"url\":\"https:\/\/whysoseriousstore.com\/wp-content\/uploads\/2025\/12\/Frotka-bawelniana-w-paski.jpg\",\"contentUrl\":\"https:\/\/whysoseriousstore.com\/wp-content\/uploads\/2025\/12\/Frotka-bawelniana-w-paski.jpg\",\"width\":1000,\"height\":1500},{\"@type\":\"BreadcrumbList\",\"@id\":\"https:\/\/whysoseriousstore.com\/frotka-bawelniana-heavy-stripes\/#breadcrumb\",\"itemListElement\":[{\"@type\":\"ListItem\",\"position\":1,\"name\":\"Strona g\u0142\u00f3wna\",\"item\":\"https:\/\/whysoseriousstore.com\/\"},{\"@type\":\"ListItem\",\"position\":2,\"name\":\"Sklep\",\"item\":\"https:\/\/whysoseriousstore.com\/sklep\/\"},{\"@type\":\"ListItem\",\"position\":3,\"name\":\"Frotka Bawe\u0142niana Heavy Stripes\"}]},{\"@type\":\"WebSite\",\"@id\":\"https:\/\/whysoseriousstore.com\/#website\",\"url\":\"https:\/\/whysoseriousstore.com\/\",\"name\":\"WHYSOSERIOUS store\",\"description\":\"\",\"potentialAction\":[{\"@type\":\"SearchAction\",\"target\":{\"@type\":\"EntryPoint\",\"urlTemplate\":\"https:\/\/whysoseriousstore.com\/?s={search_term_string}\"},\"query-input\":{\"@type\":\"PropertyValueSpecification\",\"valueRequired\":true,\"valueName\":\"search_term_string\"}}],\"inLanguage\":\"en-GB\"}]}<\/script>\n<!-- \/ Yoast SEO Premium plugin. -->","yoast_head_json":{"title":"Frotka Bawe\u0142niana Heavy Stripes - WHYSOSERIOUS store","description":"Bawe\u0142niana frotka dope\u0142niaj\u0105ca ka\u017cd\u0105 stylizacj\u0119. Pi\u0119kny czarno bia\u0142y kolor i przyjemny w dotyku materia\u0142. Otocz si\u0119 dodatkami z klimatem.","robots":{"index":"index","follow":"follow","max-snippet":"max-snippet:-1","max-image-preview":"max-image-preview:large","max-video-preview":"max-video-preview:-1"},"canonical":"https:\/\/whysoseriousstore.com\/eng\/frotka-bawelniana-heavy-stripes\/","og_locale":"en_GB","og_type":"article","og_title":"Frotka Bawe\u0142niana Heavy Stripes","og_description":"Bawe\u0142niana frotka dope\u0142niaj\u0105ca ka\u017cd\u0105 stylizacj\u0119. Pi\u0119kny czarno bia\u0142y kolor i przyjemny w dotyku materia\u0142. Otocz si\u0119 dodatkami z klimatem.","og_url":"https:\/\/whysoseriousstore.com\/eng\/frotka-bawelniana-heavy-stripes\/","og_site_name":"WHYSOSERIOUS store","article_modified_time":"2026-04-29T19:27:15+00:00","og_image":[{"width":1000,"height":1500,"url":"https:\/\/whysoseriousstore.com\/wp-content\/uploads\/2025\/12\/Frotka-bawelniana-w-paski.jpg","type":"image\/jpeg"}],"twitter_card":"summary_large_image","twitter_misc":{"Estimated reading time":"1 minute"},"schema":{"@context":"https:\/\/schema.org","@graph":[{"@type":"WebPage","@id":"https:\/\/whysoseriousstore.com\/frotka-bawelniana-heavy-stripes\/","url":"https:\/\/whysoseriousstore.com\/frotka-bawelniana-heavy-stripes\/","name":"Frotka Bawe\u0142niana Heavy Stripes - WHYSOSERIOUS store","isPartOf":{"@id":"https:\/\/whysoseriousstore.com\/#website"},"primaryImageOfPage":{"@id":"https:\/\/whysoseriousstore.com\/frotka-bawelniana-heavy-stripes\/#primaryimage"},"image":{"@id":"https:\/\/whysoseriousstore.com\/frotka-bawelniana-heavy-stripes\/#primaryimage"},"thumbnailUrl":"https:\/\/whysoseriousstore.com\/wp-content\/uploads\/2025\/12\/Frotka-bawelniana-w-paski.jpg","datePublished":"2025-12-11T16:23:52+00:00","dateModified":"2026-04-29T19:27:15+00:00","description":"Bawe\u0142niana frotka dope\u0142niaj\u0105ca ka\u017cd\u0105 stylizacj\u0119. Pi\u0119kny czarno bia\u0142y kolor i przyjemny w dotyku materia\u0142. Otocz si\u0119 dodatkami z klimatem.","breadcrumb":{"@id":"https:\/\/whysoseriousstore.com\/frotka-bawelniana-heavy-stripes\/#breadcrumb"},"inLanguage":"en-GB","potentialAction":[{"@type":"ReadAction","target":["https:\/\/whysoseriousstore.com\/frotka-bawelniana-heavy-stripes\/"]}]},{"@type":"ImageObject","inLanguage":"en-GB","@id":"https:\/\/whysoseriousstore.com\/frotka-bawelniana-heavy-stripes\/#primaryimage","url":"https:\/\/whysoseriousstore.com\/wp-content\/uploads\/2025\/12\/Frotka-bawelniana-w-paski.jpg","contentUrl":"https:\/\/whysoseriousstore.com\/wp-content\/uploads\/2025\/12\/Frotka-bawelniana-w-paski.jpg","width":1000,"height":1500},{"@type":"BreadcrumbList","@id":"https:\/\/whysoseriousstore.com\/frotka-bawelniana-heavy-stripes\/#breadcrumb","itemListElement":[{"@type":"ListItem","position":1,"name":"Strona g\u0142\u00f3wna","item":"https:\/\/whysoseriousstore.com\/"},{"@type":"ListItem","position":2,"name":"Sklep","item":"https:\/\/whysoseriousstore.com\/sklep\/"},{"@type":"ListItem","position":3,"name":"Frotka Bawe\u0142niana Heavy Stripes"}]},{"@type":"WebSite","@id":"https:\/\/whysoseriousstore.com\/#website","url":"https:\/\/whysoseriousstore.com\/","name":"WHYSOSERIOUS store","description":"","potentialAction":[{"@type":"SearchAction","target":{"@type":"EntryPoint","urlTemplate":"https:\/\/whysoseriousstore.com\/?s={search_term_string}"},"query-input":{"@type":"PropertyValueSpecification","valueRequired":true,"valueName":"search_term_string"}}],"inLanguage":"en-GB"}]}},"_links":{"self":[{"href":"https:\/\/whysoseriousstore.com\/eng\/wp-json\/wp\/v2\/product\/25715","targetHints":{"allow":["GET"]}}],"collection":[{"href":"https:\/\/whysoseriousstore.com\/eng\/wp-json\/wp\/v2\/product"}],"about":[{"href":"https:\/\/whysoseriousstore.com\/eng\/wp-json\/wp\/v2\/types\/product"}],"wp:featuredmedia":[{"embeddable":true,"href":"https:\/\/whysoseriousstore.com\/eng\/wp-json\/wp\/v2\/media\/25696"}],"wp:attachment":[{"href":"https:\/\/whysoseriousstore.com\/eng\/wp-json\/wp\/v2\/media?parent=25715"}],"wp:term":[{"taxonomy":"product_brand","embeddable":true,"href":"https:\/\/whysoseriousstore.com\/eng\/wp-json\/wp\/v2\/product_brand?post=25715"},{"taxonomy":"product_cat","embeddable":true,"href":"https:\/\/whysoseriousstore.com\/eng\/wp-json\/wp\/v2\/product_cat?post=25715"},{"taxonomy":"product_tag","embeddable":true,"href":"https:\/\/whysoseriousstore.com\/eng\/wp-json\/wp\/v2\/product_tag?post=25715"}],"curies":[{"name":"wp","href":"https:\/\/api.w.org\/{rel}","templated":true}]}}