{"id":26260,"date":"2026-01-21T16:45:04","date_gmt":"2026-01-21T15:45:04","guid":{"rendered":"https:\/\/whysoseriousstore.com\/?post_type=product&#038;p=26260"},"modified":"2026-04-10T21:10:51","modified_gmt":"2026-04-10T19:10:51","slug":"kamizelka-merino-wool-navy-blue","status":"publish","type":"product","link":"https:\/\/whysoseriousstore.com\/eng\/kamizelka-merino-wool-navy-blue\/","title":{"rendered":"Merino Wool Navy Blue Vest"},"content":{"rendered":"<p data-start=\"209\" data-end=\"683\">The merino wool waistcoat in Navy Blue is a nod to urban style with a twist of nature. Perfect for those who like layering, appreciate premium quality and basic colours in their wardrobe! The navy blue colour adds character and will suit us with any styling. The waistcoat also stands out against classic cuts. Wear it over a sweatshirt, jumper, longsleeve or directly over a T-shirt - and you're ready for a stroll, coffee with a friend or a spontaneous day out on the town.<\/p>\n<p data-start=\"685\" data-end=\"1115\">It's not just about style, it's also about function: <strong data-start=\"722\" data-end=\"761\">two practical pockets on the sides<\/strong> to store the most important small items.<br \/>\nThe colour? A perfect shade of blue that goes with everything.<br \/>\nThe material? Top quality <strong data-start=\"970\" data-end=\"991\">100% merino wool<\/strong>that warms, breathes and looks great - season after season. Merino wool is an antibacterial material and has self-cleaning properties. It is natural, durable and kind to the skin, even sensitive skin. Our waistcoat has a soft finish on the underside to ensure the waistcoat doesn't bite.<\/p>\n<p data-start=\"1117\" data-end=\"1525\">The waistcoat has been designed with versatility in mind - its <strong data-start=\"1181\" data-end=\"1215\">Loose, slightly oversize cut<\/strong> works well with a variety of silhouettes and styles. It's the perfect choice if you like things that add character to your styling, but are also practical and comfortable. Wear it every day, on a weekend trip, on your bike, to work or to the local market - it fits anywhere comfort and style are important.<\/p>\n<p>The waistcoat has no fastening.<\/p>\n<p data-start=\"1527\" data-end=\"1694\">Sustainable design, local production and quality that stays with you for a long time - that's how we create things at WHYSOSERIOUS. Thanks for being part of this story &lt;3<\/p>\n<p>The model in the photo wears size S\/M and is 171 cm tall.<br \/>\nFor a more oversize cut, choose M\/L.<\/p>\n<p><strong>THE HIGHEST QUALITY, MADE IN POLAND.\u00a0<\/strong><\/p>\n<p><a href=\"https:\/\/whysoseriousstore.com\/eng\/tshirty-damskie\/\">See also our t-shirts!<\/a><br \/>\nVisit us at <a href=\"https:\/\/www.instagram.com\/wss.whysoserious\/\">instagram<\/a> i <a href=\"https:\/\/www.facebook.com\/WSS.whysoserious\">facebook<\/a>.<\/p>","protected":false},"excerpt":{"rendered":"<p>Kamizelka z we\u0142ny merino w kolorze Navy Blue to uk\u0142on w stron\u0119 miejskiego stylu z twistem natury. Idealna dla tych, kt\u00f3rzy lubi\u0105 warstwowe stylizacje, ceni\u0105 sobie jako\u015b\u0107 premium i basic kolory w szafie! Kolor navy blue dodaje charakteru i b\u0119dzie pasowa\u0142 nam do ka\u017cdej stylizacji. Kamizelka wyr\u00f3\u017cnia si\u0119 tak\u017ce na tle klasycznych fason\u00f3w. Zak\u0142adasz j\u0105 [&hellip;]<\/p>\n","protected":false},"featured_media":26326,"template":"","meta":[],"product_brand":[],"product_cat":[166,108,127],"product_tag":[],"class_list":{"0":"post-26260","1":"product","2":"type-product","3":"status-publish","4":"has-post-thumbnail","6":"product_cat-kamizelki-i-kurtki","7":"product_cat-new","8":"product_cat-wszystko","10":"first","11":"instock","12":"taxable","13":"shipping-taxable","14":"purchasable","15":"product-type-variable","16":"has-default-attributes"},"bundled_by":[],"bundle_stock_status":"instock","bundle_stock_quantity":null,"bundle_virtual":false,"bundle_layout":"","bundle_add_to_cart_form_location":"","bundle_editable_in_cart":false,"bundle_sold_individually_context":"","bundle_item_grouping":"","bundle_min_size":"","bundle_max_size":"","bundle_price":[],"bundled_items":[],"bundle_sell_ids":[],"yoast_head":"<!-- This site is optimized with the Yoast SEO Premium plugin v20.0 (Yoast SEO v26.5) - https:\/\/yoast.com\/wordpress\/plugins\/seo\/ -->\n<title>Kamizelka Merino Wool Navy Blue - WHYSOSERIOUS store<\/title>\n<meta name=\"description\" content=\"Kamizelka w kolorze granatowym. Wykonana ze 100% we\u0142ny merino z mi\u0119kkim wyko\u0144czeniem od spodu. Idealne dope\u0142nienie ka\u017cdej stylizacji.\" \/>\n<meta name=\"robots\" content=\"index, follow, max-snippet:-1, max-image-preview:large, max-video-preview:-1\" \/>\n<link rel=\"canonical\" href=\"https:\/\/whysoseriousstore.com\/eng\/kamizelka-merino-wool-navy-blue\/\" \/>\n<meta property=\"og:locale\" content=\"en_GB\" \/>\n<meta property=\"og:type\" content=\"article\" \/>\n<meta property=\"og:title\" content=\"Kamizelka Merino Wool Navy Blue\" \/>\n<meta property=\"og:description\" content=\"Kamizelka w kolorze granatowym. Wykonana ze 100% we\u0142ny merino z mi\u0119kkim wyko\u0144czeniem od spodu. Idealne dope\u0142nienie ka\u017cdej stylizacji.\" \/>\n<meta property=\"og:url\" content=\"https:\/\/whysoseriousstore.com\/eng\/kamizelka-merino-wool-navy-blue\/\" \/>\n<meta property=\"og:site_name\" content=\"WHYSOSERIOUS store\" \/>\n<meta property=\"article:modified_time\" content=\"2026-04-10T19:10:51+00:00\" \/>\n<meta property=\"og:image\" content=\"https:\/\/whysoseriousstore.com\/wp-content\/uploads\/2026\/01\/Kamizelka-welniana-damska-whysoserious.jpg\" \/>\n\t<meta property=\"og:image:width\" content=\"1000\" \/>\n\t<meta property=\"og:image:height\" content=\"1500\" \/>\n\t<meta property=\"og:image:type\" content=\"image\/jpeg\" \/>\n<meta name=\"twitter:card\" content=\"summary_large_image\" \/>\n<meta name=\"twitter:label1\" content=\"Estimated reading time\" \/>\n\t<meta name=\"twitter:data1\" content=\"2 minutes\" \/>\n<script type=\"application\/ld+json\" class=\"yoast-schema-graph\">{\"@context\":\"https:\/\/schema.org\",\"@graph\":[{\"@type\":\"WebPage\",\"@id\":\"https:\/\/whysoseriousstore.com\/kamizelka-merino-wool-navy-blue\/\",\"url\":\"https:\/\/whysoseriousstore.com\/kamizelka-merino-wool-navy-blue\/\",\"name\":\"Kamizelka Merino Wool Navy Blue - WHYSOSERIOUS store\",\"isPartOf\":{\"@id\":\"https:\/\/whysoseriousstore.com\/#website\"},\"primaryImageOfPage\":{\"@id\":\"https:\/\/whysoseriousstore.com\/kamizelka-merino-wool-navy-blue\/#primaryimage\"},\"image\":{\"@id\":\"https:\/\/whysoseriousstore.com\/kamizelka-merino-wool-navy-blue\/#primaryimage\"},\"thumbnailUrl\":\"https:\/\/whysoseriousstore.com\/wp-content\/uploads\/2026\/01\/Kamizelka-welniana-damska-whysoserious.jpg\",\"datePublished\":\"2026-01-21T15:45:04+00:00\",\"dateModified\":\"2026-04-10T19:10:51+00:00\",\"description\":\"Kamizelka w kolorze granatowym. Wykonana ze 100% we\u0142ny merino z mi\u0119kkim wyko\u0144czeniem od spodu. Idealne dope\u0142nienie ka\u017cdej stylizacji.\",\"breadcrumb\":{\"@id\":\"https:\/\/whysoseriousstore.com\/kamizelka-merino-wool-navy-blue\/#breadcrumb\"},\"inLanguage\":\"en-GB\",\"potentialAction\":[{\"@type\":\"ReadAction\",\"target\":[\"https:\/\/whysoseriousstore.com\/kamizelka-merino-wool-navy-blue\/\"]}]},{\"@type\":\"ImageObject\",\"inLanguage\":\"en-GB\",\"@id\":\"https:\/\/whysoseriousstore.com\/kamizelka-merino-wool-navy-blue\/#primaryimage\",\"url\":\"https:\/\/whysoseriousstore.com\/wp-content\/uploads\/2026\/01\/Kamizelka-welniana-damska-whysoserious.jpg\",\"contentUrl\":\"https:\/\/whysoseriousstore.com\/wp-content\/uploads\/2026\/01\/Kamizelka-welniana-damska-whysoserious.jpg\",\"width\":1000,\"height\":1500},{\"@type\":\"BreadcrumbList\",\"@id\":\"https:\/\/whysoseriousstore.com\/kamizelka-merino-wool-navy-blue\/#breadcrumb\",\"itemListElement\":[{\"@type\":\"ListItem\",\"position\":1,\"name\":\"Strona g\u0142\u00f3wna\",\"item\":\"https:\/\/whysoseriousstore.com\/\"},{\"@type\":\"ListItem\",\"position\":2,\"name\":\"Sklep\",\"item\":\"https:\/\/whysoseriousstore.com\/sklep\/\"},{\"@type\":\"ListItem\",\"position\":3,\"name\":\"Kamizelka Merino Wool Navy Blue\"}]},{\"@type\":\"WebSite\",\"@id\":\"https:\/\/whysoseriousstore.com\/#website\",\"url\":\"https:\/\/whysoseriousstore.com\/\",\"name\":\"WHYSOSERIOUS store\",\"description\":\"\",\"potentialAction\":[{\"@type\":\"SearchAction\",\"target\":{\"@type\":\"EntryPoint\",\"urlTemplate\":\"https:\/\/whysoseriousstore.com\/?s={search_term_string}\"},\"query-input\":{\"@type\":\"PropertyValueSpecification\",\"valueRequired\":true,\"valueName\":\"search_term_string\"}}],\"inLanguage\":\"en-GB\"}]}<\/script>\n<!-- \/ Yoast SEO Premium plugin. -->","yoast_head_json":{"title":"Kamizelka Merino Wool Navy Blue - WHYSOSERIOUS store","description":"Kamizelka w kolorze granatowym. Wykonana ze 100% we\u0142ny merino z mi\u0119kkim wyko\u0144czeniem od spodu. Idealne dope\u0142nienie ka\u017cdej stylizacji.","robots":{"index":"index","follow":"follow","max-snippet":"max-snippet:-1","max-image-preview":"max-image-preview:large","max-video-preview":"max-video-preview:-1"},"canonical":"https:\/\/whysoseriousstore.com\/eng\/kamizelka-merino-wool-navy-blue\/","og_locale":"en_GB","og_type":"article","og_title":"Kamizelka Merino Wool Navy Blue","og_description":"Kamizelka w kolorze granatowym. Wykonana ze 100% we\u0142ny merino z mi\u0119kkim wyko\u0144czeniem od spodu. Idealne dope\u0142nienie ka\u017cdej stylizacji.","og_url":"https:\/\/whysoseriousstore.com\/eng\/kamizelka-merino-wool-navy-blue\/","og_site_name":"WHYSOSERIOUS store","article_modified_time":"2026-04-10T19:10:51+00:00","og_image":[{"width":1000,"height":1500,"url":"https:\/\/whysoseriousstore.com\/wp-content\/uploads\/2026\/01\/Kamizelka-welniana-damska-whysoserious.jpg","type":"image\/jpeg"}],"twitter_card":"summary_large_image","twitter_misc":{"Estimated reading time":"2 minutes"},"schema":{"@context":"https:\/\/schema.org","@graph":[{"@type":"WebPage","@id":"https:\/\/whysoseriousstore.com\/kamizelka-merino-wool-navy-blue\/","url":"https:\/\/whysoseriousstore.com\/kamizelka-merino-wool-navy-blue\/","name":"Kamizelka Merino Wool Navy Blue - WHYSOSERIOUS store","isPartOf":{"@id":"https:\/\/whysoseriousstore.com\/#website"},"primaryImageOfPage":{"@id":"https:\/\/whysoseriousstore.com\/kamizelka-merino-wool-navy-blue\/#primaryimage"},"image":{"@id":"https:\/\/whysoseriousstore.com\/kamizelka-merino-wool-navy-blue\/#primaryimage"},"thumbnailUrl":"https:\/\/whysoseriousstore.com\/wp-content\/uploads\/2026\/01\/Kamizelka-welniana-damska-whysoserious.jpg","datePublished":"2026-01-21T15:45:04+00:00","dateModified":"2026-04-10T19:10:51+00:00","description":"Kamizelka w kolorze granatowym. Wykonana ze 100% we\u0142ny merino z mi\u0119kkim wyko\u0144czeniem od spodu. Idealne dope\u0142nienie ka\u017cdej stylizacji.","breadcrumb":{"@id":"https:\/\/whysoseriousstore.com\/kamizelka-merino-wool-navy-blue\/#breadcrumb"},"inLanguage":"en-GB","potentialAction":[{"@type":"ReadAction","target":["https:\/\/whysoseriousstore.com\/kamizelka-merino-wool-navy-blue\/"]}]},{"@type":"ImageObject","inLanguage":"en-GB","@id":"https:\/\/whysoseriousstore.com\/kamizelka-merino-wool-navy-blue\/#primaryimage","url":"https:\/\/whysoseriousstore.com\/wp-content\/uploads\/2026\/01\/Kamizelka-welniana-damska-whysoserious.jpg","contentUrl":"https:\/\/whysoseriousstore.com\/wp-content\/uploads\/2026\/01\/Kamizelka-welniana-damska-whysoserious.jpg","width":1000,"height":1500},{"@type":"BreadcrumbList","@id":"https:\/\/whysoseriousstore.com\/kamizelka-merino-wool-navy-blue\/#breadcrumb","itemListElement":[{"@type":"ListItem","position":1,"name":"Strona g\u0142\u00f3wna","item":"https:\/\/whysoseriousstore.com\/"},{"@type":"ListItem","position":2,"name":"Sklep","item":"https:\/\/whysoseriousstore.com\/sklep\/"},{"@type":"ListItem","position":3,"name":"Kamizelka Merino Wool Navy Blue"}]},{"@type":"WebSite","@id":"https:\/\/whysoseriousstore.com\/#website","url":"https:\/\/whysoseriousstore.com\/","name":"WHYSOSERIOUS store","description":"","potentialAction":[{"@type":"SearchAction","target":{"@type":"EntryPoint","urlTemplate":"https:\/\/whysoseriousstore.com\/?s={search_term_string}"},"query-input":{"@type":"PropertyValueSpecification","valueRequired":true,"valueName":"search_term_string"}}],"inLanguage":"en-GB"}]}},"_links":{"self":[{"href":"https:\/\/whysoseriousstore.com\/eng\/wp-json\/wp\/v2\/product\/26260","targetHints":{"allow":["GET"]}}],"collection":[{"href":"https:\/\/whysoseriousstore.com\/eng\/wp-json\/wp\/v2\/product"}],"about":[{"href":"https:\/\/whysoseriousstore.com\/eng\/wp-json\/wp\/v2\/types\/product"}],"wp:featuredmedia":[{"embeddable":true,"href":"https:\/\/whysoseriousstore.com\/eng\/wp-json\/wp\/v2\/media\/26326"}],"wp:attachment":[{"href":"https:\/\/whysoseriousstore.com\/eng\/wp-json\/wp\/v2\/media?parent=26260"}],"wp:term":[{"taxonomy":"product_brand","embeddable":true,"href":"https:\/\/whysoseriousstore.com\/eng\/wp-json\/wp\/v2\/product_brand?post=26260"},{"taxonomy":"product_cat","embeddable":true,"href":"https:\/\/whysoseriousstore.com\/eng\/wp-json\/wp\/v2\/product_cat?post=26260"},{"taxonomy":"product_tag","embeddable":true,"href":"https:\/\/whysoseriousstore.com\/eng\/wp-json\/wp\/v2\/product_tag?post=26260"}],"curies":[{"name":"wp","href":"https:\/\/api.w.org\/{rel}","templated":true}]}}