{"id":26270,"date":"2026-01-21T17:08:02","date_gmt":"2026-01-21T16:08:02","guid":{"rendered":"https:\/\/whysoseriousstore.com\/?post_type=product&#038;p=26270"},"modified":"2026-04-28T21:57:34","modified_gmt":"2026-04-28T19:57:34","slug":"wss-coffee-blue-longsleeve","status":"publish","type":"product","link":"https:\/\/whysoseriousstore.com\/eng\/wss-coffee-blue-longsleeve\/","title":{"rendered":"WSS Coffee Blue Longsleeve"},"content":{"rendered":"<p data-start=\"126\" data-end=\"506\"><strong data-start=\"126\" data-end=\"156\">WSS Coffee Blue Longsleeve<\/strong> is a combination of everyday comfort, minimalist style and the ritual of a walk with a good coffee. Created for people who appreciate laid-back, simple and conscious choices - both in their wardrobe and in their lives. The deep blue hue adds character to the longsleeve, while remaining very versatile and easy to style. The print on the back adds the perfect consistency to this product. It matches perfectly with the Ivory Coffee sweatshirt.<\/p>\n<p data-start=\"508\" data-end=\"898\">It's a unisex longsleeve that's perfect for urban styling - for a walk, meeting friends, working from a coffee shop or a quiet day offline. The classic long-sleeved cut ensures a comfortable fit, while the subtle WSS Coffee branding emphasises its lifestyle character without overdoing it. It's the perfect base for many looks - solo or as a layer under a sweatshirt or jacket.<\/p>\n<p data-start=\"900\" data-end=\"1245\">Made from high-quality cotton, the longsleeve is soft, breathable and comfortable against the skin. The material adapts to your pace of the day and the careful finishing makes this a product that will stay with you for a long time. <strong data-start=\"1119\" data-end=\"1149\">WSS Coffee Blue Longsleeve<\/strong> is the type of clothing you reach for automatically - because you know it will always be a good choice.<\/p>\n<p data-start=\"1008\" data-end=\"1051\">The model is 171 cm tall and wears a size M.<\/p>\n<p data-start=\"1053\" data-end=\"1093\"><strong data-start=\"1053\" data-end=\"1093\">THE HIGHEST QUALITY, MADE IN POLAND.<\/strong><\/p>\n<p><a href=\"https:\/\/whysoseriousstore.com\/eng\/tshirty-damskie\/?v=9b7d173b068d\">See also our sweatshirts!<\/a><br \/>\nVisit us at\u00a0<a href=\"https:\/\/www.instagram.com\/wss.whysoserious\/\">instagram<\/a>\u00a0i\u00a0<a href=\"https:\/\/www.facebook.com\/WSS.whysoserious\">facebook<\/a>.<\/p>","protected":false},"excerpt":{"rendered":"<p>WSS Coffee Blue Longsleeve to po\u0142\u0105czenie codziennej wygody, minimalistycznego stylu i rytua\u0142u, jakim jest spacer z dobr\u0105 kaw\u0105. Stworzony dla os\u00f3b, kt\u00f3re ceni\u0105 luz, prostot\u0119 i \u015bwiadome wybory \u2013 zar\u00f3wno w garderobie, jak i w \u017cyciu. G\u0142\u0119boki niebieski odcie\u0144 nadaje longsleeve\u2019owi charakteru, a jednocze\u015bnie pozostaje bardzo uniwersalny i \u0142atwy do stylizowania. Nadruk z ty\u0142u dodaje [&hellip;]<\/p>\n","protected":false},"featured_media":26328,"template":"","meta":[],"product_brand":[],"product_cat":[164,110,108,127],"product_tag":[],"class_list":{"0":"post-26270","1":"product","2":"type-product","3":"status-publish","4":"has-post-thumbnail","6":"product_cat-longsleeve","7":"product_cat-tshirty-unisex","8":"product_cat-new","9":"product_cat-wszystko","11":"first","12":"instock","13":"taxable","14":"shipping-taxable","15":"purchasable","16":"product-type-variable","17":"has-default-attributes"},"bundled_by":[],"bundle_stock_status":"instock","bundle_stock_quantity":null,"bundle_virtual":false,"bundle_layout":"","bundle_add_to_cart_form_location":"","bundle_editable_in_cart":false,"bundle_sold_individually_context":"","bundle_item_grouping":"","bundle_min_size":"","bundle_max_size":"","bundle_price":[],"bundled_items":[],"bundle_sell_ids":[],"yoast_head":"<!-- This site is optimized with the Yoast SEO Premium plugin v20.0 (Yoast SEO v26.5) - https:\/\/yoast.com\/wordpress\/plugins\/seo\/ -->\n<title>WSS Coffee Blue Longsleeve - WHYSOSERIOUS store<\/title>\n<meta name=\"description\" content=\"Niebieski bawe\u0142niany longsleeve Coffee to idealny dodatek do Twojej garderoby. Pasuje do wielu stylizacji i stanowi jej dope\u0142nienie.\" \/>\n<meta name=\"robots\" content=\"index, follow, max-snippet:-1, max-image-preview:large, max-video-preview:-1\" \/>\n<link rel=\"canonical\" href=\"https:\/\/whysoseriousstore.com\/eng\/wss-coffee-blue-longsleeve\/\" \/>\n<meta property=\"og:locale\" content=\"en_GB\" \/>\n<meta property=\"og:type\" content=\"article\" \/>\n<meta property=\"og:title\" content=\"WSS Coffee Blue Longsleeve\" \/>\n<meta property=\"og:description\" content=\"Niebieski bawe\u0142niany longsleeve Coffee to idealny dodatek do Twojej garderoby. Pasuje do wielu stylizacji i stanowi jej dope\u0142nienie.\" \/>\n<meta property=\"og:url\" content=\"https:\/\/whysoseriousstore.com\/eng\/wss-coffee-blue-longsleeve\/\" \/>\n<meta property=\"og:site_name\" content=\"WHYSOSERIOUS store\" \/>\n<meta property=\"article:modified_time\" content=\"2026-04-28T19:57:34+00:00\" \/>\n<meta property=\"og:image\" content=\"https:\/\/whysoseriousstore.com\/wp-content\/uploads\/2026\/01\/Longsleeve-niebieski-damski-Coffee-3.jpg\" \/>\n\t<meta property=\"og:image:width\" content=\"1000\" \/>\n\t<meta property=\"og:image:height\" content=\"1500\" \/>\n\t<meta property=\"og:image:type\" content=\"image\/jpeg\" \/>\n<meta name=\"twitter:card\" content=\"summary_large_image\" \/>\n<meta name=\"twitter:label1\" content=\"Estimated reading time\" \/>\n\t<meta name=\"twitter:data1\" content=\"2 minutes\" \/>\n<script type=\"application\/ld+json\" class=\"yoast-schema-graph\">{\"@context\":\"https:\/\/schema.org\",\"@graph\":[{\"@type\":\"WebPage\",\"@id\":\"https:\/\/whysoseriousstore.com\/wss-coffee-blue-longsleeve\/\",\"url\":\"https:\/\/whysoseriousstore.com\/wss-coffee-blue-longsleeve\/\",\"name\":\"WSS Coffee Blue Longsleeve - WHYSOSERIOUS store\",\"isPartOf\":{\"@id\":\"https:\/\/whysoseriousstore.com\/#website\"},\"primaryImageOfPage\":{\"@id\":\"https:\/\/whysoseriousstore.com\/wss-coffee-blue-longsleeve\/#primaryimage\"},\"image\":{\"@id\":\"https:\/\/whysoseriousstore.com\/wss-coffee-blue-longsleeve\/#primaryimage\"},\"thumbnailUrl\":\"https:\/\/whysoseriousstore.com\/wp-content\/uploads\/2026\/01\/Longsleeve-niebieski-damski-Coffee-3.jpg\",\"datePublished\":\"2026-01-21T16:08:02+00:00\",\"dateModified\":\"2026-04-28T19:57:34+00:00\",\"description\":\"Niebieski bawe\u0142niany longsleeve Coffee to idealny dodatek do Twojej garderoby. Pasuje do wielu stylizacji i stanowi jej dope\u0142nienie.\",\"breadcrumb\":{\"@id\":\"https:\/\/whysoseriousstore.com\/wss-coffee-blue-longsleeve\/#breadcrumb\"},\"inLanguage\":\"en-GB\",\"potentialAction\":[{\"@type\":\"ReadAction\",\"target\":[\"https:\/\/whysoseriousstore.com\/wss-coffee-blue-longsleeve\/\"]}]},{\"@type\":\"ImageObject\",\"inLanguage\":\"en-GB\",\"@id\":\"https:\/\/whysoseriousstore.com\/wss-coffee-blue-longsleeve\/#primaryimage\",\"url\":\"https:\/\/whysoseriousstore.com\/wp-content\/uploads\/2026\/01\/Longsleeve-niebieski-damski-Coffee-3.jpg\",\"contentUrl\":\"https:\/\/whysoseriousstore.com\/wp-content\/uploads\/2026\/01\/Longsleeve-niebieski-damski-Coffee-3.jpg\",\"width\":1000,\"height\":1500},{\"@type\":\"BreadcrumbList\",\"@id\":\"https:\/\/whysoseriousstore.com\/wss-coffee-blue-longsleeve\/#breadcrumb\",\"itemListElement\":[{\"@type\":\"ListItem\",\"position\":1,\"name\":\"Strona g\u0142\u00f3wna\",\"item\":\"https:\/\/whysoseriousstore.com\/\"},{\"@type\":\"ListItem\",\"position\":2,\"name\":\"Sklep\",\"item\":\"https:\/\/whysoseriousstore.com\/sklep\/\"},{\"@type\":\"ListItem\",\"position\":3,\"name\":\"WSS Coffee Blue Longsleeve\"}]},{\"@type\":\"WebSite\",\"@id\":\"https:\/\/whysoseriousstore.com\/#website\",\"url\":\"https:\/\/whysoseriousstore.com\/\",\"name\":\"WHYSOSERIOUS store\",\"description\":\"\",\"potentialAction\":[{\"@type\":\"SearchAction\",\"target\":{\"@type\":\"EntryPoint\",\"urlTemplate\":\"https:\/\/whysoseriousstore.com\/?s={search_term_string}\"},\"query-input\":{\"@type\":\"PropertyValueSpecification\",\"valueRequired\":true,\"valueName\":\"search_term_string\"}}],\"inLanguage\":\"en-GB\"}]}<\/script>\n<!-- \/ Yoast SEO Premium plugin. -->","yoast_head_json":{"title":"WSS Coffee Blue Longsleeve - WHYSOSERIOUS store","description":"Niebieski bawe\u0142niany longsleeve Coffee to idealny dodatek do Twojej garderoby. Pasuje do wielu stylizacji i stanowi jej dope\u0142nienie.","robots":{"index":"index","follow":"follow","max-snippet":"max-snippet:-1","max-image-preview":"max-image-preview:large","max-video-preview":"max-video-preview:-1"},"canonical":"https:\/\/whysoseriousstore.com\/eng\/wss-coffee-blue-longsleeve\/","og_locale":"en_GB","og_type":"article","og_title":"WSS Coffee Blue Longsleeve","og_description":"Niebieski bawe\u0142niany longsleeve Coffee to idealny dodatek do Twojej garderoby. Pasuje do wielu stylizacji i stanowi jej dope\u0142nienie.","og_url":"https:\/\/whysoseriousstore.com\/eng\/wss-coffee-blue-longsleeve\/","og_site_name":"WHYSOSERIOUS store","article_modified_time":"2026-04-28T19:57:34+00:00","og_image":[{"width":1000,"height":1500,"url":"https:\/\/whysoseriousstore.com\/wp-content\/uploads\/2026\/01\/Longsleeve-niebieski-damski-Coffee-3.jpg","type":"image\/jpeg"}],"twitter_card":"summary_large_image","twitter_misc":{"Estimated reading time":"2 minutes"},"schema":{"@context":"https:\/\/schema.org","@graph":[{"@type":"WebPage","@id":"https:\/\/whysoseriousstore.com\/wss-coffee-blue-longsleeve\/","url":"https:\/\/whysoseriousstore.com\/wss-coffee-blue-longsleeve\/","name":"WSS Coffee Blue Longsleeve - WHYSOSERIOUS store","isPartOf":{"@id":"https:\/\/whysoseriousstore.com\/#website"},"primaryImageOfPage":{"@id":"https:\/\/whysoseriousstore.com\/wss-coffee-blue-longsleeve\/#primaryimage"},"image":{"@id":"https:\/\/whysoseriousstore.com\/wss-coffee-blue-longsleeve\/#primaryimage"},"thumbnailUrl":"https:\/\/whysoseriousstore.com\/wp-content\/uploads\/2026\/01\/Longsleeve-niebieski-damski-Coffee-3.jpg","datePublished":"2026-01-21T16:08:02+00:00","dateModified":"2026-04-28T19:57:34+00:00","description":"Niebieski bawe\u0142niany longsleeve Coffee to idealny dodatek do Twojej garderoby. Pasuje do wielu stylizacji i stanowi jej dope\u0142nienie.","breadcrumb":{"@id":"https:\/\/whysoseriousstore.com\/wss-coffee-blue-longsleeve\/#breadcrumb"},"inLanguage":"en-GB","potentialAction":[{"@type":"ReadAction","target":["https:\/\/whysoseriousstore.com\/wss-coffee-blue-longsleeve\/"]}]},{"@type":"ImageObject","inLanguage":"en-GB","@id":"https:\/\/whysoseriousstore.com\/wss-coffee-blue-longsleeve\/#primaryimage","url":"https:\/\/whysoseriousstore.com\/wp-content\/uploads\/2026\/01\/Longsleeve-niebieski-damski-Coffee-3.jpg","contentUrl":"https:\/\/whysoseriousstore.com\/wp-content\/uploads\/2026\/01\/Longsleeve-niebieski-damski-Coffee-3.jpg","width":1000,"height":1500},{"@type":"BreadcrumbList","@id":"https:\/\/whysoseriousstore.com\/wss-coffee-blue-longsleeve\/#breadcrumb","itemListElement":[{"@type":"ListItem","position":1,"name":"Strona g\u0142\u00f3wna","item":"https:\/\/whysoseriousstore.com\/"},{"@type":"ListItem","position":2,"name":"Sklep","item":"https:\/\/whysoseriousstore.com\/sklep\/"},{"@type":"ListItem","position":3,"name":"WSS Coffee Blue Longsleeve"}]},{"@type":"WebSite","@id":"https:\/\/whysoseriousstore.com\/#website","url":"https:\/\/whysoseriousstore.com\/","name":"WHYSOSERIOUS store","description":"","potentialAction":[{"@type":"SearchAction","target":{"@type":"EntryPoint","urlTemplate":"https:\/\/whysoseriousstore.com\/?s={search_term_string}"},"query-input":{"@type":"PropertyValueSpecification","valueRequired":true,"valueName":"search_term_string"}}],"inLanguage":"en-GB"}]}},"_links":{"self":[{"href":"https:\/\/whysoseriousstore.com\/eng\/wp-json\/wp\/v2\/product\/26270","targetHints":{"allow":["GET"]}}],"collection":[{"href":"https:\/\/whysoseriousstore.com\/eng\/wp-json\/wp\/v2\/product"}],"about":[{"href":"https:\/\/whysoseriousstore.com\/eng\/wp-json\/wp\/v2\/types\/product"}],"wp:featuredmedia":[{"embeddable":true,"href":"https:\/\/whysoseriousstore.com\/eng\/wp-json\/wp\/v2\/media\/26328"}],"wp:attachment":[{"href":"https:\/\/whysoseriousstore.com\/eng\/wp-json\/wp\/v2\/media?parent=26270"}],"wp:term":[{"taxonomy":"product_brand","embeddable":true,"href":"https:\/\/whysoseriousstore.com\/eng\/wp-json\/wp\/v2\/product_brand?post=26270"},{"taxonomy":"product_cat","embeddable":true,"href":"https:\/\/whysoseriousstore.com\/eng\/wp-json\/wp\/v2\/product_cat?post=26270"},{"taxonomy":"product_tag","embeddable":true,"href":"https:\/\/whysoseriousstore.com\/eng\/wp-json\/wp\/v2\/product_tag?post=26270"}],"curies":[{"name":"wp","href":"https:\/\/api.w.org\/{rel}","templated":true}]}}