{"id":26380,"date":"2026-01-26T19:44:15","date_gmt":"2026-01-26T18:44:15","guid":{"rendered":"https:\/\/whysoseriousstore.com\/?post_type=product&#038;p=26380"},"modified":"2026-04-13T19:06:53","modified_gmt":"2026-04-13T17:06:53","slug":"naszyjnik-love-notes-glina-x-wss","status":"publish","type":"product","link":"https:\/\/whysoseriousstore.com\/eng\/naszyjnik-love-notes-glina-x-wss\/","title":{"rendered":"Love Notes GLINA x WSS necklace"},"content":{"rendered":"<p data-start=\"127\" data-end=\"568\"><strong data-start=\"127\" data-end=\"158\"><span data-sheets-root=\"1\">\u00a0Love Notes GLINA x WSS<\/span> <\/strong>is a unique necklace made of chains with a heart-shaped pendant - the result of our collaboration with one of our favourite local jewellery brands, Clay Store.<\/p>\n<p data-start=\"570\" data-end=\"830\">The burgundy heart shade is a classic, which is perfectly enhanced by the patchwork filling. This necklace goes with everything: urban looks, holiday outfits or a romantic date set.<\/p>\n<p data-start=\"832\" data-end=\"1188\">Every detail of this necklace has been meticulously crafted - from the intertwined chains in anti-allergenic stainless steel, to the handmade patchwork heart with a burgundy frame.<\/p>\n<p data-start=\"1420\" data-end=\"1599\" data-is-last-node=\"\" data-is-only-node=\"\">Give yourself a love note!<\/p>\n<p data-start=\"1420\" data-end=\"1599\" data-is-last-node=\"\" data-is-only-node=\"\">Limited collection \u2665<\/p>\n<p><strong>THE HIGHEST QUALITY, MADE IN POLAND.\u00a0<\/strong><\/p>\n<p><a href=\"https:\/\/whysoseriousstore.com\/eng\/tshirty-damskie\/\">See also our t-shirts!<\/a><br \/>\nVisit us at <a href=\"https:\/\/www.instagram.com\/wss.whysoserious\/\">instagram<\/a> i <a href=\"https:\/\/www.facebook.com\/WSS.whysoserious\">facebook<\/a>.<\/p>","protected":false},"excerpt":{"rendered":"<p>\u00a0Love Notes GLINA x WSS to wyj\u0105tkowy naszyjnik wykonany z \u0142a\u0144cuszk\u00f3w z zawieszk\u0105 w kszta\u0142cie serca &#8211; wynik naszej kolaboracji z jedn\u0105 z naszych ulubionych lokalnych marek bi\u017cuterii Glina Store. Odcie\u0144 bordowy serca to klasyka, kt\u00f3r\u0105 idealnie urozmaica \u0142aciate wype\u0142nienie. Ten naszyjnik pasuje do wszystkiego: miejskich look\u00f3w, wakacyjnych outfit\u00f3w czy romantycznego zestawu na randk\u0119. Ka\u017cdy [&hellip;]<\/p>\n","protected":false},"featured_media":26391,"template":"","meta":[],"product_brand":[],"product_cat":[128,127],"product_tag":[],"class_list":{"0":"post-26380","1":"product","2":"type-product","3":"status-publish","4":"has-post-thumbnail","6":"product_cat-dodatki","7":"product_cat-wszystko","9":"first","10":"outofstock","11":"taxable","12":"shipping-taxable","13":"purchasable","14":"product-type-simple"},"bundled_by":[],"bundle_stock_status":"outofstock","bundle_stock_quantity":0,"bundle_virtual":false,"bundle_layout":"","bundle_add_to_cart_form_location":"","bundle_editable_in_cart":false,"bundle_sold_individually_context":"","bundle_item_grouping":"","bundle_min_size":"","bundle_max_size":"","bundle_price":[],"bundled_items":[],"bundle_sell_ids":[],"yoast_head":"<!-- This site is optimized with the Yoast SEO Premium plugin v20.0 (Yoast SEO v26.5) - https:\/\/yoast.com\/wordpress\/plugins\/seo\/ -->\n<title>Naszyjnik Love Notes GLINA x WSS - WHYSOSERIOUS store<\/title>\n<meta name=\"description\" content=\"Love Notes GLINA x WSS to wyj\u0105tkowy naszyjnik wykonany z \u0142a\u0144cuszk\u00f3w z zawieszk\u0105 w kszta\u0142cie serca - wynik naszej kolaboracji z jedn\u0105 z naszych ulubionych lokalnych marek bi\u017cuterii Glina Store.\" \/>\n<meta name=\"robots\" content=\"index, follow, max-snippet:-1, max-image-preview:large, max-video-preview:-1\" \/>\n<link rel=\"canonical\" href=\"https:\/\/whysoseriousstore.com\/eng\/naszyjnik-love-notes-glina-x-wss\/\" \/>\n<meta property=\"og:locale\" content=\"en_GB\" \/>\n<meta property=\"og:type\" content=\"article\" \/>\n<meta property=\"og:title\" content=\"Naszyjnik Love Notes GLINA x WSS\" \/>\n<meta property=\"og:description\" content=\"Love Notes GLINA x WSS to wyj\u0105tkowy naszyjnik wykonany z \u0142a\u0144cuszk\u00f3w z zawieszk\u0105 w kszta\u0142cie serca - wynik naszej kolaboracji z jedn\u0105 z naszych ulubionych lokalnych marek bi\u017cuterii Glina Store.\" \/>\n<meta property=\"og:url\" content=\"https:\/\/whysoseriousstore.com\/eng\/naszyjnik-love-notes-glina-x-wss\/\" \/>\n<meta property=\"og:site_name\" content=\"WHYSOSERIOUS store\" \/>\n<meta property=\"article:modified_time\" content=\"2026-04-13T17:06:53+00:00\" \/>\n<meta property=\"og:image\" content=\"https:\/\/whysoseriousstore.com\/wp-content\/uploads\/2026\/01\/Naszyjnik-serce-na-lancuszku-Why-So-Serious-2.jpg\" \/>\n\t<meta property=\"og:image:width\" content=\"1000\" \/>\n\t<meta property=\"og:image:height\" content=\"1500\" \/>\n\t<meta property=\"og:image:type\" content=\"image\/jpeg\" \/>\n<meta name=\"twitter:card\" content=\"summary_large_image\" \/>\n<meta name=\"twitter:label1\" content=\"Estimated reading time\" \/>\n\t<meta name=\"twitter:data1\" content=\"1 minute\" \/>\n<script type=\"application\/ld+json\" class=\"yoast-schema-graph\">{\"@context\":\"https:\/\/schema.org\",\"@graph\":[{\"@type\":\"WebPage\",\"@id\":\"https:\/\/whysoseriousstore.com\/naszyjnik-love-notes-glina-x-wss\/\",\"url\":\"https:\/\/whysoseriousstore.com\/naszyjnik-love-notes-glina-x-wss\/\",\"name\":\"Naszyjnik Love Notes GLINA x WSS - WHYSOSERIOUS store\",\"isPartOf\":{\"@id\":\"https:\/\/whysoseriousstore.com\/#website\"},\"primaryImageOfPage\":{\"@id\":\"https:\/\/whysoseriousstore.com\/naszyjnik-love-notes-glina-x-wss\/#primaryimage\"},\"image\":{\"@id\":\"https:\/\/whysoseriousstore.com\/naszyjnik-love-notes-glina-x-wss\/#primaryimage\"},\"thumbnailUrl\":\"https:\/\/whysoseriousstore.com\/wp-content\/uploads\/2026\/01\/Naszyjnik-serce-na-lancuszku-Why-So-Serious-2.jpg\",\"datePublished\":\"2026-01-26T18:44:15+00:00\",\"dateModified\":\"2026-04-13T17:06:53+00:00\",\"description\":\"Love Notes GLINA x WSS to wyj\u0105tkowy naszyjnik wykonany z \u0142a\u0144cuszk\u00f3w z zawieszk\u0105 w kszta\u0142cie serca - wynik naszej kolaboracji z jedn\u0105 z naszych ulubionych lokalnych marek bi\u017cuterii Glina Store.\",\"breadcrumb\":{\"@id\":\"https:\/\/whysoseriousstore.com\/naszyjnik-love-notes-glina-x-wss\/#breadcrumb\"},\"inLanguage\":\"en-GB\",\"potentialAction\":[{\"@type\":\"ReadAction\",\"target\":[\"https:\/\/whysoseriousstore.com\/naszyjnik-love-notes-glina-x-wss\/\"]}]},{\"@type\":\"ImageObject\",\"inLanguage\":\"en-GB\",\"@id\":\"https:\/\/whysoseriousstore.com\/naszyjnik-love-notes-glina-x-wss\/#primaryimage\",\"url\":\"https:\/\/whysoseriousstore.com\/wp-content\/uploads\/2026\/01\/Naszyjnik-serce-na-lancuszku-Why-So-Serious-2.jpg\",\"contentUrl\":\"https:\/\/whysoseriousstore.com\/wp-content\/uploads\/2026\/01\/Naszyjnik-serce-na-lancuszku-Why-So-Serious-2.jpg\",\"width\":1000,\"height\":1500},{\"@type\":\"BreadcrumbList\",\"@id\":\"https:\/\/whysoseriousstore.com\/naszyjnik-love-notes-glina-x-wss\/#breadcrumb\",\"itemListElement\":[{\"@type\":\"ListItem\",\"position\":1,\"name\":\"Strona g\u0142\u00f3wna\",\"item\":\"https:\/\/whysoseriousstore.com\/\"},{\"@type\":\"ListItem\",\"position\":2,\"name\":\"Sklep\",\"item\":\"https:\/\/whysoseriousstore.com\/sklep\/\"},{\"@type\":\"ListItem\",\"position\":3,\"name\":\"Naszyjnik Love Notes GLINA x WSS\"}]},{\"@type\":\"WebSite\",\"@id\":\"https:\/\/whysoseriousstore.com\/#website\",\"url\":\"https:\/\/whysoseriousstore.com\/\",\"name\":\"WHYSOSERIOUS store\",\"description\":\"\",\"potentialAction\":[{\"@type\":\"SearchAction\",\"target\":{\"@type\":\"EntryPoint\",\"urlTemplate\":\"https:\/\/whysoseriousstore.com\/?s={search_term_string}\"},\"query-input\":{\"@type\":\"PropertyValueSpecification\",\"valueRequired\":true,\"valueName\":\"search_term_string\"}}],\"inLanguage\":\"en-GB\"}]}<\/script>\n<!-- \/ Yoast SEO Premium plugin. -->","yoast_head_json":{"title":"Naszyjnik Love Notes GLINA x WSS - WHYSOSERIOUS store","description":"Love Notes GLINA x WSS to wyj\u0105tkowy naszyjnik wykonany z \u0142a\u0144cuszk\u00f3w z zawieszk\u0105 w kszta\u0142cie serca - wynik naszej kolaboracji z jedn\u0105 z naszych ulubionych lokalnych marek bi\u017cuterii Glina Store.","robots":{"index":"index","follow":"follow","max-snippet":"max-snippet:-1","max-image-preview":"max-image-preview:large","max-video-preview":"max-video-preview:-1"},"canonical":"https:\/\/whysoseriousstore.com\/eng\/naszyjnik-love-notes-glina-x-wss\/","og_locale":"en_GB","og_type":"article","og_title":"Naszyjnik Love Notes GLINA x WSS","og_description":"Love Notes GLINA x WSS to wyj\u0105tkowy naszyjnik wykonany z \u0142a\u0144cuszk\u00f3w z zawieszk\u0105 w kszta\u0142cie serca - wynik naszej kolaboracji z jedn\u0105 z naszych ulubionych lokalnych marek bi\u017cuterii Glina Store.","og_url":"https:\/\/whysoseriousstore.com\/eng\/naszyjnik-love-notes-glina-x-wss\/","og_site_name":"WHYSOSERIOUS store","article_modified_time":"2026-04-13T17:06:53+00:00","og_image":[{"width":1000,"height":1500,"url":"https:\/\/whysoseriousstore.com\/wp-content\/uploads\/2026\/01\/Naszyjnik-serce-na-lancuszku-Why-So-Serious-2.jpg","type":"image\/jpeg"}],"twitter_card":"summary_large_image","twitter_misc":{"Estimated reading time":"1 minute"},"schema":{"@context":"https:\/\/schema.org","@graph":[{"@type":"WebPage","@id":"https:\/\/whysoseriousstore.com\/naszyjnik-love-notes-glina-x-wss\/","url":"https:\/\/whysoseriousstore.com\/naszyjnik-love-notes-glina-x-wss\/","name":"Naszyjnik Love Notes GLINA x WSS - WHYSOSERIOUS store","isPartOf":{"@id":"https:\/\/whysoseriousstore.com\/#website"},"primaryImageOfPage":{"@id":"https:\/\/whysoseriousstore.com\/naszyjnik-love-notes-glina-x-wss\/#primaryimage"},"image":{"@id":"https:\/\/whysoseriousstore.com\/naszyjnik-love-notes-glina-x-wss\/#primaryimage"},"thumbnailUrl":"https:\/\/whysoseriousstore.com\/wp-content\/uploads\/2026\/01\/Naszyjnik-serce-na-lancuszku-Why-So-Serious-2.jpg","datePublished":"2026-01-26T18:44:15+00:00","dateModified":"2026-04-13T17:06:53+00:00","description":"Love Notes GLINA x WSS to wyj\u0105tkowy naszyjnik wykonany z \u0142a\u0144cuszk\u00f3w z zawieszk\u0105 w kszta\u0142cie serca - wynik naszej kolaboracji z jedn\u0105 z naszych ulubionych lokalnych marek bi\u017cuterii Glina Store.","breadcrumb":{"@id":"https:\/\/whysoseriousstore.com\/naszyjnik-love-notes-glina-x-wss\/#breadcrumb"},"inLanguage":"en-GB","potentialAction":[{"@type":"ReadAction","target":["https:\/\/whysoseriousstore.com\/naszyjnik-love-notes-glina-x-wss\/"]}]},{"@type":"ImageObject","inLanguage":"en-GB","@id":"https:\/\/whysoseriousstore.com\/naszyjnik-love-notes-glina-x-wss\/#primaryimage","url":"https:\/\/whysoseriousstore.com\/wp-content\/uploads\/2026\/01\/Naszyjnik-serce-na-lancuszku-Why-So-Serious-2.jpg","contentUrl":"https:\/\/whysoseriousstore.com\/wp-content\/uploads\/2026\/01\/Naszyjnik-serce-na-lancuszku-Why-So-Serious-2.jpg","width":1000,"height":1500},{"@type":"BreadcrumbList","@id":"https:\/\/whysoseriousstore.com\/naszyjnik-love-notes-glina-x-wss\/#breadcrumb","itemListElement":[{"@type":"ListItem","position":1,"name":"Strona g\u0142\u00f3wna","item":"https:\/\/whysoseriousstore.com\/"},{"@type":"ListItem","position":2,"name":"Sklep","item":"https:\/\/whysoseriousstore.com\/sklep\/"},{"@type":"ListItem","position":3,"name":"Naszyjnik Love Notes GLINA x WSS"}]},{"@type":"WebSite","@id":"https:\/\/whysoseriousstore.com\/#website","url":"https:\/\/whysoseriousstore.com\/","name":"WHYSOSERIOUS store","description":"","potentialAction":[{"@type":"SearchAction","target":{"@type":"EntryPoint","urlTemplate":"https:\/\/whysoseriousstore.com\/?s={search_term_string}"},"query-input":{"@type":"PropertyValueSpecification","valueRequired":true,"valueName":"search_term_string"}}],"inLanguage":"en-GB"}]}},"_links":{"self":[{"href":"https:\/\/whysoseriousstore.com\/eng\/wp-json\/wp\/v2\/product\/26380","targetHints":{"allow":["GET"]}}],"collection":[{"href":"https:\/\/whysoseriousstore.com\/eng\/wp-json\/wp\/v2\/product"}],"about":[{"href":"https:\/\/whysoseriousstore.com\/eng\/wp-json\/wp\/v2\/types\/product"}],"wp:featuredmedia":[{"embeddable":true,"href":"https:\/\/whysoseriousstore.com\/eng\/wp-json\/wp\/v2\/media\/26391"}],"wp:attachment":[{"href":"https:\/\/whysoseriousstore.com\/eng\/wp-json\/wp\/v2\/media?parent=26380"}],"wp:term":[{"taxonomy":"product_brand","embeddable":true,"href":"https:\/\/whysoseriousstore.com\/eng\/wp-json\/wp\/v2\/product_brand?post=26380"},{"taxonomy":"product_cat","embeddable":true,"href":"https:\/\/whysoseriousstore.com\/eng\/wp-json\/wp\/v2\/product_cat?post=26380"},{"taxonomy":"product_tag","embeddable":true,"href":"https:\/\/whysoseriousstore.com\/eng\/wp-json\/wp\/v2\/product_tag?post=26380"}],"curies":[{"name":"wp","href":"https:\/\/api.w.org\/{rel}","templated":true}]}}