{"id":26659,"date":"2026-02-12T13:53:55","date_gmt":"2026-02-12T12:53:55","guid":{"rendered":"https:\/\/whysoseriousstore.com\/?post_type=product&#038;p=26659"},"modified":"2026-05-02T16:33:29","modified_gmt":"2026-05-02T14:33:29","slug":"spodnie-mornings-w-paski-chocolate-navy","status":"publish","type":"product","link":"https:\/\/whysoseriousstore.com\/eng\/spodnie-mornings-w-paski-chocolate-navy\/","title":{"rendered":"Chocolate-Navy striped Mornings trousers"},"content":{"rendered":"<div class=\"flex basis-auto flex-col -mb-(--composer-overlap-px) [--composer-overlap-px:55px] grow overflow-hidden\">\n<div class=\"relative h-full\">\n<div class=\"flex h-full flex-col overflow-y-auto [scrollbar-gutter:stable_both-edges] @[84rem]\/thread:pt-(--header-height)\">\n<div class=\"@thread-xl\/thread:pt-header-height flex flex-col text-sm pb-25\">\n<article class=\"text-token-text-primary w-full focus:outline-none scroll-mt-[calc(var(--header-height)+min(200px,max(70px,20svh)))]\" dir=\"auto\" tabindex=\"-1\" data-testid=\"conversation-turn-2\" data-scroll-anchor=\"true\" data-turn=\"assistant\">\n<div class=\"text-base my-auto mx-auto pb-10 [--thread-content-margin:--spacing(4)] @[37rem]:[--thread-content-margin:--spacing(6)] @[72rem]:[--thread-content-margin:--spacing(16)] px-(--thread-content-margin)\">\n<div class=\"[--thread-content-max-width:32rem] @[34rem]:[--thread-content-max-width:40rem] @[64rem]:[--thread-content-max-width:48rem] mx-auto max-w-(--thread-content-max-width) flex-1 group\/turn-messages focus-visible:outline-hidden relative flex w-full min-w-0 flex-col agent-turn\" tabindex=\"-1\">\n<div class=\"flex max-w-full flex-col grow\">\n<div class=\"min-h-8 text-message relative flex w-full flex-col items-end gap-2 text-start break-words whitespace-normal [.text-message+&amp;]:mt-5\" dir=\"auto\" data-message-author-role=\"assistant\" data-message-id=\"d31ba12a-889a-44cd-b789-be22a613198c\" data-message-model-slug=\"gpt-4o\">\n<div class=\"flex w-full flex-col gap-1 empty:hidden first:pt-[3px]\">\n<div class=\"markdown prose dark:prose-invert w-full break-words light\">\n<p data-start=\"0\" data-end=\"305\"><strong data-start=\"0\" data-end=\"25\">Spodnie\u00a0<span data-sheets-root=\"1\">Mornings\u00a0 <\/span><\/strong><span data-sheets-root=\"1\">w paski o kolorach chocolate-navy to 100% bawe\u0142niane spodnie pi\u017camowe, nasz nowy must have na powolne poranki i wieczory filmowe.<\/span><\/p>\n<p data-start=\"485\" data-end=\"729\">Uszyte z wysokiej jako\u015bci, grubszej bawe\u0142ny \u2013 mi\u0119kkiej, trwa\u0142ej i trzymaj\u0105cej form\u0119, dzi\u0119ki czemu spodnie nie gniot\u0105 si\u0119 i nie wypychaj\u0105. Pi\u0119kne, g\u0142\u0119bokie kolory pask\u00f3w \u015bwietnie wsp\u00f3\u0142graj\u0105 razem. Materia\u0142 \u015bwietnie trzyma form\u0119, jest odporny na mechacenie i zachowuje sw\u00f3j wygl\u0105d nawet po wielu praniach, dzi\u0119ki czemu spodnie pos\u0142u\u017c\u0105 Ci przez d\u0142ugi czas.<\/p>\n<p data-start=\"731\" data-end=\"914\">Lu\u017aniejszy, komfortowy kr\u00f3j typu Wide Leg zapewnia swobod\u0119 ruch\u00f3w i idealnie dopasowuje si\u0119 do codziennego rytmu. W pasie gumka z dodatkowym obszyciem w \u015brodku w kolorze r\u00f3\u017cowym.<br \/>\nW pasie wszyta metka WHYSOSERIOUS.<\/p>\n<p data-start=\"916\" data-end=\"1032\" data-is-last-node=\"\" data-is-only-node=\"\"><strong data-start=\"916\" data-end=\"941\">Spodnie pi\u017camowe Mornings to nasza odpowied\u017a na pi\u017camy premium, kt\u00f3re umil\u0105 Ci ka\u017cdy powolny poranek z kaw\u0105 &lt;3<\/strong><\/p>\n<\/div>\n<\/div>\n<\/div>\n<\/div>\n<\/div>\n<\/div>\n<\/article>\n<\/div>\n<\/div>\n<\/div>\n<\/div>\n<p data-start=\"837\" data-end=\"932\">Modelka ma 171 cm wzrostu i nosi rozmiar S.<\/p>\n<p data-start=\"934\" data-end=\"974\"><strong data-start=\"934\" data-end=\"974\">THE HIGHEST QUALITY, MADE IN POLAND.<\/strong><\/p>\n","protected":false},"excerpt":{"rendered":"<p>Spodnie\u00a0Mornings\u00a0 w paski o kolorach chocolate-navy to 100% bawe\u0142niane spodnie pi\u017camowe, nasz nowy must have na powolne poranki i wieczory filmowe. Uszyte z wysokiej jako\u015bci, grubszej bawe\u0142ny \u2013 mi\u0119kkiej, trwa\u0142ej i trzymaj\u0105cej form\u0119, dzi\u0119ki czemu spodnie nie gniot\u0105 si\u0119 i nie wypychaj\u0105. Pi\u0119kne, g\u0142\u0119bokie kolory pask\u00f3w \u015bwietnie wsp\u00f3\u0142graj\u0105 razem. Materia\u0142 \u015bwietnie trzyma form\u0119, jest odporny [&hellip;]<\/p>\n","protected":false},"featured_media":26677,"template":"","meta":[],"product_brand":[],"product_cat":[180,112,127],"product_tag":[],"class_list":{"0":"post-26659","1":"product","2":"type-product","3":"status-publish","4":"has-post-thumbnail","6":"product_cat-spring-sale","7":"product_cat-spodnie","8":"product_cat-wszystko","10":"first","11":"outofstock","12":"sale","13":"taxable","14":"shipping-taxable","15":"purchasable","16":"product-type-variable","17":"has-default-attributes"},"bundled_by":[],"bundle_stock_status":"outofstock","bundle_stock_quantity":null,"bundle_virtual":false,"bundle_layout":"","bundle_add_to_cart_form_location":"","bundle_editable_in_cart":false,"bundle_sold_individually_context":"","bundle_item_grouping":"","bundle_min_size":"","bundle_max_size":"","bundle_price":[],"bundled_items":[],"bundle_sell_ids":[],"yoast_head":"<!-- This site is optimized with the Yoast SEO Premium plugin v20.0 (Yoast SEO v26.5) - https:\/\/yoast.com\/wordpress\/plugins\/seo\/ -->\n<title>Spodnie Mornings w paski Chocolate-Navy - WHYSOSERIOUS store<\/title>\n<meta name=\"description\" content=\"Spodnie Mornings w paski to jako\u015bciowa pi\u017cama z bawe\u0142ny 100%. Kolorowe paski i szeroki kr\u00f3j nogawki sprawi\u0105, \u017ce ka\u017cdy powolny poranek b\u0119dzie Tw\u00f3j &lt;3\" \/>\n<meta name=\"robots\" content=\"index, follow, max-snippet:-1, max-image-preview:large, max-video-preview:-1\" \/>\n<link rel=\"canonical\" href=\"https:\/\/whysoseriousstore.com\/eng\/spodnie-mornings-w-paski-chocolate-navy\/\" \/>\n<meta property=\"og:locale\" content=\"en_GB\" \/>\n<meta property=\"og:type\" content=\"article\" \/>\n<meta property=\"og:title\" content=\"Spodnie Mornings w paski Chocolate-Navy\" \/>\n<meta property=\"og:description\" content=\"Spodnie Mornings w paski to jako\u015bciowa pi\u017cama z bawe\u0142ny 100%. Kolorowe paski i szeroki kr\u00f3j nogawki sprawi\u0105, \u017ce ka\u017cdy powolny poranek b\u0119dzie Tw\u00f3j &lt;3\" \/>\n<meta property=\"og:url\" content=\"https:\/\/whysoseriousstore.com\/eng\/spodnie-mornings-w-paski-chocolate-navy\/\" \/>\n<meta property=\"og:site_name\" content=\"WHYSOSERIOUS store\" \/>\n<meta property=\"article:modified_time\" content=\"2026-05-02T14:33:29+00:00\" \/>\n<meta name=\"twitter:card\" content=\"summary_large_image\" \/>\n<meta name=\"twitter:label1\" content=\"Estimated reading time\" \/>\n\t<meta name=\"twitter:data1\" content=\"2 minutes\" \/>\n<script type=\"application\/ld+json\" class=\"yoast-schema-graph\">{\"@context\":\"https:\/\/schema.org\",\"@graph\":[{\"@type\":\"WebPage\",\"@id\":\"https:\/\/whysoseriousstore.com\/spodnie-mornings-w-paski-chocolate-navy\/\",\"url\":\"https:\/\/whysoseriousstore.com\/spodnie-mornings-w-paski-chocolate-navy\/\",\"name\":\"Spodnie Mornings w paski Chocolate-Navy - WHYSOSERIOUS store\",\"isPartOf\":{\"@id\":\"https:\/\/whysoseriousstore.com\/#website\"},\"primaryImageOfPage\":{\"@id\":\"https:\/\/whysoseriousstore.com\/spodnie-mornings-w-paski-chocolate-navy\/#primaryimage\"},\"image\":{\"@id\":\"https:\/\/whysoseriousstore.com\/spodnie-mornings-w-paski-chocolate-navy\/#primaryimage\"},\"thumbnailUrl\":\"https:\/\/whysoseriousstore.com\/wp-content\/uploads\/2026\/02\/Spodnie-pizamowe-w-paski-damskie-dlugie-scaled.jpg\",\"datePublished\":\"2026-02-12T12:53:55+00:00\",\"dateModified\":\"2026-05-02T14:33:29+00:00\",\"description\":\"Spodnie Mornings w paski to jako\u015bciowa pi\u017cama z bawe\u0142ny 100%. Kolorowe paski i szeroki kr\u00f3j nogawki sprawi\u0105, \u017ce ka\u017cdy powolny poranek b\u0119dzie Tw\u00f3j &lt;3\",\"breadcrumb\":{\"@id\":\"https:\/\/whysoseriousstore.com\/spodnie-mornings-w-paski-chocolate-navy\/#breadcrumb\"},\"inLanguage\":\"en-GB\",\"potentialAction\":[{\"@type\":\"ReadAction\",\"target\":[\"https:\/\/whysoseriousstore.com\/spodnie-mornings-w-paski-chocolate-navy\/\"]}]},{\"@type\":\"ImageObject\",\"inLanguage\":\"en-GB\",\"@id\":\"https:\/\/whysoseriousstore.com\/spodnie-mornings-w-paski-chocolate-navy\/#primaryimage\",\"url\":\"https:\/\/whysoseriousstore.com\/wp-content\/uploads\/2026\/02\/Spodnie-pizamowe-w-paski-damskie-dlugie-scaled.jpg\",\"contentUrl\":\"https:\/\/whysoseriousstore.com\/wp-content\/uploads\/2026\/02\/Spodnie-pizamowe-w-paski-damskie-dlugie-scaled.jpg\",\"width\":1707,\"height\":2560},{\"@type\":\"BreadcrumbList\",\"@id\":\"https:\/\/whysoseriousstore.com\/spodnie-mornings-w-paski-chocolate-navy\/#breadcrumb\",\"itemListElement\":[{\"@type\":\"ListItem\",\"position\":1,\"name\":\"Strona g\u0142\u00f3wna\",\"item\":\"https:\/\/whysoseriousstore.com\/\"},{\"@type\":\"ListItem\",\"position\":2,\"name\":\"Sklep\",\"item\":\"https:\/\/whysoseriousstore.com\/sklep\/\"},{\"@type\":\"ListItem\",\"position\":3,\"name\":\"Spodnie Mornings w paski Chocolate-Navy\"}]},{\"@type\":\"WebSite\",\"@id\":\"https:\/\/whysoseriousstore.com\/#website\",\"url\":\"https:\/\/whysoseriousstore.com\/\",\"name\":\"WHYSOSERIOUS store\",\"description\":\"\",\"potentialAction\":[{\"@type\":\"SearchAction\",\"target\":{\"@type\":\"EntryPoint\",\"urlTemplate\":\"https:\/\/whysoseriousstore.com\/?s={search_term_string}\"},\"query-input\":{\"@type\":\"PropertyValueSpecification\",\"valueRequired\":true,\"valueName\":\"search_term_string\"}}],\"inLanguage\":\"en-GB\"}]}<\/script>\n<!-- \/ Yoast SEO Premium plugin. -->","yoast_head_json":{"title":"Spodnie Mornings w paski Chocolate-Navy - WHYSOSERIOUS store","description":"Spodnie Mornings w paski to jako\u015bciowa pi\u017cama z bawe\u0142ny 100%. Kolorowe paski i szeroki kr\u00f3j nogawki sprawi\u0105, \u017ce ka\u017cdy powolny poranek b\u0119dzie Tw\u00f3j &lt;3","robots":{"index":"index","follow":"follow","max-snippet":"max-snippet:-1","max-image-preview":"max-image-preview:large","max-video-preview":"max-video-preview:-1"},"canonical":"https:\/\/whysoseriousstore.com\/eng\/spodnie-mornings-w-paski-chocolate-navy\/","og_locale":"en_GB","og_type":"article","og_title":"Spodnie Mornings w paski Chocolate-Navy","og_description":"Spodnie Mornings w paski to jako\u015bciowa pi\u017cama z bawe\u0142ny 100%. Kolorowe paski i szeroki kr\u00f3j nogawki sprawi\u0105, \u017ce ka\u017cdy powolny poranek b\u0119dzie Tw\u00f3j &lt;3","og_url":"https:\/\/whysoseriousstore.com\/eng\/spodnie-mornings-w-paski-chocolate-navy\/","og_site_name":"WHYSOSERIOUS store","article_modified_time":"2026-05-02T14:33:29+00:00","twitter_card":"summary_large_image","twitter_misc":{"Estimated reading time":"2 minutes"},"schema":{"@context":"https:\/\/schema.org","@graph":[{"@type":"WebPage","@id":"https:\/\/whysoseriousstore.com\/spodnie-mornings-w-paski-chocolate-navy\/","url":"https:\/\/whysoseriousstore.com\/spodnie-mornings-w-paski-chocolate-navy\/","name":"Spodnie Mornings w paski Chocolate-Navy - WHYSOSERIOUS store","isPartOf":{"@id":"https:\/\/whysoseriousstore.com\/#website"},"primaryImageOfPage":{"@id":"https:\/\/whysoseriousstore.com\/spodnie-mornings-w-paski-chocolate-navy\/#primaryimage"},"image":{"@id":"https:\/\/whysoseriousstore.com\/spodnie-mornings-w-paski-chocolate-navy\/#primaryimage"},"thumbnailUrl":"https:\/\/whysoseriousstore.com\/wp-content\/uploads\/2026\/02\/Spodnie-pizamowe-w-paski-damskie-dlugie-scaled.jpg","datePublished":"2026-02-12T12:53:55+00:00","dateModified":"2026-05-02T14:33:29+00:00","description":"Spodnie Mornings w paski to jako\u015bciowa pi\u017cama z bawe\u0142ny 100%. Kolorowe paski i szeroki kr\u00f3j nogawki sprawi\u0105, \u017ce ka\u017cdy powolny poranek b\u0119dzie Tw\u00f3j &lt;3","breadcrumb":{"@id":"https:\/\/whysoseriousstore.com\/spodnie-mornings-w-paski-chocolate-navy\/#breadcrumb"},"inLanguage":"en-GB","potentialAction":[{"@type":"ReadAction","target":["https:\/\/whysoseriousstore.com\/spodnie-mornings-w-paski-chocolate-navy\/"]}]},{"@type":"ImageObject","inLanguage":"en-GB","@id":"https:\/\/whysoseriousstore.com\/spodnie-mornings-w-paski-chocolate-navy\/#primaryimage","url":"https:\/\/whysoseriousstore.com\/wp-content\/uploads\/2026\/02\/Spodnie-pizamowe-w-paski-damskie-dlugie-scaled.jpg","contentUrl":"https:\/\/whysoseriousstore.com\/wp-content\/uploads\/2026\/02\/Spodnie-pizamowe-w-paski-damskie-dlugie-scaled.jpg","width":1707,"height":2560},{"@type":"BreadcrumbList","@id":"https:\/\/whysoseriousstore.com\/spodnie-mornings-w-paski-chocolate-navy\/#breadcrumb","itemListElement":[{"@type":"ListItem","position":1,"name":"Strona g\u0142\u00f3wna","item":"https:\/\/whysoseriousstore.com\/"},{"@type":"ListItem","position":2,"name":"Sklep","item":"https:\/\/whysoseriousstore.com\/sklep\/"},{"@type":"ListItem","position":3,"name":"Spodnie Mornings w paski Chocolate-Navy"}]},{"@type":"WebSite","@id":"https:\/\/whysoseriousstore.com\/#website","url":"https:\/\/whysoseriousstore.com\/","name":"WHYSOSERIOUS store","description":"","potentialAction":[{"@type":"SearchAction","target":{"@type":"EntryPoint","urlTemplate":"https:\/\/whysoseriousstore.com\/?s={search_term_string}"},"query-input":{"@type":"PropertyValueSpecification","valueRequired":true,"valueName":"search_term_string"}}],"inLanguage":"en-GB"}]}},"_links":{"self":[{"href":"https:\/\/whysoseriousstore.com\/eng\/wp-json\/wp\/v2\/product\/26659","targetHints":{"allow":["GET"]}}],"collection":[{"href":"https:\/\/whysoseriousstore.com\/eng\/wp-json\/wp\/v2\/product"}],"about":[{"href":"https:\/\/whysoseriousstore.com\/eng\/wp-json\/wp\/v2\/types\/product"}],"wp:featuredmedia":[{"embeddable":true,"href":"https:\/\/whysoseriousstore.com\/eng\/wp-json\/wp\/v2\/media\/26677"}],"wp:attachment":[{"href":"https:\/\/whysoseriousstore.com\/eng\/wp-json\/wp\/v2\/media?parent=26659"}],"wp:term":[{"taxonomy":"product_brand","embeddable":true,"href":"https:\/\/whysoseriousstore.com\/eng\/wp-json\/wp\/v2\/product_brand?post=26659"},{"taxonomy":"product_cat","embeddable":true,"href":"https:\/\/whysoseriousstore.com\/eng\/wp-json\/wp\/v2\/product_cat?post=26659"},{"taxonomy":"product_tag","embeddable":true,"href":"https:\/\/whysoseriousstore.com\/eng\/wp-json\/wp\/v2\/product_tag?post=26659"}],"curies":[{"name":"wp","href":"https:\/\/api.w.org\/{rel}","templated":true}]}}