{"id":26666,"date":"2026-02-12T14:06:55","date_gmt":"2026-02-12T13:06:55","guid":{"rendered":"https:\/\/whysoseriousstore.com\/?post_type=product&#038;p=26666"},"modified":"2026-04-30T08:57:37","modified_gmt":"2026-04-30T06:57:37","slug":"koszula-mornings-w-paski-chocolate-navy","status":"publish","type":"product","link":"https:\/\/whysoseriousstore.com\/eng\/koszula-mornings-w-paski-chocolate-navy\/","title":{"rendered":"Chocolate-Navy striped Mornings shirt"},"content":{"rendered":"<p data-start=\"0\" data-end=\"396\"><strong>Mornings striped cotton shirt<\/strong> is part of the pyjamas created with love for Slow Mornings &lt;3 The navy blue and chocolate stripes and pink piping on the trims not only make you feel great in these pyjamas, but it&#039;s also an aesthetic feast.<\/p>\n<p data-start=\"0\" data-end=\"396\">Made in 100% from high-quality cotton, it stands out for its pleasant feel and quality fabric. The shirt is buttoned and has a chest pocket. The oversize cut makes for a comfortable sleeping and wearing experience - after all, everyone likes to spend slow mornings in comfortable, enveloping fabrics.<\/p>\n<p data-start=\"398\" data-end=\"666\">This is our first, very polished pyjamas and we feel that we will wear this shirt for spring styling too!<\/p>\n<p data-start=\"668\" data-end=\"868\">The shirt has been sewn in Poland, in a local tailor's shop, with attention to detail and quality workmanship. This is one of those pieces for your wardrobe that not only looks good, but also lasts a long time.<\/p>\n<p><strong>ONESIZE size<br \/>\n<\/strong><strong>100% cotton<\/strong><\/p>\n<p><strong>THE HIGHEST QUALITY, MADE IN POLAND.\u00a0<\/strong><\/p>\n<p><a href=\"https:\/\/whysoseriousstore.com\/eng\/tshirty-damskie\/\">See also our t-shirts!<\/a><br \/>\nVisit us at <a href=\"https:\/\/www.instagram.com\/wss.whysoserious\/\">instagram<\/a> i <a href=\"https:\/\/www.facebook.com\/WSS.whysoserious\">facebook<\/a>.<\/p>","protected":false},"excerpt":{"rendered":"<p>Koszula bawe\u0142niana Mornings w paski to cz\u0119\u015b\u0107 pi\u017camy stworzonej z mi\u0142o\u015bci do Slow Mornings &lt;3 Granatowo-czekoladowe pasy i r\u00f3\u017cowa lam\u00f3wka na wyko\u0144czeniach sprawiaj\u0105, \u017ce w tej pi\u017camie nie tylko czujesz si\u0119 \u015bwietnie, ale jest to te\u017c uczta estetyczna. Uszyta w 100% z wysokogatunkowej bawe\u0142ny, wyr\u00f3\u017cnia si\u0119 przyjemnym w dotyku, jako\u015bciowym materia\u0142em. Koszula jest zapinana na [&hellip;]<\/p>\n","protected":false},"featured_media":26671,"template":"","meta":[],"product_brand":[],"product_cat":[163,180,127],"product_tag":[],"class_list":{"0":"post-26666","1":"product","2":"type-product","3":"status-publish","4":"has-post-thumbnail","6":"product_cat-koszule","7":"product_cat-spring-sale","8":"product_cat-wszystko","10":"first","11":"instock","12":"sale","13":"taxable","14":"shipping-taxable","15":"purchasable","16":"product-type-variable","17":"has-default-attributes"},"bundled_by":[],"bundle_stock_status":"instock","bundle_stock_quantity":null,"bundle_virtual":false,"bundle_layout":"","bundle_add_to_cart_form_location":"","bundle_editable_in_cart":false,"bundle_sold_individually_context":"","bundle_item_grouping":"","bundle_min_size":"","bundle_max_size":"","bundle_price":[],"bundled_items":[],"bundle_sell_ids":[],"yoast_head":"<!-- This site is optimized with the Yoast SEO Premium plugin v20.0 (Yoast SEO v26.5) - https:\/\/yoast.com\/wordpress\/plugins\/seo\/ -->\n<title>Koszula flanelowa w krat\u0119 - WHYSOSERIOUS store<\/title>\n<meta name=\"description\" content=\"Koszula flanelowa w krat\u0119 Malmo to esencja miejskiego stylu i ponadczasowej klasyki. Uszyta w 100% z wysokogatunkowej bawe\u0142ny, wyr\u00f3\u017cnia si\u0119 lekk\u0105, mi\u0119kk\u0105 w dotyku flanel\u0105.\" \/>\n<meta name=\"robots\" content=\"index, follow, max-snippet:-1, max-image-preview:large, max-video-preview:-1\" \/>\n<link rel=\"canonical\" href=\"https:\/\/whysoseriousstore.com\/eng\/koszula-mornings-w-paski-chocolate-navy\/\" \/>\n<meta property=\"og:locale\" content=\"en_GB\" \/>\n<meta property=\"og:type\" content=\"article\" \/>\n<meta property=\"og:title\" content=\"Koszula Mornings w paski Chocolate-Navy\" \/>\n<meta property=\"og:description\" content=\"Koszula flanelowa w krat\u0119 Malmo to esencja miejskiego stylu i ponadczasowej klasyki. Uszyta w 100% z wysokogatunkowej bawe\u0142ny, wyr\u00f3\u017cnia si\u0119 lekk\u0105, mi\u0119kk\u0105 w dotyku flanel\u0105.\" \/>\n<meta property=\"og:url\" content=\"https:\/\/whysoseriousstore.com\/eng\/koszula-mornings-w-paski-chocolate-navy\/\" \/>\n<meta property=\"og:site_name\" content=\"WHYSOSERIOUS store\" \/>\n<meta property=\"article:modified_time\" content=\"2026-04-30T06:57:37+00:00\" \/>\n<meta property=\"og:image\" content=\"https:\/\/whysoseriousstore.com\/wp-content\/uploads\/2026\/02\/Koszula-pizama-damska-w-paski-bawelna-premium-2.jpg\" \/>\n\t<meta property=\"og:image:width\" content=\"1000\" \/>\n\t<meta property=\"og:image:height\" content=\"1500\" \/>\n\t<meta property=\"og:image:type\" content=\"image\/jpeg\" \/>\n<meta name=\"twitter:card\" content=\"summary_large_image\" \/>\n<meta name=\"twitter:label1\" content=\"Estimated reading time\" \/>\n\t<meta name=\"twitter:data1\" content=\"1 minute\" \/>\n<script type=\"application\/ld+json\" class=\"yoast-schema-graph\">{\"@context\":\"https:\/\/schema.org\",\"@graph\":[{\"@type\":\"WebPage\",\"@id\":\"https:\/\/whysoseriousstore.com\/koszula-mornings-w-paski-chocolate-navy\/\",\"url\":\"https:\/\/whysoseriousstore.com\/koszula-mornings-w-paski-chocolate-navy\/\",\"name\":\"Koszula flanelowa w krat\u0119 - WHYSOSERIOUS store\",\"isPartOf\":{\"@id\":\"https:\/\/whysoseriousstore.com\/#website\"},\"primaryImageOfPage\":{\"@id\":\"https:\/\/whysoseriousstore.com\/koszula-mornings-w-paski-chocolate-navy\/#primaryimage\"},\"image\":{\"@id\":\"https:\/\/whysoseriousstore.com\/koszula-mornings-w-paski-chocolate-navy\/#primaryimage\"},\"thumbnailUrl\":\"https:\/\/whysoseriousstore.com\/wp-content\/uploads\/2026\/02\/Koszula-pizama-damska-w-paski-bawelna-premium-2.jpg\",\"datePublished\":\"2026-02-12T13:06:55+00:00\",\"dateModified\":\"2026-04-30T06:57:37+00:00\",\"description\":\"Koszula flanelowa w krat\u0119 Malmo to esencja miejskiego stylu i ponadczasowej klasyki. Uszyta w 100% z wysokogatunkowej bawe\u0142ny, wyr\u00f3\u017cnia si\u0119 lekk\u0105, mi\u0119kk\u0105 w dotyku flanel\u0105.\",\"breadcrumb\":{\"@id\":\"https:\/\/whysoseriousstore.com\/koszula-mornings-w-paski-chocolate-navy\/#breadcrumb\"},\"inLanguage\":\"en-GB\",\"potentialAction\":[{\"@type\":\"ReadAction\",\"target\":[\"https:\/\/whysoseriousstore.com\/koszula-mornings-w-paski-chocolate-navy\/\"]}]},{\"@type\":\"ImageObject\",\"inLanguage\":\"en-GB\",\"@id\":\"https:\/\/whysoseriousstore.com\/koszula-mornings-w-paski-chocolate-navy\/#primaryimage\",\"url\":\"https:\/\/whysoseriousstore.com\/wp-content\/uploads\/2026\/02\/Koszula-pizama-damska-w-paski-bawelna-premium-2.jpg\",\"contentUrl\":\"https:\/\/whysoseriousstore.com\/wp-content\/uploads\/2026\/02\/Koszula-pizama-damska-w-paski-bawelna-premium-2.jpg\",\"width\":1000,\"height\":1500},{\"@type\":\"BreadcrumbList\",\"@id\":\"https:\/\/whysoseriousstore.com\/koszula-mornings-w-paski-chocolate-navy\/#breadcrumb\",\"itemListElement\":[{\"@type\":\"ListItem\",\"position\":1,\"name\":\"Strona g\u0142\u00f3wna\",\"item\":\"https:\/\/whysoseriousstore.com\/\"},{\"@type\":\"ListItem\",\"position\":2,\"name\":\"Sklep\",\"item\":\"https:\/\/whysoseriousstore.com\/sklep\/\"},{\"@type\":\"ListItem\",\"position\":3,\"name\":\"Koszula Mornings w paski Chocolate-Navy\"}]},{\"@type\":\"WebSite\",\"@id\":\"https:\/\/whysoseriousstore.com\/#website\",\"url\":\"https:\/\/whysoseriousstore.com\/\",\"name\":\"WHYSOSERIOUS store\",\"description\":\"\",\"potentialAction\":[{\"@type\":\"SearchAction\",\"target\":{\"@type\":\"EntryPoint\",\"urlTemplate\":\"https:\/\/whysoseriousstore.com\/?s={search_term_string}\"},\"query-input\":{\"@type\":\"PropertyValueSpecification\",\"valueRequired\":true,\"valueName\":\"search_term_string\"}}],\"inLanguage\":\"en-GB\"}]}<\/script>\n<!-- \/ Yoast SEO Premium plugin. -->","yoast_head_json":{"title":"Koszula flanelowa w krat\u0119 - WHYSOSERIOUS store","description":"Koszula flanelowa w krat\u0119 Malmo to esencja miejskiego stylu i ponadczasowej klasyki. Uszyta w 100% z wysokogatunkowej bawe\u0142ny, wyr\u00f3\u017cnia si\u0119 lekk\u0105, mi\u0119kk\u0105 w dotyku flanel\u0105.","robots":{"index":"index","follow":"follow","max-snippet":"max-snippet:-1","max-image-preview":"max-image-preview:large","max-video-preview":"max-video-preview:-1"},"canonical":"https:\/\/whysoseriousstore.com\/eng\/koszula-mornings-w-paski-chocolate-navy\/","og_locale":"en_GB","og_type":"article","og_title":"Koszula Mornings w paski Chocolate-Navy","og_description":"Koszula flanelowa w krat\u0119 Malmo to esencja miejskiego stylu i ponadczasowej klasyki. Uszyta w 100% z wysokogatunkowej bawe\u0142ny, wyr\u00f3\u017cnia si\u0119 lekk\u0105, mi\u0119kk\u0105 w dotyku flanel\u0105.","og_url":"https:\/\/whysoseriousstore.com\/eng\/koszula-mornings-w-paski-chocolate-navy\/","og_site_name":"WHYSOSERIOUS store","article_modified_time":"2026-04-30T06:57:37+00:00","og_image":[{"width":1000,"height":1500,"url":"https:\/\/whysoseriousstore.com\/wp-content\/uploads\/2026\/02\/Koszula-pizama-damska-w-paski-bawelna-premium-2.jpg","type":"image\/jpeg"}],"twitter_card":"summary_large_image","twitter_misc":{"Estimated reading time":"1 minute"},"schema":{"@context":"https:\/\/schema.org","@graph":[{"@type":"WebPage","@id":"https:\/\/whysoseriousstore.com\/koszula-mornings-w-paski-chocolate-navy\/","url":"https:\/\/whysoseriousstore.com\/koszula-mornings-w-paski-chocolate-navy\/","name":"Koszula flanelowa w krat\u0119 - WHYSOSERIOUS store","isPartOf":{"@id":"https:\/\/whysoseriousstore.com\/#website"},"primaryImageOfPage":{"@id":"https:\/\/whysoseriousstore.com\/koszula-mornings-w-paski-chocolate-navy\/#primaryimage"},"image":{"@id":"https:\/\/whysoseriousstore.com\/koszula-mornings-w-paski-chocolate-navy\/#primaryimage"},"thumbnailUrl":"https:\/\/whysoseriousstore.com\/wp-content\/uploads\/2026\/02\/Koszula-pizama-damska-w-paski-bawelna-premium-2.jpg","datePublished":"2026-02-12T13:06:55+00:00","dateModified":"2026-04-30T06:57:37+00:00","description":"Koszula flanelowa w krat\u0119 Malmo to esencja miejskiego stylu i ponadczasowej klasyki. Uszyta w 100% z wysokogatunkowej bawe\u0142ny, wyr\u00f3\u017cnia si\u0119 lekk\u0105, mi\u0119kk\u0105 w dotyku flanel\u0105.","breadcrumb":{"@id":"https:\/\/whysoseriousstore.com\/koszula-mornings-w-paski-chocolate-navy\/#breadcrumb"},"inLanguage":"en-GB","potentialAction":[{"@type":"ReadAction","target":["https:\/\/whysoseriousstore.com\/koszula-mornings-w-paski-chocolate-navy\/"]}]},{"@type":"ImageObject","inLanguage":"en-GB","@id":"https:\/\/whysoseriousstore.com\/koszula-mornings-w-paski-chocolate-navy\/#primaryimage","url":"https:\/\/whysoseriousstore.com\/wp-content\/uploads\/2026\/02\/Koszula-pizama-damska-w-paski-bawelna-premium-2.jpg","contentUrl":"https:\/\/whysoseriousstore.com\/wp-content\/uploads\/2026\/02\/Koszula-pizama-damska-w-paski-bawelna-premium-2.jpg","width":1000,"height":1500},{"@type":"BreadcrumbList","@id":"https:\/\/whysoseriousstore.com\/koszula-mornings-w-paski-chocolate-navy\/#breadcrumb","itemListElement":[{"@type":"ListItem","position":1,"name":"Strona g\u0142\u00f3wna","item":"https:\/\/whysoseriousstore.com\/"},{"@type":"ListItem","position":2,"name":"Sklep","item":"https:\/\/whysoseriousstore.com\/sklep\/"},{"@type":"ListItem","position":3,"name":"Koszula Mornings w paski Chocolate-Navy"}]},{"@type":"WebSite","@id":"https:\/\/whysoseriousstore.com\/#website","url":"https:\/\/whysoseriousstore.com\/","name":"WHYSOSERIOUS store","description":"","potentialAction":[{"@type":"SearchAction","target":{"@type":"EntryPoint","urlTemplate":"https:\/\/whysoseriousstore.com\/?s={search_term_string}"},"query-input":{"@type":"PropertyValueSpecification","valueRequired":true,"valueName":"search_term_string"}}],"inLanguage":"en-GB"}]}},"_links":{"self":[{"href":"https:\/\/whysoseriousstore.com\/eng\/wp-json\/wp\/v2\/product\/26666","targetHints":{"allow":["GET"]}}],"collection":[{"href":"https:\/\/whysoseriousstore.com\/eng\/wp-json\/wp\/v2\/product"}],"about":[{"href":"https:\/\/whysoseriousstore.com\/eng\/wp-json\/wp\/v2\/types\/product"}],"wp:featuredmedia":[{"embeddable":true,"href":"https:\/\/whysoseriousstore.com\/eng\/wp-json\/wp\/v2\/media\/26671"}],"wp:attachment":[{"href":"https:\/\/whysoseriousstore.com\/eng\/wp-json\/wp\/v2\/media?parent=26666"}],"wp:term":[{"taxonomy":"product_brand","embeddable":true,"href":"https:\/\/whysoseriousstore.com\/eng\/wp-json\/wp\/v2\/product_brand?post=26666"},{"taxonomy":"product_cat","embeddable":true,"href":"https:\/\/whysoseriousstore.com\/eng\/wp-json\/wp\/v2\/product_cat?post=26666"},{"taxonomy":"product_tag","embeddable":true,"href":"https:\/\/whysoseriousstore.com\/eng\/wp-json\/wp\/v2\/product_tag?post=26666"}],"curies":[{"name":"wp","href":"https:\/\/api.w.org\/{rel}","templated":true}]}}