{"id":26766,"date":"2026-02-22T18:02:12","date_gmt":"2026-02-22T17:02:12","guid":{"rendered":"https:\/\/whysoseriousstore.com\/?post_type=product&#038;p=26766"},"modified":"2026-04-28T21:48:33","modified_gmt":"2026-04-28T19:48:33","slug":"spodnica-lagoa-burgundy","status":"publish","type":"product","link":"https:\/\/whysoseriousstore.com\/eng\/spodnica-lagoa-burgundy\/","title":{"rendered":"Lagoa Burgundy skirt"},"content":{"rendered":"<p data-start=\"0\" data-end=\"286\"><strong>Maroon Lagoa skirt<\/strong> in viscose is a combination of timeless classics and urban casualness - just the way we like it in the <strong>WHYSOSERIOUS<\/strong>. With its slightly flared cut, leg slit and deep burgundy hue, this is the piece that will find its way into your wardrobe for the long term and in any situation.<\/p>\n<p data-start=\"288\" data-end=\"648\"><strong>Colour<\/strong> - A classic maroon that gives you complete styling freedom - pair it with a white T-shirt, top, oversize sweatshirt or matching longsleeve and it always looks good.<\/p>\n<p data-start=\"288\" data-end=\"648\"><strong>Material<\/strong> - Viscose - natural, airy, with a slight matte sheen. Ideal for warm days, but also when you want to opt for comfort without sacrificing a feminine look.<\/p>\n<p data-start=\"650\" data-end=\"957\"><strong>Cut<\/strong> - Minimalist, but with character. The material flows beautifully with movement, gently holding the silhouette. It's a model that looks very flattering and doesn't restrict movement - perfect for every day, a trip, an evening stroll or a spontaneous meeting in the city.<\/p>\n<p>The model is 171 cm tall and a size S.<\/p>\n<p><strong>THE HIGHEST QUALITY, MADE IN POLAND.<\/strong><\/p>\n<p><a href=\"https:\/\/whysoseriousstore.com\/eng\/bluzy-unisex\/?v=9b7d173b068d\">See also our sweatshirts!<\/a><br \/>\nVisit us at\u00a0<a href=\"https:\/\/www.instagram.com\/wss.whysoserious\/\">instagram<\/a>\u00a0i\u00a0<a href=\"https:\/\/www.facebook.com\/WSS.whysoserious\">facebook<\/a>.<\/p>","protected":false},"excerpt":{"rendered":"<p>Bordowa sp\u00f3dnica Lagoa z wiskozy to po\u0142\u0105czenie ponadczasowej klasyki z miejskim luzem \u2014 dok\u0142adnie tak, jak lubimy w WHYSOSERIOUS. Lekko rozszerzany fason, rozci\u0119cie na nodze i g\u0142\u0119boki odcie\u0144 burgundy sprawiaj\u0105, \u017ce to ta cz\u0119\u015b\u0107 garderoby, kt\u00f3ra odnajdzie si\u0119 w Twojej szafie na d\u0142u\u017cej i w ka\u017cdej sytuacji. Kolor &#8211; klasyczny bordo, kt\u00f3ry daje Ci pe\u0142n\u0105 [&hellip;]<\/p>\n","protected":false},"featured_media":26870,"template":"","meta":[],"product_brand":[],"product_cat":[137,127],"product_tag":[],"class_list":{"0":"post-26766","1":"product","2":"type-product","3":"status-publish","4":"has-post-thumbnail","6":"product_cat-sukienki","7":"product_cat-wszystko","9":"first","10":"instock","11":"taxable","12":"shipping-taxable","13":"purchasable","14":"product-type-variable","15":"has-default-attributes"},"bundled_by":[],"bundle_stock_status":"instock","bundle_stock_quantity":null,"bundle_virtual":false,"bundle_layout":"","bundle_add_to_cart_form_location":"","bundle_editable_in_cart":false,"bundle_sold_individually_context":"","bundle_item_grouping":"","bundle_min_size":"","bundle_max_size":"","bundle_price":[],"bundled_items":[],"bundle_sell_ids":[],"yoast_head":"<!-- This site is optimized with the Yoast SEO Premium plugin v20.0 (Yoast SEO v26.5) - https:\/\/yoast.com\/wordpress\/plugins\/seo\/ -->\n<title>Sp\u00f3dnica Lagoa Burgundy - WHYSOSERIOUS store<\/title>\n<meta name=\"description\" content=\"Nasza bordowa sp\u00f3dnica z rozci\u0119ciem to idealny klasyk na lato. Zostanie w twojej szafie na d\u0142ugo i dope\u0142ni ka\u017cdy Tw\u00f3j look.\" \/>\n<meta name=\"robots\" content=\"index, follow, max-snippet:-1, max-image-preview:large, max-video-preview:-1\" \/>\n<link rel=\"canonical\" href=\"https:\/\/whysoseriousstore.com\/eng\/spodnica-lagoa-burgundy\/\" \/>\n<meta property=\"og:locale\" content=\"en_GB\" \/>\n<meta property=\"og:type\" content=\"article\" \/>\n<meta property=\"og:title\" content=\"Sp\u00f3dnica Lagoa Burgundy\" \/>\n<meta property=\"og:description\" content=\"Nasza bordowa sp\u00f3dnica z rozci\u0119ciem to idealny klasyk na lato. Zostanie w twojej szafie na d\u0142ugo i dope\u0142ni ka\u017cdy Tw\u00f3j look.\" \/>\n<meta property=\"og:url\" content=\"https:\/\/whysoseriousstore.com\/eng\/spodnica-lagoa-burgundy\/\" \/>\n<meta property=\"og:site_name\" content=\"WHYSOSERIOUS store\" \/>\n<meta property=\"article:modified_time\" content=\"2026-04-28T19:48:33+00:00\" \/>\n<meta property=\"og:image\" content=\"https:\/\/whysoseriousstore.com\/wp-content\/uploads\/2026\/02\/IMG_6025.jpg\" \/>\n\t<meta property=\"og:image:width\" content=\"1000\" \/>\n\t<meta property=\"og:image:height\" content=\"1500\" \/>\n\t<meta property=\"og:image:type\" content=\"image\/jpeg\" \/>\n<meta name=\"twitter:card\" content=\"summary_large_image\" \/>\n<meta name=\"twitter:label1\" content=\"Estimated reading time\" \/>\n\t<meta name=\"twitter:data1\" content=\"2 minutes\" \/>\n<script type=\"application\/ld+json\" class=\"yoast-schema-graph\">{\"@context\":\"https:\/\/schema.org\",\"@graph\":[{\"@type\":\"WebPage\",\"@id\":\"https:\/\/whysoseriousstore.com\/spodnica-lagoa-burgundy\/\",\"url\":\"https:\/\/whysoseriousstore.com\/spodnica-lagoa-burgundy\/\",\"name\":\"Sp\u00f3dnica Lagoa Burgundy - WHYSOSERIOUS store\",\"isPartOf\":{\"@id\":\"https:\/\/whysoseriousstore.com\/#website\"},\"primaryImageOfPage\":{\"@id\":\"https:\/\/whysoseriousstore.com\/spodnica-lagoa-burgundy\/#primaryimage\"},\"image\":{\"@id\":\"https:\/\/whysoseriousstore.com\/spodnica-lagoa-burgundy\/#primaryimage\"},\"thumbnailUrl\":\"https:\/\/whysoseriousstore.com\/wp-content\/uploads\/2026\/02\/IMG_6025.jpg\",\"datePublished\":\"2026-02-22T17:02:12+00:00\",\"dateModified\":\"2026-04-28T19:48:33+00:00\",\"description\":\"Nasza bordowa sp\u00f3dnica z rozci\u0119ciem to idealny klasyk na lato. Zostanie w twojej szafie na d\u0142ugo i dope\u0142ni ka\u017cdy Tw\u00f3j look.\",\"breadcrumb\":{\"@id\":\"https:\/\/whysoseriousstore.com\/spodnica-lagoa-burgundy\/#breadcrumb\"},\"inLanguage\":\"en-GB\",\"potentialAction\":[{\"@type\":\"ReadAction\",\"target\":[\"https:\/\/whysoseriousstore.com\/spodnica-lagoa-burgundy\/\"]}]},{\"@type\":\"ImageObject\",\"inLanguage\":\"en-GB\",\"@id\":\"https:\/\/whysoseriousstore.com\/spodnica-lagoa-burgundy\/#primaryimage\",\"url\":\"https:\/\/whysoseriousstore.com\/wp-content\/uploads\/2026\/02\/IMG_6025.jpg\",\"contentUrl\":\"https:\/\/whysoseriousstore.com\/wp-content\/uploads\/2026\/02\/IMG_6025.jpg\",\"width\":1000,\"height\":1500},{\"@type\":\"BreadcrumbList\",\"@id\":\"https:\/\/whysoseriousstore.com\/spodnica-lagoa-burgundy\/#breadcrumb\",\"itemListElement\":[{\"@type\":\"ListItem\",\"position\":1,\"name\":\"Strona g\u0142\u00f3wna\",\"item\":\"https:\/\/whysoseriousstore.com\/\"},{\"@type\":\"ListItem\",\"position\":2,\"name\":\"Sklep\",\"item\":\"https:\/\/whysoseriousstore.com\/sklep\/\"},{\"@type\":\"ListItem\",\"position\":3,\"name\":\"Sp\u00f3dnica Lagoa Burgundy\"}]},{\"@type\":\"WebSite\",\"@id\":\"https:\/\/whysoseriousstore.com\/#website\",\"url\":\"https:\/\/whysoseriousstore.com\/\",\"name\":\"WHYSOSERIOUS store\",\"description\":\"\",\"potentialAction\":[{\"@type\":\"SearchAction\",\"target\":{\"@type\":\"EntryPoint\",\"urlTemplate\":\"https:\/\/whysoseriousstore.com\/?s={search_term_string}\"},\"query-input\":{\"@type\":\"PropertyValueSpecification\",\"valueRequired\":true,\"valueName\":\"search_term_string\"}}],\"inLanguage\":\"en-GB\"}]}<\/script>\n<!-- \/ Yoast SEO Premium plugin. -->","yoast_head_json":{"title":"Sp\u00f3dnica Lagoa Burgundy - WHYSOSERIOUS store","description":"Nasza bordowa sp\u00f3dnica z rozci\u0119ciem to idealny klasyk na lato. Zostanie w twojej szafie na d\u0142ugo i dope\u0142ni ka\u017cdy Tw\u00f3j look.","robots":{"index":"index","follow":"follow","max-snippet":"max-snippet:-1","max-image-preview":"max-image-preview:large","max-video-preview":"max-video-preview:-1"},"canonical":"https:\/\/whysoseriousstore.com\/eng\/spodnica-lagoa-burgundy\/","og_locale":"en_GB","og_type":"article","og_title":"Sp\u00f3dnica Lagoa Burgundy","og_description":"Nasza bordowa sp\u00f3dnica z rozci\u0119ciem to idealny klasyk na lato. Zostanie w twojej szafie na d\u0142ugo i dope\u0142ni ka\u017cdy Tw\u00f3j look.","og_url":"https:\/\/whysoseriousstore.com\/eng\/spodnica-lagoa-burgundy\/","og_site_name":"WHYSOSERIOUS store","article_modified_time":"2026-04-28T19:48:33+00:00","og_image":[{"width":1000,"height":1500,"url":"https:\/\/whysoseriousstore.com\/wp-content\/uploads\/2026\/02\/IMG_6025.jpg","type":"image\/jpeg"}],"twitter_card":"summary_large_image","twitter_misc":{"Estimated reading time":"2 minutes"},"schema":{"@context":"https:\/\/schema.org","@graph":[{"@type":"WebPage","@id":"https:\/\/whysoseriousstore.com\/spodnica-lagoa-burgundy\/","url":"https:\/\/whysoseriousstore.com\/spodnica-lagoa-burgundy\/","name":"Sp\u00f3dnica Lagoa Burgundy - WHYSOSERIOUS store","isPartOf":{"@id":"https:\/\/whysoseriousstore.com\/#website"},"primaryImageOfPage":{"@id":"https:\/\/whysoseriousstore.com\/spodnica-lagoa-burgundy\/#primaryimage"},"image":{"@id":"https:\/\/whysoseriousstore.com\/spodnica-lagoa-burgundy\/#primaryimage"},"thumbnailUrl":"https:\/\/whysoseriousstore.com\/wp-content\/uploads\/2026\/02\/IMG_6025.jpg","datePublished":"2026-02-22T17:02:12+00:00","dateModified":"2026-04-28T19:48:33+00:00","description":"Nasza bordowa sp\u00f3dnica z rozci\u0119ciem to idealny klasyk na lato. Zostanie w twojej szafie na d\u0142ugo i dope\u0142ni ka\u017cdy Tw\u00f3j look.","breadcrumb":{"@id":"https:\/\/whysoseriousstore.com\/spodnica-lagoa-burgundy\/#breadcrumb"},"inLanguage":"en-GB","potentialAction":[{"@type":"ReadAction","target":["https:\/\/whysoseriousstore.com\/spodnica-lagoa-burgundy\/"]}]},{"@type":"ImageObject","inLanguage":"en-GB","@id":"https:\/\/whysoseriousstore.com\/spodnica-lagoa-burgundy\/#primaryimage","url":"https:\/\/whysoseriousstore.com\/wp-content\/uploads\/2026\/02\/IMG_6025.jpg","contentUrl":"https:\/\/whysoseriousstore.com\/wp-content\/uploads\/2026\/02\/IMG_6025.jpg","width":1000,"height":1500},{"@type":"BreadcrumbList","@id":"https:\/\/whysoseriousstore.com\/spodnica-lagoa-burgundy\/#breadcrumb","itemListElement":[{"@type":"ListItem","position":1,"name":"Strona g\u0142\u00f3wna","item":"https:\/\/whysoseriousstore.com\/"},{"@type":"ListItem","position":2,"name":"Sklep","item":"https:\/\/whysoseriousstore.com\/sklep\/"},{"@type":"ListItem","position":3,"name":"Sp\u00f3dnica Lagoa Burgundy"}]},{"@type":"WebSite","@id":"https:\/\/whysoseriousstore.com\/#website","url":"https:\/\/whysoseriousstore.com\/","name":"WHYSOSERIOUS store","description":"","potentialAction":[{"@type":"SearchAction","target":{"@type":"EntryPoint","urlTemplate":"https:\/\/whysoseriousstore.com\/?s={search_term_string}"},"query-input":{"@type":"PropertyValueSpecification","valueRequired":true,"valueName":"search_term_string"}}],"inLanguage":"en-GB"}]}},"_links":{"self":[{"href":"https:\/\/whysoseriousstore.com\/eng\/wp-json\/wp\/v2\/product\/26766","targetHints":{"allow":["GET"]}}],"collection":[{"href":"https:\/\/whysoseriousstore.com\/eng\/wp-json\/wp\/v2\/product"}],"about":[{"href":"https:\/\/whysoseriousstore.com\/eng\/wp-json\/wp\/v2\/types\/product"}],"wp:featuredmedia":[{"embeddable":true,"href":"https:\/\/whysoseriousstore.com\/eng\/wp-json\/wp\/v2\/media\/26870"}],"wp:attachment":[{"href":"https:\/\/whysoseriousstore.com\/eng\/wp-json\/wp\/v2\/media?parent=26766"}],"wp:term":[{"taxonomy":"product_brand","embeddable":true,"href":"https:\/\/whysoseriousstore.com\/eng\/wp-json\/wp\/v2\/product_brand?post=26766"},{"taxonomy":"product_cat","embeddable":true,"href":"https:\/\/whysoseriousstore.com\/eng\/wp-json\/wp\/v2\/product_cat?post=26766"},{"taxonomy":"product_tag","embeddable":true,"href":"https:\/\/whysoseriousstore.com\/eng\/wp-json\/wp\/v2\/product_tag?post=26766"}],"curies":[{"name":"wp","href":"https:\/\/api.w.org\/{rel}","templated":true}]}}