{"id":26775,"date":"2026-02-22T18:02:12","date_gmt":"2026-02-22T17:02:12","guid":{"rendered":"https:\/\/whysoseriousstore.com\/?post_type=product&#038;p=26775"},"modified":"2026-04-30T08:57:37","modified_gmt":"2026-04-30T06:57:37","slug":"spodnie-dresowe-wide-wss-brazowe","status":"publish","type":"product","link":"https:\/\/whysoseriousstore.com\/eng\/spodnie-dresowe-wide-wss-brazowe\/","title":{"rendered":"Sweatpants Wide WSS Brown"},"content":{"rendered":"<p data-start=\"113\" data-end=\"431\"><strong data-start=\"113\" data-end=\"149\">Sweatpants Wide WSS Brown<\/strong> is a combination of minimalist design and maximum comfort. The model with a slightly wider leg has been made from cotton with a draped finish in a deep brown shade. This cotton is soft, durable and extremely comfortable to wear.<\/p>\n<p data-start=\"433\" data-end=\"756\">The looser cut provides complete freedom of movement, while the unique cut adds character to the styling. The brown colour is a timeless alternative to classic shades - warm, versatile and easy to combine with other wardrobe pieces.<\/p>\n<p data-start=\"433\" data-end=\"756\">The overall design is complemented by subtle embroidery in brown - Good Life Society, maintained in a minimalist aesthetic. The tonal detailing emphasises the character of the model without disturbing its pure form - a discreet but distinctive finish for those who appreciate refined details.<\/p>\n<p data-start=\"758\" data-end=\"1138\">The Wide WSS Sweatpants in brown are the answer for those who value comfort but don't sacrifice style. The minimalist form and subtly widened leg make them even more comfortable to wear, while the neutral colour scheme allows to create both casual and more refined styling. They look great with an oversize sweatshirt, bomber jacket or longer coat.<\/p>\n<p data-start=\"1393\" data-end=\"1478\">We are committed to quality and timeless style - Wide WSS Brown is a classic in a new guise.<\/p>\n<p data-start=\"1480\" data-end=\"1586\">Join the WHYSOSERIOUS team and create a set with a polo sweatshirt as the perfect complement to the overall look.<\/p>\n<p>The model in the photo wears a size S and is 171 cm tall.<br \/>\n<strong>THE HIGHEST QUALITY, MADE IN POLAND.\u00a0<\/strong><\/p>\n<p><a href=\"https:\/\/whysoseriousstore.com\/eng\/tshirty-damskie\/\">See also our t-shirts!<\/a><br \/>\nVisit us at <a href=\"https:\/\/www.instagram.com\/wss.whysoserious\/\">instagram<\/a> i <a href=\"https:\/\/www.facebook.com\/WSS.whysoserious\">facebook<\/a>.<\/p>","protected":false},"excerpt":{"rendered":"<p>Spodnie Dresowe Wide WSS Br\u0105zowe to po\u0142\u0105czenie minimalistycznego designu i maksymalnej wygody. Model o delikatnie szerszej nogawce zosta\u0142 wykonany z bawe\u0142ny o wyko\u0144czeniu drapanym w g\u0142\u0119bokim, br\u0105zowym odcieniu. To bawe\u0142na mi\u0119kka, trwa\u0142a i niezwykle komfortowa w noszeniu. Lu\u017aniejszy fason zapewnia pe\u0142n\u0105 swobod\u0119 ruch\u00f3w, a unikalny kr\u00f3j nadaje stylizacjom charakteru. Br\u0105zowy kolor to ponadczasowa alternatywa dla [&hellip;]<\/p>\n","protected":false},"featured_media":26859,"template":"","meta":[],"product_brand":[],"product_cat":[180,112,108,127],"product_tag":[],"class_list":{"0":"post-26775","1":"product","2":"type-product","3":"status-publish","4":"has-post-thumbnail","6":"product_cat-spring-sale","7":"product_cat-spodnie","8":"product_cat-new","9":"product_cat-wszystko","11":"first","12":"instock","13":"sale","14":"taxable","15":"shipping-taxable","16":"purchasable","17":"product-type-variable"},"bundled_by":["26967"],"bundle_stock_status":"instock","bundle_stock_quantity":null,"bundle_virtual":false,"bundle_layout":"","bundle_add_to_cart_form_location":"","bundle_editable_in_cart":false,"bundle_sold_individually_context":"","bundle_item_grouping":"","bundle_min_size":"","bundle_max_size":"","bundle_price":[],"bundled_items":[],"bundle_sell_ids":[],"yoast_head":"<!-- This site is optimized with the Yoast SEO Premium plugin v20.0 (Yoast SEO v26.5) - https:\/\/yoast.com\/wordpress\/plugins\/seo\/ -->\n<title>Spodnie Dresowe Wide WSS Br\u0105zowe - WHYSOSERIOUS store<\/title>\n<meta name=\"description\" content=\"Spodnie Dresowe Wide WSS Br\u0105zowe wykonane z bawe\u0142ny premium. Idealny klasyk o wysokiej jako\u015bci, uszyty z mi\u0119sistej, mi\u0119kkiej bawe\u0142ny.\" \/>\n<meta name=\"robots\" content=\"index, follow, max-snippet:-1, max-image-preview:large, max-video-preview:-1\" \/>\n<link rel=\"canonical\" href=\"https:\/\/whysoseriousstore.com\/eng\/spodnie-dresowe-wide-wss-brazowe\/\" \/>\n<meta property=\"og:locale\" content=\"en_GB\" \/>\n<meta property=\"og:type\" content=\"article\" \/>\n<meta property=\"og:title\" content=\"Spodnie Dresowe Wide WSS Br\u0105zowe\" \/>\n<meta property=\"og:description\" content=\"Spodnie Dresowe Wide WSS Br\u0105zowe wykonane z bawe\u0142ny premium. Idealny klasyk o wysokiej jako\u015bci, uszyty z mi\u0119sistej, mi\u0119kkiej bawe\u0142ny.\" \/>\n<meta property=\"og:url\" content=\"https:\/\/whysoseriousstore.com\/eng\/spodnie-dresowe-wide-wss-brazowe\/\" \/>\n<meta property=\"og:site_name\" content=\"WHYSOSERIOUS store\" \/>\n<meta property=\"article:modified_time\" content=\"2026-04-30T06:57:37+00:00\" \/>\n<meta property=\"og:image\" content=\"https:\/\/whysoseriousstore.com\/wp-content\/uploads\/2026\/02\/Spodnie-dresowe-wide-bawelna-Whysoserious.jpg\" \/>\n\t<meta property=\"og:image:width\" content=\"1000\" \/>\n\t<meta property=\"og:image:height\" content=\"1500\" \/>\n\t<meta property=\"og:image:type\" content=\"image\/jpeg\" \/>\n<meta name=\"twitter:card\" content=\"summary_large_image\" \/>\n<meta name=\"twitter:label1\" content=\"Estimated reading time\" \/>\n\t<meta name=\"twitter:data1\" content=\"2 minutes\" \/>\n<script type=\"application\/ld+json\" class=\"yoast-schema-graph\">{\"@context\":\"https:\/\/schema.org\",\"@graph\":[{\"@type\":\"WebPage\",\"@id\":\"https:\/\/whysoseriousstore.com\/spodnie-dresowe-wide-wss-brazowe\/\",\"url\":\"https:\/\/whysoseriousstore.com\/spodnie-dresowe-wide-wss-brazowe\/\",\"name\":\"Spodnie Dresowe Wide WSS Br\u0105zowe - WHYSOSERIOUS store\",\"isPartOf\":{\"@id\":\"https:\/\/whysoseriousstore.com\/#website\"},\"primaryImageOfPage\":{\"@id\":\"https:\/\/whysoseriousstore.com\/spodnie-dresowe-wide-wss-brazowe\/#primaryimage\"},\"image\":{\"@id\":\"https:\/\/whysoseriousstore.com\/spodnie-dresowe-wide-wss-brazowe\/#primaryimage\"},\"thumbnailUrl\":\"https:\/\/whysoseriousstore.com\/wp-content\/uploads\/2026\/02\/Spodnie-dresowe-wide-bawelna-Whysoserious.jpg\",\"datePublished\":\"2026-02-22T17:02:12+00:00\",\"dateModified\":\"2026-04-30T06:57:37+00:00\",\"description\":\"Spodnie Dresowe Wide WSS Br\u0105zowe wykonane z bawe\u0142ny premium. Idealny klasyk o wysokiej jako\u015bci, uszyty z mi\u0119sistej, mi\u0119kkiej bawe\u0142ny.\",\"breadcrumb\":{\"@id\":\"https:\/\/whysoseriousstore.com\/spodnie-dresowe-wide-wss-brazowe\/#breadcrumb\"},\"inLanguage\":\"en-GB\",\"potentialAction\":[{\"@type\":\"ReadAction\",\"target\":[\"https:\/\/whysoseriousstore.com\/spodnie-dresowe-wide-wss-brazowe\/\"]}]},{\"@type\":\"ImageObject\",\"inLanguage\":\"en-GB\",\"@id\":\"https:\/\/whysoseriousstore.com\/spodnie-dresowe-wide-wss-brazowe\/#primaryimage\",\"url\":\"https:\/\/whysoseriousstore.com\/wp-content\/uploads\/2026\/02\/Spodnie-dresowe-wide-bawelna-Whysoserious.jpg\",\"contentUrl\":\"https:\/\/whysoseriousstore.com\/wp-content\/uploads\/2026\/02\/Spodnie-dresowe-wide-bawelna-Whysoserious.jpg\",\"width\":1000,\"height\":1500},{\"@type\":\"BreadcrumbList\",\"@id\":\"https:\/\/whysoseriousstore.com\/spodnie-dresowe-wide-wss-brazowe\/#breadcrumb\",\"itemListElement\":[{\"@type\":\"ListItem\",\"position\":1,\"name\":\"Strona g\u0142\u00f3wna\",\"item\":\"https:\/\/whysoseriousstore.com\/\"},{\"@type\":\"ListItem\",\"position\":2,\"name\":\"Sklep\",\"item\":\"https:\/\/whysoseriousstore.com\/sklep\/\"},{\"@type\":\"ListItem\",\"position\":3,\"name\":\"Spodnie Dresowe Wide WSS Br\u0105zowe\"}]},{\"@type\":\"WebSite\",\"@id\":\"https:\/\/whysoseriousstore.com\/#website\",\"url\":\"https:\/\/whysoseriousstore.com\/\",\"name\":\"WHYSOSERIOUS store\",\"description\":\"\",\"potentialAction\":[{\"@type\":\"SearchAction\",\"target\":{\"@type\":\"EntryPoint\",\"urlTemplate\":\"https:\/\/whysoseriousstore.com\/?s={search_term_string}\"},\"query-input\":{\"@type\":\"PropertyValueSpecification\",\"valueRequired\":true,\"valueName\":\"search_term_string\"}}],\"inLanguage\":\"en-GB\"}]}<\/script>\n<!-- \/ Yoast SEO Premium plugin. -->","yoast_head_json":{"title":"Spodnie Dresowe Wide WSS Br\u0105zowe - WHYSOSERIOUS store","description":"Spodnie Dresowe Wide WSS Br\u0105zowe wykonane z bawe\u0142ny premium. Idealny klasyk o wysokiej jako\u015bci, uszyty z mi\u0119sistej, mi\u0119kkiej bawe\u0142ny.","robots":{"index":"index","follow":"follow","max-snippet":"max-snippet:-1","max-image-preview":"max-image-preview:large","max-video-preview":"max-video-preview:-1"},"canonical":"https:\/\/whysoseriousstore.com\/eng\/spodnie-dresowe-wide-wss-brazowe\/","og_locale":"en_GB","og_type":"article","og_title":"Spodnie Dresowe Wide WSS Br\u0105zowe","og_description":"Spodnie Dresowe Wide WSS Br\u0105zowe wykonane z bawe\u0142ny premium. Idealny klasyk o wysokiej jako\u015bci, uszyty z mi\u0119sistej, mi\u0119kkiej bawe\u0142ny.","og_url":"https:\/\/whysoseriousstore.com\/eng\/spodnie-dresowe-wide-wss-brazowe\/","og_site_name":"WHYSOSERIOUS store","article_modified_time":"2026-04-30T06:57:37+00:00","og_image":[{"width":1000,"height":1500,"url":"https:\/\/whysoseriousstore.com\/wp-content\/uploads\/2026\/02\/Spodnie-dresowe-wide-bawelna-Whysoserious.jpg","type":"image\/jpeg"}],"twitter_card":"summary_large_image","twitter_misc":{"Estimated reading time":"2 minutes"},"schema":{"@context":"https:\/\/schema.org","@graph":[{"@type":"WebPage","@id":"https:\/\/whysoseriousstore.com\/spodnie-dresowe-wide-wss-brazowe\/","url":"https:\/\/whysoseriousstore.com\/spodnie-dresowe-wide-wss-brazowe\/","name":"Spodnie Dresowe Wide WSS Br\u0105zowe - WHYSOSERIOUS store","isPartOf":{"@id":"https:\/\/whysoseriousstore.com\/#website"},"primaryImageOfPage":{"@id":"https:\/\/whysoseriousstore.com\/spodnie-dresowe-wide-wss-brazowe\/#primaryimage"},"image":{"@id":"https:\/\/whysoseriousstore.com\/spodnie-dresowe-wide-wss-brazowe\/#primaryimage"},"thumbnailUrl":"https:\/\/whysoseriousstore.com\/wp-content\/uploads\/2026\/02\/Spodnie-dresowe-wide-bawelna-Whysoserious.jpg","datePublished":"2026-02-22T17:02:12+00:00","dateModified":"2026-04-30T06:57:37+00:00","description":"Spodnie Dresowe Wide WSS Br\u0105zowe wykonane z bawe\u0142ny premium. Idealny klasyk o wysokiej jako\u015bci, uszyty z mi\u0119sistej, mi\u0119kkiej bawe\u0142ny.","breadcrumb":{"@id":"https:\/\/whysoseriousstore.com\/spodnie-dresowe-wide-wss-brazowe\/#breadcrumb"},"inLanguage":"en-GB","potentialAction":[{"@type":"ReadAction","target":["https:\/\/whysoseriousstore.com\/spodnie-dresowe-wide-wss-brazowe\/"]}]},{"@type":"ImageObject","inLanguage":"en-GB","@id":"https:\/\/whysoseriousstore.com\/spodnie-dresowe-wide-wss-brazowe\/#primaryimage","url":"https:\/\/whysoseriousstore.com\/wp-content\/uploads\/2026\/02\/Spodnie-dresowe-wide-bawelna-Whysoserious.jpg","contentUrl":"https:\/\/whysoseriousstore.com\/wp-content\/uploads\/2026\/02\/Spodnie-dresowe-wide-bawelna-Whysoserious.jpg","width":1000,"height":1500},{"@type":"BreadcrumbList","@id":"https:\/\/whysoseriousstore.com\/spodnie-dresowe-wide-wss-brazowe\/#breadcrumb","itemListElement":[{"@type":"ListItem","position":1,"name":"Strona g\u0142\u00f3wna","item":"https:\/\/whysoseriousstore.com\/"},{"@type":"ListItem","position":2,"name":"Sklep","item":"https:\/\/whysoseriousstore.com\/sklep\/"},{"@type":"ListItem","position":3,"name":"Spodnie Dresowe Wide WSS Br\u0105zowe"}]},{"@type":"WebSite","@id":"https:\/\/whysoseriousstore.com\/#website","url":"https:\/\/whysoseriousstore.com\/","name":"WHYSOSERIOUS store","description":"","potentialAction":[{"@type":"SearchAction","target":{"@type":"EntryPoint","urlTemplate":"https:\/\/whysoseriousstore.com\/?s={search_term_string}"},"query-input":{"@type":"PropertyValueSpecification","valueRequired":true,"valueName":"search_term_string"}}],"inLanguage":"en-GB"}]}},"_links":{"self":[{"href":"https:\/\/whysoseriousstore.com\/eng\/wp-json\/wp\/v2\/product\/26775","targetHints":{"allow":["GET"]}}],"collection":[{"href":"https:\/\/whysoseriousstore.com\/eng\/wp-json\/wp\/v2\/product"}],"about":[{"href":"https:\/\/whysoseriousstore.com\/eng\/wp-json\/wp\/v2\/types\/product"}],"wp:featuredmedia":[{"embeddable":true,"href":"https:\/\/whysoseriousstore.com\/eng\/wp-json\/wp\/v2\/media\/26859"}],"wp:attachment":[{"href":"https:\/\/whysoseriousstore.com\/eng\/wp-json\/wp\/v2\/media?parent=26775"}],"wp:term":[{"taxonomy":"product_brand","embeddable":true,"href":"https:\/\/whysoseriousstore.com\/eng\/wp-json\/wp\/v2\/product_brand?post=26775"},{"taxonomy":"product_cat","embeddable":true,"href":"https:\/\/whysoseriousstore.com\/eng\/wp-json\/wp\/v2\/product_cat?post=26775"},{"taxonomy":"product_tag","embeddable":true,"href":"https:\/\/whysoseriousstore.com\/eng\/wp-json\/wp\/v2\/product_tag?post=26775"}],"curies":[{"name":"wp","href":"https:\/\/api.w.org\/{rel}","templated":true}]}}