{"id":26829,"date":"2026-02-21T01:28:39","date_gmt":"2026-02-21T00:28:39","guid":{"rendered":"https:\/\/whysoseriousstore.com\/?post_type=product&#038;p=26829"},"modified":"2026-04-29T01:09:39","modified_gmt":"2026-04-28T23:09:39","slug":"spodnie-dresowe-wide-wss-szare","status":"publish","type":"product","link":"https:\/\/whysoseriousstore.com\/eng\/spodnie-dresowe-wide-wss-szare\/","title":{"rendered":"Sweatpants Wide WSS Grey"},"content":{"rendered":"<p data-start=\"87\" data-end=\"456\"><strong data-start=\"87\" data-end=\"134\">Sweatpants Wide WSS Grey <\/strong>is a model with a slightly wider straight leg. It has been made from a thicker premium cotton, draped on the inside, created especially for our brand. The soft, insulated finish provides extra comfort and warmth on colder days, without sacrificing lightness and freedom of wear.<\/p>\n<p data-start=\"458\" data-end=\"765\">The classic grey shade in a minimalist edition makes the trousers extremely versatile and easy to style. This is a unisex model - perfect for both men's and women's outfits. The Wide cut adds a modern touch to the silhouette, while the loose-fitting cut guarantees full freedom of movement.<\/p>\n<p data-start=\"767\" data-end=\"931\">A subtle print in dark grey accentuates the aesthetic of the model, keeping it consistent and clean. It's a detail that gives the whole thing a refined, premium feel.<\/p>\n<p data-start=\"1200\" data-end=\"1346\">Created for those who want maximum comfort without compromising on style.<\/p>\n<p data-start=\"1200\" data-end=\"1346\">Wide WSS Warmed Grey is a comfortable classic that will tuck you in perfectly.<\/p>\n<p data-start=\"1480\" data-end=\"1586\">Join Team WHYSOSERIOUS and create a set with our WSS Hoodie as the perfect finishing touch.<\/p>\n<p>The model in the photo wears size M and is 171 cm tall.<br \/>\n<strong>THE HIGHEST QUALITY, MADE IN POLAND.\u00a0<\/strong><\/p>\n<p><a href=\"https:\/\/whysoseriousstore.com\/eng\/tshirty-damskie\/\">See also our t-shirts!<\/a><br \/>\nVisit us at <a href=\"https:\/\/www.instagram.com\/wss.whysoserious\/\">instagram<\/a> i <a href=\"https:\/\/www.facebook.com\/WSS.whysoserious\">facebook<\/a>.<\/p>","protected":false},"excerpt":{"rendered":"<p>Spodnie Dresowe Wide WSS Szare to model o delikatnie szerszej prostej nogawce. Zosta\u0142 wykonany z grubszej, drapanej od wewn\u0105trz bawe\u0142ny premium, stworzonej specjalnie dla naszej marki. Mi\u0119kkie, ocieplane wyko\u0144czenie zapewnia dodatkowy komfort i ciep\u0142o w ch\u0142odniejsze dni, nie trac\u0105c przy tym lekko\u015bci i swobody noszenia. Klasyczny szary odcie\u0144 w minimalistycznym wydaniu sprawia, \u017ce spodnie s\u0105 [&hellip;]<\/p>\n","protected":false},"featured_media":26875,"template":"","meta":[],"product_brand":[],"product_cat":[112,108,127],"product_tag":[],"class_list":{"0":"post-26829","1":"product","2":"type-product","3":"status-publish","4":"has-post-thumbnail","6":"product_cat-spodnie","7":"product_cat-new","8":"product_cat-wszystko","10":"first","11":"instock","12":"taxable","13":"shipping-taxable","14":"purchasable","15":"product-type-variable","16":"has-default-attributes"},"bundled_by":["26903"],"bundle_stock_status":"instock","bundle_stock_quantity":null,"bundle_virtual":false,"bundle_layout":"","bundle_add_to_cart_form_location":"","bundle_editable_in_cart":false,"bundle_sold_individually_context":"","bundle_item_grouping":"","bundle_min_size":"","bundle_max_size":"","bundle_price":[],"bundled_items":[],"bundle_sell_ids":[],"yoast_head":"<!-- This site is optimized with the Yoast SEO Premium plugin v20.0 (Yoast SEO v26.5) - https:\/\/yoast.com\/wordpress\/plugins\/seo\/ -->\n<title>Spodnie Dresowe Wide WSS Ocieplane Szare - WHYSOSERIOUS store<\/title>\n<meta name=\"description\" content=\"Spodnie Dresowe Wide WSS Ocieplane Szare wykonane z bawe\u0142ny premium. Idealny klasyk o wysokiej jako\u015bci, uszyty z mi\u0119sistej, mi\u0119kkiej bawe\u0142ny.\" \/>\n<meta name=\"robots\" content=\"index, follow, max-snippet:-1, max-image-preview:large, max-video-preview:-1\" \/>\n<link rel=\"canonical\" href=\"https:\/\/whysoseriousstore.com\/eng\/spodnie-dresowe-wide-wss-szare\/\" \/>\n<meta property=\"og:locale\" content=\"en_GB\" \/>\n<meta property=\"og:type\" content=\"article\" \/>\n<meta property=\"og:title\" content=\"Spodnie Dresowe Wide WSS Szare\" \/>\n<meta property=\"og:description\" content=\"Spodnie Dresowe Wide WSS Ocieplane Szare wykonane z bawe\u0142ny premium. Idealny klasyk o wysokiej jako\u015bci, uszyty z mi\u0119sistej, mi\u0119kkiej bawe\u0142ny.\" \/>\n<meta property=\"og:url\" content=\"https:\/\/whysoseriousstore.com\/eng\/spodnie-dresowe-wide-wss-szare\/\" \/>\n<meta property=\"og:site_name\" content=\"WHYSOSERIOUS store\" \/>\n<meta property=\"article:modified_time\" content=\"2026-04-28T23:09:39+00:00\" \/>\n<meta property=\"og:image\" content=\"https:\/\/whysoseriousstore.com\/wp-content\/uploads\/2026\/02\/Spodnie-Dresowe-Szare-Damskie-Szerokie-Whysoserious.jpg\" \/>\n\t<meta property=\"og:image:width\" content=\"1000\" \/>\n\t<meta property=\"og:image:height\" content=\"1500\" \/>\n\t<meta property=\"og:image:type\" content=\"image\/jpeg\" \/>\n<meta name=\"twitter:card\" content=\"summary_large_image\" \/>\n<meta name=\"twitter:label1\" content=\"Estimated reading time\" \/>\n\t<meta name=\"twitter:data1\" content=\"2 minutes\" \/>\n<script type=\"application\/ld+json\" class=\"yoast-schema-graph\">{\"@context\":\"https:\/\/schema.org\",\"@graph\":[{\"@type\":\"WebPage\",\"@id\":\"https:\/\/whysoseriousstore.com\/spodnie-dresowe-wide-wss-szare\/\",\"url\":\"https:\/\/whysoseriousstore.com\/spodnie-dresowe-wide-wss-szare\/\",\"name\":\"Spodnie Dresowe Wide WSS Ocieplane Szare - WHYSOSERIOUS store\",\"isPartOf\":{\"@id\":\"https:\/\/whysoseriousstore.com\/#website\"},\"primaryImageOfPage\":{\"@id\":\"https:\/\/whysoseriousstore.com\/spodnie-dresowe-wide-wss-szare\/#primaryimage\"},\"image\":{\"@id\":\"https:\/\/whysoseriousstore.com\/spodnie-dresowe-wide-wss-szare\/#primaryimage\"},\"thumbnailUrl\":\"https:\/\/whysoseriousstore.com\/wp-content\/uploads\/2026\/02\/Spodnie-Dresowe-Szare-Damskie-Szerokie-Whysoserious.jpg\",\"datePublished\":\"2026-02-21T00:28:39+00:00\",\"dateModified\":\"2026-04-28T23:09:39+00:00\",\"description\":\"Spodnie Dresowe Wide WSS Ocieplane Szare wykonane z bawe\u0142ny premium. Idealny klasyk o wysokiej jako\u015bci, uszyty z mi\u0119sistej, mi\u0119kkiej bawe\u0142ny.\",\"breadcrumb\":{\"@id\":\"https:\/\/whysoseriousstore.com\/spodnie-dresowe-wide-wss-szare\/#breadcrumb\"},\"inLanguage\":\"en-GB\",\"potentialAction\":[{\"@type\":\"ReadAction\",\"target\":[\"https:\/\/whysoseriousstore.com\/spodnie-dresowe-wide-wss-szare\/\"]}]},{\"@type\":\"ImageObject\",\"inLanguage\":\"en-GB\",\"@id\":\"https:\/\/whysoseriousstore.com\/spodnie-dresowe-wide-wss-szare\/#primaryimage\",\"url\":\"https:\/\/whysoseriousstore.com\/wp-content\/uploads\/2026\/02\/Spodnie-Dresowe-Szare-Damskie-Szerokie-Whysoserious.jpg\",\"contentUrl\":\"https:\/\/whysoseriousstore.com\/wp-content\/uploads\/2026\/02\/Spodnie-Dresowe-Szare-Damskie-Szerokie-Whysoserious.jpg\",\"width\":1000,\"height\":1500},{\"@type\":\"BreadcrumbList\",\"@id\":\"https:\/\/whysoseriousstore.com\/spodnie-dresowe-wide-wss-szare\/#breadcrumb\",\"itemListElement\":[{\"@type\":\"ListItem\",\"position\":1,\"name\":\"Strona g\u0142\u00f3wna\",\"item\":\"https:\/\/whysoseriousstore.com\/\"},{\"@type\":\"ListItem\",\"position\":2,\"name\":\"Sklep\",\"item\":\"https:\/\/whysoseriousstore.com\/sklep\/\"},{\"@type\":\"ListItem\",\"position\":3,\"name\":\"Spodnie Dresowe Wide WSS Szare\"}]},{\"@type\":\"WebSite\",\"@id\":\"https:\/\/whysoseriousstore.com\/#website\",\"url\":\"https:\/\/whysoseriousstore.com\/\",\"name\":\"WHYSOSERIOUS store\",\"description\":\"\",\"potentialAction\":[{\"@type\":\"SearchAction\",\"target\":{\"@type\":\"EntryPoint\",\"urlTemplate\":\"https:\/\/whysoseriousstore.com\/?s={search_term_string}\"},\"query-input\":{\"@type\":\"PropertyValueSpecification\",\"valueRequired\":true,\"valueName\":\"search_term_string\"}}],\"inLanguage\":\"en-GB\"}]}<\/script>\n<!-- \/ Yoast SEO Premium plugin. -->","yoast_head_json":{"title":"Spodnie Dresowe Wide WSS Ocieplane Szare - WHYSOSERIOUS store","description":"Spodnie Dresowe Wide WSS Ocieplane Szare wykonane z bawe\u0142ny premium. Idealny klasyk o wysokiej jako\u015bci, uszyty z mi\u0119sistej, mi\u0119kkiej bawe\u0142ny.","robots":{"index":"index","follow":"follow","max-snippet":"max-snippet:-1","max-image-preview":"max-image-preview:large","max-video-preview":"max-video-preview:-1"},"canonical":"https:\/\/whysoseriousstore.com\/eng\/spodnie-dresowe-wide-wss-szare\/","og_locale":"en_GB","og_type":"article","og_title":"Spodnie Dresowe Wide WSS Szare","og_description":"Spodnie Dresowe Wide WSS Ocieplane Szare wykonane z bawe\u0142ny premium. Idealny klasyk o wysokiej jako\u015bci, uszyty z mi\u0119sistej, mi\u0119kkiej bawe\u0142ny.","og_url":"https:\/\/whysoseriousstore.com\/eng\/spodnie-dresowe-wide-wss-szare\/","og_site_name":"WHYSOSERIOUS store","article_modified_time":"2026-04-28T23:09:39+00:00","og_image":[{"width":1000,"height":1500,"url":"https:\/\/whysoseriousstore.com\/wp-content\/uploads\/2026\/02\/Spodnie-Dresowe-Szare-Damskie-Szerokie-Whysoserious.jpg","type":"image\/jpeg"}],"twitter_card":"summary_large_image","twitter_misc":{"Estimated reading time":"2 minutes"},"schema":{"@context":"https:\/\/schema.org","@graph":[{"@type":"WebPage","@id":"https:\/\/whysoseriousstore.com\/spodnie-dresowe-wide-wss-szare\/","url":"https:\/\/whysoseriousstore.com\/spodnie-dresowe-wide-wss-szare\/","name":"Spodnie Dresowe Wide WSS Ocieplane Szare - WHYSOSERIOUS store","isPartOf":{"@id":"https:\/\/whysoseriousstore.com\/#website"},"primaryImageOfPage":{"@id":"https:\/\/whysoseriousstore.com\/spodnie-dresowe-wide-wss-szare\/#primaryimage"},"image":{"@id":"https:\/\/whysoseriousstore.com\/spodnie-dresowe-wide-wss-szare\/#primaryimage"},"thumbnailUrl":"https:\/\/whysoseriousstore.com\/wp-content\/uploads\/2026\/02\/Spodnie-Dresowe-Szare-Damskie-Szerokie-Whysoserious.jpg","datePublished":"2026-02-21T00:28:39+00:00","dateModified":"2026-04-28T23:09:39+00:00","description":"Spodnie Dresowe Wide WSS Ocieplane Szare wykonane z bawe\u0142ny premium. Idealny klasyk o wysokiej jako\u015bci, uszyty z mi\u0119sistej, mi\u0119kkiej bawe\u0142ny.","breadcrumb":{"@id":"https:\/\/whysoseriousstore.com\/spodnie-dresowe-wide-wss-szare\/#breadcrumb"},"inLanguage":"en-GB","potentialAction":[{"@type":"ReadAction","target":["https:\/\/whysoseriousstore.com\/spodnie-dresowe-wide-wss-szare\/"]}]},{"@type":"ImageObject","inLanguage":"en-GB","@id":"https:\/\/whysoseriousstore.com\/spodnie-dresowe-wide-wss-szare\/#primaryimage","url":"https:\/\/whysoseriousstore.com\/wp-content\/uploads\/2026\/02\/Spodnie-Dresowe-Szare-Damskie-Szerokie-Whysoserious.jpg","contentUrl":"https:\/\/whysoseriousstore.com\/wp-content\/uploads\/2026\/02\/Spodnie-Dresowe-Szare-Damskie-Szerokie-Whysoserious.jpg","width":1000,"height":1500},{"@type":"BreadcrumbList","@id":"https:\/\/whysoseriousstore.com\/spodnie-dresowe-wide-wss-szare\/#breadcrumb","itemListElement":[{"@type":"ListItem","position":1,"name":"Strona g\u0142\u00f3wna","item":"https:\/\/whysoseriousstore.com\/"},{"@type":"ListItem","position":2,"name":"Sklep","item":"https:\/\/whysoseriousstore.com\/sklep\/"},{"@type":"ListItem","position":3,"name":"Spodnie Dresowe Wide WSS Szare"}]},{"@type":"WebSite","@id":"https:\/\/whysoseriousstore.com\/#website","url":"https:\/\/whysoseriousstore.com\/","name":"WHYSOSERIOUS store","description":"","potentialAction":[{"@type":"SearchAction","target":{"@type":"EntryPoint","urlTemplate":"https:\/\/whysoseriousstore.com\/?s={search_term_string}"},"query-input":{"@type":"PropertyValueSpecification","valueRequired":true,"valueName":"search_term_string"}}],"inLanguage":"en-GB"}]}},"_links":{"self":[{"href":"https:\/\/whysoseriousstore.com\/eng\/wp-json\/wp\/v2\/product\/26829","targetHints":{"allow":["GET"]}}],"collection":[{"href":"https:\/\/whysoseriousstore.com\/eng\/wp-json\/wp\/v2\/product"}],"about":[{"href":"https:\/\/whysoseriousstore.com\/eng\/wp-json\/wp\/v2\/types\/product"}],"wp:featuredmedia":[{"embeddable":true,"href":"https:\/\/whysoseriousstore.com\/eng\/wp-json\/wp\/v2\/media\/26875"}],"wp:attachment":[{"href":"https:\/\/whysoseriousstore.com\/eng\/wp-json\/wp\/v2\/media?parent=26829"}],"wp:term":[{"taxonomy":"product_brand","embeddable":true,"href":"https:\/\/whysoseriousstore.com\/eng\/wp-json\/wp\/v2\/product_brand?post=26829"},{"taxonomy":"product_cat","embeddable":true,"href":"https:\/\/whysoseriousstore.com\/eng\/wp-json\/wp\/v2\/product_cat?post=26829"},{"taxonomy":"product_tag","embeddable":true,"href":"https:\/\/whysoseriousstore.com\/eng\/wp-json\/wp\/v2\/product_tag?post=26829"}],"curies":[{"name":"wp","href":"https:\/\/api.w.org\/{rel}","templated":true}]}}