{"id":26903,"date":"2026-02-23T11:03:56","date_gmt":"2026-02-23T10:03:56","guid":{"rendered":"https:\/\/whysoseriousstore.com\/?post_type=product&#038;p=26903"},"modified":"2026-02-27T21:35:18","modified_gmt":"2026-02-27T20:35:18","slug":"komplet-dresowy-szary-wss","status":"publish","type":"product","link":"https:\/\/whysoseriousstore.com\/eng\/komplet-dresowy-szary-wss\/","title":{"rendered":"WSS Grey Tracksuit Set"},"content":{"rendered":"<div class=\"flex basis-auto flex-col -mb-(--composer-overlap-px) [--composer-overlap-px:55px] grow overflow-hidden\">\n<div class=\"relative h-full\">\n<div class=\"flex h-full flex-col overflow-y-auto [scrollbar-gutter:stable_both-edges] @[84rem]\/thread:pt-(--header-height)\">\n<div class=\"@thread-xl\/thread:pt-header-height flex flex-col text-sm pb-25\">\n<article class=\"text-token-text-primary w-full focus:outline-none scroll-mt-[calc(var(--header-height)+min(200px,max(70px,20svh)))]\" dir=\"auto\" tabindex=\"-1\" data-testid=\"conversation-turn-2\" data-scroll-anchor=\"true\" data-turn=\"assistant\">\n<div class=\"text-base my-auto mx-auto pb-10 [--thread-content-margin:--spacing(4)] @[37rem]:[--thread-content-margin:--spacing(6)] @[72rem]:[--thread-content-margin:--spacing(16)] px-(--thread-content-margin)\">\n<div class=\"[--thread-content-max-width:32rem] @[34rem]:[--thread-content-max-width:40rem] @[64rem]:[--thread-content-max-width:48rem] mx-auto max-w-(--thread-content-max-width) flex-1 group\/turn-messages focus-visible:outline-hidden relative flex w-full min-w-0 flex-col agent-turn\" tabindex=\"-1\">\n<div class=\"flex max-w-full flex-col grow\">\n<div class=\"min-h-8 text-message relative flex w-full flex-col items-end gap-2 text-start break-words whitespace-normal [.text-message+&amp;]:mt-5\" dir=\"auto\" data-message-author-role=\"assistant\" data-message-id=\"d31ba12a-889a-44cd-b789-be22a613198c\" data-message-model-slug=\"gpt-4o\">\n<div class=\"flex w-full flex-col gap-1 empty:hidden first:pt-[3px]\">\n<div class=\"markdown prose dark:prose-invert w-full break-words light\">\n<p data-start=\"109\" data-end=\"396\"><strong data-start=\"109\" data-end=\"137\">Komplet Dresowy Szary WSS <\/strong>to nasz bestseller, kt\u00f3ry wnosi luz, styl i jako\u015b\u0107 do ka\u017cdej stylizacji. <strong>Bluza z kapturem<\/strong> oversize w matchuj\u0105cym zestawie ze <strong>spodniami typu Wide Leg.<\/strong><\/p>\n<p data-start=\"109\" data-end=\"396\">Idealnym set na ka\u017cd\u0105 podr\u00f3\u017c i dzie\u0144, w kt\u00f3rym chcesz si\u0119 czu\u0107 wygodnie.<br \/>\nMi\u0119kki, komfortowy i stylowy zestaw. To te basici, kt\u00f3ry chcesz nosi\u0107 ka\u017cdego dnia.<\/p>\n<\/div>\n<div class=\"markdown prose dark:prose-invert w-full break-words light\">\n<p data-start=\"864\" data-end=\"1117\">Wysokiej jako\u015bci bawe\u0142na premium o wysokiej gramaturze \u2013 wyj\u0105tkowo mi\u0119kka i trwa\u0142a. Przyjemna w dotyku, odporna na mechacenie i zachowuj\u0105ca form\u0119 nawet po wielu praniach.<br \/>\nKomplet WHYSOSERIOUS w odcieniu jasnoszarym to nasz sztandarowy produkt, kt\u00f3ry szlifowali\u015bmy od miesi\u0119cy, wybieraj\u0105c najlepszy materia\u0142 i dopracowuj\u0105c kr\u00f3j. Nadruk z ty\u0142u bluzy jest klasycznym nadrukiem marki wraz ze statementem \u201e<strong>Taking your pleasures seriously since 2018<\/strong>\u201d. Neutralna, klasyczna kolorystyka sprawia, \u017ce \u0142atwo j\u0105 dopasowa\u0107 do r\u00f3\u017cnych element\u00f3w garderoby, tworz\u0105c niesko\u0144czone mo\u017cliwo\u015bci stylizacyjne, ka\u017cdej stylizacji nadaj\u0105c nonszalancji. Bluza jest te\u017c doskona\u0142ym wyborem na warstwowanie w ch\u0142odniejsze dni, kiedy mo\u017cesz j\u0105 zestawi\u0107 z kurtk\u0105 bomberk\u0105 lub d\u0142u\u017cszym p\u0142aszczem.<\/p>\n<p>Stawiamy na jako\u015b\u0107 i styl, a jasnoszara bluza z kapturem typu oversize to dow\u00f3d na to, \u017ce mo\u017cna po\u0142\u0105czy\u0107 obie te cechy w jednym produkcie. Komplet jest nie tylko wygodny, ale r\u00f3wnie\u017c trwa\u0142y, dzi\u0119ki czemu b\u0119dzie Ci s\u0142u\u017cy\u0107 przez wiele sezon\u00f3w. Detale, takie jak starannie wyko\u0144czone szwy i ciemnoszare nadruki podkre\u015blaj\u0105 wysok\u0105 jako\u015b\u0107 wykonania.<br \/>\nSpodnie posiadaj\u0105 dwie kieszenie i sznurek w pasie, aby jak najlepiej dopasowa\u0107 si\u0119 do Ciebie.<\/p>\n<\/div>\n<p>Modelka ma 171cm wzrostu i ma na sobie bluz\u0119 w rozmiarze S\/M i spodnie w rozmiarze M.<\/p>\n<\/div>\n<\/div>\n<\/div>\n<\/div>\n<\/div>\n<\/article>\n<\/div>\n<\/div>\n<\/div>\n<\/div>\n<p data-start=\"934\" data-end=\"974\"><strong data-start=\"934\" data-end=\"974\">THE HIGHEST QUALITY, MADE IN POLAND.<\/strong><\/p>\n<p><a href=\"https:\/\/whysoseriousstore.com\/tshirty-damskie\/\">Zobacz tak\u017ce nasze t-shirty!<\/a><br \/>\nOdwied\u017a nas na <a href=\"https:\/\/www.instagram.com\/wss.whysoserious\/\">instagramie<\/a> i <a href=\"https:\/\/www.facebook.com\/WSS.whysoserious\">facebooku<\/a>.<\/p>\n","protected":false},"excerpt":{"rendered":"<p>Komplet Dresowy Szary WSS to nasz bestseller, kt\u00f3ry wnosi luz, styl i jako\u015b\u0107 do ka\u017cdej stylizacji. Bluza z kapturem oversize w matchuj\u0105cym zestawie ze spodniami typu Wide Leg. Idealnym set na ka\u017cd\u0105 podr\u00f3\u017c i dzie\u0144, w kt\u00f3rym chcesz si\u0119 czu\u0107 wygodnie. Mi\u0119kki, komfortowy i stylowy zestaw. To te basici, kt\u00f3ry chcesz nosi\u0107 ka\u017cdego dnia. Wysokiej [&hellip;]<\/p>\n","protected":false},"featured_media":26904,"template":"","meta":[],"product_brand":[],"product_cat":[169,175,111,112,108,127],"product_tag":[],"class_list":{"0":"post-26903","1":"product","2":"type-product","3":"status-publish","4":"has-post-thumbnail","6":"product_cat-gift-guide","7":"product_cat-komplety","8":"product_cat-bluzy-unisex","9":"product_cat-spodnie","10":"product_cat-new","11":"product_cat-wszystko","13":"first","14":"instock","15":"virtual","16":"taxable","17":"purchasable","18":"product-type-bundle"},"bundled_by":[],"bundle_stock_status":"instock","bundle_stock_quantity":6,"bundle_virtual":false,"bundle_layout":"default","bundle_add_to_cart_form_location":"default","bundle_editable_in_cart":false,"bundle_sold_individually_context":"product","bundle_item_grouping":"parent","bundle_min_size":2,"bundle_max_size":2,"bundle_price":{"price":{"min":{"incl_tax":"699","excl_tax":"568.292683"},"max":{"incl_tax":"699","excl_tax":"568.292683"}},"regular_price":{"min":{"incl_tax":"699","excl_tax":"568.292683"},"max":{"incl_tax":"699","excl_tax":"568.292683"}}},"bundled_items":[{"bundled_item_id":19,"product_id":17247,"menu_order":0,"quantity_min":1,"quantity_max":1,"quantity_default":1,"priced_individually":false,"shipped_individually":false,"override_title":false,"title":"Grey WSS Hooded Sweatshirt","override_description":false,"description":"","optional":false,"hide_thumbnail":false,"discount":"","override_variations":false,"allowed_variations":[],"override_default_variation_attributes":false,"default_variation_attributes":[],"single_product_visibility":"visible","cart_visibility":"visible","order_visibility":"visible","single_product_price_visibility":"visible","cart_price_visibility":"visible","order_price_visibility":"visible","stock_status":"in_stock"},{"bundled_item_id":20,"product_id":26829,"menu_order":1,"quantity_min":1,"quantity_max":1,"quantity_default":1,"priced_individually":false,"shipped_individually":false,"override_title":false,"title":"Sweatpants Wide WSS Grey","override_description":false,"description":"","optional":false,"hide_thumbnail":false,"discount":"","override_variations":false,"allowed_variations":[],"override_default_variation_attributes":false,"default_variation_attributes":[],"single_product_visibility":"visible","cart_visibility":"visible","order_visibility":"visible","single_product_price_visibility":"visible","cart_price_visibility":"visible","order_price_visibility":"visible","stock_status":"in_stock"}],"bundle_sell_ids":[],"yoast_head":"<!-- This site is optimized with the Yoast SEO Premium plugin v20.0 (Yoast SEO v26.5) - https:\/\/yoast.com\/wordpress\/plugins\/seo\/ -->\n<title>Komplet Dresowy Szary WSS - WHYSOSERIOUS store<\/title>\n<meta name=\"description\" content=\"Zestaw longsleeve w paski, idealny na prezent. Wysokiej jako\u015bci longsleeve&#039;y damskie w paski wykonane z mi\u0119kkiej bawe\u0142ny.\" \/>\n<meta name=\"robots\" content=\"index, follow, max-snippet:-1, max-image-preview:large, max-video-preview:-1\" \/>\n<link rel=\"canonical\" href=\"https:\/\/whysoseriousstore.com\/eng\/komplet-dresowy-szary-wss\/\" \/>\n<meta property=\"og:locale\" content=\"en_GB\" \/>\n<meta property=\"og:type\" content=\"article\" \/>\n<meta property=\"og:title\" content=\"Komplet Dresowy Szary WSS\" \/>\n<meta property=\"og:description\" content=\"Zestaw longsleeve w paski, idealny na prezent. Wysokiej jako\u015bci longsleeve&#039;y damskie w paski wykonane z mi\u0119kkiej bawe\u0142ny.\" \/>\n<meta property=\"og:url\" content=\"https:\/\/whysoseriousstore.com\/eng\/komplet-dresowy-szary-wss\/\" \/>\n<meta property=\"og:site_name\" content=\"WHYSOSERIOUS store\" \/>\n<meta property=\"article:modified_time\" content=\"2026-02-27T20:35:18+00:00\" \/>\n<meta property=\"og:image\" content=\"https:\/\/whysoseriousstore.com\/wp-content\/uploads\/2026\/02\/IMG_2774-1.jpg\" \/>\n\t<meta property=\"og:image:width\" content=\"1536\" \/>\n\t<meta property=\"og:image:height\" content=\"2048\" \/>\n\t<meta property=\"og:image:type\" content=\"image\/jpeg\" \/>\n<meta name=\"twitter:card\" content=\"summary_large_image\" \/>\n<meta name=\"twitter:label1\" content=\"Estimated reading time\" \/>\n\t<meta name=\"twitter:data1\" content=\"2 minutes\" \/>\n<script type=\"application\/ld+json\" class=\"yoast-schema-graph\">{\"@context\":\"https:\/\/schema.org\",\"@graph\":[{\"@type\":\"WebPage\",\"@id\":\"https:\/\/whysoseriousstore.com\/komplet-dresowy-szary-wss\/\",\"url\":\"https:\/\/whysoseriousstore.com\/komplet-dresowy-szary-wss\/\",\"name\":\"Komplet Dresowy Szary WSS - WHYSOSERIOUS store\",\"isPartOf\":{\"@id\":\"https:\/\/whysoseriousstore.com\/#website\"},\"primaryImageOfPage\":{\"@id\":\"https:\/\/whysoseriousstore.com\/komplet-dresowy-szary-wss\/#primaryimage\"},\"image\":{\"@id\":\"https:\/\/whysoseriousstore.com\/komplet-dresowy-szary-wss\/#primaryimage\"},\"thumbnailUrl\":\"https:\/\/whysoseriousstore.com\/wp-content\/uploads\/2026\/02\/IMG_2774-1.jpg\",\"datePublished\":\"2026-02-23T10:03:56+00:00\",\"dateModified\":\"2026-02-27T20:35:18+00:00\",\"description\":\"Zestaw longsleeve w paski, idealny na prezent. Wysokiej jako\u015bci longsleeve'y damskie w paski wykonane z mi\u0119kkiej bawe\u0142ny.\",\"breadcrumb\":{\"@id\":\"https:\/\/whysoseriousstore.com\/komplet-dresowy-szary-wss\/#breadcrumb\"},\"inLanguage\":\"en-GB\",\"potentialAction\":[{\"@type\":\"ReadAction\",\"target\":[\"https:\/\/whysoseriousstore.com\/komplet-dresowy-szary-wss\/\"]}]},{\"@type\":\"ImageObject\",\"inLanguage\":\"en-GB\",\"@id\":\"https:\/\/whysoseriousstore.com\/komplet-dresowy-szary-wss\/#primaryimage\",\"url\":\"https:\/\/whysoseriousstore.com\/wp-content\/uploads\/2026\/02\/IMG_2774-1.jpg\",\"contentUrl\":\"https:\/\/whysoseriousstore.com\/wp-content\/uploads\/2026\/02\/IMG_2774-1.jpg\",\"width\":1536,\"height\":2048},{\"@type\":\"BreadcrumbList\",\"@id\":\"https:\/\/whysoseriousstore.com\/komplet-dresowy-szary-wss\/#breadcrumb\",\"itemListElement\":[{\"@type\":\"ListItem\",\"position\":1,\"name\":\"Strona g\u0142\u00f3wna\",\"item\":\"https:\/\/whysoseriousstore.com\/\"},{\"@type\":\"ListItem\",\"position\":2,\"name\":\"Sklep\",\"item\":\"https:\/\/whysoseriousstore.com\/sklep\/\"},{\"@type\":\"ListItem\",\"position\":3,\"name\":\"Komplet Dresowy Szary WSS\"}]},{\"@type\":\"WebSite\",\"@id\":\"https:\/\/whysoseriousstore.com\/#website\",\"url\":\"https:\/\/whysoseriousstore.com\/\",\"name\":\"WHYSOSERIOUS store\",\"description\":\"\",\"potentialAction\":[{\"@type\":\"SearchAction\",\"target\":{\"@type\":\"EntryPoint\",\"urlTemplate\":\"https:\/\/whysoseriousstore.com\/?s={search_term_string}\"},\"query-input\":{\"@type\":\"PropertyValueSpecification\",\"valueRequired\":true,\"valueName\":\"search_term_string\"}}],\"inLanguage\":\"en-GB\"}]}<\/script>\n<!-- \/ Yoast SEO Premium plugin. -->","yoast_head_json":{"title":"Komplet Dresowy Szary WSS - WHYSOSERIOUS store","description":"Zestaw longsleeve w paski, idealny na prezent. Wysokiej jako\u015bci longsleeve'y damskie w paski wykonane z mi\u0119kkiej bawe\u0142ny.","robots":{"index":"index","follow":"follow","max-snippet":"max-snippet:-1","max-image-preview":"max-image-preview:large","max-video-preview":"max-video-preview:-1"},"canonical":"https:\/\/whysoseriousstore.com\/eng\/komplet-dresowy-szary-wss\/","og_locale":"en_GB","og_type":"article","og_title":"Komplet Dresowy Szary WSS","og_description":"Zestaw longsleeve w paski, idealny na prezent. Wysokiej jako\u015bci longsleeve'y damskie w paski wykonane z mi\u0119kkiej bawe\u0142ny.","og_url":"https:\/\/whysoseriousstore.com\/eng\/komplet-dresowy-szary-wss\/","og_site_name":"WHYSOSERIOUS store","article_modified_time":"2026-02-27T20:35:18+00:00","og_image":[{"width":1536,"height":2048,"url":"https:\/\/whysoseriousstore.com\/wp-content\/uploads\/2026\/02\/IMG_2774-1.jpg","type":"image\/jpeg"}],"twitter_card":"summary_large_image","twitter_misc":{"Estimated reading time":"2 minutes"},"schema":{"@context":"https:\/\/schema.org","@graph":[{"@type":"WebPage","@id":"https:\/\/whysoseriousstore.com\/komplet-dresowy-szary-wss\/","url":"https:\/\/whysoseriousstore.com\/komplet-dresowy-szary-wss\/","name":"Komplet Dresowy Szary WSS - WHYSOSERIOUS store","isPartOf":{"@id":"https:\/\/whysoseriousstore.com\/#website"},"primaryImageOfPage":{"@id":"https:\/\/whysoseriousstore.com\/komplet-dresowy-szary-wss\/#primaryimage"},"image":{"@id":"https:\/\/whysoseriousstore.com\/komplet-dresowy-szary-wss\/#primaryimage"},"thumbnailUrl":"https:\/\/whysoseriousstore.com\/wp-content\/uploads\/2026\/02\/IMG_2774-1.jpg","datePublished":"2026-02-23T10:03:56+00:00","dateModified":"2026-02-27T20:35:18+00:00","description":"Zestaw longsleeve w paski, idealny na prezent. Wysokiej jako\u015bci longsleeve'y damskie w paski wykonane z mi\u0119kkiej bawe\u0142ny.","breadcrumb":{"@id":"https:\/\/whysoseriousstore.com\/komplet-dresowy-szary-wss\/#breadcrumb"},"inLanguage":"en-GB","potentialAction":[{"@type":"ReadAction","target":["https:\/\/whysoseriousstore.com\/komplet-dresowy-szary-wss\/"]}]},{"@type":"ImageObject","inLanguage":"en-GB","@id":"https:\/\/whysoseriousstore.com\/komplet-dresowy-szary-wss\/#primaryimage","url":"https:\/\/whysoseriousstore.com\/wp-content\/uploads\/2026\/02\/IMG_2774-1.jpg","contentUrl":"https:\/\/whysoseriousstore.com\/wp-content\/uploads\/2026\/02\/IMG_2774-1.jpg","width":1536,"height":2048},{"@type":"BreadcrumbList","@id":"https:\/\/whysoseriousstore.com\/komplet-dresowy-szary-wss\/#breadcrumb","itemListElement":[{"@type":"ListItem","position":1,"name":"Strona g\u0142\u00f3wna","item":"https:\/\/whysoseriousstore.com\/"},{"@type":"ListItem","position":2,"name":"Sklep","item":"https:\/\/whysoseriousstore.com\/sklep\/"},{"@type":"ListItem","position":3,"name":"Komplet Dresowy Szary WSS"}]},{"@type":"WebSite","@id":"https:\/\/whysoseriousstore.com\/#website","url":"https:\/\/whysoseriousstore.com\/","name":"WHYSOSERIOUS store","description":"","potentialAction":[{"@type":"SearchAction","target":{"@type":"EntryPoint","urlTemplate":"https:\/\/whysoseriousstore.com\/?s={search_term_string}"},"query-input":{"@type":"PropertyValueSpecification","valueRequired":true,"valueName":"search_term_string"}}],"inLanguage":"en-GB"}]}},"_links":{"self":[{"href":"https:\/\/whysoseriousstore.com\/eng\/wp-json\/wp\/v2\/product\/26903","targetHints":{"allow":["GET"]}}],"collection":[{"href":"https:\/\/whysoseriousstore.com\/eng\/wp-json\/wp\/v2\/product"}],"about":[{"href":"https:\/\/whysoseriousstore.com\/eng\/wp-json\/wp\/v2\/types\/product"}],"wp:featuredmedia":[{"embeddable":true,"href":"https:\/\/whysoseriousstore.com\/eng\/wp-json\/wp\/v2\/media\/26904"}],"wp:attachment":[{"href":"https:\/\/whysoseriousstore.com\/eng\/wp-json\/wp\/v2\/media?parent=26903"}],"wp:term":[{"taxonomy":"product_brand","embeddable":true,"href":"https:\/\/whysoseriousstore.com\/eng\/wp-json\/wp\/v2\/product_brand?post=26903"},{"taxonomy":"product_cat","embeddable":true,"href":"https:\/\/whysoseriousstore.com\/eng\/wp-json\/wp\/v2\/product_cat?post=26903"},{"taxonomy":"product_tag","embeddable":true,"href":"https:\/\/whysoseriousstore.com\/eng\/wp-json\/wp\/v2\/product_tag?post=26903"}],"curies":[{"name":"wp","href":"https:\/\/api.w.org\/{rel}","templated":true}]}}