{"id":26986,"date":"2026-03-01T20:53:37","date_gmt":"2026-03-01T19:53:37","guid":{"rendered":"https:\/\/whysoseriousstore.com\/?post_type=product&#038;p=26986"},"modified":"2026-04-29T09:26:20","modified_gmt":"2026-04-29T07:26:20","slug":"granatowa-bluza-running","status":"publish","type":"product","link":"https:\/\/whysoseriousstore.com\/eng\/granatowa-bluza-running\/","title":{"rendered":"Navy blue Running sweatshirt"},"content":{"rendered":"<p><strong>Navy blue Running sweatshirt <\/strong>is the perfect combination of comfort and style, designed for everyone who appreciates laid-back, casual style. Running Late Club - for those who savour every moment and happen to be short on time &lt;3<\/p>\n<p data-start=\"434\" data-end=\"743\">The oversize, relaxed fit provides complete comfort and lightness, fitting perfectly into your daytime routine.<\/p>\n<p data-start=\"745\" data-end=\"986\">Made in Poland from soft cotton twill (no insulation), it guarantees durability and comfort that will not be missed even on the busiest of days. The delicate WHYSOSERIOUS label inside is a detail that underlines the quality and authenticity of the design.<\/p>\n<p data-start=\"988\" data-end=\"1190\"><strong>The only running club we attend - Running Late Club<\/strong><\/p>\n<p>The unisex cotton sweatshirt is made from the highest quality materials to ensure durability and wearing comfort for years to come. We don't like to part with our favourite sweatshirts either - we know how to create products that will stay with you for a long time. Sustainable design and attention to detail make this not only a fashionable piece of clothing, but also an expression of your commitment to responsible fashion. <strong>Thanks for helping us produce quality stuff!\u00a0<\/strong><\/p>\n<h6><strong>The only running club we attend - Running Late Club<\/strong><\/h6>\n<p>The model in the photo wears size L and is 171 cm tall.<\/p>\n<p><strong>THE HIGHEST QUALITY, MADE IN POLAND.\u00a0<\/strong><\/p>\n<p><a href=\"https:\/\/whysoseriousstore.com\/eng\/tshirty-damskie\/\">See also our t-shirts!<\/a><br \/>\nVisit us at <a href=\"https:\/\/www.instagram.com\/wss.whysoserious\/\">instagram<\/a> i <a href=\"https:\/\/www.facebook.com\/WSS.whysoserious\">facebook<\/a>.<\/p>","protected":false},"excerpt":{"rendered":"<p>Granatowa bluza Running to idealne po\u0142\u0105czenie wygody i stylu, zaprojektowana z my\u015bl\u0105 o wszystkich, kt\u00f3rzy ceni\u0105 sobie luz, swobod\u0119.\u00a0Running Late Club \u2013 dla tych kt\u00f3rzy delektuj\u0105 si\u0119 ka\u017cd\u0105 chwil\u0105 i zdarza im si\u0119 by\u0107 w niedoczasie &lt;3 Oversize\u2019owy, swobodny kr\u00f3j zapewnia pe\u0142en komfort i lekko\u015b\u0107, idealnie dopasowuj\u0105c si\u0119 do Twojego trybu dnia. Wykonana w Polsce [&hellip;]<\/p>\n","protected":false},"featured_media":26999,"template":"","meta":[],"product_brand":[],"product_cat":[169,141,111,127],"product_tag":[],"class_list":{"0":"post-26986","1":"product","2":"type-product","3":"status-publish","4":"has-post-thumbnail","6":"product_cat-gift-guide","7":"product_cat-men","8":"product_cat-bluzy-unisex","9":"product_cat-wszystko","11":"first","12":"instock","13":"taxable","14":"shipping-taxable","15":"purchasable","16":"product-type-variable","17":"has-default-attributes"},"bundled_by":[],"bundle_stock_status":"instock","bundle_stock_quantity":null,"bundle_virtual":false,"bundle_layout":"","bundle_add_to_cart_form_location":"","bundle_editable_in_cart":false,"bundle_sold_individually_context":"","bundle_item_grouping":"","bundle_min_size":"","bundle_max_size":"","bundle_price":[],"bundled_items":[],"bundle_sell_ids":[],"yoast_head":"<!-- This site is optimized with the Yoast SEO Premium plugin v20.0 (Yoast SEO v26.5) - https:\/\/yoast.com\/wordpress\/plugins\/seo\/ -->\n<title>Granatowa Bluza Running - WHYSOSERIOUS store<\/title>\n<meta name=\"description\" content=\"Granatowa Bluza Running \u0142\u0105czy wysok\u0105 jako\u015b\u0107 wykonania i lu\u017any styl. Oversize&#039;owy kr\u00f3j, kt\u00f3ry nada klimatu ka\u017cdej stylizacji.\" \/>\n<meta name=\"robots\" content=\"index, follow, max-snippet:-1, max-image-preview:large, max-video-preview:-1\" \/>\n<link rel=\"canonical\" href=\"https:\/\/whysoseriousstore.com\/eng\/granatowa-bluza-running\/\" \/>\n<meta property=\"og:locale\" content=\"en_GB\" \/>\n<meta property=\"og:type\" content=\"article\" \/>\n<meta property=\"og:title\" content=\"Granatowa Bluza Running\" \/>\n<meta property=\"og:description\" content=\"Granatowa Bluza Running \u0142\u0105czy wysok\u0105 jako\u015b\u0107 wykonania i lu\u017any styl. Oversize&#039;owy kr\u00f3j, kt\u00f3ry nada klimatu ka\u017cdej stylizacji.\" \/>\n<meta property=\"og:url\" content=\"https:\/\/whysoseriousstore.com\/eng\/granatowa-bluza-running\/\" \/>\n<meta property=\"og:site_name\" content=\"WHYSOSERIOUS store\" \/>\n<meta property=\"article:modified_time\" content=\"2026-04-29T07:26:20+00:00\" \/>\n<meta property=\"og:image\" content=\"https:\/\/whysoseriousstore.com\/wp-content\/uploads\/2026\/03\/IMG_56421.jpg\" \/>\n\t<meta property=\"og:image:width\" content=\"1000\" \/>\n\t<meta property=\"og:image:height\" content=\"1500\" \/>\n\t<meta property=\"og:image:type\" content=\"image\/jpeg\" \/>\n<meta name=\"twitter:card\" content=\"summary_large_image\" \/>\n<meta name=\"twitter:label1\" content=\"Estimated reading time\" \/>\n\t<meta name=\"twitter:data1\" content=\"2 minutes\" \/>\n<script type=\"application\/ld+json\" class=\"yoast-schema-graph\">{\"@context\":\"https:\/\/schema.org\",\"@graph\":[{\"@type\":\"WebPage\",\"@id\":\"https:\/\/whysoseriousstore.com\/granatowa-bluza-running\/\",\"url\":\"https:\/\/whysoseriousstore.com\/granatowa-bluza-running\/\",\"name\":\"Granatowa Bluza Running - WHYSOSERIOUS store\",\"isPartOf\":{\"@id\":\"https:\/\/whysoseriousstore.com\/#website\"},\"primaryImageOfPage\":{\"@id\":\"https:\/\/whysoseriousstore.com\/granatowa-bluza-running\/#primaryimage\"},\"image\":{\"@id\":\"https:\/\/whysoseriousstore.com\/granatowa-bluza-running\/#primaryimage\"},\"thumbnailUrl\":\"https:\/\/whysoseriousstore.com\/wp-content\/uploads\/2026\/03\/IMG_56421.jpg\",\"datePublished\":\"2026-03-01T19:53:37+00:00\",\"dateModified\":\"2026-04-29T07:26:20+00:00\",\"description\":\"Granatowa Bluza Running \u0142\u0105czy wysok\u0105 jako\u015b\u0107 wykonania i lu\u017any styl. Oversize'owy kr\u00f3j, kt\u00f3ry nada klimatu ka\u017cdej stylizacji.\",\"breadcrumb\":{\"@id\":\"https:\/\/whysoseriousstore.com\/granatowa-bluza-running\/#breadcrumb\"},\"inLanguage\":\"en-GB\",\"potentialAction\":[{\"@type\":\"ReadAction\",\"target\":[\"https:\/\/whysoseriousstore.com\/granatowa-bluza-running\/\"]}]},{\"@type\":\"ImageObject\",\"inLanguage\":\"en-GB\",\"@id\":\"https:\/\/whysoseriousstore.com\/granatowa-bluza-running\/#primaryimage\",\"url\":\"https:\/\/whysoseriousstore.com\/wp-content\/uploads\/2026\/03\/IMG_56421.jpg\",\"contentUrl\":\"https:\/\/whysoseriousstore.com\/wp-content\/uploads\/2026\/03\/IMG_56421.jpg\",\"width\":1000,\"height\":1500},{\"@type\":\"BreadcrumbList\",\"@id\":\"https:\/\/whysoseriousstore.com\/granatowa-bluza-running\/#breadcrumb\",\"itemListElement\":[{\"@type\":\"ListItem\",\"position\":1,\"name\":\"Strona g\u0142\u00f3wna\",\"item\":\"https:\/\/whysoseriousstore.com\/\"},{\"@type\":\"ListItem\",\"position\":2,\"name\":\"Sklep\",\"item\":\"https:\/\/whysoseriousstore.com\/sklep\/\"},{\"@type\":\"ListItem\",\"position\":3,\"name\":\"Granatowa Bluza Running\"}]},{\"@type\":\"WebSite\",\"@id\":\"https:\/\/whysoseriousstore.com\/#website\",\"url\":\"https:\/\/whysoseriousstore.com\/\",\"name\":\"WHYSOSERIOUS store\",\"description\":\"\",\"potentialAction\":[{\"@type\":\"SearchAction\",\"target\":{\"@type\":\"EntryPoint\",\"urlTemplate\":\"https:\/\/whysoseriousstore.com\/?s={search_term_string}\"},\"query-input\":{\"@type\":\"PropertyValueSpecification\",\"valueRequired\":true,\"valueName\":\"search_term_string\"}}],\"inLanguage\":\"en-GB\"}]}<\/script>\n<!-- \/ Yoast SEO Premium plugin. -->","yoast_head_json":{"title":"Granatowa Bluza Running - WHYSOSERIOUS store","description":"Granatowa Bluza Running \u0142\u0105czy wysok\u0105 jako\u015b\u0107 wykonania i lu\u017any styl. Oversize'owy kr\u00f3j, kt\u00f3ry nada klimatu ka\u017cdej stylizacji.","robots":{"index":"index","follow":"follow","max-snippet":"max-snippet:-1","max-image-preview":"max-image-preview:large","max-video-preview":"max-video-preview:-1"},"canonical":"https:\/\/whysoseriousstore.com\/eng\/granatowa-bluza-running\/","og_locale":"en_GB","og_type":"article","og_title":"Granatowa Bluza Running","og_description":"Granatowa Bluza Running \u0142\u0105czy wysok\u0105 jako\u015b\u0107 wykonania i lu\u017any styl. Oversize'owy kr\u00f3j, kt\u00f3ry nada klimatu ka\u017cdej stylizacji.","og_url":"https:\/\/whysoseriousstore.com\/eng\/granatowa-bluza-running\/","og_site_name":"WHYSOSERIOUS store","article_modified_time":"2026-04-29T07:26:20+00:00","og_image":[{"width":1000,"height":1500,"url":"https:\/\/whysoseriousstore.com\/wp-content\/uploads\/2026\/03\/IMG_56421.jpg","type":"image\/jpeg"}],"twitter_card":"summary_large_image","twitter_misc":{"Estimated reading time":"2 minutes"},"schema":{"@context":"https:\/\/schema.org","@graph":[{"@type":"WebPage","@id":"https:\/\/whysoseriousstore.com\/granatowa-bluza-running\/","url":"https:\/\/whysoseriousstore.com\/granatowa-bluza-running\/","name":"Granatowa Bluza Running - WHYSOSERIOUS store","isPartOf":{"@id":"https:\/\/whysoseriousstore.com\/#website"},"primaryImageOfPage":{"@id":"https:\/\/whysoseriousstore.com\/granatowa-bluza-running\/#primaryimage"},"image":{"@id":"https:\/\/whysoseriousstore.com\/granatowa-bluza-running\/#primaryimage"},"thumbnailUrl":"https:\/\/whysoseriousstore.com\/wp-content\/uploads\/2026\/03\/IMG_56421.jpg","datePublished":"2026-03-01T19:53:37+00:00","dateModified":"2026-04-29T07:26:20+00:00","description":"Granatowa Bluza Running \u0142\u0105czy wysok\u0105 jako\u015b\u0107 wykonania i lu\u017any styl. Oversize'owy kr\u00f3j, kt\u00f3ry nada klimatu ka\u017cdej stylizacji.","breadcrumb":{"@id":"https:\/\/whysoseriousstore.com\/granatowa-bluza-running\/#breadcrumb"},"inLanguage":"en-GB","potentialAction":[{"@type":"ReadAction","target":["https:\/\/whysoseriousstore.com\/granatowa-bluza-running\/"]}]},{"@type":"ImageObject","inLanguage":"en-GB","@id":"https:\/\/whysoseriousstore.com\/granatowa-bluza-running\/#primaryimage","url":"https:\/\/whysoseriousstore.com\/wp-content\/uploads\/2026\/03\/IMG_56421.jpg","contentUrl":"https:\/\/whysoseriousstore.com\/wp-content\/uploads\/2026\/03\/IMG_56421.jpg","width":1000,"height":1500},{"@type":"BreadcrumbList","@id":"https:\/\/whysoseriousstore.com\/granatowa-bluza-running\/#breadcrumb","itemListElement":[{"@type":"ListItem","position":1,"name":"Strona g\u0142\u00f3wna","item":"https:\/\/whysoseriousstore.com\/"},{"@type":"ListItem","position":2,"name":"Sklep","item":"https:\/\/whysoseriousstore.com\/sklep\/"},{"@type":"ListItem","position":3,"name":"Granatowa Bluza Running"}]},{"@type":"WebSite","@id":"https:\/\/whysoseriousstore.com\/#website","url":"https:\/\/whysoseriousstore.com\/","name":"WHYSOSERIOUS store","description":"","potentialAction":[{"@type":"SearchAction","target":{"@type":"EntryPoint","urlTemplate":"https:\/\/whysoseriousstore.com\/?s={search_term_string}"},"query-input":{"@type":"PropertyValueSpecification","valueRequired":true,"valueName":"search_term_string"}}],"inLanguage":"en-GB"}]}},"_links":{"self":[{"href":"https:\/\/whysoseriousstore.com\/eng\/wp-json\/wp\/v2\/product\/26986","targetHints":{"allow":["GET"]}}],"collection":[{"href":"https:\/\/whysoseriousstore.com\/eng\/wp-json\/wp\/v2\/product"}],"about":[{"href":"https:\/\/whysoseriousstore.com\/eng\/wp-json\/wp\/v2\/types\/product"}],"wp:featuredmedia":[{"embeddable":true,"href":"https:\/\/whysoseriousstore.com\/eng\/wp-json\/wp\/v2\/media\/26999"}],"wp:attachment":[{"href":"https:\/\/whysoseriousstore.com\/eng\/wp-json\/wp\/v2\/media?parent=26986"}],"wp:term":[{"taxonomy":"product_brand","embeddable":true,"href":"https:\/\/whysoseriousstore.com\/eng\/wp-json\/wp\/v2\/product_brand?post=26986"},{"taxonomy":"product_cat","embeddable":true,"href":"https:\/\/whysoseriousstore.com\/eng\/wp-json\/wp\/v2\/product_cat?post=26986"},{"taxonomy":"product_tag","embeddable":true,"href":"https:\/\/whysoseriousstore.com\/eng\/wp-json\/wp\/v2\/product_tag?post=26986"}],"curies":[{"name":"wp","href":"https:\/\/api.w.org\/{rel}","templated":true}]}}