{"id":27008,"date":"2026-03-02T12:24:14","date_gmt":"2026-03-02T11:24:14","guid":{"rendered":"https:\/\/whysoseriousstore.com\/?post_type=product&#038;p=27008"},"modified":"2026-04-28T22:35:16","modified_gmt":"2026-04-28T20:35:16","slug":"granatowa-bluza-f1","status":"publish","type":"product","link":"https:\/\/whysoseriousstore.com\/eng\/granatowa-bluza-f1\/","title":{"rendered":"Navy blue Formula 1 sweatshirt"},"content":{"rendered":"<p><strong>Navy blue Formula 1 sweatshirt <\/strong>is the perfect combination of comfort and style, designed for anyone who appreciates a laid-back, casual look. Finally, something for Formula 1 fans - the navy blue sweatshirt <strong>Cool Girls watch Formula 1<\/strong>. This sweatshirt is the perfect base for your styling as race week approaches. T<strong>about this favourite item<\/strong>that you will wear around the clock.<\/p>\n<p data-start=\"745\" data-end=\"986\">Made in Poland from soft cotton twill (no insulation), it guarantees durability and comfort that will not be missed even on the busiest of days. The delicate WHYSOSERIOUS label inside is a detail that underlines the quality and authenticity of the design.<\/p>\n<p>The navy blue Formula 1 sweatshirt features an original print, perfect for female Formula 1 fans, and we can't imagine a Sunday race without this sweatshirt. <strong>Join the Whysoserious Racing Team &lt;3<\/strong><\/p>\n<p>The unisex cotton sweatshirt is made from the highest quality materials to ensure durability and wearing comfort for years to come. We don't like to part with our favourite sweatshirts either - we know how to create products that will stay with you for a long time. Sustainable design and attention to detail make this not only a fashionable piece of clothing, but also an expression of your commitment to responsible fashion. <strong>Thanks for helping us produce quality stuff!\u00a0<\/strong><\/p>\n<p>The model in the photo wears size L and is 171 cm tall.<\/p>\n<p><strong>THE HIGHEST QUALITY, MADE IN POLAND.\u00a0<\/strong><\/p>\n<p><a href=\"https:\/\/whysoseriousstore.com\/eng\/tshirty-damskie\/\">See also our t-shirts!<\/a><br \/>\nVisit us at <a href=\"https:\/\/www.instagram.com\/wss.whysoserious\/\">instagram<\/a> i <a href=\"https:\/\/www.facebook.com\/WSS.whysoserious\">facebook<\/a>.<\/p>","protected":false},"excerpt":{"rendered":"<p>Granatowa bluza Formula 1 to idealne po\u0142\u0105czenie wygody i stylu, zaprojektowana z my\u015bl\u0105 o wszystkich, kt\u00f3rzy ceni\u0105 sobie luz, swobod\u0119. Nareszcie co\u015b dla fanek Formuly 1 \u2013 granatowa bluza Cool Girls watch Formula 1. Ta bluza to doskona\u0142a baza do tworzenia Twojej stylizacji, kiedy zbli\u017ca si\u0119 race week. To ten ulubiony item, kt\u00f3ry b\u0119dziesz nosi\u0107 [&hellip;]<\/p>\n","protected":false},"featured_media":27021,"template":"","meta":[],"product_brand":[],"product_cat":[179,141,111,108,127],"product_tag":[],"class_list":{"0":"post-27008","1":"product","2":"type-product","3":"status-publish","4":"has-post-thumbnail","6":"product_cat-formula1","7":"product_cat-men","8":"product_cat-bluzy-unisex","9":"product_cat-new","10":"product_cat-wszystko","12":"first","13":"instock","14":"taxable","15":"shipping-taxable","16":"purchasable","17":"product-type-variable","18":"has-default-attributes"},"bundled_by":[],"bundle_stock_status":"instock","bundle_stock_quantity":null,"bundle_virtual":false,"bundle_layout":"","bundle_add_to_cart_form_location":"","bundle_editable_in_cart":false,"bundle_sold_individually_context":"","bundle_item_grouping":"","bundle_min_size":"","bundle_max_size":"","bundle_price":[],"bundled_items":[],"bundle_sell_ids":[],"yoast_head":"<!-- This site is optimized with the Yoast SEO Premium plugin v20.0 (Yoast SEO v26.5) - https:\/\/yoast.com\/wordpress\/plugins\/seo\/ -->\n<title>Granatowa Bluza Formula 1 - WHYSOSERIOUS store<\/title>\n<meta name=\"description\" content=\"Granatowa bawe\u0142niana Bluza Formula 1 \u0142\u0105czy wysok\u0105 jako\u015b\u0107 wykonania i lu\u017any styl. Cool Girls watch Formula 1! Przygotuj si\u0119 na wy\u015bcig.\" \/>\n<meta name=\"robots\" content=\"index, follow, max-snippet:-1, max-image-preview:large, max-video-preview:-1\" \/>\n<link rel=\"canonical\" href=\"https:\/\/whysoseriousstore.com\/eng\/granatowa-bluza-f1\/\" \/>\n<meta property=\"og:locale\" content=\"en_GB\" \/>\n<meta property=\"og:type\" content=\"article\" \/>\n<meta property=\"og:title\" content=\"Granatowa Bluza Formula 1\" \/>\n<meta property=\"og:description\" content=\"Granatowa bawe\u0142niana Bluza Formula 1 \u0142\u0105czy wysok\u0105 jako\u015b\u0107 wykonania i lu\u017any styl. Cool Girls watch Formula 1! Przygotuj si\u0119 na wy\u015bcig.\" \/>\n<meta property=\"og:url\" content=\"https:\/\/whysoseriousstore.com\/eng\/granatowa-bluza-f1\/\" \/>\n<meta property=\"og:site_name\" content=\"WHYSOSERIOUS store\" \/>\n<meta property=\"article:modified_time\" content=\"2026-04-28T20:35:16+00:00\" \/>\n<meta property=\"og:image\" content=\"https:\/\/whysoseriousstore.com\/wp-content\/uploads\/2026\/03\/Bluza-Granatowa-Formula-Damska-Whysoserious-3.jpg\" \/>\n\t<meta property=\"og:image:width\" content=\"1000\" \/>\n\t<meta property=\"og:image:height\" content=\"1500\" \/>\n\t<meta property=\"og:image:type\" content=\"image\/jpeg\" \/>\n<meta name=\"twitter:card\" content=\"summary_large_image\" \/>\n<meta name=\"twitter:label1\" content=\"Estimated reading time\" \/>\n\t<meta name=\"twitter:data1\" content=\"2 minutes\" \/>\n<script type=\"application\/ld+json\" class=\"yoast-schema-graph\">{\"@context\":\"https:\/\/schema.org\",\"@graph\":[{\"@type\":\"WebPage\",\"@id\":\"https:\/\/whysoseriousstore.com\/granatowa-bluza-f1\/\",\"url\":\"https:\/\/whysoseriousstore.com\/granatowa-bluza-f1\/\",\"name\":\"Granatowa Bluza Formula 1 - WHYSOSERIOUS store\",\"isPartOf\":{\"@id\":\"https:\/\/whysoseriousstore.com\/#website\"},\"primaryImageOfPage\":{\"@id\":\"https:\/\/whysoseriousstore.com\/granatowa-bluza-f1\/#primaryimage\"},\"image\":{\"@id\":\"https:\/\/whysoseriousstore.com\/granatowa-bluza-f1\/#primaryimage\"},\"thumbnailUrl\":\"https:\/\/whysoseriousstore.com\/wp-content\/uploads\/2026\/03\/Bluza-Granatowa-Formula-Damska-Whysoserious-3.jpg\",\"datePublished\":\"2026-03-02T11:24:14+00:00\",\"dateModified\":\"2026-04-28T20:35:16+00:00\",\"description\":\"Granatowa bawe\u0142niana Bluza Formula 1 \u0142\u0105czy wysok\u0105 jako\u015b\u0107 wykonania i lu\u017any styl. Cool Girls watch Formula 1! Przygotuj si\u0119 na wy\u015bcig.\",\"breadcrumb\":{\"@id\":\"https:\/\/whysoseriousstore.com\/granatowa-bluza-f1\/#breadcrumb\"},\"inLanguage\":\"en-GB\",\"potentialAction\":[{\"@type\":\"ReadAction\",\"target\":[\"https:\/\/whysoseriousstore.com\/granatowa-bluza-f1\/\"]}]},{\"@type\":\"ImageObject\",\"inLanguage\":\"en-GB\",\"@id\":\"https:\/\/whysoseriousstore.com\/granatowa-bluza-f1\/#primaryimage\",\"url\":\"https:\/\/whysoseriousstore.com\/wp-content\/uploads\/2026\/03\/Bluza-Granatowa-Formula-Damska-Whysoserious-3.jpg\",\"contentUrl\":\"https:\/\/whysoseriousstore.com\/wp-content\/uploads\/2026\/03\/Bluza-Granatowa-Formula-Damska-Whysoserious-3.jpg\",\"width\":1000,\"height\":1500},{\"@type\":\"BreadcrumbList\",\"@id\":\"https:\/\/whysoseriousstore.com\/granatowa-bluza-f1\/#breadcrumb\",\"itemListElement\":[{\"@type\":\"ListItem\",\"position\":1,\"name\":\"Strona g\u0142\u00f3wna\",\"item\":\"https:\/\/whysoseriousstore.com\/\"},{\"@type\":\"ListItem\",\"position\":2,\"name\":\"Sklep\",\"item\":\"https:\/\/whysoseriousstore.com\/sklep\/\"},{\"@type\":\"ListItem\",\"position\":3,\"name\":\"Granatowa Bluza Formula 1\"}]},{\"@type\":\"WebSite\",\"@id\":\"https:\/\/whysoseriousstore.com\/#website\",\"url\":\"https:\/\/whysoseriousstore.com\/\",\"name\":\"WHYSOSERIOUS store\",\"description\":\"\",\"potentialAction\":[{\"@type\":\"SearchAction\",\"target\":{\"@type\":\"EntryPoint\",\"urlTemplate\":\"https:\/\/whysoseriousstore.com\/?s={search_term_string}\"},\"query-input\":{\"@type\":\"PropertyValueSpecification\",\"valueRequired\":true,\"valueName\":\"search_term_string\"}}],\"inLanguage\":\"en-GB\"}]}<\/script>\n<!-- \/ Yoast SEO Premium plugin. -->","yoast_head_json":{"title":"Granatowa Bluza Formula 1 - WHYSOSERIOUS store","description":"Granatowa bawe\u0142niana Bluza Formula 1 \u0142\u0105czy wysok\u0105 jako\u015b\u0107 wykonania i lu\u017any styl. Cool Girls watch Formula 1! Przygotuj si\u0119 na wy\u015bcig.","robots":{"index":"index","follow":"follow","max-snippet":"max-snippet:-1","max-image-preview":"max-image-preview:large","max-video-preview":"max-video-preview:-1"},"canonical":"https:\/\/whysoseriousstore.com\/eng\/granatowa-bluza-f1\/","og_locale":"en_GB","og_type":"article","og_title":"Granatowa Bluza Formula 1","og_description":"Granatowa bawe\u0142niana Bluza Formula 1 \u0142\u0105czy wysok\u0105 jako\u015b\u0107 wykonania i lu\u017any styl. Cool Girls watch Formula 1! Przygotuj si\u0119 na wy\u015bcig.","og_url":"https:\/\/whysoseriousstore.com\/eng\/granatowa-bluza-f1\/","og_site_name":"WHYSOSERIOUS store","article_modified_time":"2026-04-28T20:35:16+00:00","og_image":[{"width":1000,"height":1500,"url":"https:\/\/whysoseriousstore.com\/wp-content\/uploads\/2026\/03\/Bluza-Granatowa-Formula-Damska-Whysoserious-3.jpg","type":"image\/jpeg"}],"twitter_card":"summary_large_image","twitter_misc":{"Estimated reading time":"2 minutes"},"schema":{"@context":"https:\/\/schema.org","@graph":[{"@type":"WebPage","@id":"https:\/\/whysoseriousstore.com\/granatowa-bluza-f1\/","url":"https:\/\/whysoseriousstore.com\/granatowa-bluza-f1\/","name":"Granatowa Bluza Formula 1 - WHYSOSERIOUS store","isPartOf":{"@id":"https:\/\/whysoseriousstore.com\/#website"},"primaryImageOfPage":{"@id":"https:\/\/whysoseriousstore.com\/granatowa-bluza-f1\/#primaryimage"},"image":{"@id":"https:\/\/whysoseriousstore.com\/granatowa-bluza-f1\/#primaryimage"},"thumbnailUrl":"https:\/\/whysoseriousstore.com\/wp-content\/uploads\/2026\/03\/Bluza-Granatowa-Formula-Damska-Whysoserious-3.jpg","datePublished":"2026-03-02T11:24:14+00:00","dateModified":"2026-04-28T20:35:16+00:00","description":"Granatowa bawe\u0142niana Bluza Formula 1 \u0142\u0105czy wysok\u0105 jako\u015b\u0107 wykonania i lu\u017any styl. Cool Girls watch Formula 1! Przygotuj si\u0119 na wy\u015bcig.","breadcrumb":{"@id":"https:\/\/whysoseriousstore.com\/granatowa-bluza-f1\/#breadcrumb"},"inLanguage":"en-GB","potentialAction":[{"@type":"ReadAction","target":["https:\/\/whysoseriousstore.com\/granatowa-bluza-f1\/"]}]},{"@type":"ImageObject","inLanguage":"en-GB","@id":"https:\/\/whysoseriousstore.com\/granatowa-bluza-f1\/#primaryimage","url":"https:\/\/whysoseriousstore.com\/wp-content\/uploads\/2026\/03\/Bluza-Granatowa-Formula-Damska-Whysoserious-3.jpg","contentUrl":"https:\/\/whysoseriousstore.com\/wp-content\/uploads\/2026\/03\/Bluza-Granatowa-Formula-Damska-Whysoserious-3.jpg","width":1000,"height":1500},{"@type":"BreadcrumbList","@id":"https:\/\/whysoseriousstore.com\/granatowa-bluza-f1\/#breadcrumb","itemListElement":[{"@type":"ListItem","position":1,"name":"Strona g\u0142\u00f3wna","item":"https:\/\/whysoseriousstore.com\/"},{"@type":"ListItem","position":2,"name":"Sklep","item":"https:\/\/whysoseriousstore.com\/sklep\/"},{"@type":"ListItem","position":3,"name":"Granatowa Bluza Formula 1"}]},{"@type":"WebSite","@id":"https:\/\/whysoseriousstore.com\/#website","url":"https:\/\/whysoseriousstore.com\/","name":"WHYSOSERIOUS store","description":"","potentialAction":[{"@type":"SearchAction","target":{"@type":"EntryPoint","urlTemplate":"https:\/\/whysoseriousstore.com\/?s={search_term_string}"},"query-input":{"@type":"PropertyValueSpecification","valueRequired":true,"valueName":"search_term_string"}}],"inLanguage":"en-GB"}]}},"_links":{"self":[{"href":"https:\/\/whysoseriousstore.com\/eng\/wp-json\/wp\/v2\/product\/27008","targetHints":{"allow":["GET"]}}],"collection":[{"href":"https:\/\/whysoseriousstore.com\/eng\/wp-json\/wp\/v2\/product"}],"about":[{"href":"https:\/\/whysoseriousstore.com\/eng\/wp-json\/wp\/v2\/types\/product"}],"wp:featuredmedia":[{"embeddable":true,"href":"https:\/\/whysoseriousstore.com\/eng\/wp-json\/wp\/v2\/media\/27021"}],"wp:attachment":[{"href":"https:\/\/whysoseriousstore.com\/eng\/wp-json\/wp\/v2\/media?parent=27008"}],"wp:term":[{"taxonomy":"product_brand","embeddable":true,"href":"https:\/\/whysoseriousstore.com\/eng\/wp-json\/wp\/v2\/product_brand?post=27008"},{"taxonomy":"product_cat","embeddable":true,"href":"https:\/\/whysoseriousstore.com\/eng\/wp-json\/wp\/v2\/product_cat?post=27008"},{"taxonomy":"product_tag","embeddable":true,"href":"https:\/\/whysoseriousstore.com\/eng\/wp-json\/wp\/v2\/product_tag?post=27008"}],"curies":[{"name":"wp","href":"https:\/\/api.w.org\/{rel}","templated":true}]}}