{"id":27026,"date":"2026-03-02T16:33:12","date_gmt":"2026-03-02T15:33:12","guid":{"rendered":"https:\/\/whysoseriousstore.com\/?post_type=product&#038;p=27026"},"modified":"2026-04-28T22:55:24","modified_gmt":"2026-04-28T20:55:24","slug":"formula-1-bialy-t-shirt-oversize","status":"publish","type":"product","link":"https:\/\/whysoseriousstore.com\/eng\/formula-1-bialy-t-shirt-oversize\/","title":{"rendered":"Formula 1 White Oversize T-shirt"},"content":{"rendered":"<p>Finally, something for Formula 1 fans - white T-shirt with burgundy print <strong>Cool Girls watch Formula 1<\/strong>. This T-shirt is the perfect base for your styling as race week approaches. T<strong>about this favourite tees<\/strong>that you will wear around the clock.<\/p>\n<p>The loose fit makes it a perfect fit for any silhouette, guaranteeing maximum comfort. This white oversize T-shirt is the quintessence of casual and style in one. Thanks to its versatile design, the white T-shirt with burgundy print is easy to combine with other pieces in your wardrobe, from jeans to sports leggings. Let your creativity run wild and create cool ensembles that reflect your personality.<\/p>\n<p>The white Formula 1 T-shirt features an original print, perfect for female Formula 1 fans, and we can't imagine a Sunday race without this t-shirt. <strong>Join the Whysoserious Racing Team &lt;3<\/strong><\/p>\n<p>WHYSOSERIOUS label inside<\/p>\n<p>The model is 171 cm tall and a size L.<\/p>\n<p><strong>THE HIGHEST QUALITY, MADE IN POLAND.<\/strong><\/p>\n<p><a href=\"https:\/\/whysoseriousstore.com\/eng\/bluzy-unisex\/?v=9b7d173b068d\">See also our sweatshirts!<\/a><br \/>\nVisit us at\u00a0<a href=\"https:\/\/www.instagram.com\/wss.whysoserious\/\">instagram<\/a>\u00a0i\u00a0<a href=\"https:\/\/www.facebook.com\/WSS.whysoserious\">facebook<\/a>.<\/p>","protected":false},"excerpt":{"rendered":"<p>Nareszcie co\u015b dla fanek Formuly 1 &#8211; bia\u0142y T-shirt z bordowym nadrukiem Cool Girls watch Formula 1. Ta koszulka to doskona\u0142a baza do tworzenia Twojej stylizacji, kiedy zbli\u017ca si\u0119 race week. To ten ulubiony tees, kt\u00f3ry b\u0119dziesz nosi\u0107 na okr\u0105g\u0142o. Lu\u017any kr\u00f3j sprawia, \u017ce doskonale dopasowuje si\u0119 do ka\u017cdej sylwetki, gwarantuj\u0105c maksymaln\u0105 wygod\u0119. Ten bia\u0142y [&hellip;]<\/p>\n","protected":false},"featured_media":27034,"template":"","meta":[],"product_brand":[],"product_cat":[179,169,110,108,127],"product_tag":[],"class_list":{"0":"post-27026","1":"product","2":"type-product","3":"status-publish","4":"has-post-thumbnail","6":"product_cat-formula1","7":"product_cat-gift-guide","8":"product_cat-tshirty-unisex","9":"product_cat-new","10":"product_cat-wszystko","12":"first","13":"instock","14":"taxable","15":"shipping-taxable","16":"purchasable","17":"product-type-variable","18":"has-default-attributes"},"bundled_by":[],"bundle_stock_status":"instock","bundle_stock_quantity":null,"bundle_virtual":false,"bundle_layout":"","bundle_add_to_cart_form_location":"","bundle_editable_in_cart":false,"bundle_sold_individually_context":"","bundle_item_grouping":"","bundle_min_size":"","bundle_max_size":"","bundle_price":[],"bundled_items":[],"bundle_sell_ids":[],"yoast_head":"<!-- This site is optimized with the Yoast SEO Premium plugin v20.0 (Yoast SEO v26.5) - https:\/\/yoast.com\/wordpress\/plugins\/seo\/ -->\n<title>Formula 1 Racing KoszulkaFormula 1 Bia\u0142y T-shirt Oversize WHYSOSERIOUS store<\/title>\n<meta name=\"description\" content=\"Damska granatowa koszulka dla fanek Formula 1. Cool Girls Watch Formula 1 - do\u0142\u0105cz do naszego teamu i ciesz si\u0119 jako\u015bci\u0105!\" \/>\n<meta name=\"robots\" content=\"index, follow, max-snippet:-1, max-image-preview:large, max-video-preview:-1\" \/>\n<link rel=\"canonical\" href=\"https:\/\/whysoseriousstore.com\/eng\/formula-1-bialy-t-shirt-oversize\/\" \/>\n<meta property=\"og:locale\" content=\"en_GB\" \/>\n<meta property=\"og:type\" content=\"article\" \/>\n<meta property=\"og:title\" content=\"Formula 1 Bia\u0142y T-shirt Oversize\" \/>\n<meta property=\"og:description\" content=\"Damska granatowa koszulka dla fanek Formula 1. Cool Girls Watch Formula 1 - do\u0142\u0105cz do naszego teamu i ciesz si\u0119 jako\u015bci\u0105!\" \/>\n<meta property=\"og:url\" content=\"https:\/\/whysoseriousstore.com\/eng\/formula-1-bialy-t-shirt-oversize\/\" \/>\n<meta property=\"og:site_name\" content=\"WHYSOSERIOUS store\" \/>\n<meta property=\"article:modified_time\" content=\"2026-04-28T20:55:24+00:00\" \/>\n<meta property=\"og:image\" content=\"https:\/\/whysoseriousstore.com\/wp-content\/uploads\/2026\/03\/Cool-Girls-watch-Formula-1-tshirt-scaled.jpg\" \/>\n\t<meta property=\"og:image:width\" content=\"1707\" \/>\n\t<meta property=\"og:image:height\" content=\"2560\" \/>\n\t<meta property=\"og:image:type\" content=\"image\/jpeg\" \/>\n<meta name=\"twitter:card\" content=\"summary_large_image\" \/>\n<meta name=\"twitter:label1\" content=\"Estimated reading time\" \/>\n\t<meta name=\"twitter:data1\" content=\"2 minutes\" \/>\n<script type=\"application\/ld+json\" class=\"yoast-schema-graph\">{\"@context\":\"https:\/\/schema.org\",\"@graph\":[{\"@type\":\"WebPage\",\"@id\":\"https:\/\/whysoseriousstore.com\/formula-1-bialy-t-shirt-oversize\/\",\"url\":\"https:\/\/whysoseriousstore.com\/formula-1-bialy-t-shirt-oversize\/\",\"name\":\"Formula 1 Racing KoszulkaFormula 1 Bia\u0142y T-shirt Oversize WHYSOSERIOUS store\",\"isPartOf\":{\"@id\":\"https:\/\/whysoseriousstore.com\/#website\"},\"primaryImageOfPage\":{\"@id\":\"https:\/\/whysoseriousstore.com\/formula-1-bialy-t-shirt-oversize\/#primaryimage\"},\"image\":{\"@id\":\"https:\/\/whysoseriousstore.com\/formula-1-bialy-t-shirt-oversize\/#primaryimage\"},\"thumbnailUrl\":\"https:\/\/whysoseriousstore.com\/wp-content\/uploads\/2026\/03\/Cool-Girls-watch-Formula-1-tshirt-scaled.jpg\",\"datePublished\":\"2026-03-02T15:33:12+00:00\",\"dateModified\":\"2026-04-28T20:55:24+00:00\",\"description\":\"Damska granatowa koszulka dla fanek Formula 1. Cool Girls Watch Formula 1 - do\u0142\u0105cz do naszego teamu i ciesz si\u0119 jako\u015bci\u0105!\",\"breadcrumb\":{\"@id\":\"https:\/\/whysoseriousstore.com\/formula-1-bialy-t-shirt-oversize\/#breadcrumb\"},\"inLanguage\":\"en-GB\",\"potentialAction\":[{\"@type\":\"ReadAction\",\"target\":[\"https:\/\/whysoseriousstore.com\/formula-1-bialy-t-shirt-oversize\/\"]}]},{\"@type\":\"ImageObject\",\"inLanguage\":\"en-GB\",\"@id\":\"https:\/\/whysoseriousstore.com\/formula-1-bialy-t-shirt-oversize\/#primaryimage\",\"url\":\"https:\/\/whysoseriousstore.com\/wp-content\/uploads\/2026\/03\/Cool-Girls-watch-Formula-1-tshirt-scaled.jpg\",\"contentUrl\":\"https:\/\/whysoseriousstore.com\/wp-content\/uploads\/2026\/03\/Cool-Girls-watch-Formula-1-tshirt-scaled.jpg\",\"width\":1707,\"height\":2560},{\"@type\":\"BreadcrumbList\",\"@id\":\"https:\/\/whysoseriousstore.com\/formula-1-bialy-t-shirt-oversize\/#breadcrumb\",\"itemListElement\":[{\"@type\":\"ListItem\",\"position\":1,\"name\":\"Strona g\u0142\u00f3wna\",\"item\":\"https:\/\/whysoseriousstore.com\/\"},{\"@type\":\"ListItem\",\"position\":2,\"name\":\"Sklep\",\"item\":\"https:\/\/whysoseriousstore.com\/sklep\/\"},{\"@type\":\"ListItem\",\"position\":3,\"name\":\"Formula 1 Bia\u0142y T-shirt Oversize\"}]},{\"@type\":\"WebSite\",\"@id\":\"https:\/\/whysoseriousstore.com\/#website\",\"url\":\"https:\/\/whysoseriousstore.com\/\",\"name\":\"WHYSOSERIOUS store\",\"description\":\"\",\"potentialAction\":[{\"@type\":\"SearchAction\",\"target\":{\"@type\":\"EntryPoint\",\"urlTemplate\":\"https:\/\/whysoseriousstore.com\/?s={search_term_string}\"},\"query-input\":{\"@type\":\"PropertyValueSpecification\",\"valueRequired\":true,\"valueName\":\"search_term_string\"}}],\"inLanguage\":\"en-GB\"}]}<\/script>\n<!-- \/ Yoast SEO Premium plugin. -->","yoast_head_json":{"title":"Formula 1 Racing KoszulkaFormula 1 Bia\u0142y T-shirt Oversize WHYSOSERIOUS store","description":"Damska granatowa koszulka dla fanek Formula 1. Cool Girls Watch Formula 1 - do\u0142\u0105cz do naszego teamu i ciesz si\u0119 jako\u015bci\u0105!","robots":{"index":"index","follow":"follow","max-snippet":"max-snippet:-1","max-image-preview":"max-image-preview:large","max-video-preview":"max-video-preview:-1"},"canonical":"https:\/\/whysoseriousstore.com\/eng\/formula-1-bialy-t-shirt-oversize\/","og_locale":"en_GB","og_type":"article","og_title":"Formula 1 Bia\u0142y T-shirt Oversize","og_description":"Damska granatowa koszulka dla fanek Formula 1. Cool Girls Watch Formula 1 - do\u0142\u0105cz do naszego teamu i ciesz si\u0119 jako\u015bci\u0105!","og_url":"https:\/\/whysoseriousstore.com\/eng\/formula-1-bialy-t-shirt-oversize\/","og_site_name":"WHYSOSERIOUS store","article_modified_time":"2026-04-28T20:55:24+00:00","og_image":[{"width":1707,"height":2560,"url":"https:\/\/whysoseriousstore.com\/wp-content\/uploads\/2026\/03\/Cool-Girls-watch-Formula-1-tshirt-scaled.jpg","type":"image\/jpeg"}],"twitter_card":"summary_large_image","twitter_misc":{"Estimated reading time":"2 minutes"},"schema":{"@context":"https:\/\/schema.org","@graph":[{"@type":"WebPage","@id":"https:\/\/whysoseriousstore.com\/formula-1-bialy-t-shirt-oversize\/","url":"https:\/\/whysoseriousstore.com\/formula-1-bialy-t-shirt-oversize\/","name":"Formula 1 Racing KoszulkaFormula 1 Bia\u0142y T-shirt Oversize WHYSOSERIOUS store","isPartOf":{"@id":"https:\/\/whysoseriousstore.com\/#website"},"primaryImageOfPage":{"@id":"https:\/\/whysoseriousstore.com\/formula-1-bialy-t-shirt-oversize\/#primaryimage"},"image":{"@id":"https:\/\/whysoseriousstore.com\/formula-1-bialy-t-shirt-oversize\/#primaryimage"},"thumbnailUrl":"https:\/\/whysoseriousstore.com\/wp-content\/uploads\/2026\/03\/Cool-Girls-watch-Formula-1-tshirt-scaled.jpg","datePublished":"2026-03-02T15:33:12+00:00","dateModified":"2026-04-28T20:55:24+00:00","description":"Damska granatowa koszulka dla fanek Formula 1. Cool Girls Watch Formula 1 - do\u0142\u0105cz do naszego teamu i ciesz si\u0119 jako\u015bci\u0105!","breadcrumb":{"@id":"https:\/\/whysoseriousstore.com\/formula-1-bialy-t-shirt-oversize\/#breadcrumb"},"inLanguage":"en-GB","potentialAction":[{"@type":"ReadAction","target":["https:\/\/whysoseriousstore.com\/formula-1-bialy-t-shirt-oversize\/"]}]},{"@type":"ImageObject","inLanguage":"en-GB","@id":"https:\/\/whysoseriousstore.com\/formula-1-bialy-t-shirt-oversize\/#primaryimage","url":"https:\/\/whysoseriousstore.com\/wp-content\/uploads\/2026\/03\/Cool-Girls-watch-Formula-1-tshirt-scaled.jpg","contentUrl":"https:\/\/whysoseriousstore.com\/wp-content\/uploads\/2026\/03\/Cool-Girls-watch-Formula-1-tshirt-scaled.jpg","width":1707,"height":2560},{"@type":"BreadcrumbList","@id":"https:\/\/whysoseriousstore.com\/formula-1-bialy-t-shirt-oversize\/#breadcrumb","itemListElement":[{"@type":"ListItem","position":1,"name":"Strona g\u0142\u00f3wna","item":"https:\/\/whysoseriousstore.com\/"},{"@type":"ListItem","position":2,"name":"Sklep","item":"https:\/\/whysoseriousstore.com\/sklep\/"},{"@type":"ListItem","position":3,"name":"Formula 1 Bia\u0142y T-shirt Oversize"}]},{"@type":"WebSite","@id":"https:\/\/whysoseriousstore.com\/#website","url":"https:\/\/whysoseriousstore.com\/","name":"WHYSOSERIOUS store","description":"","potentialAction":[{"@type":"SearchAction","target":{"@type":"EntryPoint","urlTemplate":"https:\/\/whysoseriousstore.com\/?s={search_term_string}"},"query-input":{"@type":"PropertyValueSpecification","valueRequired":true,"valueName":"search_term_string"}}],"inLanguage":"en-GB"}]}},"_links":{"self":[{"href":"https:\/\/whysoseriousstore.com\/eng\/wp-json\/wp\/v2\/product\/27026","targetHints":{"allow":["GET"]}}],"collection":[{"href":"https:\/\/whysoseriousstore.com\/eng\/wp-json\/wp\/v2\/product"}],"about":[{"href":"https:\/\/whysoseriousstore.com\/eng\/wp-json\/wp\/v2\/types\/product"}],"wp:featuredmedia":[{"embeddable":true,"href":"https:\/\/whysoseriousstore.com\/eng\/wp-json\/wp\/v2\/media\/27034"}],"wp:attachment":[{"href":"https:\/\/whysoseriousstore.com\/eng\/wp-json\/wp\/v2\/media?parent=27026"}],"wp:term":[{"taxonomy":"product_brand","embeddable":true,"href":"https:\/\/whysoseriousstore.com\/eng\/wp-json\/wp\/v2\/product_brand?post=27026"},{"taxonomy":"product_cat","embeddable":true,"href":"https:\/\/whysoseriousstore.com\/eng\/wp-json\/wp\/v2\/product_cat?post=27026"},{"taxonomy":"product_tag","embeddable":true,"href":"https:\/\/whysoseriousstore.com\/eng\/wp-json\/wp\/v2\/product_tag?post=27026"}],"curies":[{"name":"wp","href":"https:\/\/api.w.org\/{rel}","templated":true}]}}