{"id":27298,"date":"2026-03-12T16:02:18","date_gmt":"2026-03-12T15:02:18","guid":{"rendered":"https:\/\/whysoseriousstore.com\/?post_type=product&#038;p=27298"},"modified":"2026-04-10T21:44:37","modified_gmt":"2026-04-10T19:44:37","slug":"wss-coffee-run-white-longsleeve","status":"publish","type":"product","link":"https:\/\/whysoseriousstore.com\/eng\/wss-coffee-run-white-longsleeve\/","title":{"rendered":"WSS Coffee Run White Longsleeve"},"content":{"rendered":"<p data-start=\"0\" data-end=\"542\"><strong data-start=\"0\" data-end=\"35\"><span class=\"BZ_Pyq_fadeIn\">WSS <\/span><span class=\"BZ_Pyq_fadeIn\">Coffee <\/span><span class=\"BZ_Pyq_fadeIn\">Run <\/span><span class=\"BZ_Pyq_fadeIn\">White <\/span><span class=\"BZ_Pyq_fadeIn\">Longsleeve<\/span><\/strong> <span class=\"BZ_Pyq_fadeIn\">it's <\/span><span class=\"BZ_Pyq_fadeIn\">link <\/span><span class=\"BZ_Pyq_fadeIn\">daily <\/span><span class=\"BZ_Pyq_fadeIn\">convenience, <\/span><span class=\"BZ_Pyq_fadeIn\">minimalist <\/span><span class=\"BZ_Pyq_fadeIn\">style <\/span><span class=\"BZ_Pyq_fadeIn\">i <\/span><span class=\"BZ_Pyq_fadeIn\">ritual, <\/span><span class=\"BZ_Pyq_fadeIn\">which <\/span><span class=\"BZ_Pyq_fadeIn\">is to walk for the morning<\/span><span class=\"BZ_Pyq_fadeIn\">\u00a0<\/span><span class=\"BZ_Pyq_fadeIn\">coffee. <\/span><span class=\"BZ_Pyq_fadeIn\">Created <\/span><span class=\"BZ_Pyq_fadeIn\">for <\/span><span class=\"BZ_Pyq_fadeIn\">people, <\/span><span class=\"BZ_Pyq_fadeIn\">which <\/span><span class=\"BZ_Pyq_fadeIn\">appreciate <\/span><span class=\"BZ_Pyq_fadeIn\">backlash, <\/span><span class=\"BZ_Pyq_fadeIn\">simplicity <\/span><span class=\"BZ_Pyq_fadeIn\">i <\/span><span class=\"BZ_Pyq_fadeIn\">conscious <\/span><span class=\"BZ_Pyq_fadeIn\">elections - <\/span><span class=\"BZ_Pyq_fadeIn\">both <\/span><span class=\"BZ_Pyq_fadeIn\">w <\/span><span class=\"BZ_Pyq_fadeIn\">wardrobe, <\/span><span class=\"BZ_Pyq_fadeIn\">such as <\/span><span class=\"BZ_Pyq_fadeIn\">i <\/span><span class=\"BZ_Pyq_fadeIn\">w <\/span><span class=\"BZ_Pyq_fadeIn\">lives. <\/span><span class=\"BZ_Pyq_fadeIn\">Pure <\/span><span class=\"BZ_Pyq_fadeIn\">white <\/span><span class=\"BZ_Pyq_fadeIn\">broadcasts <\/span><span class=\"BZ_Pyq_fadeIn\">longsleeve <\/span><span class=\"BZ_Pyq_fadeIn\">freshness <\/span><span class=\"BZ_Pyq_fadeIn\">i <\/span><span class=\"BZ_Pyq_fadeIn\">lightness, <\/span><span class=\"BZ_Pyq_fadeIn\">a <\/span><span class=\"BZ_Pyq_fadeIn\">at the same time <\/span><span class=\"BZ_Pyq_fadeIn\">makes, <\/span><span class=\"BZ_Pyq_fadeIn\">that <\/span><span class=\"BZ_Pyq_fadeIn\">is <\/span><span class=\"BZ_Pyq_fadeIn\">extremely <\/span><span class=\"BZ_Pyq_fadeIn\">universal <\/span><span class=\"BZ_Pyq_fadeIn\">i <\/span><span class=\"BZ_Pyq_fadeIn\">easy <\/span><span class=\"BZ_Pyq_fadeIn\">To <\/span><span class=\"BZ_Pyq_fadeIn\">styling. <\/span><span class=\"BZ_Pyq_fadeIn\">Maroon <\/span><span class=\"BZ_Pyq_fadeIn\">overprint <\/span><span class=\"BZ_Pyq_fadeIn\">z <\/span><span class=\"BZ_Pyq_fadeIn\">back <\/span><span class=\"BZ_Pyq_fadeIn\">breaks <\/span><span class=\"BZ_Pyq_fadeIn\">minimalist <\/span><span class=\"BZ_Pyq_fadeIn\">form <\/span><span class=\"BZ_Pyq_fadeIn\">i <\/span><span class=\"BZ_Pyq_fadeIn\">broadcasts <\/span><span class=\"BZ_Pyq_fadeIn\">of the total <\/span><span class=\"BZ_Pyq_fadeIn\">nature, <\/span><span class=\"BZ_Pyq_fadeIn\">by creating <\/span><span class=\"BZ_Pyq_fadeIn\">distinct, <\/span><span class=\"BZ_Pyq_fadeIn\">but <\/span><span class=\"BZ_Pyq_fadeIn\">still <\/span><span class=\"BZ_Pyq_fadeIn\">elegant <\/span><span class=\"BZ_Pyq_fadeIn\">emphasis. <\/span><\/p>\n<p data-start=\"544\" data-end=\"942\"><span class=\"BZ_Pyq_fadeIn\">It's <\/span><span class=\"BZ_Pyq_fadeIn\">longsleeve<\/span><span class=\"BZ_Pyq_fadeIn\">, <\/span><span class=\"BZ_Pyq_fadeIn\">which <\/span><span class=\"BZ_Pyq_fadeIn\">perfectly <\/span><span class=\"BZ_Pyq_fadeIn\">will check <\/span><span class=\"BZ_Pyq_fadeIn\">get <\/span><span class=\"BZ_Pyq_fadeIn\">w <\/span><span class=\"BZ_Pyq_fadeIn\">urban <\/span><span class=\"BZ_Pyq_fadeIn\">styling - <\/span><span class=\"BZ_Pyq_fadeIn\">on <\/span><span class=\"BZ_Pyq_fadeIn\">walk, <\/span><span class=\"BZ_Pyq_fadeIn\">meeting <\/span><span class=\"BZ_Pyq_fadeIn\">from <\/span><span class=\"BZ_Pyq_fadeIn\">friends, <\/span><span class=\"BZ_Pyq_fadeIn\">work <\/span><span class=\"BZ_Pyq_fadeIn\">z <\/span><span class=\"BZ_Pyq_fadeIn\">cafe <\/span><span class=\"BZ_Pyq_fadeIn\">or <\/span><span class=\"BZ_Pyq_fadeIn\">calm <\/span><span class=\"BZ_Pyq_fadeIn\">day <\/span><span class=\"BZ_Pyq_fadeIn\">offline. <\/span><span class=\"BZ_Pyq_fadeIn\">Classic <\/span><span class=\"BZ_Pyq_fadeIn\">cut <\/span><span class=\"BZ_Pyq_fadeIn\">z <\/span><span class=\"BZ_Pyq_fadeIn\">long <\/span><span class=\"BZ_Pyq_fadeIn\">sleeve <\/span><span class=\"BZ_Pyq_fadeIn\">provides <\/span><span class=\"BZ_Pyq_fadeIn\">comfort <\/span><span class=\"BZ_Pyq_fadeIn\">wearing, <\/span><span class=\"BZ_Pyq_fadeIn\">a <\/span><span class=\"BZ_Pyq_fadeIn\">subtle <\/span><span class=\"BZ_Pyq_fadeIn\">branding <\/span><span class=\"BZ_Pyq_fadeIn\">WSS <\/span><span class=\"BZ_Pyq_fadeIn\">Coffee <\/span><span class=\"BZ_Pyq_fadeIn\">highlights <\/span><span class=\"BZ_Pyq_fadeIn\">its <\/span><span class=\"BZ_Pyq_fadeIn\">lifestyle <\/span><span class=\"BZ_Pyq_fadeIn\">nature <\/span><span class=\"BZ_Pyq_fadeIn\">without <\/span><span class=\"BZ_Pyq_fadeIn\">unnecessary <\/span><span class=\"BZ_Pyq_fadeIn\">exaggerations. <\/span><span class=\"BZ_Pyq_fadeIn\">It's <\/span><span class=\"BZ_Pyq_fadeIn\">ideal <\/span><span class=\"BZ_Pyq_fadeIn\">base <\/span><span class=\"BZ_Pyq_fadeIn\">To <\/span><span class=\"BZ_Pyq_fadeIn\">many <\/span><span class=\"BZ_Pyq_fadeIn\">styling - <\/span><span class=\"BZ_Pyq_fadeIn\">worn <\/span><span class=\"BZ_Pyq_fadeIn\">solo <\/span><span class=\"BZ_Pyq_fadeIn\">or <\/span><span class=\"BZ_Pyq_fadeIn\">as <\/span><span class=\"BZ_Pyq_fadeIn\">layer <\/span><span class=\"BZ_Pyq_fadeIn\">at <\/span><span class=\"BZ_Pyq_fadeIn\">sweatshirt <\/span><span class=\"BZ_Pyq_fadeIn\">or <\/span><span class=\"BZ_Pyq_fadeIn\">jacket.<\/span><\/p>\n<p data-start=\"944\" data-end=\"1304\" data-is-last-node=\"\" data-is-only-node=\"\"><span class=\"BZ_Pyq_fadeIn\">Stitched <\/span><span class=\"BZ_Pyq_fadeIn\">z <\/span><span class=\"BZ_Pyq_fadeIn\">high <\/span><span class=\"BZ_Pyq_fadeIn\">quality <\/span><span class=\"BZ_Pyq_fadeIn\">cotton <\/span><span class=\"BZ_Pyq_fadeIn\">longsleeve <\/span><span class=\"BZ_Pyq_fadeIn\">is <\/span><span class=\"BZ_Pyq_fadeIn\">soft, <\/span><span class=\"BZ_Pyq_fadeIn\">breathable <\/span><span class=\"BZ_Pyq_fadeIn\">i <\/span><span class=\"BZ_Pyq_fadeIn\">pleasant <\/span><span class=\"BZ_Pyq_fadeIn\">for <\/span><span class=\"BZ_Pyq_fadeIn\">skins. <\/span><span class=\"BZ_Pyq_fadeIn\">Material <\/span><span class=\"BZ_Pyq_fadeIn\">adjusts <\/span><span class=\"BZ_Pyq_fadeIn\">get <\/span><span class=\"BZ_Pyq_fadeIn\">To <\/span><span class=\"BZ_Pyq_fadeIn\">Your <\/span><span class=\"BZ_Pyq_fadeIn\">temps <\/span><span class=\"BZ_Pyq_fadeIn\">day, <\/span><span class=\"BZ_Pyq_fadeIn\">a <\/span><span class=\"BZ_Pyq_fadeIn\">neat <\/span><span class=\"BZ_Pyq_fadeIn\">finishing <\/span><span class=\"BZ_Pyq_fadeIn\">makes, <\/span><span class=\"BZ_Pyq_fadeIn\">that <\/span><span class=\"BZ_Pyq_fadeIn\">it's <\/span><span class=\"BZ_Pyq_fadeIn\">product, <\/span><span class=\"BZ_Pyq_fadeIn\">which <\/span><span class=\"BZ_Pyq_fadeIn\">will be <\/span><span class=\"BZ_Pyq_fadeIn\">z <\/span><span class=\"BZ_Pyq_fadeIn\">You <\/span><span class=\"BZ_Pyq_fadeIn\">on <\/span><span class=\"BZ_Pyq_fadeIn\">long. <\/span><strong data-start=\"1163\" data-end=\"1198\"><span class=\"BZ_Pyq_fadeIn\">WSS <\/span><span class=\"BZ_Pyq_fadeIn\">Coffee <\/span><span class=\"BZ_Pyq_fadeIn\">Run <\/span><span class=\"BZ_Pyq_fadeIn\">White <\/span><span class=\"BZ_Pyq_fadeIn\">Longsleeve<\/span><\/strong> <span class=\"BZ_Pyq_fadeIn\">it's <\/span><span class=\"BZ_Pyq_fadeIn\">simple, <\/span><span class=\"BZ_Pyq_fadeIn\">refined <\/span><span class=\"BZ_Pyq_fadeIn\">element <\/span><span class=\"BZ_Pyq_fadeIn\">wardrobes <\/span><span class=\"BZ_Pyq_fadeIn\">for <\/span><span class=\"BZ_Pyq_fadeIn\">These, <\/span><span class=\"BZ_Pyq_fadeIn\">who <\/span><span class=\"BZ_Pyq_fadeIn\">like <\/span><span class=\"BZ_Pyq_fadeIn\">style <\/span><span class=\"BZ_Pyq_fadeIn\">inspired by <\/span><span class=\"BZ_Pyq_fadeIn\">daily <\/span><span class=\"BZ_Pyq_fadeIn\">rituals. \u2615<\/span><\/p>\n<p data-start=\"1008\" data-end=\"1051\">The model is 171 cm tall and wears a size M.<\/p>\n<p data-start=\"1053\" data-end=\"1093\"><strong data-start=\"1053\" data-end=\"1093\">THE HIGHEST QUALITY, MADE IN POLAND.<\/strong><\/p>\n<p><a href=\"https:\/\/whysoseriousstore.com\/eng\/tshirty-damskie\/?v=9b7d173b068d\">See also our sweatshirts!<\/a><br \/>\nVisit us at\u00a0<a href=\"https:\/\/www.instagram.com\/wss.whysoserious\/\">instagram<\/a>\u00a0i\u00a0<a href=\"https:\/\/www.facebook.com\/WSS.whysoserious\">facebook<\/a>.<\/p>","protected":false},"excerpt":{"rendered":"<p>WSS Coffee Run White Longsleeve to po\u0142\u0105czenie codziennej wygody, minimalistycznego stylu i rytua\u0142u, jakim jest spacer po porann\u0105\u00a0kaw\u0119. Stworzony dla os\u00f3b, kt\u00f3re ceni\u0105 luz, prostot\u0119 i \u015bwiadome wybory \u2013 zar\u00f3wno w garderobie, jak i w \u017cyciu. Czysta biel nadaje longsleeve\u2019owi \u015bwie\u017co\u015bci i lekko\u015bci, a jednocze\u015bnie sprawia, \u017ce jest niezwykle uniwersalny i \u0142atwy do stylizowania. Bordowy [&hellip;]<\/p>\n","protected":false},"featured_media":27847,"template":"","meta":[],"product_brand":[],"product_cat":[164,110,108,127],"product_tag":[],"class_list":{"0":"post-27298","1":"product","2":"type-product","3":"status-publish","4":"has-post-thumbnail","6":"product_cat-longsleeve","7":"product_cat-tshirty-unisex","8":"product_cat-new","9":"product_cat-wszystko","11":"first","12":"instock","13":"taxable","14":"shipping-taxable","15":"purchasable","16":"product-type-variable","17":"has-default-attributes"},"bundled_by":[],"bundle_stock_status":"instock","bundle_stock_quantity":null,"bundle_virtual":false,"bundle_layout":"","bundle_add_to_cart_form_location":"","bundle_editable_in_cart":false,"bundle_sold_individually_context":"","bundle_item_grouping":"","bundle_min_size":"","bundle_max_size":"","bundle_price":[],"bundled_items":[],"bundle_sell_ids":[],"yoast_head":"<!-- This site is optimized with the Yoast SEO Premium plugin v20.0 (Yoast SEO v26.5) - https:\/\/yoast.com\/wordpress\/plugins\/seo\/ -->\n<title>WSS Coffee Run White Longsleeve - WHYSOSERIOUS store<\/title>\n<meta name=\"description\" content=\"WSS Coffee Run White Longsleeve to idealny dodatek do Twojej garderoby. Pasuje do wielu stylizacji i stanowi jej dope\u0142nienie.\" \/>\n<meta name=\"robots\" content=\"index, follow, max-snippet:-1, max-image-preview:large, max-video-preview:-1\" \/>\n<link rel=\"canonical\" href=\"https:\/\/whysoseriousstore.com\/eng\/wss-coffee-run-white-longsleeve\/\" \/>\n<meta property=\"og:locale\" content=\"en_GB\" \/>\n<meta property=\"og:type\" content=\"article\" \/>\n<meta property=\"og:title\" content=\"WSS Coffee Run White Longsleeve\" \/>\n<meta property=\"og:description\" content=\"WSS Coffee Run White Longsleeve to idealny dodatek do Twojej garderoby. Pasuje do wielu stylizacji i stanowi jej dope\u0142nienie.\" \/>\n<meta property=\"og:url\" content=\"https:\/\/whysoseriousstore.com\/eng\/wss-coffee-run-white-longsleeve\/\" \/>\n<meta property=\"og:site_name\" content=\"WHYSOSERIOUS store\" \/>\n<meta property=\"article:modified_time\" content=\"2026-04-10T19:44:37+00:00\" \/>\n<meta property=\"og:image\" content=\"https:\/\/whysoseriousstore.com\/wp-content\/uploads\/2026\/03\/Longsleeve-Bialy-z-nadrukiem-Coffee-Whysoserious-big1.jpg\" \/>\n\t<meta property=\"og:image:width\" content=\"1000\" \/>\n\t<meta property=\"og:image:height\" content=\"1500\" \/>\n\t<meta property=\"og:image:type\" content=\"image\/jpeg\" \/>\n<meta name=\"twitter:card\" content=\"summary_large_image\" \/>\n<meta name=\"twitter:label1\" content=\"Estimated reading time\" \/>\n\t<meta name=\"twitter:data1\" content=\"2 minutes\" \/>\n<script type=\"application\/ld+json\" class=\"yoast-schema-graph\">{\"@context\":\"https:\/\/schema.org\",\"@graph\":[{\"@type\":\"WebPage\",\"@id\":\"https:\/\/whysoseriousstore.com\/wss-coffee-run-white-longsleeve\/\",\"url\":\"https:\/\/whysoseriousstore.com\/wss-coffee-run-white-longsleeve\/\",\"name\":\"WSS Coffee Run White Longsleeve - WHYSOSERIOUS store\",\"isPartOf\":{\"@id\":\"https:\/\/whysoseriousstore.com\/#website\"},\"primaryImageOfPage\":{\"@id\":\"https:\/\/whysoseriousstore.com\/wss-coffee-run-white-longsleeve\/#primaryimage\"},\"image\":{\"@id\":\"https:\/\/whysoseriousstore.com\/wss-coffee-run-white-longsleeve\/#primaryimage\"},\"thumbnailUrl\":\"https:\/\/whysoseriousstore.com\/wp-content\/uploads\/2026\/03\/Longsleeve-Bialy-z-nadrukiem-Coffee-Whysoserious-big1.jpg\",\"datePublished\":\"2026-03-12T15:02:18+00:00\",\"dateModified\":\"2026-04-10T19:44:37+00:00\",\"description\":\"WSS Coffee Run White Longsleeve to idealny dodatek do Twojej garderoby. Pasuje do wielu stylizacji i stanowi jej dope\u0142nienie.\",\"breadcrumb\":{\"@id\":\"https:\/\/whysoseriousstore.com\/wss-coffee-run-white-longsleeve\/#breadcrumb\"},\"inLanguage\":\"en-GB\",\"potentialAction\":[{\"@type\":\"ReadAction\",\"target\":[\"https:\/\/whysoseriousstore.com\/wss-coffee-run-white-longsleeve\/\"]}]},{\"@type\":\"ImageObject\",\"inLanguage\":\"en-GB\",\"@id\":\"https:\/\/whysoseriousstore.com\/wss-coffee-run-white-longsleeve\/#primaryimage\",\"url\":\"https:\/\/whysoseriousstore.com\/wp-content\/uploads\/2026\/03\/Longsleeve-Bialy-z-nadrukiem-Coffee-Whysoserious-big1.jpg\",\"contentUrl\":\"https:\/\/whysoseriousstore.com\/wp-content\/uploads\/2026\/03\/Longsleeve-Bialy-z-nadrukiem-Coffee-Whysoserious-big1.jpg\",\"width\":1000,\"height\":1500},{\"@type\":\"BreadcrumbList\",\"@id\":\"https:\/\/whysoseriousstore.com\/wss-coffee-run-white-longsleeve\/#breadcrumb\",\"itemListElement\":[{\"@type\":\"ListItem\",\"position\":1,\"name\":\"Strona g\u0142\u00f3wna\",\"item\":\"https:\/\/whysoseriousstore.com\/\"},{\"@type\":\"ListItem\",\"position\":2,\"name\":\"Sklep\",\"item\":\"https:\/\/whysoseriousstore.com\/sklep\/\"},{\"@type\":\"ListItem\",\"position\":3,\"name\":\"WSS Coffee Run White Longsleeve\"}]},{\"@type\":\"WebSite\",\"@id\":\"https:\/\/whysoseriousstore.com\/#website\",\"url\":\"https:\/\/whysoseriousstore.com\/\",\"name\":\"WHYSOSERIOUS store\",\"description\":\"\",\"potentialAction\":[{\"@type\":\"SearchAction\",\"target\":{\"@type\":\"EntryPoint\",\"urlTemplate\":\"https:\/\/whysoseriousstore.com\/?s={search_term_string}\"},\"query-input\":{\"@type\":\"PropertyValueSpecification\",\"valueRequired\":true,\"valueName\":\"search_term_string\"}}],\"inLanguage\":\"en-GB\"}]}<\/script>\n<!-- \/ Yoast SEO Premium plugin. -->","yoast_head_json":{"title":"WSS Coffee Run White Longsleeve - WHYSOSERIOUS store","description":"WSS Coffee Run White Longsleeve to idealny dodatek do Twojej garderoby. Pasuje do wielu stylizacji i stanowi jej dope\u0142nienie.","robots":{"index":"index","follow":"follow","max-snippet":"max-snippet:-1","max-image-preview":"max-image-preview:large","max-video-preview":"max-video-preview:-1"},"canonical":"https:\/\/whysoseriousstore.com\/eng\/wss-coffee-run-white-longsleeve\/","og_locale":"en_GB","og_type":"article","og_title":"WSS Coffee Run White Longsleeve","og_description":"WSS Coffee Run White Longsleeve to idealny dodatek do Twojej garderoby. Pasuje do wielu stylizacji i stanowi jej dope\u0142nienie.","og_url":"https:\/\/whysoseriousstore.com\/eng\/wss-coffee-run-white-longsleeve\/","og_site_name":"WHYSOSERIOUS store","article_modified_time":"2026-04-10T19:44:37+00:00","og_image":[{"width":1000,"height":1500,"url":"https:\/\/whysoseriousstore.com\/wp-content\/uploads\/2026\/03\/Longsleeve-Bialy-z-nadrukiem-Coffee-Whysoserious-big1.jpg","type":"image\/jpeg"}],"twitter_card":"summary_large_image","twitter_misc":{"Estimated reading time":"2 minutes"},"schema":{"@context":"https:\/\/schema.org","@graph":[{"@type":"WebPage","@id":"https:\/\/whysoseriousstore.com\/wss-coffee-run-white-longsleeve\/","url":"https:\/\/whysoseriousstore.com\/wss-coffee-run-white-longsleeve\/","name":"WSS Coffee Run White Longsleeve - WHYSOSERIOUS store","isPartOf":{"@id":"https:\/\/whysoseriousstore.com\/#website"},"primaryImageOfPage":{"@id":"https:\/\/whysoseriousstore.com\/wss-coffee-run-white-longsleeve\/#primaryimage"},"image":{"@id":"https:\/\/whysoseriousstore.com\/wss-coffee-run-white-longsleeve\/#primaryimage"},"thumbnailUrl":"https:\/\/whysoseriousstore.com\/wp-content\/uploads\/2026\/03\/Longsleeve-Bialy-z-nadrukiem-Coffee-Whysoserious-big1.jpg","datePublished":"2026-03-12T15:02:18+00:00","dateModified":"2026-04-10T19:44:37+00:00","description":"WSS Coffee Run White Longsleeve to idealny dodatek do Twojej garderoby. Pasuje do wielu stylizacji i stanowi jej dope\u0142nienie.","breadcrumb":{"@id":"https:\/\/whysoseriousstore.com\/wss-coffee-run-white-longsleeve\/#breadcrumb"},"inLanguage":"en-GB","potentialAction":[{"@type":"ReadAction","target":["https:\/\/whysoseriousstore.com\/wss-coffee-run-white-longsleeve\/"]}]},{"@type":"ImageObject","inLanguage":"en-GB","@id":"https:\/\/whysoseriousstore.com\/wss-coffee-run-white-longsleeve\/#primaryimage","url":"https:\/\/whysoseriousstore.com\/wp-content\/uploads\/2026\/03\/Longsleeve-Bialy-z-nadrukiem-Coffee-Whysoserious-big1.jpg","contentUrl":"https:\/\/whysoseriousstore.com\/wp-content\/uploads\/2026\/03\/Longsleeve-Bialy-z-nadrukiem-Coffee-Whysoserious-big1.jpg","width":1000,"height":1500},{"@type":"BreadcrumbList","@id":"https:\/\/whysoseriousstore.com\/wss-coffee-run-white-longsleeve\/#breadcrumb","itemListElement":[{"@type":"ListItem","position":1,"name":"Strona g\u0142\u00f3wna","item":"https:\/\/whysoseriousstore.com\/"},{"@type":"ListItem","position":2,"name":"Sklep","item":"https:\/\/whysoseriousstore.com\/sklep\/"},{"@type":"ListItem","position":3,"name":"WSS Coffee Run White Longsleeve"}]},{"@type":"WebSite","@id":"https:\/\/whysoseriousstore.com\/#website","url":"https:\/\/whysoseriousstore.com\/","name":"WHYSOSERIOUS store","description":"","potentialAction":[{"@type":"SearchAction","target":{"@type":"EntryPoint","urlTemplate":"https:\/\/whysoseriousstore.com\/?s={search_term_string}"},"query-input":{"@type":"PropertyValueSpecification","valueRequired":true,"valueName":"search_term_string"}}],"inLanguage":"en-GB"}]}},"_links":{"self":[{"href":"https:\/\/whysoseriousstore.com\/eng\/wp-json\/wp\/v2\/product\/27298","targetHints":{"allow":["GET"]}}],"collection":[{"href":"https:\/\/whysoseriousstore.com\/eng\/wp-json\/wp\/v2\/product"}],"about":[{"href":"https:\/\/whysoseriousstore.com\/eng\/wp-json\/wp\/v2\/types\/product"}],"wp:featuredmedia":[{"embeddable":true,"href":"https:\/\/whysoseriousstore.com\/eng\/wp-json\/wp\/v2\/media\/27847"}],"wp:attachment":[{"href":"https:\/\/whysoseriousstore.com\/eng\/wp-json\/wp\/v2\/media?parent=27298"}],"wp:term":[{"taxonomy":"product_brand","embeddable":true,"href":"https:\/\/whysoseriousstore.com\/eng\/wp-json\/wp\/v2\/product_brand?post=27298"},{"taxonomy":"product_cat","embeddable":true,"href":"https:\/\/whysoseriousstore.com\/eng\/wp-json\/wp\/v2\/product_cat?post=27298"},{"taxonomy":"product_tag","embeddable":true,"href":"https:\/\/whysoseriousstore.com\/eng\/wp-json\/wp\/v2\/product_tag?post=27298"}],"curies":[{"name":"wp","href":"https:\/\/api.w.org\/{rel}","templated":true}]}}