{"id":27511,"date":"2026-03-24T13:24:18","date_gmt":"2026-03-24T12:24:18","guid":{"rendered":"https:\/\/whysoseriousstore.com\/?post_type=product&#038;p=27511"},"modified":"2026-04-10T10:32:02","modified_gmt":"2026-04-10T08:32:02","slug":"coffee-run-t-shirt-yellow","status":"publish","type":"product","link":"https:\/\/whysoseriousstore.com\/eng\/coffee-run-t-shirt-yellow\/","title":{"rendered":"WSS Coffee Run Yellow T-shirt"},"content":{"rendered":"<div class=\"flex flex-col text-sm pb-25\">\n<section class=\"text-token-text-primary w-full focus:outline-none [--shadow-height:45px] has-data-writing-block:pointer-events-none has-data-writing-block:-mt-(--shadow-height) has-data-writing-block:pt-(--shadow-height) [&amp;:has([data-writing-block])&gt;*]:pointer-events-auto scroll-mt-[calc(var(--header-height)+min(200px,max(70px,20svh)))]\" dir=\"auto\" data-turn-id=\"request-WEB:fe46d3e1-177b-4e18-8f37-1d84999af1a2-1\" data-testid=\"conversation-turn-4\" data-scroll-anchor=\"true\" data-turn=\"assistant\">\n<div class=\"text-base my-auto mx-auto pb-10 [--thread-content-margin:var(--thread-content-margin-xs,calc(var(--spacing)*4))] @w-sm\/main:[--thread-content-margin:var(--thread-content-margin-sm,calc(var(--spacing)*6))] @w-lg\/main:[--thread-content-margin:var(--thread-content-margin-lg,calc(var(--spacing)*16))] px-(--thread-content-margin)\">\n<div class=\"[--thread-content-max-width:40rem] @w-lg\/main:[--thread-content-max-width:48rem] mx-auto max-w-(--thread-content-max-width) flex-1 group\/turn-messages focus-visible:outline-hidden relative flex w-full min-w-0 flex-col agent-turn\">\n<div class=\"flex max-w-full flex-col gap-4 grow\">\n<div class=\"min-h-8 text-message relative flex w-full flex-col items-end gap-2 text-start break-words whitespace-normal outline-none keyboard-focused:focus-ring [.text-message+&amp;]:mt-1\" dir=\"auto\" tabindex=\"0\" data-message-author-role=\"assistant\" data-message-id=\"71186709-a2bd-4757-a44f-94bdcd8ee55c\" data-message-model-slug=\"gpt-5-3\" data-turn-start-message=\"true\">\n<div class=\"flex w-full flex-col gap-1 empty:hidden\">\n<div class=\"markdown prose dark:prose-invert w-full wrap-break-word light markdown-new-styling\">\n<p data-start=\"0\" data-end=\"388\">Butter yellow T-shirt Coffee Run z wysokogatunkowej bawe\u0142ny to po\u0142\u0105czenie minimalistycznej estetyki z lekkim, miejskim vibe\u2019em. Subtelny, ma\u015blany odcie\u0144 \u017c\u00f3\u0142ci w zestawieniu z kontrastowym czarnym nadrukiem nadaje mu charakteru i sprawia, \u017ce ten model wyr\u00f3\u017cnia si\u0119 w\u015br\u00f3d klasycznych basic\u00f3w. Coffee Run \u2013 dla tych, kt\u00f3rzy nie wyobra\u017caj\u0105 sobie dnia bez dobrej kawy i chwili dla siebie \u2615\ud83d\udc9b<\/p>\n<p data-start=\"390\" data-end=\"657\">Oversize\u2019owy, swobodny kr\u00f3j zapewnia maksymalny komfort i luz, idealnie wpisuj\u0105c si\u0119 w rytm codziennych aktywno\u015bci. Ten T-shirt \u015bwietnie sprawdzi si\u0119 zar\u00f3wno w casualowych stylizacjach z jeansami, jak i w bardziej sportowym wydaniu \u2013 np. z kolarkami czy legginsami.<\/p>\n<p data-start=\"659\" data-end=\"879\" data-is-last-node=\"\" data-is-only-node=\"\">Uszyty w Polsce z grubej, mi\u0119kkiej bawe\u0142ny, gwarantuje trwa\u0142o\u015b\u0107 i wygod\u0119 nawet podczas intensywnych dni w biegu. Delikatna wszywka WHYSOSERIOUS wewn\u0105trz to subtelny detal, kt\u00f3ry podkre\u015bla jako\u015b\u0107 i autentyczno\u015b\u0107 projektu.<\/p>\n<\/div>\n<\/div>\n<\/div>\n<\/div>\n<\/div>\n<\/div>\n<\/section>\n<\/div>\n<p data-start=\"988\" data-end=\"1190\"><strong>The only running club we attend &#8211; Running Late Club<\/strong><\/p>\n<p>Modelka ma 171 cm wzrostu i rozmiar L.<\/p>\n<p><strong>THE HIGHEST QUALITY, MADE IN POLAND.<\/strong><\/p>\n<p><a href=\"https:\/\/whysoseriousstore.com\/tshirty-damskie\/?v=9b7d173b068d\">Zobacz tak\u017ce nasze bluzy!<\/a><br \/>\nOdwied\u017a nas na\u00a0<a href=\"https:\/\/www.instagram.com\/wss.whysoserious\/\">instagramie<\/a>\u00a0i\u00a0<a href=\"https:\/\/www.facebook.com\/WSS.whysoserious\">facebooku<\/a>.<\/p>\n","protected":false},"excerpt":{"rendered":"<p>Butter yellow T-shirt Coffee Run z wysokogatunkowej bawe\u0142ny to po\u0142\u0105czenie minimalistycznej estetyki z lekkim, miejskim vibe\u2019em. Subtelny, ma\u015blany odcie\u0144 \u017c\u00f3\u0142ci w zestawieniu z kontrastowym czarnym nadrukiem nadaje mu charakteru i sprawia, \u017ce ten model wyr\u00f3\u017cnia si\u0119 w\u015br\u00f3d klasycznych basic\u00f3w. Coffee Run \u2013 dla tych, kt\u00f3rzy nie wyobra\u017caj\u0105 sobie dnia bez dobrej kawy i chwili dla [&hellip;]<\/p>\n","protected":false},"featured_media":27603,"template":"","meta":[],"product_brand":[],"product_cat":[110,108,127],"product_tag":[],"class_list":{"0":"post-27511","1":"product","2":"type-product","3":"status-publish","4":"has-post-thumbnail","6":"product_cat-tshirty-unisex","7":"product_cat-new","8":"product_cat-wszystko","10":"first","11":"instock","12":"taxable","13":"shipping-taxable","14":"purchasable","15":"product-type-variable","16":"has-default-attributes"},"bundled_by":[],"bundle_stock_status":"instock","bundle_stock_quantity":null,"bundle_virtual":false,"bundle_layout":"","bundle_add_to_cart_form_location":"","bundle_editable_in_cart":false,"bundle_sold_individually_context":"","bundle_item_grouping":"","bundle_min_size":"","bundle_max_size":"","bundle_price":[],"bundled_items":[],"bundle_sell_ids":[],"yoast_head":"<!-- This site is optimized with the Yoast SEO Premium plugin v20.0 (Yoast SEO v26.5) - https:\/\/yoast.com\/wordpress\/plugins\/seo\/ -->\n<title>WSS Coffee Run Yellow T-shirt WHYSOSERIOUS store<\/title>\n<meta name=\"description\" content=\"WSS Coffee Run Yellow T-shirt z nadrukiem. Kr\u00f3j oversize, 100% bawe\u0142na. Idealne dope\u0142nienie do ka\u017cdej stylizacji i na porann\u0105 kaw\u0119!\" \/>\n<meta name=\"robots\" content=\"index, follow, max-snippet:-1, max-image-preview:large, max-video-preview:-1\" \/>\n<link rel=\"canonical\" href=\"https:\/\/whysoseriousstore.com\/eng\/coffee-run-t-shirt-yellow\/\" \/>\n<meta property=\"og:locale\" content=\"en_GB\" \/>\n<meta property=\"og:type\" content=\"article\" \/>\n<meta property=\"og:title\" content=\"WSS Coffee Run Yellow T-shirt\" \/>\n<meta property=\"og:description\" content=\"WSS Coffee Run Yellow T-shirt z nadrukiem. Kr\u00f3j oversize, 100% bawe\u0142na. Idealne dope\u0142nienie do ka\u017cdej stylizacji i na porann\u0105 kaw\u0119!\" \/>\n<meta property=\"og:url\" content=\"https:\/\/whysoseriousstore.com\/eng\/coffee-run-t-shirt-yellow\/\" \/>\n<meta property=\"og:site_name\" content=\"WHYSOSERIOUS store\" \/>\n<meta property=\"article:modified_time\" content=\"2026-04-10T08:32:02+00:00\" \/>\n<meta property=\"og:image\" content=\"https:\/\/whysoseriousstore.com\/wp-content\/uploads\/2026\/03\/Koszulka-damska-yellow-coffee-run-Why-so-serious-2.jpg\" \/>\n\t<meta property=\"og:image:width\" content=\"1000\" \/>\n\t<meta property=\"og:image:height\" content=\"1500\" \/>\n\t<meta property=\"og:image:type\" content=\"image\/jpeg\" \/>\n<meta name=\"twitter:card\" content=\"summary_large_image\" \/>\n<meta name=\"twitter:label1\" content=\"Estimated reading time\" \/>\n\t<meta name=\"twitter:data1\" content=\"2 minutes\" \/>\n<script type=\"application\/ld+json\" class=\"yoast-schema-graph\">{\"@context\":\"https:\/\/schema.org\",\"@graph\":[{\"@type\":\"WebPage\",\"@id\":\"https:\/\/whysoseriousstore.com\/coffee-run-t-shirt-yellow\/\",\"url\":\"https:\/\/whysoseriousstore.com\/coffee-run-t-shirt-yellow\/\",\"name\":\"WSS Coffee Run Yellow T-shirt WHYSOSERIOUS store\",\"isPartOf\":{\"@id\":\"https:\/\/whysoseriousstore.com\/#website\"},\"primaryImageOfPage\":{\"@id\":\"https:\/\/whysoseriousstore.com\/coffee-run-t-shirt-yellow\/#primaryimage\"},\"image\":{\"@id\":\"https:\/\/whysoseriousstore.com\/coffee-run-t-shirt-yellow\/#primaryimage\"},\"thumbnailUrl\":\"https:\/\/whysoseriousstore.com\/wp-content\/uploads\/2026\/03\/Koszulka-damska-yellow-coffee-run-Why-so-serious-2.jpg\",\"datePublished\":\"2026-03-24T12:24:18+00:00\",\"dateModified\":\"2026-04-10T08:32:02+00:00\",\"description\":\"WSS Coffee Run Yellow T-shirt z nadrukiem. Kr\u00f3j oversize, 100% bawe\u0142na. Idealne dope\u0142nienie do ka\u017cdej stylizacji i na porann\u0105 kaw\u0119!\",\"breadcrumb\":{\"@id\":\"https:\/\/whysoseriousstore.com\/coffee-run-t-shirt-yellow\/#breadcrumb\"},\"inLanguage\":\"en-GB\",\"potentialAction\":[{\"@type\":\"ReadAction\",\"target\":[\"https:\/\/whysoseriousstore.com\/coffee-run-t-shirt-yellow\/\"]}]},{\"@type\":\"ImageObject\",\"inLanguage\":\"en-GB\",\"@id\":\"https:\/\/whysoseriousstore.com\/coffee-run-t-shirt-yellow\/#primaryimage\",\"url\":\"https:\/\/whysoseriousstore.com\/wp-content\/uploads\/2026\/03\/Koszulka-damska-yellow-coffee-run-Why-so-serious-2.jpg\",\"contentUrl\":\"https:\/\/whysoseriousstore.com\/wp-content\/uploads\/2026\/03\/Koszulka-damska-yellow-coffee-run-Why-so-serious-2.jpg\",\"width\":1000,\"height\":1500},{\"@type\":\"BreadcrumbList\",\"@id\":\"https:\/\/whysoseriousstore.com\/coffee-run-t-shirt-yellow\/#breadcrumb\",\"itemListElement\":[{\"@type\":\"ListItem\",\"position\":1,\"name\":\"Strona g\u0142\u00f3wna\",\"item\":\"https:\/\/whysoseriousstore.com\/\"},{\"@type\":\"ListItem\",\"position\":2,\"name\":\"Sklep\",\"item\":\"https:\/\/whysoseriousstore.com\/sklep\/\"},{\"@type\":\"ListItem\",\"position\":3,\"name\":\"WSS Coffee Run Yellow T-shirt\"}]},{\"@type\":\"WebSite\",\"@id\":\"https:\/\/whysoseriousstore.com\/#website\",\"url\":\"https:\/\/whysoseriousstore.com\/\",\"name\":\"WHYSOSERIOUS store\",\"description\":\"\",\"potentialAction\":[{\"@type\":\"SearchAction\",\"target\":{\"@type\":\"EntryPoint\",\"urlTemplate\":\"https:\/\/whysoseriousstore.com\/?s={search_term_string}\"},\"query-input\":{\"@type\":\"PropertyValueSpecification\",\"valueRequired\":true,\"valueName\":\"search_term_string\"}}],\"inLanguage\":\"en-GB\"}]}<\/script>\n<!-- \/ Yoast SEO Premium plugin. -->","yoast_head_json":{"title":"WSS Coffee Run Yellow T-shirt WHYSOSERIOUS store","description":"WSS Coffee Run Yellow T-shirt z nadrukiem. Kr\u00f3j oversize, 100% bawe\u0142na. Idealne dope\u0142nienie do ka\u017cdej stylizacji i na porann\u0105 kaw\u0119!","robots":{"index":"index","follow":"follow","max-snippet":"max-snippet:-1","max-image-preview":"max-image-preview:large","max-video-preview":"max-video-preview:-1"},"canonical":"https:\/\/whysoseriousstore.com\/eng\/coffee-run-t-shirt-yellow\/","og_locale":"en_GB","og_type":"article","og_title":"WSS Coffee Run Yellow T-shirt","og_description":"WSS Coffee Run Yellow T-shirt z nadrukiem. Kr\u00f3j oversize, 100% bawe\u0142na. Idealne dope\u0142nienie do ka\u017cdej stylizacji i na porann\u0105 kaw\u0119!","og_url":"https:\/\/whysoseriousstore.com\/eng\/coffee-run-t-shirt-yellow\/","og_site_name":"WHYSOSERIOUS store","article_modified_time":"2026-04-10T08:32:02+00:00","og_image":[{"width":1000,"height":1500,"url":"https:\/\/whysoseriousstore.com\/wp-content\/uploads\/2026\/03\/Koszulka-damska-yellow-coffee-run-Why-so-serious-2.jpg","type":"image\/jpeg"}],"twitter_card":"summary_large_image","twitter_misc":{"Estimated reading time":"2 minutes"},"schema":{"@context":"https:\/\/schema.org","@graph":[{"@type":"WebPage","@id":"https:\/\/whysoseriousstore.com\/coffee-run-t-shirt-yellow\/","url":"https:\/\/whysoseriousstore.com\/coffee-run-t-shirt-yellow\/","name":"WSS Coffee Run Yellow T-shirt WHYSOSERIOUS store","isPartOf":{"@id":"https:\/\/whysoseriousstore.com\/#website"},"primaryImageOfPage":{"@id":"https:\/\/whysoseriousstore.com\/coffee-run-t-shirt-yellow\/#primaryimage"},"image":{"@id":"https:\/\/whysoseriousstore.com\/coffee-run-t-shirt-yellow\/#primaryimage"},"thumbnailUrl":"https:\/\/whysoseriousstore.com\/wp-content\/uploads\/2026\/03\/Koszulka-damska-yellow-coffee-run-Why-so-serious-2.jpg","datePublished":"2026-03-24T12:24:18+00:00","dateModified":"2026-04-10T08:32:02+00:00","description":"WSS Coffee Run Yellow T-shirt z nadrukiem. Kr\u00f3j oversize, 100% bawe\u0142na. Idealne dope\u0142nienie do ka\u017cdej stylizacji i na porann\u0105 kaw\u0119!","breadcrumb":{"@id":"https:\/\/whysoseriousstore.com\/coffee-run-t-shirt-yellow\/#breadcrumb"},"inLanguage":"en-GB","potentialAction":[{"@type":"ReadAction","target":["https:\/\/whysoseriousstore.com\/coffee-run-t-shirt-yellow\/"]}]},{"@type":"ImageObject","inLanguage":"en-GB","@id":"https:\/\/whysoseriousstore.com\/coffee-run-t-shirt-yellow\/#primaryimage","url":"https:\/\/whysoseriousstore.com\/wp-content\/uploads\/2026\/03\/Koszulka-damska-yellow-coffee-run-Why-so-serious-2.jpg","contentUrl":"https:\/\/whysoseriousstore.com\/wp-content\/uploads\/2026\/03\/Koszulka-damska-yellow-coffee-run-Why-so-serious-2.jpg","width":1000,"height":1500},{"@type":"BreadcrumbList","@id":"https:\/\/whysoseriousstore.com\/coffee-run-t-shirt-yellow\/#breadcrumb","itemListElement":[{"@type":"ListItem","position":1,"name":"Strona g\u0142\u00f3wna","item":"https:\/\/whysoseriousstore.com\/"},{"@type":"ListItem","position":2,"name":"Sklep","item":"https:\/\/whysoseriousstore.com\/sklep\/"},{"@type":"ListItem","position":3,"name":"WSS Coffee Run Yellow T-shirt"}]},{"@type":"WebSite","@id":"https:\/\/whysoseriousstore.com\/#website","url":"https:\/\/whysoseriousstore.com\/","name":"WHYSOSERIOUS store","description":"","potentialAction":[{"@type":"SearchAction","target":{"@type":"EntryPoint","urlTemplate":"https:\/\/whysoseriousstore.com\/?s={search_term_string}"},"query-input":{"@type":"PropertyValueSpecification","valueRequired":true,"valueName":"search_term_string"}}],"inLanguage":"en-GB"}]}},"_links":{"self":[{"href":"https:\/\/whysoseriousstore.com\/eng\/wp-json\/wp\/v2\/product\/27511","targetHints":{"allow":["GET"]}}],"collection":[{"href":"https:\/\/whysoseriousstore.com\/eng\/wp-json\/wp\/v2\/product"}],"about":[{"href":"https:\/\/whysoseriousstore.com\/eng\/wp-json\/wp\/v2\/types\/product"}],"wp:featuredmedia":[{"embeddable":true,"href":"https:\/\/whysoseriousstore.com\/eng\/wp-json\/wp\/v2\/media\/27603"}],"wp:attachment":[{"href":"https:\/\/whysoseriousstore.com\/eng\/wp-json\/wp\/v2\/media?parent=27511"}],"wp:term":[{"taxonomy":"product_brand","embeddable":true,"href":"https:\/\/whysoseriousstore.com\/eng\/wp-json\/wp\/v2\/product_brand?post=27511"},{"taxonomy":"product_cat","embeddable":true,"href":"https:\/\/whysoseriousstore.com\/eng\/wp-json\/wp\/v2\/product_cat?post=27511"},{"taxonomy":"product_tag","embeddable":true,"href":"https:\/\/whysoseriousstore.com\/eng\/wp-json\/wp\/v2\/product_tag?post=27511"}],"curies":[{"name":"wp","href":"https:\/\/api.w.org\/{rel}","templated":true}]}}