{"id":27518,"date":"2026-03-24T13:43:22","date_gmt":"2026-03-24T12:43:22","guid":{"rendered":"https:\/\/whysoseriousstore.com\/?post_type=product&#038;p=27518"},"modified":"2026-04-11T11:51:05","modified_gmt":"2026-04-11T09:51:05","slug":"torba-dusty-stripes-texas","status":"publish","type":"product","link":"https:\/\/whysoseriousstore.com\/eng\/torba-dusty-stripes-texas\/","title":{"rendered":"Dusty Green Texas bag"},"content":{"rendered":"<p data-start=\"127\" data-end=\"568\"><span data-sheets-root=\"1\">Dusty Green Texas bag<\/span> is a shoulder bag made from a beautiful cotton fabric in dusty green. Perfect for any occasion - a weekend away, a quick shopping trip or going out for coffee.<\/p>\n<p data-start=\"570\" data-end=\"830\">The shade of green matches perfectly with our Take Your Pleasures Seriously label. The bag has two additional compartments on the side and comfortable handles so you can wear it casually on your shoulder.<\/p>\n<p data-start=\"832\" data-end=\"1188\">Material: 100% cotton.<\/p>\n<p data-start=\"1420\" data-end=\"1599\" data-is-last-node=\"\" data-is-only-node=\"\">Limited collection \u2665<\/p>\n<p><strong>THE HIGHEST QUALITY, MADE IN POLAND.\u00a0<\/strong><\/p>\n<p><a href=\"https:\/\/whysoseriousstore.com\/eng\/tshirty-damskie\/\">See also our t-shirts!<\/a><br \/>\nVisit us at <a href=\"https:\/\/www.instagram.com\/wss.whysoserious\/\">instagram<\/a> i <a href=\"https:\/\/www.facebook.com\/WSS.whysoserious\">facebook<\/a>.<\/p>","protected":false},"excerpt":{"rendered":"<p>Torba Dusty Green Texas to torba na rami\u0119 wykonana z pi\u0119knego, bawe\u0142nianego materia\u0142u w kolorze dusty green. Idealna na ka\u017cd\u0105 okazj\u0119 &#8211; weekendowy wyjazd, szybki shopping, czy wyj\u015bcie na kaw\u0119. Odcie\u0144 zieleni idealnie komponuje si\u0119 z nasz\u0105 metk\u0105 Take Your Pleasures Seriously. Torba posiada z boku dwie dodatkowe przegr\u00f3dki i wygodne uchwyty, dzi\u0119ki kt\u00f3rym za\u0142o\u017cysz [&hellip;]<\/p>\n","protected":false},"featured_media":27907,"template":"","meta":[],"product_brand":[],"product_cat":[128,108,127],"product_tag":[],"class_list":{"0":"post-27518","1":"product","2":"type-product","3":"status-publish","4":"has-post-thumbnail","6":"product_cat-dodatki","7":"product_cat-new","8":"product_cat-wszystko","10":"first","11":"instock","12":"taxable","13":"shipping-taxable","14":"purchasable","15":"product-type-simple"},"bundled_by":[],"bundle_stock_status":"instock","bundle_stock_quantity":4,"bundle_virtual":false,"bundle_layout":"","bundle_add_to_cart_form_location":"","bundle_editable_in_cart":false,"bundle_sold_individually_context":"","bundle_item_grouping":"","bundle_min_size":"","bundle_max_size":"","bundle_price":[],"bundled_items":[],"bundle_sell_ids":[],"yoast_head":"<!-- This site is optimized with the Yoast SEO Premium plugin v20.0 (Yoast SEO v26.5) - https:\/\/yoast.com\/wordpress\/plugins\/seo\/ -->\n<title>Torba Dusty Green Texas - WHYSOSERIOUS store<\/title>\n<meta name=\"description\" content=\"Torba Dusty Green Texas one size to torba na rami\u0119 wykonana z bawe\u0142ny w paski o kolorze zielonym. Idealna na ka\u017cd\u0105 okazj\u0119 - weekendowy wyjazd, szybki shopping, czy wyj\u015bcie na kaw\u0119.\" \/>\n<meta name=\"robots\" content=\"index, follow, max-snippet:-1, max-image-preview:large, max-video-preview:-1\" \/>\n<link rel=\"canonical\" href=\"https:\/\/whysoseriousstore.com\/eng\/torba-dusty-stripes-texas\/\" \/>\n<meta property=\"og:locale\" content=\"en_GB\" \/>\n<meta property=\"og:type\" content=\"article\" \/>\n<meta property=\"og:title\" content=\"Torba Dusty Green Texas\" \/>\n<meta property=\"og:description\" content=\"Torba Dusty Green Texas one size to torba na rami\u0119 wykonana z bawe\u0142ny w paski o kolorze zielonym. Idealna na ka\u017cd\u0105 okazj\u0119 - weekendowy wyjazd, szybki shopping, czy wyj\u015bcie na kaw\u0119.\" \/>\n<meta property=\"og:url\" content=\"https:\/\/whysoseriousstore.com\/eng\/torba-dusty-stripes-texas\/\" \/>\n<meta property=\"og:site_name\" content=\"WHYSOSERIOUS store\" \/>\n<meta property=\"article:modified_time\" content=\"2026-04-11T09:51:05+00:00\" \/>\n<meta property=\"og:image\" content=\"https:\/\/whysoseriousstore.com\/wp-content\/uploads\/2026\/04\/Torba-na-ramie-tote-bag-zielona.jpg\" \/>\n\t<meta property=\"og:image:width\" content=\"1000\" \/>\n\t<meta property=\"og:image:height\" content=\"1500\" \/>\n\t<meta property=\"og:image:type\" content=\"image\/jpeg\" \/>\n<meta name=\"twitter:card\" content=\"summary_large_image\" \/>\n<meta name=\"twitter:label1\" content=\"Estimated reading time\" \/>\n\t<meta name=\"twitter:data1\" content=\"1 minute\" \/>\n<script type=\"application\/ld+json\" class=\"yoast-schema-graph\">{\"@context\":\"https:\/\/schema.org\",\"@graph\":[{\"@type\":\"WebPage\",\"@id\":\"https:\/\/whysoseriousstore.com\/torba-dusty-stripes-texas\/\",\"url\":\"https:\/\/whysoseriousstore.com\/torba-dusty-stripes-texas\/\",\"name\":\"Torba Dusty Green Texas - WHYSOSERIOUS store\",\"isPartOf\":{\"@id\":\"https:\/\/whysoseriousstore.com\/#website\"},\"primaryImageOfPage\":{\"@id\":\"https:\/\/whysoseriousstore.com\/torba-dusty-stripes-texas\/#primaryimage\"},\"image\":{\"@id\":\"https:\/\/whysoseriousstore.com\/torba-dusty-stripes-texas\/#primaryimage\"},\"thumbnailUrl\":\"https:\/\/whysoseriousstore.com\/wp-content\/uploads\/2026\/04\/Torba-na-ramie-tote-bag-zielona.jpg\",\"datePublished\":\"2026-03-24T12:43:22+00:00\",\"dateModified\":\"2026-04-11T09:51:05+00:00\",\"description\":\"Torba Dusty Green Texas one size to torba na rami\u0119 wykonana z bawe\u0142ny w paski o kolorze zielonym. Idealna na ka\u017cd\u0105 okazj\u0119 - weekendowy wyjazd, szybki shopping, czy wyj\u015bcie na kaw\u0119.\",\"breadcrumb\":{\"@id\":\"https:\/\/whysoseriousstore.com\/torba-dusty-stripes-texas\/#breadcrumb\"},\"inLanguage\":\"en-GB\",\"potentialAction\":[{\"@type\":\"ReadAction\",\"target\":[\"https:\/\/whysoseriousstore.com\/torba-dusty-stripes-texas\/\"]}]},{\"@type\":\"ImageObject\",\"inLanguage\":\"en-GB\",\"@id\":\"https:\/\/whysoseriousstore.com\/torba-dusty-stripes-texas\/#primaryimage\",\"url\":\"https:\/\/whysoseriousstore.com\/wp-content\/uploads\/2026\/04\/Torba-na-ramie-tote-bag-zielona.jpg\",\"contentUrl\":\"https:\/\/whysoseriousstore.com\/wp-content\/uploads\/2026\/04\/Torba-na-ramie-tote-bag-zielona.jpg\",\"width\":1000,\"height\":1500},{\"@type\":\"BreadcrumbList\",\"@id\":\"https:\/\/whysoseriousstore.com\/torba-dusty-stripes-texas\/#breadcrumb\",\"itemListElement\":[{\"@type\":\"ListItem\",\"position\":1,\"name\":\"Strona g\u0142\u00f3wna\",\"item\":\"https:\/\/whysoseriousstore.com\/\"},{\"@type\":\"ListItem\",\"position\":2,\"name\":\"Sklep\",\"item\":\"https:\/\/whysoseriousstore.com\/sklep\/\"},{\"@type\":\"ListItem\",\"position\":3,\"name\":\"Torba Dusty Green Texas\"}]},{\"@type\":\"WebSite\",\"@id\":\"https:\/\/whysoseriousstore.com\/#website\",\"url\":\"https:\/\/whysoseriousstore.com\/\",\"name\":\"WHYSOSERIOUS store\",\"description\":\"\",\"potentialAction\":[{\"@type\":\"SearchAction\",\"target\":{\"@type\":\"EntryPoint\",\"urlTemplate\":\"https:\/\/whysoseriousstore.com\/?s={search_term_string}\"},\"query-input\":{\"@type\":\"PropertyValueSpecification\",\"valueRequired\":true,\"valueName\":\"search_term_string\"}}],\"inLanguage\":\"en-GB\"}]}<\/script>\n<!-- \/ Yoast SEO Premium plugin. -->","yoast_head_json":{"title":"Torba Dusty Green Texas - WHYSOSERIOUS store","description":"Torba Dusty Green Texas one size to torba na rami\u0119 wykonana z bawe\u0142ny w paski o kolorze zielonym. Idealna na ka\u017cd\u0105 okazj\u0119 - weekendowy wyjazd, szybki shopping, czy wyj\u015bcie na kaw\u0119.","robots":{"index":"index","follow":"follow","max-snippet":"max-snippet:-1","max-image-preview":"max-image-preview:large","max-video-preview":"max-video-preview:-1"},"canonical":"https:\/\/whysoseriousstore.com\/eng\/torba-dusty-stripes-texas\/","og_locale":"en_GB","og_type":"article","og_title":"Torba Dusty Green Texas","og_description":"Torba Dusty Green Texas one size to torba na rami\u0119 wykonana z bawe\u0142ny w paski o kolorze zielonym. Idealna na ka\u017cd\u0105 okazj\u0119 - weekendowy wyjazd, szybki shopping, czy wyj\u015bcie na kaw\u0119.","og_url":"https:\/\/whysoseriousstore.com\/eng\/torba-dusty-stripes-texas\/","og_site_name":"WHYSOSERIOUS store","article_modified_time":"2026-04-11T09:51:05+00:00","og_image":[{"width":1000,"height":1500,"url":"https:\/\/whysoseriousstore.com\/wp-content\/uploads\/2026\/04\/Torba-na-ramie-tote-bag-zielona.jpg","type":"image\/jpeg"}],"twitter_card":"summary_large_image","twitter_misc":{"Estimated reading time":"1 minute"},"schema":{"@context":"https:\/\/schema.org","@graph":[{"@type":"WebPage","@id":"https:\/\/whysoseriousstore.com\/torba-dusty-stripes-texas\/","url":"https:\/\/whysoseriousstore.com\/torba-dusty-stripes-texas\/","name":"Torba Dusty Green Texas - WHYSOSERIOUS store","isPartOf":{"@id":"https:\/\/whysoseriousstore.com\/#website"},"primaryImageOfPage":{"@id":"https:\/\/whysoseriousstore.com\/torba-dusty-stripes-texas\/#primaryimage"},"image":{"@id":"https:\/\/whysoseriousstore.com\/torba-dusty-stripes-texas\/#primaryimage"},"thumbnailUrl":"https:\/\/whysoseriousstore.com\/wp-content\/uploads\/2026\/04\/Torba-na-ramie-tote-bag-zielona.jpg","datePublished":"2026-03-24T12:43:22+00:00","dateModified":"2026-04-11T09:51:05+00:00","description":"Torba Dusty Green Texas one size to torba na rami\u0119 wykonana z bawe\u0142ny w paski o kolorze zielonym. Idealna na ka\u017cd\u0105 okazj\u0119 - weekendowy wyjazd, szybki shopping, czy wyj\u015bcie na kaw\u0119.","breadcrumb":{"@id":"https:\/\/whysoseriousstore.com\/torba-dusty-stripes-texas\/#breadcrumb"},"inLanguage":"en-GB","potentialAction":[{"@type":"ReadAction","target":["https:\/\/whysoseriousstore.com\/torba-dusty-stripes-texas\/"]}]},{"@type":"ImageObject","inLanguage":"en-GB","@id":"https:\/\/whysoseriousstore.com\/torba-dusty-stripes-texas\/#primaryimage","url":"https:\/\/whysoseriousstore.com\/wp-content\/uploads\/2026\/04\/Torba-na-ramie-tote-bag-zielona.jpg","contentUrl":"https:\/\/whysoseriousstore.com\/wp-content\/uploads\/2026\/04\/Torba-na-ramie-tote-bag-zielona.jpg","width":1000,"height":1500},{"@type":"BreadcrumbList","@id":"https:\/\/whysoseriousstore.com\/torba-dusty-stripes-texas\/#breadcrumb","itemListElement":[{"@type":"ListItem","position":1,"name":"Strona g\u0142\u00f3wna","item":"https:\/\/whysoseriousstore.com\/"},{"@type":"ListItem","position":2,"name":"Sklep","item":"https:\/\/whysoseriousstore.com\/sklep\/"},{"@type":"ListItem","position":3,"name":"Torba Dusty Green Texas"}]},{"@type":"WebSite","@id":"https:\/\/whysoseriousstore.com\/#website","url":"https:\/\/whysoseriousstore.com\/","name":"WHYSOSERIOUS store","description":"","potentialAction":[{"@type":"SearchAction","target":{"@type":"EntryPoint","urlTemplate":"https:\/\/whysoseriousstore.com\/?s={search_term_string}"},"query-input":{"@type":"PropertyValueSpecification","valueRequired":true,"valueName":"search_term_string"}}],"inLanguage":"en-GB"}]}},"_links":{"self":[{"href":"https:\/\/whysoseriousstore.com\/eng\/wp-json\/wp\/v2\/product\/27518","targetHints":{"allow":["GET"]}}],"collection":[{"href":"https:\/\/whysoseriousstore.com\/eng\/wp-json\/wp\/v2\/product"}],"about":[{"href":"https:\/\/whysoseriousstore.com\/eng\/wp-json\/wp\/v2\/types\/product"}],"wp:featuredmedia":[{"embeddable":true,"href":"https:\/\/whysoseriousstore.com\/eng\/wp-json\/wp\/v2\/media\/27907"}],"wp:attachment":[{"href":"https:\/\/whysoseriousstore.com\/eng\/wp-json\/wp\/v2\/media?parent=27518"}],"wp:term":[{"taxonomy":"product_brand","embeddable":true,"href":"https:\/\/whysoseriousstore.com\/eng\/wp-json\/wp\/v2\/product_brand?post=27518"},{"taxonomy":"product_cat","embeddable":true,"href":"https:\/\/whysoseriousstore.com\/eng\/wp-json\/wp\/v2\/product_cat?post=27518"},{"taxonomy":"product_tag","embeddable":true,"href":"https:\/\/whysoseriousstore.com\/eng\/wp-json\/wp\/v2\/product_tag?post=27518"}],"curies":[{"name":"wp","href":"https:\/\/api.w.org\/{rel}","templated":true}]}}