{"id":27539,"date":"2026-03-25T08:58:11","date_gmt":"2026-03-25T07:58:11","guid":{"rendered":"https:\/\/whysoseriousstore.com\/?post_type=product&#038;p=27539"},"modified":"2026-04-10T10:22:34","modified_gmt":"2026-04-10T08:22:34","slug":"t-shirt-boxy-stripes-red","status":"publish","type":"product","link":"https:\/\/whysoseriousstore.com\/eng\/t-shirt-boxy-stripes-red\/","title":{"rendered":"T-shirt Boxy Stripes Red"},"content":{"rendered":"<p><span data-olk-copy-source=\"MessageBody\">T-shirt Boxy Stripes Red<\/span> z bawe\u0142ny z wyko\u0144czeniem <strong>premium<\/strong> to ponadczasowy klasyk w paski o wyj\u0105tkowym czerwonym kolorze. Zaprojektowany dla tych, kt\u00f3rzy ceni\u0105 sobie jako\u015b\u0107, ale te\u017c wyj\u0105tkowy styl. Pracowali\u015bmy nad nim bardzo d\u0142ugo, tak aby ten t-shirt boxy by\u0142 tym, czego poszukujesz: <strong>wygodny, lekki oversize, stworzony z grubszego, mi\u0119kkiego materia\u0142u<\/strong> i pasuj\u0105cy do ka\u017cdej stylizacji. Kr\u00f3j tego t-shirtu pozwoli Ci poczu\u0107 si\u0119 swobodnie i komfortowo, niezale\u017cnie od tego, czy planujesz weekendowy wyjazd, czy potrzebujesz porz\u0105dnego t-shirtu basic do pracy.<\/p>\n<div class=\"flex flex-grow flex-col max-w-full\">\n<div class=\"min-h-[20px] text-message flex flex-col items-start whitespace-pre-wrap break-words [.text-message+&amp;]:mt-5 juice:w-full juice:items-end overflow-x-auto gap-2\" dir=\"auto\" data-message-author-role=\"assistant\" data-message-id=\"59aed514-dcce-4977-8a8e-00dde126f5b6\">\n<div class=\"flex w-full flex-col gap-1 juice:empty:hidden juice:first:pt-[3px]\">\n<div class=\"markdown prose w-full break-words dark:prose-invert light\">\n<p>W WHYSOSERIOUS stawiamy na najwy\u017csz\u0105 jako\u015b\u0107 i unikalny design, a czerwony t-shirt boxy w paski jest tego najlepszym dowodem.\u00a0 T-shirt jest wykonany ze 100% bawe\u0142ny z <strong>dodatkowym wyko\u0144czeniem premium<\/strong>, kt\u00f3ry zapewnia wyj\u0105tkowy komfort noszenia i mi\u0119kko\u015b\u0107 materia\u0142u. Wybieraj\u0105c ten model, inwestujesz w jako\u015b\u0107 na lata.<br \/>\n<strong>Your style, your story<\/strong>.<\/p>\n<\/div>\n<\/div>\n<\/div>\n<\/div>\n<p><strong>Koszulka Boxy z wyko\u0144czeniem premium <\/strong>to idealna baza Twojej kolekcji ubra\u0144 w tym sezonie. Opr\u00f3cz wewn\u0119trznych metek, t-shirt nie posiada \u017cadnego znakowania. Klasyczny pude\u0142kowy kr\u00f3j sprawia, \u017ce jest to idealny wyb\u00f3r dla ka\u017cdego. Celebruj ma\u0142e momenty ka\u017cdego dnia otulaj\u0105c si\u0119 mi\u0119kkim materia\u0142em i poczuj luksu dobrego, powolnego \u017cycia. Po\u0142\u0105cz go z ulubionymi jeansami i b\u0105d\u017a gotowy na wieczorne wyj\u015bcie.<\/p>\n<p>W \u015brodku wszywka z nowym logo WHYSOSERIOUS.<\/p>\n<p>Modelka ma 171 cm wzrostu i rozmiar S.<br \/>\n<strong>Ten produkt znajdziesz r\u00f3wnie\u017c w kolorze br\u0105zowym.<\/strong><\/p>\n<p><strong>THE HIGHEST QUALITY, MADE IN POLAND.<\/strong><\/p>\n<p><a href=\"https:\/\/whysoseriousstore.com\/bluzy-unisex\/?v=9b7d173b068d\">Zobacz tak\u017ce nasze bluzy!<\/a><br \/>\nOdwied\u017a nas na\u00a0<a href=\"https:\/\/www.instagram.com\/wss.whysoserious\/\">instagramie<\/a>\u00a0i\u00a0<a href=\"https:\/\/www.facebook.com\/WSS.whysoserious\">facebooku<\/a>.<\/p>\n","protected":false},"excerpt":{"rendered":"<p>T-shirt Boxy Stripes Red z bawe\u0142ny z wyko\u0144czeniem premium to ponadczasowy klasyk w paski o wyj\u0105tkowym czerwonym kolorze. Zaprojektowany dla tych, kt\u00f3rzy ceni\u0105 sobie jako\u015b\u0107, ale te\u017c wyj\u0105tkowy styl. Pracowali\u015bmy nad nim bardzo d\u0142ugo, tak aby ten t-shirt boxy by\u0142 tym, czego poszukujesz: wygodny, lekki oversize, stworzony z grubszego, mi\u0119kkiego materia\u0142u i pasuj\u0105cy do ka\u017cdej [&hellip;]<\/p>\n","protected":false},"featured_media":27597,"template":"","meta":[],"product_brand":[],"product_cat":[110,108,107,127],"product_tag":[],"class_list":{"0":"post-27539","1":"product","2":"type-product","3":"status-publish","4":"has-post-thumbnail","6":"product_cat-tshirty-unisex","7":"product_cat-new","8":"product_cat-bestsellers","9":"product_cat-wszystko","11":"first","12":"instock","13":"taxable","14":"shipping-taxable","15":"purchasable","16":"product-type-variable","17":"has-default-attributes"},"bundled_by":[],"bundle_stock_status":"instock","bundle_stock_quantity":null,"bundle_virtual":false,"bundle_layout":"","bundle_add_to_cart_form_location":"","bundle_editable_in_cart":false,"bundle_sold_individually_context":"","bundle_item_grouping":"","bundle_min_size":"","bundle_max_size":"","bundle_price":[],"bundled_items":[],"bundle_sell_ids":[],"yoast_head":"<!-- This site is optimized with the Yoast SEO Premium plugin v20.0 (Yoast SEO v26.5) - https:\/\/yoast.com\/wordpress\/plugins\/seo\/ -->\n<title>T-shirt Boxy Stripes Red - WHYSOSERIOUS store<\/title>\n<meta name=\"description\" content=\"Nasz T-shirt Boxy Stripes Red to idealny klasyk na ka\u017cd\u0105 okazj\u0119. Zostanie w twojej szafie na d\u0142ugo i dope\u0142ni ka\u017cdy Tw\u00f3j look.\" \/>\n<meta name=\"robots\" content=\"index, follow, max-snippet:-1, max-image-preview:large, max-video-preview:-1\" \/>\n<link rel=\"canonical\" href=\"https:\/\/whysoseriousstore.com\/eng\/t-shirt-boxy-stripes-red\/\" \/>\n<meta property=\"og:locale\" content=\"en_GB\" \/>\n<meta property=\"og:type\" content=\"article\" \/>\n<meta property=\"og:title\" content=\"T-shirt Boxy Stripes Red\" \/>\n<meta property=\"og:description\" content=\"Nasz T-shirt Boxy Stripes Red to idealny klasyk na ka\u017cd\u0105 okazj\u0119. Zostanie w twojej szafie na d\u0142ugo i dope\u0142ni ka\u017cdy Tw\u00f3j look.\" \/>\n<meta property=\"og:url\" content=\"https:\/\/whysoseriousstore.com\/eng\/t-shirt-boxy-stripes-red\/\" \/>\n<meta property=\"og:site_name\" content=\"WHYSOSERIOUS store\" \/>\n<meta property=\"article:modified_time\" content=\"2026-04-10T08:22:34+00:00\" \/>\n<meta property=\"og:image\" content=\"https:\/\/whysoseriousstore.com\/wp-content\/uploads\/2026\/03\/IMG_7592.jpg\" \/>\n\t<meta property=\"og:image:width\" content=\"1000\" \/>\n\t<meta property=\"og:image:height\" content=\"1500\" \/>\n\t<meta property=\"og:image:type\" content=\"image\/jpeg\" \/>\n<meta name=\"twitter:card\" content=\"summary_large_image\" \/>\n<meta name=\"twitter:label1\" content=\"Estimated reading time\" \/>\n\t<meta name=\"twitter:data1\" content=\"2 minutes\" \/>\n<script type=\"application\/ld+json\" class=\"yoast-schema-graph\">{\"@context\":\"https:\/\/schema.org\",\"@graph\":[{\"@type\":\"WebPage\",\"@id\":\"https:\/\/whysoseriousstore.com\/t-shirt-boxy-stripes-red\/\",\"url\":\"https:\/\/whysoseriousstore.com\/t-shirt-boxy-stripes-red\/\",\"name\":\"T-shirt Boxy Stripes Red - WHYSOSERIOUS store\",\"isPartOf\":{\"@id\":\"https:\/\/whysoseriousstore.com\/#website\"},\"primaryImageOfPage\":{\"@id\":\"https:\/\/whysoseriousstore.com\/t-shirt-boxy-stripes-red\/#primaryimage\"},\"image\":{\"@id\":\"https:\/\/whysoseriousstore.com\/t-shirt-boxy-stripes-red\/#primaryimage\"},\"thumbnailUrl\":\"https:\/\/whysoseriousstore.com\/wp-content\/uploads\/2026\/03\/IMG_7592.jpg\",\"datePublished\":\"2026-03-25T07:58:11+00:00\",\"dateModified\":\"2026-04-10T08:22:34+00:00\",\"description\":\"Nasz T-shirt Boxy Stripes Red to idealny klasyk na ka\u017cd\u0105 okazj\u0119. Zostanie w twojej szafie na d\u0142ugo i dope\u0142ni ka\u017cdy Tw\u00f3j look.\",\"breadcrumb\":{\"@id\":\"https:\/\/whysoseriousstore.com\/t-shirt-boxy-stripes-red\/#breadcrumb\"},\"inLanguage\":\"en-GB\",\"potentialAction\":[{\"@type\":\"ReadAction\",\"target\":[\"https:\/\/whysoseriousstore.com\/t-shirt-boxy-stripes-red\/\"]}]},{\"@type\":\"ImageObject\",\"inLanguage\":\"en-GB\",\"@id\":\"https:\/\/whysoseriousstore.com\/t-shirt-boxy-stripes-red\/#primaryimage\",\"url\":\"https:\/\/whysoseriousstore.com\/wp-content\/uploads\/2026\/03\/IMG_7592.jpg\",\"contentUrl\":\"https:\/\/whysoseriousstore.com\/wp-content\/uploads\/2026\/03\/IMG_7592.jpg\",\"width\":1000,\"height\":1500},{\"@type\":\"BreadcrumbList\",\"@id\":\"https:\/\/whysoseriousstore.com\/t-shirt-boxy-stripes-red\/#breadcrumb\",\"itemListElement\":[{\"@type\":\"ListItem\",\"position\":1,\"name\":\"Strona g\u0142\u00f3wna\",\"item\":\"https:\/\/whysoseriousstore.com\/\"},{\"@type\":\"ListItem\",\"position\":2,\"name\":\"Sklep\",\"item\":\"https:\/\/whysoseriousstore.com\/sklep\/\"},{\"@type\":\"ListItem\",\"position\":3,\"name\":\"T-shirt Boxy Stripes Red\"}]},{\"@type\":\"WebSite\",\"@id\":\"https:\/\/whysoseriousstore.com\/#website\",\"url\":\"https:\/\/whysoseriousstore.com\/\",\"name\":\"WHYSOSERIOUS store\",\"description\":\"\",\"potentialAction\":[{\"@type\":\"SearchAction\",\"target\":{\"@type\":\"EntryPoint\",\"urlTemplate\":\"https:\/\/whysoseriousstore.com\/?s={search_term_string}\"},\"query-input\":{\"@type\":\"PropertyValueSpecification\",\"valueRequired\":true,\"valueName\":\"search_term_string\"}}],\"inLanguage\":\"en-GB\"}]}<\/script>\n<!-- \/ Yoast SEO Premium plugin. -->","yoast_head_json":{"title":"T-shirt Boxy Stripes Red - WHYSOSERIOUS store","description":"Nasz T-shirt Boxy Stripes Red to idealny klasyk na ka\u017cd\u0105 okazj\u0119. Zostanie w twojej szafie na d\u0142ugo i dope\u0142ni ka\u017cdy Tw\u00f3j look.","robots":{"index":"index","follow":"follow","max-snippet":"max-snippet:-1","max-image-preview":"max-image-preview:large","max-video-preview":"max-video-preview:-1"},"canonical":"https:\/\/whysoseriousstore.com\/eng\/t-shirt-boxy-stripes-red\/","og_locale":"en_GB","og_type":"article","og_title":"T-shirt Boxy Stripes Red","og_description":"Nasz T-shirt Boxy Stripes Red to idealny klasyk na ka\u017cd\u0105 okazj\u0119. Zostanie w twojej szafie na d\u0142ugo i dope\u0142ni ka\u017cdy Tw\u00f3j look.","og_url":"https:\/\/whysoseriousstore.com\/eng\/t-shirt-boxy-stripes-red\/","og_site_name":"WHYSOSERIOUS store","article_modified_time":"2026-04-10T08:22:34+00:00","og_image":[{"width":1000,"height":1500,"url":"https:\/\/whysoseriousstore.com\/wp-content\/uploads\/2026\/03\/IMG_7592.jpg","type":"image\/jpeg"}],"twitter_card":"summary_large_image","twitter_misc":{"Estimated reading time":"2 minutes"},"schema":{"@context":"https:\/\/schema.org","@graph":[{"@type":"WebPage","@id":"https:\/\/whysoseriousstore.com\/t-shirt-boxy-stripes-red\/","url":"https:\/\/whysoseriousstore.com\/t-shirt-boxy-stripes-red\/","name":"T-shirt Boxy Stripes Red - WHYSOSERIOUS store","isPartOf":{"@id":"https:\/\/whysoseriousstore.com\/#website"},"primaryImageOfPage":{"@id":"https:\/\/whysoseriousstore.com\/t-shirt-boxy-stripes-red\/#primaryimage"},"image":{"@id":"https:\/\/whysoseriousstore.com\/t-shirt-boxy-stripes-red\/#primaryimage"},"thumbnailUrl":"https:\/\/whysoseriousstore.com\/wp-content\/uploads\/2026\/03\/IMG_7592.jpg","datePublished":"2026-03-25T07:58:11+00:00","dateModified":"2026-04-10T08:22:34+00:00","description":"Nasz T-shirt Boxy Stripes Red to idealny klasyk na ka\u017cd\u0105 okazj\u0119. Zostanie w twojej szafie na d\u0142ugo i dope\u0142ni ka\u017cdy Tw\u00f3j look.","breadcrumb":{"@id":"https:\/\/whysoseriousstore.com\/t-shirt-boxy-stripes-red\/#breadcrumb"},"inLanguage":"en-GB","potentialAction":[{"@type":"ReadAction","target":["https:\/\/whysoseriousstore.com\/t-shirt-boxy-stripes-red\/"]}]},{"@type":"ImageObject","inLanguage":"en-GB","@id":"https:\/\/whysoseriousstore.com\/t-shirt-boxy-stripes-red\/#primaryimage","url":"https:\/\/whysoseriousstore.com\/wp-content\/uploads\/2026\/03\/IMG_7592.jpg","contentUrl":"https:\/\/whysoseriousstore.com\/wp-content\/uploads\/2026\/03\/IMG_7592.jpg","width":1000,"height":1500},{"@type":"BreadcrumbList","@id":"https:\/\/whysoseriousstore.com\/t-shirt-boxy-stripes-red\/#breadcrumb","itemListElement":[{"@type":"ListItem","position":1,"name":"Strona g\u0142\u00f3wna","item":"https:\/\/whysoseriousstore.com\/"},{"@type":"ListItem","position":2,"name":"Sklep","item":"https:\/\/whysoseriousstore.com\/sklep\/"},{"@type":"ListItem","position":3,"name":"T-shirt Boxy Stripes Red"}]},{"@type":"WebSite","@id":"https:\/\/whysoseriousstore.com\/#website","url":"https:\/\/whysoseriousstore.com\/","name":"WHYSOSERIOUS store","description":"","potentialAction":[{"@type":"SearchAction","target":{"@type":"EntryPoint","urlTemplate":"https:\/\/whysoseriousstore.com\/?s={search_term_string}"},"query-input":{"@type":"PropertyValueSpecification","valueRequired":true,"valueName":"search_term_string"}}],"inLanguage":"en-GB"}]}},"_links":{"self":[{"href":"https:\/\/whysoseriousstore.com\/eng\/wp-json\/wp\/v2\/product\/27539","targetHints":{"allow":["GET"]}}],"collection":[{"href":"https:\/\/whysoseriousstore.com\/eng\/wp-json\/wp\/v2\/product"}],"about":[{"href":"https:\/\/whysoseriousstore.com\/eng\/wp-json\/wp\/v2\/types\/product"}],"wp:featuredmedia":[{"embeddable":true,"href":"https:\/\/whysoseriousstore.com\/eng\/wp-json\/wp\/v2\/media\/27597"}],"wp:attachment":[{"href":"https:\/\/whysoseriousstore.com\/eng\/wp-json\/wp\/v2\/media?parent=27539"}],"wp:term":[{"taxonomy":"product_brand","embeddable":true,"href":"https:\/\/whysoseriousstore.com\/eng\/wp-json\/wp\/v2\/product_brand?post=27539"},{"taxonomy":"product_cat","embeddable":true,"href":"https:\/\/whysoseriousstore.com\/eng\/wp-json\/wp\/v2\/product_cat?post=27539"},{"taxonomy":"product_tag","embeddable":true,"href":"https:\/\/whysoseriousstore.com\/eng\/wp-json\/wp\/v2\/product_tag?post=27539"}],"curies":[{"name":"wp","href":"https:\/\/api.w.org\/{rel}","templated":true}]}}