{"id":27544,"date":"2026-03-25T09:14:05","date_gmt":"2026-03-25T08:14:05","guid":{"rendered":"https:\/\/whysoseriousstore.com\/?post_type=product&#038;p=27544"},"modified":"2026-04-10T10:29:52","modified_gmt":"2026-04-10T08:29:52","slug":"czapka-coffee-first-zielona","status":"publish","type":"product","link":"https:\/\/whysoseriousstore.com\/eng\/czapka-coffee-first-zielona\/","title":{"rendered":"Coffee First Green Cap"},"content":{"rendered":"<p>Unisex baseball cap in green. Embroidered on the front of the cap <strong>Coffee First. <\/strong>\u00a0This green baseball cap with perfectly contrasting bright embroidery is an indispensable part of any outing, casual outfit or morning run. The bottle green colour of this cap is a reliable choice that harmonises with a variety of styles and is a great choice for any occasion.  Perfect for coffee with a friend, because as we all know, nothing works without morning coffee.<\/p>\n<p>Our 6-panel construction gives the cap an old-school look.<\/p>\n<p>Unisex model<br \/>\nONESIZE.<br \/>\nThe cap has an adjustable strap with buckle.<\/p>\n<p><strong>Manufactured in the EU<\/strong><\/p>\n<p>Also check out our <a href=\"https:\/\/whysoseriousstore.com\/eng\/bestsellers\/\">bestsellers<\/a>!<br \/>\nVisit us at <a href=\"https:\/\/www.instagram.com\/wss.whysoserious\/\">instagram<\/a>!<\/p>","protected":false},"excerpt":{"rendered":"<p>Czapka z daszkiem unisex w kolorze zielonym. Z przodu czapki haft Coffee First. \u00a0Ta zielona czapka z daszkiem z idealnie kontrastuj\u0105cym jasnym haftem to nieod\u0142\u0105czny element ka\u017cdego wyjazdu, lu\u017anego outfitu i porannego biegania. Butelkowy zielony kolor tej czapki to niezawodny wyb\u00f3r, kt\u00f3ry harmonizuje z r\u00f3\u017cnymi stylizacjami i jest wspania\u0142ym wyborem na ka\u017cd\u0105 okazj\u0119.\u00a0 Idealna na [&hellip;]<\/p>\n","protected":false},"featured_media":27590,"template":"","meta":[],"product_brand":[],"product_cat":[169,141,128,108,127],"product_tag":[],"class_list":{"0":"post-27544","1":"product","2":"type-product","3":"status-publish","4":"has-post-thumbnail","6":"product_cat-gift-guide","7":"product_cat-men","8":"product_cat-dodatki","9":"product_cat-new","10":"product_cat-wszystko","12":"first","13":"instock","14":"taxable","15":"shipping-taxable","16":"purchasable","17":"product-type-simple"},"bundled_by":[],"bundle_stock_status":"instock","bundle_stock_quantity":3,"bundle_virtual":false,"bundle_layout":"","bundle_add_to_cart_form_location":"","bundle_editable_in_cart":false,"bundle_sold_individually_context":"","bundle_item_grouping":"","bundle_min_size":"","bundle_max_size":"","bundle_price":[],"bundled_items":[],"bundle_sell_ids":[],"yoast_head":"<!-- This site is optimized with the Yoast SEO Premium plugin v20.0 (Yoast SEO v26.5) - https:\/\/yoast.com\/wordpress\/plugins\/seo\/ -->\n<title>Czapka Coffee First Zielona - WHYSOSERIOUS store<\/title>\n<meta name=\"description\" content=\"Zielona czapka z haftem Coffee First. Model o kroju unisex. Poznaj czapki i inne ubrania w stylu streatwear od Whysoserious.\" \/>\n<meta name=\"robots\" content=\"index, follow, max-snippet:-1, max-image-preview:large, max-video-preview:-1\" \/>\n<link rel=\"canonical\" href=\"https:\/\/whysoseriousstore.com\/eng\/czapka-coffee-first-zielona\/\" \/>\n<meta property=\"og:locale\" content=\"en_GB\" \/>\n<meta property=\"og:type\" content=\"article\" \/>\n<meta property=\"og:title\" content=\"Czapka Coffee First Zielona\" \/>\n<meta property=\"og:description\" content=\"Zielona czapka z haftem Coffee First. Model o kroju unisex. Poznaj czapki i inne ubrania w stylu streatwear od Whysoserious.\" \/>\n<meta property=\"og:url\" content=\"https:\/\/whysoseriousstore.com\/eng\/czapka-coffee-first-zielona\/\" \/>\n<meta property=\"og:site_name\" content=\"WHYSOSERIOUS store\" \/>\n<meta property=\"article:modified_time\" content=\"2026-04-10T08:29:52+00:00\" \/>\n<meta property=\"og:image\" content=\"https:\/\/whysoseriousstore.com\/wp-content\/uploads\/2026\/03\/Czapka-z-daszkiem-zielona-Coffee.jpg\" \/>\n\t<meta property=\"og:image:width\" content=\"1000\" \/>\n\t<meta property=\"og:image:height\" content=\"1500\" \/>\n\t<meta property=\"og:image:type\" content=\"image\/jpeg\" \/>\n<meta name=\"twitter:card\" content=\"summary_large_image\" \/>\n<meta name=\"twitter:label1\" content=\"Estimated reading time\" \/>\n\t<meta name=\"twitter:data1\" content=\"1 minute\" \/>\n<script type=\"application\/ld+json\" class=\"yoast-schema-graph\">{\"@context\":\"https:\/\/schema.org\",\"@graph\":[{\"@type\":\"WebPage\",\"@id\":\"https:\/\/whysoseriousstore.com\/czapka-coffee-first-zielona\/\",\"url\":\"https:\/\/whysoseriousstore.com\/czapka-coffee-first-zielona\/\",\"name\":\"Czapka Coffee First Zielona - WHYSOSERIOUS store\",\"isPartOf\":{\"@id\":\"https:\/\/whysoseriousstore.com\/#website\"},\"primaryImageOfPage\":{\"@id\":\"https:\/\/whysoseriousstore.com\/czapka-coffee-first-zielona\/#primaryimage\"},\"image\":{\"@id\":\"https:\/\/whysoseriousstore.com\/czapka-coffee-first-zielona\/#primaryimage\"},\"thumbnailUrl\":\"https:\/\/whysoseriousstore.com\/wp-content\/uploads\/2026\/03\/Czapka-z-daszkiem-zielona-Coffee.jpg\",\"datePublished\":\"2026-03-25T08:14:05+00:00\",\"dateModified\":\"2026-04-10T08:29:52+00:00\",\"description\":\"Zielona czapka z haftem Coffee First. Model o kroju unisex. Poznaj czapki i inne ubrania w stylu streatwear od Whysoserious.\",\"breadcrumb\":{\"@id\":\"https:\/\/whysoseriousstore.com\/czapka-coffee-first-zielona\/#breadcrumb\"},\"inLanguage\":\"en-GB\",\"potentialAction\":[{\"@type\":\"ReadAction\",\"target\":[\"https:\/\/whysoseriousstore.com\/czapka-coffee-first-zielona\/\"]}]},{\"@type\":\"ImageObject\",\"inLanguage\":\"en-GB\",\"@id\":\"https:\/\/whysoseriousstore.com\/czapka-coffee-first-zielona\/#primaryimage\",\"url\":\"https:\/\/whysoseriousstore.com\/wp-content\/uploads\/2026\/03\/Czapka-z-daszkiem-zielona-Coffee.jpg\",\"contentUrl\":\"https:\/\/whysoseriousstore.com\/wp-content\/uploads\/2026\/03\/Czapka-z-daszkiem-zielona-Coffee.jpg\",\"width\":1000,\"height\":1500},{\"@type\":\"BreadcrumbList\",\"@id\":\"https:\/\/whysoseriousstore.com\/czapka-coffee-first-zielona\/#breadcrumb\",\"itemListElement\":[{\"@type\":\"ListItem\",\"position\":1,\"name\":\"Strona g\u0142\u00f3wna\",\"item\":\"https:\/\/whysoseriousstore.com\/\"},{\"@type\":\"ListItem\",\"position\":2,\"name\":\"Sklep\",\"item\":\"https:\/\/whysoseriousstore.com\/sklep\/\"},{\"@type\":\"ListItem\",\"position\":3,\"name\":\"Czapka Coffee First Zielona\"}]},{\"@type\":\"WebSite\",\"@id\":\"https:\/\/whysoseriousstore.com\/#website\",\"url\":\"https:\/\/whysoseriousstore.com\/\",\"name\":\"WHYSOSERIOUS store\",\"description\":\"\",\"potentialAction\":[{\"@type\":\"SearchAction\",\"target\":{\"@type\":\"EntryPoint\",\"urlTemplate\":\"https:\/\/whysoseriousstore.com\/?s={search_term_string}\"},\"query-input\":{\"@type\":\"PropertyValueSpecification\",\"valueRequired\":true,\"valueName\":\"search_term_string\"}}],\"inLanguage\":\"en-GB\"}]}<\/script>\n<!-- \/ Yoast SEO Premium plugin. -->","yoast_head_json":{"title":"Czapka Coffee First Zielona - WHYSOSERIOUS store","description":"Zielona czapka z haftem Coffee First. Model o kroju unisex. Poznaj czapki i inne ubrania w stylu streatwear od Whysoserious.","robots":{"index":"index","follow":"follow","max-snippet":"max-snippet:-1","max-image-preview":"max-image-preview:large","max-video-preview":"max-video-preview:-1"},"canonical":"https:\/\/whysoseriousstore.com\/eng\/czapka-coffee-first-zielona\/","og_locale":"en_GB","og_type":"article","og_title":"Czapka Coffee First Zielona","og_description":"Zielona czapka z haftem Coffee First. Model o kroju unisex. Poznaj czapki i inne ubrania w stylu streatwear od Whysoserious.","og_url":"https:\/\/whysoseriousstore.com\/eng\/czapka-coffee-first-zielona\/","og_site_name":"WHYSOSERIOUS store","article_modified_time":"2026-04-10T08:29:52+00:00","og_image":[{"width":1000,"height":1500,"url":"https:\/\/whysoseriousstore.com\/wp-content\/uploads\/2026\/03\/Czapka-z-daszkiem-zielona-Coffee.jpg","type":"image\/jpeg"}],"twitter_card":"summary_large_image","twitter_misc":{"Estimated reading time":"1 minute"},"schema":{"@context":"https:\/\/schema.org","@graph":[{"@type":"WebPage","@id":"https:\/\/whysoseriousstore.com\/czapka-coffee-first-zielona\/","url":"https:\/\/whysoseriousstore.com\/czapka-coffee-first-zielona\/","name":"Czapka Coffee First Zielona - WHYSOSERIOUS store","isPartOf":{"@id":"https:\/\/whysoseriousstore.com\/#website"},"primaryImageOfPage":{"@id":"https:\/\/whysoseriousstore.com\/czapka-coffee-first-zielona\/#primaryimage"},"image":{"@id":"https:\/\/whysoseriousstore.com\/czapka-coffee-first-zielona\/#primaryimage"},"thumbnailUrl":"https:\/\/whysoseriousstore.com\/wp-content\/uploads\/2026\/03\/Czapka-z-daszkiem-zielona-Coffee.jpg","datePublished":"2026-03-25T08:14:05+00:00","dateModified":"2026-04-10T08:29:52+00:00","description":"Zielona czapka z haftem Coffee First. Model o kroju unisex. Poznaj czapki i inne ubrania w stylu streatwear od Whysoserious.","breadcrumb":{"@id":"https:\/\/whysoseriousstore.com\/czapka-coffee-first-zielona\/#breadcrumb"},"inLanguage":"en-GB","potentialAction":[{"@type":"ReadAction","target":["https:\/\/whysoseriousstore.com\/czapka-coffee-first-zielona\/"]}]},{"@type":"ImageObject","inLanguage":"en-GB","@id":"https:\/\/whysoseriousstore.com\/czapka-coffee-first-zielona\/#primaryimage","url":"https:\/\/whysoseriousstore.com\/wp-content\/uploads\/2026\/03\/Czapka-z-daszkiem-zielona-Coffee.jpg","contentUrl":"https:\/\/whysoseriousstore.com\/wp-content\/uploads\/2026\/03\/Czapka-z-daszkiem-zielona-Coffee.jpg","width":1000,"height":1500},{"@type":"BreadcrumbList","@id":"https:\/\/whysoseriousstore.com\/czapka-coffee-first-zielona\/#breadcrumb","itemListElement":[{"@type":"ListItem","position":1,"name":"Strona g\u0142\u00f3wna","item":"https:\/\/whysoseriousstore.com\/"},{"@type":"ListItem","position":2,"name":"Sklep","item":"https:\/\/whysoseriousstore.com\/sklep\/"},{"@type":"ListItem","position":3,"name":"Czapka Coffee First Zielona"}]},{"@type":"WebSite","@id":"https:\/\/whysoseriousstore.com\/#website","url":"https:\/\/whysoseriousstore.com\/","name":"WHYSOSERIOUS store","description":"","potentialAction":[{"@type":"SearchAction","target":{"@type":"EntryPoint","urlTemplate":"https:\/\/whysoseriousstore.com\/?s={search_term_string}"},"query-input":{"@type":"PropertyValueSpecification","valueRequired":true,"valueName":"search_term_string"}}],"inLanguage":"en-GB"}]}},"_links":{"self":[{"href":"https:\/\/whysoseriousstore.com\/eng\/wp-json\/wp\/v2\/product\/27544","targetHints":{"allow":["GET"]}}],"collection":[{"href":"https:\/\/whysoseriousstore.com\/eng\/wp-json\/wp\/v2\/product"}],"about":[{"href":"https:\/\/whysoseriousstore.com\/eng\/wp-json\/wp\/v2\/types\/product"}],"wp:featuredmedia":[{"embeddable":true,"href":"https:\/\/whysoseriousstore.com\/eng\/wp-json\/wp\/v2\/media\/27590"}],"wp:attachment":[{"href":"https:\/\/whysoseriousstore.com\/eng\/wp-json\/wp\/v2\/media?parent=27544"}],"wp:term":[{"taxonomy":"product_brand","embeddable":true,"href":"https:\/\/whysoseriousstore.com\/eng\/wp-json\/wp\/v2\/product_brand?post=27544"},{"taxonomy":"product_cat","embeddable":true,"href":"https:\/\/whysoseriousstore.com\/eng\/wp-json\/wp\/v2\/product_cat?post=27544"},{"taxonomy":"product_tag","embeddable":true,"href":"https:\/\/whysoseriousstore.com\/eng\/wp-json\/wp\/v2\/product_tag?post=27544"}],"curies":[{"name":"wp","href":"https:\/\/api.w.org\/{rel}","templated":true}]}}